{"id":7722,"date":"2022-11-07T08:47:46","date_gmt":"2022-11-07T07:47:46","guid":{"rendered":"https:\/\/seeer.internetsoft.tn\/?page_id=7722"},"modified":"2024-08-30T18:28:54","modified_gmt":"2024-08-30T16:28:54","slug":"products","status":"publish","type":"page","link":"https:\/\/www.seeer-tn.com\/en\/products\/","title":{"rendered":"Products"},"content":{"rendered":"<div class=\"wpb-content-wrapper\"><p>[vc_row][vc_column]<div class=\"woocommerce columns-4\">\n<div class=\"products elements-grid align-items-start wd-products-holder  wd-spacing-20 pagination-pagination row grid-columns-3\" data-source=\"main_loop\" data-min_price=\"\" data-max_price=\"\" data-columns=\"3\">\n<div class=\" col-md-4 col-6 first  category-grid-item cat-design-default categories-with-shadow product-category product first\" data-loop=\"1\">\n\t<div class=\"wrapp-category\">\n\t\t<div class=\"category-image-wrapp\">\n\t\t\t<a href=\"https:\/\/www.seeer-tn.com\/en\/categorie-produit\/insulating-papers\/\" class=\"category-image\">\n\t\t\t\t\n\t\t\t\t<img loading=\"lazy\" decoding=\"async\" src=\"https:\/\/www.seeer-tn.com\/wp-content\/uploads\/2024\/01\/Deflex-tr-1-430x430-1.jpg\" alt=\"Insulating papers\" width=\"430\" height=\"430\" \/>\t\t\t<\/a>\n\t\t<\/div>\n\t\t<div class=\"hover-mask\">\n\t\t\t<h3 class=\"wd-entities-title\">\n\t\t\t\tInsulating papers <mark class=\"count\">(9)<\/mark>\t\t\t<\/h3>\n\n\t\t\t\t\t\t\t<div class=\"more-products\"><a href=\"https:\/\/www.seeer-tn.com\/en\/categorie-produit\/insulating-papers\/\">9 products<\/a><\/div>\n\t\t\t\n\t\t\t\t\t<\/div>\n\n\t\t\t\t<a href=\"https:\/\/www.seeer-tn.com\/en\/categorie-produit\/insulating-papers\/\" class=\"category-link wd-fill\" aria-label=\"Product category insulating-papers\"><\/a>\n\t\t\t<\/div>\n<\/div><div class=\" col-md-4 col-6 category-grid-item cat-design-default categories-with-shadow product-category product\" data-loop=\"2\">\n\t<div class=\"wrapp-category\">\n\t\t<div class=\"category-image-wrapp\">\n\t\t\t<a href=\"https:\/\/www.seeer-tn.com\/en\/categorie-produit\/terminal-board\/\" class=\"category-image\">\n\t\t\t\t\n\t\t\t\t<img loading=\"lazy\" decoding=\"async\" src=\"https:\/\/www.seeer-tn.com\/wp-content\/uploads\/2022\/09\/Plaque-a-bornes-430x430.jpg\" alt=\"Terminal board\" width=\"430\" height=\"430\" \/>\t\t\t<\/a>\n\t\t<\/div>\n\t\t<div class=\"hover-mask\">\n\t\t\t<h3 class=\"wd-entities-title\">\n\t\t\t\tTerminal board <mark class=\"count\">(7)<\/mark>\t\t\t<\/h3>\n\n\t\t\t\t\t\t\t<div class=\"more-products\"><a href=\"https:\/\/www.seeer-tn.com\/en\/categorie-produit\/terminal-board\/\">7 products<\/a><\/div>\n\t\t\t\n\t\t\t\t\t<\/div>\n\n\t\t\t\t<a href=\"https:\/\/www.seeer-tn.com\/en\/categorie-produit\/terminal-board\/\" class=\"category-link wd-fill\" aria-label=\"Product category terminal-board\"><\/a>\n\t\t\t<\/div>\n<\/div><div class=\" col-md-4 col-6 last  category-grid-item cat-design-default categories-with-shadow product-category product\" data-loop=\"3\">\n\t<div class=\"wrapp-category\">\n\t\t<div class=\"category-image-wrapp\">\n\t\t\t<a href=\"https:\/\/www.seeer-tn.com\/en\/categorie-produit\/capacitor-cases\/\" class=\"category-image\">\n\t\t\t\t\n\t\t\t\t<img loading=\"lazy\" decoding=\"async\" src=\"https:\/\/www.seeer-tn.com\/wp-content\/uploads\/2022\/10\/Portes-condensateurs-G4-430x430.jpg\" alt=\"Capacitor cases\" width=\"430\" height=\"430\" \/>\t\t\t<\/a>\n\t\t<\/div>\n\t\t<div class=\"hover-mask\">\n\t\t\t<h3 class=\"wd-entities-title\">\n\t\t\t\tCapacitor cases <mark class=\"count\">(4)<\/mark>\t\t\t<\/h3>\n\n\t\t\t\t\t\t\t<div class=\"more-products\"><a href=\"https:\/\/www.seeer-tn.com\/en\/categorie-produit\/capacitor-cases\/\">4 products<\/a><\/div>\n\t\t\t\n\t\t\t\t\t<\/div>\n\n\t\t\t\t<a href=\"https:\/\/www.seeer-tn.com\/en\/categorie-produit\/capacitor-cases\/\" class=\"category-link wd-fill\" aria-label=\"Product category capacitor-cases\"><\/a>\n\t\t\t<\/div>\n<\/div><div class=\" col-md-4 col-6 first  category-grid-item cat-design-default categories-with-shadow product-category product last\" data-loop=\"4\">\n\t<div class=\"wrapp-category\">\n\t\t<div class=\"category-image-wrapp\">\n\t\t\t<a href=\"https:\/\/www.seeer-tn.com\/en\/categorie-produit\/fans\/\" class=\"category-image\">\n\t\t\t\t\n\t\t\t\t<img loading=\"lazy\" decoding=\"async\" src=\"https:\/\/www.seeer-tn.com\/wp-content\/uploads\/2022\/10\/VVP-430x430.jpg\" alt=\"Fans\" width=\"430\" height=\"430\" \/>\t\t\t<\/a>\n\t\t<\/div>\n\t\t<div class=\"hover-mask\">\n\t\t\t<h3 class=\"wd-entities-title\">\n\t\t\t\tFans <mark class=\"count\">(5)<\/mark>\t\t\t<\/h3>\n\n\t\t\t\t\t\t\t<div class=\"more-products\"><a href=\"https:\/\/www.seeer-tn.com\/en\/categorie-produit\/fans\/\">5 products<\/a><\/div>\n\t\t\t\n\t\t\t\t\t<\/div>\n\n\t\t\t\t<a href=\"https:\/\/www.seeer-tn.com\/en\/categorie-produit\/fans\/\" class=\"category-link wd-fill\" aria-label=\"Product category fans\"><\/a>\n\t\t\t<\/div>\n<\/div><div class=\" col-md-4 col-6 category-grid-item cat-design-default categories-with-shadow product-category product first\" data-loop=\"5\">\n\t<div class=\"wrapp-category\">\n\t\t<div class=\"category-image-wrapp\">\n\t\t\t<a href=\"https:\/\/www.seeer-tn.com\/en\/categorie-produit\/accessories\/\" class=\"category-image\">\n\t\t\t\t\n\t\t\t\t<img loading=\"lazy\" decoding=\"async\" src=\"https:\/\/www.seeer-tn.com\/wp-content\/uploads\/2024\/01\/compte-tours-430x430-1.jpg\" alt=\"Accessories\" width=\"430\" height=\"430\" \/>\t\t\t<\/a>\n\t\t<\/div>\n\t\t<div class=\"hover-mask\">\n\t\t\t<h3 class=\"wd-entities-title\">\n\t\t\t\tAccessories <mark class=\"count\">(4)<\/mark>\t\t\t<\/h3>\n\n\t\t\t\t\t\t\t<div class=\"more-products\"><a href=\"https:\/\/www.seeer-tn.com\/en\/categorie-produit\/accessories\/\">4 products<\/a><\/div>\n\t\t\t\n\t\t\t\t\t<\/div>\n\n\t\t\t\t<a href=\"https:\/\/www.seeer-tn.com\/en\/categorie-produit\/accessories\/\" class=\"category-link wd-fill\" aria-label=\"Product category accessories\"><\/a>\n\t\t\t<\/div>\n<\/div><div class=\" col-md-4 col-6 last  category-grid-item cat-design-default categories-with-shadow product-category product\" data-loop=\"6\">\n\t<div class=\"wrapp-category\">\n\t\t<div class=\"category-image-wrapp\">\n\t\t\t<a href=\"https:\/\/www.seeer-tn.com\/en\/categorie-produit\/insulating-varnishes\/\" class=\"category-image\">\n\t\t\t\t\n\t\t\t\t<img loading=\"lazy\" decoding=\"async\" src=\"https:\/\/www.seeer-tn.com\/wp-content\/uploads\/2024\/01\/venis-430x430.jpg\" alt=\"Insulating varnishes\" width=\"430\" height=\"430\" \/>\t\t\t<\/a>\n\t\t<\/div>\n\t\t<div class=\"hover-mask\">\n\t\t\t<h3 class=\"wd-entities-title\">\n\t\t\t\tInsulating varnishes <mark class=\"count\">(3)<\/mark>\t\t\t<\/h3>\n\n\t\t\t\t\t\t\t<div class=\"more-products\"><a href=\"https:\/\/www.seeer-tn.com\/en\/categorie-produit\/insulating-varnishes\/\">3 products<\/a><\/div>\n\t\t\t\n\t\t\t\t\t<\/div>\n\n\t\t\t\t<a href=\"https:\/\/www.seeer-tn.com\/en\/categorie-produit\/insulating-varnishes\/\" class=\"category-link wd-fill\" aria-label=\"Product category insulating-varnishes\"><\/a>\n\t\t\t<\/div>\n<\/div><div class=\" col-md-4 col-6 first  category-grid-item cat-design-default categories-with-shadow product-category product\" data-loop=\"7\">\n\t<div class=\"wrapp-category\">\n\t\t<div class=\"category-image-wrapp\">\n\t\t\t<a href=\"https:\/\/www.seeer-tn.com\/en\/categorie-produit\/terminal-board-covers\/\" class=\"category-image\">\n\t\t\t\t\n\t\t\t\t<img loading=\"lazy\" decoding=\"async\" src=\"https:\/\/www.seeer-tn.com\/wp-content\/uploads\/2022\/10\/cpvps-430x430.jpg\" alt=\"Terminal board covers\" width=\"430\" height=\"430\" \/>\t\t\t<\/a>\n\t\t<\/div>\n\t\t<div class=\"hover-mask\">\n\t\t\t<h3 class=\"wd-entities-title\">\n\t\t\t\tTerminal board covers <mark class=\"count\">(6)<\/mark>\t\t\t<\/h3>\n\n\t\t\t\t\t\t\t<div class=\"more-products\"><a href=\"https:\/\/www.seeer-tn.com\/en\/categorie-produit\/terminal-board-covers\/\">6 products<\/a><\/div>\n\t\t\t\n\t\t\t\t\t<\/div>\n\n\t\t\t\t<a href=\"https:\/\/www.seeer-tn.com\/en\/categorie-produit\/terminal-board-covers\/\" class=\"category-link wd-fill\" aria-label=\"Product category terminal-board-covers\"><\/a>\n\t\t\t<\/div>\n<\/div><div class=\" col-md-4 col-6 category-grid-item cat-design-default categories-with-shadow product-category product last\" data-loop=\"8\">\n\t<div class=\"wrapp-category\">\n\t\t<div class=\"category-image-wrapp\">\n\t\t\t<a href=\"https:\/\/www.seeer-tn.com\/en\/categorie-produit\/diffusers\/\" class=\"category-image\">\n\t\t\t\t\n\t\t\t\t<img loading=\"lazy\" decoding=\"async\" src=\"https:\/\/www.seeer-tn.com\/wp-content\/uploads\/2024\/03\/Diffuseur-simple-255-430x430.jpg\" alt=\"Diffusers\" width=\"430\" height=\"430\" \/>\t\t\t<\/a>\n\t\t<\/div>\n\t\t<div class=\"hover-mask\">\n\t\t\t<h3 class=\"wd-entities-title\">\n\t\t\t\tDiffusers <mark class=\"count\">(13)<\/mark>\t\t\t<\/h3>\n\n\t\t\t\t\t\t\t<div class=\"more-products\"><a href=\"https:\/\/www.seeer-tn.com\/en\/categorie-produit\/diffusers\/\">13 products<\/a><\/div>\n\t\t\t\n\t\t\t\t\t<\/div>\n\n\t\t\t\t<a href=\"https:\/\/www.seeer-tn.com\/en\/categorie-produit\/diffusers\/\" class=\"category-link wd-fill\" aria-label=\"Product category diffusers\"><\/a>\n\t\t\t<\/div>\n<\/div><div class=\" col-md-4 col-6 last  category-grid-item cat-design-default categories-with-shadow product-category product first\" data-loop=\"9\">\n\t<div class=\"wrapp-category\">\n\t\t<div class=\"category-image-wrapp\">\n\t\t\t<a href=\"https:\/\/www.seeer-tn.com\/en\/categorie-produit\/fancover\/\" class=\"category-image\">\n\t\t\t\t\n\t\t\t\t<img loading=\"lazy\" decoding=\"async\" src=\"https:\/\/www.seeer-tn.com\/wp-content\/uploads\/2024\/01\/DSC01914-430x430-1.jpg\" alt=\"Fancover\" width=\"430\" height=\"430\" \/>\t\t\t<\/a>\n\t\t<\/div>\n\t\t<div class=\"hover-mask\">\n\t\t\t<h3 class=\"wd-entities-title\">\n\t\t\t\tFancover <mark class=\"count\">(5)<\/mark>\t\t\t<\/h3>\n\n\t\t\t\t\t\t\t<div class=\"more-products\"><a href=\"https:\/\/www.seeer-tn.com\/en\/categorie-produit\/fancover\/\">5 products<\/a><\/div>\n\t\t\t\n\t\t\t\t\t<\/div>\n\n\t\t\t\t<a href=\"https:\/\/www.seeer-tn.com\/en\/categorie-produit\/fancover\/\" class=\"category-link wd-fill\" aria-label=\"Product category fancover\"><\/a>\n\t\t\t<\/div>\n<\/div><div class=\" col-md-4 col-6 first  category-grid-item cat-design-default categories-with-shadow product-category product\" data-loop=\"10\">\n\t<div class=\"wrapp-category\">\n\t\t<div class=\"category-image-wrapp\">\n\t\t\t<a href=\"https:\/\/www.seeer-tn.com\/en\/categorie-produit\/slot-wedges\/\" class=\"category-image\">\n\t\t\t\t\n\t\t\t\t<img loading=\"lazy\" decoding=\"async\" src=\"https:\/\/www.seeer-tn.com\/wp-content\/uploads\/2024\/01\/4-430x430-1.jpg\" alt=\"Slot wedges\" width=\"430\" height=\"430\" \/>\t\t\t<\/a>\n\t\t<\/div>\n\t\t<div class=\"hover-mask\">\n\t\t\t<h3 class=\"wd-entities-title\">\n\t\t\t\tSlot wedges <mark class=\"count\">(3)<\/mark>\t\t\t<\/h3>\n\n\t\t\t\t\t\t\t<div class=\"more-products\"><a href=\"https:\/\/www.seeer-tn.com\/en\/categorie-produit\/slot-wedges\/\">3 products<\/a><\/div>\n\t\t\t\n\t\t\t\t\t<\/div>\n\n\t\t\t\t<a href=\"https:\/\/www.seeer-tn.com\/en\/categorie-produit\/slot-wedges\/\" class=\"category-link wd-fill\" aria-label=\"Product category slot-wedges\"><\/a>\n\t\t\t<\/div>\n<\/div><div class=\" col-md-4 col-6 category-grid-item cat-design-default categories-with-shadow product-category product\" data-loop=\"11\">\n\t<div class=\"wrapp-category\">\n\t\t<div class=\"category-image-wrapp\">\n\t\t\t<a href=\"https:\/\/www.seeer-tn.com\/en\/categorie-produit\/motor-capacitors\/\" class=\"category-image\">\n\t\t\t\t\n\t\t\t\t<img loading=\"lazy\" decoding=\"async\" src=\"https:\/\/www.seeer-tn.com\/wp-content\/uploads\/2024\/01\/2.jpg\" alt=\"Motor Capacitors\" width=\"430\" height=\"430\" \/>\t\t\t<\/a>\n\t\t<\/div>\n\t\t<div class=\"hover-mask\">\n\t\t\t<h3 class=\"wd-entities-title\">\n\t\t\t\tMotor Capacitors <mark class=\"count\">(3)<\/mark>\t\t\t<\/h3>\n\n\t\t\t\t\t\t\t<div class=\"more-products\"><a href=\"https:\/\/www.seeer-tn.com\/en\/categorie-produit\/motor-capacitors\/\">3 products<\/a><\/div>\n\t\t\t\n\t\t\t\t\t<\/div>\n\n\t\t\t\t<a href=\"https:\/\/www.seeer-tn.com\/en\/categorie-produit\/motor-capacitors\/\" class=\"category-link wd-fill\" aria-label=\"Product category motor-capacitors\"><\/a>\n\t\t\t<\/div>\n<\/div><div class=\" col-md-4 col-6 last  category-grid-item cat-design-default categories-with-shadow product-category product last\" data-loop=\"12\">\n\t<div class=\"wrapp-category\">\n\t\t<div class=\"category-image-wrapp\">\n\t\t\t<a href=\"https:\/\/www.seeer-tn.com\/en\/categorie-produit\/high-temperature-cable\/\" class=\"category-image\">\n\t\t\t\t\n\t\t\t\t<img loading=\"lazy\" decoding=\"async\" src=\"https:\/\/www.seeer-tn.com\/wp-content\/uploads\/2024\/01\/cht-1-430x430-1.jpg\" alt=\"High temperature cable\" width=\"430\" height=\"430\" \/>\t\t\t<\/a>\n\t\t<\/div>\n\t\t<div class=\"hover-mask\">\n\t\t\t<h3 class=\"wd-entities-title\">\n\t\t\t\tHigh temperature cable <mark class=\"count\">(2)<\/mark>\t\t\t<\/h3>\n\n\t\t\t\t\t\t\t<div class=\"more-products\"><a href=\"https:\/\/www.seeer-tn.com\/en\/categorie-produit\/high-temperature-cable\/\">2 products<\/a><\/div>\n\t\t\t\n\t\t\t\t\t<\/div>\n\n\t\t\t\t<a href=\"https:\/\/www.seeer-tn.com\/en\/categorie-produit\/high-temperature-cable\/\" class=\"category-link wd-fill\" aria-label=\"Product category high-temperature-cable\"><\/a>\n\t\t\t<\/div>\n<\/div><div class=\" col-md-4 col-6 first  category-grid-item cat-design-default categories-with-shadow product-category product first\" data-loop=\"13\">\n\t<div class=\"wrapp-category\">\n\t\t<div class=\"category-image-wrapp\">\n\t\t\t<a href=\"https:\/\/www.seeer-tn.com\/en\/categorie-produit\/impellers\/\" class=\"category-image\">\n\t\t\t\t\n\t\t\t\t<img loading=\"lazy\" decoding=\"async\" src=\"https:\/\/www.seeer-tn.com\/wp-content\/uploads\/2024\/03\/Conique-130_130-H6-EP-430x430.jpg\" alt=\"Impellers\" width=\"430\" height=\"430\" \/>\t\t\t<\/a>\n\t\t<\/div>\n\t\t<div class=\"hover-mask\">\n\t\t\t<h3 class=\"wd-entities-title\">\n\t\t\t\tImpellers <mark class=\"count\">(7)<\/mark>\t\t\t<\/h3>\n\n\t\t\t\t\t\t\t<div class=\"more-products\"><a href=\"https:\/\/www.seeer-tn.com\/en\/categorie-produit\/impellers\/\">7 products<\/a><\/div>\n\t\t\t\n\t\t\t\t\t<\/div>\n\n\t\t\t\t<a href=\"https:\/\/www.seeer-tn.com\/en\/categorie-produit\/impellers\/\" class=\"category-link wd-fill\" aria-label=\"Product category impellers\"><\/a>\n\t\t\t<\/div>\n<\/div><div class=\" col-md-4 col-6 category-grid-item cat-design-default categories-with-shadow product-category product\" data-loop=\"14\">\n\t<div class=\"wrapp-category\">\n\t\t<div class=\"category-image-wrapp\">\n\t\t\t<a href=\"https:\/\/www.seeer-tn.com\/en\/categorie-produit\/tin\/\" class=\"category-image\">\n\t\t\t\t\n\t\t\t\t<img loading=\"lazy\" decoding=\"async\" src=\"https:\/\/www.seeer-tn.com\/wp-content\/uploads\/2024\/01\/EATIN-60\ufffd-1MM-250-430x430-1.jpg\" alt=\"Tin\" width=\"430\" height=\"430\" \/>\t\t\t<\/a>\n\t\t<\/div>\n\t\t<div class=\"hover-mask\">\n\t\t\t<h3 class=\"wd-entities-title\">\n\t\t\t\tTin <mark class=\"count\">(5)<\/mark>\t\t\t<\/h3>\n\n\t\t\t\t\t\t\t<div class=\"more-products\"><a href=\"https:\/\/www.seeer-tn.com\/en\/categorie-produit\/tin\/\">5 products<\/a><\/div>\n\t\t\t\n\t\t\t\t\t<\/div>\n\n\t\t\t\t<a href=\"https:\/\/www.seeer-tn.com\/en\/categorie-produit\/tin\/\" class=\"category-link wd-fill\" aria-label=\"Product category tin\"><\/a>\n\t\t\t<\/div>\n<\/div><div class=\" col-md-4 col-6 last  category-grid-item cat-design-default categories-with-shadow product-category product\" data-loop=\"15\">\n\t<div class=\"wrapp-category\">\n\t\t<div class=\"category-image-wrapp\">\n\t\t\t<a href=\"https:\/\/www.seeer-tn.com\/en\/categorie-produit\/strings-ribbons\/\" class=\"category-image\">\n\t\t\t\t\n\t\t\t\t<img loading=\"lazy\" decoding=\"async\" src=\"https:\/\/www.seeer-tn.com\/wp-content\/uploads\/2024\/01\/1.jpg\" alt=\"Strings &amp; Ribbons\" width=\"430\" height=\"430\" \/>\t\t\t<\/a>\n\t\t<\/div>\n\t\t<div class=\"hover-mask\">\n\t\t\t<h3 class=\"wd-entities-title\">\n\t\t\t\tStrings &amp; Ribbons <mark class=\"count\">(6)<\/mark>\t\t\t<\/h3>\n\n\t\t\t\t\t\t\t<div class=\"more-products\"><a href=\"https:\/\/www.seeer-tn.com\/en\/categorie-produit\/strings-ribbons\/\">6 products<\/a><\/div>\n\t\t\t\n\t\t\t\t\t<\/div>\n\n\t\t\t\t<a href=\"https:\/\/www.seeer-tn.com\/en\/categorie-produit\/strings-ribbons\/\" class=\"category-link wd-fill\" aria-label=\"Product category strings-ribbons\"><\/a>\n\t\t\t<\/div>\n<\/div><div class=\" col-md-4 col-6 first  category-grid-item cat-design-default categories-with-shadow product-category product last\" data-loop=\"16\">\n\t<div class=\"wrapp-category\">\n\t\t<div class=\"category-image-wrapp\">\n\t\t\t<a href=\"https:\/\/www.seeer-tn.com\/en\/categorie-produit\/enameled-wire\/\" class=\"category-image\">\n\t\t\t\t\n\t\t\t\t<img loading=\"lazy\" decoding=\"async\" src=\"https:\/\/www.seeer-tn.com\/wp-content\/uploads\/2024\/01\/FIL-H-et-F-2-430x430-1.jpg\" alt=\"Enameled wire\" width=\"430\" height=\"430\" \/>\t\t\t<\/a>\n\t\t<\/div>\n\t\t<div class=\"hover-mask\">\n\t\t\t<h3 class=\"wd-entities-title\">\n\t\t\t\tEnameled wire <mark class=\"count\">(5)<\/mark>\t\t\t<\/h3>\n\n\t\t\t\t\t\t\t<div class=\"more-products\"><a href=\"https:\/\/www.seeer-tn.com\/en\/categorie-produit\/enameled-wire\/\">5 products<\/a><\/div>\n\t\t\t\n\t\t\t\t\t<\/div>\n\n\t\t\t\t<a href=\"https:\/\/www.seeer-tn.com\/en\/categorie-produit\/enameled-wire\/\" class=\"category-link wd-fill\" aria-label=\"Product category enameled-wire\"><\/a>\n\t\t\t<\/div>\n<\/div><div class=\" col-md-4 col-6 category-grid-item cat-design-default categories-with-shadow product-category product first\" data-loop=\"17\">\n\t<div class=\"wrapp-category\">\n\t\t<div class=\"category-image-wrapp\">\n\t\t\t<a href=\"https:\/\/www.seeer-tn.com\/en\/categorie-produit\/insulating-sleeving\/\" class=\"category-image\">\n\t\t\t\t\n\t\t\t\t<img loading=\"lazy\" decoding=\"async\" src=\"https:\/\/www.seeer-tn.com\/wp-content\/uploads\/2024\/01\/Silicone-430x430-1.jpg\" alt=\"Insulating sleeving\" width=\"430\" height=\"430\" \/>\t\t\t<\/a>\n\t\t<\/div>\n\t\t<div class=\"hover-mask\">\n\t\t\t<h3 class=\"wd-entities-title\">\n\t\t\t\tInsulating sleeving <mark class=\"count\">(3)<\/mark>\t\t\t<\/h3>\n\n\t\t\t\t\t\t\t<div class=\"more-products\"><a href=\"https:\/\/www.seeer-tn.com\/en\/categorie-produit\/insulating-sleeving\/\">3 products<\/a><\/div>\n\t\t\t\n\t\t\t\t\t<\/div>\n\n\t\t\t\t<a href=\"https:\/\/www.seeer-tn.com\/en\/categorie-produit\/insulating-sleeving\/\" class=\"category-link wd-fill\" aria-label=\"Product category insulating-sleeving\"><\/a>\n\t\t\t<\/div>\n<\/div><div class=\" col-md-4 col-6 last  category-grid-item cat-design-default categories-with-shadow product-category product\" data-loop=\"18\">\n\t<div class=\"wrapp-category\">\n\t\t<div class=\"category-image-wrapp\">\n\t\t\t<a href=\"https:\/\/www.seeer-tn.com\/en\/categorie-produit\/mechanical-seal\/\" class=\"category-image\">\n\t\t\t\t\n\t\t\t\t<img loading=\"lazy\" decoding=\"async\" src=\"https:\/\/www.seeer-tn.com\/wp-content\/uploads\/2022\/10\/p70-1-430x430.jpg\" alt=\"Mechanical seal\" width=\"430\" height=\"430\" \/>\t\t\t<\/a>\n\t\t<\/div>\n\t\t<div class=\"hover-mask\">\n\t\t\t<h3 class=\"wd-entities-title\">\n\t\t\t\tMechanical seal <mark class=\"count\">(22)<\/mark>\t\t\t<\/h3>\n\n\t\t\t\t\t\t\t<div class=\"more-products\"><a href=\"https:\/\/www.seeer-tn.com\/en\/categorie-produit\/mechanical-seal\/\">22 products<\/a><\/div>\n\t\t\t\n\t\t\t\t\t<\/div>\n\n\t\t\t\t<a href=\"https:\/\/www.seeer-tn.com\/en\/categorie-produit\/mechanical-seal\/\" class=\"category-link wd-fill\" aria-label=\"Product category mechanical-seal\"><\/a>\n\t\t\t<\/div>\n<\/div><\/div><\/div>[\/vc_column][\/vc_row]<\/p>\n<\/div>","protected":false},"excerpt":{"rendered":"<p>[vc_row][vc_column][\/vc_column][\/vc_row]<\/p>\n","protected":false},"author":1,"featured_media":0,"parent":0,"menu_order":0,"comment_status":"closed","ping_status":"closed","template":"","meta":{"footnotes":""},"class_list":["post-7722","page","type-page","status-publish","hentry"],"acf":[],"yoast_head":"<!-- This site is optimized with the Yoast SEO plugin v23.3 - https:\/\/yoast.com\/wordpress\/plugins\/seo\/ -->\n<title>SEEER Tunisia | Quality equipment &amp; accessories<\/title>\n<meta name=\"description\" content=\"Browse our selection of SEEER Tunisia products. We supply quality equipment and accessories for your industrial and energy needs.\" \/>\n<meta name=\"robots\" content=\"index, follow, max-snippet:-1, max-image-preview:large, max-video-preview:-1\" \/>\n<link rel=\"canonical\" href=\"https:\/\/www.seeer-tn.com\/en\/products\/\" \/>\n<meta property=\"og:locale\" content=\"en_US\" \/>\n<meta property=\"og:type\" content=\"article\" \/>\n<meta property=\"og:title\" content=\"SEEER Tunisia | Quality equipment &amp; accessories\" \/>\n<meta property=\"og:description\" content=\"Browse our selection of SEEER Tunisia products. We supply quality equipment and accessories for your industrial and energy needs.\" \/>\n<meta property=\"og:url\" content=\"https:\/\/www.seeer-tn.com\/en\/products\/\" \/>\n<meta property=\"og:site_name\" content=\"SEEER\" \/>\n<meta property=\"article:modified_time\" content=\"2024-08-30T16:28:54+00:00\" \/>\n<meta name=\"twitter:card\" content=\"summary_large_image\" \/>\n<meta name=\"twitter:label1\" content=\"Est. reading time\" \/>\n\t<meta name=\"twitter:data1\" content=\"1 minute\" \/>\n<script type=\"application\/ld+json\" class=\"yoast-schema-graph\">{\"@context\":\"https:\/\/schema.org\",\"@graph\":[{\"@type\":\"WebPage\",\"@id\":\"https:\/\/www.seeer-tn.com\/en\/products\/\",\"url\":\"https:\/\/www.seeer-tn.com\/en\/products\/\",\"name\":\"SEEER Tunisia | Quality equipment & accessories\",\"isPartOf\":{\"@id\":\"https:\/\/www.seeer-tn.com\/#website\"},\"datePublished\":\"2022-11-07T07:47:46+00:00\",\"dateModified\":\"2024-08-30T16:28:54+00:00\",\"description\":\"Browse our selection of SEEER Tunisia products. We supply quality equipment and accessories for your industrial and energy needs.\",\"breadcrumb\":{\"@id\":\"https:\/\/www.seeer-tn.com\/en\/products\/#breadcrumb\"},\"inLanguage\":\"en-US\",\"potentialAction\":[{\"@type\":\"ReadAction\",\"target\":[\"https:\/\/www.seeer-tn.com\/en\/products\/\"]}]},{\"@type\":\"BreadcrumbList\",\"@id\":\"https:\/\/www.seeer-tn.com\/en\/products\/#breadcrumb\",\"itemListElement\":[{\"@type\":\"ListItem\",\"position\":1,\"name\":\"Accueil\",\"item\":\"https:\/\/www.seeer-tn.com\/en\/\"},{\"@type\":\"ListItem\",\"position\":2,\"name\":\"Products\"}]},{\"@type\":\"WebSite\",\"@id\":\"https:\/\/www.seeer-tn.com\/#website\",\"url\":\"https:\/\/www.seeer-tn.com\/\",\"name\":\"SEEER\",\"description\":\"Soci\u00e9t\u00e9 d\u2019\u00e9quipement \u00e9lectrique \u00e9lectronique &amp; de Rebobinage\",\"potentialAction\":[{\"@type\":\"SearchAction\",\"target\":{\"@type\":\"EntryPoint\",\"urlTemplate\":\"https:\/\/www.seeer-tn.com\/?s={search_term_string}\"},\"query-input\":\"required name=search_term_string\"}],\"inLanguage\":\"en-US\"}]}<\/script>\n<!-- \/ Yoast SEO plugin. -->","yoast_head_json":{"title":"SEEER Tunisia | Quality equipment & accessories","description":"Browse our selection of SEEER Tunisia products. We supply quality equipment and accessories for your industrial and energy needs.","robots":{"index":"index","follow":"follow","max-snippet":"max-snippet:-1","max-image-preview":"max-image-preview:large","max-video-preview":"max-video-preview:-1"},"canonical":"https:\/\/www.seeer-tn.com\/en\/products\/","og_locale":"en_US","og_type":"article","og_title":"SEEER Tunisia | Quality equipment & accessories","og_description":"Browse our selection of SEEER Tunisia products. We supply quality equipment and accessories for your industrial and energy needs.","og_url":"https:\/\/www.seeer-tn.com\/en\/products\/","og_site_name":"SEEER","article_modified_time":"2024-08-30T16:28:54+00:00","twitter_card":"summary_large_image","twitter_misc":{"Est. reading time":"1 minute"},"schema":{"@context":"https:\/\/schema.org","@graph":[{"@type":"WebPage","@id":"https:\/\/www.seeer-tn.com\/en\/products\/","url":"https:\/\/www.seeer-tn.com\/en\/products\/","name":"SEEER Tunisia | Quality equipment & accessories","isPartOf":{"@id":"https:\/\/www.seeer-tn.com\/#website"},"datePublished":"2022-11-07T07:47:46+00:00","dateModified":"2024-08-30T16:28:54+00:00","description":"Browse our selection of SEEER Tunisia products. We supply quality equipment and accessories for your industrial and energy needs.","breadcrumb":{"@id":"https:\/\/www.seeer-tn.com\/en\/products\/#breadcrumb"},"inLanguage":"en-US","potentialAction":[{"@type":"ReadAction","target":["https:\/\/www.seeer-tn.com\/en\/products\/"]}]},{"@type":"BreadcrumbList","@id":"https:\/\/www.seeer-tn.com\/en\/products\/#breadcrumb","itemListElement":[{"@type":"ListItem","position":1,"name":"Accueil","item":"https:\/\/www.seeer-tn.com\/en\/"},{"@type":"ListItem","position":2,"name":"Products"}]},{"@type":"WebSite","@id":"https:\/\/www.seeer-tn.com\/#website","url":"https:\/\/www.seeer-tn.com\/","name":"SEEER","description":"Soci\u00e9t\u00e9 d\u2019\u00e9quipement \u00e9lectrique \u00e9lectronique &amp; de Rebobinage","potentialAction":[{"@type":"SearchAction","target":{"@type":"EntryPoint","urlTemplate":"https:\/\/www.seeer-tn.com\/?s={search_term_string}"},"query-input":"required name=search_term_string"}],"inLanguage":"en-US"}]}},"_links":{"self":[{"href":"https:\/\/www.seeer-tn.com\/en\/wp-json\/wp\/v2\/pages\/7722","targetHints":{"allow":["GET"]}}],"collection":[{"href":"https:\/\/www.seeer-tn.com\/en\/wp-json\/wp\/v2\/pages"}],"about":[{"href":"https:\/\/www.seeer-tn.com\/en\/wp-json\/wp\/v2\/types\/page"}],"author":[{"embeddable":true,"href":"https:\/\/www.seeer-tn.com\/en\/wp-json\/wp\/v2\/users\/1"}],"replies":[{"embeddable":true,"href":"https:\/\/www.seeer-tn.com\/en\/wp-json\/wp\/v2\/comments?post=7722"}],"version-history":[{"count":3,"href":"https:\/\/www.seeer-tn.com\/en\/wp-json\/wp\/v2\/pages\/7722\/revisions"}],"predecessor-version":[{"id":15343,"href":"https:\/\/www.seeer-tn.com\/en\/wp-json\/wp\/v2\/pages\/7722\/revisions\/15343"}],"wp:attachment":[{"href":"https:\/\/www.seeer-tn.com\/en\/wp-json\/wp\/v2\/media?parent=7722"}],"curies":[{"name":"wp","href":"https:\/\/api.w.org\/{rel}","templated":true}]}}