{"id":13486,"date":"2022-09-19T10:13:20","date_gmt":"2022-09-19T08:13:20","guid":{"rendered":"https:\/\/www.seeer-tn.com\/?post_type=product&#038;p=13486"},"modified":"2024-09-20T13:47:05","modified_gmt":"2024-09-20T11:47:05","slug":"fan-cover-cvp","status":"publish","type":"product","link":"https:\/\/www.seeer-tn.com\/en\/produit\/fan-cover-cvp\/","title":{"rendered":"Fan cover CVP"},"content":{"rendered":"<div class=\"wpb-content-wrapper\"><p>[vc_row][vc_column][vc_column_text woodmart_inline=&#8221;no&#8221; text_larger=&#8221;no&#8221;]<a href=\"https:\/\/www.seeer-tn.com\/wp-content\/uploads\/2024\/01\/CVP_compressed.pdf\" target=\"_blank\" rel=\"noopener\"><img loading=\"lazy\" decoding=\"async\" class=\"alignnone wp-image-7324\" src=\"https:\/\/www.seeer-tn.com\/wp-content\/uploads\/2022\/10\/PDF_file_icon.jpg\" alt=\"\" width=\"46\" height=\"57\" \/> Download PDF file<\/a>[\/vc_column_text][\/vc_column][\/vc_row]<\/p>\n<\/div>","protected":false},"excerpt":{"rendered":"<table dir=\"ltr\" border=\"1\" cellspacing=\"0\" cellpadding=\"0\">\n<colgroup>\n<col width=\"74\" \/>\n<col width=\"74\" \/>\n<col width=\"74\" \/>\n<col width=\"74\" \/>\n<col width=\"74\" \/>\n<col width=\"74\" \/>\n<col width=\"74\" \/><\/colgroup>\n<tbody>\n<tr style=\"background-color: #fefefe;height:57px;\">\n<td data-sheets-value=\"{&quot;1&quot;:2,&quot;2&quot;:&quot;Mod\u00e8le&quot;}\"><strong><span style=\"color: #007bc4;\">Model<\/span><\/strong><\/td>\n<td data-sheets-value=\"{&quot;1&quot;:2,&quot;2&quot;:&quot;A&quot;}\"><strong><span style=\"color: #007bc4;\">A<\/span><\/strong><\/td>\n<td data-sheets-value=\"{&quot;1&quot;:2,&quot;2&quot;:&quot;B&quot;}\"><strong><span style=\"color: #007bc4;\">B<\/span><\/strong><\/td>\n<td data-sheets-value=\"{&quot;1&quot;:2,&quot;2&quot;:&quot;C&quot;}\"><strong><span style=\"color: #007bc4;\">C<\/span><\/strong><\/td>\n<td data-sheets-value=\"{&quot;1&quot;:2,&quot;2&quot;:&quot;D&quot;}\"><strong><span style=\"color: #007bc4;\">D<\/span><\/strong><\/td>\n<td data-sheets-value=\"{&quot;1&quot;:2,&quot;2&quot;:&quot;E&quot;}\"><strong><span style=\"color: #007bc4;\">E<\/span><\/strong><\/td>\n<td data-sheets-value=\"{&quot;1&quot;:2,&quot;2&quot;:&quot;F&quot;}\"><strong><span style=\"color: #007bc4;\">F<\/span><\/strong><\/td>\n<\/tr>\n<tr style=\"background-color: #dfdfdf;\">\n<td data-sheets-value=\"{&quot;1&quot;:2,&quot;2&quot;:&quot;CV63P&quot;}\"><strong><span style=\"color: #007bc4;\">CV63P<\/span><\/strong><\/td>\n<td data-sheets-value=\"{&quot;1&quot;:3,&quot;3&quot;:121}\">121<\/td>\n<td data-sheets-value=\"{&quot;1&quot;:3,&quot;3&quot;:66}\">66<\/td>\n<td data-sheets-value=\"{&quot;1&quot;:3,&quot;3&quot;:69}\">69<\/td>\n<td data-sheets-value=\"{&quot;1&quot;:2,&quot;2&quot;:&quot;6.5&quot;}\">6.5<\/td>\n<td data-sheets-value=\"{&quot;1&quot;:2,&quot;2&quot;:&quot;17.5&quot;}\">17.5<\/td>\n<td data-sheets-value=\"{&quot;1&quot;:3,&quot;3&quot;:5}\">5<\/td>\n<\/tr>\n<tr style=\"background-color: #fefefe;\">\n<td data-sheets-value=\"{&quot;1&quot;:2,&quot;2&quot;:&quot;CV71P&quot;}\"><strong><span style=\"color: #007bc4;\">CV71P<\/span><\/strong><\/td>\n<td data-sheets-value=\"{&quot;1&quot;:3,&quot;3&quot;:136}\">136<\/td>\n<td data-sheets-value=\"{&quot;1&quot;:3,&quot;3&quot;:73}\">73<\/td>\n<td data-sheets-value=\"{&quot;1&quot;:3,&quot;3&quot;:76}\">76<\/td>\n<td data-sheets-value=\"{&quot;1&quot;:2,&quot;2&quot;:&quot;6.6&quot;}\">6.6<\/td>\n<td data-sheets-value=\"{&quot;1&quot;:2,&quot;2&quot;:&quot;18.5&quot;}\">18.5<\/td>\n<td data-sheets-value=\"{&quot;1&quot;:3,&quot;3&quot;:5}\">5<\/td>\n<\/tr>\n<tr style=\"background-color: #dfdfdf;\">\n<td data-sheets-value=\"{&quot;1&quot;:2,&quot;2&quot;:&quot;CV80P&quot;}\"><strong><span style=\"color: #007bc4;\">CV80P<\/span><\/strong><\/td>\n<td data-sheets-value=\"{&quot;1&quot;:3,&quot;3&quot;:154}\">154<\/td>\n<td data-sheets-value=\"{&quot;1&quot;:3,&quot;3&quot;:78}\">78<\/td>\n<td data-sheets-value=\"{&quot;1&quot;:3,&quot;3&quot;:81}\">81<\/td>\n<td data-sheets-value=\"{&quot;1&quot;:2,&quot;2&quot;:&quot;8.5&quot;}\">8.5<\/td>\n<td data-sheets-value=\"{&quot;1&quot;:2,&quot;2&quot;:&quot;21.5&quot;}\">21.5<\/td>\n<td data-sheets-value=\"{&quot;1&quot;:3,&quot;3&quot;:5}\">5<\/td>\n<\/tr>\n<tr style=\"background-color: #fefefe;\">\n<td data-sheets-value=\"{&quot;1&quot;:2,&quot;2&quot;:&quot;CV90P&quot;}\"><strong><span style=\"color: #007bc4;\">CV90P<\/span><\/strong><\/td>\n<td data-sheets-value=\"{&quot;1&quot;:3,&quot;3&quot;:174}\">174<\/td>\n<td data-sheets-value=\"{&quot;1&quot;:3,&quot;3&quot;:87}\">87<\/td>\n<td data-sheets-value=\"{&quot;1&quot;:3,&quot;3&quot;:91}\">91<\/td>\n<td data-sheets-value=\"{&quot;1&quot;:2,&quot;2&quot;:&quot;8.6&quot;}\">8.6<\/td>\n<td data-sheets-value=\"{&quot;1&quot;:2,&quot;2&quot;:&quot;27.5&quot;}\">27.5<\/td>\n<td data-sheets-value=\"{&quot;1&quot;:3,&quot;3&quot;:5}\">5<\/td>\n<\/tr>\n<\/tbody>\n<\/table>\n","protected":false},"featured_media":10813,"template":"","meta":[],"product_cat":[95],"product_tag":[],"class_list":["post-13486","product","type-product","status-publish","has-post-thumbnail","hentry","product_cat-fancover"],"acf":[],"yoast_head":"<!-- This site is optimized with the Yoast SEO plugin v23.3 - https:\/\/yoast.com\/wordpress\/plugins\/seo\/ -->\n<title>Fan cover CVP | SEEER<\/title>\n<meta name=\"description\" content=\"Model A B C D E F   CV63P 121 66 69 6.5 17.5 5   CV71P 136 73 76 6.6 18.5 5   CV80P 154 78 81 8.5 21.5 5   CV90P 174 87 91 8.6 27.5 5\" \/>\n<meta name=\"robots\" content=\"index, follow, max-snippet:-1, max-image-preview:large, max-video-preview:-1\" \/>\n<link rel=\"canonical\" href=\"https:\/\/www.seeer-tn.com\/en\/produit\/fan-cover-cvp\/\" \/>\n<meta property=\"og:locale\" content=\"en_US\" \/>\n<meta property=\"og:type\" content=\"article\" \/>\n<meta property=\"og:title\" content=\"Fan cover CVP | SEEER\" \/>\n<meta property=\"og:description\" content=\"Model A B C D E F   CV63P 121 66 69 6.5 17.5 5   CV71P 136 73 76 6.6 18.5 5   CV80P 154 78 81 8.5 21.5 5   CV90P 174 87 91 8.6 27.5 5\" \/>\n<meta property=\"og:url\" content=\"https:\/\/www.seeer-tn.com\/en\/produit\/fan-cover-cvp\/\" \/>\n<meta property=\"og:site_name\" content=\"SEEER\" \/>\n<meta property=\"article:modified_time\" content=\"2024-09-20T11:47:05+00:00\" \/>\n<meta property=\"og:image\" content=\"https:\/\/www.seeer-tn.com\/wp-content\/uploads\/2022\/09\/DSC01914.jpg\" \/>\n\t<meta property=\"og:image:width\" content=\"1000\" \/>\n\t<meta property=\"og:image:height\" content=\"1000\" \/>\n\t<meta property=\"og:image:type\" content=\"image\/jpeg\" \/>\n<meta name=\"twitter:card\" content=\"summary_large_image\" \/>\n<meta name=\"twitter:label1\" content=\"Est. reading time\" \/>\n\t<meta name=\"twitter:data1\" content=\"1 minute\" \/>\n<script type=\"application\/ld+json\" class=\"yoast-schema-graph\">{\"@context\":\"https:\/\/schema.org\",\"@graph\":[{\"@type\":\"WebPage\",\"@id\":\"https:\/\/www.seeer-tn.com\/en\/produit\/fan-cover-cvp\/\",\"url\":\"https:\/\/www.seeer-tn.com\/en\/produit\/fan-cover-cvp\/\",\"name\":\"Fan cover CVP | SEEER\",\"isPartOf\":{\"@id\":\"https:\/\/www.seeer-tn.com\/#website\"},\"primaryImageOfPage\":{\"@id\":\"https:\/\/www.seeer-tn.com\/en\/produit\/fan-cover-cvp\/#primaryimage\"},\"image\":{\"@id\":\"https:\/\/www.seeer-tn.com\/en\/produit\/fan-cover-cvp\/#primaryimage\"},\"thumbnailUrl\":\"https:\/\/www.seeer-tn.com\/wp-content\/uploads\/2022\/09\/DSC01914.jpg\",\"datePublished\":\"2022-09-19T08:13:20+00:00\",\"dateModified\":\"2024-09-20T11:47:05+00:00\",\"description\":\"Model A B C D E F CV63P 121 66 69 6.5 17.5 5 CV71P 136 73 76 6.6 18.5 5 CV80P 154 78 81 8.5 21.5 5 CV90P 174 87 91 8.6 27.5 5\",\"breadcrumb\":{\"@id\":\"https:\/\/www.seeer-tn.com\/en\/produit\/fan-cover-cvp\/#breadcrumb\"},\"inLanguage\":\"en-US\",\"potentialAction\":[{\"@type\":\"ReadAction\",\"target\":[\"https:\/\/www.seeer-tn.com\/en\/produit\/fan-cover-cvp\/\"]}]},{\"@type\":\"ImageObject\",\"inLanguage\":\"en-US\",\"@id\":\"https:\/\/www.seeer-tn.com\/en\/produit\/fan-cover-cvp\/#primaryimage\",\"url\":\"https:\/\/www.seeer-tn.com\/wp-content\/uploads\/2022\/09\/DSC01914.jpg\",\"contentUrl\":\"https:\/\/www.seeer-tn.com\/wp-content\/uploads\/2022\/09\/DSC01914.jpg\",\"width\":1000,\"height\":1000},{\"@type\":\"BreadcrumbList\",\"@id\":\"https:\/\/www.seeer-tn.com\/en\/produit\/fan-cover-cvp\/#breadcrumb\",\"itemListElement\":[{\"@type\":\"ListItem\",\"position\":1,\"name\":\"Accueil\",\"item\":\"https:\/\/www.seeer-tn.com\/en\/\"},{\"@type\":\"ListItem\",\"position\":2,\"name\":\"Boutique\",\"item\":\"https:\/\/www.seeer-tn.com\/boutique\/\"},{\"@type\":\"ListItem\",\"position\":3,\"name\":\"Fan cover CVP\"}]},{\"@type\":\"WebSite\",\"@id\":\"https:\/\/www.seeer-tn.com\/#website\",\"url\":\"https:\/\/www.seeer-tn.com\/\",\"name\":\"SEEER\",\"description\":\"Soci\u00e9t\u00e9 d\u2019\u00e9quipement \u00e9lectrique \u00e9lectronique &amp; de Rebobinage\",\"potentialAction\":[{\"@type\":\"SearchAction\",\"target\":{\"@type\":\"EntryPoint\",\"urlTemplate\":\"https:\/\/www.seeer-tn.com\/?s={search_term_string}\"},\"query-input\":\"required name=search_term_string\"}],\"inLanguage\":\"en-US\"}]}<\/script>\n<!-- \/ Yoast SEO plugin. -->","yoast_head_json":{"title":"Fan cover CVP | SEEER","description":"Model A B C D E F   CV63P 121 66 69 6.5 17.5 5   CV71P 136 73 76 6.6 18.5 5   CV80P 154 78 81 8.5 21.5 5   CV90P 174 87 91 8.6 27.5 5","robots":{"index":"index","follow":"follow","max-snippet":"max-snippet:-1","max-image-preview":"max-image-preview:large","max-video-preview":"max-video-preview:-1"},"canonical":"https:\/\/www.seeer-tn.com\/en\/produit\/fan-cover-cvp\/","og_locale":"en_US","og_type":"article","og_title":"Fan cover CVP | SEEER","og_description":"Model A B C D E F   CV63P 121 66 69 6.5 17.5 5   CV71P 136 73 76 6.6 18.5 5   CV80P 154 78 81 8.5 21.5 5   CV90P 174 87 91 8.6 27.5 5","og_url":"https:\/\/www.seeer-tn.com\/en\/produit\/fan-cover-cvp\/","og_site_name":"SEEER","article_modified_time":"2024-09-20T11:47:05+00:00","og_image":[{"width":1000,"height":1000,"url":"https:\/\/www.seeer-tn.com\/wp-content\/uploads\/2022\/09\/DSC01914.jpg","type":"image\/jpeg"}],"twitter_card":"summary_large_image","twitter_misc":{"Est. reading time":"1 minute"},"schema":{"@context":"https:\/\/schema.org","@graph":[{"@type":"WebPage","@id":"https:\/\/www.seeer-tn.com\/en\/produit\/fan-cover-cvp\/","url":"https:\/\/www.seeer-tn.com\/en\/produit\/fan-cover-cvp\/","name":"Fan cover CVP | SEEER","isPartOf":{"@id":"https:\/\/www.seeer-tn.com\/#website"},"primaryImageOfPage":{"@id":"https:\/\/www.seeer-tn.com\/en\/produit\/fan-cover-cvp\/#primaryimage"},"image":{"@id":"https:\/\/www.seeer-tn.com\/en\/produit\/fan-cover-cvp\/#primaryimage"},"thumbnailUrl":"https:\/\/www.seeer-tn.com\/wp-content\/uploads\/2022\/09\/DSC01914.jpg","datePublished":"2022-09-19T08:13:20+00:00","dateModified":"2024-09-20T11:47:05+00:00","description":"Model A B C D E F CV63P 121 66 69 6.5 17.5 5 CV71P 136 73 76 6.6 18.5 5 CV80P 154 78 81 8.5 21.5 5 CV90P 174 87 91 8.6 27.5 5","breadcrumb":{"@id":"https:\/\/www.seeer-tn.com\/en\/produit\/fan-cover-cvp\/#breadcrumb"},"inLanguage":"en-US","potentialAction":[{"@type":"ReadAction","target":["https:\/\/www.seeer-tn.com\/en\/produit\/fan-cover-cvp\/"]}]},{"@type":"ImageObject","inLanguage":"en-US","@id":"https:\/\/www.seeer-tn.com\/en\/produit\/fan-cover-cvp\/#primaryimage","url":"https:\/\/www.seeer-tn.com\/wp-content\/uploads\/2022\/09\/DSC01914.jpg","contentUrl":"https:\/\/www.seeer-tn.com\/wp-content\/uploads\/2022\/09\/DSC01914.jpg","width":1000,"height":1000},{"@type":"BreadcrumbList","@id":"https:\/\/www.seeer-tn.com\/en\/produit\/fan-cover-cvp\/#breadcrumb","itemListElement":[{"@type":"ListItem","position":1,"name":"Accueil","item":"https:\/\/www.seeer-tn.com\/en\/"},{"@type":"ListItem","position":2,"name":"Boutique","item":"https:\/\/www.seeer-tn.com\/boutique\/"},{"@type":"ListItem","position":3,"name":"Fan cover CVP"}]},{"@type":"WebSite","@id":"https:\/\/www.seeer-tn.com\/#website","url":"https:\/\/www.seeer-tn.com\/","name":"SEEER","description":"Soci\u00e9t\u00e9 d\u2019\u00e9quipement \u00e9lectrique \u00e9lectronique &amp; de Rebobinage","potentialAction":[{"@type":"SearchAction","target":{"@type":"EntryPoint","urlTemplate":"https:\/\/www.seeer-tn.com\/?s={search_term_string}"},"query-input":"required name=search_term_string"}],"inLanguage":"en-US"}]}},"_links":{"self":[{"href":"https:\/\/www.seeer-tn.com\/en\/wp-json\/wp\/v2\/product\/13486","targetHints":{"allow":["GET"]}}],"collection":[{"href":"https:\/\/www.seeer-tn.com\/en\/wp-json\/wp\/v2\/product"}],"about":[{"href":"https:\/\/www.seeer-tn.com\/en\/wp-json\/wp\/v2\/types\/product"}],"wp:featuredmedia":[{"embeddable":true,"href":"https:\/\/www.seeer-tn.com\/en\/wp-json\/wp\/v2\/media\/10813"}],"wp:attachment":[{"href":"https:\/\/www.seeer-tn.com\/en\/wp-json\/wp\/v2\/media?parent=13486"}],"wp:term":[{"taxonomy":"product_cat","embeddable":true,"href":"https:\/\/www.seeer-tn.com\/en\/wp-json\/wp\/v2\/product_cat?post=13486"},{"taxonomy":"product_tag","embeddable":true,"href":"https:\/\/www.seeer-tn.com\/en\/wp-json\/wp\/v2\/product_tag?post=13486"}],"curies":[{"name":"wp","href":"https:\/\/api.w.org\/{rel}","templated":true}]}}