{"id":13514,"date":"2022-09-19T10:53:24","date_gmt":"2022-09-19T08:53:24","guid":{"rendered":"https:\/\/www.seeer-tn.com\/?post_type=product&#038;p=13514"},"modified":"2024-09-20T22:41:34","modified_gmt":"2024-09-20T20:41:34","slug":"mechanical-seals-pim3s","status":"publish","type":"product","link":"https:\/\/www.seeer-tn.com\/en\/produit\/mechanical-seals-pim3s\/","title":{"rendered":"Mechanical seals PIM3S"},"content":{"rendered":"<div class=\"wpb-content-wrapper\"><p>[vc_row][vc_column][vc_column_text woodmart_inline=&#8221;no&#8221; text_larger=&#8221;no&#8221;]<\/p>\n<table>\n<tbody>\n<tr>\n<td style=\"text-align: left;\">\n<div class=\"sous-titre-prod\">Allowable limits PIM3S :<\/div>\n<p>Pressure : 1.2MPa<br \/>\nVelocity : 10m\/s<br \/>\nTemperature : &#8211; 20 &#8211; 200\u00b0C<\/p>\n<div class=\"sous-titre-prod\">Application :<\/div>\n<p>Used for oils, water and other slightly corrosive fluids<\/td>\n<td>\n<div class=\"sous-titre-prod\">Component materials PIM3S :<\/div>\n<p>Fixed ring: SIC<br \/>\nRotating ring: SIC<br \/>\nSecondary seal: Viton<br \/>\nSpring &amp; others: SUS304<\/td>\n<\/tr>\n<\/tbody>\n<\/table>\n<p><a href=\"https:\/\/www.seeer-tn.com\/wp-content\/uploads\/2024\/01\/PIM3S_compressed.pdf\" target=\"_blank\" rel=\"noopener\"><img loading=\"lazy\" decoding=\"async\" class=\"alignnone wp-image-7324\" src=\"https:\/\/www.seeer-tn.com\/wp-content\/uploads\/2022\/10\/PDF_file_icon.jpg\" alt=\"\" width=\"46\" height=\"57\" \/> Download PDF file<\/a>[\/vc_column_text][\/vc_column][\/vc_row]<\/p>\n<\/div>","protected":false},"excerpt":{"rendered":"<table>\n<tbody>\n<tr style=\"background-color: #fefefe; height: 56px;\">\n<td width=\"80\"><strong><span style=\"color: #007bc4;\">Model<\/span><\/strong><\/td>\n<td width=\"80\"><strong><span style=\"color: #007bc4;\">d<\/span><\/strong><\/td>\n<td width=\"80\"><strong><span style=\"color: #007bc4;\">d3<\/span><\/strong><\/td>\n<td width=\"80\"><strong><span style=\"color: #007bc4;\">d6<\/span><\/strong><\/td>\n<td width=\"80\"><strong><span style=\"color: #007bc4;\">d7<\/span><\/strong><\/td>\n<td width=\"80\"><strong><span style=\"color: #007bc4;\">L1<\/span><\/strong><\/td>\n<td width=\"80\"><strong><span style=\"color: #007bc4;\">L28<\/span><\/strong><\/td>\n<\/tr>\n<tr style=\"background-color: #dfdfdf;\">\n<td width=\"80\"><strong><span style=\"color: #007bc4;\">P24IM3S<\/span><\/strong><\/td>\n<td width=\"80\">24<\/td>\n<td width=\"80\">42.5<\/td>\n<td width=\"80\">33<\/td>\n<td width=\"80\">39<\/td>\n<td width=\"80\">50<\/td>\n<td width=\"80\">7.5<\/td>\n<\/tr>\n<tr style=\"background-color: #fefefe;\">\n<td width=\"80\"><strong><span style=\"color: #007bc4;\">P25IM3S<\/span><\/strong><\/td>\n<td width=\"80\">25<\/td>\n<td width=\"80\">42.5<\/td>\n<td width=\"80\">34<\/td>\n<td width=\"80\">40<\/td>\n<td width=\"80\">50<\/td>\n<td width=\"80\">7.5<\/td>\n<\/tr>\n<tr style=\"background-color: #dfdfdf;\">\n<td width=\"80\"><strong><span style=\"color: #007bc4;\">P28IM3S<\/span><\/strong><\/td>\n<td width=\"80\">28<\/td>\n<td width=\"80\">49<\/td>\n<td width=\"80\">37<\/td>\n<td width=\"80\">43<\/td>\n<td width=\"80\">50<\/td>\n<td width=\"80\">7.5<\/td>\n<\/tr>\n<tr style=\"background-color: #fefefe;\">\n<td width=\"80\"><strong><span style=\"color: #007bc4;\">P30IM3S<\/span><\/strong><\/td>\n<td width=\"80\">30<\/td>\n<td width=\"80\">49<\/td>\n<td width=\"80\">39<\/td>\n<td width=\"80\">45<\/td>\n<td width=\"80\">50<\/td>\n<td width=\"80\">7.5<\/td>\n<\/tr>\n<tr style=\"background-color: #dfdfdf;\">\n<td width=\"80\"><strong><span style=\"color: #007bc4;\">P32IM3S<\/span><\/strong><\/td>\n<td width=\"80\">32<\/td>\n<td width=\"80\">53.5<\/td>\n<td width=\"80\">lb 42<\/td>\n<td width=\"80\">48<\/td>\n<td width=\"80\">55<\/td>\n<td width=\"80\">7.5<\/td>\n<\/tr>\n<tr style=\"background-color: #fefefe;\">\n<td width=\"80\"><strong><span style=\"color: #007bc4;\">P35IM3S<\/span><\/strong><\/td>\n<td width=\"80\">35<\/td>\n<td width=\"80\">57<\/td>\n<td width=\"80\">44<\/td>\n<td width=\"80\">50<\/td>\n<td width=\"80\">55<\/td>\n<td width=\"80\">7.5<\/td>\n<\/tr>\n<tr style=\"background-color: #dfdfdf;\">\n<td width=\"80\"><strong><span style=\"color: #007bc4;\">P38IM3S<\/span><\/strong><\/td>\n<td width=\"80\">38<\/td>\n<td width=\"80\">59<\/td>\n<td width=\"80\">49<\/td>\n<td width=\"80\">56<\/td>\n<td width=\"80\">55<\/td>\n<td width=\"80\">9<\/td>\n<\/tr>\n<tr style=\"background-color: #fefefe;\">\n<td width=\"80\"><strong><span style=\"color: #007bc4;\">P40IM3S<\/span><\/strong><\/td>\n<td width=\"80\">40<\/td>\n<td width=\"80\">62<\/td>\n<td width=\"80\">5 i<\/td>\n<td width=\"80\">58<\/td>\n<td width=\"80\">55<\/td>\n<td width=\"80\">9<\/td>\n<\/tr>\n<\/tbody>\n<\/table>\n","protected":false},"featured_media":7927,"template":"","meta":[],"product_cat":[104],"product_tag":[],"class_list":["post-13514","product","type-product","status-publish","has-post-thumbnail","hentry","product_cat-mechanical-seal"],"acf":[],"yoast_head":"<!-- This site is optimized with the Yoast SEO plugin v23.3 - https:\/\/yoast.com\/wordpress\/plugins\/seo\/ -->\n<title>Mechanical seals PIM3S | SEEER<\/title>\n<meta name=\"description\" content=\"Model d d3 d6 d7 L1 L28   P24IM3S 24 42.5 33 39 50 7.5   P25IM3S 25 42.5 34 40 50 7.5   P28IM3S 28 49 37 43 50 7.5   P30IM3S 30 49 39 45 50 7.5   P32IM3S 32 53.5 lb 42 48 55 7.5   P35IM3S 35 57 44 50 55 7.5   P38IM3S 38 59 49 56 55 9   P40IM3S 40 62 5 i 58 55 9\" \/>\n<meta name=\"robots\" content=\"index, follow, max-snippet:-1, max-image-preview:large, max-video-preview:-1\" \/>\n<link rel=\"canonical\" href=\"https:\/\/www.seeer-tn.com\/en\/produit\/mechanical-seals-pim3s\/\" \/>\n<meta property=\"og:locale\" content=\"en_US\" \/>\n<meta property=\"og:type\" content=\"article\" \/>\n<meta property=\"og:title\" content=\"Mechanical seals PIM3S | SEEER\" \/>\n<meta property=\"og:description\" content=\"Model d d3 d6 d7 L1 L28   P24IM3S 24 42.5 33 39 50 7.5   P25IM3S 25 42.5 34 40 50 7.5   P28IM3S 28 49 37 43 50 7.5   P30IM3S 30 49 39 45 50 7.5   P32IM3S 32 53.5 lb 42 48 55 7.5   P35IM3S 35 57 44 50 55 7.5   P38IM3S 38 59 49 56 55 9   P40IM3S 40 62 5 i 58 55 9\" \/>\n<meta property=\"og:url\" content=\"https:\/\/www.seeer-tn.com\/en\/produit\/mechanical-seals-pim3s\/\" \/>\n<meta property=\"og:site_name\" content=\"SEEER\" \/>\n<meta property=\"article:modified_time\" content=\"2024-09-20T20:41:34+00:00\" \/>\n<meta property=\"og:image\" content=\"https:\/\/www.seeer-tn.com\/wp-content\/uploads\/2022\/09\/Roulement2.jpg\" \/>\n\t<meta property=\"og:image:width\" content=\"1000\" \/>\n\t<meta property=\"og:image:height\" content=\"1000\" \/>\n\t<meta property=\"og:image:type\" content=\"image\/jpeg\" \/>\n<meta name=\"twitter:card\" content=\"summary_large_image\" \/>\n<meta name=\"twitter:label1\" content=\"Est. reading time\" \/>\n\t<meta name=\"twitter:data1\" content=\"1 minute\" \/>\n<script type=\"application\/ld+json\" class=\"yoast-schema-graph\">{\"@context\":\"https:\/\/schema.org\",\"@graph\":[{\"@type\":\"WebPage\",\"@id\":\"https:\/\/www.seeer-tn.com\/en\/produit\/mechanical-seals-pim3s\/\",\"url\":\"https:\/\/www.seeer-tn.com\/en\/produit\/mechanical-seals-pim3s\/\",\"name\":\"Mechanical seals PIM3S | SEEER\",\"isPartOf\":{\"@id\":\"https:\/\/www.seeer-tn.com\/#website\"},\"primaryImageOfPage\":{\"@id\":\"https:\/\/www.seeer-tn.com\/en\/produit\/mechanical-seals-pim3s\/#primaryimage\"},\"image\":{\"@id\":\"https:\/\/www.seeer-tn.com\/en\/produit\/mechanical-seals-pim3s\/#primaryimage\"},\"thumbnailUrl\":\"https:\/\/www.seeer-tn.com\/wp-content\/uploads\/2022\/09\/Roulement2.jpg\",\"datePublished\":\"2022-09-19T08:53:24+00:00\",\"dateModified\":\"2024-09-20T20:41:34+00:00\",\"description\":\"Model d d3 d6 d7 L1 L28 P24IM3S 24 42.5 33 39 50 7.5 P25IM3S 25 42.5 34 40 50 7.5 P28IM3S 28 49 37 43 50 7.5 P30IM3S 30 49 39 45 50 7.5 P32IM3S 32 53.5 lb 42 48 55 7.5 P35IM3S 35 57 44 50 55 7.5 P38IM3S 38 59 49 56 55 9 P40IM3S 40 62 5 i 58 55 9\",\"breadcrumb\":{\"@id\":\"https:\/\/www.seeer-tn.com\/en\/produit\/mechanical-seals-pim3s\/#breadcrumb\"},\"inLanguage\":\"en-US\",\"potentialAction\":[{\"@type\":\"ReadAction\",\"target\":[\"https:\/\/www.seeer-tn.com\/en\/produit\/mechanical-seals-pim3s\/\"]}]},{\"@type\":\"ImageObject\",\"inLanguage\":\"en-US\",\"@id\":\"https:\/\/www.seeer-tn.com\/en\/produit\/mechanical-seals-pim3s\/#primaryimage\",\"url\":\"https:\/\/www.seeer-tn.com\/wp-content\/uploads\/2022\/09\/Roulement2.jpg\",\"contentUrl\":\"https:\/\/www.seeer-tn.com\/wp-content\/uploads\/2022\/09\/Roulement2.jpg\",\"width\":1000,\"height\":1000},{\"@type\":\"BreadcrumbList\",\"@id\":\"https:\/\/www.seeer-tn.com\/en\/produit\/mechanical-seals-pim3s\/#breadcrumb\",\"itemListElement\":[{\"@type\":\"ListItem\",\"position\":1,\"name\":\"Accueil\",\"item\":\"https:\/\/www.seeer-tn.com\/en\/\"},{\"@type\":\"ListItem\",\"position\":2,\"name\":\"Boutique\",\"item\":\"https:\/\/www.seeer-tn.com\/boutique\/\"},{\"@type\":\"ListItem\",\"position\":3,\"name\":\"Mechanical seals PIM3S\"}]},{\"@type\":\"WebSite\",\"@id\":\"https:\/\/www.seeer-tn.com\/#website\",\"url\":\"https:\/\/www.seeer-tn.com\/\",\"name\":\"SEEER\",\"description\":\"Soci\u00e9t\u00e9 d\u2019\u00e9quipement \u00e9lectrique \u00e9lectronique &amp; de Rebobinage\",\"potentialAction\":[{\"@type\":\"SearchAction\",\"target\":{\"@type\":\"EntryPoint\",\"urlTemplate\":\"https:\/\/www.seeer-tn.com\/?s={search_term_string}\"},\"query-input\":\"required name=search_term_string\"}],\"inLanguage\":\"en-US\"}]}<\/script>\n<!-- \/ Yoast SEO plugin. -->","yoast_head_json":{"title":"Mechanical seals PIM3S | SEEER","description":"Model d d3 d6 d7 L1 L28   P24IM3S 24 42.5 33 39 50 7.5   P25IM3S 25 42.5 34 40 50 7.5   P28IM3S 28 49 37 43 50 7.5   P30IM3S 30 49 39 45 50 7.5   P32IM3S 32 53.5 lb 42 48 55 7.5   P35IM3S 35 57 44 50 55 7.5   P38IM3S 38 59 49 56 55 9   P40IM3S 40 62 5 i 58 55 9","robots":{"index":"index","follow":"follow","max-snippet":"max-snippet:-1","max-image-preview":"max-image-preview:large","max-video-preview":"max-video-preview:-1"},"canonical":"https:\/\/www.seeer-tn.com\/en\/produit\/mechanical-seals-pim3s\/","og_locale":"en_US","og_type":"article","og_title":"Mechanical seals PIM3S | SEEER","og_description":"Model d d3 d6 d7 L1 L28   P24IM3S 24 42.5 33 39 50 7.5   P25IM3S 25 42.5 34 40 50 7.5   P28IM3S 28 49 37 43 50 7.5   P30IM3S 30 49 39 45 50 7.5   P32IM3S 32 53.5 lb 42 48 55 7.5   P35IM3S 35 57 44 50 55 7.5   P38IM3S 38 59 49 56 55 9   P40IM3S 40 62 5 i 58 55 9","og_url":"https:\/\/www.seeer-tn.com\/en\/produit\/mechanical-seals-pim3s\/","og_site_name":"SEEER","article_modified_time":"2024-09-20T20:41:34+00:00","og_image":[{"width":1000,"height":1000,"url":"https:\/\/www.seeer-tn.com\/wp-content\/uploads\/2022\/09\/Roulement2.jpg","type":"image\/jpeg"}],"twitter_card":"summary_large_image","twitter_misc":{"Est. reading time":"1 minute"},"schema":{"@context":"https:\/\/schema.org","@graph":[{"@type":"WebPage","@id":"https:\/\/www.seeer-tn.com\/en\/produit\/mechanical-seals-pim3s\/","url":"https:\/\/www.seeer-tn.com\/en\/produit\/mechanical-seals-pim3s\/","name":"Mechanical seals PIM3S | SEEER","isPartOf":{"@id":"https:\/\/www.seeer-tn.com\/#website"},"primaryImageOfPage":{"@id":"https:\/\/www.seeer-tn.com\/en\/produit\/mechanical-seals-pim3s\/#primaryimage"},"image":{"@id":"https:\/\/www.seeer-tn.com\/en\/produit\/mechanical-seals-pim3s\/#primaryimage"},"thumbnailUrl":"https:\/\/www.seeer-tn.com\/wp-content\/uploads\/2022\/09\/Roulement2.jpg","datePublished":"2022-09-19T08:53:24+00:00","dateModified":"2024-09-20T20:41:34+00:00","description":"Model d d3 d6 d7 L1 L28 P24IM3S 24 42.5 33 39 50 7.5 P25IM3S 25 42.5 34 40 50 7.5 P28IM3S 28 49 37 43 50 7.5 P30IM3S 30 49 39 45 50 7.5 P32IM3S 32 53.5 lb 42 48 55 7.5 P35IM3S 35 57 44 50 55 7.5 P38IM3S 38 59 49 56 55 9 P40IM3S 40 62 5 i 58 55 9","breadcrumb":{"@id":"https:\/\/www.seeer-tn.com\/en\/produit\/mechanical-seals-pim3s\/#breadcrumb"},"inLanguage":"en-US","potentialAction":[{"@type":"ReadAction","target":["https:\/\/www.seeer-tn.com\/en\/produit\/mechanical-seals-pim3s\/"]}]},{"@type":"ImageObject","inLanguage":"en-US","@id":"https:\/\/www.seeer-tn.com\/en\/produit\/mechanical-seals-pim3s\/#primaryimage","url":"https:\/\/www.seeer-tn.com\/wp-content\/uploads\/2022\/09\/Roulement2.jpg","contentUrl":"https:\/\/www.seeer-tn.com\/wp-content\/uploads\/2022\/09\/Roulement2.jpg","width":1000,"height":1000},{"@type":"BreadcrumbList","@id":"https:\/\/www.seeer-tn.com\/en\/produit\/mechanical-seals-pim3s\/#breadcrumb","itemListElement":[{"@type":"ListItem","position":1,"name":"Accueil","item":"https:\/\/www.seeer-tn.com\/en\/"},{"@type":"ListItem","position":2,"name":"Boutique","item":"https:\/\/www.seeer-tn.com\/boutique\/"},{"@type":"ListItem","position":3,"name":"Mechanical seals PIM3S"}]},{"@type":"WebSite","@id":"https:\/\/www.seeer-tn.com\/#website","url":"https:\/\/www.seeer-tn.com\/","name":"SEEER","description":"Soci\u00e9t\u00e9 d\u2019\u00e9quipement \u00e9lectrique \u00e9lectronique &amp; de Rebobinage","potentialAction":[{"@type":"SearchAction","target":{"@type":"EntryPoint","urlTemplate":"https:\/\/www.seeer-tn.com\/?s={search_term_string}"},"query-input":"required name=search_term_string"}],"inLanguage":"en-US"}]}},"_links":{"self":[{"href":"https:\/\/www.seeer-tn.com\/en\/wp-json\/wp\/v2\/product\/13514","targetHints":{"allow":["GET"]}}],"collection":[{"href":"https:\/\/www.seeer-tn.com\/en\/wp-json\/wp\/v2\/product"}],"about":[{"href":"https:\/\/www.seeer-tn.com\/en\/wp-json\/wp\/v2\/types\/product"}],"wp:featuredmedia":[{"embeddable":true,"href":"https:\/\/www.seeer-tn.com\/en\/wp-json\/wp\/v2\/media\/7927"}],"wp:attachment":[{"href":"https:\/\/www.seeer-tn.com\/en\/wp-json\/wp\/v2\/media?parent=13514"}],"wp:term":[{"taxonomy":"product_cat","embeddable":true,"href":"https:\/\/www.seeer-tn.com\/en\/wp-json\/wp\/v2\/product_cat?post=13514"},{"taxonomy":"product_tag","embeddable":true,"href":"https:\/\/www.seeer-tn.com\/en\/wp-json\/wp\/v2\/product_tag?post=13514"}],"curies":[{"name":"wp","href":"https:\/\/api.w.org\/{rel}","templated":true}]}}