{"id":13540,"date":"2022-09-19T11:01:10","date_gmt":"2022-09-19T09:01:10","guid":{"rendered":"https:\/\/www.seeer-tn.com\/?post_type=product&#038;p=13540"},"modified":"2024-09-20T13:33:22","modified_gmt":"2024-09-20T11:33:22","slug":"mechanical-seals-p560","status":"publish","type":"product","link":"https:\/\/www.seeer-tn.com\/en\/produit\/mechanical-seals-p560\/","title":{"rendered":"Mechanical seals  P560"},"content":{"rendered":"<div class=\"wpb-content-wrapper\"><p>[vc_row][vc_column][vc_column_text woodmart_inline=&#8221;no&#8221; text_larger=&#8221;no&#8221;]<\/p>\n<table style=\"height: 249px;\" width=\"577\">\n<tbody>\n<tr>\n<td style=\"text-align: left;\">\n<div class=\"sous-titre-prod\" style=\"font-size: 12px;\">Component materials P560 :<\/div>\n<p>Fixed ring: Ceramic<br \/>\nRotating ring: Carbon<br \/>\nSecondary seal: NBR<br \/>\nSpring &amp; others: SUS304<\/p>\n<div class=\"sous-titre-prod\" style=\"font-size: 12px;\">Application :<\/div>\n<p>Used for cooling pumps, centrifugal pumps. submersible pumps and industrial pumps in general.<\/td>\n<td>\n<div class=\"sous-titre-prod\" style=\"font-size: 12px;\">Allowable limits P560 :<\/div>\n<p>Pressure : 0.8MPa<br \/>\nVelocity : 10m\/s<br \/>\nTemperature : &#8211; 40 &#8211; 150\u00b0C<\/td>\n<\/tr>\n<\/tbody>\n<\/table>\n<p><a href=\"https:\/\/www.seeer-tn.com\/wp-content\/uploads\/2024\/01\/p560_compressed.pdf\" target=\"_blank\" rel=\"noopener\"><img loading=\"lazy\" decoding=\"async\" class=\"alignnone wp-image-7324\" src=\"https:\/\/www.seeer-tn.com\/wp-content\/uploads\/2022\/10\/PDF_file_icon.jpg\" alt=\"\" width=\"46\" height=\"57\" \/> Download PDF file<\/a>[\/vc_column_text][\/vc_column][\/vc_row]<\/p>\n<\/div>","protected":false},"excerpt":{"rendered":"<table>\n<tbody>\n<tr style=\"height: 56px;\">\n<td width=\"88\"><strong><span style=\"color: #007bc4;\">Model<\/span><\/strong><\/td>\n<td width=\"88\"><strong><span style=\"color: #007bc4;\">D1<\/span><\/strong><\/td>\n<td width=\"88\"><strong><span style=\"color: #007bc4;\">D3<\/span><\/strong><\/td>\n<td width=\"88\"><strong><span style=\"color: #007bc4;\">D7<\/span><\/strong><\/td>\n<td width=\"88\"><strong><span style=\"color: #007bc4;\">L<\/span><\/strong><\/td>\n<td width=\"88\"><strong><span style=\"color: #007bc4;\">L3<\/span><\/strong><\/td>\n<td width=\"88\"><strong><span style=\"color: #007bc4;\">L4<\/span><\/strong><\/td>\n<\/tr>\n<tr style=\"background-color: #dfdfdf;\">\n<td width=\"88\"><strong><span style=\"color: #007bc4;\">P8-560<\/span><\/strong><\/td>\n<td width=\"88\">8<\/td>\n<td width=\"88\">17.5<\/td>\n<td width=\"88\">21<\/td>\n<td width=\"88\">18.9<\/td>\n<td width=\"88\">13.9<\/td>\n<td width=\"88\">5<\/td>\n<\/tr>\n<tr style=\"background-color: #fefefe;\">\n<td width=\"88\"><strong><span style=\"color: #007bc4;\">P10-560<\/span><\/strong><\/td>\n<td width=\"88\">10<\/td>\n<td width=\"88\">23.5<\/td>\n<td width=\"88\">24<\/td>\n<td width=\"88\">23<\/td>\n<td width=\"88\">16.5<\/td>\n<td width=\"88\">6.5<\/td>\n<\/tr>\n<tr style=\"background-color: #dfdfdf;\">\n<td width=\"88\"><strong><span style=\"color: #007bc4;\">P11-560<\/span><\/strong><\/td>\n<td width=\"88\">11<\/td>\n<td width=\"88\">23.5<\/td>\n<td width=\"88\">24<\/td>\n<td width=\"88\">23<\/td>\n<td width=\"88\">16.5<\/td>\n<td width=\"88\">6.5<\/td>\n<\/tr>\n<tr style=\"background-color: #fefefe;\">\n<td width=\"88\"><strong><span style=\"color: #007bc4;\">P12-560<\/span><\/strong><\/td>\n<td width=\"88\">12<\/td>\n<td width=\"88\">26<\/td>\n<td width=\"88\">26<\/td>\n<td width=\"88\">24<\/td>\n<td width=\"88\">17.5<\/td>\n<td width=\"88\">6.5<\/td>\n<\/tr>\n<tr style=\"background-color: #dfdfdf;\">\n<td width=\"88\"><strong><span style=\"color: #007bc4;\">P14-560<\/span><\/strong><\/td>\n<td width=\"88\">14<\/td>\n<td width=\"88\">28<\/td>\n<td width=\"88\">28<\/td>\n<td width=\"88\">25.0<\/td>\n<td width=\"88\">18<\/td>\n<td width=\"88\">7<\/td>\n<\/tr>\n<tr style=\"background-color: #fefefe;\">\n<td width=\"88\"><strong><span style=\"color: #007bc4;\">P15-560<\/span><\/strong><\/td>\n<td width=\"88\">15<\/td>\n<td width=\"88\">28<\/td>\n<td width=\"88\">28<\/td>\n<td width=\"88\"><em>20<\/em><\/td>\n<td width=\"88\">18<\/td>\n<td width=\"88\">7<\/td>\n<\/tr>\n<tr style=\"background-color: #dfdfdf;\">\n<td width=\"88\"><strong><span style=\"color: #007bc4;\">P16-560<\/span><\/strong><\/td>\n<td width=\"88\">16<\/td>\n<td width=\"88\">30<\/td>\n<td width=\"88\">32<\/td>\n<td width=\"88\">27<\/td>\n<td width=\"88\">20<\/td>\n<td width=\"88\">7<\/td>\n<\/tr>\n<tr style=\"background-color: #fefefe;\">\n<td width=\"88\"><strong><span style=\"color: #007bc4;\">P18-560<\/span><\/strong><\/td>\n<td width=\"88\">18<\/td>\n<td width=\"88\">32.5<\/td>\n<td width=\"88\">35<\/td>\n<td width=\"88\">26<\/td>\n<td width=\"88\">19<\/td>\n<td width=\"88\">7<\/td>\n<\/tr>\n<tr style=\"background-color: #dfdfdf;\">\n<td width=\"88\"><strong><span style=\"color: #007bc4;\">P19-560<\/span><\/strong><\/td>\n<td width=\"88\">19<\/td>\n<td width=\"88\">32.5<\/td>\n<td width=\"88\">35<\/td>\n<td width=\"88\">26<\/td>\n<td width=\"88\">18<\/td>\n<td width=\"88\">8<\/td>\n<\/tr>\n<tr style=\"background-color: #fefefe;\">\n<td width=\"88\"><strong><span style=\"color: #007bc4;\">P20-560<\/span><\/strong><\/td>\n<td width=\"88\">20<\/td>\n<td width=\"88\">35.5<\/td>\n<td width=\"88\">38<\/td>\n<td width=\"88\">28<\/td>\n<td width=\"88\">19.5<\/td>\n<td width=\"88\">8.5<\/td>\n<\/tr>\n<tr style=\"background-color: #dfdfdf;\">\n<td width=\"88\"><strong><span style=\"color: #007bc4;\">P22-560<\/span><\/strong><\/td>\n<td width=\"88\">22<\/td>\n<td width=\"88\">37.5<\/td>\n<td width=\"88\">40<\/td>\n<td width=\"88\">28<\/td>\n<td width=\"88\">20<\/td>\n<td width=\"88\">8<\/td>\n<\/tr>\n<tr style=\"background-color: #fefefe;\">\n<td width=\"88\"><strong><span style=\"color: #007bc4;\">P25-560<\/span><\/strong><\/td>\n<td width=\"88\">25<\/td>\n<td width=\"88\">42<\/td>\n<td width=\"88\">44<\/td>\n<td width=\"88\">29<\/td>\n<td width=\"88\">20<\/td>\n<td width=\"88\">9<\/td>\n<\/tr>\n<tr style=\"background-color: #dfdfdf;\">\n<td width=\"88\"><strong><span style=\"color: #007bc4;\">P28-560<\/span><\/strong><\/td>\n<td width=\"88\">28<\/td>\n<td width=\"88\">45.5<\/td>\n<td width=\"88\">46<\/td>\n<td width=\"88\">30<\/td>\n<td width=\"88\">21<\/td>\n<td width=\"88\">9<\/td>\n<\/tr>\n<tr style=\"background-color: #fefefe;\">\n<td width=\"88\"><strong><span style=\"color: #007bc4;\">P30-560<\/span><\/strong><\/td>\n<td width=\"88\">30<\/td>\n<td width=\"88\">48<\/td>\n<td width=\"88\">50<\/td>\n<td width=\"88\">31<\/td>\n<td width=\"88\">22<\/td>\n<td width=\"88\">9<\/td>\n<\/tr>\n<tr style=\"background-color: #dfdfdf;\">\n<td width=\"88\"><strong><span style=\"color: #007bc4;\">P32-560<\/span><\/strong><\/td>\n<td width=\"88\">32<\/td>\n<td width=\"88\">50<\/td>\n<td width=\"88\">54<\/td>\n<td width=\"88\">33<\/td>\n<td width=\"88\">24<\/td>\n<td width=\"88\">9<\/td>\n<\/tr>\n<tr style=\"background-color: #fefefe;\">\n<td width=\"88\"><strong><span style=\"color: #007bc4;\">P35-560<\/span><\/strong><\/td>\n<td width=\"88\">35<\/td>\n<td width=\"88\">54.5<\/td>\n<td width=\"88\"><em>58<\/em><\/td>\n<td width=\"88\">36<\/td>\n<td width=\"88\">26<\/td>\n<td width=\"88\">10<\/td>\n<\/tr>\n<tr style=\"background-color: #dfdfdf;\">\n<td width=\"88\"><strong><span style=\"color: #007bc4;\">P38-560<\/span><\/strong><\/td>\n<td width=\"88\">38<\/td>\n<td width=\"88\">58.5<\/td>\n<td width=\"88\"><em>60<\/em><\/td>\n<td width=\"88\">37<\/td>\n<td width=\"88\">27<\/td>\n<td width=\"88\">10<\/td>\n<\/tr>\n<tr style=\"background-color: #fefefe;\">\n<td width=\"88\"><strong><span style=\"color: #007bc4;\">P40-560<\/span><\/strong><\/td>\n<td width=\"88\">40<\/td>\n<td width=\"88\">62.5<\/td>\n<td width=\"88\">64<\/td>\n<td width=\"88\">38<\/td>\n<td width=\"88\">28<\/td>\n<td width=\"88\">10<\/td>\n<\/tr>\n<tr style=\"background-color: #dfdfdf;\">\n<td width=\"88\"><strong><span style=\"color: #007bc4;\">P45-560<\/span><\/strong><\/td>\n<td width=\"88\">45<\/td>\n<td width=\"88\">66.5<\/td>\n<td width=\"88\">66<\/td>\n<td width=\"88\">40<\/td>\n<td width=\"88\">30<\/td>\n<td width=\"88\">10<\/td>\n<\/tr>\n<tr style=\"background-color: #fefefe;\">\n<td width=\"88\"><strong><span style=\"color: #007bc4;\">P50-560<\/span><\/strong><\/td>\n<td width=\"88\">50<\/td>\n<td width=\"88\">72.5<\/td>\n<td width=\"88\">72<\/td>\n<td width=\"88\">42<\/td>\n<td width=\"88\">32<\/td>\n<td width=\"88\">10<\/td>\n<\/tr>\n<tr style=\"background-color: #dfdfdf;\">\n<td width=\"88\"><strong><span style=\"color: #007bc4;\">P55-560<\/span><\/strong><\/td>\n<td width=\"88\">55<\/td>\n<td width=\"88\">74<\/td>\n<td width=\"88\">75<\/td>\n<td width=\"88\">88<\/td>\n<td width=\"88\">75<\/td>\n<td width=\"88\">13<\/td>\n<\/tr>\n<tr style=\"background-color: #fefefe;\">\n<td width=\"88\"><strong><span style=\"color: #007bc4;\">P60-560<\/span><\/strong><\/td>\n<td width=\"88\">60<\/td>\n<td width=\"88\">81<\/td>\n<td width=\"88\">80<\/td>\n<td width=\"88\">108<\/td>\n<td width=\"88\">94<\/td>\n<td width=\"88\">14<\/td>\n<\/tr>\n<tr style=\"background-color: #dfdfdf;\">\n<td width=\"88\"><strong><span style=\"color: #007bc4;\">P65-560<\/span><\/strong><\/td>\n<td width=\"88\">65<\/td>\n<td width=\"88\">85<\/td>\n<td width=\"88\">85<\/td>\n<td width=\"88\">104<\/td>\n<td width=\"88\">89<\/td>\n<td width=\"88\">15<\/td>\n<\/tr>\n<\/tbody>\n<\/table>\n","protected":false},"featured_media":7908,"template":"","meta":[],"product_cat":[104],"product_tag":[],"class_list":["post-13540","product","type-product","status-publish","has-post-thumbnail","hentry","product_cat-mechanical-seal"],"acf":[],"yoast_head":"<!-- This site is optimized with the Yoast SEO plugin v23.3 - https:\/\/yoast.com\/wordpress\/plugins\/seo\/ -->\n<title>Mechanical seals P560 | SEEER<\/title>\n<meta name=\"description\" content=\"Model D1 D3 D7 L L3 L4   P8-560 8 17.5 21 18.9 13.9 5   P10-560 10 23.5 24 23 16.5 6.5   P11-560 11 23.5 24 23 16.5 6.5   P12-560 12 26 26 24 17.5 6.5   P14-560 14 28 28 25.0 18 7   P15-560 15 28 28 20 18 7   P16-560 16 30 32 27 20 7   P18-560 18 32.5 35 26 19 7   P19-560 19 32.5 35 26 18 8   P20-560 20 35.5 38 28 19.5 8.5   P22-560 22 37.5 40 28 20 8   P25-560 25 42 44 29 20 9   P28-560 28 45.5 46 30 21 9   P30-560 30 48 50 31 22 9   P32-560 32 50 54 33 24 9   P35-560 35 54.5 58 36 26 10   P38-560 38 58.5 60 37 27 10   P40-560 40 62.5 64 38 28 10   P45-560 45 66.5 66 40 30 10   P50-560 50 72.5 72 42 32 10   P55-560 55 74 75 88 75 13   P60-560 60 81 80 108 94 14   P65-560 65 85 85 104 89 15\" \/>\n<meta name=\"robots\" content=\"index, follow, max-snippet:-1, max-image-preview:large, max-video-preview:-1\" \/>\n<link rel=\"canonical\" href=\"https:\/\/www.seeer-tn.com\/en\/produit\/mechanical-seals-p560\/\" \/>\n<meta property=\"og:locale\" content=\"en_US\" \/>\n<meta property=\"og:type\" content=\"article\" \/>\n<meta property=\"og:title\" content=\"Mechanical seals P560 | SEEER\" \/>\n<meta property=\"og:description\" content=\"Model D1 D3 D7 L L3 L4   P8-560 8 17.5 21 18.9 13.9 5   P10-560 10 23.5 24 23 16.5 6.5   P11-560 11 23.5 24 23 16.5 6.5   P12-560 12 26 26 24 17.5 6.5   P14-560 14 28 28 25.0 18 7   P15-560 15 28 28 20 18 7   P16-560 16 30 32 27 20 7   P18-560 18 32.5 35 26 19 7   P19-560 19 32.5 35 26 18 8   P20-560 20 35.5 38 28 19.5 8.5   P22-560 22 37.5 40 28 20 8   P25-560 25 42 44 29 20 9   P28-560 28 45.5 46 30 21 9   P30-560 30 48 50 31 22 9   P32-560 32 50 54 33 24 9   P35-560 35 54.5 58 36 26 10   P38-560 38 58.5 60 37 27 10   P40-560 40 62.5 64 38 28 10   P45-560 45 66.5 66 40 30 10   P50-560 50 72.5 72 42 32 10   P55-560 55 74 75 88 75 13   P60-560 60 81 80 108 94 14   P65-560 65 85 85 104 89 15\" \/>\n<meta property=\"og:url\" content=\"https:\/\/www.seeer-tn.com\/en\/produit\/mechanical-seals-p560\/\" \/>\n<meta property=\"og:site_name\" content=\"SEEER\" \/>\n<meta property=\"article:modified_time\" content=\"2024-09-20T11:33:22+00:00\" \/>\n<meta property=\"og:image\" content=\"https:\/\/www.seeer-tn.com\/wp-content\/uploads\/2022\/09\/6.jpg\" \/>\n\t<meta property=\"og:image:width\" content=\"1000\" \/>\n\t<meta property=\"og:image:height\" content=\"1000\" \/>\n\t<meta property=\"og:image:type\" content=\"image\/jpeg\" \/>\n<meta name=\"twitter:card\" content=\"summary_large_image\" \/>\n<meta name=\"twitter:label1\" content=\"Est. reading time\" \/>\n\t<meta name=\"twitter:data1\" content=\"1 minute\" \/>\n<script type=\"application\/ld+json\" class=\"yoast-schema-graph\">{\"@context\":\"https:\/\/schema.org\",\"@graph\":[{\"@type\":\"WebPage\",\"@id\":\"https:\/\/www.seeer-tn.com\/en\/produit\/mechanical-seals-p560\/\",\"url\":\"https:\/\/www.seeer-tn.com\/en\/produit\/mechanical-seals-p560\/\",\"name\":\"Mechanical seals P560 | SEEER\",\"isPartOf\":{\"@id\":\"https:\/\/www.seeer-tn.com\/#website\"},\"primaryImageOfPage\":{\"@id\":\"https:\/\/www.seeer-tn.com\/en\/produit\/mechanical-seals-p560\/#primaryimage\"},\"image\":{\"@id\":\"https:\/\/www.seeer-tn.com\/en\/produit\/mechanical-seals-p560\/#primaryimage\"},\"thumbnailUrl\":\"https:\/\/www.seeer-tn.com\/wp-content\/uploads\/2022\/09\/6.jpg\",\"datePublished\":\"2022-09-19T09:01:10+00:00\",\"dateModified\":\"2024-09-20T11:33:22+00:00\",\"description\":\"Model D1 D3 D7 L L3 L4 P8-560 8 17.5 21 18.9 13.9 5 P10-560 10 23.5 24 23 16.5 6.5 P11-560 11 23.5 24 23 16.5 6.5 P12-560 12 26 26 24 17.5 6.5 P14-560 14 28 28 25.0 18 7 P15-560 15 28 28 20 18 7 P16-560 16 30 32 27 20 7 P18-560 18 32.5 35 26 19 7 P19-560 19 32.5 35 26 18 8 P20-560 20 35.5 38 28 19.5 8.5 P22-560 22 37.5 40 28 20 8 P25-560 25 42 44 29 20 9 P28-560 28 45.5 46 30 21 9 P30-560 30 48 50 31 22 9 P32-560 32 50 54 33 24 9 P35-560 35 54.5 58 36 26 10 P38-560 38 58.5 60 37 27 10 P40-560 40 62.5 64 38 28 10 P45-560 45 66.5 66 40 30 10 P50-560 50 72.5 72 42 32 10 P55-560 55 74 75 88 75 13 P60-560 60 81 80 108 94 14 P65-560 65 85 85 104 89 15\",\"breadcrumb\":{\"@id\":\"https:\/\/www.seeer-tn.com\/en\/produit\/mechanical-seals-p560\/#breadcrumb\"},\"inLanguage\":\"en-US\",\"potentialAction\":[{\"@type\":\"ReadAction\",\"target\":[\"https:\/\/www.seeer-tn.com\/en\/produit\/mechanical-seals-p560\/\"]}]},{\"@type\":\"ImageObject\",\"inLanguage\":\"en-US\",\"@id\":\"https:\/\/www.seeer-tn.com\/en\/produit\/mechanical-seals-p560\/#primaryimage\",\"url\":\"https:\/\/www.seeer-tn.com\/wp-content\/uploads\/2022\/09\/6.jpg\",\"contentUrl\":\"https:\/\/www.seeer-tn.com\/wp-content\/uploads\/2022\/09\/6.jpg\",\"width\":1000,\"height\":1000},{\"@type\":\"BreadcrumbList\",\"@id\":\"https:\/\/www.seeer-tn.com\/en\/produit\/mechanical-seals-p560\/#breadcrumb\",\"itemListElement\":[{\"@type\":\"ListItem\",\"position\":1,\"name\":\"Accueil\",\"item\":\"https:\/\/www.seeer-tn.com\/en\/\"},{\"@type\":\"ListItem\",\"position\":2,\"name\":\"Boutique\",\"item\":\"https:\/\/www.seeer-tn.com\/boutique\/\"},{\"@type\":\"ListItem\",\"position\":3,\"name\":\"Mechanical seals P560\"}]},{\"@type\":\"WebSite\",\"@id\":\"https:\/\/www.seeer-tn.com\/#website\",\"url\":\"https:\/\/www.seeer-tn.com\/\",\"name\":\"SEEER\",\"description\":\"Soci\u00e9t\u00e9 d\u2019\u00e9quipement \u00e9lectrique \u00e9lectronique &amp; de Rebobinage\",\"potentialAction\":[{\"@type\":\"SearchAction\",\"target\":{\"@type\":\"EntryPoint\",\"urlTemplate\":\"https:\/\/www.seeer-tn.com\/?s={search_term_string}\"},\"query-input\":\"required name=search_term_string\"}],\"inLanguage\":\"en-US\"}]}<\/script>\n<!-- \/ Yoast SEO plugin. -->","yoast_head_json":{"title":"Mechanical seals P560 | SEEER","description":"Model D1 D3 D7 L L3 L4   P8-560 8 17.5 21 18.9 13.9 5   P10-560 10 23.5 24 23 16.5 6.5   P11-560 11 23.5 24 23 16.5 6.5   P12-560 12 26 26 24 17.5 6.5   P14-560 14 28 28 25.0 18 7   P15-560 15 28 28 20 18 7   P16-560 16 30 32 27 20 7   P18-560 18 32.5 35 26 19 7   P19-560 19 32.5 35 26 18 8   P20-560 20 35.5 38 28 19.5 8.5   P22-560 22 37.5 40 28 20 8   P25-560 25 42 44 29 20 9   P28-560 28 45.5 46 30 21 9   P30-560 30 48 50 31 22 9   P32-560 32 50 54 33 24 9   P35-560 35 54.5 58 36 26 10   P38-560 38 58.5 60 37 27 10   P40-560 40 62.5 64 38 28 10   P45-560 45 66.5 66 40 30 10   P50-560 50 72.5 72 42 32 10   P55-560 55 74 75 88 75 13   P60-560 60 81 80 108 94 14   P65-560 65 85 85 104 89 15","robots":{"index":"index","follow":"follow","max-snippet":"max-snippet:-1","max-image-preview":"max-image-preview:large","max-video-preview":"max-video-preview:-1"},"canonical":"https:\/\/www.seeer-tn.com\/en\/produit\/mechanical-seals-p560\/","og_locale":"en_US","og_type":"article","og_title":"Mechanical seals P560 | SEEER","og_description":"Model D1 D3 D7 L L3 L4   P8-560 8 17.5 21 18.9 13.9 5   P10-560 10 23.5 24 23 16.5 6.5   P11-560 11 23.5 24 23 16.5 6.5   P12-560 12 26 26 24 17.5 6.5   P14-560 14 28 28 25.0 18 7   P15-560 15 28 28 20 18 7   P16-560 16 30 32 27 20 7   P18-560 18 32.5 35 26 19 7   P19-560 19 32.5 35 26 18 8   P20-560 20 35.5 38 28 19.5 8.5   P22-560 22 37.5 40 28 20 8   P25-560 25 42 44 29 20 9   P28-560 28 45.5 46 30 21 9   P30-560 30 48 50 31 22 9   P32-560 32 50 54 33 24 9   P35-560 35 54.5 58 36 26 10   P38-560 38 58.5 60 37 27 10   P40-560 40 62.5 64 38 28 10   P45-560 45 66.5 66 40 30 10   P50-560 50 72.5 72 42 32 10   P55-560 55 74 75 88 75 13   P60-560 60 81 80 108 94 14   P65-560 65 85 85 104 89 15","og_url":"https:\/\/www.seeer-tn.com\/en\/produit\/mechanical-seals-p560\/","og_site_name":"SEEER","article_modified_time":"2024-09-20T11:33:22+00:00","og_image":[{"width":1000,"height":1000,"url":"https:\/\/www.seeer-tn.com\/wp-content\/uploads\/2022\/09\/6.jpg","type":"image\/jpeg"}],"twitter_card":"summary_large_image","twitter_misc":{"Est. reading time":"1 minute"},"schema":{"@context":"https:\/\/schema.org","@graph":[{"@type":"WebPage","@id":"https:\/\/www.seeer-tn.com\/en\/produit\/mechanical-seals-p560\/","url":"https:\/\/www.seeer-tn.com\/en\/produit\/mechanical-seals-p560\/","name":"Mechanical seals P560 | SEEER","isPartOf":{"@id":"https:\/\/www.seeer-tn.com\/#website"},"primaryImageOfPage":{"@id":"https:\/\/www.seeer-tn.com\/en\/produit\/mechanical-seals-p560\/#primaryimage"},"image":{"@id":"https:\/\/www.seeer-tn.com\/en\/produit\/mechanical-seals-p560\/#primaryimage"},"thumbnailUrl":"https:\/\/www.seeer-tn.com\/wp-content\/uploads\/2022\/09\/6.jpg","datePublished":"2022-09-19T09:01:10+00:00","dateModified":"2024-09-20T11:33:22+00:00","description":"Model D1 D3 D7 L L3 L4 P8-560 8 17.5 21 18.9 13.9 5 P10-560 10 23.5 24 23 16.5 6.5 P11-560 11 23.5 24 23 16.5 6.5 P12-560 12 26 26 24 17.5 6.5 P14-560 14 28 28 25.0 18 7 P15-560 15 28 28 20 18 7 P16-560 16 30 32 27 20 7 P18-560 18 32.5 35 26 19 7 P19-560 19 32.5 35 26 18 8 P20-560 20 35.5 38 28 19.5 8.5 P22-560 22 37.5 40 28 20 8 P25-560 25 42 44 29 20 9 P28-560 28 45.5 46 30 21 9 P30-560 30 48 50 31 22 9 P32-560 32 50 54 33 24 9 P35-560 35 54.5 58 36 26 10 P38-560 38 58.5 60 37 27 10 P40-560 40 62.5 64 38 28 10 P45-560 45 66.5 66 40 30 10 P50-560 50 72.5 72 42 32 10 P55-560 55 74 75 88 75 13 P60-560 60 81 80 108 94 14 P65-560 65 85 85 104 89 15","breadcrumb":{"@id":"https:\/\/www.seeer-tn.com\/en\/produit\/mechanical-seals-p560\/#breadcrumb"},"inLanguage":"en-US","potentialAction":[{"@type":"ReadAction","target":["https:\/\/www.seeer-tn.com\/en\/produit\/mechanical-seals-p560\/"]}]},{"@type":"ImageObject","inLanguage":"en-US","@id":"https:\/\/www.seeer-tn.com\/en\/produit\/mechanical-seals-p560\/#primaryimage","url":"https:\/\/www.seeer-tn.com\/wp-content\/uploads\/2022\/09\/6.jpg","contentUrl":"https:\/\/www.seeer-tn.com\/wp-content\/uploads\/2022\/09\/6.jpg","width":1000,"height":1000},{"@type":"BreadcrumbList","@id":"https:\/\/www.seeer-tn.com\/en\/produit\/mechanical-seals-p560\/#breadcrumb","itemListElement":[{"@type":"ListItem","position":1,"name":"Accueil","item":"https:\/\/www.seeer-tn.com\/en\/"},{"@type":"ListItem","position":2,"name":"Boutique","item":"https:\/\/www.seeer-tn.com\/boutique\/"},{"@type":"ListItem","position":3,"name":"Mechanical seals P560"}]},{"@type":"WebSite","@id":"https:\/\/www.seeer-tn.com\/#website","url":"https:\/\/www.seeer-tn.com\/","name":"SEEER","description":"Soci\u00e9t\u00e9 d\u2019\u00e9quipement \u00e9lectrique \u00e9lectronique &amp; de Rebobinage","potentialAction":[{"@type":"SearchAction","target":{"@type":"EntryPoint","urlTemplate":"https:\/\/www.seeer-tn.com\/?s={search_term_string}"},"query-input":"required name=search_term_string"}],"inLanguage":"en-US"}]}},"_links":{"self":[{"href":"https:\/\/www.seeer-tn.com\/en\/wp-json\/wp\/v2\/product\/13540","targetHints":{"allow":["GET"]}}],"collection":[{"href":"https:\/\/www.seeer-tn.com\/en\/wp-json\/wp\/v2\/product"}],"about":[{"href":"https:\/\/www.seeer-tn.com\/en\/wp-json\/wp\/v2\/types\/product"}],"wp:featuredmedia":[{"embeddable":true,"href":"https:\/\/www.seeer-tn.com\/en\/wp-json\/wp\/v2\/media\/7908"}],"wp:attachment":[{"href":"https:\/\/www.seeer-tn.com\/en\/wp-json\/wp\/v2\/media?parent=13540"}],"wp:term":[{"taxonomy":"product_cat","embeddable":true,"href":"https:\/\/www.seeer-tn.com\/en\/wp-json\/wp\/v2\/product_cat?post=13540"},{"taxonomy":"product_tag","embeddable":true,"href":"https:\/\/www.seeer-tn.com\/en\/wp-json\/wp\/v2\/product_tag?post=13540"}],"curies":[{"name":"wp","href":"https:\/\/api.w.org\/{rel}","templated":true}]}}