{"id":13545,"date":"2022-09-19T11:03:16","date_gmt":"2022-09-19T09:03:16","guid":{"rendered":"https:\/\/www.seeer-tn.com\/?post_type=product&#038;p=13545"},"modified":"2024-09-20T18:01:59","modified_gmt":"2024-09-20T16:01:59","slug":"mechanical-seals-prl","status":"publish","type":"product","link":"https:\/\/www.seeer-tn.com\/en\/produit\/mechanical-seals-prl\/","title":{"rendered":"Mechanical seals  PRL"},"content":{"rendered":"<div class=\"wpb-content-wrapper\"><p>[vc_row][vc_column][vc_column_text woodmart_inline=&#8221;no&#8221; text_larger=&#8221;no&#8221;]<\/p>\n<table>\n<tbody>\n<tr>\n<td style=\"text-align: left;\">\n<div class=\"sous-titre-prod\">Allowable limits PRL :<\/div>\n<p>Pressure : 0.7MPa<br \/>\nVelocity : 13m\/s<br \/>\nTemperature : &#8211; 20 &#8211; 100\u00b0C<\/p>\n<div class=\"sous-titre-prod\">Application :<\/div>\n<p>Water circulation pump.<\/td>\n<td>\n<div class=\"sous-titre-prod\">Component materials :<\/div>\n<p>Fixed ring: Carbon<br \/>\nRotating ring: Ceramic<br \/>\nSecondary seal: NBR<br \/>\nSpring &#038; others: SUS304 <\/td>\n<\/tr>\n<\/tbody>\n<\/table>\n<p><a href=\"https:\/\/www.seeer-tn.com\/wp-content\/uploads\/2024\/01\/PRL_compressed.pdf\" target=\"_blank\" rel=\"noopener\"><img loading=\"lazy\" decoding=\"async\" class=\"alignnone wp-image-7324\" src=\"https:\/\/www.seeer-tn.com\/wp-content\/uploads\/2022\/10\/PDF_file_icon.jpg\" alt=\"\" width=\"46\" height=\"57\" \/> Download PDF file<\/a>[\/vc_column_text][\/vc_column][\/vc_row]<\/p>\n<\/div>","protected":false},"excerpt":{"rendered":"<table>\n<tbody>\n<tr style=\"height: 56px;\">\n<td width=\"80\"><strong><span style=\"color: #007bc4;\">Model<\/span><\/strong><\/td>\n<td width=\"80\"><strong><span style=\"color: #007bc4;\">d<\/span><\/strong><\/td>\n<td width=\"80\"><strong><span style=\"color: #007bc4;\">D<\/span><\/strong><\/td>\n<td width=\"80\"><strong><span style=\"color: #007bc4;\">D1<\/span><\/strong><\/td>\n<td width=\"80\"><strong><span style=\"color: #007bc4;\">L1<\/span><\/strong><\/td>\n<td width=\"80\"><strong><span style=\"color: #007bc4;\">L2<\/span><\/strong><\/td>\n<\/tr>\n<tr style=\"background-color: #dfdfdf;\">\n<td width=\"80\"><strong><span style=\"color: #007bc4;\">P10RL<\/span><\/strong><\/td>\n<td width=\"80\">10<\/td>\n<td width=\"80\">20<\/td>\n<td width=\"80\">21<\/td>\n<td width=\"80\">7<\/td>\n<td width=\"80\">15.2<\/td>\n<\/tr>\n<tr style=\"background-color: #fefefe;\">\n<td width=\"80\"><strong><span style=\"color: #007bc4;\">P12RL<\/span><\/strong><\/td>\n<td width=\"80\">12<\/td>\n<td width=\"80\">22<\/td>\n<td width=\"80\">2J<\/td>\n<td width=\"80\">7<\/td>\n<td width=\"80\">18.2<\/td>\n<\/tr>\n<tr style=\"background-color: #dfdfdf;\">\n<td width=\"80\"><strong><span style=\"color: #007bc4;\">P14RL<\/span><\/strong><\/td>\n<td width=\"80\">14<\/td>\n<td width=\"80\">25<\/td>\n<td width=\"80\">25<\/td>\n<td width=\"80\">7<\/td>\n<td width=\"80\">22.2<\/td>\n<\/tr>\n<tr style=\"background-color: #fefefe;\">\n<td width=\"80\"><strong> <span style=\"color: #007bc4;\">P16RL<\/span><\/strong><\/td>\n<td width=\"80\">16<\/td>\n<td width=\"80\">29<\/td>\n<td width=\"80\">27<\/td>\n<td width=\"80\">7<\/td>\n<td width=\"80\">23.2<\/td>\n<\/tr>\n<tr style=\"background-color: #dfdfdf;\">\n<td width=\"80\"><strong> <span style=\"color: #007bc4;\">P18RL<\/span><\/strong><\/td>\n<td width=\"80\">18<\/td>\n<td width=\"80\">33<\/td>\n<td width=\"80\">33<\/td>\n<td width=\"80\">10<\/td>\n<td width=\"80\">24.2<\/td>\n<\/tr>\n<tr style=\"background-color: #fefefe;\">\n<td width=\"80\"><strong><span style=\"color: #007bc4;\">P20RL<\/span><\/strong><\/td>\n<td width=\"80\">20<\/td>\n<td width=\"80\">33<\/td>\n<td width=\"80\">35<\/td>\n<td width=\"80\">10<\/td>\n<td width=\"80\">25.2<\/td>\n<\/tr>\n<tr style=\"background-color: #dfdfdf;\">\n<td width=\"80\"><strong> <span style=\"color: #007bc4;\">P22RL<\/span><\/strong><\/td>\n<td width=\"80\">22<\/td>\n<td width=\"80\">38<\/td>\n<td width=\"80\">37<\/td>\n<td width=\"80\">10<\/td>\n<td width=\"80\">25.2<\/td>\n<\/tr>\n<tr style=\"background-color: #fefefe;\">\n<td width=\"80\"><strong> <span style=\"color: #007bc4;\">P24RL<\/span><\/strong><\/td>\n<td width=\"80\">24<\/td>\n<td width=\"80\">38<\/td>\n<td width=\"80\">39<\/td>\n<td width=\"80\">10<\/td>\n<td width=\"80\">27.2<\/td>\n<\/tr>\n<tr style=\"background-color: #dfdfdf;\">\n<td width=\"80\"><strong><span style=\"color: #007bc4;\">P25RL<\/span><\/strong><\/td>\n<td width=\"80\">25<\/td>\n<td width=\"80\">40<\/td>\n<td width=\"80\">40<\/td>\n<td width=\"80\">10<\/td>\n<td width=\"80\">27.2<\/td>\n<\/tr>\n<tr style=\"background-color: #fefefe;\">\n<td width=\"80\"><strong><span style=\"color: #007bc4;\">P28RL<\/span><\/strong><\/td>\n<td width=\"80\">28<\/td>\n<td width=\"80\">46<\/td>\n<td width=\"80\">43<\/td>\n<td width=\"80\">10<\/td>\n<td width=\"80\">29.2<\/td>\n<\/tr>\n<tr style=\"background-color: #dfdfdf;\">\n<td width=\"80\"><strong><span style=\"color: #007bc4;\">P30RL<\/span><\/strong><\/td>\n<td width=\"80\">30<\/td>\n<td width=\"80\">46<\/td>\n<td width=\"80\">45<\/td>\n<td width=\"80\">10<\/td>\n<td width=\"80\">30.2<\/td>\n<\/tr>\n<tr style=\"background-color: #fefefe;\">\n<td width=\"80\"><strong><span style=\"color: #007bc4;\">P32RL<\/span><\/strong><\/td>\n<td width=\"80\">32<\/td>\n<td width=\"80\">46<\/td>\n<td width=\"80\">48<\/td>\n<td width=\"80\">10<\/td>\n<td width=\"80\">30.2<\/td>\n<\/tr>\n<tr style=\"background-color: #dfdfdf;\">\n<td width=\"80\"><strong><span style=\"color: #007bc4;\">P33RL<\/span><\/strong><\/td>\n<td width=\"80\">33<\/td>\n<td width=\"80\">48<\/td>\n<td width=\"80\">48<\/td>\n<td width=\"80\">10<\/td>\n<td width=\"80\">39.2<\/td>\n<\/tr>\n<tr style=\"background-color: #fefefe;\">\n<td width=\"80\"><strong><span style=\"color: #007bc4;\">P35RL<\/span><\/strong><\/td>\n<td width=\"80\">35<\/td>\n<td width=\"80\">50<\/td>\n<td width=\"80\">50<\/td>\n<td width=\"80\">10<\/td>\n<td width=\"80\">39.2<\/td>\n<\/tr>\n<tr style=\"background-color: #dfdfdf;\">\n<td width=\"80\"><strong><span style=\"color: #007bc4;\">P38RL<\/span><\/strong><\/td>\n<td width=\"80\">38<\/td>\n<td width=\"80\">56<\/td>\n<td width=\"80\">56<\/td>\n<td width=\"80\">13<\/td>\n<td width=\"80\">42.2<\/td>\n<\/tr>\n<tr style=\"background-color: #fefefe;\">\n<td width=\"80\"><strong><span style=\"color: #007bc4;\">P40RL<\/span><\/strong><\/td>\n<td width=\"80\">40<\/td>\n<td width=\"80\">58<\/td>\n<td width=\"80\">58<\/td>\n<td width=\"80\">13<\/td>\n<td width=\"80\">42.2<\/td>\n<\/tr>\n<\/tbody>\n<\/table>\n","protected":false},"featured_media":7905,"template":"","meta":[],"product_cat":[104],"product_tag":[],"class_list":["post-13545","product","type-product","status-publish","has-post-thumbnail","hentry","product_cat-mechanical-seal"],"acf":[],"yoast_head":"<!-- This site is optimized with the Yoast SEO plugin v23.3 - https:\/\/yoast.com\/wordpress\/plugins\/seo\/ -->\n<title>Mechanical seals PRL | SEEER<\/title>\n<meta name=\"description\" content=\"Model d D D1 L1 L2   P10RL 10 20 21 7 15.2   P12RL 12 22 2J 7 18.2   P14RL 14 25 25 7 22.2    P16RL 16 29 27 7 23.2    P18RL 18 33 33 10 24.2   P20RL 20 33 35 10 25.2    P22RL 22 38 37 10 25.2    P24RL 24 38 39 10 27.2   P25RL 25 40 40 10 27.2   P28RL 28 46 43 10 29.2   P30RL 30 46 45 10 30.2   P32RL 32 46 48 10 30.2   P33RL 33 48 48 10 39.2   P35RL 35 50 50 10 39.2   P38RL 38 56 56 13 42.2   P40RL 40 58 58 13 42.2\" \/>\n<meta name=\"robots\" content=\"index, follow, max-snippet:-1, max-image-preview:large, max-video-preview:-1\" \/>\n<link rel=\"canonical\" href=\"https:\/\/www.seeer-tn.com\/en\/produit\/mechanical-seals-prl\/\" \/>\n<meta property=\"og:locale\" content=\"en_US\" \/>\n<meta property=\"og:type\" content=\"article\" \/>\n<meta property=\"og:title\" content=\"Mechanical seals PRL | SEEER\" \/>\n<meta property=\"og:description\" content=\"Model d D D1 L1 L2   P10RL 10 20 21 7 15.2   P12RL 12 22 2J 7 18.2   P14RL 14 25 25 7 22.2    P16RL 16 29 27 7 23.2    P18RL 18 33 33 10 24.2   P20RL 20 33 35 10 25.2    P22RL 22 38 37 10 25.2    P24RL 24 38 39 10 27.2   P25RL 25 40 40 10 27.2   P28RL 28 46 43 10 29.2   P30RL 30 46 45 10 30.2   P32RL 32 46 48 10 30.2   P33RL 33 48 48 10 39.2   P35RL 35 50 50 10 39.2   P38RL 38 56 56 13 42.2   P40RL 40 58 58 13 42.2\" \/>\n<meta property=\"og:url\" content=\"https:\/\/www.seeer-tn.com\/en\/produit\/mechanical-seals-prl\/\" \/>\n<meta property=\"og:site_name\" content=\"SEEER\" \/>\n<meta property=\"article:modified_time\" content=\"2024-09-20T16:01:59+00:00\" \/>\n<meta property=\"og:image\" content=\"https:\/\/www.seeer-tn.com\/wp-content\/uploads\/2022\/09\/Roulement-7.jpg\" \/>\n\t<meta property=\"og:image:width\" content=\"1000\" \/>\n\t<meta property=\"og:image:height\" content=\"1000\" \/>\n\t<meta property=\"og:image:type\" content=\"image\/jpeg\" \/>\n<meta name=\"twitter:card\" content=\"summary_large_image\" \/>\n<meta name=\"twitter:label1\" content=\"Est. reading time\" \/>\n\t<meta name=\"twitter:data1\" content=\"1 minute\" \/>\n<script type=\"application\/ld+json\" class=\"yoast-schema-graph\">{\"@context\":\"https:\/\/schema.org\",\"@graph\":[{\"@type\":\"WebPage\",\"@id\":\"https:\/\/www.seeer-tn.com\/en\/produit\/mechanical-seals-prl\/\",\"url\":\"https:\/\/www.seeer-tn.com\/en\/produit\/mechanical-seals-prl\/\",\"name\":\"Mechanical seals PRL | SEEER\",\"isPartOf\":{\"@id\":\"https:\/\/www.seeer-tn.com\/#website\"},\"primaryImageOfPage\":{\"@id\":\"https:\/\/www.seeer-tn.com\/en\/produit\/mechanical-seals-prl\/#primaryimage\"},\"image\":{\"@id\":\"https:\/\/www.seeer-tn.com\/en\/produit\/mechanical-seals-prl\/#primaryimage\"},\"thumbnailUrl\":\"https:\/\/www.seeer-tn.com\/wp-content\/uploads\/2022\/09\/Roulement-7.jpg\",\"datePublished\":\"2022-09-19T09:03:16+00:00\",\"dateModified\":\"2024-09-20T16:01:59+00:00\",\"description\":\"Model d D D1 L1 L2 P10RL 10 20 21 7 15.2 P12RL 12 22 2J 7 18.2 P14RL 14 25 25 7 22.2 P16RL 16 29 27 7 23.2 P18RL 18 33 33 10 24.2 P20RL 20 33 35 10 25.2 P22RL 22 38 37 10 25.2 P24RL 24 38 39 10 27.2 P25RL 25 40 40 10 27.2 P28RL 28 46 43 10 29.2 P30RL 30 46 45 10 30.2 P32RL 32 46 48 10 30.2 P33RL 33 48 48 10 39.2 P35RL 35 50 50 10 39.2 P38RL 38 56 56 13 42.2 P40RL 40 58 58 13 42.2\",\"breadcrumb\":{\"@id\":\"https:\/\/www.seeer-tn.com\/en\/produit\/mechanical-seals-prl\/#breadcrumb\"},\"inLanguage\":\"en-US\",\"potentialAction\":[{\"@type\":\"ReadAction\",\"target\":[\"https:\/\/www.seeer-tn.com\/en\/produit\/mechanical-seals-prl\/\"]}]},{\"@type\":\"ImageObject\",\"inLanguage\":\"en-US\",\"@id\":\"https:\/\/www.seeer-tn.com\/en\/produit\/mechanical-seals-prl\/#primaryimage\",\"url\":\"https:\/\/www.seeer-tn.com\/wp-content\/uploads\/2022\/09\/Roulement-7.jpg\",\"contentUrl\":\"https:\/\/www.seeer-tn.com\/wp-content\/uploads\/2022\/09\/Roulement-7.jpg\",\"width\":1000,\"height\":1000},{\"@type\":\"BreadcrumbList\",\"@id\":\"https:\/\/www.seeer-tn.com\/en\/produit\/mechanical-seals-prl\/#breadcrumb\",\"itemListElement\":[{\"@type\":\"ListItem\",\"position\":1,\"name\":\"Accueil\",\"item\":\"https:\/\/www.seeer-tn.com\/en\/\"},{\"@type\":\"ListItem\",\"position\":2,\"name\":\"Boutique\",\"item\":\"https:\/\/www.seeer-tn.com\/boutique\/\"},{\"@type\":\"ListItem\",\"position\":3,\"name\":\"Mechanical seals PRL\"}]},{\"@type\":\"WebSite\",\"@id\":\"https:\/\/www.seeer-tn.com\/#website\",\"url\":\"https:\/\/www.seeer-tn.com\/\",\"name\":\"SEEER\",\"description\":\"Soci\u00e9t\u00e9 d\u2019\u00e9quipement \u00e9lectrique \u00e9lectronique &amp; de Rebobinage\",\"potentialAction\":[{\"@type\":\"SearchAction\",\"target\":{\"@type\":\"EntryPoint\",\"urlTemplate\":\"https:\/\/www.seeer-tn.com\/?s={search_term_string}\"},\"query-input\":\"required name=search_term_string\"}],\"inLanguage\":\"en-US\"}]}<\/script>\n<!-- \/ Yoast SEO plugin. -->","yoast_head_json":{"title":"Mechanical seals PRL | SEEER","description":"Model d D D1 L1 L2   P10RL 10 20 21 7 15.2   P12RL 12 22 2J 7 18.2   P14RL 14 25 25 7 22.2    P16RL 16 29 27 7 23.2    P18RL 18 33 33 10 24.2   P20RL 20 33 35 10 25.2    P22RL 22 38 37 10 25.2    P24RL 24 38 39 10 27.2   P25RL 25 40 40 10 27.2   P28RL 28 46 43 10 29.2   P30RL 30 46 45 10 30.2   P32RL 32 46 48 10 30.2   P33RL 33 48 48 10 39.2   P35RL 35 50 50 10 39.2   P38RL 38 56 56 13 42.2   P40RL 40 58 58 13 42.2","robots":{"index":"index","follow":"follow","max-snippet":"max-snippet:-1","max-image-preview":"max-image-preview:large","max-video-preview":"max-video-preview:-1"},"canonical":"https:\/\/www.seeer-tn.com\/en\/produit\/mechanical-seals-prl\/","og_locale":"en_US","og_type":"article","og_title":"Mechanical seals PRL | SEEER","og_description":"Model d D D1 L1 L2   P10RL 10 20 21 7 15.2   P12RL 12 22 2J 7 18.2   P14RL 14 25 25 7 22.2    P16RL 16 29 27 7 23.2    P18RL 18 33 33 10 24.2   P20RL 20 33 35 10 25.2    P22RL 22 38 37 10 25.2    P24RL 24 38 39 10 27.2   P25RL 25 40 40 10 27.2   P28RL 28 46 43 10 29.2   P30RL 30 46 45 10 30.2   P32RL 32 46 48 10 30.2   P33RL 33 48 48 10 39.2   P35RL 35 50 50 10 39.2   P38RL 38 56 56 13 42.2   P40RL 40 58 58 13 42.2","og_url":"https:\/\/www.seeer-tn.com\/en\/produit\/mechanical-seals-prl\/","og_site_name":"SEEER","article_modified_time":"2024-09-20T16:01:59+00:00","og_image":[{"width":1000,"height":1000,"url":"https:\/\/www.seeer-tn.com\/wp-content\/uploads\/2022\/09\/Roulement-7.jpg","type":"image\/jpeg"}],"twitter_card":"summary_large_image","twitter_misc":{"Est. reading time":"1 minute"},"schema":{"@context":"https:\/\/schema.org","@graph":[{"@type":"WebPage","@id":"https:\/\/www.seeer-tn.com\/en\/produit\/mechanical-seals-prl\/","url":"https:\/\/www.seeer-tn.com\/en\/produit\/mechanical-seals-prl\/","name":"Mechanical seals PRL | SEEER","isPartOf":{"@id":"https:\/\/www.seeer-tn.com\/#website"},"primaryImageOfPage":{"@id":"https:\/\/www.seeer-tn.com\/en\/produit\/mechanical-seals-prl\/#primaryimage"},"image":{"@id":"https:\/\/www.seeer-tn.com\/en\/produit\/mechanical-seals-prl\/#primaryimage"},"thumbnailUrl":"https:\/\/www.seeer-tn.com\/wp-content\/uploads\/2022\/09\/Roulement-7.jpg","datePublished":"2022-09-19T09:03:16+00:00","dateModified":"2024-09-20T16:01:59+00:00","description":"Model d D D1 L1 L2 P10RL 10 20 21 7 15.2 P12RL 12 22 2J 7 18.2 P14RL 14 25 25 7 22.2 P16RL 16 29 27 7 23.2 P18RL 18 33 33 10 24.2 P20RL 20 33 35 10 25.2 P22RL 22 38 37 10 25.2 P24RL 24 38 39 10 27.2 P25RL 25 40 40 10 27.2 P28RL 28 46 43 10 29.2 P30RL 30 46 45 10 30.2 P32RL 32 46 48 10 30.2 P33RL 33 48 48 10 39.2 P35RL 35 50 50 10 39.2 P38RL 38 56 56 13 42.2 P40RL 40 58 58 13 42.2","breadcrumb":{"@id":"https:\/\/www.seeer-tn.com\/en\/produit\/mechanical-seals-prl\/#breadcrumb"},"inLanguage":"en-US","potentialAction":[{"@type":"ReadAction","target":["https:\/\/www.seeer-tn.com\/en\/produit\/mechanical-seals-prl\/"]}]},{"@type":"ImageObject","inLanguage":"en-US","@id":"https:\/\/www.seeer-tn.com\/en\/produit\/mechanical-seals-prl\/#primaryimage","url":"https:\/\/www.seeer-tn.com\/wp-content\/uploads\/2022\/09\/Roulement-7.jpg","contentUrl":"https:\/\/www.seeer-tn.com\/wp-content\/uploads\/2022\/09\/Roulement-7.jpg","width":1000,"height":1000},{"@type":"BreadcrumbList","@id":"https:\/\/www.seeer-tn.com\/en\/produit\/mechanical-seals-prl\/#breadcrumb","itemListElement":[{"@type":"ListItem","position":1,"name":"Accueil","item":"https:\/\/www.seeer-tn.com\/en\/"},{"@type":"ListItem","position":2,"name":"Boutique","item":"https:\/\/www.seeer-tn.com\/boutique\/"},{"@type":"ListItem","position":3,"name":"Mechanical seals PRL"}]},{"@type":"WebSite","@id":"https:\/\/www.seeer-tn.com\/#website","url":"https:\/\/www.seeer-tn.com\/","name":"SEEER","description":"Soci\u00e9t\u00e9 d\u2019\u00e9quipement \u00e9lectrique \u00e9lectronique &amp; de Rebobinage","potentialAction":[{"@type":"SearchAction","target":{"@type":"EntryPoint","urlTemplate":"https:\/\/www.seeer-tn.com\/?s={search_term_string}"},"query-input":"required name=search_term_string"}],"inLanguage":"en-US"}]}},"_links":{"self":[{"href":"https:\/\/www.seeer-tn.com\/en\/wp-json\/wp\/v2\/product\/13545","targetHints":{"allow":["GET"]}}],"collection":[{"href":"https:\/\/www.seeer-tn.com\/en\/wp-json\/wp\/v2\/product"}],"about":[{"href":"https:\/\/www.seeer-tn.com\/en\/wp-json\/wp\/v2\/types\/product"}],"wp:featuredmedia":[{"embeddable":true,"href":"https:\/\/www.seeer-tn.com\/en\/wp-json\/wp\/v2\/media\/7905"}],"wp:attachment":[{"href":"https:\/\/www.seeer-tn.com\/en\/wp-json\/wp\/v2\/media?parent=13545"}],"wp:term":[{"taxonomy":"product_cat","embeddable":true,"href":"https:\/\/www.seeer-tn.com\/en\/wp-json\/wp\/v2\/product_cat?post=13545"},{"taxonomy":"product_tag","embeddable":true,"href":"https:\/\/www.seeer-tn.com\/en\/wp-json\/wp\/v2\/product_tag?post=13545"}],"curies":[{"name":"wp","href":"https:\/\/api.w.org\/{rel}","templated":true}]}}