{"id":13555,"date":"2022-09-19T11:08:32","date_gmt":"2022-09-19T09:08:32","guid":{"rendered":"https:\/\/www.seeer-tn.com\/?post_type=product&#038;p=13555"},"modified":"2024-09-20T14:12:58","modified_gmt":"2024-09-20T12:12:58","slug":"mechanical-seals-pid","status":"publish","type":"product","link":"https:\/\/www.seeer-tn.com\/en\/produit\/mechanical-seals-pid\/","title":{"rendered":"Mechanical seals  PID"},"content":{"rendered":"<div class=\"wpb-content-wrapper\"><p>[vc_row][vc_column][vc_column_text woodmart_inline=&#8221;no&#8221; text_larger=&#8221;no&#8221;]<\/p>\n<table style=\"height: 272px;\" width=\"701\">\n<tbody>\n<tr>\n<td style=\"text-align: left;\">\n<div class=\"sous-titre-prod\" style=\"font-size: 12px;\">Component materials PID :<\/div>\n<p>Fixed ring: Ceramic<br \/>\nRotating ring: Carbon<br \/>\nSecondary seal: NBR<br \/>\nSpring &amp; others: SUS304<\/p>\n<div class=\"sous-titre-prod\" style=\"font-size: 12px;\">Application PID :<\/div>\n<p>Used for cooling pumps, blowers. mixers. and other rotating equipment.<\/td>\n<td>\n<div class=\"sous-titre-prod\" style=\"font-size: 12px;\">Allowable limits PID :<\/div>\n<p>Pressure : 0.8MPa<br \/>\nVelocity : 10m\/s<br \/>\nTemperature : &#8211; 40 &#8211; 150\u00b0C<\/td>\n<\/tr>\n<\/tbody>\n<\/table>\n<p><a href=\"https:\/\/www.seeer-tn.com\/wp-content\/uploads\/2024\/01\/pid_compressed.pdf\" target=\"_blank\" rel=\"noopener\"><img loading=\"lazy\" decoding=\"async\" class=\"alignnone wp-image-7324\" src=\"https:\/\/www.seeer-tn.com\/wp-content\/uploads\/2022\/10\/PDF_file_icon.jpg\" alt=\"\" width=\"46\" height=\"57\" \/> Download PDF file<\/a>[\/vc_column_text][\/vc_column][\/vc_row]<\/p>\n<\/div>","protected":false},"excerpt":{"rendered":"<table>\n<tbody>\n<tr style=\"height: 56px;\">\n<td width=\"80\"><strong><span style=\"color: #007bc4;\">Model<\/span><\/strong><\/td>\n<td width=\"80\"><\/td>\n<td width=\"80\"><strong><span style=\"color: #007bc4;\">d3<\/span><\/strong><\/td>\n<td width=\"80\"><strong><span style=\"color: #007bc4;\">d7<\/span><\/strong><\/td>\n<td width=\"80\"><strong><span style=\"color: #007bc4;\">Ll<\/span><\/strong><\/td>\n<td width=\"80\"><strong><span style=\"color: #007bc4;\">L2<\/span><\/strong><\/td>\n<td width=\"80\"><strong><span style=\"color: #007bc4;\">L3<\/span><\/strong><\/td>\n<\/tr>\n<tr style=\"background-color: #dfdfdf;\">\n<td width=\"80\"><strong><span style=\"color: #007bc4;\">P13 ID<\/span><\/strong><\/td>\n<td width=\"80\">13<\/td>\n<td width=\"80\">25<\/td>\n<td width=\"80\">25<\/td>\n<td width=\"80\">36<\/td>\n<td width=\"80\">5<\/td>\n<td width=\"80\">5<\/td>\n<\/tr>\n<tr style=\"background-color: #fefefe;\">\n<td width=\"80\"><strong><span style=\"color: #007bc4;\">P14 ID<\/span><\/strong><\/td>\n<td width=\"80\">14<\/td>\n<td width=\"80\">30<\/td>\n<td width=\"80\">30<\/td>\n<td width=\"80\">36<\/td>\n<td width=\"80\">5<\/td>\n<td width=\"80\">5<\/td>\n<\/tr>\n<tr style=\"background-color: #dfdfdf;\">\n<td width=\"80\"><strong><span style=\"color: #007bc4;\">P15 ID<\/span><\/strong><\/td>\n<td width=\"80\">15<\/td>\n<td width=\"80\">30<\/td>\n<td width=\"80\">30<\/td>\n<td width=\"80\">36<\/td>\n<td width=\"80\">5<\/td>\n<td width=\"80\">5<\/td>\n<\/tr>\n<tr style=\"background-color: #fefefe;\">\n<td width=\"80\"><strong><span style=\"color: #007bc4;\">P15 ID<\/span><\/strong><\/td>\n<td width=\"80\">16<\/td>\n<td width=\"80\">30<\/td>\n<td width=\"80\">30<\/td>\n<td width=\"80\">36<\/td>\n<td width=\"80\">5<\/td>\n<td width=\"80\">5<\/td>\n<\/tr>\n<tr style=\"background-color: #dfdfdf;\">\n<td width=\"80\"><strong><span style=\"color: #007bc4;\">P20 ID<\/span><\/strong><\/td>\n<td width=\"80\">20<\/td>\n<td width=\"80\">38<\/td>\n<td width=\"80\">44<\/td>\n<td width=\"80\">49<\/td>\n<td width=\"80\">7<\/td>\n<td width=\"80\">7<\/td>\n<\/tr>\n<tr style=\"background-color: #fefefe;\">\n<td width=\"80\"><strong><span style=\"color: #007bc4;\">P25 ID<\/span><\/strong><\/td>\n<td width=\"80\">25<\/td>\n<td width=\"80\">44<\/td>\n<td width=\"80\">50<\/td>\n<td width=\"80\">51<\/td>\n<td width=\"80\">7<\/td>\n<td width=\"80\">7<\/td>\n<\/tr>\n<tr style=\"background-color: #dfdfdf;\">\n<td width=\"80\"><strong><span style=\"color: #007bc4;\">P30 ID<\/span><\/strong><\/td>\n<td width=\"80\">30<\/td>\n<td width=\"80\">50<\/td>\n<td width=\"80\">57<\/td>\n<td width=\"80\">59<\/td>\n<td width=\"80\">9<\/td>\n<td width=\"80\">8<\/td>\n<\/tr>\n<tr style=\"background-color: #fefefe;\">\n<td width=\"80\"><strong><span style=\"color: #007bc4;\">P35 ID<\/span><\/strong><\/td>\n<td width=\"80\">35<\/td>\n<td width=\"80\">58<\/td>\n<td width=\"80\">64<\/td>\n<td width=\"80\">61<\/td>\n<td width=\"80\">9<\/td>\n<td width=\"80\">9<\/td>\n<\/tr>\n<tr style=\"background-color: #dfdfdf;\">\n<td width=\"80\"><strong><span style=\"color: #007bc4;\">P40 ID<\/span><\/strong><\/td>\n<td width=\"80\">40<\/td>\n<td width=\"80\">64<\/td>\n<td width=\"80\">70<\/td>\n<td width=\"80\">64<\/td>\n<td width=\"80\">11<\/td>\n<td width=\"80\">9<\/td>\n<\/tr>\n<tr style=\"background-color: #fefefe;\">\n<td width=\"80\"><strong><span style=\"color: #007bc4;\">P45 ID<\/span><\/strong><\/td>\n<td width=\"80\">45<\/td>\n<td width=\"80\">66<\/td>\n<td width=\"80\">70<\/td>\n<td width=\"80\">65<\/td>\n<td width=\"80\">10<\/td>\n<td width=\"80\">9<\/td>\n<\/tr>\n<tr style=\"background-color: #dfdfdf;\">\n<td width=\"80\"><strong><span style=\"color: #007bc4;\">P50 ID<\/span><\/strong><\/td>\n<td width=\"80\">50<\/td>\n<td width=\"80\">72<\/td>\n<td width=\"80\">80<\/td>\n<td width=\"80\">69<\/td>\n<td width=\"80\">10<\/td>\n<td width=\"80\">9<\/td>\n<\/tr>\n<\/tbody>\n<\/table>\n","protected":false},"featured_media":7581,"template":"","meta":[],"product_cat":[104],"product_tag":[],"class_list":["post-13555","product","type-product","status-publish","has-post-thumbnail","hentry","product_cat-mechanical-seal"],"acf":[],"yoast_head":"<!-- This site is optimized with the Yoast SEO plugin v23.3 - https:\/\/yoast.com\/wordpress\/plugins\/seo\/ -->\n<title>Mechanical seals PID | SEEER<\/title>\n<meta name=\"description\" content=\"Model  d3 d7 Ll L2 L3   P13 ID 13 25 25 36 5 5   P14 ID 14 30 30 36 5 5   P15 ID 15 30 30 36 5 5   P15 ID 16 30 30 36 5 5   P20 ID 20 38 44 49 7 7   P25 ID 25 44 50 51 7 7   P30 ID 30 50 57 59 9 8   P35 ID 35 58 64 61 9 9   P40 ID 40 64 70 64 11 9   P45 ID 45 66 70 65 10 9   P50 ID 50 72 80 69 10 9\" \/>\n<meta name=\"robots\" content=\"index, follow, max-snippet:-1, max-image-preview:large, max-video-preview:-1\" \/>\n<link rel=\"canonical\" href=\"https:\/\/www.seeer-tn.com\/en\/produit\/mechanical-seals-pid\/\" \/>\n<meta property=\"og:locale\" content=\"en_US\" \/>\n<meta property=\"og:type\" content=\"article\" \/>\n<meta property=\"og:title\" content=\"Mechanical seals PID | SEEER\" \/>\n<meta property=\"og:description\" content=\"Model  d3 d7 Ll L2 L3   P13 ID 13 25 25 36 5 5   P14 ID 14 30 30 36 5 5   P15 ID 15 30 30 36 5 5   P15 ID 16 30 30 36 5 5   P20 ID 20 38 44 49 7 7   P25 ID 25 44 50 51 7 7   P30 ID 30 50 57 59 9 8   P35 ID 35 58 64 61 9 9   P40 ID 40 64 70 64 11 9   P45 ID 45 66 70 65 10 9   P50 ID 50 72 80 69 10 9\" \/>\n<meta property=\"og:url\" content=\"https:\/\/www.seeer-tn.com\/en\/produit\/mechanical-seals-pid\/\" \/>\n<meta property=\"og:site_name\" content=\"SEEER\" \/>\n<meta property=\"article:modified_time\" content=\"2024-09-20T12:12:58+00:00\" \/>\n<meta property=\"og:image\" content=\"https:\/\/www.seeer-tn.com\/wp-content\/uploads\/2022\/09\/pid-2.jpg\" \/>\n\t<meta property=\"og:image:width\" content=\"1000\" \/>\n\t<meta property=\"og:image:height\" content=\"1000\" \/>\n\t<meta property=\"og:image:type\" content=\"image\/jpeg\" \/>\n<meta name=\"twitter:card\" content=\"summary_large_image\" \/>\n<meta name=\"twitter:label1\" content=\"Est. reading time\" \/>\n\t<meta name=\"twitter:data1\" content=\"1 minute\" \/>\n<script type=\"application\/ld+json\" class=\"yoast-schema-graph\">{\"@context\":\"https:\/\/schema.org\",\"@graph\":[{\"@type\":\"WebPage\",\"@id\":\"https:\/\/www.seeer-tn.com\/en\/produit\/mechanical-seals-pid\/\",\"url\":\"https:\/\/www.seeer-tn.com\/en\/produit\/mechanical-seals-pid\/\",\"name\":\"Mechanical seals PID | SEEER\",\"isPartOf\":{\"@id\":\"https:\/\/www.seeer-tn.com\/#website\"},\"primaryImageOfPage\":{\"@id\":\"https:\/\/www.seeer-tn.com\/en\/produit\/mechanical-seals-pid\/#primaryimage\"},\"image\":{\"@id\":\"https:\/\/www.seeer-tn.com\/en\/produit\/mechanical-seals-pid\/#primaryimage\"},\"thumbnailUrl\":\"https:\/\/www.seeer-tn.com\/wp-content\/uploads\/2022\/09\/pid-2.jpg\",\"datePublished\":\"2022-09-19T09:08:32+00:00\",\"dateModified\":\"2024-09-20T12:12:58+00:00\",\"description\":\"Model d3 d7 Ll L2 L3 P13 ID 13 25 25 36 5 5 P14 ID 14 30 30 36 5 5 P15 ID 15 30 30 36 5 5 P15 ID 16 30 30 36 5 5 P20 ID 20 38 44 49 7 7 P25 ID 25 44 50 51 7 7 P30 ID 30 50 57 59 9 8 P35 ID 35 58 64 61 9 9 P40 ID 40 64 70 64 11 9 P45 ID 45 66 70 65 10 9 P50 ID 50 72 80 69 10 9\",\"breadcrumb\":{\"@id\":\"https:\/\/www.seeer-tn.com\/en\/produit\/mechanical-seals-pid\/#breadcrumb\"},\"inLanguage\":\"en-US\",\"potentialAction\":[{\"@type\":\"ReadAction\",\"target\":[\"https:\/\/www.seeer-tn.com\/en\/produit\/mechanical-seals-pid\/\"]}]},{\"@type\":\"ImageObject\",\"inLanguage\":\"en-US\",\"@id\":\"https:\/\/www.seeer-tn.com\/en\/produit\/mechanical-seals-pid\/#primaryimage\",\"url\":\"https:\/\/www.seeer-tn.com\/wp-content\/uploads\/2022\/09\/pid-2.jpg\",\"contentUrl\":\"https:\/\/www.seeer-tn.com\/wp-content\/uploads\/2022\/09\/pid-2.jpg\",\"width\":1000,\"height\":1000},{\"@type\":\"BreadcrumbList\",\"@id\":\"https:\/\/www.seeer-tn.com\/en\/produit\/mechanical-seals-pid\/#breadcrumb\",\"itemListElement\":[{\"@type\":\"ListItem\",\"position\":1,\"name\":\"Accueil\",\"item\":\"https:\/\/www.seeer-tn.com\/en\/\"},{\"@type\":\"ListItem\",\"position\":2,\"name\":\"Boutique\",\"item\":\"https:\/\/www.seeer-tn.com\/boutique\/\"},{\"@type\":\"ListItem\",\"position\":3,\"name\":\"Mechanical seals PID\"}]},{\"@type\":\"WebSite\",\"@id\":\"https:\/\/www.seeer-tn.com\/#website\",\"url\":\"https:\/\/www.seeer-tn.com\/\",\"name\":\"SEEER\",\"description\":\"Soci\u00e9t\u00e9 d\u2019\u00e9quipement \u00e9lectrique \u00e9lectronique &amp; de Rebobinage\",\"potentialAction\":[{\"@type\":\"SearchAction\",\"target\":{\"@type\":\"EntryPoint\",\"urlTemplate\":\"https:\/\/www.seeer-tn.com\/?s={search_term_string}\"},\"query-input\":\"required name=search_term_string\"}],\"inLanguage\":\"en-US\"}]}<\/script>\n<!-- \/ Yoast SEO plugin. -->","yoast_head_json":{"title":"Mechanical seals PID | SEEER","description":"Model  d3 d7 Ll L2 L3   P13 ID 13 25 25 36 5 5   P14 ID 14 30 30 36 5 5   P15 ID 15 30 30 36 5 5   P15 ID 16 30 30 36 5 5   P20 ID 20 38 44 49 7 7   P25 ID 25 44 50 51 7 7   P30 ID 30 50 57 59 9 8   P35 ID 35 58 64 61 9 9   P40 ID 40 64 70 64 11 9   P45 ID 45 66 70 65 10 9   P50 ID 50 72 80 69 10 9","robots":{"index":"index","follow":"follow","max-snippet":"max-snippet:-1","max-image-preview":"max-image-preview:large","max-video-preview":"max-video-preview:-1"},"canonical":"https:\/\/www.seeer-tn.com\/en\/produit\/mechanical-seals-pid\/","og_locale":"en_US","og_type":"article","og_title":"Mechanical seals PID | SEEER","og_description":"Model  d3 d7 Ll L2 L3   P13 ID 13 25 25 36 5 5   P14 ID 14 30 30 36 5 5   P15 ID 15 30 30 36 5 5   P15 ID 16 30 30 36 5 5   P20 ID 20 38 44 49 7 7   P25 ID 25 44 50 51 7 7   P30 ID 30 50 57 59 9 8   P35 ID 35 58 64 61 9 9   P40 ID 40 64 70 64 11 9   P45 ID 45 66 70 65 10 9   P50 ID 50 72 80 69 10 9","og_url":"https:\/\/www.seeer-tn.com\/en\/produit\/mechanical-seals-pid\/","og_site_name":"SEEER","article_modified_time":"2024-09-20T12:12:58+00:00","og_image":[{"width":1000,"height":1000,"url":"https:\/\/www.seeer-tn.com\/wp-content\/uploads\/2022\/09\/pid-2.jpg","type":"image\/jpeg"}],"twitter_card":"summary_large_image","twitter_misc":{"Est. reading time":"1 minute"},"schema":{"@context":"https:\/\/schema.org","@graph":[{"@type":"WebPage","@id":"https:\/\/www.seeer-tn.com\/en\/produit\/mechanical-seals-pid\/","url":"https:\/\/www.seeer-tn.com\/en\/produit\/mechanical-seals-pid\/","name":"Mechanical seals PID | SEEER","isPartOf":{"@id":"https:\/\/www.seeer-tn.com\/#website"},"primaryImageOfPage":{"@id":"https:\/\/www.seeer-tn.com\/en\/produit\/mechanical-seals-pid\/#primaryimage"},"image":{"@id":"https:\/\/www.seeer-tn.com\/en\/produit\/mechanical-seals-pid\/#primaryimage"},"thumbnailUrl":"https:\/\/www.seeer-tn.com\/wp-content\/uploads\/2022\/09\/pid-2.jpg","datePublished":"2022-09-19T09:08:32+00:00","dateModified":"2024-09-20T12:12:58+00:00","description":"Model d3 d7 Ll L2 L3 P13 ID 13 25 25 36 5 5 P14 ID 14 30 30 36 5 5 P15 ID 15 30 30 36 5 5 P15 ID 16 30 30 36 5 5 P20 ID 20 38 44 49 7 7 P25 ID 25 44 50 51 7 7 P30 ID 30 50 57 59 9 8 P35 ID 35 58 64 61 9 9 P40 ID 40 64 70 64 11 9 P45 ID 45 66 70 65 10 9 P50 ID 50 72 80 69 10 9","breadcrumb":{"@id":"https:\/\/www.seeer-tn.com\/en\/produit\/mechanical-seals-pid\/#breadcrumb"},"inLanguage":"en-US","potentialAction":[{"@type":"ReadAction","target":["https:\/\/www.seeer-tn.com\/en\/produit\/mechanical-seals-pid\/"]}]},{"@type":"ImageObject","inLanguage":"en-US","@id":"https:\/\/www.seeer-tn.com\/en\/produit\/mechanical-seals-pid\/#primaryimage","url":"https:\/\/www.seeer-tn.com\/wp-content\/uploads\/2022\/09\/pid-2.jpg","contentUrl":"https:\/\/www.seeer-tn.com\/wp-content\/uploads\/2022\/09\/pid-2.jpg","width":1000,"height":1000},{"@type":"BreadcrumbList","@id":"https:\/\/www.seeer-tn.com\/en\/produit\/mechanical-seals-pid\/#breadcrumb","itemListElement":[{"@type":"ListItem","position":1,"name":"Accueil","item":"https:\/\/www.seeer-tn.com\/en\/"},{"@type":"ListItem","position":2,"name":"Boutique","item":"https:\/\/www.seeer-tn.com\/boutique\/"},{"@type":"ListItem","position":3,"name":"Mechanical seals PID"}]},{"@type":"WebSite","@id":"https:\/\/www.seeer-tn.com\/#website","url":"https:\/\/www.seeer-tn.com\/","name":"SEEER","description":"Soci\u00e9t\u00e9 d\u2019\u00e9quipement \u00e9lectrique \u00e9lectronique &amp; de Rebobinage","potentialAction":[{"@type":"SearchAction","target":{"@type":"EntryPoint","urlTemplate":"https:\/\/www.seeer-tn.com\/?s={search_term_string}"},"query-input":"required name=search_term_string"}],"inLanguage":"en-US"}]}},"_links":{"self":[{"href":"https:\/\/www.seeer-tn.com\/en\/wp-json\/wp\/v2\/product\/13555","targetHints":{"allow":["GET"]}}],"collection":[{"href":"https:\/\/www.seeer-tn.com\/en\/wp-json\/wp\/v2\/product"}],"about":[{"href":"https:\/\/www.seeer-tn.com\/en\/wp-json\/wp\/v2\/types\/product"}],"wp:featuredmedia":[{"embeddable":true,"href":"https:\/\/www.seeer-tn.com\/en\/wp-json\/wp\/v2\/media\/7581"}],"wp:attachment":[{"href":"https:\/\/www.seeer-tn.com\/en\/wp-json\/wp\/v2\/media?parent=13555"}],"wp:term":[{"taxonomy":"product_cat","embeddable":true,"href":"https:\/\/www.seeer-tn.com\/en\/wp-json\/wp\/v2\/product_cat?post=13555"},{"taxonomy":"product_tag","embeddable":true,"href":"https:\/\/www.seeer-tn.com\/en\/wp-json\/wp\/v2\/product_tag?post=13555"}],"curies":[{"name":"wp","href":"https:\/\/api.w.org\/{rel}","templated":true}]}}