{"id":13560,"date":"2022-09-19T11:13:02","date_gmt":"2022-09-19T09:13:02","guid":{"rendered":"https:\/\/www.seeer-tn.com\/?post_type=product&#038;p=13560"},"modified":"2024-09-20T23:41:55","modified_gmt":"2024-09-20T21:41:55","slug":"terminal-boards-pbf","status":"publish","type":"product","link":"https:\/\/www.seeer-tn.com\/en\/produit\/terminal-boards-pbf\/","title":{"rendered":"Terminal boards PBF"},"content":{"rendered":"<div class=\"wpb-content-wrapper\"><p>[vc_row][vc_column][vc_column_text woodmart_inline=&#8221;no&#8221; text_larger=&#8221;no&#8221;]<a href=\"https:\/\/www.seeer-tn.com\/wp-content\/uploads\/2024\/01\/PBF_compressed-1.pdf\" target=\"_blank\" rel=\"noopener\"><img loading=\"lazy\" decoding=\"async\" class=\"alignnone wp-image-7324\" src=\"https:\/\/www.seeer-tn.com\/wp-content\/uploads\/2022\/10\/PDF_file_icon.jpg\" alt=\"\" width=\"46\" height=\"57\" \/> Download PDF file<\/a>[\/vc_column_text][\/vc_column][\/vc_row]<\/p>\n<\/div>","protected":false},"excerpt":{"rendered":"<table>\n<tbody>\n<tr style=\"height: 56px;\">\n<td width=\"91\"><strong><span style=\"color: #007bc4;\">Model<\/span><\/strong><\/td>\n<td width=\"52\"><strong><span style=\"color: #007bc4;\">A<\/span><\/strong><\/td>\n<td width=\"47\"><strong><span style=\"color: #007bc4;\">B<\/span><\/strong><\/td>\n<td width=\"49\"><strong><span style=\"color: #007bc4;\">C<\/span><\/strong><\/td>\n<td width=\"53\"><strong><span style=\"color: #007bc4;\">D<\/span><\/strong><\/td>\n<td width=\"48\"><strong><span style=\"color: #007bc4;\">d<\/span><\/strong><\/td>\n<td width=\"43\"><strong><span style=\"color: #007bc4;\">E<\/span><\/strong><\/td>\n<td width=\"39\"><strong><span style=\"color: #007bc4;\">F<\/span><\/strong><\/td>\n<td width=\"47\"><strong><span style=\"color: #007bc4;\">G<\/span><\/strong><\/td>\n<td width=\"52\"><strong><span style=\"color: #007bc4;\">H<\/span><\/strong><\/td>\n<td width=\"59\"><strong><span style=\"color: #007bc4;\">h<\/span><\/strong><\/td>\n<td width=\"53\"><strong><span style=\"color: #007bc4;\">I<\/span><\/strong><\/td>\n<td width=\"60\"><strong><span style=\"color: #007bc4;\">M<\/span><\/strong><\/td>\n<\/tr>\n<tr style=\"background-color: #dfdfdf;\">\n<td width=\"91\"><strong><span style=\"color: #007bc4;\">PBF40\/25<\/span><\/strong><\/td>\n<td width=\"52\">40<\/td>\n<td width=\"47\">25<\/td>\n<td width=\"49\">15<\/td>\n<td width=\"53\">9.3<\/td>\n<td width=\"48\">5.1<\/td>\n<td width=\"43\">15<\/td>\n<td width=\"39\">7<\/td>\n<td width=\"47\">9.3<\/td>\n<td width=\"52\">21.5<\/td>\n<td width=\"59\">12<\/td>\n<td width=\"53\">5.5<\/td>\n<td width=\"60\">M 4<\/td>\n<\/tr>\n<tr style=\"background-color: #fefefe;\">\n<td width=\"91\"><strong><span style=\"color: #007bc4;\">PBF50\/32<\/span><\/strong><\/td>\n<td width=\"52\">50<\/td>\n<td width=\"47\">32<\/td>\n<td width=\"49\">18<\/td>\n<td width=\"53\">10.3<\/td>\n<td width=\"48\">5.1<\/td>\n<td width=\"43\">18<\/td>\n<td width=\"39\">8.3<\/td>\n<td width=\"47\">10.3<\/td>\n<td width=\"52\">23<\/td>\n<td width=\"59\">12<\/td>\n<td width=\"53\">5<\/td>\n<td width=\"60\">M 4<\/td>\n<\/tr>\n<tr style=\"background-color: #dfdfdf;\">\n<td width=\"91\"><strong><span style=\"color: #007bc4;\">PBF56\/36<\/span><\/strong><\/td>\n<td width=\"52\">56<\/td>\n<td width=\"47\">36<\/td>\n<td width=\"49\">20<\/td>\n<td width=\"53\">12<\/td>\n<td width=\"48\">6.2<\/td>\n<td width=\"43\">20<\/td>\n<td width=\"39\">9<\/td>\n<td width=\"47\">12<\/td>\n<td width=\"52\">26.5<\/td>\n<td width=\"59\">15<\/td>\n<td width=\"53\">6<\/td>\n<td width=\"60\">M 5<\/td>\n<\/tr>\n<tr style=\"background-color: #fefefe;\">\n<td width=\"91\"><strong><span style=\"color: #007bc4;\">PBF70\/45<\/span><\/strong><\/td>\n<td width=\"52\">70<\/td>\n<td width=\"47\">45<\/td>\n<td width=\"49\">75<\/td>\n<td width=\"53\">13.8<\/td>\n<td width=\"48\">6.5<\/td>\n<td width=\"43\">25<\/td>\n<td width=\"39\">12<\/td>\n<td width=\"47\">13.8<\/td>\n<td width=\"52\">29<\/td>\n<td width=\"59\">16<\/td>\n<td width=\"53\">7.5<\/td>\n<td width=\"60\">M 6<\/td>\n<\/tr>\n<tr style=\"background-color: #dfdfdf;\">\n<td width=\"91\"><strong><span style=\"color: #007bc4;\">PBF82\/52<\/span><\/strong><\/td>\n<td width=\"52\">32<\/td>\n<td width=\"47\">52<\/td>\n<td width=\"49\">30<\/td>\n<td width=\"53\">14<\/td>\n<td width=\"48\">6.5<\/td>\n<td width=\"43\">30<\/td>\n<td width=\"39\">10.5<\/td>\n<td width=\"47\">14<\/td>\n<td width=\"52\">32<\/td>\n<td width=\"59\">16<\/td>\n<td width=\"53\">12<\/td>\n<td width=\"60\">M 6<\/td>\n<\/tr>\n<tr style=\"background-color: #fefefe;\">\n<td width=\"91\"><strong><span style=\"color: #007bc4;\">PBF95\/60<\/span><\/strong><\/td>\n<td width=\"52\">95<\/td>\n<td width=\"47\">60<\/td>\n<td width=\"49\">35<\/td>\n<td width=\"53\">16<\/td>\n<td width=\"48\">8<\/td>\n<td width=\"43\">35<\/td>\n<td width=\"39\">12<\/td>\n<td width=\"47\">19.8<\/td>\n<td width=\"52\">46<\/td>\n<td width=\"59\">23<\/td>\n<td width=\"53\">14<\/td>\n<td width=\"60\">M 8<\/td>\n<\/tr>\n<tr style=\"background-color: #dfdfdf;\">\n<td width=\"91\"><strong><span style=\"color: #007bc4;\">PBF115\/70<\/span><\/strong><\/td>\n<td width=\"52\">115<\/td>\n<td width=\"47\">70<\/td>\n<td width=\"49\">45<\/td>\n<td width=\"53\">13.3<\/td>\n<td width=\"48\">8.5<\/td>\n<td width=\"43\">45<\/td>\n<td width=\"39\">14.5<\/td>\n<td width=\"47\">19.8<\/td>\n<td width=\"52\">50<\/td>\n<td width=\"59\">28<\/td>\n<td width=\"53\">3.5<\/td>\n<td width=\"60\">M 10<\/td>\n<\/tr>\n<tr style=\"background-color: #fefefe;\">\n<td width=\"91\"><strong><span style=\"color: #007bc4;\">PBF125\/80<\/span><\/strong><\/td>\n<td width=\"52\">125<\/td>\n<td width=\"47\">80<\/td>\n<td width=\"49\">45<\/td>\n<td width=\"53\">16.5<\/td>\n<td width=\"48\">11<\/td>\n<td width=\"43\">45<\/td>\n<td width=\"39\">16<\/td>\n<td width=\"47\">21<\/td>\n<td width=\"52\">58<\/td>\n<td width=\"59\">32<\/td>\n<td width=\"53\">15<\/td>\n<td width=\"60\">M 12<\/td>\n<\/tr>\n<tr style=\"background-color: #dfdfdf;\">\n<td width=\"91\"><strong><span style=\"color: #007bc4;\">PBF145\/90<\/span><\/strong><\/td>\n<td width=\"52\">145<\/td>\n<td width=\"47\">90<\/td>\n<td width=\"49\">54<\/td>\n<td width=\"53\">24<\/td>\n<td width=\"48\">14<\/td>\n<td width=\"43\">54<\/td>\n<td width=\"39\">22<\/td>\n<td width=\"47\">32<\/td>\n<td width=\"52\">67<\/td>\n<td width=\"59\">36<\/td>\n<td width=\"53\">16<\/td>\n<td width=\"60\">M 14<\/td>\n<\/tr>\n<tr style=\"background-color: #fefefe;\">\n<td width=\"91\"><strong><span style=\"color: #007bc4;\">PBF165\/100<\/span><\/strong><\/td>\n<td width=\"52\">165<\/td>\n<td width=\"47\">100<\/td>\n<td width=\"49\">62<\/td>\n<td width=\"53\">23.5<\/td>\n<td width=\"48\">13.5<\/td>\n<td width=\"43\">63<\/td>\n<td width=\"39\">24<\/td>\n<td width=\"47\">30.5<\/td>\n<td width=\"52\">78<\/td>\n<td width=\"59\">40<\/td>\n<td width=\"53\">26<\/td>\n<td width=\"60\">M 16<\/td>\n<\/tr>\n<tr style=\"background-color: #dfdfdf;\">\n<td width=\"91\"><strong><span style=\"color: #007bc4;\">PBF240\/150<\/span><\/strong><\/td>\n<td width=\"52\">240<\/td>\n<td width=\"47\">150<\/td>\n<td width=\"49\">90<\/td>\n<td width=\"53\">30<\/td>\n<td width=\"48\">17<\/td>\n<td width=\"43\">90<\/td>\n<td width=\"39\">22<\/td>\n<td width=\"47\">35<\/td>\n<td width=\"52\">105<\/td>\n<td width=\"59\">56<\/td>\n<td width=\"53\">31<\/td>\n<td width=\"60\">M 20<\/td>\n<\/tr>\n<\/tbody>\n<\/table>\n","protected":false},"featured_media":13565,"template":"","meta":[],"product_cat":[106],"product_tag":[],"class_list":["post-13560","product","type-product","status-publish","has-post-thumbnail","hentry","product_cat-terminal-board"],"acf":[],"yoast_head":"<!-- This site is optimized with the Yoast SEO plugin v23.3 - https:\/\/yoast.com\/wordpress\/plugins\/seo\/ -->\n<title>Terminal boards PBF | SEEER<\/title>\n<meta name=\"description\" content=\"Model A B C D d E F G H h I M   PBF40\/25 40 25 15 9.3 5.1 15 7 9.3 21.5 12 5.5 M 4   PBF50\/32 50 32 18 10.3 5.1 18 8.3 10.3 23 12 5 M 4   PBF56\/36 56 36 20 12 6.2 20 9 12 26.5 15 6 M 5   PBF70\/45 70 45 75 13.8 6.5 25 12 13.8 29 16 7.5 M 6   PBF82\/52 32 52 30 14 6.5 30 10.5 14 32 16 12 M 6   PBF95\/60 95 60 35 16 8 35 12 19.8 46 23 14 M 8   PBF115\/70 115 70 45 13.3 8.5 45 14.5 19.8 50 28 3.5 M 10   PBF125\/80 125 80 45 16.5 11 45 16 21 58 32 15 M 12   PBF145\/90 145 90 54 24 14 54 22 32 67 36 16 M 14   PBF165\/100 165 100 62 23.5 13.5 63 24 30.5 78 40 26 M 16   PBF240\/150 240 150 90 30 17 90 22 35 105 56 31 M 20\" \/>\n<meta name=\"robots\" content=\"index, follow, max-snippet:-1, max-image-preview:large, max-video-preview:-1\" \/>\n<link rel=\"canonical\" href=\"https:\/\/www.seeer-tn.com\/en\/produit\/terminal-boards-pbf\/\" \/>\n<meta property=\"og:locale\" content=\"en_US\" \/>\n<meta property=\"og:type\" content=\"article\" \/>\n<meta property=\"og:title\" content=\"Terminal boards PBF | SEEER\" \/>\n<meta property=\"og:description\" content=\"Model A B C D d E F G H h I M   PBF40\/25 40 25 15 9.3 5.1 15 7 9.3 21.5 12 5.5 M 4   PBF50\/32 50 32 18 10.3 5.1 18 8.3 10.3 23 12 5 M 4   PBF56\/36 56 36 20 12 6.2 20 9 12 26.5 15 6 M 5   PBF70\/45 70 45 75 13.8 6.5 25 12 13.8 29 16 7.5 M 6   PBF82\/52 32 52 30 14 6.5 30 10.5 14 32 16 12 M 6   PBF95\/60 95 60 35 16 8 35 12 19.8 46 23 14 M 8   PBF115\/70 115 70 45 13.3 8.5 45 14.5 19.8 50 28 3.5 M 10   PBF125\/80 125 80 45 16.5 11 45 16 21 58 32 15 M 12   PBF145\/90 145 90 54 24 14 54 22 32 67 36 16 M 14   PBF165\/100 165 100 62 23.5 13.5 63 24 30.5 78 40 26 M 16   PBF240\/150 240 150 90 30 17 90 22 35 105 56 31 M 20\" \/>\n<meta property=\"og:url\" content=\"https:\/\/www.seeer-tn.com\/en\/produit\/terminal-boards-pbf\/\" \/>\n<meta property=\"og:site_name\" content=\"SEEER\" \/>\n<meta property=\"article:modified_time\" content=\"2024-09-20T21:41:55+00:00\" \/>\n<meta property=\"og:image\" content=\"https:\/\/www.seeer-tn.com\/wp-content\/uploads\/2022\/09\/Plaque-a-bornes-1.jpg\" \/>\n\t<meta property=\"og:image:width\" content=\"1000\" \/>\n\t<meta property=\"og:image:height\" content=\"1000\" \/>\n\t<meta property=\"og:image:type\" content=\"image\/jpeg\" \/>\n<meta name=\"twitter:card\" content=\"summary_large_image\" \/>\n<meta name=\"twitter:label1\" content=\"Est. reading time\" \/>\n\t<meta name=\"twitter:data1\" content=\"1 minute\" \/>\n<script type=\"application\/ld+json\" class=\"yoast-schema-graph\">{\"@context\":\"https:\/\/schema.org\",\"@graph\":[{\"@type\":\"WebPage\",\"@id\":\"https:\/\/www.seeer-tn.com\/en\/produit\/terminal-boards-pbf\/\",\"url\":\"https:\/\/www.seeer-tn.com\/en\/produit\/terminal-boards-pbf\/\",\"name\":\"Terminal boards PBF | SEEER\",\"isPartOf\":{\"@id\":\"https:\/\/www.seeer-tn.com\/#website\"},\"primaryImageOfPage\":{\"@id\":\"https:\/\/www.seeer-tn.com\/en\/produit\/terminal-boards-pbf\/#primaryimage\"},\"image\":{\"@id\":\"https:\/\/www.seeer-tn.com\/en\/produit\/terminal-boards-pbf\/#primaryimage\"},\"thumbnailUrl\":\"https:\/\/www.seeer-tn.com\/wp-content\/uploads\/2022\/09\/Plaque-a-bornes-1.jpg\",\"datePublished\":\"2022-09-19T09:13:02+00:00\",\"dateModified\":\"2024-09-20T21:41:55+00:00\",\"description\":\"Model A B C D d E F G H h I M PBF40\/25 40 25 15 9.3 5.1 15 7 9.3 21.5 12 5.5 M 4 PBF50\/32 50 32 18 10.3 5.1 18 8.3 10.3 23 12 5 M 4 PBF56\/36 56 36 20 12 6.2 20 9 12 26.5 15 6 M 5 PBF70\/45 70 45 75 13.8 6.5 25 12 13.8 29 16 7.5 M 6 PBF82\/52 32 52 30 14 6.5 30 10.5 14 32 16 12 M 6 PBF95\/60 95 60 35 16 8 35 12 19.8 46 23 14 M 8 PBF115\/70 115 70 45 13.3 8.5 45 14.5 19.8 50 28 3.5 M 10 PBF125\/80 125 80 45 16.5 11 45 16 21 58 32 15 M 12 PBF145\/90 145 90 54 24 14 54 22 32 67 36 16 M 14 PBF165\/100 165 100 62 23.5 13.5 63 24 30.5 78 40 26 M 16 PBF240\/150 240 150 90 30 17 90 22 35 105 56 31 M 20\",\"breadcrumb\":{\"@id\":\"https:\/\/www.seeer-tn.com\/en\/produit\/terminal-boards-pbf\/#breadcrumb\"},\"inLanguage\":\"en-US\",\"potentialAction\":[{\"@type\":\"ReadAction\",\"target\":[\"https:\/\/www.seeer-tn.com\/en\/produit\/terminal-boards-pbf\/\"]}]},{\"@type\":\"ImageObject\",\"inLanguage\":\"en-US\",\"@id\":\"https:\/\/www.seeer-tn.com\/en\/produit\/terminal-boards-pbf\/#primaryimage\",\"url\":\"https:\/\/www.seeer-tn.com\/wp-content\/uploads\/2022\/09\/Plaque-a-bornes-1.jpg\",\"contentUrl\":\"https:\/\/www.seeer-tn.com\/wp-content\/uploads\/2022\/09\/Plaque-a-bornes-1.jpg\",\"width\":1000,\"height\":1000},{\"@type\":\"BreadcrumbList\",\"@id\":\"https:\/\/www.seeer-tn.com\/en\/produit\/terminal-boards-pbf\/#breadcrumb\",\"itemListElement\":[{\"@type\":\"ListItem\",\"position\":1,\"name\":\"Accueil\",\"item\":\"https:\/\/www.seeer-tn.com\/en\/\"},{\"@type\":\"ListItem\",\"position\":2,\"name\":\"Boutique\",\"item\":\"https:\/\/www.seeer-tn.com\/boutique\/\"},{\"@type\":\"ListItem\",\"position\":3,\"name\":\"Terminal boards PBF\"}]},{\"@type\":\"WebSite\",\"@id\":\"https:\/\/www.seeer-tn.com\/#website\",\"url\":\"https:\/\/www.seeer-tn.com\/\",\"name\":\"SEEER\",\"description\":\"Soci\u00e9t\u00e9 d\u2019\u00e9quipement \u00e9lectrique \u00e9lectronique &amp; de Rebobinage\",\"potentialAction\":[{\"@type\":\"SearchAction\",\"target\":{\"@type\":\"EntryPoint\",\"urlTemplate\":\"https:\/\/www.seeer-tn.com\/?s={search_term_string}\"},\"query-input\":\"required name=search_term_string\"}],\"inLanguage\":\"en-US\"}]}<\/script>\n<!-- \/ Yoast SEO plugin. -->","yoast_head_json":{"title":"Terminal boards PBF | SEEER","description":"Model A B C D d E F G H h I M   PBF40\/25 40 25 15 9.3 5.1 15 7 9.3 21.5 12 5.5 M 4   PBF50\/32 50 32 18 10.3 5.1 18 8.3 10.3 23 12 5 M 4   PBF56\/36 56 36 20 12 6.2 20 9 12 26.5 15 6 M 5   PBF70\/45 70 45 75 13.8 6.5 25 12 13.8 29 16 7.5 M 6   PBF82\/52 32 52 30 14 6.5 30 10.5 14 32 16 12 M 6   PBF95\/60 95 60 35 16 8 35 12 19.8 46 23 14 M 8   PBF115\/70 115 70 45 13.3 8.5 45 14.5 19.8 50 28 3.5 M 10   PBF125\/80 125 80 45 16.5 11 45 16 21 58 32 15 M 12   PBF145\/90 145 90 54 24 14 54 22 32 67 36 16 M 14   PBF165\/100 165 100 62 23.5 13.5 63 24 30.5 78 40 26 M 16   PBF240\/150 240 150 90 30 17 90 22 35 105 56 31 M 20","robots":{"index":"index","follow":"follow","max-snippet":"max-snippet:-1","max-image-preview":"max-image-preview:large","max-video-preview":"max-video-preview:-1"},"canonical":"https:\/\/www.seeer-tn.com\/en\/produit\/terminal-boards-pbf\/","og_locale":"en_US","og_type":"article","og_title":"Terminal boards PBF | SEEER","og_description":"Model A B C D d E F G H h I M   PBF40\/25 40 25 15 9.3 5.1 15 7 9.3 21.5 12 5.5 M 4   PBF50\/32 50 32 18 10.3 5.1 18 8.3 10.3 23 12 5 M 4   PBF56\/36 56 36 20 12 6.2 20 9 12 26.5 15 6 M 5   PBF70\/45 70 45 75 13.8 6.5 25 12 13.8 29 16 7.5 M 6   PBF82\/52 32 52 30 14 6.5 30 10.5 14 32 16 12 M 6   PBF95\/60 95 60 35 16 8 35 12 19.8 46 23 14 M 8   PBF115\/70 115 70 45 13.3 8.5 45 14.5 19.8 50 28 3.5 M 10   PBF125\/80 125 80 45 16.5 11 45 16 21 58 32 15 M 12   PBF145\/90 145 90 54 24 14 54 22 32 67 36 16 M 14   PBF165\/100 165 100 62 23.5 13.5 63 24 30.5 78 40 26 M 16   PBF240\/150 240 150 90 30 17 90 22 35 105 56 31 M 20","og_url":"https:\/\/www.seeer-tn.com\/en\/produit\/terminal-boards-pbf\/","og_site_name":"SEEER","article_modified_time":"2024-09-20T21:41:55+00:00","og_image":[{"width":1000,"height":1000,"url":"https:\/\/www.seeer-tn.com\/wp-content\/uploads\/2022\/09\/Plaque-a-bornes-1.jpg","type":"image\/jpeg"}],"twitter_card":"summary_large_image","twitter_misc":{"Est. reading time":"1 minute"},"schema":{"@context":"https:\/\/schema.org","@graph":[{"@type":"WebPage","@id":"https:\/\/www.seeer-tn.com\/en\/produit\/terminal-boards-pbf\/","url":"https:\/\/www.seeer-tn.com\/en\/produit\/terminal-boards-pbf\/","name":"Terminal boards PBF | SEEER","isPartOf":{"@id":"https:\/\/www.seeer-tn.com\/#website"},"primaryImageOfPage":{"@id":"https:\/\/www.seeer-tn.com\/en\/produit\/terminal-boards-pbf\/#primaryimage"},"image":{"@id":"https:\/\/www.seeer-tn.com\/en\/produit\/terminal-boards-pbf\/#primaryimage"},"thumbnailUrl":"https:\/\/www.seeer-tn.com\/wp-content\/uploads\/2022\/09\/Plaque-a-bornes-1.jpg","datePublished":"2022-09-19T09:13:02+00:00","dateModified":"2024-09-20T21:41:55+00:00","description":"Model A B C D d E F G H h I M PBF40\/25 40 25 15 9.3 5.1 15 7 9.3 21.5 12 5.5 M 4 PBF50\/32 50 32 18 10.3 5.1 18 8.3 10.3 23 12 5 M 4 PBF56\/36 56 36 20 12 6.2 20 9 12 26.5 15 6 M 5 PBF70\/45 70 45 75 13.8 6.5 25 12 13.8 29 16 7.5 M 6 PBF82\/52 32 52 30 14 6.5 30 10.5 14 32 16 12 M 6 PBF95\/60 95 60 35 16 8 35 12 19.8 46 23 14 M 8 PBF115\/70 115 70 45 13.3 8.5 45 14.5 19.8 50 28 3.5 M 10 PBF125\/80 125 80 45 16.5 11 45 16 21 58 32 15 M 12 PBF145\/90 145 90 54 24 14 54 22 32 67 36 16 M 14 PBF165\/100 165 100 62 23.5 13.5 63 24 30.5 78 40 26 M 16 PBF240\/150 240 150 90 30 17 90 22 35 105 56 31 M 20","breadcrumb":{"@id":"https:\/\/www.seeer-tn.com\/en\/produit\/terminal-boards-pbf\/#breadcrumb"},"inLanguage":"en-US","potentialAction":[{"@type":"ReadAction","target":["https:\/\/www.seeer-tn.com\/en\/produit\/terminal-boards-pbf\/"]}]},{"@type":"ImageObject","inLanguage":"en-US","@id":"https:\/\/www.seeer-tn.com\/en\/produit\/terminal-boards-pbf\/#primaryimage","url":"https:\/\/www.seeer-tn.com\/wp-content\/uploads\/2022\/09\/Plaque-a-bornes-1.jpg","contentUrl":"https:\/\/www.seeer-tn.com\/wp-content\/uploads\/2022\/09\/Plaque-a-bornes-1.jpg","width":1000,"height":1000},{"@type":"BreadcrumbList","@id":"https:\/\/www.seeer-tn.com\/en\/produit\/terminal-boards-pbf\/#breadcrumb","itemListElement":[{"@type":"ListItem","position":1,"name":"Accueil","item":"https:\/\/www.seeer-tn.com\/en\/"},{"@type":"ListItem","position":2,"name":"Boutique","item":"https:\/\/www.seeer-tn.com\/boutique\/"},{"@type":"ListItem","position":3,"name":"Terminal boards PBF"}]},{"@type":"WebSite","@id":"https:\/\/www.seeer-tn.com\/#website","url":"https:\/\/www.seeer-tn.com\/","name":"SEEER","description":"Soci\u00e9t\u00e9 d\u2019\u00e9quipement \u00e9lectrique \u00e9lectronique &amp; de Rebobinage","potentialAction":[{"@type":"SearchAction","target":{"@type":"EntryPoint","urlTemplate":"https:\/\/www.seeer-tn.com\/?s={search_term_string}"},"query-input":"required name=search_term_string"}],"inLanguage":"en-US"}]}},"_links":{"self":[{"href":"https:\/\/www.seeer-tn.com\/en\/wp-json\/wp\/v2\/product\/13560","targetHints":{"allow":["GET"]}}],"collection":[{"href":"https:\/\/www.seeer-tn.com\/en\/wp-json\/wp\/v2\/product"}],"about":[{"href":"https:\/\/www.seeer-tn.com\/en\/wp-json\/wp\/v2\/types\/product"}],"wp:featuredmedia":[{"embeddable":true,"href":"https:\/\/www.seeer-tn.com\/en\/wp-json\/wp\/v2\/media\/13565"}],"wp:attachment":[{"href":"https:\/\/www.seeer-tn.com\/en\/wp-json\/wp\/v2\/media?parent=13560"}],"wp:term":[{"taxonomy":"product_cat","embeddable":true,"href":"https:\/\/www.seeer-tn.com\/en\/wp-json\/wp\/v2\/product_cat?post=13560"},{"taxonomy":"product_tag","embeddable":true,"href":"https:\/\/www.seeer-tn.com\/en\/wp-json\/wp\/v2\/product_tag?post=13560"}],"curies":[{"name":"wp","href":"https:\/\/api.w.org\/{rel}","templated":true}]}}