{"id":13584,"date":"2022-10-31T10:33:16","date_gmt":"2022-10-31T09:33:16","guid":{"rendered":"https:\/\/www.seeer-tn.com\/?post_type=product&#038;p=13584"},"modified":"2024-09-21T09:36:30","modified_gmt":"2024-09-21T07:36:30","slug":"terminal-board-covers-cpmp","status":"publish","type":"product","link":"https:\/\/www.seeer-tn.com\/en\/produit\/terminal-board-covers-cpmp\/","title":{"rendered":"Terminal board covers CPMP"},"content":{"rendered":"<div class=\"wpb-content-wrapper\"><p>[vc_row][vc_column][vc_column_text woodmart_inline=&#8221;no&#8221; text_larger=&#8221;no&#8221;]<a href=\"https:\/\/www.seeer-tn.com\/wp-content\/uploads\/2024\/03\/CPMP_compressed-1-1.pdf\" target=\"_blank\" rel=\"noopener\"><img loading=\"lazy\" decoding=\"async\" class=\"alignnone wp-image-7324\" src=\"https:\/\/www.seeer-tn.com\/wp-content\/uploads\/2022\/10\/PDF_file_icon.jpg\" alt=\"\" width=\"46\" height=\"57\" \/> Download PDF file<\/a>[\/vc_column_text][\/vc_column][\/vc_row]<\/p>\n<\/div>","protected":false},"excerpt":{"rendered":"<table dir=\"ltr\" border=\"1\" cellspacing=\"0\" cellpadding=\"0\">\n<colgroup>\n<col width=\"75\" \/>\n<col width=\"22\" \/>\n<col width=\"22\" \/>\n<col width=\"22\" \/>\n<col width=\"22\" \/>\n<col width=\"22\" \/>\n<col width=\"44\" \/>\n<col width=\"44\" \/>\n<col width=\"56\" \/><\/colgroup>\n<tbody>\n<tr style=\"background-color: #fefefe; height: 57px;\">\n<td data-sheets-value=\"{&quot;1&quot;:2,&quot;2&quot;:&quot;Mod\u00e8le&quot;}\"><strong><span style=\"color: #007bc4;\">Model<\/span><\/strong><\/td>\n<td data-sheets-value=\"{&quot;1&quot;:2,&quot;2&quot;:&quot;A&quot;}\"><strong><span style=\"color: #007bc4;\">A<\/span><\/strong><\/td>\n<td data-sheets-value=\"{&quot;1&quot;:2,&quot;2&quot;:&quot;B&quot;}\"><strong><span style=\"color: #007bc4;\">B<\/span><\/strong><\/td>\n<td data-sheets-value=\"{&quot;1&quot;:2,&quot;2&quot;:&quot;C&quot;}\"><strong><span style=\"color: #007bc4;\">C<\/span><\/strong><\/td>\n<td data-sheets-value=\"{&quot;1&quot;:2,&quot;2&quot;:&quot;D&quot;}\"><strong><span style=\"color: #007bc4;\">D<\/span><\/strong><\/td>\n<td data-sheets-value=\"{&quot;1&quot;:2,&quot;2&quot;:&quot;E&quot;}\"><strong><span style=\"color: #007bc4;\">E<\/span><\/strong><\/td>\n<td colspan=\"2\" rowspan=\"1\" data-sheets-value=\"{&quot;1&quot;:3,&quot;3&quot;:1}\"><strong><span style=\"color: #007bc4;\">1<\/span><\/strong><\/td>\n<td data-sheets-value=\"{&quot;1&quot;:3,&quot;3&quot;:2}\"><strong><span style=\"color: #007bc4;\">2<\/span><\/strong><\/td>\n<\/tr>\n<tr style=\"background-color: #dfdfdf;\">\n<td data-sheets-value=\"{&quot;1&quot;:2,&quot;2&quot;:&quot;CP80-112&quot;}\"><strong><span style=\"color: #007bc4;\">CP80-112<\/span><\/strong><\/td>\n<td>86<\/td>\n<td>86<\/td>\n<td>73<\/td>\n<td>73<\/td>\n<td>35<\/td>\n<td>PG 11<\/td>\n<td>PG 11<\/td>\n<td style=\"font-size: 11px;\">PG 11\/PG 13.5\/PG 16<\/td>\n<\/tr>\n<\/tbody>\n<\/table>\n","protected":false},"featured_media":7874,"template":"","meta":[],"product_cat":[94],"product_tag":[],"class_list":["post-13584","product","type-product","status-publish","has-post-thumbnail","hentry","product_cat-terminal-board-covers"],"acf":[],"yoast_head":"<!-- This site is optimized with the Yoast SEO plugin v23.3 - https:\/\/yoast.com\/wordpress\/plugins\/seo\/ -->\n<title>Terminal board covers CPMP | SEEER<\/title>\n<meta name=\"description\" content=\"Model A B C D E 1 2   CP80-112 86 86 73 73 35 PG 11 PG 11 PG 11\/PG 13.5\/PG 16\" \/>\n<meta name=\"robots\" content=\"index, follow, max-snippet:-1, max-image-preview:large, max-video-preview:-1\" \/>\n<link rel=\"canonical\" href=\"https:\/\/www.seeer-tn.com\/en\/produit\/terminal-board-covers-cpmp\/\" \/>\n<meta property=\"og:locale\" content=\"en_US\" \/>\n<meta property=\"og:type\" content=\"article\" \/>\n<meta property=\"og:title\" content=\"Terminal board covers CPMP | SEEER\" \/>\n<meta property=\"og:description\" content=\"Model A B C D E 1 2   CP80-112 86 86 73 73 35 PG 11 PG 11 PG 11\/PG 13.5\/PG 16\" \/>\n<meta property=\"og:url\" content=\"https:\/\/www.seeer-tn.com\/en\/produit\/terminal-board-covers-cpmp\/\" \/>\n<meta property=\"og:site_name\" content=\"SEEER\" \/>\n<meta property=\"article:modified_time\" content=\"2024-09-21T07:36:30+00:00\" \/>\n<meta property=\"og:image\" content=\"https:\/\/www.seeer-tn.com\/wp-content\/uploads\/2022\/10\/cpmp.jpg\" \/>\n\t<meta property=\"og:image:width\" content=\"1000\" \/>\n\t<meta property=\"og:image:height\" content=\"1000\" \/>\n\t<meta property=\"og:image:type\" content=\"image\/jpeg\" \/>\n<meta name=\"twitter:card\" content=\"summary_large_image\" \/>\n<meta name=\"twitter:label1\" content=\"Est. reading time\" \/>\n\t<meta name=\"twitter:data1\" content=\"1 minute\" \/>\n<script type=\"application\/ld+json\" class=\"yoast-schema-graph\">{\"@context\":\"https:\/\/schema.org\",\"@graph\":[{\"@type\":\"WebPage\",\"@id\":\"https:\/\/www.seeer-tn.com\/en\/produit\/terminal-board-covers-cpmp\/\",\"url\":\"https:\/\/www.seeer-tn.com\/en\/produit\/terminal-board-covers-cpmp\/\",\"name\":\"Terminal board covers CPMP | SEEER\",\"isPartOf\":{\"@id\":\"https:\/\/www.seeer-tn.com\/#website\"},\"primaryImageOfPage\":{\"@id\":\"https:\/\/www.seeer-tn.com\/en\/produit\/terminal-board-covers-cpmp\/#primaryimage\"},\"image\":{\"@id\":\"https:\/\/www.seeer-tn.com\/en\/produit\/terminal-board-covers-cpmp\/#primaryimage\"},\"thumbnailUrl\":\"https:\/\/www.seeer-tn.com\/wp-content\/uploads\/2022\/10\/cpmp.jpg\",\"datePublished\":\"2022-10-31T09:33:16+00:00\",\"dateModified\":\"2024-09-21T07:36:30+00:00\",\"description\":\"Model A B C D E 1 2 CP80-112 86 86 73 73 35 PG 11 PG 11 PG 11\/PG 13.5\/PG 16\",\"breadcrumb\":{\"@id\":\"https:\/\/www.seeer-tn.com\/en\/produit\/terminal-board-covers-cpmp\/#breadcrumb\"},\"inLanguage\":\"en-US\",\"potentialAction\":[{\"@type\":\"ReadAction\",\"target\":[\"https:\/\/www.seeer-tn.com\/en\/produit\/terminal-board-covers-cpmp\/\"]}]},{\"@type\":\"ImageObject\",\"inLanguage\":\"en-US\",\"@id\":\"https:\/\/www.seeer-tn.com\/en\/produit\/terminal-board-covers-cpmp\/#primaryimage\",\"url\":\"https:\/\/www.seeer-tn.com\/wp-content\/uploads\/2022\/10\/cpmp.jpg\",\"contentUrl\":\"https:\/\/www.seeer-tn.com\/wp-content\/uploads\/2022\/10\/cpmp.jpg\",\"width\":1000,\"height\":1000},{\"@type\":\"BreadcrumbList\",\"@id\":\"https:\/\/www.seeer-tn.com\/en\/produit\/terminal-board-covers-cpmp\/#breadcrumb\",\"itemListElement\":[{\"@type\":\"ListItem\",\"position\":1,\"name\":\"Accueil\",\"item\":\"https:\/\/www.seeer-tn.com\/en\/\"},{\"@type\":\"ListItem\",\"position\":2,\"name\":\"Boutique\",\"item\":\"https:\/\/www.seeer-tn.com\/boutique\/\"},{\"@type\":\"ListItem\",\"position\":3,\"name\":\"Terminal board covers CPMP\"}]},{\"@type\":\"WebSite\",\"@id\":\"https:\/\/www.seeer-tn.com\/#website\",\"url\":\"https:\/\/www.seeer-tn.com\/\",\"name\":\"SEEER\",\"description\":\"Soci\u00e9t\u00e9 d\u2019\u00e9quipement \u00e9lectrique \u00e9lectronique &amp; de Rebobinage\",\"potentialAction\":[{\"@type\":\"SearchAction\",\"target\":{\"@type\":\"EntryPoint\",\"urlTemplate\":\"https:\/\/www.seeer-tn.com\/?s={search_term_string}\"},\"query-input\":\"required name=search_term_string\"}],\"inLanguage\":\"en-US\"}]}<\/script>\n<!-- \/ Yoast SEO plugin. -->","yoast_head_json":{"title":"Terminal board covers CPMP | SEEER","description":"Model A B C D E 1 2   CP80-112 86 86 73 73 35 PG 11 PG 11 PG 11\/PG 13.5\/PG 16","robots":{"index":"index","follow":"follow","max-snippet":"max-snippet:-1","max-image-preview":"max-image-preview:large","max-video-preview":"max-video-preview:-1"},"canonical":"https:\/\/www.seeer-tn.com\/en\/produit\/terminal-board-covers-cpmp\/","og_locale":"en_US","og_type":"article","og_title":"Terminal board covers CPMP | SEEER","og_description":"Model A B C D E 1 2   CP80-112 86 86 73 73 35 PG 11 PG 11 PG 11\/PG 13.5\/PG 16","og_url":"https:\/\/www.seeer-tn.com\/en\/produit\/terminal-board-covers-cpmp\/","og_site_name":"SEEER","article_modified_time":"2024-09-21T07:36:30+00:00","og_image":[{"width":1000,"height":1000,"url":"https:\/\/www.seeer-tn.com\/wp-content\/uploads\/2022\/10\/cpmp.jpg","type":"image\/jpeg"}],"twitter_card":"summary_large_image","twitter_misc":{"Est. reading time":"1 minute"},"schema":{"@context":"https:\/\/schema.org","@graph":[{"@type":"WebPage","@id":"https:\/\/www.seeer-tn.com\/en\/produit\/terminal-board-covers-cpmp\/","url":"https:\/\/www.seeer-tn.com\/en\/produit\/terminal-board-covers-cpmp\/","name":"Terminal board covers CPMP | SEEER","isPartOf":{"@id":"https:\/\/www.seeer-tn.com\/#website"},"primaryImageOfPage":{"@id":"https:\/\/www.seeer-tn.com\/en\/produit\/terminal-board-covers-cpmp\/#primaryimage"},"image":{"@id":"https:\/\/www.seeer-tn.com\/en\/produit\/terminal-board-covers-cpmp\/#primaryimage"},"thumbnailUrl":"https:\/\/www.seeer-tn.com\/wp-content\/uploads\/2022\/10\/cpmp.jpg","datePublished":"2022-10-31T09:33:16+00:00","dateModified":"2024-09-21T07:36:30+00:00","description":"Model A B C D E 1 2 CP80-112 86 86 73 73 35 PG 11 PG 11 PG 11\/PG 13.5\/PG 16","breadcrumb":{"@id":"https:\/\/www.seeer-tn.com\/en\/produit\/terminal-board-covers-cpmp\/#breadcrumb"},"inLanguage":"en-US","potentialAction":[{"@type":"ReadAction","target":["https:\/\/www.seeer-tn.com\/en\/produit\/terminal-board-covers-cpmp\/"]}]},{"@type":"ImageObject","inLanguage":"en-US","@id":"https:\/\/www.seeer-tn.com\/en\/produit\/terminal-board-covers-cpmp\/#primaryimage","url":"https:\/\/www.seeer-tn.com\/wp-content\/uploads\/2022\/10\/cpmp.jpg","contentUrl":"https:\/\/www.seeer-tn.com\/wp-content\/uploads\/2022\/10\/cpmp.jpg","width":1000,"height":1000},{"@type":"BreadcrumbList","@id":"https:\/\/www.seeer-tn.com\/en\/produit\/terminal-board-covers-cpmp\/#breadcrumb","itemListElement":[{"@type":"ListItem","position":1,"name":"Accueil","item":"https:\/\/www.seeer-tn.com\/en\/"},{"@type":"ListItem","position":2,"name":"Boutique","item":"https:\/\/www.seeer-tn.com\/boutique\/"},{"@type":"ListItem","position":3,"name":"Terminal board covers CPMP"}]},{"@type":"WebSite","@id":"https:\/\/www.seeer-tn.com\/#website","url":"https:\/\/www.seeer-tn.com\/","name":"SEEER","description":"Soci\u00e9t\u00e9 d\u2019\u00e9quipement \u00e9lectrique \u00e9lectronique &amp; de Rebobinage","potentialAction":[{"@type":"SearchAction","target":{"@type":"EntryPoint","urlTemplate":"https:\/\/www.seeer-tn.com\/?s={search_term_string}"},"query-input":"required name=search_term_string"}],"inLanguage":"en-US"}]}},"_links":{"self":[{"href":"https:\/\/www.seeer-tn.com\/en\/wp-json\/wp\/v2\/product\/13584","targetHints":{"allow":["GET"]}}],"collection":[{"href":"https:\/\/www.seeer-tn.com\/en\/wp-json\/wp\/v2\/product"}],"about":[{"href":"https:\/\/www.seeer-tn.com\/en\/wp-json\/wp\/v2\/types\/product"}],"wp:featuredmedia":[{"embeddable":true,"href":"https:\/\/www.seeer-tn.com\/en\/wp-json\/wp\/v2\/media\/7874"}],"wp:attachment":[{"href":"https:\/\/www.seeer-tn.com\/en\/wp-json\/wp\/v2\/media?parent=13584"}],"wp:term":[{"taxonomy":"product_cat","embeddable":true,"href":"https:\/\/www.seeer-tn.com\/en\/wp-json\/wp\/v2\/product_cat?post=13584"},{"taxonomy":"product_tag","embeddable":true,"href":"https:\/\/www.seeer-tn.com\/en\/wp-json\/wp\/v2\/product_tag?post=13584"}],"curies":[{"name":"wp","href":"https:\/\/api.w.org\/{rel}","templated":true}]}}