{"id":13590,"date":"2022-10-31T10:57:15","date_gmt":"2022-10-31T09:57:15","guid":{"rendered":"https:\/\/www.seeer-tn.com\/?post_type=product&#038;p=13590"},"modified":"2024-09-21T09:30:48","modified_gmt":"2024-09-21T07:30:48","slug":"terminal-board-covers-cpvp","status":"publish","type":"product","link":"https:\/\/www.seeer-tn.com\/en\/produit\/terminal-board-covers-cpvp\/","title":{"rendered":"Terminal board covers CPVP"},"content":{"rendered":"<div class=\"wpb-content-wrapper\"><p>[vc_row][vc_column][vc_column_text woodmart_inline=&#8221;no&#8221; text_larger=&#8221;no&#8221;]<a href=\"https:\/\/www.seeer-tn.com\/wp-content\/uploads\/2024\/01\/CPVP_compressed.pdf\" target=\"_blank\" rel=\"noopener\"><img loading=\"lazy\" decoding=\"async\" class=\"alignnone wp-image-7324\" src=\"https:\/\/www.seeer-tn.com\/wp-content\/uploads\/2022\/10\/PDF_file_icon.jpg\" alt=\"\" width=\"46\" height=\"57\" \/> Download PDF file<\/a>[\/vc_column_text][\/vc_column][\/vc_row]<\/p>\n<\/div>","protected":false},"excerpt":{"rendered":"<table dir=\"ltr\" border=\"1\" cellspacing=\"0\" cellpadding=\"0\">\n<colgroup>\n<col width=\"74\" \/>\n<col width=\"74\" \/>\n<col width=\"74\" \/>\n<col width=\"74\" \/>\n<col width=\"74\" \/>\n<col width=\"74\" \/><\/colgroup>\n<tbody>\n<tr style=\"background-color: #fefefe; height:57px;\">\n<td data-sheets-value=\"{&quot;1&quot;:2,&quot;2&quot;:&quot;Mod\u00e8le&quot;}\"><strong><span style=\"color: #007bc4;\">Model<\/span><\/strong><\/td>\n<td data-sheets-value=\"{&quot;1&quot;:2,&quot;2&quot;:&quot;A&quot;}\"><strong><span style=\"color: #007bc4;\">A<\/span><\/strong><\/td>\n<td data-sheets-value=\"{&quot;1&quot;:2,&quot;2&quot;:&quot;B&quot;}\"><\/td>\n<td data-sheets-value=\"{&quot;1&quot;:2,&quot;2&quot;:&quot;C&quot;}\"><strong><span style=\"color: #007bc4;\">C<\/span><\/strong><\/td>\n<td data-sheets-value=\"{&quot;1&quot;:2,&quot;2&quot;:&quot;D&quot;}\"><strong><span style=\"color: #007bc4;\">D<\/span><\/strong><\/td>\n<td data-sheets-value=\"{&quot;1&quot;:2,&quot;2&quot;:&quot;E&quot;}\"><strong><span style=\"color: #007bc4;\">E<\/span><\/strong><\/td>\n<\/tr>\n<tr style=\"background-color: #dfdfdf;\">\n<td data-sheets-value=\"{&quot;1&quot;:2,&quot;2&quot;:&quot;CP71-VP&quot;}\"><strong><span style=\"color: #007bc4;\">CP71-VP<\/span><\/strong><\/td>\n<td data-sheets-value=\"{&quot;1&quot;:3,&quot;3&quot;:75}\">75<\/td>\n<td data-sheets-value=\"{&quot;1&quot;:3,&quot;3&quot;:70}\">70<\/td>\n<td data-sheets-value=\"{&quot;1&quot;:3,&quot;3&quot;:60}\">60<\/td>\n<td data-sheets-value=\"{&quot;1&quot;:3,&quot;3&quot;:65}\">65<\/td>\n<td data-sheets-value=\"{&quot;1&quot;:3,&quot;3&quot;:24}\">24<\/td>\n<\/tr>\n<tr style=\"background-color: #fefefe;\">\n<td data-sheets-value=\"{&quot;1&quot;:2,&quot;2&quot;:&quot;CP90-VP &quot;}\"><strong><span style=\"color: #007bc4;\">CP90-VP<\/span><\/strong><\/td>\n<td data-sheets-value=\"{&quot;1&quot;:3,&quot;3&quot;:83}\">83<\/td>\n<td data-sheets-value=\"{&quot;1&quot;:3,&quot;3&quot;:83}\">83<\/td>\n<td data-sheets-value=\"{&quot;1&quot;:3,&quot;3&quot;:70}\">70<\/td>\n<td data-sheets-value=\"{&quot;1&quot;:3,&quot;3&quot;:70}\">70<\/td>\n<td data-sheets-value=\"{&quot;1&quot;:3,&quot;3&quot;:28}\">28<\/td>\n<\/tr>\n<\/tbody>\n<\/table>\n","protected":false},"featured_media":7868,"template":"","meta":[],"product_cat":[94],"product_tag":[],"class_list":["post-13590","product","type-product","status-publish","has-post-thumbnail","hentry","product_cat-terminal-board-covers"],"acf":[],"yoast_head":"<!-- This site is optimized with the Yoast SEO plugin v23.3 - https:\/\/yoast.com\/wordpress\/plugins\/seo\/ -->\n<title>Terminal board covers CPVP | SEEER<\/title>\n<meta name=\"description\" content=\"Model A  C D E   CP71-VP 75 70 60 65 24   CP90-VP 83 83 70 70 28\" \/>\n<meta name=\"robots\" content=\"index, follow, max-snippet:-1, max-image-preview:large, max-video-preview:-1\" \/>\n<link rel=\"canonical\" href=\"https:\/\/www.seeer-tn.com\/en\/produit\/terminal-board-covers-cpvp\/\" \/>\n<meta property=\"og:locale\" content=\"en_US\" \/>\n<meta property=\"og:type\" content=\"article\" \/>\n<meta property=\"og:title\" content=\"Terminal board covers CPVP | SEEER\" \/>\n<meta property=\"og:description\" content=\"Model A  C D E   CP71-VP 75 70 60 65 24   CP90-VP 83 83 70 70 28\" \/>\n<meta property=\"og:url\" content=\"https:\/\/www.seeer-tn.com\/en\/produit\/terminal-board-covers-cpvp\/\" \/>\n<meta property=\"og:site_name\" content=\"SEEER\" \/>\n<meta property=\"article:modified_time\" content=\"2024-09-21T07:30:48+00:00\" \/>\n<meta property=\"og:image\" content=\"https:\/\/www.seeer-tn.com\/wp-content\/uploads\/2022\/10\/CPVP.jpg\" \/>\n\t<meta property=\"og:image:width\" content=\"1000\" \/>\n\t<meta property=\"og:image:height\" content=\"1000\" \/>\n\t<meta property=\"og:image:type\" content=\"image\/jpeg\" \/>\n<meta name=\"twitter:card\" content=\"summary_large_image\" \/>\n<meta name=\"twitter:label1\" content=\"Est. reading time\" \/>\n\t<meta name=\"twitter:data1\" content=\"1 minute\" \/>\n<script type=\"application\/ld+json\" class=\"yoast-schema-graph\">{\"@context\":\"https:\/\/schema.org\",\"@graph\":[{\"@type\":\"WebPage\",\"@id\":\"https:\/\/www.seeer-tn.com\/en\/produit\/terminal-board-covers-cpvp\/\",\"url\":\"https:\/\/www.seeer-tn.com\/en\/produit\/terminal-board-covers-cpvp\/\",\"name\":\"Terminal board covers CPVP | SEEER\",\"isPartOf\":{\"@id\":\"https:\/\/www.seeer-tn.com\/#website\"},\"primaryImageOfPage\":{\"@id\":\"https:\/\/www.seeer-tn.com\/en\/produit\/terminal-board-covers-cpvp\/#primaryimage\"},\"image\":{\"@id\":\"https:\/\/www.seeer-tn.com\/en\/produit\/terminal-board-covers-cpvp\/#primaryimage\"},\"thumbnailUrl\":\"https:\/\/www.seeer-tn.com\/wp-content\/uploads\/2022\/10\/CPVP.jpg\",\"datePublished\":\"2022-10-31T09:57:15+00:00\",\"dateModified\":\"2024-09-21T07:30:48+00:00\",\"description\":\"Model A C D E CP71-VP 75 70 60 65 24 CP90-VP 83 83 70 70 28\",\"breadcrumb\":{\"@id\":\"https:\/\/www.seeer-tn.com\/en\/produit\/terminal-board-covers-cpvp\/#breadcrumb\"},\"inLanguage\":\"en-US\",\"potentialAction\":[{\"@type\":\"ReadAction\",\"target\":[\"https:\/\/www.seeer-tn.com\/en\/produit\/terminal-board-covers-cpvp\/\"]}]},{\"@type\":\"ImageObject\",\"inLanguage\":\"en-US\",\"@id\":\"https:\/\/www.seeer-tn.com\/en\/produit\/terminal-board-covers-cpvp\/#primaryimage\",\"url\":\"https:\/\/www.seeer-tn.com\/wp-content\/uploads\/2022\/10\/CPVP.jpg\",\"contentUrl\":\"https:\/\/www.seeer-tn.com\/wp-content\/uploads\/2022\/10\/CPVP.jpg\",\"width\":1000,\"height\":1000},{\"@type\":\"BreadcrumbList\",\"@id\":\"https:\/\/www.seeer-tn.com\/en\/produit\/terminal-board-covers-cpvp\/#breadcrumb\",\"itemListElement\":[{\"@type\":\"ListItem\",\"position\":1,\"name\":\"Accueil\",\"item\":\"https:\/\/www.seeer-tn.com\/en\/\"},{\"@type\":\"ListItem\",\"position\":2,\"name\":\"Boutique\",\"item\":\"https:\/\/www.seeer-tn.com\/boutique\/\"},{\"@type\":\"ListItem\",\"position\":3,\"name\":\"Terminal board covers CPVP\"}]},{\"@type\":\"WebSite\",\"@id\":\"https:\/\/www.seeer-tn.com\/#website\",\"url\":\"https:\/\/www.seeer-tn.com\/\",\"name\":\"SEEER\",\"description\":\"Soci\u00e9t\u00e9 d\u2019\u00e9quipement \u00e9lectrique \u00e9lectronique &amp; de Rebobinage\",\"potentialAction\":[{\"@type\":\"SearchAction\",\"target\":{\"@type\":\"EntryPoint\",\"urlTemplate\":\"https:\/\/www.seeer-tn.com\/?s={search_term_string}\"},\"query-input\":\"required name=search_term_string\"}],\"inLanguage\":\"en-US\"}]}<\/script>\n<!-- \/ Yoast SEO plugin. -->","yoast_head_json":{"title":"Terminal board covers CPVP | SEEER","description":"Model A  C D E   CP71-VP 75 70 60 65 24   CP90-VP 83 83 70 70 28","robots":{"index":"index","follow":"follow","max-snippet":"max-snippet:-1","max-image-preview":"max-image-preview:large","max-video-preview":"max-video-preview:-1"},"canonical":"https:\/\/www.seeer-tn.com\/en\/produit\/terminal-board-covers-cpvp\/","og_locale":"en_US","og_type":"article","og_title":"Terminal board covers CPVP | SEEER","og_description":"Model A  C D E   CP71-VP 75 70 60 65 24   CP90-VP 83 83 70 70 28","og_url":"https:\/\/www.seeer-tn.com\/en\/produit\/terminal-board-covers-cpvp\/","og_site_name":"SEEER","article_modified_time":"2024-09-21T07:30:48+00:00","og_image":[{"width":1000,"height":1000,"url":"https:\/\/www.seeer-tn.com\/wp-content\/uploads\/2022\/10\/CPVP.jpg","type":"image\/jpeg"}],"twitter_card":"summary_large_image","twitter_misc":{"Est. reading time":"1 minute"},"schema":{"@context":"https:\/\/schema.org","@graph":[{"@type":"WebPage","@id":"https:\/\/www.seeer-tn.com\/en\/produit\/terminal-board-covers-cpvp\/","url":"https:\/\/www.seeer-tn.com\/en\/produit\/terminal-board-covers-cpvp\/","name":"Terminal board covers CPVP | SEEER","isPartOf":{"@id":"https:\/\/www.seeer-tn.com\/#website"},"primaryImageOfPage":{"@id":"https:\/\/www.seeer-tn.com\/en\/produit\/terminal-board-covers-cpvp\/#primaryimage"},"image":{"@id":"https:\/\/www.seeer-tn.com\/en\/produit\/terminal-board-covers-cpvp\/#primaryimage"},"thumbnailUrl":"https:\/\/www.seeer-tn.com\/wp-content\/uploads\/2022\/10\/CPVP.jpg","datePublished":"2022-10-31T09:57:15+00:00","dateModified":"2024-09-21T07:30:48+00:00","description":"Model A C D E CP71-VP 75 70 60 65 24 CP90-VP 83 83 70 70 28","breadcrumb":{"@id":"https:\/\/www.seeer-tn.com\/en\/produit\/terminal-board-covers-cpvp\/#breadcrumb"},"inLanguage":"en-US","potentialAction":[{"@type":"ReadAction","target":["https:\/\/www.seeer-tn.com\/en\/produit\/terminal-board-covers-cpvp\/"]}]},{"@type":"ImageObject","inLanguage":"en-US","@id":"https:\/\/www.seeer-tn.com\/en\/produit\/terminal-board-covers-cpvp\/#primaryimage","url":"https:\/\/www.seeer-tn.com\/wp-content\/uploads\/2022\/10\/CPVP.jpg","contentUrl":"https:\/\/www.seeer-tn.com\/wp-content\/uploads\/2022\/10\/CPVP.jpg","width":1000,"height":1000},{"@type":"BreadcrumbList","@id":"https:\/\/www.seeer-tn.com\/en\/produit\/terminal-board-covers-cpvp\/#breadcrumb","itemListElement":[{"@type":"ListItem","position":1,"name":"Accueil","item":"https:\/\/www.seeer-tn.com\/en\/"},{"@type":"ListItem","position":2,"name":"Boutique","item":"https:\/\/www.seeer-tn.com\/boutique\/"},{"@type":"ListItem","position":3,"name":"Terminal board covers CPVP"}]},{"@type":"WebSite","@id":"https:\/\/www.seeer-tn.com\/#website","url":"https:\/\/www.seeer-tn.com\/","name":"SEEER","description":"Soci\u00e9t\u00e9 d\u2019\u00e9quipement \u00e9lectrique \u00e9lectronique &amp; de Rebobinage","potentialAction":[{"@type":"SearchAction","target":{"@type":"EntryPoint","urlTemplate":"https:\/\/www.seeer-tn.com\/?s={search_term_string}"},"query-input":"required name=search_term_string"}],"inLanguage":"en-US"}]}},"_links":{"self":[{"href":"https:\/\/www.seeer-tn.com\/en\/wp-json\/wp\/v2\/product\/13590","targetHints":{"allow":["GET"]}}],"collection":[{"href":"https:\/\/www.seeer-tn.com\/en\/wp-json\/wp\/v2\/product"}],"about":[{"href":"https:\/\/www.seeer-tn.com\/en\/wp-json\/wp\/v2\/types\/product"}],"wp:featuredmedia":[{"embeddable":true,"href":"https:\/\/www.seeer-tn.com\/en\/wp-json\/wp\/v2\/media\/7868"}],"wp:attachment":[{"href":"https:\/\/www.seeer-tn.com\/en\/wp-json\/wp\/v2\/media?parent=13590"}],"wp:term":[{"taxonomy":"product_cat","embeddable":true,"href":"https:\/\/www.seeer-tn.com\/en\/wp-json\/wp\/v2\/product_cat?post=13590"},{"taxonomy":"product_tag","embeddable":true,"href":"https:\/\/www.seeer-tn.com\/en\/wp-json\/wp\/v2\/product_tag?post=13590"}],"curies":[{"name":"wp","href":"https:\/\/api.w.org\/{rel}","templated":true}]}}