{"id":13596,"date":"2022-10-31T15:33:21","date_gmt":"2022-10-31T14:33:21","guid":{"rendered":"https:\/\/www.seeer-tn.com\/?post_type=product&#038;p=13596"},"modified":"2024-10-02T10:56:10","modified_gmt":"2024-10-02T08:56:10","slug":"mechanical-seals-p70","status":"publish","type":"product","link":"https:\/\/www.seeer-tn.com\/en\/produit\/mechanical-seals-p70\/","title":{"rendered":"Mechanical seals P70"},"content":{"rendered":"<div class=\"wpb-content-wrapper\"><p>[vc_row][vc_column][vc_column_text woodmart_inline=&#8221;no&#8221; text_larger=&#8221;no&#8221;]<\/p>\n<table>\n<tbody>\n<tr>\n<td style=\"text-align: left;\">\n<div class=\"sous-titre-prod\" style=\"font-size: 12px;\">Allowable limits P70 :<\/div>\n<p>Pressure : 0.7MPa<br \/>\nVelocity : 5m\/s<br \/>\nTemperature : &#8211; 20 &#8211; 100\u00b0C<\/p>\n<div class=\"sous-titre-prod\" style=\"font-size: 12px;\">Application :<\/div>\n<p>Used for submersible pumps and industrial pumps in general .<\/td>\n<td>\n<div class=\"sous-titre-prod\" style=\"font-size: 11px;\">Component materials P70:<\/div>\n<p>Fixed ring: Ceramic<br \/>\nRotating ring: Carbon<br \/>\nSecondary seal: NBR<br \/>\nSpring &amp; others: SUS304<\/td>\n<\/tr>\n<\/tbody>\n<\/table>\n<p><a href=\"https:\/\/www.seeer-tn.com\/wp-content\/uploads\/2024\/01\/P70_compressed-1.pdf\" target=\"_blank\" rel=\"noopener\"><img loading=\"lazy\" decoding=\"async\" class=\"alignnone wp-image-7324\" src=\"https:\/\/www.seeer-tn.com\/wp-content\/uploads\/2022\/10\/PDF_file_icon.jpg\" alt=\"\" width=\"46\" height=\"57\" \/> Download PDF file<\/a>[\/vc_column_text][\/vc_column][\/vc_row]<\/p>\n<\/div>","protected":false},"excerpt":{"rendered":"<table width=\"588\">\n<tbody>\n<tr style=\"height: 56px;\">\n<td width=\"84\"><strong><strong><span style=\"color: #007bc4;\">Model<\/span><\/strong><\/strong><\/td>\n<td width=\"84\"><strong><strong><span style=\"color: #007bc4;\">D1<\/span><\/strong><\/strong><\/td>\n<td width=\"84\"><strong><strong><span style=\"color: #007bc4;\">D3<\/span><\/strong><\/strong><\/td>\n<td width=\"84\"><strong><strong><span style=\"color: #007bc4;\">D7<\/span><\/strong><\/strong><\/td>\n<td width=\"84\"><strong><strong><span style=\"color: #007bc4;\">L<\/span><\/strong><\/strong><\/td>\n<td width=\"84\"><strong><strong><span style=\"color: #007bc4;\">L3<\/span><\/strong><\/strong><\/td>\n<td width=\"84\"><strong><strong><span style=\"color: #007bc4;\">L4<\/span><\/strong><\/strong><\/td>\n<\/tr>\n<tr style=\"background-color: #dfdfdf;\">\n<td width=\"84\"><strong><strong><span style=\"color: #007bc4;\">P14-70<\/span><\/strong><\/strong><\/td>\n<td width=\"84\">14<\/td>\n<td width=\"84\">32<\/td>\n<td width=\"84\">29.5<\/td>\n<td width=\"84\">32<\/td>\n<td width=\"84\">24.5<\/td>\n<td width=\"84\">7<\/td>\n<\/tr>\n<tr style=\"background-color: #fefefe;\">\n<td width=\"84\"><strong><strong><span style=\"color: #007bc4;\">P15-70<\/span><\/strong><\/strong><\/td>\n<td width=\"84\">15<\/td>\n<td width=\"84\">32<\/td>\n<td width=\"84\">29.5<\/td>\n<td width=\"84\">1<\/td>\n<td width=\"84\">24.5<\/td>\n<td width=\"84\">7.5<\/td>\n<\/tr>\n<tr style=\"background-color: #dfdfdf;\">\n<td width=\"84\"><strong><strong><span style=\"color: #007bc4;\">P16-70<\/span><\/strong><\/strong><\/td>\n<td width=\"84\">16<\/td>\n<td width=\"84\">32<\/td>\n<td width=\"84\">29.5<\/td>\n<td width=\"84\">31<\/td>\n<td width=\"84\">24.5<\/td>\n<td width=\"84\">7.5<\/td>\n<\/tr>\n<\/tbody>\n<\/table>\n","protected":false},"featured_media":7587,"template":"","meta":[],"product_cat":[104],"product_tag":[],"class_list":["post-13596","product","type-product","status-publish","has-post-thumbnail","hentry","product_cat-mechanical-seal"],"acf":[],"yoast_head":"<!-- This site is optimized with the Yoast SEO plugin v23.3 - https:\/\/yoast.com\/wordpress\/plugins\/seo\/ -->\n<title>Mechanical seals P70 | SEEER<\/title>\n<meta name=\"description\" content=\"Model D1 D3 D7 L L3 L4   P14-70 14 32 29.5 32 24.5 7   P15-70 15 32 29.5 1 24.5 7.5   P16-70 16 32 29.5 31 24.5 7.5\" \/>\n<meta name=\"robots\" content=\"index, follow, max-snippet:-1, max-image-preview:large, max-video-preview:-1\" \/>\n<link rel=\"canonical\" href=\"https:\/\/www.seeer-tn.com\/en\/produit\/mechanical-seals-p70\/\" \/>\n<meta property=\"og:locale\" content=\"en_US\" \/>\n<meta property=\"og:type\" content=\"article\" \/>\n<meta property=\"og:title\" content=\"Mechanical seals P70 | SEEER\" \/>\n<meta property=\"og:description\" content=\"Model D1 D3 D7 L L3 L4   P14-70 14 32 29.5 32 24.5 7   P15-70 15 32 29.5 1 24.5 7.5   P16-70 16 32 29.5 31 24.5 7.5\" \/>\n<meta property=\"og:url\" content=\"https:\/\/www.seeer-tn.com\/en\/produit\/mechanical-seals-p70\/\" \/>\n<meta property=\"og:site_name\" content=\"SEEER\" \/>\n<meta property=\"article:modified_time\" content=\"2024-10-02T08:56:10+00:00\" \/>\n<meta property=\"og:image\" content=\"https:\/\/www.seeer-tn.com\/wp-content\/uploads\/2022\/10\/P70-8.jpg\" \/>\n\t<meta property=\"og:image:width\" content=\"1000\" \/>\n\t<meta property=\"og:image:height\" content=\"1000\" \/>\n\t<meta property=\"og:image:type\" content=\"image\/jpeg\" \/>\n<meta name=\"twitter:card\" content=\"summary_large_image\" \/>\n<meta name=\"twitter:label1\" content=\"Est. reading time\" \/>\n\t<meta name=\"twitter:data1\" content=\"1 minute\" \/>\n<script type=\"application\/ld+json\" class=\"yoast-schema-graph\">{\"@context\":\"https:\/\/schema.org\",\"@graph\":[{\"@type\":\"WebPage\",\"@id\":\"https:\/\/www.seeer-tn.com\/en\/produit\/mechanical-seals-p70\/\",\"url\":\"https:\/\/www.seeer-tn.com\/en\/produit\/mechanical-seals-p70\/\",\"name\":\"Mechanical seals P70 | SEEER\",\"isPartOf\":{\"@id\":\"https:\/\/www.seeer-tn.com\/#website\"},\"primaryImageOfPage\":{\"@id\":\"https:\/\/www.seeer-tn.com\/en\/produit\/mechanical-seals-p70\/#primaryimage\"},\"image\":{\"@id\":\"https:\/\/www.seeer-tn.com\/en\/produit\/mechanical-seals-p70\/#primaryimage\"},\"thumbnailUrl\":\"https:\/\/www.seeer-tn.com\/wp-content\/uploads\/2022\/10\/P70-8.jpg\",\"datePublished\":\"2022-10-31T14:33:21+00:00\",\"dateModified\":\"2024-10-02T08:56:10+00:00\",\"description\":\"Model D1 D3 D7 L L3 L4 P14-70 14 32 29.5 32 24.5 7 P15-70 15 32 29.5 1 24.5 7.5 P16-70 16 32 29.5 31 24.5 7.5\",\"breadcrumb\":{\"@id\":\"https:\/\/www.seeer-tn.com\/en\/produit\/mechanical-seals-p70\/#breadcrumb\"},\"inLanguage\":\"en-US\",\"potentialAction\":[{\"@type\":\"ReadAction\",\"target\":[\"https:\/\/www.seeer-tn.com\/en\/produit\/mechanical-seals-p70\/\"]}]},{\"@type\":\"ImageObject\",\"inLanguage\":\"en-US\",\"@id\":\"https:\/\/www.seeer-tn.com\/en\/produit\/mechanical-seals-p70\/#primaryimage\",\"url\":\"https:\/\/www.seeer-tn.com\/wp-content\/uploads\/2022\/10\/P70-8.jpg\",\"contentUrl\":\"https:\/\/www.seeer-tn.com\/wp-content\/uploads\/2022\/10\/P70-8.jpg\",\"width\":1000,\"height\":1000},{\"@type\":\"BreadcrumbList\",\"@id\":\"https:\/\/www.seeer-tn.com\/en\/produit\/mechanical-seals-p70\/#breadcrumb\",\"itemListElement\":[{\"@type\":\"ListItem\",\"position\":1,\"name\":\"Accueil\",\"item\":\"https:\/\/www.seeer-tn.com\/en\/\"},{\"@type\":\"ListItem\",\"position\":2,\"name\":\"Boutique\",\"item\":\"https:\/\/www.seeer-tn.com\/boutique\/\"},{\"@type\":\"ListItem\",\"position\":3,\"name\":\"Mechanical seals P70\"}]},{\"@type\":\"WebSite\",\"@id\":\"https:\/\/www.seeer-tn.com\/#website\",\"url\":\"https:\/\/www.seeer-tn.com\/\",\"name\":\"SEEER\",\"description\":\"Soci\u00e9t\u00e9 d\u2019\u00e9quipement \u00e9lectrique \u00e9lectronique &amp; de Rebobinage\",\"potentialAction\":[{\"@type\":\"SearchAction\",\"target\":{\"@type\":\"EntryPoint\",\"urlTemplate\":\"https:\/\/www.seeer-tn.com\/?s={search_term_string}\"},\"query-input\":\"required name=search_term_string\"}],\"inLanguage\":\"en-US\"}]}<\/script>\n<!-- \/ Yoast SEO plugin. -->","yoast_head_json":{"title":"Mechanical seals P70 | SEEER","description":"Model D1 D3 D7 L L3 L4   P14-70 14 32 29.5 32 24.5 7   P15-70 15 32 29.5 1 24.5 7.5   P16-70 16 32 29.5 31 24.5 7.5","robots":{"index":"index","follow":"follow","max-snippet":"max-snippet:-1","max-image-preview":"max-image-preview:large","max-video-preview":"max-video-preview:-1"},"canonical":"https:\/\/www.seeer-tn.com\/en\/produit\/mechanical-seals-p70\/","og_locale":"en_US","og_type":"article","og_title":"Mechanical seals P70 | SEEER","og_description":"Model D1 D3 D7 L L3 L4   P14-70 14 32 29.5 32 24.5 7   P15-70 15 32 29.5 1 24.5 7.5   P16-70 16 32 29.5 31 24.5 7.5","og_url":"https:\/\/www.seeer-tn.com\/en\/produit\/mechanical-seals-p70\/","og_site_name":"SEEER","article_modified_time":"2024-10-02T08:56:10+00:00","og_image":[{"width":1000,"height":1000,"url":"https:\/\/www.seeer-tn.com\/wp-content\/uploads\/2022\/10\/P70-8.jpg","type":"image\/jpeg"}],"twitter_card":"summary_large_image","twitter_misc":{"Est. reading time":"1 minute"},"schema":{"@context":"https:\/\/schema.org","@graph":[{"@type":"WebPage","@id":"https:\/\/www.seeer-tn.com\/en\/produit\/mechanical-seals-p70\/","url":"https:\/\/www.seeer-tn.com\/en\/produit\/mechanical-seals-p70\/","name":"Mechanical seals P70 | SEEER","isPartOf":{"@id":"https:\/\/www.seeer-tn.com\/#website"},"primaryImageOfPage":{"@id":"https:\/\/www.seeer-tn.com\/en\/produit\/mechanical-seals-p70\/#primaryimage"},"image":{"@id":"https:\/\/www.seeer-tn.com\/en\/produit\/mechanical-seals-p70\/#primaryimage"},"thumbnailUrl":"https:\/\/www.seeer-tn.com\/wp-content\/uploads\/2022\/10\/P70-8.jpg","datePublished":"2022-10-31T14:33:21+00:00","dateModified":"2024-10-02T08:56:10+00:00","description":"Model D1 D3 D7 L L3 L4 P14-70 14 32 29.5 32 24.5 7 P15-70 15 32 29.5 1 24.5 7.5 P16-70 16 32 29.5 31 24.5 7.5","breadcrumb":{"@id":"https:\/\/www.seeer-tn.com\/en\/produit\/mechanical-seals-p70\/#breadcrumb"},"inLanguage":"en-US","potentialAction":[{"@type":"ReadAction","target":["https:\/\/www.seeer-tn.com\/en\/produit\/mechanical-seals-p70\/"]}]},{"@type":"ImageObject","inLanguage":"en-US","@id":"https:\/\/www.seeer-tn.com\/en\/produit\/mechanical-seals-p70\/#primaryimage","url":"https:\/\/www.seeer-tn.com\/wp-content\/uploads\/2022\/10\/P70-8.jpg","contentUrl":"https:\/\/www.seeer-tn.com\/wp-content\/uploads\/2022\/10\/P70-8.jpg","width":1000,"height":1000},{"@type":"BreadcrumbList","@id":"https:\/\/www.seeer-tn.com\/en\/produit\/mechanical-seals-p70\/#breadcrumb","itemListElement":[{"@type":"ListItem","position":1,"name":"Accueil","item":"https:\/\/www.seeer-tn.com\/en\/"},{"@type":"ListItem","position":2,"name":"Boutique","item":"https:\/\/www.seeer-tn.com\/boutique\/"},{"@type":"ListItem","position":3,"name":"Mechanical seals P70"}]},{"@type":"WebSite","@id":"https:\/\/www.seeer-tn.com\/#website","url":"https:\/\/www.seeer-tn.com\/","name":"SEEER","description":"Soci\u00e9t\u00e9 d\u2019\u00e9quipement \u00e9lectrique \u00e9lectronique &amp; de Rebobinage","potentialAction":[{"@type":"SearchAction","target":{"@type":"EntryPoint","urlTemplate":"https:\/\/www.seeer-tn.com\/?s={search_term_string}"},"query-input":"required name=search_term_string"}],"inLanguage":"en-US"}]}},"_links":{"self":[{"href":"https:\/\/www.seeer-tn.com\/en\/wp-json\/wp\/v2\/product\/13596","targetHints":{"allow":["GET"]}}],"collection":[{"href":"https:\/\/www.seeer-tn.com\/en\/wp-json\/wp\/v2\/product"}],"about":[{"href":"https:\/\/www.seeer-tn.com\/en\/wp-json\/wp\/v2\/types\/product"}],"wp:featuredmedia":[{"embeddable":true,"href":"https:\/\/www.seeer-tn.com\/en\/wp-json\/wp\/v2\/media\/7587"}],"wp:attachment":[{"href":"https:\/\/www.seeer-tn.com\/en\/wp-json\/wp\/v2\/media?parent=13596"}],"wp:term":[{"taxonomy":"product_cat","embeddable":true,"href":"https:\/\/www.seeer-tn.com\/en\/wp-json\/wp\/v2\/product_cat?post=13596"},{"taxonomy":"product_tag","embeddable":true,"href":"https:\/\/www.seeer-tn.com\/en\/wp-json\/wp\/v2\/product_tag?post=13596"}],"curies":[{"name":"wp","href":"https:\/\/api.w.org\/{rel}","templated":true}]}}