{"id":13642,"date":"2022-10-31T15:41:48","date_gmt":"2022-10-31T14:41:48","guid":{"rendered":"https:\/\/www.seeer-tn.com\/?post_type=product&#038;p=13642"},"modified":"2024-09-20T12:07:03","modified_gmt":"2024-09-20T10:07:03","slug":"mechanical-seals-p103","status":"publish","type":"product","link":"https:\/\/www.seeer-tn.com\/en\/produit\/mechanical-seals-p103\/","title":{"rendered":"Mechanical seals P103"},"content":{"rendered":"<div class=\"wpb-content-wrapper\"><p>[vc_row][vc_column][vc_column_text woodmart_inline=&#8221;no&#8221; text_larger=&#8221;no&#8221;]<\/p>\n<table>\n<tbody>\n<tr>\n<td style=\"text-align: left;\">\n<div class=\"sous-titre-prod\">Allowable limits: P103<\/div>\n<p>Pressure: 0.5MPa<br \/>\nVelocity: 5m\/s<br \/>\nTemperature: &#8211; 20 \u00e0 100\u00b0C<\/p>\n<div class=\"sous-titre-prod\">Application :<\/div>\n<p>Clean water circulation pump<\/td>\n<td>\n<div class=\"sous-titre-prod\">Component material: P103<\/div>\n<p>Fixed ring: Ceramic<br \/>\nRotating ring: Carbon<br \/>\nSecondary seal: NBR<br \/>\nSpring &amp; others: SUS304<\/td>\n<\/tr>\n<\/tbody>\n<\/table>\n<p><a href=\"https:\/\/www.seeer-tn.com\/wp-content\/uploads\/2024\/01\/p103_compressed-1.pdf\" target=\"_blank\" rel=\"noopener\"><img loading=\"lazy\" decoding=\"async\" class=\"alignnone wp-image-7324\" src=\"https:\/\/www.seeer-tn.com\/wp-content\/uploads\/2022\/10\/PDF_file_icon.jpg\" alt=\"\" width=\"46\" height=\"57\" \/> Download PDF file<\/a>[\/vc_column_text][\/vc_column][\/vc_row]<\/p>\n<\/div>","protected":false},"excerpt":{"rendered":"<table>\n<tbody>\n<tr style=\"background-color: #fefefe;height:57px;\">\n<td width=\"87\"><span style=\"color: #007bc4;\"><strong>Model<\/strong><\/span><\/td>\n<td width=\"87\"><span style=\"color: #007bc4;\"><strong>D1<\/strong><\/span><\/td>\n<td width=\"87\"><span style=\"color: #007bc4;\"><strong>D3<\/strong><\/span><\/td>\n<td width=\"87\"><span style=\"color: #007bc4;\"><strong>D7<\/strong><\/span><\/td>\n<td width=\"87\"><span style=\"color: #007bc4;\"><strong>L<\/strong><\/span><\/td>\n<td width=\"87\"><span style=\"color: #007bc4;\"><strong>L3<\/strong><\/span><\/td>\n<td width=\"87\"><span style=\"color: #007bc4;\"><strong>L4<\/strong><\/span><\/td>\n<\/tr>\n<tr style=\"background-color: #dfdfdf;\">\n<td width=\"87\"><span style=\"color: #007bc4;\"><strong>P103-10<\/strong><\/span><\/td>\n<td width=\"87\">10<\/td>\n<td width=\"87\">22.5<\/td>\n<td width=\"87\">26<\/td>\n<td width=\"87\">20.5<\/td>\n<td width=\"87\">15.5<\/td>\n<td width=\"87\">5<\/td>\n<\/tr>\n<tr style=\"background-color: #fefefe;\">\n<td width=\"87\"><span style=\"color: #007bc4;\"><strong>P103-12<\/strong><\/span><\/td>\n<td width=\"87\">12<\/td>\n<td width=\"87\">22.5<\/td>\n<td width=\"87\">26<\/td>\n<td width=\"87\">20.5<\/td>\n<td width=\"87\">15.5<\/td>\n<td width=\"87\">5<\/td>\n<\/tr>\n<tr style=\"background-color: #dfdfdf;\">\n<td width=\"87\"><span style=\"color: #007bc4;\"><strong>P103-12L<\/strong><\/span><\/td>\n<td width=\"87\">12<\/td>\n<td width=\"87\">22.5<\/td>\n<td width=\"87\">26<\/td>\n<td width=\"87\">22.5<\/td>\n<td width=\"87\">15.5<\/td>\n<td width=\"87\">7<\/td>\n<\/tr>\n<tr style=\"background-color: #fefefe;\">\n<td width=\"87\"><span style=\"color: #007bc4;\"><strong>P103-14<\/strong><\/span><\/td>\n<td width=\"87\">14<\/td>\n<td width=\"87\">28<\/td>\n<td width=\"87\">30<\/td>\n<td width=\"87\">20.5<\/td>\n<td width=\"87\">15.5<\/td>\n<td width=\"87\">5<\/td>\n<\/tr>\n<tr style=\"background-color: #dfdfdf;\">\n<td width=\"87\"><span style=\"color: #007bc4;\"><strong>P103-16<\/strong><\/span><\/td>\n<td width=\"87\">16<\/td>\n<td width=\"87\">30<\/td>\n<td width=\"87\">35<\/td>\n<td width=\"87\">20.5<\/td>\n<td width=\"87\">15.5<\/td>\n<td width=\"87\">5<\/td>\n<\/tr>\n<tr style=\"background-color: #fefefe;\">\n<td width=\"87\"><span style=\"color: #007bc4;\"><strong>P103-17<\/strong><\/span><\/td>\n<td width=\"87\">17<\/td>\n<td width=\"87\">30<\/td>\n<td width=\"87\">35<\/td>\n<td width=\"87\">20.5<\/td>\n<td width=\"87\">15.5<\/td>\n<td width=\"87\">5<\/td>\n<\/tr>\n<tr style=\"background-color: #dfdfdf;\">\n<td width=\"87\"><span style=\"color: #007bc4;\"><strong>P103-18<\/strong><\/span><\/td>\n<td width=\"87\">18<\/td>\n<td width=\"87\">30<\/td>\n<td width=\"87\">35<\/td>\n<td width=\"87\">20.5<\/td>\n<td width=\"87\">15.5<\/td>\n<td width=\"87\">5<\/td>\n<\/tr>\n<\/tbody>\n<\/table>\n","protected":false},"featured_media":7856,"template":"","meta":[],"product_cat":[104],"product_tag":[],"class_list":["post-13642","product","type-product","status-publish","has-post-thumbnail","hentry","product_cat-mechanical-seal"],"acf":[],"yoast_head":"<!-- This site is optimized with the Yoast SEO plugin v23.3 - https:\/\/yoast.com\/wordpress\/plugins\/seo\/ -->\n<title>Mechanical seals P103 | SEEER<\/title>\n<meta name=\"description\" content=\"Model D1 D3 D7 L L3 L4   P103-10 10 22.5 26 20.5 15.5 5   P103-12 12 22.5 26 20.5 15.5 5   P103-12L 12 22.5 26 22.5 15.5 7   P103-14 14 28 30 20.5 15.5 5   P103-16 16 30 35 20.5 15.5 5   P103-17 17 30 35 20.5 15.5 5   P103-18 18 30 35 20.5 15.5 5\" \/>\n<meta name=\"robots\" content=\"index, follow, max-snippet:-1, max-image-preview:large, max-video-preview:-1\" \/>\n<link rel=\"canonical\" href=\"https:\/\/www.seeer-tn.com\/en\/produit\/mechanical-seals-p103\/\" \/>\n<meta property=\"og:locale\" content=\"en_US\" \/>\n<meta property=\"og:type\" content=\"article\" \/>\n<meta property=\"og:title\" content=\"Mechanical seals P103 | SEEER\" \/>\n<meta property=\"og:description\" content=\"Model D1 D3 D7 L L3 L4   P103-10 10 22.5 26 20.5 15.5 5   P103-12 12 22.5 26 20.5 15.5 5   P103-12L 12 22.5 26 22.5 15.5 7   P103-14 14 28 30 20.5 15.5 5   P103-16 16 30 35 20.5 15.5 5   P103-17 17 30 35 20.5 15.5 5   P103-18 18 30 35 20.5 15.5 5\" \/>\n<meta property=\"og:url\" content=\"https:\/\/www.seeer-tn.com\/en\/produit\/mechanical-seals-p103\/\" \/>\n<meta property=\"og:site_name\" content=\"SEEER\" \/>\n<meta property=\"article:modified_time\" content=\"2024-09-20T10:07:03+00:00\" \/>\n<meta property=\"og:image\" content=\"https:\/\/www.seeer-tn.com\/wp-content\/uploads\/2022\/10\/P103.jpg\" \/>\n\t<meta property=\"og:image:width\" content=\"1000\" \/>\n\t<meta property=\"og:image:height\" content=\"1000\" \/>\n\t<meta property=\"og:image:type\" content=\"image\/jpeg\" \/>\n<meta name=\"twitter:card\" content=\"summary_large_image\" \/>\n<meta name=\"twitter:label1\" content=\"Est. reading time\" \/>\n\t<meta name=\"twitter:data1\" content=\"1 minute\" \/>\n<script type=\"application\/ld+json\" class=\"yoast-schema-graph\">{\"@context\":\"https:\/\/schema.org\",\"@graph\":[{\"@type\":\"WebPage\",\"@id\":\"https:\/\/www.seeer-tn.com\/en\/produit\/mechanical-seals-p103\/\",\"url\":\"https:\/\/www.seeer-tn.com\/en\/produit\/mechanical-seals-p103\/\",\"name\":\"Mechanical seals P103 | SEEER\",\"isPartOf\":{\"@id\":\"https:\/\/www.seeer-tn.com\/#website\"},\"primaryImageOfPage\":{\"@id\":\"https:\/\/www.seeer-tn.com\/en\/produit\/mechanical-seals-p103\/#primaryimage\"},\"image\":{\"@id\":\"https:\/\/www.seeer-tn.com\/en\/produit\/mechanical-seals-p103\/#primaryimage\"},\"thumbnailUrl\":\"https:\/\/www.seeer-tn.com\/wp-content\/uploads\/2022\/10\/P103.jpg\",\"datePublished\":\"2022-10-31T14:41:48+00:00\",\"dateModified\":\"2024-09-20T10:07:03+00:00\",\"description\":\"Model D1 D3 D7 L L3 L4 P103-10 10 22.5 26 20.5 15.5 5 P103-12 12 22.5 26 20.5 15.5 5 P103-12L 12 22.5 26 22.5 15.5 7 P103-14 14 28 30 20.5 15.5 5 P103-16 16 30 35 20.5 15.5 5 P103-17 17 30 35 20.5 15.5 5 P103-18 18 30 35 20.5 15.5 5\",\"breadcrumb\":{\"@id\":\"https:\/\/www.seeer-tn.com\/en\/produit\/mechanical-seals-p103\/#breadcrumb\"},\"inLanguage\":\"en-US\",\"potentialAction\":[{\"@type\":\"ReadAction\",\"target\":[\"https:\/\/www.seeer-tn.com\/en\/produit\/mechanical-seals-p103\/\"]}]},{\"@type\":\"ImageObject\",\"inLanguage\":\"en-US\",\"@id\":\"https:\/\/www.seeer-tn.com\/en\/produit\/mechanical-seals-p103\/#primaryimage\",\"url\":\"https:\/\/www.seeer-tn.com\/wp-content\/uploads\/2022\/10\/P103.jpg\",\"contentUrl\":\"https:\/\/www.seeer-tn.com\/wp-content\/uploads\/2022\/10\/P103.jpg\",\"width\":1000,\"height\":1000},{\"@type\":\"BreadcrumbList\",\"@id\":\"https:\/\/www.seeer-tn.com\/en\/produit\/mechanical-seals-p103\/#breadcrumb\",\"itemListElement\":[{\"@type\":\"ListItem\",\"position\":1,\"name\":\"Accueil\",\"item\":\"https:\/\/www.seeer-tn.com\/en\/\"},{\"@type\":\"ListItem\",\"position\":2,\"name\":\"Boutique\",\"item\":\"https:\/\/www.seeer-tn.com\/boutique\/\"},{\"@type\":\"ListItem\",\"position\":3,\"name\":\"Mechanical seals P103\"}]},{\"@type\":\"WebSite\",\"@id\":\"https:\/\/www.seeer-tn.com\/#website\",\"url\":\"https:\/\/www.seeer-tn.com\/\",\"name\":\"SEEER\",\"description\":\"Soci\u00e9t\u00e9 d\u2019\u00e9quipement \u00e9lectrique \u00e9lectronique &amp; de Rebobinage\",\"potentialAction\":[{\"@type\":\"SearchAction\",\"target\":{\"@type\":\"EntryPoint\",\"urlTemplate\":\"https:\/\/www.seeer-tn.com\/?s={search_term_string}\"},\"query-input\":\"required name=search_term_string\"}],\"inLanguage\":\"en-US\"}]}<\/script>\n<!-- \/ Yoast SEO plugin. -->","yoast_head_json":{"title":"Mechanical seals P103 | SEEER","description":"Model D1 D3 D7 L L3 L4   P103-10 10 22.5 26 20.5 15.5 5   P103-12 12 22.5 26 20.5 15.5 5   P103-12L 12 22.5 26 22.5 15.5 7   P103-14 14 28 30 20.5 15.5 5   P103-16 16 30 35 20.5 15.5 5   P103-17 17 30 35 20.5 15.5 5   P103-18 18 30 35 20.5 15.5 5","robots":{"index":"index","follow":"follow","max-snippet":"max-snippet:-1","max-image-preview":"max-image-preview:large","max-video-preview":"max-video-preview:-1"},"canonical":"https:\/\/www.seeer-tn.com\/en\/produit\/mechanical-seals-p103\/","og_locale":"en_US","og_type":"article","og_title":"Mechanical seals P103 | SEEER","og_description":"Model D1 D3 D7 L L3 L4   P103-10 10 22.5 26 20.5 15.5 5   P103-12 12 22.5 26 20.5 15.5 5   P103-12L 12 22.5 26 22.5 15.5 7   P103-14 14 28 30 20.5 15.5 5   P103-16 16 30 35 20.5 15.5 5   P103-17 17 30 35 20.5 15.5 5   P103-18 18 30 35 20.5 15.5 5","og_url":"https:\/\/www.seeer-tn.com\/en\/produit\/mechanical-seals-p103\/","og_site_name":"SEEER","article_modified_time":"2024-09-20T10:07:03+00:00","og_image":[{"width":1000,"height":1000,"url":"https:\/\/www.seeer-tn.com\/wp-content\/uploads\/2022\/10\/P103.jpg","type":"image\/jpeg"}],"twitter_card":"summary_large_image","twitter_misc":{"Est. reading time":"1 minute"},"schema":{"@context":"https:\/\/schema.org","@graph":[{"@type":"WebPage","@id":"https:\/\/www.seeer-tn.com\/en\/produit\/mechanical-seals-p103\/","url":"https:\/\/www.seeer-tn.com\/en\/produit\/mechanical-seals-p103\/","name":"Mechanical seals P103 | SEEER","isPartOf":{"@id":"https:\/\/www.seeer-tn.com\/#website"},"primaryImageOfPage":{"@id":"https:\/\/www.seeer-tn.com\/en\/produit\/mechanical-seals-p103\/#primaryimage"},"image":{"@id":"https:\/\/www.seeer-tn.com\/en\/produit\/mechanical-seals-p103\/#primaryimage"},"thumbnailUrl":"https:\/\/www.seeer-tn.com\/wp-content\/uploads\/2022\/10\/P103.jpg","datePublished":"2022-10-31T14:41:48+00:00","dateModified":"2024-09-20T10:07:03+00:00","description":"Model D1 D3 D7 L L3 L4 P103-10 10 22.5 26 20.5 15.5 5 P103-12 12 22.5 26 20.5 15.5 5 P103-12L 12 22.5 26 22.5 15.5 7 P103-14 14 28 30 20.5 15.5 5 P103-16 16 30 35 20.5 15.5 5 P103-17 17 30 35 20.5 15.5 5 P103-18 18 30 35 20.5 15.5 5","breadcrumb":{"@id":"https:\/\/www.seeer-tn.com\/en\/produit\/mechanical-seals-p103\/#breadcrumb"},"inLanguage":"en-US","potentialAction":[{"@type":"ReadAction","target":["https:\/\/www.seeer-tn.com\/en\/produit\/mechanical-seals-p103\/"]}]},{"@type":"ImageObject","inLanguage":"en-US","@id":"https:\/\/www.seeer-tn.com\/en\/produit\/mechanical-seals-p103\/#primaryimage","url":"https:\/\/www.seeer-tn.com\/wp-content\/uploads\/2022\/10\/P103.jpg","contentUrl":"https:\/\/www.seeer-tn.com\/wp-content\/uploads\/2022\/10\/P103.jpg","width":1000,"height":1000},{"@type":"BreadcrumbList","@id":"https:\/\/www.seeer-tn.com\/en\/produit\/mechanical-seals-p103\/#breadcrumb","itemListElement":[{"@type":"ListItem","position":1,"name":"Accueil","item":"https:\/\/www.seeer-tn.com\/en\/"},{"@type":"ListItem","position":2,"name":"Boutique","item":"https:\/\/www.seeer-tn.com\/boutique\/"},{"@type":"ListItem","position":3,"name":"Mechanical seals P103"}]},{"@type":"WebSite","@id":"https:\/\/www.seeer-tn.com\/#website","url":"https:\/\/www.seeer-tn.com\/","name":"SEEER","description":"Soci\u00e9t\u00e9 d\u2019\u00e9quipement \u00e9lectrique \u00e9lectronique &amp; de Rebobinage","potentialAction":[{"@type":"SearchAction","target":{"@type":"EntryPoint","urlTemplate":"https:\/\/www.seeer-tn.com\/?s={search_term_string}"},"query-input":"required name=search_term_string"}],"inLanguage":"en-US"}]}},"_links":{"self":[{"href":"https:\/\/www.seeer-tn.com\/en\/wp-json\/wp\/v2\/product\/13642","targetHints":{"allow":["GET"]}}],"collection":[{"href":"https:\/\/www.seeer-tn.com\/en\/wp-json\/wp\/v2\/product"}],"about":[{"href":"https:\/\/www.seeer-tn.com\/en\/wp-json\/wp\/v2\/types\/product"}],"wp:featuredmedia":[{"embeddable":true,"href":"https:\/\/www.seeer-tn.com\/en\/wp-json\/wp\/v2\/media\/7856"}],"wp:attachment":[{"href":"https:\/\/www.seeer-tn.com\/en\/wp-json\/wp\/v2\/media?parent=13642"}],"wp:term":[{"taxonomy":"product_cat","embeddable":true,"href":"https:\/\/www.seeer-tn.com\/en\/wp-json\/wp\/v2\/product_cat?post=13642"},{"taxonomy":"product_tag","embeddable":true,"href":"https:\/\/www.seeer-tn.com\/en\/wp-json\/wp\/v2\/product_tag?post=13642"}],"curies":[{"name":"wp","href":"https:\/\/api.w.org\/{rel}","templated":true}]}}