{"id":13649,"date":"2022-10-31T15:47:46","date_gmt":"2022-10-31T14:47:46","guid":{"rendered":"https:\/\/www.seeer-tn.com\/?post_type=product&#038;p=13649"},"modified":"2024-09-20T13:15:52","modified_gmt":"2024-09-20T11:15:52","slug":"mechanical-seals-p210","status":"publish","type":"product","link":"https:\/\/www.seeer-tn.com\/en\/produit\/mechanical-seals-p210\/","title":{"rendered":"Mechanical seals P210"},"content":{"rendered":"<div class=\"wpb-content-wrapper\"><p>[vc_row][vc_column][vc_column_text woodmart_inline=&#8221;no&#8221; text_larger=&#8221;no&#8221;]<\/p>\n<table>\n<tbody>\n<tr>\n<td style=\"text-align: left;\">\n<div class=\"sous-titre-prod\">Allowable limits P210 :<\/div>\n<p>Pressure : 0.8MPa<br \/>\nVelocity : 10m\/s<br \/>\nTemperature : &#8211; 20 &#8211; 150\u00b0C<\/p>\n<div class=\"sous-titre-prod\">Application :<\/div>\n<p>Clean water circulation pump.<\/td>\n<td>\n<div class=\"sous-titre-prod\">Component materials P210 :<\/div>\n<p>Fixed ring: Ceramic<br \/>\nRotating ring: Carbon<br \/>\nSecondary seal: NBR<br \/>\nSpring &amp; others: SUS304<\/td>\n<\/tr>\n<\/tbody>\n<\/table>\n<p><a href=\"https:\/\/www.seeer-tn.com\/wp-content\/uploads\/2024\/01\/p210_compressed.pdf\" target=\"_blank\" rel=\"noopener\"><img loading=\"lazy\" decoding=\"async\" class=\"alignnone wp-image-7324\" src=\"https:\/\/www.seeer-tn.com\/wp-content\/uploads\/2022\/10\/PDF_file_icon.jpg\" alt=\"\" width=\"46\" height=\"57\" \/> Download PDF file<\/a>[\/vc_column_text][\/vc_column][\/vc_row]<\/p>\n<\/div>","protected":false},"excerpt":{"rendered":"<table>\n<tbody>\n<tr style=\"height: 56px;\">\n<td width=\"124\"><strong><span style=\"color: #007bc4;\">Model<\/span><\/strong><\/td>\n<td width=\"80\"><strong><span style=\"color: #007bc4;\">d<\/span><\/strong><\/td>\n<td width=\"80\"><strong><span style=\"color: #007bc4;\">D<\/span><\/strong><\/td>\n<td width=\"80\"><strong><span style=\"color: #007bc4;\">Dl<\/span><\/strong><\/td>\n<td width=\"80\"><strong><span style=\"color: #007bc4;\">Ll<\/span><\/strong><\/td>\n<td width=\"80\"><strong><span style=\"color: #007bc4;\">L3<\/span><\/strong><\/td>\n<td width=\"80\"><strong><span style=\"color: #007bc4;\">L2<\/span><\/strong><\/td>\n<td width=\"80\"><strong><span style=\"color: #007bc4;\">L4<\/span><\/strong><\/td>\n<\/tr>\n<tr style=\"background-color: #dfdfdf;\">\n<td width=\"124\"><strong><span style=\"color: #007bc4;\">P210-14<\/span><\/strong><\/td>\n<td width=\"80\">14<\/td>\n<td width=\"80\">24<\/td>\n<td width=\"80\">25<\/td>\n<td width=\"80\">6<\/td>\n<td width=\"80\">15.2<\/td>\n<td width=\"80\">29.2<\/td>\n<td width=\"80\">34.2<\/td>\n<\/tr>\n<tr style=\"background-color: #fefefe;\">\n<td width=\"124\"><strong><span style=\"color: #007bc4;\">P210-15<\/span><\/strong><\/td>\n<td width=\"80\">15<\/td>\n<td width=\"80\">25<\/td>\n<td width=\"80\">26<\/td>\n<td width=\"80\">6<\/td>\n<td width=\"80\">15.2<\/td>\n<td width=\"80\">29.2<\/td>\n<td width=\"80\">34.2<\/td>\n<\/tr>\n<tr style=\"background-color: #dfdfdf;\">\n<td width=\"124\"><strong><span style=\"color: #007bc4;\">P210-16<\/span><\/strong><\/td>\n<td width=\"80\">16<\/td>\n<td width=\"80\">26<\/td>\n<td width=\"80\">27<\/td>\n<td width=\"80\">6<\/td>\n<td width=\"80\">15.2<\/td>\n<td width=\"80\">29.2<\/td>\n<td width=\"80\">34.2<\/td>\n<\/tr>\n<tr style=\"background-color: #fefefe;\">\n<td width=\"124\"><strong><span style=\"color: #007bc4;\">P210-18<\/span><\/strong><\/td>\n<td width=\"80\">18<\/td>\n<td width=\"80\">32<\/td>\n<td width=\"80\">33<\/td>\n<td width=\"80\">6<\/td>\n<td width=\"80\">20.2<\/td>\n<td width=\"80\">31.7<\/td>\n<td width=\"80\">39.2<\/td>\n<\/tr>\n<tr style=\"background-color: #dfdfdf;\">\n<td width=\"124\"><strong><span style=\"color: #007bc4;\">P210-20<\/span><\/strong><\/td>\n<td width=\"80\">20<\/td>\n<td width=\"80\">34<\/td>\n<td width=\"80\">35<\/td>\n<td width=\"80\">6<\/td>\n<td width=\"80\">20.2<\/td>\n<td width=\"80\">31.7<\/td>\n<td width=\"80\">39.2<\/td>\n<\/tr>\n<tr style=\"background-color: #fefefe;\">\n<td width=\"124\"><strong><span style=\"color: #007bc4;\">P210-22<\/span><\/strong><\/td>\n<td width=\"80\">22<\/td>\n<td width=\"80\">36<\/td>\n<td width=\"80\">37<\/td>\n<td width=\"80\">6<\/td>\n<td width=\"80\">20.2<\/td>\n<td width=\"80\">31.7<\/td>\n<td width=\"80\">39.2<\/td>\n<\/tr>\n<tr style=\"background-color: #dfdfdf;\">\n<td width=\"124\"><strong><span style=\"color: #007bc4;\">P210-24<\/span><\/strong><\/td>\n<td width=\"80\">24<\/td>\n<td width=\"80\">38<\/td>\n<td width=\"80\">39<\/td>\n<td width=\"80\">6<\/td>\n<td width=\"80\">20.2<\/td>\n<td width=\"80\">34.2<\/td>\n<td width=\"80\">44.2<\/td>\n<\/tr>\n<tr style=\"background-color: #fefefe;\">\n<td width=\"124\"><strong><span style=\"color: #007bc4;\">P210-25<\/span><\/strong><\/td>\n<td width=\"80\">25<\/td>\n<td width=\"80\">39<\/td>\n<td width=\"80\">40<\/td>\n<td width=\"80\">6<\/td>\n<td width=\"80\">20.2<\/td>\n<td width=\"80\">34.2<\/td>\n<td width=\"80\">44.2<\/td>\n<\/tr>\n<tr style=\"background-color: #dfdfdf;\">\n<td width=\"124\"><strong><span style=\"color: #007bc4;\">P210-28<\/span><\/strong><\/td>\n<td width=\"80\">28<\/td>\n<td width=\"80\">42<\/td>\n<td width=\"80\">43<\/td>\n<td width=\"80\">6<\/td>\n<td width=\"80\">26.2<\/td>\n<td width=\"80\">36.2<\/td>\n<td width=\"80\">44.2<\/td>\n<\/tr>\n<tr style=\"background-color: #fefefe;\">\n<td width=\"124\"><strong><span style=\"color: #007bc4;\">P210-30<\/span><\/strong><\/td>\n<td width=\"80\">30<\/td>\n<td width=\"80\">44<\/td>\n<td width=\"80\">45<\/td>\n<td width=\"80\">7<\/td>\n<td width=\"80\">26.2<\/td>\n<td width=\"80\">35.7<\/td>\n<td width=\"80\">43.2<\/td>\n<\/tr>\n<\/tbody>\n<\/table>\n","protected":false},"featured_media":7855,"template":"","meta":[],"product_cat":[104],"product_tag":[],"class_list":["post-13649","product","type-product","status-publish","has-post-thumbnail","hentry","product_cat-mechanical-seal"],"acf":[],"yoast_head":"<!-- This site is optimized with the Yoast SEO plugin v23.3 - https:\/\/yoast.com\/wordpress\/plugins\/seo\/ -->\n<title>Mechanical seals P210 | SEEER<\/title>\n<meta name=\"description\" content=\"Model d D Dl Ll L3 L2 L4   P210-14 14 24 25 6 15.2 29.2 34.2   P210-15 15 25 26 6 15.2 29.2 34.2   P210-16 16 26 27 6 15.2 29.2 34.2   P210-18 18 32 33 6 20.2 31.7 39.2   P210-20 20 34 35 6 20.2 31.7 39.2   P210-22 22 36 37 6 20.2 31.7 39.2   P210-24 24 38 39 6 20.2 34.2 44.2   P210-25 25 39 40 6 20.2 34.2 44.2   P210-28 28 42 43 6 26.2 36.2 44.2   P210-30 30 44 45 7 26.2 35.7 43.2\" \/>\n<meta name=\"robots\" content=\"index, follow, max-snippet:-1, max-image-preview:large, max-video-preview:-1\" \/>\n<link rel=\"canonical\" href=\"https:\/\/www.seeer-tn.com\/en\/produit\/mechanical-seals-p210\/\" \/>\n<meta property=\"og:locale\" content=\"en_US\" \/>\n<meta property=\"og:type\" content=\"article\" \/>\n<meta property=\"og:title\" content=\"Mechanical seals P210 | SEEER\" \/>\n<meta property=\"og:description\" content=\"Model d D Dl Ll L3 L2 L4   P210-14 14 24 25 6 15.2 29.2 34.2   P210-15 15 25 26 6 15.2 29.2 34.2   P210-16 16 26 27 6 15.2 29.2 34.2   P210-18 18 32 33 6 20.2 31.7 39.2   P210-20 20 34 35 6 20.2 31.7 39.2   P210-22 22 36 37 6 20.2 31.7 39.2   P210-24 24 38 39 6 20.2 34.2 44.2   P210-25 25 39 40 6 20.2 34.2 44.2   P210-28 28 42 43 6 26.2 36.2 44.2   P210-30 30 44 45 7 26.2 35.7 43.2\" \/>\n<meta property=\"og:url\" content=\"https:\/\/www.seeer-tn.com\/en\/produit\/mechanical-seals-p210\/\" \/>\n<meta property=\"og:site_name\" content=\"SEEER\" \/>\n<meta property=\"article:modified_time\" content=\"2024-09-20T11:15:52+00:00\" \/>\n<meta property=\"og:image\" content=\"https:\/\/www.seeer-tn.com\/wp-content\/uploads\/2022\/10\/P210.jpg\" \/>\n\t<meta property=\"og:image:width\" content=\"1000\" \/>\n\t<meta property=\"og:image:height\" content=\"1000\" \/>\n\t<meta property=\"og:image:type\" content=\"image\/jpeg\" \/>\n<meta name=\"twitter:card\" content=\"summary_large_image\" \/>\n<meta name=\"twitter:label1\" content=\"Est. reading time\" \/>\n\t<meta name=\"twitter:data1\" content=\"1 minute\" \/>\n<script type=\"application\/ld+json\" class=\"yoast-schema-graph\">{\"@context\":\"https:\/\/schema.org\",\"@graph\":[{\"@type\":\"WebPage\",\"@id\":\"https:\/\/www.seeer-tn.com\/en\/produit\/mechanical-seals-p210\/\",\"url\":\"https:\/\/www.seeer-tn.com\/en\/produit\/mechanical-seals-p210\/\",\"name\":\"Mechanical seals P210 | SEEER\",\"isPartOf\":{\"@id\":\"https:\/\/www.seeer-tn.com\/#website\"},\"primaryImageOfPage\":{\"@id\":\"https:\/\/www.seeer-tn.com\/en\/produit\/mechanical-seals-p210\/#primaryimage\"},\"image\":{\"@id\":\"https:\/\/www.seeer-tn.com\/en\/produit\/mechanical-seals-p210\/#primaryimage\"},\"thumbnailUrl\":\"https:\/\/www.seeer-tn.com\/wp-content\/uploads\/2022\/10\/P210.jpg\",\"datePublished\":\"2022-10-31T14:47:46+00:00\",\"dateModified\":\"2024-09-20T11:15:52+00:00\",\"description\":\"Model d D Dl Ll L3 L2 L4 P210-14 14 24 25 6 15.2 29.2 34.2 P210-15 15 25 26 6 15.2 29.2 34.2 P210-16 16 26 27 6 15.2 29.2 34.2 P210-18 18 32 33 6 20.2 31.7 39.2 P210-20 20 34 35 6 20.2 31.7 39.2 P210-22 22 36 37 6 20.2 31.7 39.2 P210-24 24 38 39 6 20.2 34.2 44.2 P210-25 25 39 40 6 20.2 34.2 44.2 P210-28 28 42 43 6 26.2 36.2 44.2 P210-30 30 44 45 7 26.2 35.7 43.2\",\"breadcrumb\":{\"@id\":\"https:\/\/www.seeer-tn.com\/en\/produit\/mechanical-seals-p210\/#breadcrumb\"},\"inLanguage\":\"en-US\",\"potentialAction\":[{\"@type\":\"ReadAction\",\"target\":[\"https:\/\/www.seeer-tn.com\/en\/produit\/mechanical-seals-p210\/\"]}]},{\"@type\":\"ImageObject\",\"inLanguage\":\"en-US\",\"@id\":\"https:\/\/www.seeer-tn.com\/en\/produit\/mechanical-seals-p210\/#primaryimage\",\"url\":\"https:\/\/www.seeer-tn.com\/wp-content\/uploads\/2022\/10\/P210.jpg\",\"contentUrl\":\"https:\/\/www.seeer-tn.com\/wp-content\/uploads\/2022\/10\/P210.jpg\",\"width\":1000,\"height\":1000},{\"@type\":\"BreadcrumbList\",\"@id\":\"https:\/\/www.seeer-tn.com\/en\/produit\/mechanical-seals-p210\/#breadcrumb\",\"itemListElement\":[{\"@type\":\"ListItem\",\"position\":1,\"name\":\"Accueil\",\"item\":\"https:\/\/www.seeer-tn.com\/en\/\"},{\"@type\":\"ListItem\",\"position\":2,\"name\":\"Boutique\",\"item\":\"https:\/\/www.seeer-tn.com\/boutique\/\"},{\"@type\":\"ListItem\",\"position\":3,\"name\":\"Mechanical seals P210\"}]},{\"@type\":\"WebSite\",\"@id\":\"https:\/\/www.seeer-tn.com\/#website\",\"url\":\"https:\/\/www.seeer-tn.com\/\",\"name\":\"SEEER\",\"description\":\"Soci\u00e9t\u00e9 d\u2019\u00e9quipement \u00e9lectrique \u00e9lectronique &amp; de Rebobinage\",\"potentialAction\":[{\"@type\":\"SearchAction\",\"target\":{\"@type\":\"EntryPoint\",\"urlTemplate\":\"https:\/\/www.seeer-tn.com\/?s={search_term_string}\"},\"query-input\":\"required name=search_term_string\"}],\"inLanguage\":\"en-US\"}]}<\/script>\n<!-- \/ Yoast SEO plugin. -->","yoast_head_json":{"title":"Mechanical seals P210 | SEEER","description":"Model d D Dl Ll L3 L2 L4   P210-14 14 24 25 6 15.2 29.2 34.2   P210-15 15 25 26 6 15.2 29.2 34.2   P210-16 16 26 27 6 15.2 29.2 34.2   P210-18 18 32 33 6 20.2 31.7 39.2   P210-20 20 34 35 6 20.2 31.7 39.2   P210-22 22 36 37 6 20.2 31.7 39.2   P210-24 24 38 39 6 20.2 34.2 44.2   P210-25 25 39 40 6 20.2 34.2 44.2   P210-28 28 42 43 6 26.2 36.2 44.2   P210-30 30 44 45 7 26.2 35.7 43.2","robots":{"index":"index","follow":"follow","max-snippet":"max-snippet:-1","max-image-preview":"max-image-preview:large","max-video-preview":"max-video-preview:-1"},"canonical":"https:\/\/www.seeer-tn.com\/en\/produit\/mechanical-seals-p210\/","og_locale":"en_US","og_type":"article","og_title":"Mechanical seals P210 | SEEER","og_description":"Model d D Dl Ll L3 L2 L4   P210-14 14 24 25 6 15.2 29.2 34.2   P210-15 15 25 26 6 15.2 29.2 34.2   P210-16 16 26 27 6 15.2 29.2 34.2   P210-18 18 32 33 6 20.2 31.7 39.2   P210-20 20 34 35 6 20.2 31.7 39.2   P210-22 22 36 37 6 20.2 31.7 39.2   P210-24 24 38 39 6 20.2 34.2 44.2   P210-25 25 39 40 6 20.2 34.2 44.2   P210-28 28 42 43 6 26.2 36.2 44.2   P210-30 30 44 45 7 26.2 35.7 43.2","og_url":"https:\/\/www.seeer-tn.com\/en\/produit\/mechanical-seals-p210\/","og_site_name":"SEEER","article_modified_time":"2024-09-20T11:15:52+00:00","og_image":[{"width":1000,"height":1000,"url":"https:\/\/www.seeer-tn.com\/wp-content\/uploads\/2022\/10\/P210.jpg","type":"image\/jpeg"}],"twitter_card":"summary_large_image","twitter_misc":{"Est. reading time":"1 minute"},"schema":{"@context":"https:\/\/schema.org","@graph":[{"@type":"WebPage","@id":"https:\/\/www.seeer-tn.com\/en\/produit\/mechanical-seals-p210\/","url":"https:\/\/www.seeer-tn.com\/en\/produit\/mechanical-seals-p210\/","name":"Mechanical seals P210 | SEEER","isPartOf":{"@id":"https:\/\/www.seeer-tn.com\/#website"},"primaryImageOfPage":{"@id":"https:\/\/www.seeer-tn.com\/en\/produit\/mechanical-seals-p210\/#primaryimage"},"image":{"@id":"https:\/\/www.seeer-tn.com\/en\/produit\/mechanical-seals-p210\/#primaryimage"},"thumbnailUrl":"https:\/\/www.seeer-tn.com\/wp-content\/uploads\/2022\/10\/P210.jpg","datePublished":"2022-10-31T14:47:46+00:00","dateModified":"2024-09-20T11:15:52+00:00","description":"Model d D Dl Ll L3 L2 L4 P210-14 14 24 25 6 15.2 29.2 34.2 P210-15 15 25 26 6 15.2 29.2 34.2 P210-16 16 26 27 6 15.2 29.2 34.2 P210-18 18 32 33 6 20.2 31.7 39.2 P210-20 20 34 35 6 20.2 31.7 39.2 P210-22 22 36 37 6 20.2 31.7 39.2 P210-24 24 38 39 6 20.2 34.2 44.2 P210-25 25 39 40 6 20.2 34.2 44.2 P210-28 28 42 43 6 26.2 36.2 44.2 P210-30 30 44 45 7 26.2 35.7 43.2","breadcrumb":{"@id":"https:\/\/www.seeer-tn.com\/en\/produit\/mechanical-seals-p210\/#breadcrumb"},"inLanguage":"en-US","potentialAction":[{"@type":"ReadAction","target":["https:\/\/www.seeer-tn.com\/en\/produit\/mechanical-seals-p210\/"]}]},{"@type":"ImageObject","inLanguage":"en-US","@id":"https:\/\/www.seeer-tn.com\/en\/produit\/mechanical-seals-p210\/#primaryimage","url":"https:\/\/www.seeer-tn.com\/wp-content\/uploads\/2022\/10\/P210.jpg","contentUrl":"https:\/\/www.seeer-tn.com\/wp-content\/uploads\/2022\/10\/P210.jpg","width":1000,"height":1000},{"@type":"BreadcrumbList","@id":"https:\/\/www.seeer-tn.com\/en\/produit\/mechanical-seals-p210\/#breadcrumb","itemListElement":[{"@type":"ListItem","position":1,"name":"Accueil","item":"https:\/\/www.seeer-tn.com\/en\/"},{"@type":"ListItem","position":2,"name":"Boutique","item":"https:\/\/www.seeer-tn.com\/boutique\/"},{"@type":"ListItem","position":3,"name":"Mechanical seals P210"}]},{"@type":"WebSite","@id":"https:\/\/www.seeer-tn.com\/#website","url":"https:\/\/www.seeer-tn.com\/","name":"SEEER","description":"Soci\u00e9t\u00e9 d\u2019\u00e9quipement \u00e9lectrique \u00e9lectronique &amp; de Rebobinage","potentialAction":[{"@type":"SearchAction","target":{"@type":"EntryPoint","urlTemplate":"https:\/\/www.seeer-tn.com\/?s={search_term_string}"},"query-input":"required name=search_term_string"}],"inLanguage":"en-US"}]}},"_links":{"self":[{"href":"https:\/\/www.seeer-tn.com\/en\/wp-json\/wp\/v2\/product\/13649","targetHints":{"allow":["GET"]}}],"collection":[{"href":"https:\/\/www.seeer-tn.com\/en\/wp-json\/wp\/v2\/product"}],"about":[{"href":"https:\/\/www.seeer-tn.com\/en\/wp-json\/wp\/v2\/types\/product"}],"wp:featuredmedia":[{"embeddable":true,"href":"https:\/\/www.seeer-tn.com\/en\/wp-json\/wp\/v2\/media\/7855"}],"wp:attachment":[{"href":"https:\/\/www.seeer-tn.com\/en\/wp-json\/wp\/v2\/media?parent=13649"}],"wp:term":[{"taxonomy":"product_cat","embeddable":true,"href":"https:\/\/www.seeer-tn.com\/en\/wp-json\/wp\/v2\/product_cat?post=13649"},{"taxonomy":"product_tag","embeddable":true,"href":"https:\/\/www.seeer-tn.com\/en\/wp-json\/wp\/v2\/product_tag?post=13649"}],"curies":[{"name":"wp","href":"https:\/\/api.w.org\/{rel}","templated":true}]}}