{"id":13652,"date":"2022-10-31T16:46:27","date_gmt":"2022-10-31T15:46:27","guid":{"rendered":"https:\/\/www.seeer-tn.com\/?post_type=product&#038;p=13652"},"modified":"2024-09-20T18:20:20","modified_gmt":"2024-09-20T16:20:20","slug":"mechanical-seals-pfb","status":"publish","type":"product","link":"https:\/\/www.seeer-tn.com\/en\/produit\/mechanical-seals-pfb\/","title":{"rendered":"Mechanical seals PFB"},"content":{"rendered":"<div class=\"wpb-content-wrapper\"><p>[vc_row][vc_column][vc_column_text woodmart_inline=&#8221;no&#8221; text_larger=&#8221;no&#8221;]<\/p>\n<table>\n<tbody>\n<tr>\n<td style=\"text-align: left;\">\n<div class=\"sous-titre-prod\">Allowable limits PFB:<\/div>\n<p>Pressure : 0.4MPa<br \/>\nVelocity : 5m\/s<br \/>\nTemperature : &#8211; 20 &#8211; 100\u00b0C<\/p>\n<div class=\"sous-titre-prod\">Application:<\/div>\n<p>Mini water circulation pump.<\/td>\n<td>\n<div class=\"sous-titre-prod\">Component materials PFB :<\/div>\n<p>Fixed ring: Carbon<br \/>\nRotating ring: Ceramic<br \/>\nSecondary seal: NBR<br \/>\nSpring &amp; others: SUS304<br \/>\nRessort &amp; autres : SUS304<\/td>\n<\/tr>\n<\/tbody>\n<\/table>\n<p><a href=\"https:\/\/www.seeer-tn.com\/wp-content\/uploads\/2024\/01\/PFB_compressed.pdf\" target=\"_blank\" rel=\"noopener\"><img loading=\"lazy\" decoding=\"async\" class=\"alignnone wp-image-7324\" src=\"https:\/\/www.seeer-tn.com\/wp-content\/uploads\/2022\/10\/PDF_file_icon.jpg\" alt=\"\" width=\"46\" height=\"57\" \/> Download PDF file<\/a><br \/>\n<!--more-->[\/vc_column_text][\/vc_column][\/vc_row]<\/p>\n<\/div>","protected":false},"excerpt":{"rendered":"<table>\n<tbody>\n<tr style=\"height: 56px;\">\n<td width=\"79\"><strong><span style=\"color: #007bc4;\">Model<\/span><\/strong><\/td>\n<td width=\"82\"><strong><span style=\"color: #007bc4;\">D1<\/span><\/strong><\/td>\n<td width=\"93\"><strong><span style=\"color: #007bc4;\">D3<\/span><\/strong><\/td>\n<td width=\"93\"><strong><span style=\"color: #007bc4;\">D4<\/span><\/strong><\/td>\n<td width=\"93\"><strong><span style=\"color: #007bc4;\">D7<\/span><\/strong><\/td>\n<td width=\"93\"><strong><span style=\"color: #007bc4;\">L1<\/span><\/strong><\/td>\n<td width=\"86\"><strong><span style=\"color: #007bc4;\">L3<\/span><\/strong><\/td>\n<td width=\"86\"><strong><span style=\"color: #007bc4;\">L4<\/span><\/strong><\/td>\n<\/tr>\n<tr style=\"background-color: #dfdfdf;\">\n<td width=\"79\"><strong><span style=\"color: #007bc4;\">PFB12M<\/span><\/strong><\/td>\n<td width=\"82\">12<\/td>\n<td width=\"93\">30<\/td>\n<td width=\"93\">35<\/td>\n<td width=\"93\">25<\/td>\n<td width=\"93\">9.7<\/td>\n<td width=\"86\">8<\/td>\n<td width=\"86\">4.7<\/td>\n<\/tr>\n<tr style=\"background-color: #fefefe;\">\n<td width=\"79\"><strong><span style=\"color: #007bc4;\">PFB12L<\/span><\/strong><\/td>\n<td width=\"82\">12<\/td>\n<td width=\"93\">33.5<\/td>\n<td width=\"93\">38<\/td>\n<td width=\"93\">25<\/td>\n<td width=\"93\">9.7<\/td>\n<td width=\"86\">8<\/td>\n<td width=\"86\">4.7<\/td>\n<\/tr>\n<tr style=\"background-color: #dfdfdf;\">\n<td width=\"79\"><strong><span style=\"color: #007bc4;\">PFB12L36.5<\/span><\/strong><\/td>\n<td width=\"82\">12<\/td>\n<td width=\"93\">36.5<\/td>\n<td width=\"93\">42<\/td>\n<td width=\"93\">25<\/td>\n<td width=\"93\">9.7<\/td>\n<td width=\"86\">8<\/td>\n<td width=\"86\">4.7<\/td>\n<\/tr>\n<tr style=\"background-color: #fefefe;\">\n<td width=\"79\"><strong><span style=\"color: #007bc4;\">PFB12S<\/span><\/strong><\/td>\n<td width=\"82\">12<\/td>\n<td width=\"93\">28.5<\/td>\n<td width=\"93\">32<\/td>\n<td width=\"93\">25<\/td>\n<td width=\"93\">9.7<\/td>\n<td width=\"86\">8<\/td>\n<td width=\"86\">4.7<\/td>\n<\/tr>\n<tr style=\"background-color: #dfdfdf;\">\n<td width=\"79\"><strong><span style=\"color: #007bc4;\">PFB13<\/span><\/strong><\/td>\n<td width=\"82\">13<\/td>\n<td width=\"93\">30<\/td>\n<td width=\"93\">35<\/td>\n<td width=\"93\">25<\/td>\n<td width=\"93\">9.7<\/td>\n<td width=\"86\">8<\/td>\n<td width=\"86\">4.7<\/td>\n<\/tr>\n<tr style=\"background-color: #fefefe;\">\n<td width=\"79\"><strong><span style=\"color: #007bc4;\">PFB15<\/span><\/strong><\/td>\n<td width=\"82\">15<\/td>\n<td width=\"93\">36.5<\/td>\n<td width=\"93\">41.3<\/td>\n<td width=\"93\">28.5<\/td>\n<td width=\"93\">11.5<\/td>\n<td width=\"86\">8.5<\/td>\n<td width=\"86\">5<\/td>\n<\/tr>\n<tr style=\"background-color: #dfdfdf;\">\n<td width=\"79\"><strong><span style=\"color: #007bc4;\">PFB15A<\/span><\/strong><\/td>\n<td width=\"82\">15<\/td>\n<td width=\"93\">30<\/td>\n<td width=\"93\">35<\/td>\n<td width=\"93\">28.5<\/td>\n<td width=\"93\">11<\/td>\n<td width=\"86\">8<\/td>\n<td width=\"86\">5<\/td>\n<\/tr>\n<tr style=\"background-color: #fefefe;\">\n<td width=\"79\"><strong><span style=\"color: #007bc4;\">PFB16<\/span><\/strong><\/td>\n<td width=\"82\">16<\/td>\n<td width=\"93\">36.5<\/td>\n<td width=\"93\">41.3<\/td>\n<td width=\"93\">28.5<\/td>\n<td width=\"93\">11.5<\/td>\n<td width=\"86\">8.5<\/td>\n<td width=\"86\">5<\/td>\n<\/tr>\n<tr style=\"background-color: #dfdfdf;\">\n<td width=\"79\"><strong><span style=\"color: #007bc4;\">PFB16A<\/span><\/strong><\/td>\n<td width=\"82\">16<\/td>\n<td width=\"93\">36.5<\/td>\n<td width=\"93\">41.2<\/td>\n<td width=\"93\">30<\/td>\n<td width=\"93\">11.3<\/td>\n<td width=\"86\">9.5<\/td>\n<td width=\"86\">5<\/td>\n<\/tr>\n<tr style=\"background-color: #fefefe;\">\n<td width=\"79\"><strong><span style=\"color: #007bc4;\">PFB16L<\/span><\/strong><\/td>\n<td width=\"82\">16<\/td>\n<td width=\"93\">38.1<\/td>\n<td width=\"93\">44<\/td>\n<td width=\"93\">28.5<\/td>\n<td width=\"93\">11<\/td>\n<td width=\"86\">8<\/td>\n<td width=\"86\">6.1<\/td>\n<\/tr>\n<tr style=\"background-color: #dfdfdf;\">\n<td width=\"79\"><strong><span style=\"color: #007bc4;\">PFB17<\/span><\/strong><\/td>\n<td width=\"82\">17<\/td>\n<td width=\"93\">35<\/td>\n<td width=\"93\">40<\/td>\n<td width=\"93\">29.8<\/td>\n<td width=\"93\">15<\/td>\n<td width=\"86\">8<\/td>\n<td width=\"86\">5<\/td>\n<\/tr>\n<tr style=\"background-color: #fefefe;\">\n<td width=\"79\"><strong><span style=\"color: #007bc4;\">PFB20<\/span><\/strong><\/td>\n<td width=\"82\">20<\/td>\n<td width=\"93\">40<\/td>\n<td width=\"93\">43.7<\/td>\n<td width=\"93\">36.8<\/td>\n<td width=\"93\">12.5<\/td>\n<td width=\"86\">9.5<\/td>\n<td width=\"86\">5<\/td>\n<\/tr>\n<tr style=\"background-color: #dfdfdf;\">\n<td width=\"79\"><strong><span style=\"color: #007bc4;\">PFB20A<\/span><\/strong><\/td>\n<td width=\"82\">20<\/td>\n<td width=\"93\">52<\/td>\n<td width=\"93\">57<\/td>\n<td width=\"93\">37<\/td>\n<td width=\"93\">16<\/td>\n<td width=\"86\">10<\/td>\n<td width=\"86\">4.7<\/td>\n<\/tr>\n<\/tbody>\n<\/table>\n","protected":false},"featured_media":7851,"template":"","meta":[],"product_cat":[104],"product_tag":[],"class_list":["post-13652","product","type-product","status-publish","has-post-thumbnail","hentry","product_cat-mechanical-seal"],"acf":[],"yoast_head":"<!-- This site is optimized with the Yoast SEO plugin v23.3 - https:\/\/yoast.com\/wordpress\/plugins\/seo\/ -->\n<title>Mechanical seals PFB | SEEER<\/title>\n<meta name=\"description\" content=\"Model D1 D3 D4 D7 L1 L3 L4   PFB12M 12 30 35 25 9.7 8 4.7   PFB12L 12 33.5 38 25 9.7 8 4.7   PFB12L36.5 12 36.5 42 25 9.7 8 4.7   PFB12S 12 28.5 32 25 9.7 8 4.7   PFB13 13 30 35 25 9.7 8 4.7   PFB15 15 36.5 41.3 28.5 11.5 8.5 5   PFB15A 15 30 35 28.5 11 8 5   PFB16 16 36.5 41.3 28.5 11.5 8.5 5   PFB16A 16 36.5 41.2 30 11.3 9.5 5   PFB16L 16 38.1 44 28.5 11 8 6.1   PFB17 17 35 40 29.8 15 8 5   PFB20 20 40 43.7 36.8 12.5 9.5 5   PFB20A 20 52 57 37 16 10 4.7\" \/>\n<meta name=\"robots\" content=\"index, follow, max-snippet:-1, max-image-preview:large, max-video-preview:-1\" \/>\n<link rel=\"canonical\" href=\"https:\/\/www.seeer-tn.com\/en\/produit\/mechanical-seals-pfb\/\" \/>\n<meta property=\"og:locale\" content=\"en_US\" \/>\n<meta property=\"og:type\" content=\"article\" \/>\n<meta property=\"og:title\" content=\"Mechanical seals PFB | SEEER\" \/>\n<meta property=\"og:description\" content=\"Model D1 D3 D4 D7 L1 L3 L4   PFB12M 12 30 35 25 9.7 8 4.7   PFB12L 12 33.5 38 25 9.7 8 4.7   PFB12L36.5 12 36.5 42 25 9.7 8 4.7   PFB12S 12 28.5 32 25 9.7 8 4.7   PFB13 13 30 35 25 9.7 8 4.7   PFB15 15 36.5 41.3 28.5 11.5 8.5 5   PFB15A 15 30 35 28.5 11 8 5   PFB16 16 36.5 41.3 28.5 11.5 8.5 5   PFB16A 16 36.5 41.2 30 11.3 9.5 5   PFB16L 16 38.1 44 28.5 11 8 6.1   PFB17 17 35 40 29.8 15 8 5   PFB20 20 40 43.7 36.8 12.5 9.5 5   PFB20A 20 52 57 37 16 10 4.7\" \/>\n<meta property=\"og:url\" content=\"https:\/\/www.seeer-tn.com\/en\/produit\/mechanical-seals-pfb\/\" \/>\n<meta property=\"og:site_name\" content=\"SEEER\" \/>\n<meta property=\"article:modified_time\" content=\"2024-09-20T16:20:20+00:00\" \/>\n<meta property=\"og:image\" content=\"https:\/\/www.seeer-tn.com\/wp-content\/uploads\/2022\/10\/PFB.jpg\" \/>\n\t<meta property=\"og:image:width\" content=\"1000\" \/>\n\t<meta property=\"og:image:height\" content=\"1000\" \/>\n\t<meta property=\"og:image:type\" content=\"image\/jpeg\" \/>\n<meta name=\"twitter:card\" content=\"summary_large_image\" \/>\n<meta name=\"twitter:label1\" content=\"Est. reading time\" \/>\n\t<meta name=\"twitter:data1\" content=\"1 minute\" \/>\n<script type=\"application\/ld+json\" class=\"yoast-schema-graph\">{\"@context\":\"https:\/\/schema.org\",\"@graph\":[{\"@type\":\"WebPage\",\"@id\":\"https:\/\/www.seeer-tn.com\/en\/produit\/mechanical-seals-pfb\/\",\"url\":\"https:\/\/www.seeer-tn.com\/en\/produit\/mechanical-seals-pfb\/\",\"name\":\"Mechanical seals PFB | SEEER\",\"isPartOf\":{\"@id\":\"https:\/\/www.seeer-tn.com\/#website\"},\"primaryImageOfPage\":{\"@id\":\"https:\/\/www.seeer-tn.com\/en\/produit\/mechanical-seals-pfb\/#primaryimage\"},\"image\":{\"@id\":\"https:\/\/www.seeer-tn.com\/en\/produit\/mechanical-seals-pfb\/#primaryimage\"},\"thumbnailUrl\":\"https:\/\/www.seeer-tn.com\/wp-content\/uploads\/2022\/10\/PFB.jpg\",\"datePublished\":\"2022-10-31T15:46:27+00:00\",\"dateModified\":\"2024-09-20T16:20:20+00:00\",\"description\":\"Model D1 D3 D4 D7 L1 L3 L4 PFB12M 12 30 35 25 9.7 8 4.7 PFB12L 12 33.5 38 25 9.7 8 4.7 PFB12L36.5 12 36.5 42 25 9.7 8 4.7 PFB12S 12 28.5 32 25 9.7 8 4.7 PFB13 13 30 35 25 9.7 8 4.7 PFB15 15 36.5 41.3 28.5 11.5 8.5 5 PFB15A 15 30 35 28.5 11 8 5 PFB16 16 36.5 41.3 28.5 11.5 8.5 5 PFB16A 16 36.5 41.2 30 11.3 9.5 5 PFB16L 16 38.1 44 28.5 11 8 6.1 PFB17 17 35 40 29.8 15 8 5 PFB20 20 40 43.7 36.8 12.5 9.5 5 PFB20A 20 52 57 37 16 10 4.7\",\"breadcrumb\":{\"@id\":\"https:\/\/www.seeer-tn.com\/en\/produit\/mechanical-seals-pfb\/#breadcrumb\"},\"inLanguage\":\"en-US\",\"potentialAction\":[{\"@type\":\"ReadAction\",\"target\":[\"https:\/\/www.seeer-tn.com\/en\/produit\/mechanical-seals-pfb\/\"]}]},{\"@type\":\"ImageObject\",\"inLanguage\":\"en-US\",\"@id\":\"https:\/\/www.seeer-tn.com\/en\/produit\/mechanical-seals-pfb\/#primaryimage\",\"url\":\"https:\/\/www.seeer-tn.com\/wp-content\/uploads\/2022\/10\/PFB.jpg\",\"contentUrl\":\"https:\/\/www.seeer-tn.com\/wp-content\/uploads\/2022\/10\/PFB.jpg\",\"width\":1000,\"height\":1000},{\"@type\":\"BreadcrumbList\",\"@id\":\"https:\/\/www.seeer-tn.com\/en\/produit\/mechanical-seals-pfb\/#breadcrumb\",\"itemListElement\":[{\"@type\":\"ListItem\",\"position\":1,\"name\":\"Accueil\",\"item\":\"https:\/\/www.seeer-tn.com\/en\/\"},{\"@type\":\"ListItem\",\"position\":2,\"name\":\"Boutique\",\"item\":\"https:\/\/www.seeer-tn.com\/boutique\/\"},{\"@type\":\"ListItem\",\"position\":3,\"name\":\"Mechanical seals PFB\"}]},{\"@type\":\"WebSite\",\"@id\":\"https:\/\/www.seeer-tn.com\/#website\",\"url\":\"https:\/\/www.seeer-tn.com\/\",\"name\":\"SEEER\",\"description\":\"Soci\u00e9t\u00e9 d\u2019\u00e9quipement \u00e9lectrique \u00e9lectronique &amp; de Rebobinage\",\"potentialAction\":[{\"@type\":\"SearchAction\",\"target\":{\"@type\":\"EntryPoint\",\"urlTemplate\":\"https:\/\/www.seeer-tn.com\/?s={search_term_string}\"},\"query-input\":\"required name=search_term_string\"}],\"inLanguage\":\"en-US\"}]}<\/script>\n<!-- \/ Yoast SEO plugin. -->","yoast_head_json":{"title":"Mechanical seals PFB | SEEER","description":"Model D1 D3 D4 D7 L1 L3 L4   PFB12M 12 30 35 25 9.7 8 4.7   PFB12L 12 33.5 38 25 9.7 8 4.7   PFB12L36.5 12 36.5 42 25 9.7 8 4.7   PFB12S 12 28.5 32 25 9.7 8 4.7   PFB13 13 30 35 25 9.7 8 4.7   PFB15 15 36.5 41.3 28.5 11.5 8.5 5   PFB15A 15 30 35 28.5 11 8 5   PFB16 16 36.5 41.3 28.5 11.5 8.5 5   PFB16A 16 36.5 41.2 30 11.3 9.5 5   PFB16L 16 38.1 44 28.5 11 8 6.1   PFB17 17 35 40 29.8 15 8 5   PFB20 20 40 43.7 36.8 12.5 9.5 5   PFB20A 20 52 57 37 16 10 4.7","robots":{"index":"index","follow":"follow","max-snippet":"max-snippet:-1","max-image-preview":"max-image-preview:large","max-video-preview":"max-video-preview:-1"},"canonical":"https:\/\/www.seeer-tn.com\/en\/produit\/mechanical-seals-pfb\/","og_locale":"en_US","og_type":"article","og_title":"Mechanical seals PFB | SEEER","og_description":"Model D1 D3 D4 D7 L1 L3 L4   PFB12M 12 30 35 25 9.7 8 4.7   PFB12L 12 33.5 38 25 9.7 8 4.7   PFB12L36.5 12 36.5 42 25 9.7 8 4.7   PFB12S 12 28.5 32 25 9.7 8 4.7   PFB13 13 30 35 25 9.7 8 4.7   PFB15 15 36.5 41.3 28.5 11.5 8.5 5   PFB15A 15 30 35 28.5 11 8 5   PFB16 16 36.5 41.3 28.5 11.5 8.5 5   PFB16A 16 36.5 41.2 30 11.3 9.5 5   PFB16L 16 38.1 44 28.5 11 8 6.1   PFB17 17 35 40 29.8 15 8 5   PFB20 20 40 43.7 36.8 12.5 9.5 5   PFB20A 20 52 57 37 16 10 4.7","og_url":"https:\/\/www.seeer-tn.com\/en\/produit\/mechanical-seals-pfb\/","og_site_name":"SEEER","article_modified_time":"2024-09-20T16:20:20+00:00","og_image":[{"width":1000,"height":1000,"url":"https:\/\/www.seeer-tn.com\/wp-content\/uploads\/2022\/10\/PFB.jpg","type":"image\/jpeg"}],"twitter_card":"summary_large_image","twitter_misc":{"Est. reading time":"1 minute"},"schema":{"@context":"https:\/\/schema.org","@graph":[{"@type":"WebPage","@id":"https:\/\/www.seeer-tn.com\/en\/produit\/mechanical-seals-pfb\/","url":"https:\/\/www.seeer-tn.com\/en\/produit\/mechanical-seals-pfb\/","name":"Mechanical seals PFB | SEEER","isPartOf":{"@id":"https:\/\/www.seeer-tn.com\/#website"},"primaryImageOfPage":{"@id":"https:\/\/www.seeer-tn.com\/en\/produit\/mechanical-seals-pfb\/#primaryimage"},"image":{"@id":"https:\/\/www.seeer-tn.com\/en\/produit\/mechanical-seals-pfb\/#primaryimage"},"thumbnailUrl":"https:\/\/www.seeer-tn.com\/wp-content\/uploads\/2022\/10\/PFB.jpg","datePublished":"2022-10-31T15:46:27+00:00","dateModified":"2024-09-20T16:20:20+00:00","description":"Model D1 D3 D4 D7 L1 L3 L4 PFB12M 12 30 35 25 9.7 8 4.7 PFB12L 12 33.5 38 25 9.7 8 4.7 PFB12L36.5 12 36.5 42 25 9.7 8 4.7 PFB12S 12 28.5 32 25 9.7 8 4.7 PFB13 13 30 35 25 9.7 8 4.7 PFB15 15 36.5 41.3 28.5 11.5 8.5 5 PFB15A 15 30 35 28.5 11 8 5 PFB16 16 36.5 41.3 28.5 11.5 8.5 5 PFB16A 16 36.5 41.2 30 11.3 9.5 5 PFB16L 16 38.1 44 28.5 11 8 6.1 PFB17 17 35 40 29.8 15 8 5 PFB20 20 40 43.7 36.8 12.5 9.5 5 PFB20A 20 52 57 37 16 10 4.7","breadcrumb":{"@id":"https:\/\/www.seeer-tn.com\/en\/produit\/mechanical-seals-pfb\/#breadcrumb"},"inLanguage":"en-US","potentialAction":[{"@type":"ReadAction","target":["https:\/\/www.seeer-tn.com\/en\/produit\/mechanical-seals-pfb\/"]}]},{"@type":"ImageObject","inLanguage":"en-US","@id":"https:\/\/www.seeer-tn.com\/en\/produit\/mechanical-seals-pfb\/#primaryimage","url":"https:\/\/www.seeer-tn.com\/wp-content\/uploads\/2022\/10\/PFB.jpg","contentUrl":"https:\/\/www.seeer-tn.com\/wp-content\/uploads\/2022\/10\/PFB.jpg","width":1000,"height":1000},{"@type":"BreadcrumbList","@id":"https:\/\/www.seeer-tn.com\/en\/produit\/mechanical-seals-pfb\/#breadcrumb","itemListElement":[{"@type":"ListItem","position":1,"name":"Accueil","item":"https:\/\/www.seeer-tn.com\/en\/"},{"@type":"ListItem","position":2,"name":"Boutique","item":"https:\/\/www.seeer-tn.com\/boutique\/"},{"@type":"ListItem","position":3,"name":"Mechanical seals PFB"}]},{"@type":"WebSite","@id":"https:\/\/www.seeer-tn.com\/#website","url":"https:\/\/www.seeer-tn.com\/","name":"SEEER","description":"Soci\u00e9t\u00e9 d\u2019\u00e9quipement \u00e9lectrique \u00e9lectronique &amp; de Rebobinage","potentialAction":[{"@type":"SearchAction","target":{"@type":"EntryPoint","urlTemplate":"https:\/\/www.seeer-tn.com\/?s={search_term_string}"},"query-input":"required name=search_term_string"}],"inLanguage":"en-US"}]}},"_links":{"self":[{"href":"https:\/\/www.seeer-tn.com\/en\/wp-json\/wp\/v2\/product\/13652","targetHints":{"allow":["GET"]}}],"collection":[{"href":"https:\/\/www.seeer-tn.com\/en\/wp-json\/wp\/v2\/product"}],"about":[{"href":"https:\/\/www.seeer-tn.com\/en\/wp-json\/wp\/v2\/types\/product"}],"wp:featuredmedia":[{"embeddable":true,"href":"https:\/\/www.seeer-tn.com\/en\/wp-json\/wp\/v2\/media\/7851"}],"wp:attachment":[{"href":"https:\/\/www.seeer-tn.com\/en\/wp-json\/wp\/v2\/media?parent=13652"}],"wp:term":[{"taxonomy":"product_cat","embeddable":true,"href":"https:\/\/www.seeer-tn.com\/en\/wp-json\/wp\/v2\/product_cat?post=13652"},{"taxonomy":"product_tag","embeddable":true,"href":"https:\/\/www.seeer-tn.com\/en\/wp-json\/wp\/v2\/product_tag?post=13652"}],"curies":[{"name":"wp","href":"https:\/\/api.w.org\/{rel}","templated":true}]}}