{"id":13669,"date":"2022-10-31T17:08:52","date_gmt":"2022-10-31T16:08:52","guid":{"rendered":"https:\/\/www.seeer-tn.com\/?post_type=product&#038;p=13669"},"modified":"2024-09-20T19:25:54","modified_gmt":"2024-09-20T17:25:54","slug":"mechanical-seals-pmf-t","status":"publish","type":"product","link":"https:\/\/www.seeer-tn.com\/en\/produit\/mechanical-seals-pmf-t\/","title":{"rendered":"Mechanical seals PMF T"},"content":{"rendered":"<div class=\"wpb-content-wrapper\"><p>[vc_row][vc_column][vc_column_text woodmart_inline=&#8221;no&#8221; text_larger=&#8221;no&#8221;]<\/p>\n<table>\n<tbody>\n<tr>\n<td style=\"text-align: left;\">\n<div class=\"sous-titre-prod\">Allowable limits PMFT :<\/div>\n<p>Pressure : 0.5MPa<br \/>\nVelocity : 5m\/s<br \/>\nTemperature : &#8211; 20 &#8211; 100\u00b0C<\/p>\n<div class=\"sous-titre-prod\">Application :<\/div>\n<p>Mini water circulation pump.<\/td>\n<td>\n<div class=\"sous-titre-prod\">Component materials PMFT :<\/div>\n<p>Fixed ring: Ceramic<br \/>\nRotating ring: Carbon<br \/>\nSecondary seal: NBR<br \/>\nSpring &amp; others: SUS304<\/td>\n<\/tr>\n<\/tbody>\n<\/table>\n<p><a href=\"https:\/\/www.seeer-tn.com\/wp-content\/uploads\/2024\/01\/PMFT_compressed.pdf\" target=\"_blank\" rel=\"noopener\"><img loading=\"lazy\" decoding=\"async\" class=\"alignnone wp-image-7324\" src=\"https:\/\/www.seeer-tn.com\/wp-content\/uploads\/2022\/10\/PDF_file_icon.jpg\" alt=\"\" width=\"46\" height=\"57\" \/> Download PDF file<\/a>[\/vc_column_text][\/vc_column][\/vc_row]<\/p>\n<\/div>","protected":false},"excerpt":{"rendered":"<table>\n<tbody>\n<tr style=\"height: 56px;\">\n<td width=\"80\"><strong><span style=\"color: #007bc4;\">Model<\/span><\/strong><\/td>\n<td width=\"80\"><strong><span style=\"color: #007bc4;\">D2<\/span><\/strong><\/td>\n<td width=\"80\"><strong><span style=\"color: #007bc4;\">D3<\/span><\/strong><\/td>\n<td width=\"80\"><strong><span style=\"color: #007bc4;\">D7<\/span><\/strong><\/td>\n<td width=\"80\"><strong><span style=\"color: #007bc4;\">L1<\/span><\/strong><\/td>\n<td width=\"80\"><strong><span style=\"color: #007bc4;\">L3<\/span><\/strong><\/td>\n<td width=\"80\"><strong><span style=\"color: #007bc4;\">L4<\/span><\/strong><\/td>\n<\/tr>\n<tr style=\"background-color: #dfdfdf;\">\n<td width=\"80\"><strong><span style=\"color: #007bc4;\">PMFT10<\/span><\/strong><\/td>\n<td width=\"80\">11<\/td>\n<td width=\"80\">27<\/td>\n<td width=\"80\">23<\/td>\n<td width=\"80\">10.5<\/td>\n<td width=\"80\">7.5<\/td>\n<td width=\"80\">4<\/td>\n<\/tr>\n<tr style=\"background-color: #fefefe;\">\n<td width=\"80\"><strong><span style=\"color: #007bc4;\">PMFT12<\/span><\/strong><\/td>\n<td width=\"80\">14<\/td>\n<td width=\"80\">32<\/td>\n<td width=\"80\">25<\/td>\n<td width=\"80\">10.2<\/td>\n<td width=\"80\">9<\/td>\n<td width=\"80\">5<\/td>\n<\/tr>\n<tr style=\"background-color: #dfdfdf;\">\n<td width=\"80\"><strong><span style=\"color: #007bc4;\">PMFT 16<\/span><\/strong><\/td>\n<td width=\"80\">18<\/td>\n<td width=\"80\">41<\/td>\n<td width=\"80\">31<\/td>\n<td width=\"80\">11.8<\/td>\n<td width=\"80\">10<\/td>\n<td width=\"80\">5<\/td>\n<\/tr>\n<tr style=\"background-color: #fefefe;\">\n<td width=\"80\"><strong><span style=\"color: #007bc4;\">PMFT16A<\/span><\/strong><\/td>\n<td width=\"80\">18<\/td>\n<td width=\"80\">41<\/td>\n<td width=\"80\">35<\/td>\n<td width=\"80\">16.5<\/td>\n<td width=\"80\">9.5<\/td>\n<td width=\"80\">9<\/td>\n<\/tr>\n<tr style=\"background-color: #dfdfdf;\">\n<td width=\"80\"><strong><span style=\"color: #007bc4;\">PMFT17<\/span><\/strong><\/td>\n<td width=\"80\">18.5<\/td>\n<td width=\"80\">35<\/td>\n<td width=\"80\">30<\/td>\n<td width=\"80\">16<\/td>\n<td width=\"80\">8<\/td>\n<td width=\"80\">6<\/td>\n<\/tr>\n<tr style=\"background-color: #fefefe;\">\n<td width=\"80\"><strong><span style=\"color: #007bc4;\">PMFT20<\/span><\/strong><\/td>\n<td width=\"80\">21<\/td>\n<td width=\"80\">45<\/td>\n<td width=\"80\">35<\/td>\n<td width=\"80\">11<\/td>\n<td width=\"80\">11.5<\/td>\n<td width=\"80\">5<\/td>\n<\/tr>\n<tr style=\"background-color: #dfdfdf;\">\n<td width=\"80\"><strong><span style=\"color: #007bc4;\">PMFT25<\/span><\/strong><\/td>\n<td width=\"80\">26.4<\/td>\n<td width=\"80\">52<\/td>\n<td width=\"80\">41.3<\/td>\n<td width=\"80\">19<\/td>\n<td width=\"80\">12<\/td>\n<td width=\"80\">11<\/td>\n<\/tr>\n<tr style=\"background-color: #fefefe;\">\n<td width=\"80\"><strong><span style=\"color: #007bc4;\">PMFT30<\/span><\/strong><\/td>\n<td width=\"80\">31<\/td>\n<td width=\"80\">58<\/td>\n<td width=\"80\">48<\/td>\n<td width=\"80\">16.5<\/td>\n<td width=\"80\">12.5<\/td>\n<td width=\"80\">8.5<\/td>\n<\/tr>\n<\/tbody>\n<\/table>\n","protected":false},"featured_media":7829,"template":"","meta":[],"product_cat":[104],"product_tag":[],"class_list":["post-13669","product","type-product","status-publish","has-post-thumbnail","hentry","product_cat-mechanical-seal"],"acf":[],"yoast_head":"<!-- This site is optimized with the Yoast SEO plugin v23.3 - https:\/\/yoast.com\/wordpress\/plugins\/seo\/ -->\n<title>Mechanical seals PMF T | SEEER<\/title>\n<meta name=\"description\" content=\"Model D2 D3 D7 L1 L3 L4   PMFT10 11 27 23 10.5 7.5 4   PMFT12 14 32 25 10.2 9 5   PMFT 16 18 41 31 11.8 10 5   PMFT16A 18 41 35 16.5 9.5 9   PMFT17 18.5 35 30 16 8 6   PMFT20 21 45 35 11 11.5 5   PMFT25 26.4 52 41.3 19 12 11   PMFT30 31 58 48 16.5 12.5 8.5\" \/>\n<meta name=\"robots\" content=\"index, follow, max-snippet:-1, max-image-preview:large, max-video-preview:-1\" \/>\n<link rel=\"canonical\" href=\"https:\/\/www.seeer-tn.com\/en\/produit\/mechanical-seals-pmf-t\/\" \/>\n<meta property=\"og:locale\" content=\"en_US\" \/>\n<meta property=\"og:type\" content=\"article\" \/>\n<meta property=\"og:title\" content=\"Mechanical seals PMF T | SEEER\" \/>\n<meta property=\"og:description\" content=\"Model D2 D3 D7 L1 L3 L4   PMFT10 11 27 23 10.5 7.5 4   PMFT12 14 32 25 10.2 9 5   PMFT 16 18 41 31 11.8 10 5   PMFT16A 18 41 35 16.5 9.5 9   PMFT17 18.5 35 30 16 8 6   PMFT20 21 45 35 11 11.5 5   PMFT25 26.4 52 41.3 19 12 11   PMFT30 31 58 48 16.5 12.5 8.5\" \/>\n<meta property=\"og:url\" content=\"https:\/\/www.seeer-tn.com\/en\/produit\/mechanical-seals-pmf-t\/\" \/>\n<meta property=\"og:site_name\" content=\"SEEER\" \/>\n<meta property=\"article:modified_time\" content=\"2024-09-20T17:25:54+00:00\" \/>\n<meta property=\"og:image\" content=\"https:\/\/www.seeer-tn.com\/wp-content\/uploads\/2022\/10\/PMF-T.jpg\" \/>\n\t<meta property=\"og:image:width\" content=\"1000\" \/>\n\t<meta property=\"og:image:height\" content=\"1000\" \/>\n\t<meta property=\"og:image:type\" content=\"image\/jpeg\" \/>\n<meta name=\"twitter:card\" content=\"summary_large_image\" \/>\n<meta name=\"twitter:label1\" content=\"Est. reading time\" \/>\n\t<meta name=\"twitter:data1\" content=\"1 minute\" \/>\n<script type=\"application\/ld+json\" class=\"yoast-schema-graph\">{\"@context\":\"https:\/\/schema.org\",\"@graph\":[{\"@type\":\"WebPage\",\"@id\":\"https:\/\/www.seeer-tn.com\/en\/produit\/mechanical-seals-pmf-t\/\",\"url\":\"https:\/\/www.seeer-tn.com\/en\/produit\/mechanical-seals-pmf-t\/\",\"name\":\"Mechanical seals PMF T | SEEER\",\"isPartOf\":{\"@id\":\"https:\/\/www.seeer-tn.com\/#website\"},\"primaryImageOfPage\":{\"@id\":\"https:\/\/www.seeer-tn.com\/en\/produit\/mechanical-seals-pmf-t\/#primaryimage\"},\"image\":{\"@id\":\"https:\/\/www.seeer-tn.com\/en\/produit\/mechanical-seals-pmf-t\/#primaryimage\"},\"thumbnailUrl\":\"https:\/\/www.seeer-tn.com\/wp-content\/uploads\/2022\/10\/PMF-T.jpg\",\"datePublished\":\"2022-10-31T16:08:52+00:00\",\"dateModified\":\"2024-09-20T17:25:54+00:00\",\"description\":\"Model D2 D3 D7 L1 L3 L4 PMFT10 11 27 23 10.5 7.5 4 PMFT12 14 32 25 10.2 9 5 PMFT 16 18 41 31 11.8 10 5 PMFT16A 18 41 35 16.5 9.5 9 PMFT17 18.5 35 30 16 8 6 PMFT20 21 45 35 11 11.5 5 PMFT25 26.4 52 41.3 19 12 11 PMFT30 31 58 48 16.5 12.5 8.5\",\"breadcrumb\":{\"@id\":\"https:\/\/www.seeer-tn.com\/en\/produit\/mechanical-seals-pmf-t\/#breadcrumb\"},\"inLanguage\":\"en-US\",\"potentialAction\":[{\"@type\":\"ReadAction\",\"target\":[\"https:\/\/www.seeer-tn.com\/en\/produit\/mechanical-seals-pmf-t\/\"]}]},{\"@type\":\"ImageObject\",\"inLanguage\":\"en-US\",\"@id\":\"https:\/\/www.seeer-tn.com\/en\/produit\/mechanical-seals-pmf-t\/#primaryimage\",\"url\":\"https:\/\/www.seeer-tn.com\/wp-content\/uploads\/2022\/10\/PMF-T.jpg\",\"contentUrl\":\"https:\/\/www.seeer-tn.com\/wp-content\/uploads\/2022\/10\/PMF-T.jpg\",\"width\":1000,\"height\":1000},{\"@type\":\"BreadcrumbList\",\"@id\":\"https:\/\/www.seeer-tn.com\/en\/produit\/mechanical-seals-pmf-t\/#breadcrumb\",\"itemListElement\":[{\"@type\":\"ListItem\",\"position\":1,\"name\":\"Accueil\",\"item\":\"https:\/\/www.seeer-tn.com\/en\/\"},{\"@type\":\"ListItem\",\"position\":2,\"name\":\"Boutique\",\"item\":\"https:\/\/www.seeer-tn.com\/boutique\/\"},{\"@type\":\"ListItem\",\"position\":3,\"name\":\"Mechanical seals PMF T\"}]},{\"@type\":\"WebSite\",\"@id\":\"https:\/\/www.seeer-tn.com\/#website\",\"url\":\"https:\/\/www.seeer-tn.com\/\",\"name\":\"SEEER\",\"description\":\"Soci\u00e9t\u00e9 d\u2019\u00e9quipement \u00e9lectrique \u00e9lectronique &amp; de Rebobinage\",\"potentialAction\":[{\"@type\":\"SearchAction\",\"target\":{\"@type\":\"EntryPoint\",\"urlTemplate\":\"https:\/\/www.seeer-tn.com\/?s={search_term_string}\"},\"query-input\":\"required name=search_term_string\"}],\"inLanguage\":\"en-US\"}]}<\/script>\n<!-- \/ Yoast SEO plugin. -->","yoast_head_json":{"title":"Mechanical seals PMF T | SEEER","description":"Model D2 D3 D7 L1 L3 L4   PMFT10 11 27 23 10.5 7.5 4   PMFT12 14 32 25 10.2 9 5   PMFT 16 18 41 31 11.8 10 5   PMFT16A 18 41 35 16.5 9.5 9   PMFT17 18.5 35 30 16 8 6   PMFT20 21 45 35 11 11.5 5   PMFT25 26.4 52 41.3 19 12 11   PMFT30 31 58 48 16.5 12.5 8.5","robots":{"index":"index","follow":"follow","max-snippet":"max-snippet:-1","max-image-preview":"max-image-preview:large","max-video-preview":"max-video-preview:-1"},"canonical":"https:\/\/www.seeer-tn.com\/en\/produit\/mechanical-seals-pmf-t\/","og_locale":"en_US","og_type":"article","og_title":"Mechanical seals PMF T | SEEER","og_description":"Model D2 D3 D7 L1 L3 L4   PMFT10 11 27 23 10.5 7.5 4   PMFT12 14 32 25 10.2 9 5   PMFT 16 18 41 31 11.8 10 5   PMFT16A 18 41 35 16.5 9.5 9   PMFT17 18.5 35 30 16 8 6   PMFT20 21 45 35 11 11.5 5   PMFT25 26.4 52 41.3 19 12 11   PMFT30 31 58 48 16.5 12.5 8.5","og_url":"https:\/\/www.seeer-tn.com\/en\/produit\/mechanical-seals-pmf-t\/","og_site_name":"SEEER","article_modified_time":"2024-09-20T17:25:54+00:00","og_image":[{"width":1000,"height":1000,"url":"https:\/\/www.seeer-tn.com\/wp-content\/uploads\/2022\/10\/PMF-T.jpg","type":"image\/jpeg"}],"twitter_card":"summary_large_image","twitter_misc":{"Est. reading time":"1 minute"},"schema":{"@context":"https:\/\/schema.org","@graph":[{"@type":"WebPage","@id":"https:\/\/www.seeer-tn.com\/en\/produit\/mechanical-seals-pmf-t\/","url":"https:\/\/www.seeer-tn.com\/en\/produit\/mechanical-seals-pmf-t\/","name":"Mechanical seals PMF T | SEEER","isPartOf":{"@id":"https:\/\/www.seeer-tn.com\/#website"},"primaryImageOfPage":{"@id":"https:\/\/www.seeer-tn.com\/en\/produit\/mechanical-seals-pmf-t\/#primaryimage"},"image":{"@id":"https:\/\/www.seeer-tn.com\/en\/produit\/mechanical-seals-pmf-t\/#primaryimage"},"thumbnailUrl":"https:\/\/www.seeer-tn.com\/wp-content\/uploads\/2022\/10\/PMF-T.jpg","datePublished":"2022-10-31T16:08:52+00:00","dateModified":"2024-09-20T17:25:54+00:00","description":"Model D2 D3 D7 L1 L3 L4 PMFT10 11 27 23 10.5 7.5 4 PMFT12 14 32 25 10.2 9 5 PMFT 16 18 41 31 11.8 10 5 PMFT16A 18 41 35 16.5 9.5 9 PMFT17 18.5 35 30 16 8 6 PMFT20 21 45 35 11 11.5 5 PMFT25 26.4 52 41.3 19 12 11 PMFT30 31 58 48 16.5 12.5 8.5","breadcrumb":{"@id":"https:\/\/www.seeer-tn.com\/en\/produit\/mechanical-seals-pmf-t\/#breadcrumb"},"inLanguage":"en-US","potentialAction":[{"@type":"ReadAction","target":["https:\/\/www.seeer-tn.com\/en\/produit\/mechanical-seals-pmf-t\/"]}]},{"@type":"ImageObject","inLanguage":"en-US","@id":"https:\/\/www.seeer-tn.com\/en\/produit\/mechanical-seals-pmf-t\/#primaryimage","url":"https:\/\/www.seeer-tn.com\/wp-content\/uploads\/2022\/10\/PMF-T.jpg","contentUrl":"https:\/\/www.seeer-tn.com\/wp-content\/uploads\/2022\/10\/PMF-T.jpg","width":1000,"height":1000},{"@type":"BreadcrumbList","@id":"https:\/\/www.seeer-tn.com\/en\/produit\/mechanical-seals-pmf-t\/#breadcrumb","itemListElement":[{"@type":"ListItem","position":1,"name":"Accueil","item":"https:\/\/www.seeer-tn.com\/en\/"},{"@type":"ListItem","position":2,"name":"Boutique","item":"https:\/\/www.seeer-tn.com\/boutique\/"},{"@type":"ListItem","position":3,"name":"Mechanical seals PMF T"}]},{"@type":"WebSite","@id":"https:\/\/www.seeer-tn.com\/#website","url":"https:\/\/www.seeer-tn.com\/","name":"SEEER","description":"Soci\u00e9t\u00e9 d\u2019\u00e9quipement \u00e9lectrique \u00e9lectronique &amp; de Rebobinage","potentialAction":[{"@type":"SearchAction","target":{"@type":"EntryPoint","urlTemplate":"https:\/\/www.seeer-tn.com\/?s={search_term_string}"},"query-input":"required name=search_term_string"}],"inLanguage":"en-US"}]}},"_links":{"self":[{"href":"https:\/\/www.seeer-tn.com\/en\/wp-json\/wp\/v2\/product\/13669","targetHints":{"allow":["GET"]}}],"collection":[{"href":"https:\/\/www.seeer-tn.com\/en\/wp-json\/wp\/v2\/product"}],"about":[{"href":"https:\/\/www.seeer-tn.com\/en\/wp-json\/wp\/v2\/types\/product"}],"wp:featuredmedia":[{"embeddable":true,"href":"https:\/\/www.seeer-tn.com\/en\/wp-json\/wp\/v2\/media\/7829"}],"wp:attachment":[{"href":"https:\/\/www.seeer-tn.com\/en\/wp-json\/wp\/v2\/media?parent=13669"}],"wp:term":[{"taxonomy":"product_cat","embeddable":true,"href":"https:\/\/www.seeer-tn.com\/en\/wp-json\/wp\/v2\/product_cat?post=13669"},{"taxonomy":"product_tag","embeddable":true,"href":"https:\/\/www.seeer-tn.com\/en\/wp-json\/wp\/v2\/product_tag?post=13669"}],"curies":[{"name":"wp","href":"https:\/\/api.w.org\/{rel}","templated":true}]}}