{"id":13688,"date":"2022-10-31T17:57:34","date_gmt":"2022-10-31T16:57:34","guid":{"rendered":"https:\/\/www.seeer-tn.com\/?post_type=product&#038;p=13688"},"modified":"2024-09-20T15:14:47","modified_gmt":"2024-09-20T13:14:47","slug":"fan-vb","status":"publish","type":"product","link":"https:\/\/www.seeer-tn.com\/en\/produit\/fan-vb\/","title":{"rendered":"Fan : VB"},"content":{"rendered":"<div class=\"wpb-content-wrapper\"><p>[vc_row][vc_column][vc_column_text woodmart_inline=&#8221;no&#8221; text_larger=&#8221;no&#8221;]<a href=\"https:\/\/www.seeer-tn.com\/wp-content\/uploads\/2024\/01\/VB_compressed.pdf\" target=\"_blank\" rel=\"noopener\"><img loading=\"lazy\" decoding=\"async\" class=\"alignnone wp-image-7324\" src=\"https:\/\/www.seeer-tn.com\/wp-content\/uploads\/2022\/10\/PDF_file_icon.jpg\" alt=\"\" width=\"46\" height=\"57\" \/> Download PDF file<\/a>[\/vc_column_text][\/vc_column][\/vc_row]<\/p>\n<\/div>","protected":false},"excerpt":{"rendered":"<table>\n<tbody>\n<tr style=\"height: 16px;\">\n<td rowspan=\"3\" width=\"94\"><strong><span style=\"color: #007bc4;\">Model<\/span><\/strong><\/td>\n<td rowspan=\"3\" width=\"23\"><strong><span style=\"color: #007bc4;\">A<\/span><\/strong><\/td>\n<td style=\"text-align: center !important;\" colspan=\"4\" width=\"190\"><strong><span style=\"color: #007bc4;\">B<\/span><\/strong><\/td>\n<td rowspan=\"3\" width=\"35\"><strong><span style=\"color: #007bc4;\">C<\/span><\/strong><\/td>\n<td rowspan=\"3\" width=\"44\"><strong><span style=\"color: #007bc4;\">D<\/span><\/strong><\/td>\n<td rowspan=\"3\" width=\"41\"><strong><span style=\"color: #007bc4;\">E<\/span><\/strong><\/td>\n<td rowspan=\"3\" width=\"47\"><strong><span style=\"color: #007bc4;\">F<\/span><\/strong><\/td>\n<\/tr>\n<tr style=\"height: 20px;\">\n<td width=\"61\"><strong><span style=\"color: #007bc4;\">W<\/span><\/strong><\/td>\n<td width=\"56\"><strong><span style=\"color: #007bc4;\">Z<\/span><\/strong><\/td>\n<td width=\"27\"><strong><span style=\"color: #007bc4;\">X<\/span><\/strong><\/td>\n<td width=\"47\"><strong><span style=\"color: #007bc4;\">Y<\/span><\/strong><\/td>\n<\/tr>\n<tr style=\"height: 20px;\">\n<td width=\"61\"><strong><span style=\"color: #007bc4;\">Pressure<\/span><\/strong><\/td>\n<td width=\"56\"><strong><span style=\"color: #007bc4;\">Ring<\/span><\/strong><\/td>\n<td width=\"27\"><strong><span style=\"color: #007bc4;\">Screws<\/span><\/strong><\/td>\n<td width=\"47\"><strong><span style=\"color: #007bc4;\">Clamp<\/span><\/strong><\/td>\n<\/tr>\n<tr style=\"background-color: #dfdfdf;\">\n<td width=\"94\"><strong><span style=\"color: #007bc4;\">V80B<\/span><\/strong><\/td>\n<td width=\"23\">141<\/td>\n<td width=\"61\">.<\/td>\n<td width=\"56\">.<\/td>\n<td width=\"27\">.<\/td>\n<td width=\"47\">18<\/td>\n<td width=\"35\">18<\/td>\n<td width=\"44\">5<\/td>\n<td width=\"41\">100<\/td>\n<td width=\"47\">29<\/td>\n<\/tr>\n<tr style=\"background-color: #fefefe;\">\n<td width=\"94\"><strong><span style=\"color: #007bc4;\">V90B<\/span><\/strong><\/td>\n<td width=\"23\">162<\/td>\n<td width=\"61\">.<\/td>\n<td width=\"56\">.<\/td>\n<td width=\"27\">.<\/td>\n<td width=\"47\">25<\/td>\n<td width=\"35\">23<\/td>\n<td width=\"44\">6<\/td>\n<td width=\"41\">118<\/td>\n<td width=\"47\">30<\/td>\n<\/tr>\n<tr style=\"background-color: #dfdfdf;\">\n<td width=\"94\"><strong><span style=\"color: #007bc4;\">V100B<\/span><\/strong><\/td>\n<td width=\"23\">183<\/td>\n<td width=\"61\">.<\/td>\n<td width=\"56\">.<\/td>\n<td width=\"27\">.<\/td>\n<td width=\"47\">30<\/td>\n<td width=\"35\">25<\/td>\n<td width=\"44\">5<\/td>\n<td width=\"41\">128<\/td>\n<td width=\"47\">34<\/td>\n<\/tr>\n<tr style=\"background-color: #fefefe;\">\n<td width=\"94\"><strong><span style=\"color: #007bc4;\">V112B<\/span><\/strong><\/td>\n<td width=\"23\">205<\/td>\n<td width=\"61\">.<\/td>\n<td width=\"56\">.<\/td>\n<td width=\"27\">.<\/td>\n<td width=\"47\">30<\/td>\n<td width=\"35\">27<\/td>\n<td width=\"44\">6<\/td>\n<td width=\"41\">137<\/td>\n<td width=\"47\">37<\/td>\n<\/tr>\n<tr style=\"background-color: #dfdfdf;\">\n<td width=\"94\"><strong><span style=\"color: #007bc4;\">V132B<\/span><\/strong><\/td>\n<td width=\"23\">239<\/td>\n<td width=\"61\">.<\/td>\n<td width=\"56\">.<\/td>\n<td width=\"27\">.<\/td>\n<td width=\"47\">38<\/td>\n<td width=\"35\">30<\/td>\n<td width=\"44\">11<\/td>\n<td width=\"41\">179<\/td>\n<td width=\"47\">49<\/td>\n<\/tr>\n<tr style=\"background-color: #fefefe;\">\n<td width=\"94\"><strong><span style=\"color: #007bc4;\">V132B<\/span><span style=\"color: #007bc4;\"> 40<\/span><\/strong><\/td>\n<td width=\"23\">239<\/td>\n<td width=\"61\">.<\/td>\n<td width=\"56\">.<\/td>\n<td width=\"27\">.<\/td>\n<td width=\"47\">40<\/td>\n<td width=\"35\">30<\/td>\n<td width=\"44\">11<\/td>\n<td width=\"41\">179<\/td>\n<td width=\"47\">49<\/td>\n<\/tr>\n<tr style=\"background-color: #dfdfdf;\">\n<td width=\"94\"><span style=\"color: #007bc4;\"><strong>V132<\/strong> <strong>BB<\/strong><\/span><\/td>\n<td width=\"23\">239<\/td>\n<td width=\"61\">.<\/td>\n<td width=\"56\">.<\/td>\n<td width=\"27\">.<\/td>\n<td width=\"47\">32<\/td>\n<td width=\"35\">30<\/td>\n<td width=\"44\">11<\/td>\n<td width=\"41\">179<\/td>\n<td width=\"47\">49<\/td>\n<\/tr>\n<tr style=\"background-color: #fefefe;\">\n<td width=\"94\"><strong><span style=\"color: #007bc4;\">V132 BB 35<\/span><\/strong><\/td>\n<td width=\"23\">239<\/td>\n<td width=\"61\">.<\/td>\n<td width=\"56\">.<\/td>\n<td width=\"27\">.<\/td>\n<td width=\"47\">35<\/td>\n<td width=\"35\">30<\/td>\n<td width=\"44\">11<\/td>\n<td width=\"41\">179<\/td>\n<td width=\"47\">49<\/td>\n<\/tr>\n<tr style=\"background-color: #dfdfdf;\">\n<td width=\"94\"><strong><span style=\"color: #007bc4;\">V160B<\/span><\/strong><\/td>\n<td width=\"23\">294<\/td>\n<td width=\"61\">.<\/td>\n<td width=\"56\">.<\/td>\n<td width=\"27\">.<\/td>\n<td width=\"47\">45<\/td>\n<td width=\"35\">34<\/td>\n<td width=\"44\">14<\/td>\n<td width=\"41\">218<\/td>\n<td width=\"47\">54<\/td>\n<\/tr>\n<tr style=\"background-color: #fefefe;\">\n<td width=\"94\"><strong><span style=\"color: #007bc4;\">V180B<\/span><\/strong><\/td>\n<td width=\"23\">335<\/td>\n<td width=\"61\">.<\/td>\n<td width=\"56\">.<\/td>\n<td width=\"27\">.<\/td>\n<td width=\"47\">50<\/td>\n<td width=\"35\">36<\/td>\n<td width=\"44\">15<\/td>\n<td width=\"41\">256<\/td>\n<td width=\"47\">60<\/td>\n<\/tr>\n<\/tbody>\n<\/table>\n<p>&nbsp;<\/p>\n","protected":false},"featured_media":7817,"template":"","meta":[],"product_cat":[109],"product_tag":[],"class_list":["post-13688","product","type-product","status-publish","has-post-thumbnail","hentry","product_cat-fans"],"acf":[],"yoast_head":"<!-- This site is optimized with the Yoast SEO plugin v23.3 - https:\/\/yoast.com\/wordpress\/plugins\/seo\/ -->\n<title>Fan : VB | SEEER<\/title>\n<meta name=\"description\" content=\"Model A B C D E F   W Z X Y   Pressure Ring Screws Clamp   V80B 141 . . . 18 18 5 100 29   V90B 162 . . . 25 23 6 118 30   V100B 183 . . . 30 25 5 128 34   V112B 205 . . . 30 27 6 137 37   V132B 239 . . . 38 30 11 179 49   V132B 40 239 . . . 40 30 11 179 49   V132 BB 239 . . . 32 30 11 179 49   V132 BB 35 239 . . . 35 30 11 179 49   V160B 294 . . . 45 34 14 218 54   V180B 335 . . . 50 36 15 256 60    &nbsp;\" \/>\n<meta name=\"robots\" content=\"index, follow, max-snippet:-1, max-image-preview:large, max-video-preview:-1\" \/>\n<link rel=\"canonical\" href=\"https:\/\/www.seeer-tn.com\/en\/produit\/fan-vb\/\" \/>\n<meta property=\"og:locale\" content=\"en_US\" \/>\n<meta property=\"og:type\" content=\"article\" \/>\n<meta property=\"og:title\" content=\"Fan : VB | SEEER\" \/>\n<meta property=\"og:description\" content=\"Model A B C D E F   W Z X Y   Pressure Ring Screws Clamp   V80B 141 . . . 18 18 5 100 29   V90B 162 . . . 25 23 6 118 30   V100B 183 . . . 30 25 5 128 34   V112B 205 . . . 30 27 6 137 37   V132B 239 . . . 38 30 11 179 49   V132B 40 239 . . . 40 30 11 179 49   V132 BB 239 . . . 32 30 11 179 49   V132 BB 35 239 . . . 35 30 11 179 49   V160B 294 . . . 45 34 14 218 54   V180B 335 . . . 50 36 15 256 60    &nbsp;\" \/>\n<meta property=\"og:url\" content=\"https:\/\/www.seeer-tn.com\/en\/produit\/fan-vb\/\" \/>\n<meta property=\"og:site_name\" content=\"SEEER\" \/>\n<meta property=\"article:modified_time\" content=\"2024-09-20T13:14:47+00:00\" \/>\n<meta property=\"og:image\" content=\"https:\/\/www.seeer-tn.com\/wp-content\/uploads\/2022\/10\/VB.jpg\" \/>\n\t<meta property=\"og:image:width\" content=\"1000\" \/>\n\t<meta property=\"og:image:height\" content=\"1000\" \/>\n\t<meta property=\"og:image:type\" content=\"image\/jpeg\" \/>\n<meta name=\"twitter:card\" content=\"summary_large_image\" \/>\n<meta name=\"twitter:label1\" content=\"Est. reading time\" \/>\n\t<meta name=\"twitter:data1\" content=\"1 minute\" \/>\n<script type=\"application\/ld+json\" class=\"yoast-schema-graph\">{\"@context\":\"https:\/\/schema.org\",\"@graph\":[{\"@type\":\"WebPage\",\"@id\":\"https:\/\/www.seeer-tn.com\/en\/produit\/fan-vb\/\",\"url\":\"https:\/\/www.seeer-tn.com\/en\/produit\/fan-vb\/\",\"name\":\"Fan : VB | SEEER\",\"isPartOf\":{\"@id\":\"https:\/\/www.seeer-tn.com\/#website\"},\"primaryImageOfPage\":{\"@id\":\"https:\/\/www.seeer-tn.com\/en\/produit\/fan-vb\/#primaryimage\"},\"image\":{\"@id\":\"https:\/\/www.seeer-tn.com\/en\/produit\/fan-vb\/#primaryimage\"},\"thumbnailUrl\":\"https:\/\/www.seeer-tn.com\/wp-content\/uploads\/2022\/10\/VB.jpg\",\"datePublished\":\"2022-10-31T16:57:34+00:00\",\"dateModified\":\"2024-09-20T13:14:47+00:00\",\"description\":\"Model A B C D E F W Z X Y Pressure Ring Screws Clamp V80B 141 . . . 18 18 5 100 29 V90B 162 . . . 25 23 6 118 30 V100B 183 . . . 30 25 5 128 34 V112B 205 . . . 30 27 6 137 37 V132B 239 . . . 38 30 11 179 49 V132B 40 239 . . . 40 30 11 179 49 V132 BB 239 . . . 32 30 11 179 49 V132 BB 35 239 . . . 35 30 11 179 49 V160B 294 . . . 45 34 14 218 54 V180B 335 . . . 50 36 15 256 60 &nbsp;\",\"breadcrumb\":{\"@id\":\"https:\/\/www.seeer-tn.com\/en\/produit\/fan-vb\/#breadcrumb\"},\"inLanguage\":\"en-US\",\"potentialAction\":[{\"@type\":\"ReadAction\",\"target\":[\"https:\/\/www.seeer-tn.com\/en\/produit\/fan-vb\/\"]}]},{\"@type\":\"ImageObject\",\"inLanguage\":\"en-US\",\"@id\":\"https:\/\/www.seeer-tn.com\/en\/produit\/fan-vb\/#primaryimage\",\"url\":\"https:\/\/www.seeer-tn.com\/wp-content\/uploads\/2022\/10\/VB.jpg\",\"contentUrl\":\"https:\/\/www.seeer-tn.com\/wp-content\/uploads\/2022\/10\/VB.jpg\",\"width\":1000,\"height\":1000},{\"@type\":\"BreadcrumbList\",\"@id\":\"https:\/\/www.seeer-tn.com\/en\/produit\/fan-vb\/#breadcrumb\",\"itemListElement\":[{\"@type\":\"ListItem\",\"position\":1,\"name\":\"Accueil\",\"item\":\"https:\/\/www.seeer-tn.com\/en\/\"},{\"@type\":\"ListItem\",\"position\":2,\"name\":\"Boutique\",\"item\":\"https:\/\/www.seeer-tn.com\/boutique\/\"},{\"@type\":\"ListItem\",\"position\":3,\"name\":\"Fan : VB\"}]},{\"@type\":\"WebSite\",\"@id\":\"https:\/\/www.seeer-tn.com\/#website\",\"url\":\"https:\/\/www.seeer-tn.com\/\",\"name\":\"SEEER\",\"description\":\"Soci\u00e9t\u00e9 d\u2019\u00e9quipement \u00e9lectrique \u00e9lectronique &amp; de Rebobinage\",\"potentialAction\":[{\"@type\":\"SearchAction\",\"target\":{\"@type\":\"EntryPoint\",\"urlTemplate\":\"https:\/\/www.seeer-tn.com\/?s={search_term_string}\"},\"query-input\":\"required name=search_term_string\"}],\"inLanguage\":\"en-US\"}]}<\/script>\n<!-- \/ Yoast SEO plugin. -->","yoast_head_json":{"title":"Fan : VB | SEEER","description":"Model A B C D E F   W Z X Y   Pressure Ring Screws Clamp   V80B 141 . . . 18 18 5 100 29   V90B 162 . . . 25 23 6 118 30   V100B 183 . . . 30 25 5 128 34   V112B 205 . . . 30 27 6 137 37   V132B 239 . . . 38 30 11 179 49   V132B 40 239 . . . 40 30 11 179 49   V132 BB 239 . . . 32 30 11 179 49   V132 BB 35 239 . . . 35 30 11 179 49   V160B 294 . . . 45 34 14 218 54   V180B 335 . . . 50 36 15 256 60    &nbsp;","robots":{"index":"index","follow":"follow","max-snippet":"max-snippet:-1","max-image-preview":"max-image-preview:large","max-video-preview":"max-video-preview:-1"},"canonical":"https:\/\/www.seeer-tn.com\/en\/produit\/fan-vb\/","og_locale":"en_US","og_type":"article","og_title":"Fan : VB | SEEER","og_description":"Model A B C D E F   W Z X Y   Pressure Ring Screws Clamp   V80B 141 . . . 18 18 5 100 29   V90B 162 . . . 25 23 6 118 30   V100B 183 . . . 30 25 5 128 34   V112B 205 . . . 30 27 6 137 37   V132B 239 . . . 38 30 11 179 49   V132B 40 239 . . . 40 30 11 179 49   V132 BB 239 . . . 32 30 11 179 49   V132 BB 35 239 . . . 35 30 11 179 49   V160B 294 . . . 45 34 14 218 54   V180B 335 . . . 50 36 15 256 60    &nbsp;","og_url":"https:\/\/www.seeer-tn.com\/en\/produit\/fan-vb\/","og_site_name":"SEEER","article_modified_time":"2024-09-20T13:14:47+00:00","og_image":[{"width":1000,"height":1000,"url":"https:\/\/www.seeer-tn.com\/wp-content\/uploads\/2022\/10\/VB.jpg","type":"image\/jpeg"}],"twitter_card":"summary_large_image","twitter_misc":{"Est. reading time":"1 minute"},"schema":{"@context":"https:\/\/schema.org","@graph":[{"@type":"WebPage","@id":"https:\/\/www.seeer-tn.com\/en\/produit\/fan-vb\/","url":"https:\/\/www.seeer-tn.com\/en\/produit\/fan-vb\/","name":"Fan : VB | SEEER","isPartOf":{"@id":"https:\/\/www.seeer-tn.com\/#website"},"primaryImageOfPage":{"@id":"https:\/\/www.seeer-tn.com\/en\/produit\/fan-vb\/#primaryimage"},"image":{"@id":"https:\/\/www.seeer-tn.com\/en\/produit\/fan-vb\/#primaryimage"},"thumbnailUrl":"https:\/\/www.seeer-tn.com\/wp-content\/uploads\/2022\/10\/VB.jpg","datePublished":"2022-10-31T16:57:34+00:00","dateModified":"2024-09-20T13:14:47+00:00","description":"Model A B C D E F W Z X Y Pressure Ring Screws Clamp V80B 141 . . . 18 18 5 100 29 V90B 162 . . . 25 23 6 118 30 V100B 183 . . . 30 25 5 128 34 V112B 205 . . . 30 27 6 137 37 V132B 239 . . . 38 30 11 179 49 V132B 40 239 . . . 40 30 11 179 49 V132 BB 239 . . . 32 30 11 179 49 V132 BB 35 239 . . . 35 30 11 179 49 V160B 294 . . . 45 34 14 218 54 V180B 335 . . . 50 36 15 256 60 &nbsp;","breadcrumb":{"@id":"https:\/\/www.seeer-tn.com\/en\/produit\/fan-vb\/#breadcrumb"},"inLanguage":"en-US","potentialAction":[{"@type":"ReadAction","target":["https:\/\/www.seeer-tn.com\/en\/produit\/fan-vb\/"]}]},{"@type":"ImageObject","inLanguage":"en-US","@id":"https:\/\/www.seeer-tn.com\/en\/produit\/fan-vb\/#primaryimage","url":"https:\/\/www.seeer-tn.com\/wp-content\/uploads\/2022\/10\/VB.jpg","contentUrl":"https:\/\/www.seeer-tn.com\/wp-content\/uploads\/2022\/10\/VB.jpg","width":1000,"height":1000},{"@type":"BreadcrumbList","@id":"https:\/\/www.seeer-tn.com\/en\/produit\/fan-vb\/#breadcrumb","itemListElement":[{"@type":"ListItem","position":1,"name":"Accueil","item":"https:\/\/www.seeer-tn.com\/en\/"},{"@type":"ListItem","position":2,"name":"Boutique","item":"https:\/\/www.seeer-tn.com\/boutique\/"},{"@type":"ListItem","position":3,"name":"Fan : VB"}]},{"@type":"WebSite","@id":"https:\/\/www.seeer-tn.com\/#website","url":"https:\/\/www.seeer-tn.com\/","name":"SEEER","description":"Soci\u00e9t\u00e9 d\u2019\u00e9quipement \u00e9lectrique \u00e9lectronique &amp; de Rebobinage","potentialAction":[{"@type":"SearchAction","target":{"@type":"EntryPoint","urlTemplate":"https:\/\/www.seeer-tn.com\/?s={search_term_string}"},"query-input":"required name=search_term_string"}],"inLanguage":"en-US"}]}},"_links":{"self":[{"href":"https:\/\/www.seeer-tn.com\/en\/wp-json\/wp\/v2\/product\/13688","targetHints":{"allow":["GET"]}}],"collection":[{"href":"https:\/\/www.seeer-tn.com\/en\/wp-json\/wp\/v2\/product"}],"about":[{"href":"https:\/\/www.seeer-tn.com\/en\/wp-json\/wp\/v2\/types\/product"}],"wp:featuredmedia":[{"embeddable":true,"href":"https:\/\/www.seeer-tn.com\/en\/wp-json\/wp\/v2\/media\/7817"}],"wp:attachment":[{"href":"https:\/\/www.seeer-tn.com\/en\/wp-json\/wp\/v2\/media?parent=13688"}],"wp:term":[{"taxonomy":"product_cat","embeddable":true,"href":"https:\/\/www.seeer-tn.com\/en\/wp-json\/wp\/v2\/product_cat?post=13688"},{"taxonomy":"product_tag","embeddable":true,"href":"https:\/\/www.seeer-tn.com\/en\/wp-json\/wp\/v2\/product_tag?post=13688"}],"curies":[{"name":"wp","href":"https:\/\/api.w.org\/{rel}","templated":true}]}}