{"id":13692,"date":"2022-10-31T18:00:16","date_gmt":"2022-10-31T17:00:16","guid":{"rendered":"https:\/\/www.seeer-tn.com\/?post_type=product&#038;p=13692"},"modified":"2024-09-20T13:51:32","modified_gmt":"2024-09-20T11:51:32","slug":"fan-vf","status":"publish","type":"product","link":"https:\/\/www.seeer-tn.com\/en\/produit\/fan-vf\/","title":{"rendered":"Fan : VF"},"content":{"rendered":"<div class=\"wpb-content-wrapper\"><p>[vc_row][vc_column][vc_column_text woodmart_inline=&#8221;no&#8221; text_larger=&#8221;no&#8221;]<a href=\"https:\/\/www.seeer-tn.com\/wp-content\/uploads\/2024\/01\/VF_compressed.pdf\" target=\"_blank\" rel=\"noopener\"><img loading=\"lazy\" decoding=\"async\" class=\"alignnone wp-image-7324\" src=\"https:\/\/www.seeer-tn.com\/wp-content\/uploads\/2022\/10\/PDF_file_icon.jpg\" alt=\"\" width=\"46\" height=\"57\" \/> Download PDF file<\/a>[\/vc_column_text][\/vc_column][\/vc_row]<\/p>\n<\/div>","protected":false},"excerpt":{"rendered":"<table>\n<tbody>\n<tr style=\"height: 16px;\">\n<td rowspan=\"3\" width=\"77\"><strong><span style=\"color: #007bc4;\">Model<\/span><\/strong><\/td>\n<td rowspan=\"3\" width=\"35\"><strong><span style=\"color: #007bc4;\">A<\/span><\/strong><\/td>\n<td style=\"text-align: center !important;\" colspan=\"4\" width=\"189\"><strong><span style=\"color: #007bc4;\">B<\/span><\/strong><\/td>\n<td rowspan=\"3\" width=\"36\"><strong><span style=\"color: #007bc4;\">C<\/span><\/strong><\/td>\n<td rowspan=\"3\" width=\"36\"><strong><span style=\"color: #007bc4;\">D<\/span><\/strong><\/td>\n<td rowspan=\"3\" width=\"47\"><strong><span style=\"color: #007bc4;\">E<\/span><\/strong><\/td>\n<td rowspan=\"3\" width=\"32\"><strong><span style=\"color: #007bc4;\">F<\/span><\/strong><\/td>\n<\/tr>\n<tr style=\"height: 20px;\">\n<td width=\"60\"><strong><span style=\"color: #007bc4;\">W<\/span><\/strong><\/td>\n<td width=\"55\"><strong><span style=\"color: #007bc4;\">Z<\/span><\/strong><\/td>\n<td width=\"27\"><strong><span style=\"color: #007bc4;\">X<\/span><\/strong><\/td>\n<td width=\"47\"><strong><span style=\"color: #007bc4;\">Y<\/span><\/strong><\/td>\n<\/tr>\n<tr style=\"height: 20px;\">\n<td width=\"60\"><strong><span style=\"color: #007bc4;\">Pressure<\/span><\/strong><\/td>\n<td width=\"55\"><strong><span style=\"color: #007bc4;\">Ring<\/span><\/strong><\/td>\n<td width=\"27\"><strong><span style=\"color: #007bc4;\">Screws<\/span><\/strong><\/td>\n<td width=\"47\"><strong><span style=\"color: #007bc4;\">Clamp<\/span><\/strong><\/td>\n<\/tr>\n<tr style=\"background-color: #dfdfdf;\">\n<td width=\"77\"><strong><span style=\"color: #007bc4;\">V52F<\/span><\/strong><\/td>\n<td width=\"35\">79<\/td>\n<td width=\"60\">8<\/td>\n<td width=\"55\">.<\/td>\n<td width=\"27\">.<\/td>\n<td width=\"47\">.<\/td>\n<td width=\"36\">12<\/td>\n<td width=\"36\">3<\/td>\n<td width=\"47\">53<\/td>\n<td width=\"32\">19<\/td>\n<\/tr>\n<tr style=\"background-color: #fefefe;\">\n<td width=\"77\"><strong><span style=\"color: #007bc4;\">V56F<\/span><\/strong><\/td>\n<td width=\"35\">83<\/td>\n<td width=\"60\">11<\/td>\n<td width=\"55\">.<\/td>\n<td width=\"27\">.<\/td>\n<td width=\"47\">.<\/td>\n<td width=\"36\">14<\/td>\n<td width=\"36\">4<\/td>\n<td width=\"47\">60<\/td>\n<td width=\"32\">20<\/td>\n<\/tr>\n<tr style=\"background-color: #dfdfdf;\">\n<td width=\"77\"><strong><span style=\"color: #007bc4;\">V63F<\/span><\/strong><\/td>\n<td width=\"35\">97<\/td>\n<td width=\"60\">11<\/td>\n<td width=\"55\">.<\/td>\n<td width=\"27\">.<\/td>\n<td width=\"47\">.<\/td>\n<td width=\"36\">14<\/td>\n<td width=\"36\">2<\/td>\n<td width=\"47\">65<\/td>\n<td width=\"32\">23<\/td>\n<\/tr>\n<tr style=\"background-color: #fefefe;\">\n<td width=\"77\"><strong><span style=\"color: #007bc4;\">V71F<\/span><\/strong><\/td>\n<td width=\"35\">113<\/td>\n<td width=\"60\">.<\/td>\n<td width=\"55\">.<\/td>\n<td width=\"27\">14<\/td>\n<td width=\"47\">.<\/td>\n<td width=\"36\">16<\/td>\n<td width=\"36\">4<\/td>\n<td width=\"47\">91<\/td>\n<td width=\"32\">26<\/td>\n<\/tr>\n<tr style=\"background-color: #dfdfdf;\">\n<td width=\"77\"><strong><span style=\"color: #007bc4;\">V80F<\/span><\/strong><\/td>\n<td width=\"35\">133<\/td>\n<td width=\"60\">.<\/td>\n<td width=\"55\">.<\/td>\n<td width=\"27\">19<\/td>\n<td width=\"47\">.<\/td>\n<td width=\"36\">16<\/td>\n<td width=\"36\">5<\/td>\n<td width=\"47\">103<\/td>\n<td width=\"32\">29<\/td>\n<\/tr>\n<tr style=\"background-color: #fefefe;\">\n<td width=\"77\"><strong><span style=\"color: #007bc4;\">V80FL<\/span><\/strong><\/td>\n<td width=\"35\">133<\/td>\n<td width=\"60\"><\/td>\n<td width=\"55\"><\/td>\n<td width=\"27\"><\/td>\n<td width=\"47\">17<\/td>\n<td width=\"36\">16<\/td>\n<td width=\"36\">5<\/td>\n<td width=\"47\">103<\/td>\n<td width=\"32\">29<\/td>\n<\/tr>\n<tr style=\"background-color: #dfdfdf;\">\n<td width=\"77\"><strong><span style=\"color: #007bc4;\">V90F<\/span><\/strong><\/td>\n<td width=\"35\">144<\/td>\n<td width=\"60\">.<\/td>\n<td width=\"55\">.<\/td>\n<td width=\"27\">22<\/td>\n<td width=\"47\">.<\/td>\n<td width=\"36\">16<\/td>\n<td width=\"36\">10<\/td>\n<td width=\"47\">106<\/td>\n<td width=\"32\">34<\/td>\n<\/tr>\n<tr style=\"background-color: #fefefe;\">\n<td width=\"77\"><strong><span style=\"color: #007bc4;\">V100F<\/span><\/strong><\/td>\n<td width=\"35\">172<\/td>\n<td width=\"60\">.<\/td>\n<td width=\"55\">.<\/td>\n<td width=\"27\">28<\/td>\n<td width=\"47\">.<\/td>\n<td width=\"36\">21<\/td>\n<td width=\"36\">3<\/td>\n<td width=\"47\">127<\/td>\n<td width=\"32\">38<\/td>\n<\/tr>\n<tr style=\"background-color: #dfdfdf;\">\n<td width=\"77\"><strong><span style=\"color: #007bc4;\">V112F<\/span><\/strong><\/td>\n<td width=\"35\">188<\/td>\n<td width=\"60\">.<\/td>\n<td width=\"55\">.<\/td>\n<td width=\"27\">28<\/td>\n<td width=\"47\">.<\/td>\n<td width=\"36\">23<\/td>\n<td width=\"36\">6<\/td>\n<td width=\"47\">137<\/td>\n<td width=\"32\">42<\/td>\n<\/tr>\n<tr style=\"background-color: #fefefe;\">\n<td width=\"77\"><strong><span style=\"color: #007bc4;\">V112FF 32<\/span><\/strong><\/td>\n<td width=\"35\">188<\/td>\n<td width=\"60\">.<\/td>\n<td width=\"55\">.<\/td>\n<td width=\"27\">.<\/td>\n<td width=\"47\">32<\/td>\n<td width=\"36\">23<\/td>\n<td width=\"36\">6<\/td>\n<td width=\"47\">137<\/td>\n<td width=\"32\">42<\/td>\n<\/tr>\n<tr style=\"background-color: #dfdfdf;\">\n<td width=\"77\"><strong><span style=\"color: #007bc4;\">V112FF 35<\/span><\/strong><\/td>\n<td width=\"35\">188<\/td>\n<td width=\"60\">.<\/td>\n<td width=\"55\">.<\/td>\n<td width=\"27\">.<\/td>\n<td width=\"47\">35<\/td>\n<td width=\"36\">23<\/td>\n<td width=\"36\">6<\/td>\n<td width=\"47\">137<\/td>\n<td width=\"32\">42<\/td>\n<\/tr>\n<tr style=\"background-color: #fefefe;\">\n<td width=\"77\"><strong><span style=\"color: #007bc4;\">V132F<\/span><\/strong><\/td>\n<td width=\"35\">238<\/td>\n<td width=\"60\">.<\/td>\n<td width=\"55\">.<\/td>\n<td width=\"27\">40<\/td>\n<td width=\"47\">.<\/td>\n<td width=\"36\">22<\/td>\n<td width=\"36\">10<\/td>\n<td width=\"47\">168<\/td>\n<td width=\"32\">50<\/td>\n<\/tr>\n<tr style=\"background-color: #dfdfdf;\">\n<td width=\"77\"><strong><span style=\"color: #007bc4;\">V132FF<\/span><\/strong><\/td>\n<td width=\"35\">238<\/td>\n<td width=\"60\">.<\/td>\n<td width=\"55\">.<\/td>\n<td width=\"27\">.<\/td>\n<td width=\"47\">38<\/td>\n<td width=\"36\">22<\/td>\n<td width=\"36\">10<\/td>\n<td width=\"47\">168<\/td>\n<td width=\"32\">50<\/td>\n<\/tr>\n<tr style=\"background-color: #fefefe;\">\n<td width=\"77\"><strong><span style=\"color: #007bc4;\">V160F<\/span><\/strong><\/td>\n<td width=\"35\">299<\/td>\n<td width=\"60\">.<\/td>\n<td width=\"55\">.<\/td>\n<td width=\"27\">.<\/td>\n<td width=\"47\">45<\/td>\n<td width=\"36\">27<\/td>\n<td width=\"36\">16<\/td>\n<td width=\"47\">220<\/td>\n<td width=\"32\">56<\/td>\n<\/tr>\n<tr style=\"background-color: #dfdfdf;\">\n<td width=\"77\"><strong><span style=\"color: #007bc4;\">V180F<\/span><\/strong><\/td>\n<td width=\"35\">328<\/td>\n<td width=\"60\">.<\/td>\n<td width=\"55\">.<\/td>\n<td width=\"27\">.<\/td>\n<td width=\"47\">50<\/td>\n<td width=\"36\">29<\/td>\n<td width=\"36\">16<\/td>\n<td width=\"47\">236<\/td>\n<td width=\"32\">70<\/td>\n<\/tr>\n<\/tbody>\n<\/table>\n","protected":false},"featured_media":7815,"template":"","meta":[],"product_cat":[109],"product_tag":[],"class_list":["post-13692","product","type-product","status-publish","has-post-thumbnail","hentry","product_cat-fans"],"acf":[],"yoast_head":"<!-- This site is optimized with the Yoast SEO plugin v23.3 - https:\/\/yoast.com\/wordpress\/plugins\/seo\/ -->\n<title>Fan : VF | SEEER<\/title>\n<meta name=\"description\" content=\"Model A B C D E F   W Z X Y   Pressure Ring Screws Clamp   V52F 79 8 . . . 12 3 53 19   V56F 83 11 . . . 14 4 60 20   V63F 97 11 . . . 14 2 65 23   V71F 113 . . 14 . 16 4 91 26   V80F 133 . . 19 . 16 5 103 29   V80FL 133    17 16 5 103 29   V90F 144 . . 22 . 16 10 106 34   V100F 172 . . 28 . 21 3 127 38   V112F 188 . . 28 . 23 6 137 42   V112FF 32 188 . . . 32 23 6 137 42   V112FF 35 188 . . . 35 23 6 137 42   V132F 238 . . 40 . 22 10 168 50   V132FF 238 . . . 38 22 10 168 50   V160F 299 . . . 45 27 16 220 56   V180F 328 . . . 50 29 16 236 70\" \/>\n<meta name=\"robots\" content=\"index, follow, max-snippet:-1, max-image-preview:large, max-video-preview:-1\" \/>\n<link rel=\"canonical\" href=\"https:\/\/www.seeer-tn.com\/en\/produit\/fan-vf\/\" \/>\n<meta property=\"og:locale\" content=\"en_US\" \/>\n<meta property=\"og:type\" content=\"article\" \/>\n<meta property=\"og:title\" content=\"Fan : VF | SEEER\" \/>\n<meta property=\"og:description\" content=\"Model A B C D E F   W Z X Y   Pressure Ring Screws Clamp   V52F 79 8 . . . 12 3 53 19   V56F 83 11 . . . 14 4 60 20   V63F 97 11 . . . 14 2 65 23   V71F 113 . . 14 . 16 4 91 26   V80F 133 . . 19 . 16 5 103 29   V80FL 133    17 16 5 103 29   V90F 144 . . 22 . 16 10 106 34   V100F 172 . . 28 . 21 3 127 38   V112F 188 . . 28 . 23 6 137 42   V112FF 32 188 . . . 32 23 6 137 42   V112FF 35 188 . . . 35 23 6 137 42   V132F 238 . . 40 . 22 10 168 50   V132FF 238 . . . 38 22 10 168 50   V160F 299 . . . 45 27 16 220 56   V180F 328 . . . 50 29 16 236 70\" \/>\n<meta property=\"og:url\" content=\"https:\/\/www.seeer-tn.com\/en\/produit\/fan-vf\/\" \/>\n<meta property=\"og:site_name\" content=\"SEEER\" \/>\n<meta property=\"article:modified_time\" content=\"2024-09-20T11:51:32+00:00\" \/>\n<meta property=\"og:image\" content=\"https:\/\/www.seeer-tn.com\/wp-content\/uploads\/2022\/10\/VF.jpg\" \/>\n\t<meta property=\"og:image:width\" content=\"1000\" \/>\n\t<meta property=\"og:image:height\" content=\"1000\" \/>\n\t<meta property=\"og:image:type\" content=\"image\/jpeg\" \/>\n<meta name=\"twitter:card\" content=\"summary_large_image\" \/>\n<meta name=\"twitter:label1\" content=\"Est. reading time\" \/>\n\t<meta name=\"twitter:data1\" content=\"1 minute\" \/>\n<script type=\"application\/ld+json\" class=\"yoast-schema-graph\">{\"@context\":\"https:\/\/schema.org\",\"@graph\":[{\"@type\":\"WebPage\",\"@id\":\"https:\/\/www.seeer-tn.com\/en\/produit\/fan-vf\/\",\"url\":\"https:\/\/www.seeer-tn.com\/en\/produit\/fan-vf\/\",\"name\":\"Fan : VF | SEEER\",\"isPartOf\":{\"@id\":\"https:\/\/www.seeer-tn.com\/#website\"},\"primaryImageOfPage\":{\"@id\":\"https:\/\/www.seeer-tn.com\/en\/produit\/fan-vf\/#primaryimage\"},\"image\":{\"@id\":\"https:\/\/www.seeer-tn.com\/en\/produit\/fan-vf\/#primaryimage\"},\"thumbnailUrl\":\"https:\/\/www.seeer-tn.com\/wp-content\/uploads\/2022\/10\/VF.jpg\",\"datePublished\":\"2022-10-31T17:00:16+00:00\",\"dateModified\":\"2024-09-20T11:51:32+00:00\",\"description\":\"Model A B C D E F W Z X Y Pressure Ring Screws Clamp V52F 79 8 . . . 12 3 53 19 V56F 83 11 . . . 14 4 60 20 V63F 97 11 . . . 14 2 65 23 V71F 113 . . 14 . 16 4 91 26 V80F 133 . . 19 . 16 5 103 29 V80FL 133 17 16 5 103 29 V90F 144 . . 22 . 16 10 106 34 V100F 172 . . 28 . 21 3 127 38 V112F 188 . . 28 . 23 6 137 42 V112FF 32 188 . . . 32 23 6 137 42 V112FF 35 188 . . . 35 23 6 137 42 V132F 238 . . 40 . 22 10 168 50 V132FF 238 . . . 38 22 10 168 50 V160F 299 . . . 45 27 16 220 56 V180F 328 . . . 50 29 16 236 70\",\"breadcrumb\":{\"@id\":\"https:\/\/www.seeer-tn.com\/en\/produit\/fan-vf\/#breadcrumb\"},\"inLanguage\":\"en-US\",\"potentialAction\":[{\"@type\":\"ReadAction\",\"target\":[\"https:\/\/www.seeer-tn.com\/en\/produit\/fan-vf\/\"]}]},{\"@type\":\"ImageObject\",\"inLanguage\":\"en-US\",\"@id\":\"https:\/\/www.seeer-tn.com\/en\/produit\/fan-vf\/#primaryimage\",\"url\":\"https:\/\/www.seeer-tn.com\/wp-content\/uploads\/2022\/10\/VF.jpg\",\"contentUrl\":\"https:\/\/www.seeer-tn.com\/wp-content\/uploads\/2022\/10\/VF.jpg\",\"width\":1000,\"height\":1000},{\"@type\":\"BreadcrumbList\",\"@id\":\"https:\/\/www.seeer-tn.com\/en\/produit\/fan-vf\/#breadcrumb\",\"itemListElement\":[{\"@type\":\"ListItem\",\"position\":1,\"name\":\"Accueil\",\"item\":\"https:\/\/www.seeer-tn.com\/en\/\"},{\"@type\":\"ListItem\",\"position\":2,\"name\":\"Boutique\",\"item\":\"https:\/\/www.seeer-tn.com\/boutique\/\"},{\"@type\":\"ListItem\",\"position\":3,\"name\":\"Fan : VF\"}]},{\"@type\":\"WebSite\",\"@id\":\"https:\/\/www.seeer-tn.com\/#website\",\"url\":\"https:\/\/www.seeer-tn.com\/\",\"name\":\"SEEER\",\"description\":\"Soci\u00e9t\u00e9 d\u2019\u00e9quipement \u00e9lectrique \u00e9lectronique &amp; de Rebobinage\",\"potentialAction\":[{\"@type\":\"SearchAction\",\"target\":{\"@type\":\"EntryPoint\",\"urlTemplate\":\"https:\/\/www.seeer-tn.com\/?s={search_term_string}\"},\"query-input\":\"required name=search_term_string\"}],\"inLanguage\":\"en-US\"}]}<\/script>\n<!-- \/ Yoast SEO plugin. -->","yoast_head_json":{"title":"Fan : VF | SEEER","description":"Model A B C D E F   W Z X Y   Pressure Ring Screws Clamp   V52F 79 8 . . . 12 3 53 19   V56F 83 11 . . . 14 4 60 20   V63F 97 11 . . . 14 2 65 23   V71F 113 . . 14 . 16 4 91 26   V80F 133 . . 19 . 16 5 103 29   V80FL 133    17 16 5 103 29   V90F 144 . . 22 . 16 10 106 34   V100F 172 . . 28 . 21 3 127 38   V112F 188 . . 28 . 23 6 137 42   V112FF 32 188 . . . 32 23 6 137 42   V112FF 35 188 . . . 35 23 6 137 42   V132F 238 . . 40 . 22 10 168 50   V132FF 238 . . . 38 22 10 168 50   V160F 299 . . . 45 27 16 220 56   V180F 328 . . . 50 29 16 236 70","robots":{"index":"index","follow":"follow","max-snippet":"max-snippet:-1","max-image-preview":"max-image-preview:large","max-video-preview":"max-video-preview:-1"},"canonical":"https:\/\/www.seeer-tn.com\/en\/produit\/fan-vf\/","og_locale":"en_US","og_type":"article","og_title":"Fan : VF | SEEER","og_description":"Model A B C D E F   W Z X Y   Pressure Ring Screws Clamp   V52F 79 8 . . . 12 3 53 19   V56F 83 11 . . . 14 4 60 20   V63F 97 11 . . . 14 2 65 23   V71F 113 . . 14 . 16 4 91 26   V80F 133 . . 19 . 16 5 103 29   V80FL 133    17 16 5 103 29   V90F 144 . . 22 . 16 10 106 34   V100F 172 . . 28 . 21 3 127 38   V112F 188 . . 28 . 23 6 137 42   V112FF 32 188 . . . 32 23 6 137 42   V112FF 35 188 . . . 35 23 6 137 42   V132F 238 . . 40 . 22 10 168 50   V132FF 238 . . . 38 22 10 168 50   V160F 299 . . . 45 27 16 220 56   V180F 328 . . . 50 29 16 236 70","og_url":"https:\/\/www.seeer-tn.com\/en\/produit\/fan-vf\/","og_site_name":"SEEER","article_modified_time":"2024-09-20T11:51:32+00:00","og_image":[{"width":1000,"height":1000,"url":"https:\/\/www.seeer-tn.com\/wp-content\/uploads\/2022\/10\/VF.jpg","type":"image\/jpeg"}],"twitter_card":"summary_large_image","twitter_misc":{"Est. reading time":"1 minute"},"schema":{"@context":"https:\/\/schema.org","@graph":[{"@type":"WebPage","@id":"https:\/\/www.seeer-tn.com\/en\/produit\/fan-vf\/","url":"https:\/\/www.seeer-tn.com\/en\/produit\/fan-vf\/","name":"Fan : VF | SEEER","isPartOf":{"@id":"https:\/\/www.seeer-tn.com\/#website"},"primaryImageOfPage":{"@id":"https:\/\/www.seeer-tn.com\/en\/produit\/fan-vf\/#primaryimage"},"image":{"@id":"https:\/\/www.seeer-tn.com\/en\/produit\/fan-vf\/#primaryimage"},"thumbnailUrl":"https:\/\/www.seeer-tn.com\/wp-content\/uploads\/2022\/10\/VF.jpg","datePublished":"2022-10-31T17:00:16+00:00","dateModified":"2024-09-20T11:51:32+00:00","description":"Model A B C D E F W Z X Y Pressure Ring Screws Clamp V52F 79 8 . . . 12 3 53 19 V56F 83 11 . . . 14 4 60 20 V63F 97 11 . . . 14 2 65 23 V71F 113 . . 14 . 16 4 91 26 V80F 133 . . 19 . 16 5 103 29 V80FL 133 17 16 5 103 29 V90F 144 . . 22 . 16 10 106 34 V100F 172 . . 28 . 21 3 127 38 V112F 188 . . 28 . 23 6 137 42 V112FF 32 188 . . . 32 23 6 137 42 V112FF 35 188 . . . 35 23 6 137 42 V132F 238 . . 40 . 22 10 168 50 V132FF 238 . . . 38 22 10 168 50 V160F 299 . . . 45 27 16 220 56 V180F 328 . . . 50 29 16 236 70","breadcrumb":{"@id":"https:\/\/www.seeer-tn.com\/en\/produit\/fan-vf\/#breadcrumb"},"inLanguage":"en-US","potentialAction":[{"@type":"ReadAction","target":["https:\/\/www.seeer-tn.com\/en\/produit\/fan-vf\/"]}]},{"@type":"ImageObject","inLanguage":"en-US","@id":"https:\/\/www.seeer-tn.com\/en\/produit\/fan-vf\/#primaryimage","url":"https:\/\/www.seeer-tn.com\/wp-content\/uploads\/2022\/10\/VF.jpg","contentUrl":"https:\/\/www.seeer-tn.com\/wp-content\/uploads\/2022\/10\/VF.jpg","width":1000,"height":1000},{"@type":"BreadcrumbList","@id":"https:\/\/www.seeer-tn.com\/en\/produit\/fan-vf\/#breadcrumb","itemListElement":[{"@type":"ListItem","position":1,"name":"Accueil","item":"https:\/\/www.seeer-tn.com\/en\/"},{"@type":"ListItem","position":2,"name":"Boutique","item":"https:\/\/www.seeer-tn.com\/boutique\/"},{"@type":"ListItem","position":3,"name":"Fan : VF"}]},{"@type":"WebSite","@id":"https:\/\/www.seeer-tn.com\/#website","url":"https:\/\/www.seeer-tn.com\/","name":"SEEER","description":"Soci\u00e9t\u00e9 d\u2019\u00e9quipement \u00e9lectrique \u00e9lectronique &amp; de Rebobinage","potentialAction":[{"@type":"SearchAction","target":{"@type":"EntryPoint","urlTemplate":"https:\/\/www.seeer-tn.com\/?s={search_term_string}"},"query-input":"required name=search_term_string"}],"inLanguage":"en-US"}]}},"_links":{"self":[{"href":"https:\/\/www.seeer-tn.com\/en\/wp-json\/wp\/v2\/product\/13692","targetHints":{"allow":["GET"]}}],"collection":[{"href":"https:\/\/www.seeer-tn.com\/en\/wp-json\/wp\/v2\/product"}],"about":[{"href":"https:\/\/www.seeer-tn.com\/en\/wp-json\/wp\/v2\/types\/product"}],"wp:featuredmedia":[{"embeddable":true,"href":"https:\/\/www.seeer-tn.com\/en\/wp-json\/wp\/v2\/media\/7815"}],"wp:attachment":[{"href":"https:\/\/www.seeer-tn.com\/en\/wp-json\/wp\/v2\/media?parent=13692"}],"wp:term":[{"taxonomy":"product_cat","embeddable":true,"href":"https:\/\/www.seeer-tn.com\/en\/wp-json\/wp\/v2\/product_cat?post=13692"},{"taxonomy":"product_tag","embeddable":true,"href":"https:\/\/www.seeer-tn.com\/en\/wp-json\/wp\/v2\/product_tag?post=13692"}],"curies":[{"name":"wp","href":"https:\/\/api.w.org\/{rel}","templated":true}]}}