{"id":13698,"date":"2022-10-31T18:03:38","date_gmt":"2022-10-31T17:03:38","guid":{"rendered":"https:\/\/www.seeer-tn.com\/?post_type=product&#038;p=13698"},"modified":"2024-09-20T13:09:03","modified_gmt":"2024-09-20T11:09:03","slug":"fan-vcc","status":"publish","type":"product","link":"https:\/\/www.seeer-tn.com\/en\/produit\/fan-vcc\/","title":{"rendered":"Fan : VCC"},"content":{"rendered":"<div class=\"wpb-content-wrapper\"><p>[vc_row][vc_column][vc_column_text woodmart_inline=&#8221;no&#8221; text_larger=&#8221;no&#8221;]<a href=\"https:\/\/www.seeer-tn.com\/wp-content\/uploads\/2024\/01\/VCC_compressed.pdf\" target=\"_blank\" rel=\"noopener\"><img loading=\"lazy\" decoding=\"async\" class=\"alignnone wp-image-7324\" src=\"https:\/\/www.seeer-tn.com\/wp-content\/uploads\/2022\/10\/PDF_file_icon.jpg\" alt=\"\" width=\"46\" height=\"57\" \/> Download PDF file<\/a>[\/vc_column_text][\/vc_column][\/vc_row]<\/p>\n<\/div>","protected":false},"excerpt":{"rendered":"<table>\n<tbody>\n<tr>\n<td rowspan=\"3\" width=\"80\"><strong><strong><span style=\"color: #007bc4;\">Model<\/span><\/strong><\/strong><\/td>\n<td rowspan=\"3\" width=\"80\"><strong><strong><span style=\"color: #007bc4;\">A<\/span><\/strong><\/strong><\/td>\n<td style=\"text-align: center !important;\" colspan=\"4\" width=\"200\"><strong><strong><span style=\"color: #007bc4;\">B<\/span><\/strong><\/strong><\/td>\n<td rowspan=\"3\" width=\"35\"><strong><strong><span style=\"color: #007bc4;\">C<\/span><\/strong><\/strong><\/td>\n<td rowspan=\"3\" width=\"33\"><strong><strong><span style=\"color: #007bc4;\">D<\/span><\/strong><\/strong><\/td>\n<td rowspan=\"3\" width=\"35\"><strong><strong><span style=\"color: #007bc4;\">E<\/span><\/strong><\/strong><\/td>\n<td rowspan=\"3\" width=\"41\"><strong><strong><span style=\"color: #007bc4;\">F<\/span><\/strong><\/strong><\/td>\n<\/tr>\n<tr>\n<td width=\"65\"><strong><span style=\"color: #007bc4;\">W<\/span><\/strong><\/td>\n<td width=\"59\"><strong><span style=\"color: #007bc4;\">Z<\/span><\/strong><\/td>\n<td width=\"27\"><strong><span style=\"color: #007bc4;\">X<\/span><\/strong><\/td>\n<td width=\"49\"><strong><span style=\"color: #007bc4;\">Y<\/span><\/strong><\/td>\n<\/tr>\n<tr>\n<td width=\"65\"><strong><span style=\"color: #007bc4;\">Pressure<\/span><\/strong><\/td>\n<td width=\"59\"><strong><span style=\"color: #007bc4;\">Ring<\/span><\/strong><\/td>\n<td width=\"27\"><strong><span style=\"color: #007bc4;\">Screws<\/span><\/strong><\/td>\n<td width=\"49\"><strong><span style=\"color: #007bc4;\">Clamp<\/span><\/strong><\/td>\n<\/tr>\n<tr style=\"background-color: #dfdfdf;\">\n<td width=\"80\"><strong><span style=\"color: #007bc4;\">V90CC<\/span><\/strong><\/td>\n<td width=\"80\">149<\/td>\n<td width=\"65\">.<\/td>\n<td width=\"59\">.<\/td>\n<td width=\"27\">.<\/td>\n<td width=\"49\">34<\/td>\n<td width=\"35\">30<\/td>\n<td width=\"33\">13<\/td>\n<td width=\"35\">120<\/td>\n<td width=\"41\">40<\/td>\n<\/tr>\n<tr style=\"background-color: #fefefe;\">\n<td width=\"80\"><strong><span style=\"color: #007bc4;\">V90CC 28<\/span><\/strong><\/td>\n<td width=\"80\">149<\/td>\n<td width=\"65\">.<\/td>\n<td width=\"59\">.<\/td>\n<td width=\"27\">.<\/td>\n<td width=\"49\">28<\/td>\n<td width=\"35\">30<\/td>\n<td width=\"33\">13<\/td>\n<td width=\"35\">120<\/td>\n<td width=\"41\">40<\/td>\n<\/tr>\n<tr style=\"background-color: #dfdfdf;\">\n<td width=\"80\"><strong><span style=\"color: #007bc4;\">V132CC<\/span><\/strong><\/td>\n<td width=\"80\">218<\/td>\n<td width=\"65\">.<\/td>\n<td width=\"59\">.<\/td>\n<td width=\"27\">.<\/td>\n<td width=\"49\">52<\/td>\n<td width=\"35\">35<\/td>\n<td width=\"33\">20<\/td>\n<td width=\"35\">181<\/td>\n<td width=\"41\">51<\/td>\n<\/tr>\n<\/tbody>\n<\/table>\n","protected":false},"featured_media":15415,"template":"","meta":[],"product_cat":[109],"product_tag":[],"class_list":["post-13698","product","type-product","status-publish","has-post-thumbnail","hentry","product_cat-fans"],"acf":[],"yoast_head":"<!-- This site is optimized with the Yoast SEO plugin v23.3 - https:\/\/yoast.com\/wordpress\/plugins\/seo\/ -->\n<title>Fan : VCC | SEEER<\/title>\n<meta name=\"description\" content=\"Model A B C D E F   W Z X Y   Pressure Ring Screws Clamp   V90CC 149 . . . 34 30 13 120 40   V90CC 28 149 . . . 28 30 13 120 40   V132CC 218 . . . 52 35 20 181 51\" \/>\n<meta name=\"robots\" content=\"index, follow, max-snippet:-1, max-image-preview:large, max-video-preview:-1\" \/>\n<link rel=\"canonical\" href=\"https:\/\/www.seeer-tn.com\/en\/produit\/fan-vcc\/\" \/>\n<meta property=\"og:locale\" content=\"en_US\" \/>\n<meta property=\"og:type\" content=\"article\" \/>\n<meta property=\"og:title\" content=\"Fan : VCC | SEEER\" \/>\n<meta property=\"og:description\" content=\"Model A B C D E F   W Z X Y   Pressure Ring Screws Clamp   V90CC 149 . . . 34 30 13 120 40   V90CC 28 149 . . . 28 30 13 120 40   V132CC 218 . . . 52 35 20 181 51\" \/>\n<meta property=\"og:url\" content=\"https:\/\/www.seeer-tn.com\/en\/produit\/fan-vcc\/\" \/>\n<meta property=\"og:site_name\" content=\"SEEER\" \/>\n<meta property=\"article:modified_time\" content=\"2024-09-20T11:09:03+00:00\" \/>\n<meta property=\"og:image\" content=\"https:\/\/www.seeer-tn.com\/wp-content\/uploads\/2022\/10\/s2.jpg\" \/>\n\t<meta property=\"og:image:width\" content=\"800\" \/>\n\t<meta property=\"og:image:height\" content=\"800\" \/>\n\t<meta property=\"og:image:type\" content=\"image\/jpeg\" \/>\n<meta name=\"twitter:card\" content=\"summary_large_image\" \/>\n<meta name=\"twitter:label1\" content=\"Est. reading time\" \/>\n\t<meta name=\"twitter:data1\" content=\"1 minute\" \/>\n<script type=\"application\/ld+json\" class=\"yoast-schema-graph\">{\"@context\":\"https:\/\/schema.org\",\"@graph\":[{\"@type\":\"WebPage\",\"@id\":\"https:\/\/www.seeer-tn.com\/en\/produit\/fan-vcc\/\",\"url\":\"https:\/\/www.seeer-tn.com\/en\/produit\/fan-vcc\/\",\"name\":\"Fan : VCC | SEEER\",\"isPartOf\":{\"@id\":\"https:\/\/www.seeer-tn.com\/#website\"},\"primaryImageOfPage\":{\"@id\":\"https:\/\/www.seeer-tn.com\/en\/produit\/fan-vcc\/#primaryimage\"},\"image\":{\"@id\":\"https:\/\/www.seeer-tn.com\/en\/produit\/fan-vcc\/#primaryimage\"},\"thumbnailUrl\":\"https:\/\/www.seeer-tn.com\/wp-content\/uploads\/2022\/10\/s2.jpg\",\"datePublished\":\"2022-10-31T17:03:38+00:00\",\"dateModified\":\"2024-09-20T11:09:03+00:00\",\"description\":\"Model A B C D E F W Z X Y Pressure Ring Screws Clamp V90CC 149 . . . 34 30 13 120 40 V90CC 28 149 . . . 28 30 13 120 40 V132CC 218 . . . 52 35 20 181 51\",\"breadcrumb\":{\"@id\":\"https:\/\/www.seeer-tn.com\/en\/produit\/fan-vcc\/#breadcrumb\"},\"inLanguage\":\"en-US\",\"potentialAction\":[{\"@type\":\"ReadAction\",\"target\":[\"https:\/\/www.seeer-tn.com\/en\/produit\/fan-vcc\/\"]}]},{\"@type\":\"ImageObject\",\"inLanguage\":\"en-US\",\"@id\":\"https:\/\/www.seeer-tn.com\/en\/produit\/fan-vcc\/#primaryimage\",\"url\":\"https:\/\/www.seeer-tn.com\/wp-content\/uploads\/2022\/10\/s2.jpg\",\"contentUrl\":\"https:\/\/www.seeer-tn.com\/wp-content\/uploads\/2022\/10\/s2.jpg\",\"width\":800,\"height\":800},{\"@type\":\"BreadcrumbList\",\"@id\":\"https:\/\/www.seeer-tn.com\/en\/produit\/fan-vcc\/#breadcrumb\",\"itemListElement\":[{\"@type\":\"ListItem\",\"position\":1,\"name\":\"Accueil\",\"item\":\"https:\/\/www.seeer-tn.com\/en\/\"},{\"@type\":\"ListItem\",\"position\":2,\"name\":\"Boutique\",\"item\":\"https:\/\/www.seeer-tn.com\/boutique\/\"},{\"@type\":\"ListItem\",\"position\":3,\"name\":\"Fan : VCC\"}]},{\"@type\":\"WebSite\",\"@id\":\"https:\/\/www.seeer-tn.com\/#website\",\"url\":\"https:\/\/www.seeer-tn.com\/\",\"name\":\"SEEER\",\"description\":\"Soci\u00e9t\u00e9 d\u2019\u00e9quipement \u00e9lectrique \u00e9lectronique &amp; de Rebobinage\",\"potentialAction\":[{\"@type\":\"SearchAction\",\"target\":{\"@type\":\"EntryPoint\",\"urlTemplate\":\"https:\/\/www.seeer-tn.com\/?s={search_term_string}\"},\"query-input\":\"required name=search_term_string\"}],\"inLanguage\":\"en-US\"}]}<\/script>\n<!-- \/ Yoast SEO plugin. -->","yoast_head_json":{"title":"Fan : VCC | SEEER","description":"Model A B C D E F   W Z X Y   Pressure Ring Screws Clamp   V90CC 149 . . . 34 30 13 120 40   V90CC 28 149 . . . 28 30 13 120 40   V132CC 218 . . . 52 35 20 181 51","robots":{"index":"index","follow":"follow","max-snippet":"max-snippet:-1","max-image-preview":"max-image-preview:large","max-video-preview":"max-video-preview:-1"},"canonical":"https:\/\/www.seeer-tn.com\/en\/produit\/fan-vcc\/","og_locale":"en_US","og_type":"article","og_title":"Fan : VCC | SEEER","og_description":"Model A B C D E F   W Z X Y   Pressure Ring Screws Clamp   V90CC 149 . . . 34 30 13 120 40   V90CC 28 149 . . . 28 30 13 120 40   V132CC 218 . . . 52 35 20 181 51","og_url":"https:\/\/www.seeer-tn.com\/en\/produit\/fan-vcc\/","og_site_name":"SEEER","article_modified_time":"2024-09-20T11:09:03+00:00","og_image":[{"width":800,"height":800,"url":"https:\/\/www.seeer-tn.com\/wp-content\/uploads\/2022\/10\/s2.jpg","type":"image\/jpeg"}],"twitter_card":"summary_large_image","twitter_misc":{"Est. reading time":"1 minute"},"schema":{"@context":"https:\/\/schema.org","@graph":[{"@type":"WebPage","@id":"https:\/\/www.seeer-tn.com\/en\/produit\/fan-vcc\/","url":"https:\/\/www.seeer-tn.com\/en\/produit\/fan-vcc\/","name":"Fan : VCC | SEEER","isPartOf":{"@id":"https:\/\/www.seeer-tn.com\/#website"},"primaryImageOfPage":{"@id":"https:\/\/www.seeer-tn.com\/en\/produit\/fan-vcc\/#primaryimage"},"image":{"@id":"https:\/\/www.seeer-tn.com\/en\/produit\/fan-vcc\/#primaryimage"},"thumbnailUrl":"https:\/\/www.seeer-tn.com\/wp-content\/uploads\/2022\/10\/s2.jpg","datePublished":"2022-10-31T17:03:38+00:00","dateModified":"2024-09-20T11:09:03+00:00","description":"Model A B C D E F W Z X Y Pressure Ring Screws Clamp V90CC 149 . . . 34 30 13 120 40 V90CC 28 149 . . . 28 30 13 120 40 V132CC 218 . . . 52 35 20 181 51","breadcrumb":{"@id":"https:\/\/www.seeer-tn.com\/en\/produit\/fan-vcc\/#breadcrumb"},"inLanguage":"en-US","potentialAction":[{"@type":"ReadAction","target":["https:\/\/www.seeer-tn.com\/en\/produit\/fan-vcc\/"]}]},{"@type":"ImageObject","inLanguage":"en-US","@id":"https:\/\/www.seeer-tn.com\/en\/produit\/fan-vcc\/#primaryimage","url":"https:\/\/www.seeer-tn.com\/wp-content\/uploads\/2022\/10\/s2.jpg","contentUrl":"https:\/\/www.seeer-tn.com\/wp-content\/uploads\/2022\/10\/s2.jpg","width":800,"height":800},{"@type":"BreadcrumbList","@id":"https:\/\/www.seeer-tn.com\/en\/produit\/fan-vcc\/#breadcrumb","itemListElement":[{"@type":"ListItem","position":1,"name":"Accueil","item":"https:\/\/www.seeer-tn.com\/en\/"},{"@type":"ListItem","position":2,"name":"Boutique","item":"https:\/\/www.seeer-tn.com\/boutique\/"},{"@type":"ListItem","position":3,"name":"Fan : VCC"}]},{"@type":"WebSite","@id":"https:\/\/www.seeer-tn.com\/#website","url":"https:\/\/www.seeer-tn.com\/","name":"SEEER","description":"Soci\u00e9t\u00e9 d\u2019\u00e9quipement \u00e9lectrique \u00e9lectronique &amp; de Rebobinage","potentialAction":[{"@type":"SearchAction","target":{"@type":"EntryPoint","urlTemplate":"https:\/\/www.seeer-tn.com\/?s={search_term_string}"},"query-input":"required name=search_term_string"}],"inLanguage":"en-US"}]}},"_links":{"self":[{"href":"https:\/\/www.seeer-tn.com\/en\/wp-json\/wp\/v2\/product\/13698","targetHints":{"allow":["GET"]}}],"collection":[{"href":"https:\/\/www.seeer-tn.com\/en\/wp-json\/wp\/v2\/product"}],"about":[{"href":"https:\/\/www.seeer-tn.com\/en\/wp-json\/wp\/v2\/types\/product"}],"wp:featuredmedia":[{"embeddable":true,"href":"https:\/\/www.seeer-tn.com\/en\/wp-json\/wp\/v2\/media\/15415"}],"wp:attachment":[{"href":"https:\/\/www.seeer-tn.com\/en\/wp-json\/wp\/v2\/media?parent=13698"}],"wp:term":[{"taxonomy":"product_cat","embeddable":true,"href":"https:\/\/www.seeer-tn.com\/en\/wp-json\/wp\/v2\/product_cat?post=13698"},{"taxonomy":"product_tag","embeddable":true,"href":"https:\/\/www.seeer-tn.com\/en\/wp-json\/wp\/v2\/product_tag?post=13698"}],"curies":[{"name":"wp","href":"https:\/\/api.w.org\/{rel}","templated":true}]}}