{"id":13701,"date":"2022-11-08T12:52:49","date_gmt":"2022-11-08T11:52:49","guid":{"rendered":"https:\/\/www.seeer-tn.com\/?post_type=product&#038;p=13701"},"modified":"2024-09-20T16:04:16","modified_gmt":"2024-09-20T14:04:16","slug":"cht-cable","status":"publish","type":"product","link":"https:\/\/www.seeer-tn.com\/en\/produit\/cht-cable\/","title":{"rendered":"CHT Cable"},"content":{"rendered":"<div class=\"wpb-content-wrapper\"><p>[vc_row][vc_column][vc_column_text woodmart_inline=&#8221;no&#8221; text_larger=&#8221;no&#8221;]<\/p>\n<table style=\"height: 300px;\" width=\"966\">\n<tbody>\n<tr>\n<td style=\"text-align: left;\">\n<div class=\"sous-titre-prod\">Application:<\/div>\n<p style=\"text-align: justify;\">For use in stationary or mobile high-temperature environments in compliance with safety requirements Generally used for wiring heating appliances, production machinery, lighting and industrial wiring in hot environments .<\/p>\n<\/td>\n<td>\n<div class=\"sous-titre-prod\">Technical data:<\/div>\n<p style=\"text-align: justify;\">Single-core cable with flexible conductor sheathed with insulated silicone rubber and fiberglass or polyester braid (PE version).<br \/>\nBare flexible copper conductor: class 5 ( 60228 standard)<br \/>\nOperating voltage: 300 \/ 500 Volt<br \/>\nMaximum operating Temperature: -60\u00b0C to 200\u00b0C<br \/>\nTest voltage: 2000 V<\/p>\n<\/td>\n<\/tr>\n<\/tbody>\n<\/table>\n<p><a href=\"https:\/\/www.seeer-tn.com\/wp-content\/uploads\/2024\/02\/CHT-Cable_compressed.pdf\" target=\"_blank\" rel=\"noopener\"><img loading=\"lazy\" decoding=\"async\" class=\"alignnone wp-image-7324\" src=\"https:\/\/www.seeer-tn.com\/wp-content\/uploads\/2022\/10\/PDF_file_icon.jpg\" alt=\"\" width=\"46\" height=\"57\" \/> Download PDF file<\/a>[\/vc_column_text][\/vc_column][\/vc_row]<\/p>\n<\/div>","protected":false},"excerpt":{"rendered":"<p>&nbsp;<\/p>\n<table>\n<tbody>\n<tr style=\"height: 16px;\">\n<td rowspan=\"3\" width=\"64\"><strong><span style=\"color: #007bc4;\">Model<\/span><\/strong><\/td>\n<td colspan=\"6\" width=\"419\"><span style=\"color: #007bc4;\"><strong>Dimensional specifications<\/strong> <\/span><\/td>\n<td colspan=\"2\" rowspan=\"2\" width=\"154\"><strong><span style=\"color: #007bc4;\">Electrical specifications<\/span><\/strong><\/td>\n<td rowspan=\"3\" width=\"62\"><strong><span style=\"color: #007bc4;\">Weight<br \/>\n(Kg\/Km)<\/span><\/strong><\/td>\n<\/tr>\n<tr style=\"height: 20px;\">\n<td colspan=\"3\" width=\"224\"><strong>Conductor<\/strong><\/td>\n<td colspan=\"3\" width=\"195\"><strong>Insulator<\/strong><\/td>\n<\/tr>\n<tr style=\"height: 20px;\">\n<td width=\"58\"><strong><span style=\"color: #007bc4;\">Section<br \/>\n(mm<sup>2<\/sup>)<\/span><\/strong><\/td>\n<td width=\"94\"><strong><span style=\"color: #007bc4;\">Composition n x \u00d8 (mm)<\/span><\/strong><\/td>\n<td width=\"72\"><strong><span style=\"color: #007bc4;\">Diameter (mm)<\/span><\/strong><\/td>\n<td width=\"73\"><strong><span style=\"color: #007bc4;\">Insulator thickness (mm)<\/span><\/strong><\/td>\n<td width=\"53\"><strong><span style=\"color: #007bc4;\">\u00d8 Core (mm)<\/span><\/strong><\/p>\n<p>&nbsp;<\/td>\n<td width=\"70\"><span style=\"color: #007bc4;\"><strong>\u00d8 Exterior (mm)<\/strong><\/span><\/td>\n<td width=\"80\"><span style=\"color: #007bc4;\"><strong>Max.resistance at 20\u00b0C (ohm\/Km)<\/strong><\/span><\/td>\n<td width=\"74\"><span style=\"color: #007bc4;\"><strong>Maximum intensity at 20\u00b0C \u0394T +50\u00b0 Ampere<\/strong><br \/>\n<\/span><\/td>\n<\/tr>\n<tr style=\"background-color: #dfdfdf;\">\n<td width=\"64\"><span style=\"color: #666666;\"><strong>CHT0.25<\/strong><\/span><\/td>\n<td width=\"58\"><span style=\"color: #666666;\">0,25<\/span><\/td>\n<td width=\"94\"><span style=\"color: #666666;\">8 x 0,20<\/span><\/td>\n<td width=\"72\"><span style=\"color: #666666;\">0,7<\/span><\/td>\n<td width=\"73\"><span style=\"color: #666666;\">0,45<\/span><\/td>\n<td width=\"53\"><span style=\"color: #666666;\">1,6<\/span><\/td>\n<td width=\"70\"><span style=\"color: #666666;\">1,9<\/span><\/td>\n<td width=\"80\"><span style=\"color: #666666;\">81<\/span><\/td>\n<td width=\"74\"><span style=\"color: #666666;\">5<\/span><\/td>\n<td width=\"62\"><span style=\"color: #666666;\">6,5<\/span><\/td>\n<\/tr>\n<tr style=\"background-color: #fefefe;\">\n<td width=\"64\"><span style=\"color: #666666;\"><strong>CH0.35<\/strong><\/span><\/td>\n<td width=\"58\"><span style=\"color: #666666;\">0,35<\/span><\/td>\n<td width=\"94\"><span style=\"color: #666666;\">11 x 0,20<\/span><\/td>\n<td width=\"72\"><span style=\"color: #666666;\">0,8<\/span><\/td>\n<td width=\"73\"><span style=\"color: #666666;\">0,5<\/span><\/td>\n<td width=\"53\"><span style=\"color: #666666;\">1,8<\/span><\/td>\n<td width=\"70\"><span style=\"color: #666666;\">2,1<\/span><\/td>\n<td width=\"80\"><span style=\"color: #666666;\">56,5<\/span><\/td>\n<td width=\"74\"><span style=\"color: #666666;\">8<\/span><\/td>\n<td width=\"62\"><span style=\"color: #666666;\">7,7<\/span><\/td>\n<\/tr>\n<tr style=\"background-color: #dfdfdf;\">\n<td width=\"64\"><span style=\"color: #666666;\"><strong>CHT0.5<\/strong><\/span><\/td>\n<td width=\"58\"><span style=\"color: #666666;\">0,5<\/span><\/td>\n<td width=\"94\"><span style=\"color: #666666;\">16 x 0,20<\/span><\/td>\n<td width=\"72\"><span style=\"color: #666666;\">0,9<\/span><\/td>\n<td width=\"73\"><span style=\"color: #666666;\">0,55<\/span><\/td>\n<td width=\"53\"><span style=\"color: #666666;\">2<\/span><\/td>\n<td width=\"70\"><span style=\"color: #666666;\">2,3<\/span><\/td>\n<td width=\"80\"><span style=\"color: #666666;\">39<\/span><\/td>\n<td width=\"74\"><span style=\"color: #666666;\">12<\/span><\/td>\n<td width=\"62\"><span style=\"color: #666666;\">9,7<\/span><\/td>\n<\/tr>\n<tr style=\"background-color: #fefefe;\">\n<td width=\"64\"><span style=\"color: #666666;\"><strong>CH0.75<\/strong><\/span><\/td>\n<td width=\"58\"><span style=\"color: #666666;\">0,75<\/span><\/td>\n<td width=\"94\"><span style=\"color: #666666;\">24 x 0,20<\/span><\/td>\n<td width=\"72\"><span style=\"color: #666666;\">1,2<\/span><\/td>\n<td width=\"73\"><span style=\"color: #666666;\">0,55<\/span><\/td>\n<td width=\"53\"><span style=\"color: #666666;\">2,3<\/span><\/td>\n<td width=\"70\"><span style=\"color: #666666;\">2,6<\/span><\/td>\n<td width=\"80\"><span style=\"color: #666666;\">26<\/span><\/td>\n<td width=\"74\"><span style=\"color: #666666;\">15<\/span><\/td>\n<td width=\"62\"><span style=\"color: #666666;\">13,2<\/span><\/td>\n<\/tr>\n<tr style=\"background-color: #dfdfdf;\">\n<td width=\"64\"><span style=\"color: #007bc4;\"><strong>CHT1<\/strong><\/span><\/td>\n<td width=\"58\">1<\/td>\n<td width=\"94\">32 x 0,20<\/td>\n<td width=\"72\">1,3<\/td>\n<td width=\"73\">0,55<\/td>\n<td width=\"53\">2,4<\/td>\n<td width=\"70\">2,7<\/td>\n<td width=\"80\">19,5<\/td>\n<td width=\"74\">17<\/td>\n<td width=\"62\">15,6<\/td>\n<\/tr>\n<tr style=\"background-color: #fefefe;\">\n<td width=\"64\"><span style=\"color: #666666;\"><strong>CHT1.23<\/strong><\/span><\/td>\n<td width=\"58\"><span style=\"color: #666666;\">1,227<\/span><\/td>\n<td width=\"94\"><span style=\"color: #666666;\">25 x 0,25<\/span><\/td>\n<td width=\"72\"><span style=\"color: #666666;\">1,4<\/span><\/td>\n<td width=\"73\"><span style=\"color: #666666;\">0,5<\/span><\/td>\n<td width=\"53\"><span style=\"color: #666666;\">2,4<\/span><\/td>\n<td width=\"70\"><span style=\"color: #666666;\">2,7<\/span><\/td>\n<td width=\"80\"><span style=\"color: #666666;\">14,61<\/span><\/td>\n<td width=\"74\"><span style=\"color: #666666;\">20<\/span><\/td>\n<td width=\"62\"><span style=\"color: #666666;\">16,9<\/span><\/td>\n<\/tr>\n<tr style=\"background-color: #dfdfdf;\">\n<td width=\"64\"><span style=\"color: #007bc4;\"><strong>CHT1.5<\/strong><\/span><\/td>\n<td width=\"58\">1,5<\/td>\n<td width=\"94\">30 x 0,25<\/td>\n<td width=\"72\">1,6<\/td>\n<td width=\"73\">0,55<\/td>\n<td width=\"53\">2,7<\/td>\n<td width=\"70\">3<\/td>\n<td width=\"80\">13,3<\/td>\n<td width=\"74\">23<\/td>\n<td width=\"62\">20,8<\/td>\n<\/tr>\n<tr style=\"background-color: #fefefe;\">\n<td width=\"64\"><span style=\"color: #666666;\"><strong>CHT2<\/strong><\/span><\/td>\n<td width=\"58\"><span style=\"color: #666666;\">2<\/span><\/td>\n<td width=\"94\"><span style=\"color: #666666;\">40 x 0,25<\/span><\/td>\n<td width=\"72\"><span style=\"color: #666666;\">1,8<\/span><\/td>\n<td width=\"73\"><span style=\"color: #666666;\">0,6<\/span><\/td>\n<td width=\"53\"><span style=\"color: #666666;\">3<\/span><\/td>\n<td width=\"70\"><span style=\"color: #666666;\">3,3<\/span><\/td>\n<td width=\"80\"><span style=\"color: #666666;\">9,75<\/span><\/td>\n<td width=\"74\"><span style=\"color: #666666;\">28<\/span><\/td>\n<td width=\"62\"><span style=\"color: #666666;\">27,7<\/span><\/td>\n<\/tr>\n<tr style=\"background-color: #dfdfdf;\">\n<td width=\"64\"><span style=\"color: #007bc4;\"><strong>CHT2.5<\/strong><\/span><\/td>\n<td width=\"58\">2,5<\/td>\n<td width=\"94\">50 x 0,25<\/td>\n<td width=\"72\">2<\/td>\n<td width=\"73\">0,65<\/td>\n<td width=\"53\">3,3<\/td>\n<td width=\"70\">3,6<\/td>\n<td width=\"80\">7,98<\/td>\n<td width=\"74\">33<\/td>\n<td width=\"62\">32,9<\/td>\n<\/tr>\n<tr style=\"background-color: #fefefe;\">\n<td width=\"64\"><span style=\"color: #666666;\"><strong>CHT3<\/strong><\/span><\/td>\n<td width=\"58\"><span style=\"color: #666666;\">3<\/span><\/td>\n<td width=\"94\"><span style=\"color: #666666;\">60 x 0,25<\/span><\/td>\n<td width=\"72\"><span style=\"color: #666666;\">2,2<\/span><\/td>\n<td width=\"73\"><span style=\"color: #666666;\">0,7<\/span><\/td>\n<td width=\"53\"><span style=\"color: #666666;\">3,6<\/span><\/td>\n<td width=\"70\"><span style=\"color: #666666;\">3,9<\/span><\/td>\n<td width=\"80\"><span style=\"color: #666666;\">6,5<\/span><\/td>\n<td width=\"74\"><span style=\"color: #666666;\">37<\/span><\/td>\n<td width=\"62\"><span style=\"color: #666666;\">40<\/span><\/td>\n<\/tr>\n<tr style=\"background-color: #dfdfdf;\">\n<td width=\"64\"><span style=\"color: #007bc4;\"><strong>CHT4<\/strong><\/span><\/td>\n<td width=\"58\">4<\/td>\n<td width=\"94\">56 x 0,30<\/td>\n<td width=\"72\">2,7<\/td>\n<td width=\"73\">0,7<\/td>\n<td width=\"53\">4,1<\/td>\n<td width=\"70\">4,5<\/td>\n<td width=\"80\">4,95<\/td>\n<td width=\"74\">41<\/td>\n<td width=\"62\">53,3<\/td>\n<\/tr>\n<tr style=\"background-color: #fefefe;\">\n<td width=\"64\"><span style=\"color: #007bc4;\"><strong>CHT6<\/strong><\/span><\/td>\n<td width=\"58\">6<\/td>\n<td width=\"94\">84 x 0,30<\/td>\n<td width=\"72\">3,3<\/td>\n<td width=\"73\">0,8<\/td>\n<td width=\"53\">4,9<\/td>\n<td width=\"70\">5,3<\/td>\n<td width=\"80\">3,3<\/td>\n<td width=\"74\">50<\/td>\n<td width=\"62\">77<\/td>\n<\/tr>\n<tr style=\"background-color: #dfdfdf;\">\n<td width=\"64\"><span style=\"color: #666666;\"><strong>CHT10<\/strong><\/span><\/td>\n<td width=\"58\"><span style=\"color: #666666;\">10<\/span><\/td>\n<td width=\"94\"><span style=\"color: #666666;\">80 x 0,40<\/span><\/td>\n<td width=\"72\"><span style=\"color: #666666;\">4,4<\/span><\/td>\n<td width=\"73\"><span style=\"color: #666666;\">1,1<\/span><\/td>\n<td width=\"53\"><span style=\"color: #666666;\">6,6<\/span><\/td>\n<td width=\"70\"><span style=\"color: #666666;\">7,1<\/span><\/td>\n<td width=\"80\"><span style=\"color: #666666;\">1,91<\/span><\/td>\n<td width=\"74\"><span style=\"color: #666666;\">80<\/span><\/td>\n<td width=\"62\"><span style=\"color: #666666;\">132<\/span><\/td>\n<\/tr>\n<tr style=\"background-color: #fefefe;\">\n<td width=\"64\"><span style=\"color: #666666;\"><strong>CHT16<\/strong><\/span><\/td>\n<td width=\"58\"><span style=\"color: #666666;\">16<\/span><\/td>\n<td width=\"94\"><span style=\"color: #666666;\">126 x 0,40<\/span><\/td>\n<td width=\"72\"><span style=\"color: #666666;\">5,5<\/span><\/td>\n<td width=\"73\"><span style=\"color: #666666;\">1,05<\/span><\/td>\n<td width=\"53\"><span style=\"color: #666666;\">7,6<\/span><\/td>\n<td width=\"70\"><span style=\"color: #666666;\">8,1<\/span><\/td>\n<td width=\"80\"><span style=\"color: #666666;\">1,21<\/span><\/td>\n<td width=\"74\"><span style=\"color: #666666;\">100<\/span><\/td>\n<td width=\"62\"><span style=\"color: #666666;\">191<\/span><\/td>\n<\/tr>\n<tr style=\"background-color: #dfdfdf;\">\n<td width=\"64\"><span style=\"color: #666666;\"><strong>CHT25<\/strong><\/span><\/td>\n<td width=\"58\"><span style=\"color: #666666;\">25<\/span><\/td>\n<td width=\"94\"><span style=\"color: #666666;\">196 x 0,40<\/span><\/td>\n<td width=\"72\"><span style=\"color: #666666;\">6,8<\/span><\/td>\n<td width=\"73\"><span style=\"color: #666666;\">1,5<\/span><\/td>\n<td width=\"53\"><span style=\"color: #666666;\">9,8<\/span><\/td>\n<td width=\"70\"><span style=\"color: #666666;\">10,3<\/span><\/td>\n<td width=\"80\"><span style=\"color: #666666;\">0,78<\/span><\/td>\n<td width=\"74\"><span style=\"color: #666666;\">145<\/span><\/td>\n<td width=\"62\"><span style=\"color: #666666;\">310<\/span><\/td>\n<\/tr>\n<\/tbody>\n<\/table>\n<p><strong><span style=\"color: #007bc4;\">Note:<\/span><\/strong> Gray references will be available upon request.<\/p>\n","protected":false},"featured_media":7981,"template":"","meta":[],"product_cat":[98],"product_tag":[],"class_list":["post-13701","product","type-product","status-publish","has-post-thumbnail","hentry","product_cat-high-temperature-cable"],"acf":[],"yoast_head":"<!-- This site is optimized with the Yoast SEO plugin v23.3 - https:\/\/yoast.com\/wordpress\/plugins\/seo\/ -->\n<title>CHT Cable | SEEER<\/title>\n<meta name=\"description\" content=\"&nbsp;    Model Dimensional specifications  Electrical specifications Weight (Kg\/Km)   Conductor Insulator   Section (mm2) Composition n x \u00d8 (mm) Diameter (mm) Insulator thickness (mm) \u00d8 Core (mm)  &nbsp; \u00d8 Exterior (mm) Max.resistance at 20\u00b0C (ohm\/Km) Maximum intensity at 20\u00b0C \u0394T +50\u00b0 Ampere    CHT0.25 0,25 8 x 0,20 0,7 0,45 1,6 1,9 81 5 6,5   CH0.35 0,35 11 x 0,20 0,8 0,5 1,8 2,1 56,5 8 7,7   CHT0.5 0,5 16 x 0,20 0,9 0,55 2 2,3 39 12 9,7   CH0.75 0,75 24 x 0,20 1,2 0,55 2,3 2,6 26 15 13,2   CHT1 1 32 x 0,20 1,3 0,55 2,4 2,7 19,5 17 15,6   CHT1.23 1,227 25 x 0,25 1,4 0,5 2,4 2,7 14,61 20 16,9   CHT1.5 1,5 30 x 0,25 1,6 0,55 2,7 3 13,3 23 20,8   CHT2 2 40 x 0,25 1,8 0,6 3 3,3 9,75 28 27,7   CHT2.5 2,5 50 x 0,25 2 0,65 3,3 3,6 7,98 33 32,9   CHT3 3 60 x 0,25 2,2 0,7 3,6 3,9 6,5 37 40   CHT4 4 56 x 0,30 2,7 0,7 4,1 4,5 4,95 41 53,3   CHT6 6 84 x 0,30 3,3 0,8 4,9 5,3 3,3 50 77   CHT10 10 80 x 0,40 4,4 1,1 6,6 7,1 1,91 80 132   CHT16 16 126 x 0,40 5,5 1,05 7,6 8,1 1,21 100 191   CHT25 25 196 x 0,40 6,8 1,5 9,8 10,3 0,78 145 310    Note: Gray references will be available upon request.\" \/>\n<meta name=\"robots\" content=\"index, follow, max-snippet:-1, max-image-preview:large, max-video-preview:-1\" \/>\n<link rel=\"canonical\" href=\"https:\/\/www.seeer-tn.com\/en\/produit\/cht-cable\/\" \/>\n<meta property=\"og:locale\" content=\"en_US\" \/>\n<meta property=\"og:type\" content=\"article\" \/>\n<meta property=\"og:title\" content=\"CHT Cable | SEEER\" \/>\n<meta property=\"og:description\" content=\"&nbsp;    Model Dimensional specifications  Electrical specifications Weight (Kg\/Km)   Conductor Insulator   Section (mm2) Composition n x \u00d8 (mm) Diameter (mm) Insulator thickness (mm) \u00d8 Core (mm)  &nbsp; \u00d8 Exterior (mm) Max.resistance at 20\u00b0C (ohm\/Km) Maximum intensity at 20\u00b0C \u0394T +50\u00b0 Ampere    CHT0.25 0,25 8 x 0,20 0,7 0,45 1,6 1,9 81 5 6,5   CH0.35 0,35 11 x 0,20 0,8 0,5 1,8 2,1 56,5 8 7,7   CHT0.5 0,5 16 x 0,20 0,9 0,55 2 2,3 39 12 9,7   CH0.75 0,75 24 x 0,20 1,2 0,55 2,3 2,6 26 15 13,2   CHT1 1 32 x 0,20 1,3 0,55 2,4 2,7 19,5 17 15,6   CHT1.23 1,227 25 x 0,25 1,4 0,5 2,4 2,7 14,61 20 16,9   CHT1.5 1,5 30 x 0,25 1,6 0,55 2,7 3 13,3 23 20,8   CHT2 2 40 x 0,25 1,8 0,6 3 3,3 9,75 28 27,7   CHT2.5 2,5 50 x 0,25 2 0,65 3,3 3,6 7,98 33 32,9   CHT3 3 60 x 0,25 2,2 0,7 3,6 3,9 6,5 37 40   CHT4 4 56 x 0,30 2,7 0,7 4,1 4,5 4,95 41 53,3   CHT6 6 84 x 0,30 3,3 0,8 4,9 5,3 3,3 50 77   CHT10 10 80 x 0,40 4,4 1,1 6,6 7,1 1,91 80 132   CHT16 16 126 x 0,40 5,5 1,05 7,6 8,1 1,21 100 191   CHT25 25 196 x 0,40 6,8 1,5 9,8 10,3 0,78 145 310    Note: Gray references will be available upon request.\" \/>\n<meta property=\"og:url\" content=\"https:\/\/www.seeer-tn.com\/en\/produit\/cht-cable\/\" \/>\n<meta property=\"og:site_name\" content=\"SEEER\" \/>\n<meta property=\"article:modified_time\" content=\"2024-09-20T14:04:16+00:00\" \/>\n<meta property=\"og:image\" content=\"https:\/\/www.seeer-tn.com\/wp-content\/uploads\/2022\/11\/cht.jpg\" \/>\n\t<meta property=\"og:image:width\" content=\"1000\" \/>\n\t<meta property=\"og:image:height\" content=\"1000\" \/>\n\t<meta property=\"og:image:type\" content=\"image\/jpeg\" \/>\n<meta name=\"twitter:card\" content=\"summary_large_image\" \/>\n<meta name=\"twitter:label1\" content=\"Est. reading time\" \/>\n\t<meta name=\"twitter:data1\" content=\"1 minute\" \/>\n<script type=\"application\/ld+json\" class=\"yoast-schema-graph\">{\"@context\":\"https:\/\/schema.org\",\"@graph\":[{\"@type\":\"WebPage\",\"@id\":\"https:\/\/www.seeer-tn.com\/en\/produit\/cht-cable\/\",\"url\":\"https:\/\/www.seeer-tn.com\/en\/produit\/cht-cable\/\",\"name\":\"CHT Cable | SEEER\",\"isPartOf\":{\"@id\":\"https:\/\/www.seeer-tn.com\/#website\"},\"primaryImageOfPage\":{\"@id\":\"https:\/\/www.seeer-tn.com\/en\/produit\/cht-cable\/#primaryimage\"},\"image\":{\"@id\":\"https:\/\/www.seeer-tn.com\/en\/produit\/cht-cable\/#primaryimage\"},\"thumbnailUrl\":\"https:\/\/www.seeer-tn.com\/wp-content\/uploads\/2022\/11\/cht.jpg\",\"datePublished\":\"2022-11-08T11:52:49+00:00\",\"dateModified\":\"2024-09-20T14:04:16+00:00\",\"description\":\"&nbsp; Model Dimensional specifications Electrical specifications Weight (Kg\/Km) Conductor Insulator Section (mm2) Composition n x \u00d8 (mm) Diameter (mm) Insulator thickness (mm) \u00d8 Core (mm) &nbsp; \u00d8 Exterior (mm) Max.resistance at 20\u00b0C (ohm\/Km) Maximum intensity at 20\u00b0C \u0394T +50\u00b0 Ampere CHT0.25 0,25 8 x 0,20 0,7 0,45 1,6 1,9 81 5 6,5 CH0.35 0,35 11 x 0,20 0,8 0,5 1,8 2,1 56,5 8 7,7 CHT0.5 0,5 16 x 0,20 0,9 0,55 2 2,3 39 12 9,7 CH0.75 0,75 24 x 0,20 1,2 0,55 2,3 2,6 26 15 13,2 CHT1 1 32 x 0,20 1,3 0,55 2,4 2,7 19,5 17 15,6 CHT1.23 1,227 25 x 0,25 1,4 0,5 2,4 2,7 14,61 20 16,9 CHT1.5 1,5 30 x 0,25 1,6 0,55 2,7 3 13,3 23 20,8 CHT2 2 40 x 0,25 1,8 0,6 3 3,3 9,75 28 27,7 CHT2.5 2,5 50 x 0,25 2 0,65 3,3 3,6 7,98 33 32,9 CHT3 3 60 x 0,25 2,2 0,7 3,6 3,9 6,5 37 40 CHT4 4 56 x 0,30 2,7 0,7 4,1 4,5 4,95 41 53,3 CHT6 6 84 x 0,30 3,3 0,8 4,9 5,3 3,3 50 77 CHT10 10 80 x 0,40 4,4 1,1 6,6 7,1 1,91 80 132 CHT16 16 126 x 0,40 5,5 1,05 7,6 8,1 1,21 100 191 CHT25 25 196 x 0,40 6,8 1,5 9,8 10,3 0,78 145 310 Note: Gray references will be available upon request.\",\"breadcrumb\":{\"@id\":\"https:\/\/www.seeer-tn.com\/en\/produit\/cht-cable\/#breadcrumb\"},\"inLanguage\":\"en-US\",\"potentialAction\":[{\"@type\":\"ReadAction\",\"target\":[\"https:\/\/www.seeer-tn.com\/en\/produit\/cht-cable\/\"]}]},{\"@type\":\"ImageObject\",\"inLanguage\":\"en-US\",\"@id\":\"https:\/\/www.seeer-tn.com\/en\/produit\/cht-cable\/#primaryimage\",\"url\":\"https:\/\/www.seeer-tn.com\/wp-content\/uploads\/2022\/11\/cht.jpg\",\"contentUrl\":\"https:\/\/www.seeer-tn.com\/wp-content\/uploads\/2022\/11\/cht.jpg\",\"width\":1000,\"height\":1000,\"caption\":\"Cable CHT tunisie\"},{\"@type\":\"BreadcrumbList\",\"@id\":\"https:\/\/www.seeer-tn.com\/en\/produit\/cht-cable\/#breadcrumb\",\"itemListElement\":[{\"@type\":\"ListItem\",\"position\":1,\"name\":\"Accueil\",\"item\":\"https:\/\/www.seeer-tn.com\/en\/\"},{\"@type\":\"ListItem\",\"position\":2,\"name\":\"Boutique\",\"item\":\"https:\/\/www.seeer-tn.com\/boutique\/\"},{\"@type\":\"ListItem\",\"position\":3,\"name\":\"CHT Cable\"}]},{\"@type\":\"WebSite\",\"@id\":\"https:\/\/www.seeer-tn.com\/#website\",\"url\":\"https:\/\/www.seeer-tn.com\/\",\"name\":\"SEEER\",\"description\":\"Soci\u00e9t\u00e9 d\u2019\u00e9quipement \u00e9lectrique \u00e9lectronique &amp; de Rebobinage\",\"potentialAction\":[{\"@type\":\"SearchAction\",\"target\":{\"@type\":\"EntryPoint\",\"urlTemplate\":\"https:\/\/www.seeer-tn.com\/?s={search_term_string}\"},\"query-input\":\"required name=search_term_string\"}],\"inLanguage\":\"en-US\"}]}<\/script>\n<!-- \/ Yoast SEO plugin. -->","yoast_head_json":{"title":"CHT Cable | SEEER","description":"&nbsp;    Model Dimensional specifications  Electrical specifications Weight (Kg\/Km)   Conductor Insulator   Section (mm2) Composition n x \u00d8 (mm) Diameter (mm) Insulator thickness (mm) \u00d8 Core (mm)  &nbsp; \u00d8 Exterior (mm) Max.resistance at 20\u00b0C (ohm\/Km) Maximum intensity at 20\u00b0C \u0394T +50\u00b0 Ampere    CHT0.25 0,25 8 x 0,20 0,7 0,45 1,6 1,9 81 5 6,5   CH0.35 0,35 11 x 0,20 0,8 0,5 1,8 2,1 56,5 8 7,7   CHT0.5 0,5 16 x 0,20 0,9 0,55 2 2,3 39 12 9,7   CH0.75 0,75 24 x 0,20 1,2 0,55 2,3 2,6 26 15 13,2   CHT1 1 32 x 0,20 1,3 0,55 2,4 2,7 19,5 17 15,6   CHT1.23 1,227 25 x 0,25 1,4 0,5 2,4 2,7 14,61 20 16,9   CHT1.5 1,5 30 x 0,25 1,6 0,55 2,7 3 13,3 23 20,8   CHT2 2 40 x 0,25 1,8 0,6 3 3,3 9,75 28 27,7   CHT2.5 2,5 50 x 0,25 2 0,65 3,3 3,6 7,98 33 32,9   CHT3 3 60 x 0,25 2,2 0,7 3,6 3,9 6,5 37 40   CHT4 4 56 x 0,30 2,7 0,7 4,1 4,5 4,95 41 53,3   CHT6 6 84 x 0,30 3,3 0,8 4,9 5,3 3,3 50 77   CHT10 10 80 x 0,40 4,4 1,1 6,6 7,1 1,91 80 132   CHT16 16 126 x 0,40 5,5 1,05 7,6 8,1 1,21 100 191   CHT25 25 196 x 0,40 6,8 1,5 9,8 10,3 0,78 145 310    Note: Gray references will be available upon request.","robots":{"index":"index","follow":"follow","max-snippet":"max-snippet:-1","max-image-preview":"max-image-preview:large","max-video-preview":"max-video-preview:-1"},"canonical":"https:\/\/www.seeer-tn.com\/en\/produit\/cht-cable\/","og_locale":"en_US","og_type":"article","og_title":"CHT Cable | SEEER","og_description":"&nbsp;    Model Dimensional specifications  Electrical specifications Weight (Kg\/Km)   Conductor Insulator   Section (mm2) Composition n x \u00d8 (mm) Diameter (mm) Insulator thickness (mm) \u00d8 Core (mm)  &nbsp; \u00d8 Exterior (mm) Max.resistance at 20\u00b0C (ohm\/Km) Maximum intensity at 20\u00b0C \u0394T +50\u00b0 Ampere    CHT0.25 0,25 8 x 0,20 0,7 0,45 1,6 1,9 81 5 6,5   CH0.35 0,35 11 x 0,20 0,8 0,5 1,8 2,1 56,5 8 7,7   CHT0.5 0,5 16 x 0,20 0,9 0,55 2 2,3 39 12 9,7   CH0.75 0,75 24 x 0,20 1,2 0,55 2,3 2,6 26 15 13,2   CHT1 1 32 x 0,20 1,3 0,55 2,4 2,7 19,5 17 15,6   CHT1.23 1,227 25 x 0,25 1,4 0,5 2,4 2,7 14,61 20 16,9   CHT1.5 1,5 30 x 0,25 1,6 0,55 2,7 3 13,3 23 20,8   CHT2 2 40 x 0,25 1,8 0,6 3 3,3 9,75 28 27,7   CHT2.5 2,5 50 x 0,25 2 0,65 3,3 3,6 7,98 33 32,9   CHT3 3 60 x 0,25 2,2 0,7 3,6 3,9 6,5 37 40   CHT4 4 56 x 0,30 2,7 0,7 4,1 4,5 4,95 41 53,3   CHT6 6 84 x 0,30 3,3 0,8 4,9 5,3 3,3 50 77   CHT10 10 80 x 0,40 4,4 1,1 6,6 7,1 1,91 80 132   CHT16 16 126 x 0,40 5,5 1,05 7,6 8,1 1,21 100 191   CHT25 25 196 x 0,40 6,8 1,5 9,8 10,3 0,78 145 310    Note: Gray references will be available upon request.","og_url":"https:\/\/www.seeer-tn.com\/en\/produit\/cht-cable\/","og_site_name":"SEEER","article_modified_time":"2024-09-20T14:04:16+00:00","og_image":[{"width":1000,"height":1000,"url":"https:\/\/www.seeer-tn.com\/wp-content\/uploads\/2022\/11\/cht.jpg","type":"image\/jpeg"}],"twitter_card":"summary_large_image","twitter_misc":{"Est. reading time":"1 minute"},"schema":{"@context":"https:\/\/schema.org","@graph":[{"@type":"WebPage","@id":"https:\/\/www.seeer-tn.com\/en\/produit\/cht-cable\/","url":"https:\/\/www.seeer-tn.com\/en\/produit\/cht-cable\/","name":"CHT Cable | SEEER","isPartOf":{"@id":"https:\/\/www.seeer-tn.com\/#website"},"primaryImageOfPage":{"@id":"https:\/\/www.seeer-tn.com\/en\/produit\/cht-cable\/#primaryimage"},"image":{"@id":"https:\/\/www.seeer-tn.com\/en\/produit\/cht-cable\/#primaryimage"},"thumbnailUrl":"https:\/\/www.seeer-tn.com\/wp-content\/uploads\/2022\/11\/cht.jpg","datePublished":"2022-11-08T11:52:49+00:00","dateModified":"2024-09-20T14:04:16+00:00","description":"&nbsp; Model Dimensional specifications Electrical specifications Weight (Kg\/Km) Conductor Insulator Section (mm2) Composition n x \u00d8 (mm) Diameter (mm) Insulator thickness (mm) \u00d8 Core (mm) &nbsp; \u00d8 Exterior (mm) Max.resistance at 20\u00b0C (ohm\/Km) Maximum intensity at 20\u00b0C \u0394T +50\u00b0 Ampere CHT0.25 0,25 8 x 0,20 0,7 0,45 1,6 1,9 81 5 6,5 CH0.35 0,35 11 x 0,20 0,8 0,5 1,8 2,1 56,5 8 7,7 CHT0.5 0,5 16 x 0,20 0,9 0,55 2 2,3 39 12 9,7 CH0.75 0,75 24 x 0,20 1,2 0,55 2,3 2,6 26 15 13,2 CHT1 1 32 x 0,20 1,3 0,55 2,4 2,7 19,5 17 15,6 CHT1.23 1,227 25 x 0,25 1,4 0,5 2,4 2,7 14,61 20 16,9 CHT1.5 1,5 30 x 0,25 1,6 0,55 2,7 3 13,3 23 20,8 CHT2 2 40 x 0,25 1,8 0,6 3 3,3 9,75 28 27,7 CHT2.5 2,5 50 x 0,25 2 0,65 3,3 3,6 7,98 33 32,9 CHT3 3 60 x 0,25 2,2 0,7 3,6 3,9 6,5 37 40 CHT4 4 56 x 0,30 2,7 0,7 4,1 4,5 4,95 41 53,3 CHT6 6 84 x 0,30 3,3 0,8 4,9 5,3 3,3 50 77 CHT10 10 80 x 0,40 4,4 1,1 6,6 7,1 1,91 80 132 CHT16 16 126 x 0,40 5,5 1,05 7,6 8,1 1,21 100 191 CHT25 25 196 x 0,40 6,8 1,5 9,8 10,3 0,78 145 310 Note: Gray references will be available upon request.","breadcrumb":{"@id":"https:\/\/www.seeer-tn.com\/en\/produit\/cht-cable\/#breadcrumb"},"inLanguage":"en-US","potentialAction":[{"@type":"ReadAction","target":["https:\/\/www.seeer-tn.com\/en\/produit\/cht-cable\/"]}]},{"@type":"ImageObject","inLanguage":"en-US","@id":"https:\/\/www.seeer-tn.com\/en\/produit\/cht-cable\/#primaryimage","url":"https:\/\/www.seeer-tn.com\/wp-content\/uploads\/2022\/11\/cht.jpg","contentUrl":"https:\/\/www.seeer-tn.com\/wp-content\/uploads\/2022\/11\/cht.jpg","width":1000,"height":1000,"caption":"Cable CHT tunisie"},{"@type":"BreadcrumbList","@id":"https:\/\/www.seeer-tn.com\/en\/produit\/cht-cable\/#breadcrumb","itemListElement":[{"@type":"ListItem","position":1,"name":"Accueil","item":"https:\/\/www.seeer-tn.com\/en\/"},{"@type":"ListItem","position":2,"name":"Boutique","item":"https:\/\/www.seeer-tn.com\/boutique\/"},{"@type":"ListItem","position":3,"name":"CHT Cable"}]},{"@type":"WebSite","@id":"https:\/\/www.seeer-tn.com\/#website","url":"https:\/\/www.seeer-tn.com\/","name":"SEEER","description":"Soci\u00e9t\u00e9 d\u2019\u00e9quipement \u00e9lectrique \u00e9lectronique &amp; de Rebobinage","potentialAction":[{"@type":"SearchAction","target":{"@type":"EntryPoint","urlTemplate":"https:\/\/www.seeer-tn.com\/?s={search_term_string}"},"query-input":"required name=search_term_string"}],"inLanguage":"en-US"}]}},"_links":{"self":[{"href":"https:\/\/www.seeer-tn.com\/en\/wp-json\/wp\/v2\/product\/13701","targetHints":{"allow":["GET"]}}],"collection":[{"href":"https:\/\/www.seeer-tn.com\/en\/wp-json\/wp\/v2\/product"}],"about":[{"href":"https:\/\/www.seeer-tn.com\/en\/wp-json\/wp\/v2\/types\/product"}],"wp:featuredmedia":[{"embeddable":true,"href":"https:\/\/www.seeer-tn.com\/en\/wp-json\/wp\/v2\/media\/7981"}],"wp:attachment":[{"href":"https:\/\/www.seeer-tn.com\/en\/wp-json\/wp\/v2\/media?parent=13701"}],"wp:term":[{"taxonomy":"product_cat","embeddable":true,"href":"https:\/\/www.seeer-tn.com\/en\/wp-json\/wp\/v2\/product_cat?post=13701"},{"taxonomy":"product_tag","embeddable":true,"href":"https:\/\/www.seeer-tn.com\/en\/wp-json\/wp\/v2\/product_tag?post=13701"}],"curies":[{"name":"wp","href":"https:\/\/api.w.org\/{rel}","templated":true}]}}