{"id":13709,"date":"2023-08-07T12:19:32","date_gmt":"2023-08-07T10:19:32","guid":{"rendered":"https:\/\/www.seeer-tn.com\/?post_type=product&#038;p=13709"},"modified":"2024-09-21T09:24:15","modified_gmt":"2024-09-21T07:24:15","slug":"terminal-board-covers-cpf","status":"publish","type":"product","link":"https:\/\/www.seeer-tn.com\/en\/produit\/terminal-board-covers-cpf\/","title":{"rendered":"Terminal board covers  CPf"},"content":{"rendered":"<div class=\"wpb-content-wrapper\"><p>[vc_row][vc_column][vc_column_text woodmart_inline=&#8221;no&#8221; text_larger=&#8221;no&#8221;]<a href=\"https:\/\/www.seeer-tn.com\/wp-content\/uploads\/2024\/01\/CPf_compressed-1-1.pdf\" target=\"_blank\" rel=\"noopener\"><img loading=\"lazy\" decoding=\"async\" class=\"alignnone wp-image-7324\" src=\"https:\/\/www.seeer-tn.com\/wp-content\/uploads\/2022\/10\/PDF_file_icon.jpg\" alt=\"\" width=\"35\" height=\"43\" \/> Download PDF file<\/a>[\/vc_column_text][\/vc_column][\/vc_row]<\/p>\n<\/div>","protected":false},"excerpt":{"rendered":"<table>\n<tbody>\n<tr style=\"height: 56px;\">\n<td width=\"78\"><strong><span style=\"color: #007bc4;\"> Model<\/span><\/strong><\/td>\n<td width=\"26\"><strong><span style=\"color: #007bc4;\"> A<\/span><\/strong><\/td>\n<td width=\"26\"><strong><span style=\"color: #007bc4;\"> B<\/span><\/strong><\/td>\n<td width=\"26\"><strong><span style=\"color: #007bc4;\"> C<\/span><\/strong><\/td>\n<td width=\"26\"><strong><span style=\"color: #007bc4;\"> D<\/span><\/strong><\/td>\n<td width=\"26\"><strong><span style=\"color: #007bc4;\"> E<\/span><\/strong><\/td>\n<td width=\"91\"><strong><span style=\"color: #007bc4;\"> 1<\/span><\/strong><\/td>\n<td width=\"79\"><strong><span style=\"color: #007bc4;\"> 2<\/span><\/strong><\/td>\n<\/tr>\n<tr style=\"background-color: #dfdfdf;\">\n<td width=\"78\"><strong><span style=\"color: #007bc4;\"> CP50-56<\/span><\/strong><\/td>\n<td width=\"26\">57<\/td>\n<td width=\"26\">57<\/td>\n<td width=\"26\">45<\/td>\n<td width=\"26\">45<\/td>\n<td width=\"26\">25<\/td>\n<td width=\"91\">GAS 3\/8<\/td>\n<td width=\"79\">*<\/td>\n<\/tr>\n<tr style=\"background-color: #fefefe;\">\n<td width=\"78\"><strong><span style=\"color: #007bc4;\"> CP63-71<\/span><\/strong><\/td>\n<td width=\"26\">63<\/td>\n<td width=\"26\">63<\/td>\n<td width=\"26\">52<\/td>\n<td width=\"26\">52<\/td>\n<td width=\"26\">30<\/td>\n<td width=\"91\">GAS 3\/8<\/td>\n<td width=\"79\">*<\/td>\n<\/tr>\n<tr style=\"background-color: #dfdfdf;\">\n<td width=\"78\"><strong><span style=\"color: #007bc4;\"> CP80-90 <\/span><\/strong><\/td>\n<td width=\"26\">78<\/td>\n<td width=\"26\">78<\/td>\n<td width=\"26\">65<\/td>\n<td width=\"26\">65<\/td>\n<td width=\"26\">33<\/td>\n<td width=\"91\">*<\/td>\n<td width=\"79\">GAS 3\/8<\/td>\n<\/tr>\n<\/tbody>\n<\/table>\n<p>&nbsp;<\/p>\n<p>&nbsp;<\/p>\n","protected":false},"featured_media":7987,"template":"","meta":[],"product_cat":[94],"product_tag":[],"class_list":["post-13709","product","type-product","status-publish","has-post-thumbnail","hentry","product_cat-terminal-board-covers"],"acf":[],"yoast_head":"<!-- This site is optimized with the Yoast SEO plugin v23.3 - https:\/\/yoast.com\/wordpress\/plugins\/seo\/ -->\n<title>Terminal board covers CPf | SEEER<\/title>\n<meta name=\"description\" content=\"Model  A  B  C  D  E  1  2    CP50-56 57 57 45 45 25 GAS 3\/8 *    CP63-71 63 63 52 52 30 GAS 3\/8 *    CP80-90  78 78 65 65 33 * GAS 3\/8    &nbsp;  &nbsp;\" \/>\n<meta name=\"robots\" content=\"index, follow, max-snippet:-1, max-image-preview:large, max-video-preview:-1\" \/>\n<link rel=\"canonical\" href=\"https:\/\/www.seeer-tn.com\/en\/produit\/terminal-board-covers-cpf\/\" \/>\n<meta property=\"og:locale\" content=\"en_US\" \/>\n<meta property=\"og:type\" content=\"article\" \/>\n<meta property=\"og:title\" content=\"Terminal board covers CPf | SEEER\" \/>\n<meta property=\"og:description\" content=\"Model  A  B  C  D  E  1  2    CP50-56 57 57 45 45 25 GAS 3\/8 *    CP63-71 63 63 52 52 30 GAS 3\/8 *    CP80-90  78 78 65 65 33 * GAS 3\/8    &nbsp;  &nbsp;\" \/>\n<meta property=\"og:url\" content=\"https:\/\/www.seeer-tn.com\/en\/produit\/terminal-board-covers-cpf\/\" \/>\n<meta property=\"og:site_name\" content=\"SEEER\" \/>\n<meta property=\"article:modified_time\" content=\"2024-09-21T07:24:15+00:00\" \/>\n<meta property=\"og:image\" content=\"https:\/\/www.seeer-tn.com\/wp-content\/uploads\/2023\/08\/cpf.jpg\" \/>\n\t<meta property=\"og:image:width\" content=\"1000\" \/>\n\t<meta property=\"og:image:height\" content=\"1000\" \/>\n\t<meta property=\"og:image:type\" content=\"image\/jpeg\" \/>\n<meta name=\"twitter:card\" content=\"summary_large_image\" \/>\n<meta name=\"twitter:label1\" content=\"Est. reading time\" \/>\n\t<meta name=\"twitter:data1\" content=\"1 minute\" \/>\n<script type=\"application\/ld+json\" class=\"yoast-schema-graph\">{\"@context\":\"https:\/\/schema.org\",\"@graph\":[{\"@type\":\"WebPage\",\"@id\":\"https:\/\/www.seeer-tn.com\/en\/produit\/terminal-board-covers-cpf\/\",\"url\":\"https:\/\/www.seeer-tn.com\/en\/produit\/terminal-board-covers-cpf\/\",\"name\":\"Terminal board covers CPf | SEEER\",\"isPartOf\":{\"@id\":\"https:\/\/www.seeer-tn.com\/#website\"},\"primaryImageOfPage\":{\"@id\":\"https:\/\/www.seeer-tn.com\/en\/produit\/terminal-board-covers-cpf\/#primaryimage\"},\"image\":{\"@id\":\"https:\/\/www.seeer-tn.com\/en\/produit\/terminal-board-covers-cpf\/#primaryimage\"},\"thumbnailUrl\":\"https:\/\/www.seeer-tn.com\/wp-content\/uploads\/2023\/08\/cpf.jpg\",\"datePublished\":\"2023-08-07T10:19:32+00:00\",\"dateModified\":\"2024-09-21T07:24:15+00:00\",\"description\":\"Model A B C D E 1 2 CP50-56 57 57 45 45 25 GAS 3\/8 * CP63-71 63 63 52 52 30 GAS 3\/8 * CP80-90 78 78 65 65 33 * GAS 3\/8 &nbsp; &nbsp;\",\"breadcrumb\":{\"@id\":\"https:\/\/www.seeer-tn.com\/en\/produit\/terminal-board-covers-cpf\/#breadcrumb\"},\"inLanguage\":\"en-US\",\"potentialAction\":[{\"@type\":\"ReadAction\",\"target\":[\"https:\/\/www.seeer-tn.com\/en\/produit\/terminal-board-covers-cpf\/\"]}]},{\"@type\":\"ImageObject\",\"inLanguage\":\"en-US\",\"@id\":\"https:\/\/www.seeer-tn.com\/en\/produit\/terminal-board-covers-cpf\/#primaryimage\",\"url\":\"https:\/\/www.seeer-tn.com\/wp-content\/uploads\/2023\/08\/cpf.jpg\",\"contentUrl\":\"https:\/\/www.seeer-tn.com\/wp-content\/uploads\/2023\/08\/cpf.jpg\",\"width\":1000,\"height\":1000,\"caption\":\"Cache plaques \u00e0 bornes CP54 tunisie\"},{\"@type\":\"BreadcrumbList\",\"@id\":\"https:\/\/www.seeer-tn.com\/en\/produit\/terminal-board-covers-cpf\/#breadcrumb\",\"itemListElement\":[{\"@type\":\"ListItem\",\"position\":1,\"name\":\"Accueil\",\"item\":\"https:\/\/www.seeer-tn.com\/en\/\"},{\"@type\":\"ListItem\",\"position\":2,\"name\":\"Boutique\",\"item\":\"https:\/\/www.seeer-tn.com\/boutique\/\"},{\"@type\":\"ListItem\",\"position\":3,\"name\":\"Terminal board covers CPf\"}]},{\"@type\":\"WebSite\",\"@id\":\"https:\/\/www.seeer-tn.com\/#website\",\"url\":\"https:\/\/www.seeer-tn.com\/\",\"name\":\"SEEER\",\"description\":\"Soci\u00e9t\u00e9 d\u2019\u00e9quipement \u00e9lectrique \u00e9lectronique &amp; de Rebobinage\",\"potentialAction\":[{\"@type\":\"SearchAction\",\"target\":{\"@type\":\"EntryPoint\",\"urlTemplate\":\"https:\/\/www.seeer-tn.com\/?s={search_term_string}\"},\"query-input\":\"required name=search_term_string\"}],\"inLanguage\":\"en-US\"}]}<\/script>\n<!-- \/ Yoast SEO plugin. -->","yoast_head_json":{"title":"Terminal board covers CPf | SEEER","description":"Model  A  B  C  D  E  1  2    CP50-56 57 57 45 45 25 GAS 3\/8 *    CP63-71 63 63 52 52 30 GAS 3\/8 *    CP80-90  78 78 65 65 33 * GAS 3\/8    &nbsp;  &nbsp;","robots":{"index":"index","follow":"follow","max-snippet":"max-snippet:-1","max-image-preview":"max-image-preview:large","max-video-preview":"max-video-preview:-1"},"canonical":"https:\/\/www.seeer-tn.com\/en\/produit\/terminal-board-covers-cpf\/","og_locale":"en_US","og_type":"article","og_title":"Terminal board covers CPf | SEEER","og_description":"Model  A  B  C  D  E  1  2    CP50-56 57 57 45 45 25 GAS 3\/8 *    CP63-71 63 63 52 52 30 GAS 3\/8 *    CP80-90  78 78 65 65 33 * GAS 3\/8    &nbsp;  &nbsp;","og_url":"https:\/\/www.seeer-tn.com\/en\/produit\/terminal-board-covers-cpf\/","og_site_name":"SEEER","article_modified_time":"2024-09-21T07:24:15+00:00","og_image":[{"width":1000,"height":1000,"url":"https:\/\/www.seeer-tn.com\/wp-content\/uploads\/2023\/08\/cpf.jpg","type":"image\/jpeg"}],"twitter_card":"summary_large_image","twitter_misc":{"Est. reading time":"1 minute"},"schema":{"@context":"https:\/\/schema.org","@graph":[{"@type":"WebPage","@id":"https:\/\/www.seeer-tn.com\/en\/produit\/terminal-board-covers-cpf\/","url":"https:\/\/www.seeer-tn.com\/en\/produit\/terminal-board-covers-cpf\/","name":"Terminal board covers CPf | SEEER","isPartOf":{"@id":"https:\/\/www.seeer-tn.com\/#website"},"primaryImageOfPage":{"@id":"https:\/\/www.seeer-tn.com\/en\/produit\/terminal-board-covers-cpf\/#primaryimage"},"image":{"@id":"https:\/\/www.seeer-tn.com\/en\/produit\/terminal-board-covers-cpf\/#primaryimage"},"thumbnailUrl":"https:\/\/www.seeer-tn.com\/wp-content\/uploads\/2023\/08\/cpf.jpg","datePublished":"2023-08-07T10:19:32+00:00","dateModified":"2024-09-21T07:24:15+00:00","description":"Model A B C D E 1 2 CP50-56 57 57 45 45 25 GAS 3\/8 * CP63-71 63 63 52 52 30 GAS 3\/8 * CP80-90 78 78 65 65 33 * GAS 3\/8 &nbsp; &nbsp;","breadcrumb":{"@id":"https:\/\/www.seeer-tn.com\/en\/produit\/terminal-board-covers-cpf\/#breadcrumb"},"inLanguage":"en-US","potentialAction":[{"@type":"ReadAction","target":["https:\/\/www.seeer-tn.com\/en\/produit\/terminal-board-covers-cpf\/"]}]},{"@type":"ImageObject","inLanguage":"en-US","@id":"https:\/\/www.seeer-tn.com\/en\/produit\/terminal-board-covers-cpf\/#primaryimage","url":"https:\/\/www.seeer-tn.com\/wp-content\/uploads\/2023\/08\/cpf.jpg","contentUrl":"https:\/\/www.seeer-tn.com\/wp-content\/uploads\/2023\/08\/cpf.jpg","width":1000,"height":1000,"caption":"Cache plaques \u00e0 bornes CP54 tunisie"},{"@type":"BreadcrumbList","@id":"https:\/\/www.seeer-tn.com\/en\/produit\/terminal-board-covers-cpf\/#breadcrumb","itemListElement":[{"@type":"ListItem","position":1,"name":"Accueil","item":"https:\/\/www.seeer-tn.com\/en\/"},{"@type":"ListItem","position":2,"name":"Boutique","item":"https:\/\/www.seeer-tn.com\/boutique\/"},{"@type":"ListItem","position":3,"name":"Terminal board covers CPf"}]},{"@type":"WebSite","@id":"https:\/\/www.seeer-tn.com\/#website","url":"https:\/\/www.seeer-tn.com\/","name":"SEEER","description":"Soci\u00e9t\u00e9 d\u2019\u00e9quipement \u00e9lectrique \u00e9lectronique &amp; de Rebobinage","potentialAction":[{"@type":"SearchAction","target":{"@type":"EntryPoint","urlTemplate":"https:\/\/www.seeer-tn.com\/?s={search_term_string}"},"query-input":"required name=search_term_string"}],"inLanguage":"en-US"}]}},"_links":{"self":[{"href":"https:\/\/www.seeer-tn.com\/en\/wp-json\/wp\/v2\/product\/13709","targetHints":{"allow":["GET"]}}],"collection":[{"href":"https:\/\/www.seeer-tn.com\/en\/wp-json\/wp\/v2\/product"}],"about":[{"href":"https:\/\/www.seeer-tn.com\/en\/wp-json\/wp\/v2\/types\/product"}],"wp:featuredmedia":[{"embeddable":true,"href":"https:\/\/www.seeer-tn.com\/en\/wp-json\/wp\/v2\/media\/7987"}],"wp:attachment":[{"href":"https:\/\/www.seeer-tn.com\/en\/wp-json\/wp\/v2\/media?parent=13709"}],"wp:term":[{"taxonomy":"product_cat","embeddable":true,"href":"https:\/\/www.seeer-tn.com\/en\/wp-json\/wp\/v2\/product_cat?post=13709"},{"taxonomy":"product_tag","embeddable":true,"href":"https:\/\/www.seeer-tn.com\/en\/wp-json\/wp\/v2\/product_tag?post=13709"}],"curies":[{"name":"wp","href":"https:\/\/api.w.org\/{rel}","templated":true}]}}