{"id":13714,"date":"2023-08-08T11:43:44","date_gmt":"2023-08-08T09:43:44","guid":{"rendered":"https:\/\/www.seeer-tn.com\/?post_type=product&#038;p=13714"},"modified":"2024-09-20T13:02:51","modified_gmt":"2024-09-20T11:02:51","slug":"fan-cover-cv","status":"publish","type":"product","link":"https:\/\/www.seeer-tn.com\/en\/produit\/fan-cover-cv\/","title":{"rendered":"Fan cover CV"},"content":{"rendered":"<div class=\"wpb-content-wrapper\"><p>[vc_row][vc_column][vc_column_text woodmart_inline=&#8221;no&#8221; text_larger=&#8221;no&#8221;]<a href=\"https:\/\/www.seeer-tn.com\/wp-content\/uploads\/2024\/01\/cv_compressed-1.pdf\" target=\"_blank\" rel=\"noopener\"><img loading=\"lazy\" decoding=\"async\" class=\"alignnone wp-image-7324\" src=\"https:\/\/www.seeer-tn.com\/wp-content\/uploads\/2022\/10\/PDF_file_icon.jpg\" alt=\"\" width=\"46\" height=\"57\" \/> Download PDF file<\/a>[\/vc_column_text][\/vc_column][\/vc_row]<\/p>\n<\/div>","protected":false},"excerpt":{"rendered":"<table>\n<tbody>\n<tr style=\"background-color: #fefefe; height: 57px;\">\n<td><strong><span style=\"color: #007bc4;\">Model<\/span><\/strong><\/td>\n<td><span style=\"color: #007bc4;\">\u00d8 <strong><span style=\"color: #007bc4;\">a<\/span><\/strong><\/span><\/td>\n<td><strong><span style=\"color: #007bc4;\">b<\/span><\/strong><\/td>\n<td><strong><span style=\"color: #007bc4;\">c<\/span><\/strong><\/td>\n<td><span style=\"color: #007bc4;\">\u00d8 <strong><span style=\"color: #007bc4;\">d<\/span><\/strong><\/span><\/td>\n<td><span style=\"color: #007bc4;\">\u00d8 <strong><span style=\"color: #007bc4;\">e<\/span><\/strong><\/span><\/td>\n<td><span style=\"color: #007bc4;\">\u00d8 <strong><span style=\"color: #007bc4;\">f<\/span><\/strong><\/span><\/td>\n<td><strong><span style=\"color: #007bc4;\">g<\/span><\/strong><\/td>\n<td><strong><span style=\"color: #007bc4;\">h<\/span><\/strong><\/td>\n<td><strong><span style=\"color: #007bc4;\">j<\/span><\/strong><\/td>\n<td><strong><span style=\"color: #007bc4;\">K<\/span><\/strong><\/td>\n<td><strong><span style=\"color: #007bc4;\">L<\/span><\/strong><\/td>\n<td><strong><span style=\"color: #007bc4;\">Air flow<\/span><\/strong><\/td>\n<\/tr>\n<tr style=\"background-color: #dfdfdf;\">\n<td><strong><span style=\"color: #007bc4;\">CV56<\/span><\/strong><\/td>\n<td>108.5<\/td>\n<td>54<\/td>\n<td>0.8<\/td>\n<td>86<\/td>\n<td>17<\/td>\n<td>4.8<\/td>\n<td>10<\/td>\n<td>15<\/td>\n<td>3.5<\/td>\n<td>29<\/td>\n<td>28<\/td>\n<td>216 cm2<\/td>\n<\/tr>\n<tr style=\"background-color: #fefefe;\">\n<td><strong><span style=\"color: #007bc4;\">CV63<\/span><\/strong><\/td>\n<td>121<\/td>\n<td>61<\/td>\n<td>0.8<\/td>\n<td>90<\/td>\n<td>17<\/td>\n<td>4.8<\/td>\n<td>14<\/td>\n<td>15<\/td>\n<td>4<\/td>\n<td>32<\/td>\n<td>31<\/td>\n<td>26.4 cm2<\/td>\n<\/tr>\n<tr style=\"background-color: #dfdfdf;\">\n<td><strong><span style=\"color: #007bc4;\">CV71<\/span><\/strong><\/td>\n<td>136.5<\/td>\n<td>70.5<\/td>\n<td>0.8<\/td>\n<td>100<\/td>\n<td>20<\/td>\n<td>5.8<\/td>\n<td>10<\/td>\n<td>1.5<\/td>\n<td>4<\/td>\n<td>35.5<\/td>\n<td>35<\/td>\n<td>34 cm2<\/td>\n<\/tr>\n<tr style=\"background-color: #fefefe;\">\n<td><strong><span style=\"color: #007bc4;\">CV80<\/span><\/strong><\/td>\n<td>154<\/td>\n<td>75<\/td>\n<td>0.8<\/td>\n<td>110<\/td>\n<td>25<\/td>\n<td>5.8<\/td>\n<td>14<\/td>\n<td>1.5<\/td>\n<td>4<\/td>\n<td>39.5<\/td>\n<td>40<\/td>\n<td>45.3 cm2<\/td>\n<\/tr>\n<tr style=\"background-color: #dfdfdf;\">\n<td><strong><span style=\"color: #007bc4;\">CV90<\/span><\/strong><\/td>\n<td>174.5<\/td>\n<td>85<\/td>\n<td>1<\/td>\n<td>135<\/td>\n<td>30<\/td>\n<td>5.8<\/td>\n<td>16<\/td>\n<td>1.5<\/td>\n<td>4<\/td>\n<td>45<\/td>\n<td>46.5<\/td>\n<td>57.4 cm2<\/td>\n<\/tr>\n<tr style=\"background-color: #fefefe;\">\n<td width=\"80\"><strong><span style=\"color: #007bc4;\">CV<\/span><\/strong><strong><span style=\"color: #007bc4;\">l00<\/span><\/strong><\/td>\n<td>192<\/td>\n<td>95<\/td>\n<td>1<\/td>\n<td>145<\/td>\n<td>34<\/td>\n<td>5.8<\/td>\n<td>18<\/td>\n<td>1.5<\/td>\n<td>4<\/td>\n<td>49.3<\/td>\n<td>47.7<\/td>\n<td>70.2 cm2<\/td>\n<\/tr>\n<tr style=\"background-color: #dfdfdf;\">\n<td><strong><span style=\"color: #007bc4;\">CV<\/span><\/strong><strong><span style=\"color: #007bc4;\">112<\/span><\/strong><\/td>\n<td>2175<\/td>\n<td>99<\/td>\n<td>1<\/td>\n<td>160<\/td>\n<td>34<\/td>\n<td>5.8<\/td>\n<td>16<\/td>\n<td>1.5<\/td>\n<td>4<\/td>\n<td>54<\/td>\n<td>55<\/td>\n<td>93.3 cm2<\/td>\n<\/tr>\n<tr style=\"background-color: #fefefe;\">\n<td><strong><span style=\"color: #007bc4;\">CV<\/span><\/strong><strong><span style=\"color: #007bc4;\">132<\/span><\/strong><\/td>\n<td>255<\/td>\n<td>117<\/td>\n<td>1.5<\/td>\n<td>173<\/td>\n<td>42<\/td>\n<td>5.8<\/td>\n<td>23<\/td>\n<td>1.5<\/td>\n<td>4<\/td>\n<td>64<\/td>\n<td>64<\/td>\n<td>110 cm2<\/td>\n<\/tr>\n<tr style=\"background-color: #dfdfdf;\">\n<td><strong><span style=\"color: #007bc4;\">CV<\/span><\/strong><strong><span style=\"color: #007bc4;\">160<\/span><\/strong><\/td>\n<td>307<\/td>\n<td>136<\/td>\n<td>1.5<\/td>\n<td>205<\/td>\n<td>46<\/td>\n<td>6.8<\/td>\n<td>25<\/td>\n<td>2<\/td>\n<td>4<\/td>\n<td>69.5<\/td>\n<td>65<\/td>\n<td>152.2 cm2<\/td>\n<\/tr>\n<\/tbody>\n<\/table>\n","protected":false},"featured_media":8025,"template":"","meta":[],"product_cat":[95],"product_tag":[],"class_list":["post-13714","product","type-product","status-publish","has-post-thumbnail","hentry","product_cat-fancover"],"acf":[],"yoast_head":"<!-- This site is optimized with the Yoast SEO plugin v23.3 - https:\/\/yoast.com\/wordpress\/plugins\/seo\/ -->\n<title>Fan cover CV | SEEER<\/title>\n<meta name=\"description\" content=\"Model \u00d8 a b c \u00d8 d \u00d8 e \u00d8 f g h j K L Air flow   CV56 108.5 54 0.8 86 17 4.8 10 15 3.5 29 28 216 cm2   CV63 121 61 0.8 90 17 4.8 14 15 4 32 31 26.4 cm2   CV71 136.5 70.5 0.8 100 20 5.8 10 1.5 4 35.5 35 34 cm2   CV80 154 75 0.8 110 25 5.8 14 1.5 4 39.5 40 45.3 cm2   CV90 174.5 85 1 135 30 5.8 16 1.5 4 45 46.5 57.4 cm2   CVl00 192 95 1 145 34 5.8 18 1.5 4 49.3 47.7 70.2 cm2   CV112 2175 99 1 160 34 5.8 16 1.5 4 54 55 93.3 cm2   CV132 255 117 1.5 173 42 5.8 23 1.5 4 64 64 110 cm2   CV160 307 136 1.5 205 46 6.8 25 2 4 69.5 65 152.2 cm2\" \/>\n<meta name=\"robots\" content=\"index, follow, max-snippet:-1, max-image-preview:large, max-video-preview:-1\" \/>\n<link rel=\"canonical\" href=\"https:\/\/www.seeer-tn.com\/en\/produit\/fan-cover-cv\/\" \/>\n<meta property=\"og:locale\" content=\"en_US\" \/>\n<meta property=\"og:type\" content=\"article\" \/>\n<meta property=\"og:title\" content=\"Fan cover CV | SEEER\" \/>\n<meta property=\"og:description\" content=\"Model \u00d8 a b c \u00d8 d \u00d8 e \u00d8 f g h j K L Air flow   CV56 108.5 54 0.8 86 17 4.8 10 15 3.5 29 28 216 cm2   CV63 121 61 0.8 90 17 4.8 14 15 4 32 31 26.4 cm2   CV71 136.5 70.5 0.8 100 20 5.8 10 1.5 4 35.5 35 34 cm2   CV80 154 75 0.8 110 25 5.8 14 1.5 4 39.5 40 45.3 cm2   CV90 174.5 85 1 135 30 5.8 16 1.5 4 45 46.5 57.4 cm2   CVl00 192 95 1 145 34 5.8 18 1.5 4 49.3 47.7 70.2 cm2   CV112 2175 99 1 160 34 5.8 16 1.5 4 54 55 93.3 cm2   CV132 255 117 1.5 173 42 5.8 23 1.5 4 64 64 110 cm2   CV160 307 136 1.5 205 46 6.8 25 2 4 69.5 65 152.2 cm2\" \/>\n<meta property=\"og:url\" content=\"https:\/\/www.seeer-tn.com\/en\/produit\/fan-cover-cv\/\" \/>\n<meta property=\"og:site_name\" content=\"SEEER\" \/>\n<meta property=\"article:modified_time\" content=\"2024-09-20T11:02:51+00:00\" \/>\n<meta property=\"og:image\" content=\"https:\/\/www.seeer-tn.com\/wp-content\/uploads\/2023\/08\/CV.jpg\" \/>\n\t<meta property=\"og:image:width\" content=\"1000\" \/>\n\t<meta property=\"og:image:height\" content=\"1000\" \/>\n\t<meta property=\"og:image:type\" content=\"image\/jpeg\" \/>\n<meta name=\"twitter:card\" content=\"summary_large_image\" \/>\n<meta name=\"twitter:label1\" content=\"Est. reading time\" \/>\n\t<meta name=\"twitter:data1\" content=\"1 minute\" \/>\n<script type=\"application\/ld+json\" class=\"yoast-schema-graph\">{\"@context\":\"https:\/\/schema.org\",\"@graph\":[{\"@type\":\"WebPage\",\"@id\":\"https:\/\/www.seeer-tn.com\/en\/produit\/fan-cover-cv\/\",\"url\":\"https:\/\/www.seeer-tn.com\/en\/produit\/fan-cover-cv\/\",\"name\":\"Fan cover CV | SEEER\",\"isPartOf\":{\"@id\":\"https:\/\/www.seeer-tn.com\/#website\"},\"primaryImageOfPage\":{\"@id\":\"https:\/\/www.seeer-tn.com\/en\/produit\/fan-cover-cv\/#primaryimage\"},\"image\":{\"@id\":\"https:\/\/www.seeer-tn.com\/en\/produit\/fan-cover-cv\/#primaryimage\"},\"thumbnailUrl\":\"https:\/\/www.seeer-tn.com\/wp-content\/uploads\/2023\/08\/CV.jpg\",\"datePublished\":\"2023-08-08T09:43:44+00:00\",\"dateModified\":\"2024-09-20T11:02:51+00:00\",\"description\":\"Model \u00d8 a b c \u00d8 d \u00d8 e \u00d8 f g h j K L Air flow CV56 108.5 54 0.8 86 17 4.8 10 15 3.5 29 28 216 cm2 CV63 121 61 0.8 90 17 4.8 14 15 4 32 31 26.4 cm2 CV71 136.5 70.5 0.8 100 20 5.8 10 1.5 4 35.5 35 34 cm2 CV80 154 75 0.8 110 25 5.8 14 1.5 4 39.5 40 45.3 cm2 CV90 174.5 85 1 135 30 5.8 16 1.5 4 45 46.5 57.4 cm2 CVl00 192 95 1 145 34 5.8 18 1.5 4 49.3 47.7 70.2 cm2 CV112 2175 99 1 160 34 5.8 16 1.5 4 54 55 93.3 cm2 CV132 255 117 1.5 173 42 5.8 23 1.5 4 64 64 110 cm2 CV160 307 136 1.5 205 46 6.8 25 2 4 69.5 65 152.2 cm2\",\"breadcrumb\":{\"@id\":\"https:\/\/www.seeer-tn.com\/en\/produit\/fan-cover-cv\/#breadcrumb\"},\"inLanguage\":\"en-US\",\"potentialAction\":[{\"@type\":\"ReadAction\",\"target\":[\"https:\/\/www.seeer-tn.com\/en\/produit\/fan-cover-cv\/\"]}]},{\"@type\":\"ImageObject\",\"inLanguage\":\"en-US\",\"@id\":\"https:\/\/www.seeer-tn.com\/en\/produit\/fan-cover-cv\/#primaryimage\",\"url\":\"https:\/\/www.seeer-tn.com\/wp-content\/uploads\/2023\/08\/CV.jpg\",\"contentUrl\":\"https:\/\/www.seeer-tn.com\/wp-content\/uploads\/2023\/08\/CV.jpg\",\"width\":1000,\"height\":1000,\"caption\":\"Cache plaques \u00e0 bornes CV\"},{\"@type\":\"BreadcrumbList\",\"@id\":\"https:\/\/www.seeer-tn.com\/en\/produit\/fan-cover-cv\/#breadcrumb\",\"itemListElement\":[{\"@type\":\"ListItem\",\"position\":1,\"name\":\"Accueil\",\"item\":\"https:\/\/www.seeer-tn.com\/en\/\"},{\"@type\":\"ListItem\",\"position\":2,\"name\":\"Boutique\",\"item\":\"https:\/\/www.seeer-tn.com\/boutique\/\"},{\"@type\":\"ListItem\",\"position\":3,\"name\":\"Fan cover CV\"}]},{\"@type\":\"WebSite\",\"@id\":\"https:\/\/www.seeer-tn.com\/#website\",\"url\":\"https:\/\/www.seeer-tn.com\/\",\"name\":\"SEEER\",\"description\":\"Soci\u00e9t\u00e9 d\u2019\u00e9quipement \u00e9lectrique \u00e9lectronique &amp; de Rebobinage\",\"potentialAction\":[{\"@type\":\"SearchAction\",\"target\":{\"@type\":\"EntryPoint\",\"urlTemplate\":\"https:\/\/www.seeer-tn.com\/?s={search_term_string}\"},\"query-input\":\"required name=search_term_string\"}],\"inLanguage\":\"en-US\"}]}<\/script>\n<!-- \/ Yoast SEO plugin. -->","yoast_head_json":{"title":"Fan cover CV | SEEER","description":"Model \u00d8 a b c \u00d8 d \u00d8 e \u00d8 f g h j K L Air flow   CV56 108.5 54 0.8 86 17 4.8 10 15 3.5 29 28 216 cm2   CV63 121 61 0.8 90 17 4.8 14 15 4 32 31 26.4 cm2   CV71 136.5 70.5 0.8 100 20 5.8 10 1.5 4 35.5 35 34 cm2   CV80 154 75 0.8 110 25 5.8 14 1.5 4 39.5 40 45.3 cm2   CV90 174.5 85 1 135 30 5.8 16 1.5 4 45 46.5 57.4 cm2   CVl00 192 95 1 145 34 5.8 18 1.5 4 49.3 47.7 70.2 cm2   CV112 2175 99 1 160 34 5.8 16 1.5 4 54 55 93.3 cm2   CV132 255 117 1.5 173 42 5.8 23 1.5 4 64 64 110 cm2   CV160 307 136 1.5 205 46 6.8 25 2 4 69.5 65 152.2 cm2","robots":{"index":"index","follow":"follow","max-snippet":"max-snippet:-1","max-image-preview":"max-image-preview:large","max-video-preview":"max-video-preview:-1"},"canonical":"https:\/\/www.seeer-tn.com\/en\/produit\/fan-cover-cv\/","og_locale":"en_US","og_type":"article","og_title":"Fan cover CV | SEEER","og_description":"Model \u00d8 a b c \u00d8 d \u00d8 e \u00d8 f g h j K L Air flow   CV56 108.5 54 0.8 86 17 4.8 10 15 3.5 29 28 216 cm2   CV63 121 61 0.8 90 17 4.8 14 15 4 32 31 26.4 cm2   CV71 136.5 70.5 0.8 100 20 5.8 10 1.5 4 35.5 35 34 cm2   CV80 154 75 0.8 110 25 5.8 14 1.5 4 39.5 40 45.3 cm2   CV90 174.5 85 1 135 30 5.8 16 1.5 4 45 46.5 57.4 cm2   CVl00 192 95 1 145 34 5.8 18 1.5 4 49.3 47.7 70.2 cm2   CV112 2175 99 1 160 34 5.8 16 1.5 4 54 55 93.3 cm2   CV132 255 117 1.5 173 42 5.8 23 1.5 4 64 64 110 cm2   CV160 307 136 1.5 205 46 6.8 25 2 4 69.5 65 152.2 cm2","og_url":"https:\/\/www.seeer-tn.com\/en\/produit\/fan-cover-cv\/","og_site_name":"SEEER","article_modified_time":"2024-09-20T11:02:51+00:00","og_image":[{"width":1000,"height":1000,"url":"https:\/\/www.seeer-tn.com\/wp-content\/uploads\/2023\/08\/CV.jpg","type":"image\/jpeg"}],"twitter_card":"summary_large_image","twitter_misc":{"Est. reading time":"1 minute"},"schema":{"@context":"https:\/\/schema.org","@graph":[{"@type":"WebPage","@id":"https:\/\/www.seeer-tn.com\/en\/produit\/fan-cover-cv\/","url":"https:\/\/www.seeer-tn.com\/en\/produit\/fan-cover-cv\/","name":"Fan cover CV | SEEER","isPartOf":{"@id":"https:\/\/www.seeer-tn.com\/#website"},"primaryImageOfPage":{"@id":"https:\/\/www.seeer-tn.com\/en\/produit\/fan-cover-cv\/#primaryimage"},"image":{"@id":"https:\/\/www.seeer-tn.com\/en\/produit\/fan-cover-cv\/#primaryimage"},"thumbnailUrl":"https:\/\/www.seeer-tn.com\/wp-content\/uploads\/2023\/08\/CV.jpg","datePublished":"2023-08-08T09:43:44+00:00","dateModified":"2024-09-20T11:02:51+00:00","description":"Model \u00d8 a b c \u00d8 d \u00d8 e \u00d8 f g h j K L Air flow CV56 108.5 54 0.8 86 17 4.8 10 15 3.5 29 28 216 cm2 CV63 121 61 0.8 90 17 4.8 14 15 4 32 31 26.4 cm2 CV71 136.5 70.5 0.8 100 20 5.8 10 1.5 4 35.5 35 34 cm2 CV80 154 75 0.8 110 25 5.8 14 1.5 4 39.5 40 45.3 cm2 CV90 174.5 85 1 135 30 5.8 16 1.5 4 45 46.5 57.4 cm2 CVl00 192 95 1 145 34 5.8 18 1.5 4 49.3 47.7 70.2 cm2 CV112 2175 99 1 160 34 5.8 16 1.5 4 54 55 93.3 cm2 CV132 255 117 1.5 173 42 5.8 23 1.5 4 64 64 110 cm2 CV160 307 136 1.5 205 46 6.8 25 2 4 69.5 65 152.2 cm2","breadcrumb":{"@id":"https:\/\/www.seeer-tn.com\/en\/produit\/fan-cover-cv\/#breadcrumb"},"inLanguage":"en-US","potentialAction":[{"@type":"ReadAction","target":["https:\/\/www.seeer-tn.com\/en\/produit\/fan-cover-cv\/"]}]},{"@type":"ImageObject","inLanguage":"en-US","@id":"https:\/\/www.seeer-tn.com\/en\/produit\/fan-cover-cv\/#primaryimage","url":"https:\/\/www.seeer-tn.com\/wp-content\/uploads\/2023\/08\/CV.jpg","contentUrl":"https:\/\/www.seeer-tn.com\/wp-content\/uploads\/2023\/08\/CV.jpg","width":1000,"height":1000,"caption":"Cache plaques \u00e0 bornes CV"},{"@type":"BreadcrumbList","@id":"https:\/\/www.seeer-tn.com\/en\/produit\/fan-cover-cv\/#breadcrumb","itemListElement":[{"@type":"ListItem","position":1,"name":"Accueil","item":"https:\/\/www.seeer-tn.com\/en\/"},{"@type":"ListItem","position":2,"name":"Boutique","item":"https:\/\/www.seeer-tn.com\/boutique\/"},{"@type":"ListItem","position":3,"name":"Fan cover CV"}]},{"@type":"WebSite","@id":"https:\/\/www.seeer-tn.com\/#website","url":"https:\/\/www.seeer-tn.com\/","name":"SEEER","description":"Soci\u00e9t\u00e9 d\u2019\u00e9quipement \u00e9lectrique \u00e9lectronique &amp; de Rebobinage","potentialAction":[{"@type":"SearchAction","target":{"@type":"EntryPoint","urlTemplate":"https:\/\/www.seeer-tn.com\/?s={search_term_string}"},"query-input":"required name=search_term_string"}],"inLanguage":"en-US"}]}},"_links":{"self":[{"href":"https:\/\/www.seeer-tn.com\/en\/wp-json\/wp\/v2\/product\/13714","targetHints":{"allow":["GET"]}}],"collection":[{"href":"https:\/\/www.seeer-tn.com\/en\/wp-json\/wp\/v2\/product"}],"about":[{"href":"https:\/\/www.seeer-tn.com\/en\/wp-json\/wp\/v2\/types\/product"}],"wp:featuredmedia":[{"embeddable":true,"href":"https:\/\/www.seeer-tn.com\/en\/wp-json\/wp\/v2\/media\/8025"}],"wp:attachment":[{"href":"https:\/\/www.seeer-tn.com\/en\/wp-json\/wp\/v2\/media?parent=13714"}],"wp:term":[{"taxonomy":"product_cat","embeddable":true,"href":"https:\/\/www.seeer-tn.com\/en\/wp-json\/wp\/v2\/product_cat?post=13714"},{"taxonomy":"product_tag","embeddable":true,"href":"https:\/\/www.seeer-tn.com\/en\/wp-json\/wp\/v2\/product_tag?post=13714"}],"curies":[{"name":"wp","href":"https:\/\/api.w.org\/{rel}","templated":true}]}}