{"id":13721,"date":"2023-08-08T11:50:28","date_gmt":"2023-08-08T09:50:28","guid":{"rendered":"https:\/\/www.seeer-tn.com\/?post_type=product&#038;p=13721"},"modified":"2024-09-20T12:26:05","modified_gmt":"2024-09-20T10:26:05","slug":"fan-cover-cv-i","status":"publish","type":"product","link":"https:\/\/www.seeer-tn.com\/en\/produit\/fan-cover-cv-i\/","title":{"rendered":"Fan cover CV I"},"content":{"rendered":"<div class=\"wpb-content-wrapper\"><p>[vc_row][vc_column][vc_column_text woodmart_inline=&#8221;no&#8221; text_larger=&#8221;no&#8221;]<a href=\"https:\/\/www.seeer-tn.com\/wp-content\/uploads\/2024\/01\/cvi_compressed-1.pdf\" target=\"_blank\" rel=\"noopener\"><img loading=\"lazy\" decoding=\"async\" class=\"alignnone wp-image-7324\" src=\"https:\/\/www.seeer-tn.com\/wp-content\/uploads\/2022\/10\/PDF_file_icon.jpg\" alt=\"\" width=\"46\" height=\"57\" \/> Download PDF file<\/a>[\/vc_column_text][\/vc_column][\/vc_row]<\/p>\n<\/div>","protected":false},"excerpt":{"rendered":"<table>\n<tbody>\n<tr style=\"background-color: #fefefe;height:57px;\">\n<td width=\"77\"><strong><span style=\"color: #007bc4;\">Model<\/span><\/strong><\/td>\n<td width=\"32\"><strong><span style=\"color: #007bc4;\">\u00d8a<\/span><\/strong><\/td>\n<td width=\"21\"><strong><span style=\"color: #007bc4;\">b<\/span><\/strong><\/td>\n<td width=\"28\"><strong><span style=\"color: #007bc4;\">c<\/span><\/strong><\/td>\n<td width=\"33\"><strong><span style=\"color: #007bc4;\">\u00d8d<\/span><\/strong><\/td>\n<td width=\"33\"><strong><span style=\"color: #007bc4;\">\u00d8e<\/span><\/strong><\/td>\n<td width=\"28\"><strong><span style=\"color: #007bc4;\">\u00d8f<\/span><\/strong><\/td>\n<td width=\"24\"><strong><span style=\"color: #007bc4;\">g<\/span><\/strong><\/td>\n<td width=\"20\"><strong><span style=\"color: #007bc4;\">h<\/span><\/strong><\/td>\n<td width=\"17\"><strong><span style=\"color: #007bc4;\">j<\/span><\/strong><\/td>\n<td width=\"24\"><strong><span style=\"color: #007bc4;\">K<\/span><\/strong><\/td>\n<td width=\"24\"><strong><span style=\"color: #007bc4;\">L<\/span><\/strong><\/td>\n<td width=\"145\"><strong><span style=\"color: #007bc4;\">Air flow<\/span><\/strong><\/td>\n<\/tr>\n<tr style=\"background-color: #dfdfdf;\">\n<td width=\"77\"><strong><span style=\"color: #007bc4;\">CV<\/span><\/strong><strong><span style=\"color: #007bc4;\">180I<\/span><\/strong><\/td>\n<td width=\"32\">350<\/td>\n<td width=\"21\">.<\/td>\n<td width=\"28\">1.5<\/td>\n<td width=\"33\">218<\/td>\n<td width=\"33\">52<\/td>\n<td width=\"28\">6.8<\/td>\n<td width=\"24\">35<\/td>\n<td width=\"20\">2<\/td>\n<td width=\"17\">4<\/td>\n<td width=\"24\">71<\/td>\n<td width=\"24\">65<\/td>\n<td width=\"145\">181 cm2<\/td>\n<\/tr>\n<tr style=\"background-color: #fefefe;\">\n<td width=\"77\"><strong><span style=\"color: #007bc4;\">CV200I<\/span><\/strong><\/td>\n<td width=\"32\">395<\/td>\n<td width=\"21\">185<\/td>\n<td width=\"28\">1.5<\/td>\n<td width=\"33\">250<\/td>\n<td width=\"33\">69<\/td>\n<td width=\"28\">6.8<\/td>\n<td width=\"24\">38<\/td>\n<td width=\"20\">2<\/td>\n<td width=\"17\">4<\/td>\n<td width=\"24\">72<\/td>\n<td width=\"24\">66<\/td>\n<td width=\"145\">241 cm2<\/td>\n<\/tr>\n<tr style=\"background-color: #dfdfdf;\">\n<td width=\"77\"><strong><span style=\"color: #007bc4;\">CV225I<\/span><\/strong><\/td>\n<td width=\"32\">445<\/td>\n<td width=\"21\">200<\/td>\n<td width=\"28\">1.5<\/td>\n<td width=\"33\">263<\/td>\n<td width=\"33\">69<\/td>\n<td width=\"28\">6.8<\/td>\n<td width=\"24\">42<\/td>\n<td width=\"20\">3<\/td>\n<td width=\"17\">4<\/td>\n<td width=\"24\">96<\/td>\n<td width=\"24\">90<\/td>\n<td width=\"145\">325 cm2<\/td>\n<\/tr>\n<\/tbody>\n<\/table>\n","protected":false},"featured_media":8030,"template":"","meta":[],"product_cat":[95],"product_tag":[],"class_list":["post-13721","product","type-product","status-publish","has-post-thumbnail","hentry","product_cat-fancover"],"acf":[],"yoast_head":"<!-- This site is optimized with the Yoast SEO plugin v23.3 - https:\/\/yoast.com\/wordpress\/plugins\/seo\/ -->\n<title>Fan cover CV I | SEEER<\/title>\n<meta name=\"description\" content=\"Model \u00d8a b c \u00d8d \u00d8e \u00d8f g h j K L Air flow   CV180I 350 . 1.5 218 52 6.8 35 2 4 71 65 181 cm2   CV200I 395 185 1.5 250 69 6.8 38 2 4 72 66 241 cm2   CV225I 445 200 1.5 263 69 6.8 42 3 4 96 90 325 cm2\" \/>\n<meta name=\"robots\" content=\"index, follow, max-snippet:-1, max-image-preview:large, max-video-preview:-1\" \/>\n<link rel=\"canonical\" href=\"https:\/\/www.seeer-tn.com\/en\/produit\/fan-cover-cv-i\/\" \/>\n<meta property=\"og:locale\" content=\"en_US\" \/>\n<meta property=\"og:type\" content=\"article\" \/>\n<meta property=\"og:title\" content=\"Fan cover CV I | SEEER\" \/>\n<meta property=\"og:description\" content=\"Model \u00d8a b c \u00d8d \u00d8e \u00d8f g h j K L Air flow   CV180I 350 . 1.5 218 52 6.8 35 2 4 71 65 181 cm2   CV200I 395 185 1.5 250 69 6.8 38 2 4 72 66 241 cm2   CV225I 445 200 1.5 263 69 6.8 42 3 4 96 90 325 cm2\" \/>\n<meta property=\"og:url\" content=\"https:\/\/www.seeer-tn.com\/en\/produit\/fan-cover-cv-i\/\" \/>\n<meta property=\"og:site_name\" content=\"SEEER\" \/>\n<meta property=\"article:modified_time\" content=\"2024-09-20T10:26:05+00:00\" \/>\n<meta property=\"og:image\" content=\"https:\/\/www.seeer-tn.com\/wp-content\/uploads\/2023\/08\/CVI.jpg\" \/>\n\t<meta property=\"og:image:width\" content=\"1000\" \/>\n\t<meta property=\"og:image:height\" content=\"1000\" \/>\n\t<meta property=\"og:image:type\" content=\"image\/jpeg\" \/>\n<meta name=\"twitter:card\" content=\"summary_large_image\" \/>\n<meta name=\"twitter:label1\" content=\"Est. reading time\" \/>\n\t<meta name=\"twitter:data1\" content=\"1 minute\" \/>\n<script type=\"application\/ld+json\" class=\"yoast-schema-graph\">{\"@context\":\"https:\/\/schema.org\",\"@graph\":[{\"@type\":\"WebPage\",\"@id\":\"https:\/\/www.seeer-tn.com\/en\/produit\/fan-cover-cv-i\/\",\"url\":\"https:\/\/www.seeer-tn.com\/en\/produit\/fan-cover-cv-i\/\",\"name\":\"Fan cover CV I | SEEER\",\"isPartOf\":{\"@id\":\"https:\/\/www.seeer-tn.com\/#website\"},\"primaryImageOfPage\":{\"@id\":\"https:\/\/www.seeer-tn.com\/en\/produit\/fan-cover-cv-i\/#primaryimage\"},\"image\":{\"@id\":\"https:\/\/www.seeer-tn.com\/en\/produit\/fan-cover-cv-i\/#primaryimage\"},\"thumbnailUrl\":\"https:\/\/www.seeer-tn.com\/wp-content\/uploads\/2023\/08\/CVI.jpg\",\"datePublished\":\"2023-08-08T09:50:28+00:00\",\"dateModified\":\"2024-09-20T10:26:05+00:00\",\"description\":\"Model \u00d8a b c \u00d8d \u00d8e \u00d8f g h j K L Air flow CV180I 350 . 1.5 218 52 6.8 35 2 4 71 65 181 cm2 CV200I 395 185 1.5 250 69 6.8 38 2 4 72 66 241 cm2 CV225I 445 200 1.5 263 69 6.8 42 3 4 96 90 325 cm2\",\"breadcrumb\":{\"@id\":\"https:\/\/www.seeer-tn.com\/en\/produit\/fan-cover-cv-i\/#breadcrumb\"},\"inLanguage\":\"en-US\",\"potentialAction\":[{\"@type\":\"ReadAction\",\"target\":[\"https:\/\/www.seeer-tn.com\/en\/produit\/fan-cover-cv-i\/\"]}]},{\"@type\":\"ImageObject\",\"inLanguage\":\"en-US\",\"@id\":\"https:\/\/www.seeer-tn.com\/en\/produit\/fan-cover-cv-i\/#primaryimage\",\"url\":\"https:\/\/www.seeer-tn.com\/wp-content\/uploads\/2023\/08\/CVI.jpg\",\"contentUrl\":\"https:\/\/www.seeer-tn.com\/wp-content\/uploads\/2023\/08\/CVI.jpg\",\"width\":1000,\"height\":1000,\"caption\":\"Cache plaques \u00e0 bornes CV I\"},{\"@type\":\"BreadcrumbList\",\"@id\":\"https:\/\/www.seeer-tn.com\/en\/produit\/fan-cover-cv-i\/#breadcrumb\",\"itemListElement\":[{\"@type\":\"ListItem\",\"position\":1,\"name\":\"Accueil\",\"item\":\"https:\/\/www.seeer-tn.com\/en\/\"},{\"@type\":\"ListItem\",\"position\":2,\"name\":\"Boutique\",\"item\":\"https:\/\/www.seeer-tn.com\/boutique\/\"},{\"@type\":\"ListItem\",\"position\":3,\"name\":\"Fan cover CV I\"}]},{\"@type\":\"WebSite\",\"@id\":\"https:\/\/www.seeer-tn.com\/#website\",\"url\":\"https:\/\/www.seeer-tn.com\/\",\"name\":\"SEEER\",\"description\":\"Soci\u00e9t\u00e9 d\u2019\u00e9quipement \u00e9lectrique \u00e9lectronique &amp; de Rebobinage\",\"potentialAction\":[{\"@type\":\"SearchAction\",\"target\":{\"@type\":\"EntryPoint\",\"urlTemplate\":\"https:\/\/www.seeer-tn.com\/?s={search_term_string}\"},\"query-input\":\"required name=search_term_string\"}],\"inLanguage\":\"en-US\"}]}<\/script>\n<!-- \/ Yoast SEO plugin. -->","yoast_head_json":{"title":"Fan cover CV I | SEEER","description":"Model \u00d8a b c \u00d8d \u00d8e \u00d8f g h j K L Air flow   CV180I 350 . 1.5 218 52 6.8 35 2 4 71 65 181 cm2   CV200I 395 185 1.5 250 69 6.8 38 2 4 72 66 241 cm2   CV225I 445 200 1.5 263 69 6.8 42 3 4 96 90 325 cm2","robots":{"index":"index","follow":"follow","max-snippet":"max-snippet:-1","max-image-preview":"max-image-preview:large","max-video-preview":"max-video-preview:-1"},"canonical":"https:\/\/www.seeer-tn.com\/en\/produit\/fan-cover-cv-i\/","og_locale":"en_US","og_type":"article","og_title":"Fan cover CV I | SEEER","og_description":"Model \u00d8a b c \u00d8d \u00d8e \u00d8f g h j K L Air flow   CV180I 350 . 1.5 218 52 6.8 35 2 4 71 65 181 cm2   CV200I 395 185 1.5 250 69 6.8 38 2 4 72 66 241 cm2   CV225I 445 200 1.5 263 69 6.8 42 3 4 96 90 325 cm2","og_url":"https:\/\/www.seeer-tn.com\/en\/produit\/fan-cover-cv-i\/","og_site_name":"SEEER","article_modified_time":"2024-09-20T10:26:05+00:00","og_image":[{"width":1000,"height":1000,"url":"https:\/\/www.seeer-tn.com\/wp-content\/uploads\/2023\/08\/CVI.jpg","type":"image\/jpeg"}],"twitter_card":"summary_large_image","twitter_misc":{"Est. reading time":"1 minute"},"schema":{"@context":"https:\/\/schema.org","@graph":[{"@type":"WebPage","@id":"https:\/\/www.seeer-tn.com\/en\/produit\/fan-cover-cv-i\/","url":"https:\/\/www.seeer-tn.com\/en\/produit\/fan-cover-cv-i\/","name":"Fan cover CV I | SEEER","isPartOf":{"@id":"https:\/\/www.seeer-tn.com\/#website"},"primaryImageOfPage":{"@id":"https:\/\/www.seeer-tn.com\/en\/produit\/fan-cover-cv-i\/#primaryimage"},"image":{"@id":"https:\/\/www.seeer-tn.com\/en\/produit\/fan-cover-cv-i\/#primaryimage"},"thumbnailUrl":"https:\/\/www.seeer-tn.com\/wp-content\/uploads\/2023\/08\/CVI.jpg","datePublished":"2023-08-08T09:50:28+00:00","dateModified":"2024-09-20T10:26:05+00:00","description":"Model \u00d8a b c \u00d8d \u00d8e \u00d8f g h j K L Air flow CV180I 350 . 1.5 218 52 6.8 35 2 4 71 65 181 cm2 CV200I 395 185 1.5 250 69 6.8 38 2 4 72 66 241 cm2 CV225I 445 200 1.5 263 69 6.8 42 3 4 96 90 325 cm2","breadcrumb":{"@id":"https:\/\/www.seeer-tn.com\/en\/produit\/fan-cover-cv-i\/#breadcrumb"},"inLanguage":"en-US","potentialAction":[{"@type":"ReadAction","target":["https:\/\/www.seeer-tn.com\/en\/produit\/fan-cover-cv-i\/"]}]},{"@type":"ImageObject","inLanguage":"en-US","@id":"https:\/\/www.seeer-tn.com\/en\/produit\/fan-cover-cv-i\/#primaryimage","url":"https:\/\/www.seeer-tn.com\/wp-content\/uploads\/2023\/08\/CVI.jpg","contentUrl":"https:\/\/www.seeer-tn.com\/wp-content\/uploads\/2023\/08\/CVI.jpg","width":1000,"height":1000,"caption":"Cache plaques \u00e0 bornes CV I"},{"@type":"BreadcrumbList","@id":"https:\/\/www.seeer-tn.com\/en\/produit\/fan-cover-cv-i\/#breadcrumb","itemListElement":[{"@type":"ListItem","position":1,"name":"Accueil","item":"https:\/\/www.seeer-tn.com\/en\/"},{"@type":"ListItem","position":2,"name":"Boutique","item":"https:\/\/www.seeer-tn.com\/boutique\/"},{"@type":"ListItem","position":3,"name":"Fan cover CV I"}]},{"@type":"WebSite","@id":"https:\/\/www.seeer-tn.com\/#website","url":"https:\/\/www.seeer-tn.com\/","name":"SEEER","description":"Soci\u00e9t\u00e9 d\u2019\u00e9quipement \u00e9lectrique \u00e9lectronique &amp; de Rebobinage","potentialAction":[{"@type":"SearchAction","target":{"@type":"EntryPoint","urlTemplate":"https:\/\/www.seeer-tn.com\/?s={search_term_string}"},"query-input":"required name=search_term_string"}],"inLanguage":"en-US"}]}},"_links":{"self":[{"href":"https:\/\/www.seeer-tn.com\/en\/wp-json\/wp\/v2\/product\/13721","targetHints":{"allow":["GET"]}}],"collection":[{"href":"https:\/\/www.seeer-tn.com\/en\/wp-json\/wp\/v2\/product"}],"about":[{"href":"https:\/\/www.seeer-tn.com\/en\/wp-json\/wp\/v2\/types\/product"}],"wp:featuredmedia":[{"embeddable":true,"href":"https:\/\/www.seeer-tn.com\/en\/wp-json\/wp\/v2\/media\/8030"}],"wp:attachment":[{"href":"https:\/\/www.seeer-tn.com\/en\/wp-json\/wp\/v2\/media?parent=13721"}],"wp:term":[{"taxonomy":"product_cat","embeddable":true,"href":"https:\/\/www.seeer-tn.com\/en\/wp-json\/wp\/v2\/product_cat?post=13721"},{"taxonomy":"product_tag","embeddable":true,"href":"https:\/\/www.seeer-tn.com\/en\/wp-json\/wp\/v2\/product_tag?post=13721"}],"curies":[{"name":"wp","href":"https:\/\/api.w.org\/{rel}","templated":true}]}}