{"id":13742,"date":"2023-08-08T12:26:29","date_gmt":"2023-08-08T10:26:29","guid":{"rendered":"https:\/\/www.seeer-tn.com\/?post_type=product&#038;p=13742"},"modified":"2024-09-20T18:32:10","modified_gmt":"2024-09-20T16:32:10","slug":"slot-wedge-cer","status":"publish","type":"product","link":"https:\/\/www.seeer-tn.com\/en\/produit\/slot-wedge-cer\/","title":{"rendered":"Slot wedge CER"},"content":{"rendered":"<div class=\"wpb-content-wrapper\"><p>[vc_row][vc_column][vc_column_text woodmart_inline=&#8221;no&#8221; text_larger=&#8221;no&#8221;]<\/p>\n<table>\n<tbody>\n<tr>\n<td style=\"text-align: left;\">\n<div class=\"sous-titre-prod\">CER material :<\/div>\n<p>Half-round pultruded glass fibers.<\/td>\n<td>\n<div class=\"sous-titre-prod\">Application:<\/div>\n<p>A wedge inserted into the notch above the winding<br \/>\nprevents radial movement of the winding .<\/td>\n<\/tr>\n<\/tbody>\n<\/table>\n<p><a href=\"https:\/\/www.seeer-tn.com\/wp-content\/uploads\/2024\/01\/Slot-wedge-CER_compressed.pdf\" target=\"_blank\" rel=\"noopener\"><img loading=\"lazy\" decoding=\"async\" class=\"alignnone wp-image-7324\" src=\"https:\/\/www.seeer-tn.com\/wp-content\/uploads\/2022\/10\/PDF_file_icon.jpg\" alt=\"\" width=\"46\" height=\"57\" \/> Download PDF file<\/a>[\/vc_column_text][\/vc_column][\/vc_row]<\/p>\n<\/div>","protected":false},"excerpt":{"rendered":"<table>\n<tbody>\n<tr style=\"background-color: #fefefe;height:57px;\">\n<td width=\"80\"><strong><span style=\"color: #007bc4;\">Model<\/span><\/strong><\/td>\n<td width=\"80\"><strong><span style=\"color: #007bc4;\">D (mm)<\/span><\/strong><\/td>\n<td width=\"80\"><strong><span style=\"color: #007bc4;\">E (mm)<\/span><\/strong><\/td>\n<td width=\"80\"><strong><span style=\"color: #007bc4;\">L (mm)<\/span><\/strong><\/td>\n<\/tr>\n<tr style=\"background-color: #dfdfdf;\">\n<td width=\"80\"><strong><span style=\"color: #007bc4;\">CER 5*2.5<\/span><\/strong><\/td>\n<td width=\"80\">5<\/td>\n<td width=\"80\">2<\/td>\n<td rowspan=\"6\" width=\"80\">1000<\/td>\n<\/tr>\n<tr style=\"background-color: #fefefe;\">\n<td width=\"80\"><strong><span style=\"color: #007bc4;\">CER 5*2.5<\/span><\/strong><\/td>\n<td width=\"80\">5<\/td>\n<td width=\"80\">2.5<\/td>\n<\/tr>\n<tr style=\"background-color: #dfdfdf;\">\n<td width=\"80\"><strong><span style=\"color: #007bc4;\">CER 6*3<\/span><\/strong><\/td>\n<td width=\"80\">6<\/td>\n<td width=\"80\">3<\/td>\n<\/tr>\n<tr style=\"background-color: #fefefe;\">\n<td width=\"80\"><strong><span style=\"color: #007bc4;\">CER 7*2.5<\/span><\/strong><\/td>\n<td width=\"80\">7<\/td>\n<td width=\"80\">2.5<\/td>\n<\/tr>\n<tr style=\"background-color: #dfdfdf;\">\n<td width=\"80\"><strong><span style=\"color: #007bc4;\">CER 3*8<\/span><\/strong><\/td>\n<td width=\"80\">8<\/td>\n<td width=\"80\">3<\/td>\n<\/tr>\n<tr style=\"background-color: #fefefe;\">\n<td width=\"80\"><strong><span style=\"color: #007bc4;\">CER 8*4<\/span><\/strong><\/td>\n<td width=\"80\">8<\/td>\n<td width=\"80\">4<\/td>\n<\/tr>\n<\/tbody>\n<\/table>\n","protected":false},"featured_media":8051,"template":"","meta":[],"product_cat":[96],"product_tag":[],"class_list":["post-13742","product","type-product","status-publish","has-post-thumbnail","hentry","product_cat-slot-wedges"],"acf":[],"yoast_head":"<!-- This site is optimized with the Yoast SEO plugin v23.3 - https:\/\/yoast.com\/wordpress\/plugins\/seo\/ -->\n<title>Slot wedge CER | SEEER<\/title>\n<meta name=\"description\" content=\"Model D (mm) E (mm) L (mm)   CER 5*2.5 5 2 1000   CER 5*2.5 5 2.5   CER 6*3 6 3   CER 7*2.5 7 2.5   CER 3*8 8 3   CER 8*4 8 4\" \/>\n<meta name=\"robots\" content=\"index, follow, max-snippet:-1, max-image-preview:large, max-video-preview:-1\" \/>\n<link rel=\"canonical\" href=\"https:\/\/www.seeer-tn.com\/en\/produit\/slot-wedge-cer\/\" \/>\n<meta property=\"og:locale\" content=\"en_US\" \/>\n<meta property=\"og:type\" content=\"article\" \/>\n<meta property=\"og:title\" content=\"Slot wedge CER | SEEER\" \/>\n<meta property=\"og:description\" content=\"Model D (mm) E (mm) L (mm)   CER 5*2.5 5 2 1000   CER 5*2.5 5 2.5   CER 6*3 6 3   CER 7*2.5 7 2.5   CER 3*8 8 3   CER 8*4 8 4\" \/>\n<meta property=\"og:url\" content=\"https:\/\/www.seeer-tn.com\/en\/produit\/slot-wedge-cer\/\" \/>\n<meta property=\"og:site_name\" content=\"SEEER\" \/>\n<meta property=\"article:modified_time\" content=\"2024-09-20T16:32:10+00:00\" \/>\n<meta property=\"og:image\" content=\"https:\/\/www.seeer-tn.com\/wp-content\/uploads\/2023\/08\/CER.jpg\" \/>\n\t<meta property=\"og:image:width\" content=\"1000\" \/>\n\t<meta property=\"og:image:height\" content=\"1000\" \/>\n\t<meta property=\"og:image:type\" content=\"image\/jpeg\" \/>\n<meta name=\"twitter:card\" content=\"summary_large_image\" \/>\n<meta name=\"twitter:label1\" content=\"Est. reading time\" \/>\n\t<meta name=\"twitter:data1\" content=\"1 minute\" \/>\n<script type=\"application\/ld+json\" class=\"yoast-schema-graph\">{\"@context\":\"https:\/\/schema.org\",\"@graph\":[{\"@type\":\"WebPage\",\"@id\":\"https:\/\/www.seeer-tn.com\/en\/produit\/slot-wedge-cer\/\",\"url\":\"https:\/\/www.seeer-tn.com\/en\/produit\/slot-wedge-cer\/\",\"name\":\"Slot wedge CER | SEEER\",\"isPartOf\":{\"@id\":\"https:\/\/www.seeer-tn.com\/#website\"},\"primaryImageOfPage\":{\"@id\":\"https:\/\/www.seeer-tn.com\/en\/produit\/slot-wedge-cer\/#primaryimage\"},\"image\":{\"@id\":\"https:\/\/www.seeer-tn.com\/en\/produit\/slot-wedge-cer\/#primaryimage\"},\"thumbnailUrl\":\"https:\/\/www.seeer-tn.com\/wp-content\/uploads\/2023\/08\/CER.jpg\",\"datePublished\":\"2023-08-08T10:26:29+00:00\",\"dateModified\":\"2024-09-20T16:32:10+00:00\",\"description\":\"Model D (mm) E (mm) L (mm) CER 5*2.5 5 2 1000 CER 5*2.5 5 2.5 CER 6*3 6 3 CER 7*2.5 7 2.5 CER 3*8 8 3 CER 8*4 8 4\",\"breadcrumb\":{\"@id\":\"https:\/\/www.seeer-tn.com\/en\/produit\/slot-wedge-cer\/#breadcrumb\"},\"inLanguage\":\"en-US\",\"potentialAction\":[{\"@type\":\"ReadAction\",\"target\":[\"https:\/\/www.seeer-tn.com\/en\/produit\/slot-wedge-cer\/\"]}]},{\"@type\":\"ImageObject\",\"inLanguage\":\"en-US\",\"@id\":\"https:\/\/www.seeer-tn.com\/en\/produit\/slot-wedge-cer\/#primaryimage\",\"url\":\"https:\/\/www.seeer-tn.com\/wp-content\/uploads\/2023\/08\/CER.jpg\",\"contentUrl\":\"https:\/\/www.seeer-tn.com\/wp-content\/uploads\/2023\/08\/CER.jpg\",\"width\":1000,\"height\":1000,\"caption\":\"Cale d\u2019encoche CER\"},{\"@type\":\"BreadcrumbList\",\"@id\":\"https:\/\/www.seeer-tn.com\/en\/produit\/slot-wedge-cer\/#breadcrumb\",\"itemListElement\":[{\"@type\":\"ListItem\",\"position\":1,\"name\":\"Accueil\",\"item\":\"https:\/\/www.seeer-tn.com\/en\/\"},{\"@type\":\"ListItem\",\"position\":2,\"name\":\"Boutique\",\"item\":\"https:\/\/www.seeer-tn.com\/boutique\/\"},{\"@type\":\"ListItem\",\"position\":3,\"name\":\"Slot wedge CER\"}]},{\"@type\":\"WebSite\",\"@id\":\"https:\/\/www.seeer-tn.com\/#website\",\"url\":\"https:\/\/www.seeer-tn.com\/\",\"name\":\"SEEER\",\"description\":\"Soci\u00e9t\u00e9 d\u2019\u00e9quipement \u00e9lectrique \u00e9lectronique &amp; de Rebobinage\",\"potentialAction\":[{\"@type\":\"SearchAction\",\"target\":{\"@type\":\"EntryPoint\",\"urlTemplate\":\"https:\/\/www.seeer-tn.com\/?s={search_term_string}\"},\"query-input\":\"required name=search_term_string\"}],\"inLanguage\":\"en-US\"}]}<\/script>\n<!-- \/ Yoast SEO plugin. -->","yoast_head_json":{"title":"Slot wedge CER | SEEER","description":"Model D (mm) E (mm) L (mm)   CER 5*2.5 5 2 1000   CER 5*2.5 5 2.5   CER 6*3 6 3   CER 7*2.5 7 2.5   CER 3*8 8 3   CER 8*4 8 4","robots":{"index":"index","follow":"follow","max-snippet":"max-snippet:-1","max-image-preview":"max-image-preview:large","max-video-preview":"max-video-preview:-1"},"canonical":"https:\/\/www.seeer-tn.com\/en\/produit\/slot-wedge-cer\/","og_locale":"en_US","og_type":"article","og_title":"Slot wedge CER | SEEER","og_description":"Model D (mm) E (mm) L (mm)   CER 5*2.5 5 2 1000   CER 5*2.5 5 2.5   CER 6*3 6 3   CER 7*2.5 7 2.5   CER 3*8 8 3   CER 8*4 8 4","og_url":"https:\/\/www.seeer-tn.com\/en\/produit\/slot-wedge-cer\/","og_site_name":"SEEER","article_modified_time":"2024-09-20T16:32:10+00:00","og_image":[{"width":1000,"height":1000,"url":"https:\/\/www.seeer-tn.com\/wp-content\/uploads\/2023\/08\/CER.jpg","type":"image\/jpeg"}],"twitter_card":"summary_large_image","twitter_misc":{"Est. reading time":"1 minute"},"schema":{"@context":"https:\/\/schema.org","@graph":[{"@type":"WebPage","@id":"https:\/\/www.seeer-tn.com\/en\/produit\/slot-wedge-cer\/","url":"https:\/\/www.seeer-tn.com\/en\/produit\/slot-wedge-cer\/","name":"Slot wedge CER | SEEER","isPartOf":{"@id":"https:\/\/www.seeer-tn.com\/#website"},"primaryImageOfPage":{"@id":"https:\/\/www.seeer-tn.com\/en\/produit\/slot-wedge-cer\/#primaryimage"},"image":{"@id":"https:\/\/www.seeer-tn.com\/en\/produit\/slot-wedge-cer\/#primaryimage"},"thumbnailUrl":"https:\/\/www.seeer-tn.com\/wp-content\/uploads\/2023\/08\/CER.jpg","datePublished":"2023-08-08T10:26:29+00:00","dateModified":"2024-09-20T16:32:10+00:00","description":"Model D (mm) E (mm) L (mm) CER 5*2.5 5 2 1000 CER 5*2.5 5 2.5 CER 6*3 6 3 CER 7*2.5 7 2.5 CER 3*8 8 3 CER 8*4 8 4","breadcrumb":{"@id":"https:\/\/www.seeer-tn.com\/en\/produit\/slot-wedge-cer\/#breadcrumb"},"inLanguage":"en-US","potentialAction":[{"@type":"ReadAction","target":["https:\/\/www.seeer-tn.com\/en\/produit\/slot-wedge-cer\/"]}]},{"@type":"ImageObject","inLanguage":"en-US","@id":"https:\/\/www.seeer-tn.com\/en\/produit\/slot-wedge-cer\/#primaryimage","url":"https:\/\/www.seeer-tn.com\/wp-content\/uploads\/2023\/08\/CER.jpg","contentUrl":"https:\/\/www.seeer-tn.com\/wp-content\/uploads\/2023\/08\/CER.jpg","width":1000,"height":1000,"caption":"Cale d\u2019encoche CER"},{"@type":"BreadcrumbList","@id":"https:\/\/www.seeer-tn.com\/en\/produit\/slot-wedge-cer\/#breadcrumb","itemListElement":[{"@type":"ListItem","position":1,"name":"Accueil","item":"https:\/\/www.seeer-tn.com\/en\/"},{"@type":"ListItem","position":2,"name":"Boutique","item":"https:\/\/www.seeer-tn.com\/boutique\/"},{"@type":"ListItem","position":3,"name":"Slot wedge CER"}]},{"@type":"WebSite","@id":"https:\/\/www.seeer-tn.com\/#website","url":"https:\/\/www.seeer-tn.com\/","name":"SEEER","description":"Soci\u00e9t\u00e9 d\u2019\u00e9quipement \u00e9lectrique \u00e9lectronique &amp; de Rebobinage","potentialAction":[{"@type":"SearchAction","target":{"@type":"EntryPoint","urlTemplate":"https:\/\/www.seeer-tn.com\/?s={search_term_string}"},"query-input":"required name=search_term_string"}],"inLanguage":"en-US"}]}},"_links":{"self":[{"href":"https:\/\/www.seeer-tn.com\/en\/wp-json\/wp\/v2\/product\/13742","targetHints":{"allow":["GET"]}}],"collection":[{"href":"https:\/\/www.seeer-tn.com\/en\/wp-json\/wp\/v2\/product"}],"about":[{"href":"https:\/\/www.seeer-tn.com\/en\/wp-json\/wp\/v2\/types\/product"}],"wp:featuredmedia":[{"embeddable":true,"href":"https:\/\/www.seeer-tn.com\/en\/wp-json\/wp\/v2\/media\/8051"}],"wp:attachment":[{"href":"https:\/\/www.seeer-tn.com\/en\/wp-json\/wp\/v2\/media?parent=13742"}],"wp:term":[{"taxonomy":"product_cat","embeddable":true,"href":"https:\/\/www.seeer-tn.com\/en\/wp-json\/wp\/v2\/product_cat?post=13742"},{"taxonomy":"product_tag","embeddable":true,"href":"https:\/\/www.seeer-tn.com\/en\/wp-json\/wp\/v2\/product_tag?post=13742"}],"curies":[{"name":"wp","href":"https:\/\/api.w.org\/{rel}","templated":true}]}}