{"id":13838,"date":"2023-08-09T14:50:41","date_gmt":"2023-08-09T12:50:41","guid":{"rendered":"https:\/\/www.seeer-tn.com\/?post_type=product&#038;p=13838"},"modified":"2024-09-21T18:14:04","modified_gmt":"2024-09-21T16:14:04","slug":"silicone-sleeving","status":"publish","type":"product","link":"https:\/\/www.seeer-tn.com\/en\/produit\/silicone-sleeving\/","title":{"rendered":"SILICONE SLEEVING"},"content":{"rendered":"<div class=\"wpb-content-wrapper\"><p>[vc_row][vc_column][vc_column_text woodmart_inline=&#8221;no&#8221; text_larger=&#8221;no&#8221;]<\/p>\n<table style=\"height: 237px;\" width=\"799\">\n<tbody>\n<tr>\n<td>\n<div class=\"sous-titre-prod\">Specifications:<\/div>\n<p>\u2022Temperature Class C<br \/>\n\u2022Continuous working temperature from -60\u00b0C to+ 250\u00b0C<br \/>\n\u2022Dielectric resistance 4000 V<br \/>\n\u2022Very flexible<br \/>\n\u2022Self-extinguishing<br \/>\n\u2022Good mechanical resistance<br \/>\n\u2022Good UV resistance<br \/>\n\u2022waterproof<\/p>\n<div class=\"sous-titre-prod\">Composition:<\/div>\n<p style=\"text-align: justify;\">SILICONE sleeving is a fiberglass sleeving coated with silicone rubber, with very good PVC sleeving dielectric characteristics. (Brick Red color )<\/p>\n<\/td>\n<td>\n<div class=\"sous-titre-prod\">Application:<\/div>\n<p style=\"text-align: justify;\">SILICONE sleeving is used in the electromechanical industry (motors, transformers, generators&#8230;), in the lighting and automotive industries&#8230;<\/p>\n<\/td>\n<\/tr>\n<\/tbody>\n<\/table>\n<p><a href=\"https:\/\/www.seeer-tn.com\/wp-content\/uploads\/2024\/02\/SILICONE-SLEEVING_compressed-1.pdf\" target=\"_blank\" rel=\"noopener\"><img loading=\"lazy\" decoding=\"async\" class=\"alignnone wp-image-7324\" src=\"https:\/\/www.seeer-tn.com\/wp-content\/uploads\/2022\/10\/PDF_file_icon.jpg\" alt=\"\" width=\"46\" height=\"57\" \/> Download PDF file<\/a>[\/vc_column_text][\/vc_column][\/vc_row]<\/p>\n<\/div>","protected":false},"excerpt":{"rendered":"<table width=\"407\">\n<tbody>\n<tr style=\"height: 56px;\">\n<td width=\"111\"><strong><span style=\"color: #007bc4;\">Model<\/span><\/strong><\/td>\n<td width=\"80\"><strong><span style=\"color: #007bc4;\">Diameter(mm) <\/span><\/strong><\/td>\n<td width=\"101\"><strong><span style=\"color: #007bc4;\">Packaging<\/span><\/strong><\/td>\n<td width=\"115\"><strong><span style=\"color: #007bc4;\">Unit (m)<\/span><\/strong><\/td>\n<\/tr>\n<tr style=\"background-color: #dfdfdf;\">\n<td width=\"111\"><strong><span style=\"color: #007bc4;\">G1S<\/span><\/strong><\/td>\n<td width=\"80\">1<\/td>\n<td rowspan=\"6\" width=\"101\" style=\"color: #007bc4; font-weight: bold;\">Roll of 100 m<\/td>\n<td rowspan=\"6\" width=\"115\" style=\"color: #007bc4; font-weight: bold;\">Meter<\/p>\n<p>or<\/p>\n<p>Roll<\/td>\n<\/tr>\n<tr style=\"background-color: #fefefe;\">\n<td width=\"111\"><strong><span style=\"color: #007bc4;\">G2S<\/span><\/strong><\/td>\n<td width=\"80\">2<\/td>\n<\/tr>\n<tr style=\"background-color: #dfdfdf;\">\n<td width=\"111\"><strong><span style=\"color: #007bc4;\">G3S<\/span><\/strong><\/td>\n<td width=\"80\">3<\/td>\n<\/tr>\n<tr style=\"background-color: #fefefe;\">\n<td width=\"111\"><strong><span style=\"color: #007bc4;\">G4S<\/span><\/strong><\/td>\n<td width=\"80\">4<\/td>\n<\/tr>\n<tr style=\"background-color: #dfdfdf;\">\n<td width=\"111\"><strong><span style=\"color: #007bc4;\">G5S<\/span><\/strong><\/td>\n<td width=\"80\">5<\/td>\n<\/tr>\n<tr style=\"background-color: #fefefe;\">\n<td width=\"111\"><strong><span style=\"color: #007bc4;\">G6S<\/span><\/strong><\/td>\n<td width=\"80\">6<\/td>\n<\/tr>\n<tr style=\"background-color: #dfdfdf;\">\n<td width=\"111\"><strong><span style=\"color: #007bc4;\">G8S<\/span><\/strong><\/td>\n<td width=\"80\">8<\/td>\n<td rowspan=\"4\" width=\"101\" style=\"color: #007bc4; font-weight: bold;\">Roll of 50 m<\/td>\n<td rowspan=\"4\" width=\"115\" style=\"color: #007bc4; font-weight: bold;\">Meter<\/p>\n<p>or<\/p>\n<p>Roll<\/td>\n<\/tr>\n<tr style=\"background-color: #fefefe;\">\n<td width=\"111\"><strong><span style=\"color: #007bc4;\">G10S<\/span><\/strong><\/td>\n<td width=\"80\">10<\/td>\n<\/tr>\n<tr style=\"background-color: #dfdfdf;\">\n<td width=\"111\"><strong><span style=\"color: #007bc4;\">G12S<\/span><\/strong><\/td>\n<td width=\"80\">12<\/td>\n<\/tr>\n<tr style=\"background-color: #fefefe;\">\n<td width=\"111\"><strong><span style=\"color: #007bc4;\">G14S<\/span><\/strong><\/td>\n<td width=\"80\">14<\/td>\n<\/tr>\n<tr style=\"background-color: #dfdfdf;\">\n<td width=\"111\"><strong><span style=\"color: #007bc4;\">G16S<\/span><\/strong><\/td>\n<td width=\"80\">16<\/td>\n<td style=\"background-color: #dfdfdf; color: #007bc4; font-weight: bold;\" rowspan=\"2\" width=\"101\">Roll of 25 m<\/td>\n<td style=\"background-color: #dfdfdf; color: #007bc4; font-weight: bold;\" rowspan=\"2\" width=\"115\">Meter or<\/p>\n<p>Roll<\/td>\n<\/tr>\n<tr style=\"background-color: #fefefe;\">\n<td width=\"111\"><strong><span style=\"color: #007bc4;\">G18S<\/span><\/strong><\/td>\n<td width=\"80\">18<\/td>\n<\/tr>\n<\/tbody>\n<\/table>\n","protected":false},"featured_media":8190,"template":"","meta":[],"product_cat":[103],"product_tag":[],"class_list":["post-13838","product","type-product","status-publish","has-post-thumbnail","hentry","product_cat-insulating-sleeving"],"acf":[],"yoast_head":"<!-- This site is optimized with the Yoast SEO plugin v23.3 - https:\/\/yoast.com\/wordpress\/plugins\/seo\/ -->\n<title>SILICONE SLEEVING | SEEER<\/title>\n<meta name=\"description\" content=\"Model Diameter(mm)  Packaging Unit (m)   G1S 1 Roll of 100 m Meter  or  Roll   G2S 2   G3S 3   G4S 4   G5S 5   G6S 6   G8S 8 Roll of 50 m Meter  or  Roll   G10S 10   G12S 12   G14S 14   G16S 16 Roll of 25 m Meter or  Roll   G18S 18\" \/>\n<meta name=\"robots\" content=\"index, follow, max-snippet:-1, max-image-preview:large, max-video-preview:-1\" \/>\n<link rel=\"canonical\" href=\"https:\/\/www.seeer-tn.com\/en\/produit\/silicone-sleeving\/\" \/>\n<meta property=\"og:locale\" content=\"en_US\" \/>\n<meta property=\"og:type\" content=\"article\" \/>\n<meta property=\"og:title\" content=\"SILICONE SLEEVING | SEEER\" \/>\n<meta property=\"og:description\" content=\"Model Diameter(mm)  Packaging Unit (m)   G1S 1 Roll of 100 m Meter  or  Roll   G2S 2   G3S 3   G4S 4   G5S 5   G6S 6   G8S 8 Roll of 50 m Meter  or  Roll   G10S 10   G12S 12   G14S 14   G16S 16 Roll of 25 m Meter or  Roll   G18S 18\" \/>\n<meta property=\"og:url\" content=\"https:\/\/www.seeer-tn.com\/en\/produit\/silicone-sleeving\/\" \/>\n<meta property=\"og:site_name\" content=\"SEEER\" \/>\n<meta property=\"article:modified_time\" content=\"2024-09-21T16:14:04+00:00\" \/>\n<meta property=\"og:image\" content=\"https:\/\/www.seeer-tn.com\/wp-content\/uploads\/2023\/08\/Silicone.jpg\" \/>\n\t<meta property=\"og:image:width\" content=\"1000\" \/>\n\t<meta property=\"og:image:height\" content=\"1000\" \/>\n\t<meta property=\"og:image:type\" content=\"image\/jpeg\" \/>\n<meta name=\"twitter:card\" content=\"summary_large_image\" \/>\n<meta name=\"twitter:label1\" content=\"Est. reading time\" \/>\n\t<meta name=\"twitter:data1\" content=\"1 minute\" \/>\n<script type=\"application\/ld+json\" class=\"yoast-schema-graph\">{\"@context\":\"https:\/\/schema.org\",\"@graph\":[{\"@type\":\"WebPage\",\"@id\":\"https:\/\/www.seeer-tn.com\/en\/produit\/silicone-sleeving\/\",\"url\":\"https:\/\/www.seeer-tn.com\/en\/produit\/silicone-sleeving\/\",\"name\":\"SILICONE SLEEVING | SEEER\",\"isPartOf\":{\"@id\":\"https:\/\/www.seeer-tn.com\/#website\"},\"primaryImageOfPage\":{\"@id\":\"https:\/\/www.seeer-tn.com\/en\/produit\/silicone-sleeving\/#primaryimage\"},\"image\":{\"@id\":\"https:\/\/www.seeer-tn.com\/en\/produit\/silicone-sleeving\/#primaryimage\"},\"thumbnailUrl\":\"https:\/\/www.seeer-tn.com\/wp-content\/uploads\/2023\/08\/Silicone.jpg\",\"datePublished\":\"2023-08-09T12:50:41+00:00\",\"dateModified\":\"2024-09-21T16:14:04+00:00\",\"description\":\"Model Diameter(mm) Packaging Unit (m) G1S 1 Roll of 100 m Meter or Roll G2S 2 G3S 3 G4S 4 G5S 5 G6S 6 G8S 8 Roll of 50 m Meter or Roll G10S 10 G12S 12 G14S 14 G16S 16 Roll of 25 m Meter or Roll G18S 18\",\"breadcrumb\":{\"@id\":\"https:\/\/www.seeer-tn.com\/en\/produit\/silicone-sleeving\/#breadcrumb\"},\"inLanguage\":\"en-US\",\"potentialAction\":[{\"@type\":\"ReadAction\",\"target\":[\"https:\/\/www.seeer-tn.com\/en\/produit\/silicone-sleeving\/\"]}]},{\"@type\":\"ImageObject\",\"inLanguage\":\"en-US\",\"@id\":\"https:\/\/www.seeer-tn.com\/en\/produit\/silicone-sleeving\/#primaryimage\",\"url\":\"https:\/\/www.seeer-tn.com\/wp-content\/uploads\/2023\/08\/Silicone.jpg\",\"contentUrl\":\"https:\/\/www.seeer-tn.com\/wp-content\/uploads\/2023\/08\/Silicone.jpg\",\"width\":1000,\"height\":1000,\"caption\":\"Gaine SILICONE\"},{\"@type\":\"BreadcrumbList\",\"@id\":\"https:\/\/www.seeer-tn.com\/en\/produit\/silicone-sleeving\/#breadcrumb\",\"itemListElement\":[{\"@type\":\"ListItem\",\"position\":1,\"name\":\"Accueil\",\"item\":\"https:\/\/www.seeer-tn.com\/en\/\"},{\"@type\":\"ListItem\",\"position\":2,\"name\":\"Boutique\",\"item\":\"https:\/\/www.seeer-tn.com\/boutique\/\"},{\"@type\":\"ListItem\",\"position\":3,\"name\":\"SILICONE SLEEVING\"}]},{\"@type\":\"WebSite\",\"@id\":\"https:\/\/www.seeer-tn.com\/#website\",\"url\":\"https:\/\/www.seeer-tn.com\/\",\"name\":\"SEEER\",\"description\":\"Soci\u00e9t\u00e9 d\u2019\u00e9quipement \u00e9lectrique \u00e9lectronique &amp; de Rebobinage\",\"potentialAction\":[{\"@type\":\"SearchAction\",\"target\":{\"@type\":\"EntryPoint\",\"urlTemplate\":\"https:\/\/www.seeer-tn.com\/?s={search_term_string}\"},\"query-input\":\"required name=search_term_string\"}],\"inLanguage\":\"en-US\"}]}<\/script>\n<!-- \/ Yoast SEO plugin. -->","yoast_head_json":{"title":"SILICONE SLEEVING | SEEER","description":"Model Diameter(mm)  Packaging Unit (m)   G1S 1 Roll of 100 m Meter  or  Roll   G2S 2   G3S 3   G4S 4   G5S 5   G6S 6   G8S 8 Roll of 50 m Meter  or  Roll   G10S 10   G12S 12   G14S 14   G16S 16 Roll of 25 m Meter or  Roll   G18S 18","robots":{"index":"index","follow":"follow","max-snippet":"max-snippet:-1","max-image-preview":"max-image-preview:large","max-video-preview":"max-video-preview:-1"},"canonical":"https:\/\/www.seeer-tn.com\/en\/produit\/silicone-sleeving\/","og_locale":"en_US","og_type":"article","og_title":"SILICONE SLEEVING | SEEER","og_description":"Model Diameter(mm)  Packaging Unit (m)   G1S 1 Roll of 100 m Meter  or  Roll   G2S 2   G3S 3   G4S 4   G5S 5   G6S 6   G8S 8 Roll of 50 m Meter  or  Roll   G10S 10   G12S 12   G14S 14   G16S 16 Roll of 25 m Meter or  Roll   G18S 18","og_url":"https:\/\/www.seeer-tn.com\/en\/produit\/silicone-sleeving\/","og_site_name":"SEEER","article_modified_time":"2024-09-21T16:14:04+00:00","og_image":[{"width":1000,"height":1000,"url":"https:\/\/www.seeer-tn.com\/wp-content\/uploads\/2023\/08\/Silicone.jpg","type":"image\/jpeg"}],"twitter_card":"summary_large_image","twitter_misc":{"Est. reading time":"1 minute"},"schema":{"@context":"https:\/\/schema.org","@graph":[{"@type":"WebPage","@id":"https:\/\/www.seeer-tn.com\/en\/produit\/silicone-sleeving\/","url":"https:\/\/www.seeer-tn.com\/en\/produit\/silicone-sleeving\/","name":"SILICONE SLEEVING | SEEER","isPartOf":{"@id":"https:\/\/www.seeer-tn.com\/#website"},"primaryImageOfPage":{"@id":"https:\/\/www.seeer-tn.com\/en\/produit\/silicone-sleeving\/#primaryimage"},"image":{"@id":"https:\/\/www.seeer-tn.com\/en\/produit\/silicone-sleeving\/#primaryimage"},"thumbnailUrl":"https:\/\/www.seeer-tn.com\/wp-content\/uploads\/2023\/08\/Silicone.jpg","datePublished":"2023-08-09T12:50:41+00:00","dateModified":"2024-09-21T16:14:04+00:00","description":"Model Diameter(mm) Packaging Unit (m) G1S 1 Roll of 100 m Meter or Roll G2S 2 G3S 3 G4S 4 G5S 5 G6S 6 G8S 8 Roll of 50 m Meter or Roll G10S 10 G12S 12 G14S 14 G16S 16 Roll of 25 m Meter or Roll G18S 18","breadcrumb":{"@id":"https:\/\/www.seeer-tn.com\/en\/produit\/silicone-sleeving\/#breadcrumb"},"inLanguage":"en-US","potentialAction":[{"@type":"ReadAction","target":["https:\/\/www.seeer-tn.com\/en\/produit\/silicone-sleeving\/"]}]},{"@type":"ImageObject","inLanguage":"en-US","@id":"https:\/\/www.seeer-tn.com\/en\/produit\/silicone-sleeving\/#primaryimage","url":"https:\/\/www.seeer-tn.com\/wp-content\/uploads\/2023\/08\/Silicone.jpg","contentUrl":"https:\/\/www.seeer-tn.com\/wp-content\/uploads\/2023\/08\/Silicone.jpg","width":1000,"height":1000,"caption":"Gaine SILICONE"},{"@type":"BreadcrumbList","@id":"https:\/\/www.seeer-tn.com\/en\/produit\/silicone-sleeving\/#breadcrumb","itemListElement":[{"@type":"ListItem","position":1,"name":"Accueil","item":"https:\/\/www.seeer-tn.com\/en\/"},{"@type":"ListItem","position":2,"name":"Boutique","item":"https:\/\/www.seeer-tn.com\/boutique\/"},{"@type":"ListItem","position":3,"name":"SILICONE SLEEVING"}]},{"@type":"WebSite","@id":"https:\/\/www.seeer-tn.com\/#website","url":"https:\/\/www.seeer-tn.com\/","name":"SEEER","description":"Soci\u00e9t\u00e9 d\u2019\u00e9quipement \u00e9lectrique \u00e9lectronique &amp; de Rebobinage","potentialAction":[{"@type":"SearchAction","target":{"@type":"EntryPoint","urlTemplate":"https:\/\/www.seeer-tn.com\/?s={search_term_string}"},"query-input":"required name=search_term_string"}],"inLanguage":"en-US"}]}},"_links":{"self":[{"href":"https:\/\/www.seeer-tn.com\/en\/wp-json\/wp\/v2\/product\/13838","targetHints":{"allow":["GET"]}}],"collection":[{"href":"https:\/\/www.seeer-tn.com\/en\/wp-json\/wp\/v2\/product"}],"about":[{"href":"https:\/\/www.seeer-tn.com\/en\/wp-json\/wp\/v2\/types\/product"}],"wp:featuredmedia":[{"embeddable":true,"href":"https:\/\/www.seeer-tn.com\/en\/wp-json\/wp\/v2\/media\/8190"}],"wp:attachment":[{"href":"https:\/\/www.seeer-tn.com\/en\/wp-json\/wp\/v2\/media?parent=13838"}],"wp:term":[{"taxonomy":"product_cat","embeddable":true,"href":"https:\/\/www.seeer-tn.com\/en\/wp-json\/wp\/v2\/product_cat?post=13838"},{"taxonomy":"product_tag","embeddable":true,"href":"https:\/\/www.seeer-tn.com\/en\/wp-json\/wp\/v2\/product_tag?post=13838"}],"curies":[{"name":"wp","href":"https:\/\/api.w.org\/{rel}","templated":true}]}}