{"id":13842,"date":"2023-08-09T15:06:33","date_gmt":"2023-08-09T13:06:33","guid":{"rendered":"https:\/\/www.seeer-tn.com\/?post_type=product&#038;p=13842"},"modified":"2024-09-21T18:42:00","modified_gmt":"2024-09-21T16:42:00","slug":"pvc-sleeving","status":"publish","type":"product","link":"https:\/\/www.seeer-tn.com\/en\/produit\/pvc-sleeving\/","title":{"rendered":"PVC Sleeving"},"content":{"rendered":"<div class=\"wpb-content-wrapper\"><p>[vc_row][vc_column][vc_column_text woodmart_inline=&#8221;no&#8221; text_larger=&#8221;no&#8221;]<\/p>\n<table>\n<tbody>\n<tr>\n<td style=\"text-align: left;\">\n<div class=\"sous-titre-prod\">Specifications :<\/div>\n<p>Class B<br \/>\nBreakdown voltage 2500 V<br \/>\nBending test: No visible cracking or<br \/>\ndetachment of coating after bending for 96 hours at 130\u00b0C or at -25\u00b0C.<\/p>\n<div class=\"sous-titre-prod\">Composition :<\/div>\n<p style=\"text-align: justify;\">PVC sleeving is a PVC-coated fiberglass sheath with excellent dielectric properties, widely used for motor applications.<\/p>\n<\/td>\n<td>\n<div class=\"sous-titre-prod\">Application :<\/div>\n<p style=\"text-align: justify;\">PVC sleeving is used in the electrical industry in general, particularly in the manufacture or repair of motors and low-voltage transformers, with good dielectric strength.<\/p>\n<\/td>\n<\/tr>\n<\/tbody>\n<\/table>\n<p><a href=\"https:\/\/www.seeer-tn.com\/wp-content\/uploads\/2024\/02\/PVC-Sleeving_compressed.pdf\" target=\"_blank\" rel=\"noopener\"><img loading=\"lazy\" decoding=\"async\" class=\"alignnone wp-image-7324\" src=\"https:\/\/www.seeer-tn.com\/wp-content\/uploads\/2022\/10\/PDF_file_icon.jpg\" alt=\"\" width=\"46\" height=\"57\" \/> Download PDF file<\/a>[\/vc_column_text][\/vc_column][\/vc_row]<\/p>\n<\/div>","protected":false},"excerpt":{"rendered":"<table width=\"361\">\n<tbody>\n<tr style=\"height: 56px;\">\n<td width=\"63\"><strong><span style=\"color: #007bc4;\">Model<\/span><\/strong><\/td>\n<td width=\"75\"><strong><span style=\"color: #007bc4;\">Diameter (mm) <\/span><\/strong><\/td>\n<td width=\"99\"><strong><span style=\"color: #007bc4;\">Packaging<\/span><\/strong><\/td>\n<td width=\"125\"><strong><span style=\"color: #007bc4;\">Unit (m)<\/span><\/strong><\/td>\n<\/tr>\n<tr style=\"background-color: #dfdfdf;\">\n<td width=\"63\"><strong><span style=\"color: #007bc4;\">G1<\/span><\/strong><\/td>\n<td width=\"75\">1<\/td>\n<td rowspan=\"8\" width=\"99\" style=\"color: #007bc4; font-weight: bold;\">Roll of 100<\/td>\n<td rowspan=\"8\" width=\"125\" style=\"color: #007bc4; font-weight: bold;\">Meter<\/p>\n<p>or<\/p>\n<p>Roll<\/td>\n<\/tr>\n<tr style=\"background-color: #fefefe;\">\n<td width=\"63\"><strong><span style=\"color: #007bc4;\">G2<\/span><\/strong><\/td>\n<td width=\"75\">2<\/td>\n<\/tr>\n<tr style=\"background-color: #dfdfdf;\">\n<td width=\"63\"><strong><span style=\"color: #007bc4;\">G3<\/span><\/strong><\/td>\n<td width=\"75\">3<\/td>\n<\/tr>\n<tr style=\"background-color: #fefefe;\">\n<td width=\"63\"><strong><span style=\"color: #007bc4;\">G4<\/span><\/strong><\/td>\n<td width=\"75\">4<\/td>\n<\/tr>\n<tr style=\"background-color: #dfdfdf;\">\n<td width=\"63\"><strong><span style=\"color: #007bc4;\">G5<\/span><\/strong><\/td>\n<td width=\"75\">5<\/td>\n<\/tr>\n<tr style=\"background-color: #fefefe;\">\n<td width=\"63\"><strong><span style=\"color: #007bc4;\">G6<\/span><\/strong><\/td>\n<td width=\"75\">6<\/td>\n<\/tr>\n<tr style=\"background-color: #dfdfdf;\">\n<td width=\"63\"><strong><span style=\"color: #007bc4;\">G7<\/span><\/strong><\/td>\n<td width=\"75\">7<\/td>\n<\/tr>\n<tr style=\"background-color: #fefefe;\">\n<td width=\"63\"><strong><span style=\"color: #007bc4;\">G8<\/span><\/strong><\/td>\n<td width=\"75\">8<\/td>\n<\/tr>\n<tr style=\"background-color: #dfdfdf;\">\n<td width=\"63\"><strong><span style=\"color: #007bc4;\">G10<\/span><\/strong><\/td>\n<td width=\"75\">10<\/td>\n<td rowspan=\"4\" width=\"99\" style=\"color: #007bc4; font-weight: bold;\">Roll of 50 m<\/td>\n<td rowspan=\"4\" width=\"125\" style=\"color: #007bc4; font-weight: bold;\">Metre<\/p>\n<p>or<\/p>\n<p>Roll<\/td>\n<\/tr>\n<tr style=\"background-color: #fefefe;\">\n<td width=\"63\"><strong><span style=\"color: #007bc4;\">G12<\/span><\/strong><\/td>\n<td width=\"75\">12<\/td>\n<\/tr>\n<tr style=\"background-color: #dfdfdf;\">\n<td width=\"63\"><strong><span style=\"color: #007bc4;\">G14<\/span><\/strong><\/td>\n<td width=\"75\">14<\/td>\n<\/tr>\n<tr style=\"background-color: #fefefe;\">\n<td width=\"63\"><strong><span style=\"color: #007bc4;\">G16<\/span><\/strong><\/td>\n<td width=\"75\">16<\/td>\n<\/tr>\n<tr style=\"background-color: #dfdfdf;\">\n<td width=\"63\"><strong><span style=\"color: #007bc4;\">G18<\/span><\/strong><\/td>\n<td width=\"75\">18<\/td>\n<td rowspan=\"4\" width=\"99\" style=\"color: #007bc4; font-weight: bold;\">Roll of 25 m<\/td>\n<td rowspan=\"4\" width=\"125\" style=\"color: #007bc4; font-weight: bold;\">Metre<\/p>\n<p>or<\/p>\n<p>Roll<\/td>\n<\/tr>\n<tr style=\"background-color: #fefefe;\">\n<td width=\"63\"><strong><span style=\"color: #007bc4;\">G20<\/span><\/strong><\/td>\n<td width=\"75\">20<\/td>\n<\/tr>\n<tr style=\"background-color: #dfdfdf;\">\n<td width=\"63\"><strong><span style=\"color: #007bc4;\">G25<\/span><\/strong><\/td>\n<td width=\"75\">25<\/td>\n<\/tr>\n<tr style=\"background-color: #fefefe;\">\n<td width=\"63\"><strong><span style=\"color: #007bc4;\">G30<\/span><\/strong><\/td>\n<td width=\"75\">30<\/td>\n<\/tr>\n<\/tbody>\n<\/table>\n","protected":false},"featured_media":8193,"template":"","meta":[],"product_cat":[103],"product_tag":[],"class_list":["post-13842","product","type-product","status-publish","has-post-thumbnail","hentry","product_cat-insulating-sleeving"],"acf":[],"yoast_head":"<!-- This site is optimized with the Yoast SEO plugin v23.3 - https:\/\/yoast.com\/wordpress\/plugins\/seo\/ -->\n<title>PVC Sleeving | SEEER<\/title>\n<meta name=\"description\" content=\"Model Diameter (mm)  Packaging Unit (m)   G1 1 Roll of 100 Meter  or  Roll   G2 2   G3 3   G4 4   G5 5   G6 6   G7 7   G8 8   G10 10 Roll of 50 m Metre  or  Roll   G12 12   G14 14   G16 16   G18 18 Roll of 25 m Metre  or  Roll   G20 20   G25 25   G30 30\" \/>\n<meta name=\"robots\" content=\"index, follow, max-snippet:-1, max-image-preview:large, max-video-preview:-1\" \/>\n<link rel=\"canonical\" href=\"https:\/\/www.seeer-tn.com\/en\/produit\/pvc-sleeving\/\" \/>\n<meta property=\"og:locale\" content=\"en_US\" \/>\n<meta property=\"og:type\" content=\"article\" \/>\n<meta property=\"og:title\" content=\"PVC Sleeving | SEEER\" \/>\n<meta property=\"og:description\" content=\"Model Diameter (mm)  Packaging Unit (m)   G1 1 Roll of 100 Meter  or  Roll   G2 2   G3 3   G4 4   G5 5   G6 6   G7 7   G8 8   G10 10 Roll of 50 m Metre  or  Roll   G12 12   G14 14   G16 16   G18 18 Roll of 25 m Metre  or  Roll   G20 20   G25 25   G30 30\" \/>\n<meta property=\"og:url\" content=\"https:\/\/www.seeer-tn.com\/en\/produit\/pvc-sleeving\/\" \/>\n<meta property=\"og:site_name\" content=\"SEEER\" \/>\n<meta property=\"article:modified_time\" content=\"2024-09-21T16:42:00+00:00\" \/>\n<meta property=\"og:image\" content=\"https:\/\/www.seeer-tn.com\/wp-content\/uploads\/2023\/08\/Gaine-PVC.jpg\" \/>\n\t<meta property=\"og:image:width\" content=\"1000\" \/>\n\t<meta property=\"og:image:height\" content=\"1000\" \/>\n\t<meta property=\"og:image:type\" content=\"image\/jpeg\" \/>\n<meta name=\"twitter:card\" content=\"summary_large_image\" \/>\n<meta name=\"twitter:label1\" content=\"Est. reading time\" \/>\n\t<meta name=\"twitter:data1\" content=\"1 minute\" \/>\n<script type=\"application\/ld+json\" class=\"yoast-schema-graph\">{\"@context\":\"https:\/\/schema.org\",\"@graph\":[{\"@type\":\"WebPage\",\"@id\":\"https:\/\/www.seeer-tn.com\/en\/produit\/pvc-sleeving\/\",\"url\":\"https:\/\/www.seeer-tn.com\/en\/produit\/pvc-sleeving\/\",\"name\":\"PVC Sleeving | SEEER\",\"isPartOf\":{\"@id\":\"https:\/\/www.seeer-tn.com\/#website\"},\"primaryImageOfPage\":{\"@id\":\"https:\/\/www.seeer-tn.com\/en\/produit\/pvc-sleeving\/#primaryimage\"},\"image\":{\"@id\":\"https:\/\/www.seeer-tn.com\/en\/produit\/pvc-sleeving\/#primaryimage\"},\"thumbnailUrl\":\"https:\/\/www.seeer-tn.com\/wp-content\/uploads\/2023\/08\/Gaine-PVC.jpg\",\"datePublished\":\"2023-08-09T13:06:33+00:00\",\"dateModified\":\"2024-09-21T16:42:00+00:00\",\"description\":\"Model Diameter (mm) Packaging Unit (m) G1 1 Roll of 100 Meter or Roll G2 2 G3 3 G4 4 G5 5 G6 6 G7 7 G8 8 G10 10 Roll of 50 m Metre or Roll G12 12 G14 14 G16 16 G18 18 Roll of 25 m Metre or Roll G20 20 G25 25 G30 30\",\"breadcrumb\":{\"@id\":\"https:\/\/www.seeer-tn.com\/en\/produit\/pvc-sleeving\/#breadcrumb\"},\"inLanguage\":\"en-US\",\"potentialAction\":[{\"@type\":\"ReadAction\",\"target\":[\"https:\/\/www.seeer-tn.com\/en\/produit\/pvc-sleeving\/\"]}]},{\"@type\":\"ImageObject\",\"inLanguage\":\"en-US\",\"@id\":\"https:\/\/www.seeer-tn.com\/en\/produit\/pvc-sleeving\/#primaryimage\",\"url\":\"https:\/\/www.seeer-tn.com\/wp-content\/uploads\/2023\/08\/Gaine-PVC.jpg\",\"contentUrl\":\"https:\/\/www.seeer-tn.com\/wp-content\/uploads\/2023\/08\/Gaine-PVC.jpg\",\"width\":1000,\"height\":1000,\"caption\":\"Gaine PVC\"},{\"@type\":\"BreadcrumbList\",\"@id\":\"https:\/\/www.seeer-tn.com\/en\/produit\/pvc-sleeving\/#breadcrumb\",\"itemListElement\":[{\"@type\":\"ListItem\",\"position\":1,\"name\":\"Accueil\",\"item\":\"https:\/\/www.seeer-tn.com\/en\/\"},{\"@type\":\"ListItem\",\"position\":2,\"name\":\"Boutique\",\"item\":\"https:\/\/www.seeer-tn.com\/boutique\/\"},{\"@type\":\"ListItem\",\"position\":3,\"name\":\"PVC Sleeving\"}]},{\"@type\":\"WebSite\",\"@id\":\"https:\/\/www.seeer-tn.com\/#website\",\"url\":\"https:\/\/www.seeer-tn.com\/\",\"name\":\"SEEER\",\"description\":\"Soci\u00e9t\u00e9 d\u2019\u00e9quipement \u00e9lectrique \u00e9lectronique &amp; de Rebobinage\",\"potentialAction\":[{\"@type\":\"SearchAction\",\"target\":{\"@type\":\"EntryPoint\",\"urlTemplate\":\"https:\/\/www.seeer-tn.com\/?s={search_term_string}\"},\"query-input\":\"required name=search_term_string\"}],\"inLanguage\":\"en-US\"}]}<\/script>\n<!-- \/ Yoast SEO plugin. -->","yoast_head_json":{"title":"PVC Sleeving | SEEER","description":"Model Diameter (mm)  Packaging Unit (m)   G1 1 Roll of 100 Meter  or  Roll   G2 2   G3 3   G4 4   G5 5   G6 6   G7 7   G8 8   G10 10 Roll of 50 m Metre  or  Roll   G12 12   G14 14   G16 16   G18 18 Roll of 25 m Metre  or  Roll   G20 20   G25 25   G30 30","robots":{"index":"index","follow":"follow","max-snippet":"max-snippet:-1","max-image-preview":"max-image-preview:large","max-video-preview":"max-video-preview:-1"},"canonical":"https:\/\/www.seeer-tn.com\/en\/produit\/pvc-sleeving\/","og_locale":"en_US","og_type":"article","og_title":"PVC Sleeving | SEEER","og_description":"Model Diameter (mm)  Packaging Unit (m)   G1 1 Roll of 100 Meter  or  Roll   G2 2   G3 3   G4 4   G5 5   G6 6   G7 7   G8 8   G10 10 Roll of 50 m Metre  or  Roll   G12 12   G14 14   G16 16   G18 18 Roll of 25 m Metre  or  Roll   G20 20   G25 25   G30 30","og_url":"https:\/\/www.seeer-tn.com\/en\/produit\/pvc-sleeving\/","og_site_name":"SEEER","article_modified_time":"2024-09-21T16:42:00+00:00","og_image":[{"width":1000,"height":1000,"url":"https:\/\/www.seeer-tn.com\/wp-content\/uploads\/2023\/08\/Gaine-PVC.jpg","type":"image\/jpeg"}],"twitter_card":"summary_large_image","twitter_misc":{"Est. reading time":"1 minute"},"schema":{"@context":"https:\/\/schema.org","@graph":[{"@type":"WebPage","@id":"https:\/\/www.seeer-tn.com\/en\/produit\/pvc-sleeving\/","url":"https:\/\/www.seeer-tn.com\/en\/produit\/pvc-sleeving\/","name":"PVC Sleeving | SEEER","isPartOf":{"@id":"https:\/\/www.seeer-tn.com\/#website"},"primaryImageOfPage":{"@id":"https:\/\/www.seeer-tn.com\/en\/produit\/pvc-sleeving\/#primaryimage"},"image":{"@id":"https:\/\/www.seeer-tn.com\/en\/produit\/pvc-sleeving\/#primaryimage"},"thumbnailUrl":"https:\/\/www.seeer-tn.com\/wp-content\/uploads\/2023\/08\/Gaine-PVC.jpg","datePublished":"2023-08-09T13:06:33+00:00","dateModified":"2024-09-21T16:42:00+00:00","description":"Model Diameter (mm) Packaging Unit (m) G1 1 Roll of 100 Meter or Roll G2 2 G3 3 G4 4 G5 5 G6 6 G7 7 G8 8 G10 10 Roll of 50 m Metre or Roll G12 12 G14 14 G16 16 G18 18 Roll of 25 m Metre or Roll G20 20 G25 25 G30 30","breadcrumb":{"@id":"https:\/\/www.seeer-tn.com\/en\/produit\/pvc-sleeving\/#breadcrumb"},"inLanguage":"en-US","potentialAction":[{"@type":"ReadAction","target":["https:\/\/www.seeer-tn.com\/en\/produit\/pvc-sleeving\/"]}]},{"@type":"ImageObject","inLanguage":"en-US","@id":"https:\/\/www.seeer-tn.com\/en\/produit\/pvc-sleeving\/#primaryimage","url":"https:\/\/www.seeer-tn.com\/wp-content\/uploads\/2023\/08\/Gaine-PVC.jpg","contentUrl":"https:\/\/www.seeer-tn.com\/wp-content\/uploads\/2023\/08\/Gaine-PVC.jpg","width":1000,"height":1000,"caption":"Gaine PVC"},{"@type":"BreadcrumbList","@id":"https:\/\/www.seeer-tn.com\/en\/produit\/pvc-sleeving\/#breadcrumb","itemListElement":[{"@type":"ListItem","position":1,"name":"Accueil","item":"https:\/\/www.seeer-tn.com\/en\/"},{"@type":"ListItem","position":2,"name":"Boutique","item":"https:\/\/www.seeer-tn.com\/boutique\/"},{"@type":"ListItem","position":3,"name":"PVC Sleeving"}]},{"@type":"WebSite","@id":"https:\/\/www.seeer-tn.com\/#website","url":"https:\/\/www.seeer-tn.com\/","name":"SEEER","description":"Soci\u00e9t\u00e9 d\u2019\u00e9quipement \u00e9lectrique \u00e9lectronique &amp; de Rebobinage","potentialAction":[{"@type":"SearchAction","target":{"@type":"EntryPoint","urlTemplate":"https:\/\/www.seeer-tn.com\/?s={search_term_string}"},"query-input":"required name=search_term_string"}],"inLanguage":"en-US"}]}},"_links":{"self":[{"href":"https:\/\/www.seeer-tn.com\/en\/wp-json\/wp\/v2\/product\/13842","targetHints":{"allow":["GET"]}}],"collection":[{"href":"https:\/\/www.seeer-tn.com\/en\/wp-json\/wp\/v2\/product"}],"about":[{"href":"https:\/\/www.seeer-tn.com\/en\/wp-json\/wp\/v2\/types\/product"}],"wp:featuredmedia":[{"embeddable":true,"href":"https:\/\/www.seeer-tn.com\/en\/wp-json\/wp\/v2\/media\/8193"}],"wp:attachment":[{"href":"https:\/\/www.seeer-tn.com\/en\/wp-json\/wp\/v2\/media?parent=13842"}],"wp:term":[{"taxonomy":"product_cat","embeddable":true,"href":"https:\/\/www.seeer-tn.com\/en\/wp-json\/wp\/v2\/product_cat?post=13842"},{"taxonomy":"product_tag","embeddable":true,"href":"https:\/\/www.seeer-tn.com\/en\/wp-json\/wp\/v2\/product_tag?post=13842"}],"curies":[{"name":"wp","href":"https:\/\/api.w.org\/{rel}","templated":true}]}}