{"id":13846,"date":"2023-08-11T09:32:16","date_gmt":"2023-08-11T07:32:16","guid":{"rendered":"https:\/\/www.seeer-tn.com\/?post_type=product&#038;p=13846"},"modified":"2024-09-20T14:58:03","modified_gmt":"2024-09-20T12:58:03","slug":"mechanical-seal-p960","status":"publish","type":"product","link":"https:\/\/www.seeer-tn.com\/en\/produit\/mechanical-seal-p960\/","title":{"rendered":"Mechanical seal P960"},"content":{"rendered":"<div class=\"wpb-content-wrapper\"><p>[vc_row][vc_column][vc_column_text woodmart_inline=&#8221;no&#8221; text_larger=&#8221;no&#8221;]<\/p>\n<table>\n<tbody>\n<tr>\n<td style=\"text-align: left;\">\n<div class=\"sous-titre-prod\" style=\"font-size: 12px;\">Application :<\/div>\n<p>Used for cooling and centrifugal pumps. Submersible pumps and industrial pumps in general.<\/p>\n<div class=\"sous-titre-prod\" style=\"font-size: 12px;\">Component materials P960:<\/div>\n<p>Fixed ring: Ceramic<br \/>\nRotating ring: Carbon<br \/>\nSecondary seal: NBR<br \/>\nSpring &amp; others: SUS304<\/td>\n<td>\n<div class=\"sous-titre-prod\" style=\"font-size: 12px;\">Allowable limits P960 :<\/div>\n<p>Pressure : 0.8MPa<br \/>\nVelocity : 10m\/s<br \/>\nTemperature : &#8211; 40 &#8211; 150\u00b0C<\/td>\n<\/tr>\n<\/tbody>\n<\/table>\n<p><a href=\"https:\/\/www.seeer-tn.com\/wp-content\/uploads\/2024\/01\/P960_compressed.pdf\" target=\"_blank\" rel=\"noopener\"><img loading=\"lazy\" decoding=\"async\" class=\"alignnone wp-image-7324\" src=\"https:\/\/www.seeer-tn.com\/wp-content\/uploads\/2022\/10\/PDF_file_icon.jpg\" alt=\"\" width=\"46\" height=\"57\" \/> Download PDF file<\/a>[\/vc_column_text][\/vc_column][\/vc_row]<\/p>\n<\/div>","protected":false},"excerpt":{"rendered":"<table>\n<tbody>\n<tr style=\"height: 56px;\">\n<td width=\"80\"><strong><span style=\"color: #007bc4;\">Model<\/span><\/strong><\/td>\n<td width=\"80\"><strong><span style=\"color: #007bc4;\">D1<\/span><\/strong><\/td>\n<td width=\"80\"><strong><span style=\"color: #007bc4;\">D3<\/span><\/strong><\/td>\n<td width=\"80\"><strong><span style=\"color: #007bc4;\">D7<\/span><\/strong><\/td>\n<td width=\"80\"><strong><span style=\"color: #007bc4;\">L<\/span><\/strong><\/td>\n<td width=\"80\"><strong><span style=\"color: #007bc4;\">L3<\/span><\/strong><\/td>\n<td width=\"80\"><strong><span style=\"color: #007bc4;\">L4<\/span><\/strong><\/td>\n<\/tr>\n<tr style=\"background-color: #dfdfdf;\">\n<td width=\"80\"><strong><span style=\"color: #007bc4;\">P16-960<\/span><\/strong><\/td>\n<td width=\"80\">16<\/td>\n<td width=\"80\">26.5<\/td>\n<td width=\"80\">27<\/td>\n<td width=\"80\">36<\/td>\n<td width=\"80\">25.7<\/td>\n<td width=\"80\">10.3<\/td>\n<\/tr>\n<tr style=\"background-color: #fefefe;\">\n<td width=\"80\"><strong><span style=\"color: #007bc4;\">P18-960<\/span><\/strong><\/td>\n<td width=\"80\">18<\/td>\n<td width=\"80\">30.5<\/td>\n<td width=\"80\">33<\/td>\n<td width=\"80\">37 .5<\/td>\n<td width=\"80\">27.2<\/td>\n<td width=\"80\">10.3<\/td>\n<\/tr>\n<tr style=\"background-color: #dfdfdf;\">\n<td width=\"80\"><strong><span style=\"color: #007bc4;\">P20-960<\/span><\/strong><\/td>\n<td width=\"80\">20<\/td>\n<td width=\"80\">34<\/td>\n<td width=\"80\">35<\/td>\n<td width=\"80\">37.5<\/td>\n<td width=\"80\">27.2<\/td>\n<td width=\"80\">10.3<\/td>\n<\/tr>\n<tr style=\"background-color: #fefefe;\">\n<td width=\"80\"><strong><span style=\"color: #007bc4;\">P22-960<\/span><\/strong><\/td>\n<td width=\"80\">22<\/td>\n<td width=\"80\">34<\/td>\n<td width=\"80\">37<\/td>\n<td width=\"80\">38.2<\/td>\n<td width=\"80\">27.2<\/td>\n<td width=\"80\">11<\/td>\n<\/tr>\n<tr style=\"background-color: #dfdfdf;\">\n<td width=\"80\"><strong><span style=\"color: #007bc4;\">P24-960<\/span><\/strong><\/td>\n<td width=\"80\">24<\/td>\n<td width=\"80\">40<\/td>\n<td width=\"80\">39<\/td>\n<td width=\"80\">40<\/td>\n<td width=\"80\">29<\/td>\n<td width=\"80\">11<\/td>\n<\/tr>\n<tr style=\"background-color: #fefefe;\">\n<td width=\"80\"><strong><span style=\"color: #007bc4;\">P25-960<\/span><\/strong><\/td>\n<td width=\"80\">25<\/td>\n<td width=\"80\">40<\/td>\n<td width=\"80\">40<\/td>\n<td width=\"80\">40<\/td>\n<td width=\"80\">29<\/td>\n<td width=\"80\">11<\/td>\n<\/tr>\n<tr style=\"background-color: #dfdfdf;\">\n<td width=\"80\"><strong><span style=\"color: #007bc4;\">P28-960<\/span><\/strong><\/td>\n<td width=\"80\">28<\/td>\n<td width=\"80\">44.5<\/td>\n<td width=\"80\">43<\/td>\n<td width=\"80\">42.5<\/td>\n<td width=\"80\">31.5<\/td>\n<td width=\"80\">11<\/td>\n<\/tr>\n<tr style=\"background-color: #fefefe;\">\n<td width=\"80\"><strong><span style=\"color: #007bc4;\">P30-960<\/span><\/strong><\/td>\n<td width=\"80\">30<\/td>\n<td width=\"80\">46.5<\/td>\n<td width=\"80\">45<\/td>\n<td width=\"80\">42.5<\/td>\n<td width=\"80\">31.5<\/td>\n<td width=\"80\">11<\/td>\n<\/tr>\n<tr style=\"background-color: #dfdfdf;\">\n<td width=\"80\"><strong><span style=\"color: #007bc4;\">P32-960<\/span><\/strong><\/td>\n<td width=\"80\">32<\/td>\n<td width=\"80\">46.5<\/td>\n<td width=\"80\">48<\/td>\n<td width=\"80\">42.5<\/td>\n<td width=\"80\">31.5<\/td>\n<td width=\"80\">11<\/td>\n<\/tr>\n<tr style=\"background-color: #fefefe;\">\n<td width=\"80\"><strong><span style=\"color: #007bc4;\">P33-960<\/span><\/strong><\/td>\n<td width=\"80\">33<\/td>\n<td width=\"80\">50.5<\/td>\n<td width=\"80\">48<\/td>\n<td width=\"80\">42.5<\/td>\n<td width=\"80\">31.5<\/td>\n<td width=\"80\">11<\/td>\n<\/tr>\n<tr style=\"background-color: #dfdfdf;\">\n<td width=\"80\"><strong><span style=\"color: #007bc4;\">P35-960<\/span><\/strong><\/td>\n<td width=\"80\">35<\/td>\n<td width=\"80\">51.5<\/td>\n<td width=\"80\">50<\/td>\n<td width=\"80\">42.5<\/td>\n<td width=\"80\">31.5<\/td>\n<td width=\"80\">11<\/td>\n<\/tr>\n<tr style=\"background-color: #fefefe;\">\n<td width=\"80\"><strong><span style=\"color: #007bc4;\">P38-960<\/span><\/strong><\/td>\n<td width=\"80\">38<\/td>\n<td width=\"80\">54<\/td>\n<td width=\"80\">56<\/td>\n<td width=\"80\">45<\/td>\n<td width=\"80\">34<\/td>\n<td width=\"80\">11<\/td>\n<\/tr>\n<tr style=\"background-color: #dfdfdf;\">\n<td width=\"80\"><strong><span style=\"color: #007bc4;\">P40-960<\/span><\/strong><\/td>\n<td width=\"80\">40<\/td>\n<td width=\"80\">58<\/td>\n<td width=\"80\">58<\/td>\n<td width=\"80\">45<\/td>\n<td width=\"80\">32.3<\/td>\n<td width=\"80\">12.7<\/td>\n<\/tr>\n<tr style=\"background-color: #fefefe;\">\n<td width=\"80\"><strong><span style=\"color: #007bc4;\">P43-960<\/span><\/strong><\/td>\n<td width=\"80\">43<\/td>\n<td width=\"80\">61.5<\/td>\n<td width=\"80\">61<\/td>\n<td width=\"80\">45<\/td>\n<td width=\"80\">32.3<\/td>\n<td width=\"80\">12.7<\/td>\n<\/tr>\n<tr style=\"background-color: #dfdfdf;\">\n<td width=\"80\"><strong><span style=\"color: #007bc4;\">P45-960<\/span><\/strong><\/td>\n<td width=\"80\">45<\/td>\n<td width=\"80\">61.5<\/td>\n<td width=\"80\">63<\/td>\n<td width=\"80\">45<\/td>\n<td width=\"80\">32.3<\/td>\n<td width=\"80\">12.7<\/td>\n<\/tr>\n<tr style=\"background-color: #fefefe;\">\n<td width=\"80\"><strong><span style=\"color: #007bc4;\">P48-960<\/span><\/strong><\/td>\n<td width=\"80\">48<\/td>\n<td width=\"80\">65.5<\/td>\n<td width=\"80\">66<\/td>\n<td width=\"80\">45<\/td>\n<td width=\"80\">32.3<\/td>\n<td width=\"80\">12.7<\/td>\n<\/tr>\n<tr style=\"background-color: #dfdfdf;\">\n<td width=\"80\"><strong><span style=\"color: #007bc4;\">P50-960<\/span><\/strong><\/td>\n<td width=\"80\">50<\/td>\n<td width=\"80\">70<\/td>\n<td width=\"80\">70<\/td>\n<td width=\"80\">47.5<\/td>\n<td width=\"80\">34.8<\/td>\n<td width=\"80\">12.7<\/td>\n<\/tr>\n<tr style=\"background-color: #fefefe;\">\n<td width=\"80\"><strong><span style=\"color: #007bc4;\">P53-960<\/span><\/strong><\/td>\n<td width=\"80\">53<\/td>\n<td width=\"80\">74<\/td>\n<td width=\"80\">73<\/td>\n<td width=\"80\">47.5<\/td>\n<td width=\"80\">33.3<\/td>\n<td width=\"80\">13.5<\/td>\n<\/tr>\n<tr style=\"background-color: #dfdfdf;\">\n<td width=\"80\"><strong><span style=\"color: #007bc4;\">P55-960<\/span><\/strong><\/td>\n<td width=\"80\">55<\/td>\n<td width=\"80\">76<\/td>\n<td width=\"80\">75<\/td>\n<td width=\"80\">47.5<\/td>\n<td width=\"80\">33.3<\/td>\n<td width=\"80\">14.2<\/td>\n<\/tr>\n<tr style=\"background-color: #fefefe;\">\n<td width=\"80\"><strong><span style=\"color: #007bc4;\">P58-960<\/span><\/strong><\/td>\n<td width=\"80\">58<\/td>\n<td width=\"80\">79<\/td>\n<td width=\"80\">78<\/td>\n<td width=\"80\">52.5<\/td>\n<td width=\"80\">38.3<\/td>\n<td width=\"80\">14.2<\/td>\n<\/tr>\n<tr style=\"background-color: #dfdfdf;\">\n<td width=\"80\"><strong><span style=\"color: #007bc4;\">P60-960<\/span><\/strong><\/td>\n<td width=\"80\">60<\/td>\n<td width=\"80\">82<\/td>\n<td width=\"80\">80<\/td>\n<td width=\"80\">52.5<\/td>\n<td width=\"80\">38.3<\/td>\n<td width=\"80\">14.2<\/td>\n<\/tr>\n<tr style=\"background-color: #fefefe;\">\n<td width=\"80\"><strong><span style=\"color: #007bc4;\">P61-960<\/span><\/strong><\/td>\n<td width=\"80\">6.l<\/td>\n<td width=\"80\">87<\/td>\n<td width=\"80\">83<\/td>\n<td width=\"80\">52.5<\/td>\n<td width=\"80\">38.3<\/td>\n<td width=\"80\">14.2<\/td>\n<\/tr>\n<tr style=\"background-color: #dfdfdf;\">\n<td width=\"80\"><strong><span style=\"color: #007bc4;\">P65-960<\/span><\/strong><\/td>\n<td width=\"80\">65<\/td>\n<td width=\"80\">85<\/td>\n<td width=\"80\">85<\/td>\n<td width=\"80\">52<\/td>\n<td width=\"80\">36<\/td>\n<td width=\"80\">16<\/td>\n<\/tr>\n<tr style=\"background-color: #fefefe;\">\n<td width=\"80\"><strong><span style=\"color: #007bc4;\">P68-960<\/span><\/strong><\/td>\n<td width=\"80\">68<\/td>\n<td width=\"80\">915<\/td>\n<td width=\"80\">90<\/td>\n<td width=\"80\">52<\/td>\n<td width=\"80\">36<\/td>\n<td width=\"80\">16<\/td>\n<\/tr>\n<tr style=\"background-color: #dfdfdf;\">\n<td width=\"80\"><strong><span style=\"color: #007bc4;\">P70-960<\/span><\/strong><\/td>\n<td width=\"80\">70<\/td>\n<td width=\"80\">91.5<\/td>\n<td width=\"80\">92<\/td>\n<td width=\"80\">60<\/td>\n<td width=\"80\">44<\/td>\n<td width=\"80\">16<\/td>\n<\/tr>\n<tr style=\"background-color: #fefefe;\">\n<td width=\"80\"><strong><span style=\"color: #007bc4;\">P73-960<\/span><\/strong><\/td>\n<td width=\"80\">73<\/td>\n<td width=\"80\">99<\/td>\n<td width=\"80\">93<\/td>\n<td width=\"80\">60<\/td>\n<td width=\"80\">44<\/td>\n<td width=\"80\">16<\/td>\n<\/tr>\n<tr style=\"background-color: #dfdfdf;\">\n<td width=\"80\"><strong><span style=\"color: #007bc4;\">P75-960<\/span><\/strong><\/td>\n<td width=\"80\">75<\/td>\n<td width=\"80\">99<\/td>\n<td width=\"80\">91<\/td>\n<td width=\"80\">60<\/td>\n<td width=\"80\">44<\/td>\n<td width=\"80\">16<\/td>\n<\/tr>\n<\/tbody>\n<\/table>\n","protected":false},"featured_media":8259,"template":"","meta":[],"product_cat":[104],"product_tag":[],"class_list":["post-13846","product","type-product","status-publish","has-post-thumbnail","hentry","product_cat-mechanical-seal"],"acf":[],"yoast_head":"<!-- This site is optimized with the Yoast SEO plugin v23.3 - https:\/\/yoast.com\/wordpress\/plugins\/seo\/ -->\n<title>Mechanical seal P960 | SEEER<\/title>\n<meta name=\"description\" content=\"Model D1 D3 D7 L L3 L4   P16-960 16 26.5 27 36 25.7 10.3   P18-960 18 30.5 33 37 .5 27.2 10.3   P20-960 20 34 35 37.5 27.2 10.3   P22-960 22 34 37 38.2 27.2 11   P24-960 24 40 39 40 29 11   P25-960 25 40 40 40 29 11   P28-960 28 44.5 43 42.5 31.5 11   P30-960 30 46.5 45 42.5 31.5 11   P32-960 32 46.5 48 42.5 31.5 11   P33-960 33 50.5 48 42.5 31.5 11   P35-960 35 51.5 50 42.5 31.5 11   P38-960 38 54 56 45 34 11   P40-960 40 58 58 45 32.3 12.7   P43-960 43 61.5 61 45 32.3 12.7   P45-960 45 61.5 63 45 32.3 12.7   P48-960 48 65.5 66 45 32.3 12.7   P50-960 50 70 70 47.5 34.8 12.7   P53-960 53 74 73 47.5 33.3 13.5   P55-960 55 76 75 47.5 33.3 14.2   P58-960 58 79 78 52.5 38.3 14.2   P60-960 60 82 80 52.5 38.3 14.2   P61-960 6.l 87 83 52.5 38.3 14.2   P65-960 65 85 85 52 36 16   P68-960 68 915 90 52 36 16   P70-960 70 91.5 92 60 44 16   P73-960 73 99 93 60 44 16   P75-960 75 99 91 60 44 16\" \/>\n<meta name=\"robots\" content=\"index, follow, max-snippet:-1, max-image-preview:large, max-video-preview:-1\" \/>\n<link rel=\"canonical\" href=\"https:\/\/www.seeer-tn.com\/en\/produit\/mechanical-seal-p960\/\" \/>\n<meta property=\"og:locale\" content=\"en_US\" \/>\n<meta property=\"og:type\" content=\"article\" \/>\n<meta property=\"og:title\" content=\"Mechanical seal P960 | SEEER\" \/>\n<meta property=\"og:description\" content=\"Model D1 D3 D7 L L3 L4   P16-960 16 26.5 27 36 25.7 10.3   P18-960 18 30.5 33 37 .5 27.2 10.3   P20-960 20 34 35 37.5 27.2 10.3   P22-960 22 34 37 38.2 27.2 11   P24-960 24 40 39 40 29 11   P25-960 25 40 40 40 29 11   P28-960 28 44.5 43 42.5 31.5 11   P30-960 30 46.5 45 42.5 31.5 11   P32-960 32 46.5 48 42.5 31.5 11   P33-960 33 50.5 48 42.5 31.5 11   P35-960 35 51.5 50 42.5 31.5 11   P38-960 38 54 56 45 34 11   P40-960 40 58 58 45 32.3 12.7   P43-960 43 61.5 61 45 32.3 12.7   P45-960 45 61.5 63 45 32.3 12.7   P48-960 48 65.5 66 45 32.3 12.7   P50-960 50 70 70 47.5 34.8 12.7   P53-960 53 74 73 47.5 33.3 13.5   P55-960 55 76 75 47.5 33.3 14.2   P58-960 58 79 78 52.5 38.3 14.2   P60-960 60 82 80 52.5 38.3 14.2   P61-960 6.l 87 83 52.5 38.3 14.2   P65-960 65 85 85 52 36 16   P68-960 68 915 90 52 36 16   P70-960 70 91.5 92 60 44 16   P73-960 73 99 93 60 44 16   P75-960 75 99 91 60 44 16\" \/>\n<meta property=\"og:url\" content=\"https:\/\/www.seeer-tn.com\/en\/produit\/mechanical-seal-p960\/\" \/>\n<meta property=\"og:site_name\" content=\"SEEER\" \/>\n<meta property=\"article:modified_time\" content=\"2024-09-20T12:58:03+00:00\" \/>\n<meta property=\"og:image\" content=\"https:\/\/www.seeer-tn.com\/wp-content\/uploads\/2023\/08\/P960.jpg\" \/>\n\t<meta property=\"og:image:width\" content=\"1000\" \/>\n\t<meta property=\"og:image:height\" content=\"1000\" \/>\n\t<meta property=\"og:image:type\" content=\"image\/jpeg\" \/>\n<meta name=\"twitter:card\" content=\"summary_large_image\" \/>\n<meta name=\"twitter:label1\" content=\"Est. reading time\" \/>\n\t<meta name=\"twitter:data1\" content=\"1 minute\" \/>\n<script type=\"application\/ld+json\" class=\"yoast-schema-graph\">{\"@context\":\"https:\/\/schema.org\",\"@graph\":[{\"@type\":\"WebPage\",\"@id\":\"https:\/\/www.seeer-tn.com\/en\/produit\/mechanical-seal-p960\/\",\"url\":\"https:\/\/www.seeer-tn.com\/en\/produit\/mechanical-seal-p960\/\",\"name\":\"Mechanical seal P960 | SEEER\",\"isPartOf\":{\"@id\":\"https:\/\/www.seeer-tn.com\/#website\"},\"primaryImageOfPage\":{\"@id\":\"https:\/\/www.seeer-tn.com\/en\/produit\/mechanical-seal-p960\/#primaryimage\"},\"image\":{\"@id\":\"https:\/\/www.seeer-tn.com\/en\/produit\/mechanical-seal-p960\/#primaryimage\"},\"thumbnailUrl\":\"https:\/\/www.seeer-tn.com\/wp-content\/uploads\/2023\/08\/P960.jpg\",\"datePublished\":\"2023-08-11T07:32:16+00:00\",\"dateModified\":\"2024-09-20T12:58:03+00:00\",\"description\":\"Model D1 D3 D7 L L3 L4 P16-960 16 26.5 27 36 25.7 10.3 P18-960 18 30.5 33 37 .5 27.2 10.3 P20-960 20 34 35 37.5 27.2 10.3 P22-960 22 34 37 38.2 27.2 11 P24-960 24 40 39 40 29 11 P25-960 25 40 40 40 29 11 P28-960 28 44.5 43 42.5 31.5 11 P30-960 30 46.5 45 42.5 31.5 11 P32-960 32 46.5 48 42.5 31.5 11 P33-960 33 50.5 48 42.5 31.5 11 P35-960 35 51.5 50 42.5 31.5 11 P38-960 38 54 56 45 34 11 P40-960 40 58 58 45 32.3 12.7 P43-960 43 61.5 61 45 32.3 12.7 P45-960 45 61.5 63 45 32.3 12.7 P48-960 48 65.5 66 45 32.3 12.7 P50-960 50 70 70 47.5 34.8 12.7 P53-960 53 74 73 47.5 33.3 13.5 P55-960 55 76 75 47.5 33.3 14.2 P58-960 58 79 78 52.5 38.3 14.2 P60-960 60 82 80 52.5 38.3 14.2 P61-960 6.l 87 83 52.5 38.3 14.2 P65-960 65 85 85 52 36 16 P68-960 68 915 90 52 36 16 P70-960 70 91.5 92 60 44 16 P73-960 73 99 93 60 44 16 P75-960 75 99 91 60 44 16\",\"breadcrumb\":{\"@id\":\"https:\/\/www.seeer-tn.com\/en\/produit\/mechanical-seal-p960\/#breadcrumb\"},\"inLanguage\":\"en-US\",\"potentialAction\":[{\"@type\":\"ReadAction\",\"target\":[\"https:\/\/www.seeer-tn.com\/en\/produit\/mechanical-seal-p960\/\"]}]},{\"@type\":\"ImageObject\",\"inLanguage\":\"en-US\",\"@id\":\"https:\/\/www.seeer-tn.com\/en\/produit\/mechanical-seal-p960\/#primaryimage\",\"url\":\"https:\/\/www.seeer-tn.com\/wp-content\/uploads\/2023\/08\/P960.jpg\",\"contentUrl\":\"https:\/\/www.seeer-tn.com\/wp-content\/uploads\/2023\/08\/P960.jpg\",\"width\":1000,\"height\":1000,\"caption\":\"P960\"},{\"@type\":\"BreadcrumbList\",\"@id\":\"https:\/\/www.seeer-tn.com\/en\/produit\/mechanical-seal-p960\/#breadcrumb\",\"itemListElement\":[{\"@type\":\"ListItem\",\"position\":1,\"name\":\"Accueil\",\"item\":\"https:\/\/www.seeer-tn.com\/en\/\"},{\"@type\":\"ListItem\",\"position\":2,\"name\":\"Boutique\",\"item\":\"https:\/\/www.seeer-tn.com\/boutique\/\"},{\"@type\":\"ListItem\",\"position\":3,\"name\":\"Mechanical seal P960\"}]},{\"@type\":\"WebSite\",\"@id\":\"https:\/\/www.seeer-tn.com\/#website\",\"url\":\"https:\/\/www.seeer-tn.com\/\",\"name\":\"SEEER\",\"description\":\"Soci\u00e9t\u00e9 d\u2019\u00e9quipement \u00e9lectrique \u00e9lectronique &amp; de Rebobinage\",\"potentialAction\":[{\"@type\":\"SearchAction\",\"target\":{\"@type\":\"EntryPoint\",\"urlTemplate\":\"https:\/\/www.seeer-tn.com\/?s={search_term_string}\"},\"query-input\":\"required name=search_term_string\"}],\"inLanguage\":\"en-US\"}]}<\/script>\n<!-- \/ Yoast SEO plugin. -->","yoast_head_json":{"title":"Mechanical seal P960 | SEEER","description":"Model D1 D3 D7 L L3 L4   P16-960 16 26.5 27 36 25.7 10.3   P18-960 18 30.5 33 37 .5 27.2 10.3   P20-960 20 34 35 37.5 27.2 10.3   P22-960 22 34 37 38.2 27.2 11   P24-960 24 40 39 40 29 11   P25-960 25 40 40 40 29 11   P28-960 28 44.5 43 42.5 31.5 11   P30-960 30 46.5 45 42.5 31.5 11   P32-960 32 46.5 48 42.5 31.5 11   P33-960 33 50.5 48 42.5 31.5 11   P35-960 35 51.5 50 42.5 31.5 11   P38-960 38 54 56 45 34 11   P40-960 40 58 58 45 32.3 12.7   P43-960 43 61.5 61 45 32.3 12.7   P45-960 45 61.5 63 45 32.3 12.7   P48-960 48 65.5 66 45 32.3 12.7   P50-960 50 70 70 47.5 34.8 12.7   P53-960 53 74 73 47.5 33.3 13.5   P55-960 55 76 75 47.5 33.3 14.2   P58-960 58 79 78 52.5 38.3 14.2   P60-960 60 82 80 52.5 38.3 14.2   P61-960 6.l 87 83 52.5 38.3 14.2   P65-960 65 85 85 52 36 16   P68-960 68 915 90 52 36 16   P70-960 70 91.5 92 60 44 16   P73-960 73 99 93 60 44 16   P75-960 75 99 91 60 44 16","robots":{"index":"index","follow":"follow","max-snippet":"max-snippet:-1","max-image-preview":"max-image-preview:large","max-video-preview":"max-video-preview:-1"},"canonical":"https:\/\/www.seeer-tn.com\/en\/produit\/mechanical-seal-p960\/","og_locale":"en_US","og_type":"article","og_title":"Mechanical seal P960 | SEEER","og_description":"Model D1 D3 D7 L L3 L4   P16-960 16 26.5 27 36 25.7 10.3   P18-960 18 30.5 33 37 .5 27.2 10.3   P20-960 20 34 35 37.5 27.2 10.3   P22-960 22 34 37 38.2 27.2 11   P24-960 24 40 39 40 29 11   P25-960 25 40 40 40 29 11   P28-960 28 44.5 43 42.5 31.5 11   P30-960 30 46.5 45 42.5 31.5 11   P32-960 32 46.5 48 42.5 31.5 11   P33-960 33 50.5 48 42.5 31.5 11   P35-960 35 51.5 50 42.5 31.5 11   P38-960 38 54 56 45 34 11   P40-960 40 58 58 45 32.3 12.7   P43-960 43 61.5 61 45 32.3 12.7   P45-960 45 61.5 63 45 32.3 12.7   P48-960 48 65.5 66 45 32.3 12.7   P50-960 50 70 70 47.5 34.8 12.7   P53-960 53 74 73 47.5 33.3 13.5   P55-960 55 76 75 47.5 33.3 14.2   P58-960 58 79 78 52.5 38.3 14.2   P60-960 60 82 80 52.5 38.3 14.2   P61-960 6.l 87 83 52.5 38.3 14.2   P65-960 65 85 85 52 36 16   P68-960 68 915 90 52 36 16   P70-960 70 91.5 92 60 44 16   P73-960 73 99 93 60 44 16   P75-960 75 99 91 60 44 16","og_url":"https:\/\/www.seeer-tn.com\/en\/produit\/mechanical-seal-p960\/","og_site_name":"SEEER","article_modified_time":"2024-09-20T12:58:03+00:00","og_image":[{"width":1000,"height":1000,"url":"https:\/\/www.seeer-tn.com\/wp-content\/uploads\/2023\/08\/P960.jpg","type":"image\/jpeg"}],"twitter_card":"summary_large_image","twitter_misc":{"Est. reading time":"1 minute"},"schema":{"@context":"https:\/\/schema.org","@graph":[{"@type":"WebPage","@id":"https:\/\/www.seeer-tn.com\/en\/produit\/mechanical-seal-p960\/","url":"https:\/\/www.seeer-tn.com\/en\/produit\/mechanical-seal-p960\/","name":"Mechanical seal P960 | SEEER","isPartOf":{"@id":"https:\/\/www.seeer-tn.com\/#website"},"primaryImageOfPage":{"@id":"https:\/\/www.seeer-tn.com\/en\/produit\/mechanical-seal-p960\/#primaryimage"},"image":{"@id":"https:\/\/www.seeer-tn.com\/en\/produit\/mechanical-seal-p960\/#primaryimage"},"thumbnailUrl":"https:\/\/www.seeer-tn.com\/wp-content\/uploads\/2023\/08\/P960.jpg","datePublished":"2023-08-11T07:32:16+00:00","dateModified":"2024-09-20T12:58:03+00:00","description":"Model D1 D3 D7 L L3 L4 P16-960 16 26.5 27 36 25.7 10.3 P18-960 18 30.5 33 37 .5 27.2 10.3 P20-960 20 34 35 37.5 27.2 10.3 P22-960 22 34 37 38.2 27.2 11 P24-960 24 40 39 40 29 11 P25-960 25 40 40 40 29 11 P28-960 28 44.5 43 42.5 31.5 11 P30-960 30 46.5 45 42.5 31.5 11 P32-960 32 46.5 48 42.5 31.5 11 P33-960 33 50.5 48 42.5 31.5 11 P35-960 35 51.5 50 42.5 31.5 11 P38-960 38 54 56 45 34 11 P40-960 40 58 58 45 32.3 12.7 P43-960 43 61.5 61 45 32.3 12.7 P45-960 45 61.5 63 45 32.3 12.7 P48-960 48 65.5 66 45 32.3 12.7 P50-960 50 70 70 47.5 34.8 12.7 P53-960 53 74 73 47.5 33.3 13.5 P55-960 55 76 75 47.5 33.3 14.2 P58-960 58 79 78 52.5 38.3 14.2 P60-960 60 82 80 52.5 38.3 14.2 P61-960 6.l 87 83 52.5 38.3 14.2 P65-960 65 85 85 52 36 16 P68-960 68 915 90 52 36 16 P70-960 70 91.5 92 60 44 16 P73-960 73 99 93 60 44 16 P75-960 75 99 91 60 44 16","breadcrumb":{"@id":"https:\/\/www.seeer-tn.com\/en\/produit\/mechanical-seal-p960\/#breadcrumb"},"inLanguage":"en-US","potentialAction":[{"@type":"ReadAction","target":["https:\/\/www.seeer-tn.com\/en\/produit\/mechanical-seal-p960\/"]}]},{"@type":"ImageObject","inLanguage":"en-US","@id":"https:\/\/www.seeer-tn.com\/en\/produit\/mechanical-seal-p960\/#primaryimage","url":"https:\/\/www.seeer-tn.com\/wp-content\/uploads\/2023\/08\/P960.jpg","contentUrl":"https:\/\/www.seeer-tn.com\/wp-content\/uploads\/2023\/08\/P960.jpg","width":1000,"height":1000,"caption":"P960"},{"@type":"BreadcrumbList","@id":"https:\/\/www.seeer-tn.com\/en\/produit\/mechanical-seal-p960\/#breadcrumb","itemListElement":[{"@type":"ListItem","position":1,"name":"Accueil","item":"https:\/\/www.seeer-tn.com\/en\/"},{"@type":"ListItem","position":2,"name":"Boutique","item":"https:\/\/www.seeer-tn.com\/boutique\/"},{"@type":"ListItem","position":3,"name":"Mechanical seal P960"}]},{"@type":"WebSite","@id":"https:\/\/www.seeer-tn.com\/#website","url":"https:\/\/www.seeer-tn.com\/","name":"SEEER","description":"Soci\u00e9t\u00e9 d\u2019\u00e9quipement \u00e9lectrique \u00e9lectronique &amp; de Rebobinage","potentialAction":[{"@type":"SearchAction","target":{"@type":"EntryPoint","urlTemplate":"https:\/\/www.seeer-tn.com\/?s={search_term_string}"},"query-input":"required name=search_term_string"}],"inLanguage":"en-US"}]}},"_links":{"self":[{"href":"https:\/\/www.seeer-tn.com\/en\/wp-json\/wp\/v2\/product\/13846","targetHints":{"allow":["GET"]}}],"collection":[{"href":"https:\/\/www.seeer-tn.com\/en\/wp-json\/wp\/v2\/product"}],"about":[{"href":"https:\/\/www.seeer-tn.com\/en\/wp-json\/wp\/v2\/types\/product"}],"wp:featuredmedia":[{"embeddable":true,"href":"https:\/\/www.seeer-tn.com\/en\/wp-json\/wp\/v2\/media\/8259"}],"wp:attachment":[{"href":"https:\/\/www.seeer-tn.com\/en\/wp-json\/wp\/v2\/media?parent=13846"}],"wp:term":[{"taxonomy":"product_cat","embeddable":true,"href":"https:\/\/www.seeer-tn.com\/en\/wp-json\/wp\/v2\/product_cat?post=13846"},{"taxonomy":"product_tag","embeddable":true,"href":"https:\/\/www.seeer-tn.com\/en\/wp-json\/wp\/v2\/product_tag?post=13846"}],"curies":[{"name":"wp","href":"https:\/\/api.w.org\/{rel}","templated":true}]}}