{"id":13851,"date":"2023-08-11T09:45:22","date_gmt":"2023-08-11T07:45:22","guid":{"rendered":"https:\/\/www.seeer-tn.com\/?post_type=product&#038;p=13851"},"modified":"2024-09-20T23:15:51","modified_gmt":"2024-09-20T21:15:51","slug":"mechanical-seal-pxb","status":"publish","type":"product","link":"https:\/\/www.seeer-tn.com\/en\/produit\/mechanical-seal-pxb\/","title":{"rendered":"Mechanical seal PXB"},"content":{"rendered":"<div class=\"wpb-content-wrapper\"><p>[vc_row][vc_column][vc_column_text woodmart_inline=&#8221;no&#8221; text_larger=&#8221;no&#8221;]<\/p>\n<table>\n<tbody>\n<tr>\n<td style=\"text-align: left;\">\n<div class=\"sous-titre-prod\">Allowable limits PXB :<\/div>\n<p>Pressure : 0.5MPa<br \/>\nVelocity : 10m\/s<br \/>\nTemperature : &#8211; 20 &#8211; 100\u00b0C<\/p>\n<div class=\"sous-titre-prod\">Application :<\/div>\n<p>FLYGT pumps<\/td>\n<td>\n<div class=\"sous-titre-prod\">Component materials PXB :<\/div>\n<p>Fixed ring: TC<br \/>\nRotating ring: TC<br \/>\nSecondary seal: NBR<br \/>\nSecondary seal spring: 1Cr18Ni9Ti<br \/>\nFixed joint support: SUS304<br \/>\nO-ring seal: Viton<br \/>\nSpring &amp; others: SUS304<br \/>\nSpring cover: Bak\u00e9lite<br \/>\nCover: Bak\u00e9lite<\/td>\n<\/tr>\n<\/tbody>\n<\/table>\n<p><a href=\"https:\/\/www.seeer-tn.com\/wp-content\/uploads\/2024\/01\/PXB_compressed.pdf\" target=\"_blank\" rel=\"noopener\"><img loading=\"lazy\" decoding=\"async\" class=\"alignnone wp-image-7324\" src=\"https:\/\/www.seeer-tn.com\/wp-content\/uploads\/2022\/10\/PDF_file_icon.jpg\" alt=\"\" width=\"46\" height=\"57\" \/> Download PDF file<\/a>[\/vc_column_text][\/vc_column][\/vc_row]<\/p>\n<\/div>","protected":false},"excerpt":{"rendered":"<table>\n<tbody>\n<tr style=\"height: 57px;\">\n<td width=\"80\"><strong><span style=\"color: #007bc4;\">Model<\/span><\/strong><\/td>\n<td width=\"80\"><strong><span style=\"color: #007bc4;\">d<\/span><\/strong><\/td>\n<td width=\"80\"><\/td>\n<td width=\"80\"><strong><span style=\"color: #007bc4;\">d7<\/span><\/strong><\/td>\n<td width=\"80\"><strong><span style=\"color: #007bc4;\">l1<\/span><\/strong><\/td>\n<td width=\"80\"><strong><span style=\"color: #007bc4;\">l3<\/span><\/strong><\/td>\n<\/tr>\n<tr style=\"background-color: #dfdfdf;\">\n<td width=\"80\"><strong><span style=\"color: #007bc4;\">PXB20<\/span><\/strong><\/td>\n<td width=\"80\">20<\/td>\n<td width=\"80\">42.5<\/td>\n<td width=\"80\">55.5<\/td>\n<td width=\"80\">36.5<\/td>\n<td width=\"80\">11<\/td>\n<\/tr>\n<tr style=\"background-color: #fefefe;\">\n<td width=\"80\"><strong><span style=\"color: #007bc4;\">PXB22<\/span><\/strong><\/td>\n<td width=\"80\">22<\/td>\n<td width=\"80\">47<\/td>\n<td width=\"80\">45.5<\/td>\n<td width=\"80\">32.6<\/td>\n<td width=\"80\">9<\/td>\n<\/tr>\n<tr style=\"background-color: #dfdfdf;\">\n<td width=\"80\"><strong><span style=\"color: #007bc4;\">PXB25<\/span><\/strong><\/td>\n<td width=\"80\">25<\/td>\n<td width=\"80\">54<\/td>\n<td width=\"80\">50.5<\/td>\n<td width=\"80\">38.6<\/td>\n<td width=\"80\">10<\/td>\n<\/tr>\n<tr style=\"background-color: #fefefe;\">\n<td width=\"80\"><strong><span style=\"color: #007bc4;\">PXB28<\/span><\/strong><\/td>\n<td width=\"80\">28<\/td>\n<td width=\"80\">54<\/td>\n<td width=\"80\">50.5<\/td>\n<td width=\"80\">38.6<\/td>\n<td width=\"80\">10<\/td>\n<\/tr>\n<tr style=\"background-color: #dfdfdf;\">\n<td width=\"80\"><strong><span style=\"color: #007bc4;\">PXB30<\/span><\/strong><\/td>\n<td width=\"80\">30<\/td>\n<td width=\"80\">54<\/td>\n<td width=\"80\">50.5<\/td>\n<td width=\"80\">38.6<\/td>\n<td width=\"80\">10<\/td>\n<\/tr>\n<tr style=\"background-color: #fefefe;\">\n<td width=\"80\"><strong><span style=\"color: #007bc4;\">PXB35<\/span><\/strong><\/td>\n<td width=\"80\">38<\/td>\n<td width=\"80\">62<\/td>\n<td width=\"80\">60.5<\/td>\n<td width=\"80\">39.8<\/td>\n<td width=\"80\">11<\/td>\n<\/tr>\n<\/tbody>\n<\/table>\n","protected":false},"featured_media":8269,"template":"","meta":[],"product_cat":[104],"product_tag":[],"class_list":["post-13851","product","type-product","status-publish","has-post-thumbnail","hentry","product_cat-mechanical-seal"],"acf":[],"yoast_head":"<!-- This site is optimized with the Yoast SEO plugin v23.3 - https:\/\/yoast.com\/wordpress\/plugins\/seo\/ -->\n<title>Mechanical seal PXB | SEEER<\/title>\n<meta name=\"description\" content=\"Model d  d7 l1 l3   PXB20 20 42.5 55.5 36.5 11   PXB22 22 47 45.5 32.6 9   PXB25 25 54 50.5 38.6 10   PXB28 28 54 50.5 38.6 10   PXB30 30 54 50.5 38.6 10   PXB35 38 62 60.5 39.8 11\" \/>\n<meta name=\"robots\" content=\"index, follow, max-snippet:-1, max-image-preview:large, max-video-preview:-1\" \/>\n<link rel=\"canonical\" href=\"https:\/\/www.seeer-tn.com\/en\/produit\/mechanical-seal-pxb\/\" \/>\n<meta property=\"og:locale\" content=\"en_US\" \/>\n<meta property=\"og:type\" content=\"article\" \/>\n<meta property=\"og:title\" content=\"Mechanical seal PXB | SEEER\" \/>\n<meta property=\"og:description\" content=\"Model d  d7 l1 l3   PXB20 20 42.5 55.5 36.5 11   PXB22 22 47 45.5 32.6 9   PXB25 25 54 50.5 38.6 10   PXB28 28 54 50.5 38.6 10   PXB30 30 54 50.5 38.6 10   PXB35 38 62 60.5 39.8 11\" \/>\n<meta property=\"og:url\" content=\"https:\/\/www.seeer-tn.com\/en\/produit\/mechanical-seal-pxb\/\" \/>\n<meta property=\"og:site_name\" content=\"SEEER\" \/>\n<meta property=\"article:modified_time\" content=\"2024-09-20T21:15:51+00:00\" \/>\n<meta property=\"og:image\" content=\"https:\/\/www.seeer-tn.com\/wp-content\/uploads\/2023\/08\/PXB.jpg\" \/>\n\t<meta property=\"og:image:width\" content=\"1000\" \/>\n\t<meta property=\"og:image:height\" content=\"1000\" \/>\n\t<meta property=\"og:image:type\" content=\"image\/jpeg\" \/>\n<meta name=\"twitter:card\" content=\"summary_large_image\" \/>\n<meta name=\"twitter:label1\" content=\"Est. reading time\" \/>\n\t<meta name=\"twitter:data1\" content=\"1 minute\" \/>\n<script type=\"application\/ld+json\" class=\"yoast-schema-graph\">{\"@context\":\"https:\/\/schema.org\",\"@graph\":[{\"@type\":\"WebPage\",\"@id\":\"https:\/\/www.seeer-tn.com\/en\/produit\/mechanical-seal-pxb\/\",\"url\":\"https:\/\/www.seeer-tn.com\/en\/produit\/mechanical-seal-pxb\/\",\"name\":\"Mechanical seal PXB | SEEER\",\"isPartOf\":{\"@id\":\"https:\/\/www.seeer-tn.com\/#website\"},\"primaryImageOfPage\":{\"@id\":\"https:\/\/www.seeer-tn.com\/en\/produit\/mechanical-seal-pxb\/#primaryimage\"},\"image\":{\"@id\":\"https:\/\/www.seeer-tn.com\/en\/produit\/mechanical-seal-pxb\/#primaryimage\"},\"thumbnailUrl\":\"https:\/\/www.seeer-tn.com\/wp-content\/uploads\/2023\/08\/PXB.jpg\",\"datePublished\":\"2023-08-11T07:45:22+00:00\",\"dateModified\":\"2024-09-20T21:15:51+00:00\",\"description\":\"Model d d7 l1 l3 PXB20 20 42.5 55.5 36.5 11 PXB22 22 47 45.5 32.6 9 PXB25 25 54 50.5 38.6 10 PXB28 28 54 50.5 38.6 10 PXB30 30 54 50.5 38.6 10 PXB35 38 62 60.5 39.8 11\",\"breadcrumb\":{\"@id\":\"https:\/\/www.seeer-tn.com\/en\/produit\/mechanical-seal-pxb\/#breadcrumb\"},\"inLanguage\":\"en-US\",\"potentialAction\":[{\"@type\":\"ReadAction\",\"target\":[\"https:\/\/www.seeer-tn.com\/en\/produit\/mechanical-seal-pxb\/\"]}]},{\"@type\":\"ImageObject\",\"inLanguage\":\"en-US\",\"@id\":\"https:\/\/www.seeer-tn.com\/en\/produit\/mechanical-seal-pxb\/#primaryimage\",\"url\":\"https:\/\/www.seeer-tn.com\/wp-content\/uploads\/2023\/08\/PXB.jpg\",\"contentUrl\":\"https:\/\/www.seeer-tn.com\/wp-content\/uploads\/2023\/08\/PXB.jpg\",\"width\":1000,\"height\":1000,\"caption\":\"PXB\"},{\"@type\":\"BreadcrumbList\",\"@id\":\"https:\/\/www.seeer-tn.com\/en\/produit\/mechanical-seal-pxb\/#breadcrumb\",\"itemListElement\":[{\"@type\":\"ListItem\",\"position\":1,\"name\":\"Accueil\",\"item\":\"https:\/\/www.seeer-tn.com\/en\/\"},{\"@type\":\"ListItem\",\"position\":2,\"name\":\"Boutique\",\"item\":\"https:\/\/www.seeer-tn.com\/boutique\/\"},{\"@type\":\"ListItem\",\"position\":3,\"name\":\"Mechanical seal PXB\"}]},{\"@type\":\"WebSite\",\"@id\":\"https:\/\/www.seeer-tn.com\/#website\",\"url\":\"https:\/\/www.seeer-tn.com\/\",\"name\":\"SEEER\",\"description\":\"Soci\u00e9t\u00e9 d\u2019\u00e9quipement \u00e9lectrique \u00e9lectronique &amp; de Rebobinage\",\"potentialAction\":[{\"@type\":\"SearchAction\",\"target\":{\"@type\":\"EntryPoint\",\"urlTemplate\":\"https:\/\/www.seeer-tn.com\/?s={search_term_string}\"},\"query-input\":\"required name=search_term_string\"}],\"inLanguage\":\"en-US\"}]}<\/script>\n<!-- \/ Yoast SEO plugin. -->","yoast_head_json":{"title":"Mechanical seal PXB | SEEER","description":"Model d  d7 l1 l3   PXB20 20 42.5 55.5 36.5 11   PXB22 22 47 45.5 32.6 9   PXB25 25 54 50.5 38.6 10   PXB28 28 54 50.5 38.6 10   PXB30 30 54 50.5 38.6 10   PXB35 38 62 60.5 39.8 11","robots":{"index":"index","follow":"follow","max-snippet":"max-snippet:-1","max-image-preview":"max-image-preview:large","max-video-preview":"max-video-preview:-1"},"canonical":"https:\/\/www.seeer-tn.com\/en\/produit\/mechanical-seal-pxb\/","og_locale":"en_US","og_type":"article","og_title":"Mechanical seal PXB | SEEER","og_description":"Model d  d7 l1 l3   PXB20 20 42.5 55.5 36.5 11   PXB22 22 47 45.5 32.6 9   PXB25 25 54 50.5 38.6 10   PXB28 28 54 50.5 38.6 10   PXB30 30 54 50.5 38.6 10   PXB35 38 62 60.5 39.8 11","og_url":"https:\/\/www.seeer-tn.com\/en\/produit\/mechanical-seal-pxb\/","og_site_name":"SEEER","article_modified_time":"2024-09-20T21:15:51+00:00","og_image":[{"width":1000,"height":1000,"url":"https:\/\/www.seeer-tn.com\/wp-content\/uploads\/2023\/08\/PXB.jpg","type":"image\/jpeg"}],"twitter_card":"summary_large_image","twitter_misc":{"Est. reading time":"1 minute"},"schema":{"@context":"https:\/\/schema.org","@graph":[{"@type":"WebPage","@id":"https:\/\/www.seeer-tn.com\/en\/produit\/mechanical-seal-pxb\/","url":"https:\/\/www.seeer-tn.com\/en\/produit\/mechanical-seal-pxb\/","name":"Mechanical seal PXB | SEEER","isPartOf":{"@id":"https:\/\/www.seeer-tn.com\/#website"},"primaryImageOfPage":{"@id":"https:\/\/www.seeer-tn.com\/en\/produit\/mechanical-seal-pxb\/#primaryimage"},"image":{"@id":"https:\/\/www.seeer-tn.com\/en\/produit\/mechanical-seal-pxb\/#primaryimage"},"thumbnailUrl":"https:\/\/www.seeer-tn.com\/wp-content\/uploads\/2023\/08\/PXB.jpg","datePublished":"2023-08-11T07:45:22+00:00","dateModified":"2024-09-20T21:15:51+00:00","description":"Model d d7 l1 l3 PXB20 20 42.5 55.5 36.5 11 PXB22 22 47 45.5 32.6 9 PXB25 25 54 50.5 38.6 10 PXB28 28 54 50.5 38.6 10 PXB30 30 54 50.5 38.6 10 PXB35 38 62 60.5 39.8 11","breadcrumb":{"@id":"https:\/\/www.seeer-tn.com\/en\/produit\/mechanical-seal-pxb\/#breadcrumb"},"inLanguage":"en-US","potentialAction":[{"@type":"ReadAction","target":["https:\/\/www.seeer-tn.com\/en\/produit\/mechanical-seal-pxb\/"]}]},{"@type":"ImageObject","inLanguage":"en-US","@id":"https:\/\/www.seeer-tn.com\/en\/produit\/mechanical-seal-pxb\/#primaryimage","url":"https:\/\/www.seeer-tn.com\/wp-content\/uploads\/2023\/08\/PXB.jpg","contentUrl":"https:\/\/www.seeer-tn.com\/wp-content\/uploads\/2023\/08\/PXB.jpg","width":1000,"height":1000,"caption":"PXB"},{"@type":"BreadcrumbList","@id":"https:\/\/www.seeer-tn.com\/en\/produit\/mechanical-seal-pxb\/#breadcrumb","itemListElement":[{"@type":"ListItem","position":1,"name":"Accueil","item":"https:\/\/www.seeer-tn.com\/en\/"},{"@type":"ListItem","position":2,"name":"Boutique","item":"https:\/\/www.seeer-tn.com\/boutique\/"},{"@type":"ListItem","position":3,"name":"Mechanical seal PXB"}]},{"@type":"WebSite","@id":"https:\/\/www.seeer-tn.com\/#website","url":"https:\/\/www.seeer-tn.com\/","name":"SEEER","description":"Soci\u00e9t\u00e9 d\u2019\u00e9quipement \u00e9lectrique \u00e9lectronique &amp; de Rebobinage","potentialAction":[{"@type":"SearchAction","target":{"@type":"EntryPoint","urlTemplate":"https:\/\/www.seeer-tn.com\/?s={search_term_string}"},"query-input":"required name=search_term_string"}],"inLanguage":"en-US"}]}},"_links":{"self":[{"href":"https:\/\/www.seeer-tn.com\/en\/wp-json\/wp\/v2\/product\/13851","targetHints":{"allow":["GET"]}}],"collection":[{"href":"https:\/\/www.seeer-tn.com\/en\/wp-json\/wp\/v2\/product"}],"about":[{"href":"https:\/\/www.seeer-tn.com\/en\/wp-json\/wp\/v2\/types\/product"}],"wp:featuredmedia":[{"embeddable":true,"href":"https:\/\/www.seeer-tn.com\/en\/wp-json\/wp\/v2\/media\/8269"}],"wp:attachment":[{"href":"https:\/\/www.seeer-tn.com\/en\/wp-json\/wp\/v2\/media?parent=13851"}],"wp:term":[{"taxonomy":"product_cat","embeddable":true,"href":"https:\/\/www.seeer-tn.com\/en\/wp-json\/wp\/v2\/product_cat?post=13851"},{"taxonomy":"product_tag","embeddable":true,"href":"https:\/\/www.seeer-tn.com\/en\/wp-json\/wp\/v2\/product_tag?post=13851"}],"curies":[{"name":"wp","href":"https:\/\/api.w.org\/{rel}","templated":true}]}}