{"id":13871,"date":"2023-08-11T10:58:11","date_gmt":"2023-08-11T08:58:11","guid":{"rendered":"https:\/\/www.seeer-tn.com\/?post_type=product&#038;p=13871"},"modified":"2024-09-20T18:31:56","modified_gmt":"2024-09-20T16:31:56","slug":"insulation-paper-mylar","status":"publish","type":"product","link":"https:\/\/www.seeer-tn.com\/en\/produit\/insulation-paper-mylar\/","title":{"rendered":"Insulation paper MYLAR"},"content":{"rendered":"<div class=\"wpb-content-wrapper\"><p>[vc_row][vc_column][vc_column_text woodmart_inline=&#8221;no&#8221; text_larger=&#8221;no&#8221;]<\/p>\n<table style=\"height: 353px;\" width=\"832\">\n<tbody>\n<tr>\n<td style=\"text-align: left;\">\n<div class=\"sous-titre-prod\" style=\"font-size: 12px;\">Application :<\/div>\n<p style=\"text-align: justify;\">Insulation paper MYLAR\u00a0 suitable as interlayer insulation in transformers, into the motor\u2019s slots to cover cable and wire, condenser, membrane switch and into the electrical equipments that required: \u2022 very good electric insulation \u2022 very good mechanics resistance \u2022 good thermal resistance.<\/p>\n<div class=\"sous-titre-prod\" style=\"font-size: 12px;\">Minimum working temperature:<\/div>\n<p>-60\u00b0C<\/p>\n<div class=\"sous-titre-prod\" style=\"font-size: 12px;\">Maximum working temperature:<\/div>\n<p>130\u00b0C &#8211; B dielectric class limit<\/td>\n<td>\n<div class=\"sous-titre-prod\" style=\"font-size: 12px;\">Composition:<\/div>\n<p style=\"text-align: justify;\">Insulation paper MYLAR\u00a0 is made from polyethylene terephthalate, the polymer results from the reaction of condensation between ethylene glycol and terephthalic acid.<\/p>\n<\/td>\n<\/tr>\n<\/tbody>\n<\/table>\n<p><a href=\"https:\/\/www.seeer-tn.com\/wp-content\/uploads\/2024\/02\/Insulation-paper-MYLAR-M_compressed-2_compressed.pdf\" target=\"_blank\" rel=\"noopener\"><img loading=\"lazy\" decoding=\"async\" class=\"alignnone wp-image-7324\" src=\"https:\/\/www.seeer-tn.com\/wp-content\/uploads\/2022\/10\/PDF_file_icon.jpg\" alt=\"\" width=\"46\" height=\"57\" \/> Download PDF file<\/a>[\/vc_column_text][\/vc_column][\/vc_row]<\/p>\n<\/div>","protected":false},"excerpt":{"rendered":"<table width=\"373\">\n<tbody>\n<tr style=\"height: 57px;\">\n<td width=\"111\"><strong><span style=\"color: #007bc4;\">Model<\/span><\/strong><\/td>\n<td width=\"80\"><strong><span style=\"color: #007bc4;\">Thickness (mm) <\/span><\/strong><\/td>\n<td width=\"103\"><strong><span style=\"color: #007bc4;\">Width of Roll (mm)<\/span><\/strong><\/td>\n<td width=\"80\"><strong><span style=\"color: #007bc4;\">Unit (Roll or kg) <\/span><\/strong><\/td>\n<\/tr>\n<tr style=\"background-color: #dfdfdf;\">\n<td width=\"111\"><strong><strong><span style=\"color: #007bc4;\">M 0.125<\/span><\/strong><\/strong><\/td>\n<td width=\"80\">0.125<\/td>\n<td rowspan=\"5\" width=\"103\">1000<\/td>\n<td rowspan=\"5\" width=\"80\">Roll or kg<\/td>\n<\/tr>\n<tr style=\"background-color: #fefefe;\">\n<td width=\"111\"><strong><strong><span style=\"color: #007bc4;\">M 0.19<\/span><\/strong><\/strong><\/td>\n<td width=\"80\">0.19<\/td>\n<\/tr>\n<tr style=\"background-color: #dfdfdf;\">\n<td width=\"111\"><strong><strong><span style=\"color: #007bc4;\">M 0.25<\/span><\/strong><\/strong><\/td>\n<td width=\"80\">0.25<\/td>\n<\/tr>\n<tr style=\"background-color: #fefefe;\">\n<td width=\"111\"><strong><strong><span style=\"color: #007bc4;\">M 0.30<\/span><\/strong><\/strong><\/td>\n<td width=\"80\">0.30<\/td>\n<\/tr>\n<tr style=\"background-color: #dfdfdf;\">\n<td width=\"111\"><strong><strong><span style=\"color: #007bc4;\">M 0.35<\/span><\/strong><\/strong><\/td>\n<td width=\"80\">0.35<\/td>\n<\/tr>\n<\/tbody>\n<\/table>\n","protected":false},"featured_media":8306,"template":"","meta":[],"product_cat":[105],"product_tag":[],"class_list":["post-13871","product","type-product","status-publish","has-post-thumbnail","hentry","product_cat-insulating-papers"],"acf":[],"yoast_head":"<!-- This site is optimized with the Yoast SEO plugin v23.3 - https:\/\/yoast.com\/wordpress\/plugins\/seo\/ -->\n<title>Insulation paper MYLAR | SEEER<\/title>\n<meta name=\"description\" content=\"Model Thickness (mm)  Width of Roll (mm) Unit (Roll or kg)    M 0.125 0.125 1000 Roll or kg   M 0.19 0.19   M 0.25 0.25   M 0.30 0.30   M 0.35 0.35\" \/>\n<meta name=\"robots\" content=\"index, follow, max-snippet:-1, max-image-preview:large, max-video-preview:-1\" \/>\n<link rel=\"canonical\" href=\"https:\/\/www.seeer-tn.com\/en\/produit\/insulation-paper-mylar\/\" \/>\n<meta property=\"og:locale\" content=\"en_US\" \/>\n<meta property=\"og:type\" content=\"article\" \/>\n<meta property=\"og:title\" content=\"Insulation paper MYLAR | SEEER\" \/>\n<meta property=\"og:description\" content=\"Model Thickness (mm)  Width of Roll (mm) Unit (Roll or kg)    M 0.125 0.125 1000 Roll or kg   M 0.19 0.19   M 0.25 0.25   M 0.30 0.30   M 0.35 0.35\" \/>\n<meta property=\"og:url\" content=\"https:\/\/www.seeer-tn.com\/en\/produit\/insulation-paper-mylar\/\" \/>\n<meta property=\"og:site_name\" content=\"SEEER\" \/>\n<meta property=\"article:modified_time\" content=\"2024-09-20T16:31:56+00:00\" \/>\n<meta property=\"og:image\" content=\"https:\/\/www.seeer-tn.com\/wp-content\/uploads\/2023\/08\/Mylar-1.jpg\" \/>\n\t<meta property=\"og:image:width\" content=\"1000\" \/>\n\t<meta property=\"og:image:height\" content=\"1000\" \/>\n\t<meta property=\"og:image:type\" content=\"image\/jpeg\" \/>\n<meta name=\"twitter:card\" content=\"summary_large_image\" \/>\n<meta name=\"twitter:label1\" content=\"Est. reading time\" \/>\n\t<meta name=\"twitter:data1\" content=\"1 minute\" \/>\n<script type=\"application\/ld+json\" class=\"yoast-schema-graph\">{\"@context\":\"https:\/\/schema.org\",\"@graph\":[{\"@type\":\"WebPage\",\"@id\":\"https:\/\/www.seeer-tn.com\/en\/produit\/insulation-paper-mylar\/\",\"url\":\"https:\/\/www.seeer-tn.com\/en\/produit\/insulation-paper-mylar\/\",\"name\":\"Insulation paper MYLAR | SEEER\",\"isPartOf\":{\"@id\":\"https:\/\/www.seeer-tn.com\/#website\"},\"primaryImageOfPage\":{\"@id\":\"https:\/\/www.seeer-tn.com\/en\/produit\/insulation-paper-mylar\/#primaryimage\"},\"image\":{\"@id\":\"https:\/\/www.seeer-tn.com\/en\/produit\/insulation-paper-mylar\/#primaryimage\"},\"thumbnailUrl\":\"https:\/\/www.seeer-tn.com\/wp-content\/uploads\/2023\/08\/Mylar-1.jpg\",\"datePublished\":\"2023-08-11T08:58:11+00:00\",\"dateModified\":\"2024-09-20T16:31:56+00:00\",\"description\":\"Model Thickness (mm) Width of Roll (mm) Unit (Roll or kg) M 0.125 0.125 1000 Roll or kg M 0.19 0.19 M 0.25 0.25 M 0.30 0.30 M 0.35 0.35\",\"breadcrumb\":{\"@id\":\"https:\/\/www.seeer-tn.com\/en\/produit\/insulation-paper-mylar\/#breadcrumb\"},\"inLanguage\":\"en-US\",\"potentialAction\":[{\"@type\":\"ReadAction\",\"target\":[\"https:\/\/www.seeer-tn.com\/en\/produit\/insulation-paper-mylar\/\"]}]},{\"@type\":\"ImageObject\",\"inLanguage\":\"en-US\",\"@id\":\"https:\/\/www.seeer-tn.com\/en\/produit\/insulation-paper-mylar\/#primaryimage\",\"url\":\"https:\/\/www.seeer-tn.com\/wp-content\/uploads\/2023\/08\/Mylar-1.jpg\",\"contentUrl\":\"https:\/\/www.seeer-tn.com\/wp-content\/uploads\/2023\/08\/Mylar-1.jpg\",\"width\":1000,\"height\":1000,\"caption\":\"Isolant MYLAR\"},{\"@type\":\"BreadcrumbList\",\"@id\":\"https:\/\/www.seeer-tn.com\/en\/produit\/insulation-paper-mylar\/#breadcrumb\",\"itemListElement\":[{\"@type\":\"ListItem\",\"position\":1,\"name\":\"Accueil\",\"item\":\"https:\/\/www.seeer-tn.com\/en\/\"},{\"@type\":\"ListItem\",\"position\":2,\"name\":\"Boutique\",\"item\":\"https:\/\/www.seeer-tn.com\/boutique\/\"},{\"@type\":\"ListItem\",\"position\":3,\"name\":\"Insulation paper MYLAR\"}]},{\"@type\":\"WebSite\",\"@id\":\"https:\/\/www.seeer-tn.com\/#website\",\"url\":\"https:\/\/www.seeer-tn.com\/\",\"name\":\"SEEER\",\"description\":\"Soci\u00e9t\u00e9 d\u2019\u00e9quipement \u00e9lectrique \u00e9lectronique &amp; de Rebobinage\",\"potentialAction\":[{\"@type\":\"SearchAction\",\"target\":{\"@type\":\"EntryPoint\",\"urlTemplate\":\"https:\/\/www.seeer-tn.com\/?s={search_term_string}\"},\"query-input\":\"required name=search_term_string\"}],\"inLanguage\":\"en-US\"}]}<\/script>\n<!-- \/ Yoast SEO plugin. -->","yoast_head_json":{"title":"Insulation paper MYLAR | SEEER","description":"Model Thickness (mm)  Width of Roll (mm) Unit (Roll or kg)    M 0.125 0.125 1000 Roll or kg   M 0.19 0.19   M 0.25 0.25   M 0.30 0.30   M 0.35 0.35","robots":{"index":"index","follow":"follow","max-snippet":"max-snippet:-1","max-image-preview":"max-image-preview:large","max-video-preview":"max-video-preview:-1"},"canonical":"https:\/\/www.seeer-tn.com\/en\/produit\/insulation-paper-mylar\/","og_locale":"en_US","og_type":"article","og_title":"Insulation paper MYLAR | SEEER","og_description":"Model Thickness (mm)  Width of Roll (mm) Unit (Roll or kg)    M 0.125 0.125 1000 Roll or kg   M 0.19 0.19   M 0.25 0.25   M 0.30 0.30   M 0.35 0.35","og_url":"https:\/\/www.seeer-tn.com\/en\/produit\/insulation-paper-mylar\/","og_site_name":"SEEER","article_modified_time":"2024-09-20T16:31:56+00:00","og_image":[{"width":1000,"height":1000,"url":"https:\/\/www.seeer-tn.com\/wp-content\/uploads\/2023\/08\/Mylar-1.jpg","type":"image\/jpeg"}],"twitter_card":"summary_large_image","twitter_misc":{"Est. reading time":"1 minute"},"schema":{"@context":"https:\/\/schema.org","@graph":[{"@type":"WebPage","@id":"https:\/\/www.seeer-tn.com\/en\/produit\/insulation-paper-mylar\/","url":"https:\/\/www.seeer-tn.com\/en\/produit\/insulation-paper-mylar\/","name":"Insulation paper MYLAR | SEEER","isPartOf":{"@id":"https:\/\/www.seeer-tn.com\/#website"},"primaryImageOfPage":{"@id":"https:\/\/www.seeer-tn.com\/en\/produit\/insulation-paper-mylar\/#primaryimage"},"image":{"@id":"https:\/\/www.seeer-tn.com\/en\/produit\/insulation-paper-mylar\/#primaryimage"},"thumbnailUrl":"https:\/\/www.seeer-tn.com\/wp-content\/uploads\/2023\/08\/Mylar-1.jpg","datePublished":"2023-08-11T08:58:11+00:00","dateModified":"2024-09-20T16:31:56+00:00","description":"Model Thickness (mm) Width of Roll (mm) Unit (Roll or kg) M 0.125 0.125 1000 Roll or kg M 0.19 0.19 M 0.25 0.25 M 0.30 0.30 M 0.35 0.35","breadcrumb":{"@id":"https:\/\/www.seeer-tn.com\/en\/produit\/insulation-paper-mylar\/#breadcrumb"},"inLanguage":"en-US","potentialAction":[{"@type":"ReadAction","target":["https:\/\/www.seeer-tn.com\/en\/produit\/insulation-paper-mylar\/"]}]},{"@type":"ImageObject","inLanguage":"en-US","@id":"https:\/\/www.seeer-tn.com\/en\/produit\/insulation-paper-mylar\/#primaryimage","url":"https:\/\/www.seeer-tn.com\/wp-content\/uploads\/2023\/08\/Mylar-1.jpg","contentUrl":"https:\/\/www.seeer-tn.com\/wp-content\/uploads\/2023\/08\/Mylar-1.jpg","width":1000,"height":1000,"caption":"Isolant MYLAR"},{"@type":"BreadcrumbList","@id":"https:\/\/www.seeer-tn.com\/en\/produit\/insulation-paper-mylar\/#breadcrumb","itemListElement":[{"@type":"ListItem","position":1,"name":"Accueil","item":"https:\/\/www.seeer-tn.com\/en\/"},{"@type":"ListItem","position":2,"name":"Boutique","item":"https:\/\/www.seeer-tn.com\/boutique\/"},{"@type":"ListItem","position":3,"name":"Insulation paper MYLAR"}]},{"@type":"WebSite","@id":"https:\/\/www.seeer-tn.com\/#website","url":"https:\/\/www.seeer-tn.com\/","name":"SEEER","description":"Soci\u00e9t\u00e9 d\u2019\u00e9quipement \u00e9lectrique \u00e9lectronique &amp; de Rebobinage","potentialAction":[{"@type":"SearchAction","target":{"@type":"EntryPoint","urlTemplate":"https:\/\/www.seeer-tn.com\/?s={search_term_string}"},"query-input":"required name=search_term_string"}],"inLanguage":"en-US"}]}},"_links":{"self":[{"href":"https:\/\/www.seeer-tn.com\/en\/wp-json\/wp\/v2\/product\/13871","targetHints":{"allow":["GET"]}}],"collection":[{"href":"https:\/\/www.seeer-tn.com\/en\/wp-json\/wp\/v2\/product"}],"about":[{"href":"https:\/\/www.seeer-tn.com\/en\/wp-json\/wp\/v2\/types\/product"}],"wp:featuredmedia":[{"embeddable":true,"href":"https:\/\/www.seeer-tn.com\/en\/wp-json\/wp\/v2\/media\/8306"}],"wp:attachment":[{"href":"https:\/\/www.seeer-tn.com\/en\/wp-json\/wp\/v2\/media?parent=13871"}],"wp:term":[{"taxonomy":"product_cat","embeddable":true,"href":"https:\/\/www.seeer-tn.com\/en\/wp-json\/wp\/v2\/product_cat?post=13871"},{"taxonomy":"product_tag","embeddable":true,"href":"https:\/\/www.seeer-tn.com\/en\/wp-json\/wp\/v2\/product_tag?post=13871"}],"curies":[{"name":"wp","href":"https:\/\/api.w.org\/{rel}","templated":true}]}}