{"id":13876,"date":"2023-08-11T11:53:22","date_gmt":"2023-08-11T09:53:22","guid":{"rendered":"https:\/\/www.seeer-tn.com\/?post_type=product&#038;p=13876"},"modified":"2024-09-20T18:29:28","modified_gmt":"2024-09-20T16:29:28","slug":"dyflex-slats-for-slot-closing-ferdf","status":"publish","type":"product","link":"https:\/\/www.seeer-tn.com\/en\/produit\/dyflex-slats-for-slot-closing-ferdf\/","title":{"rendered":"DYFLEX slats for slot closing FERDF"},"content":{"rendered":"<div class=\"wpb-content-wrapper\"><p>[vc_row][vc_column][vc_column_text woodmart_inline=&#8221;no&#8221; text_larger=&#8221;no&#8221;]<\/p>\n<table style=\"height: 349px;\" width=\"762\">\n<tbody>\n<tr>\n<td style=\"text-align: left;\">\n<div class=\"sous-titre-prod\" style=\"font-size: 12px;\">Properties:<\/div>\n<p>Insulation paper of DYFLEX bent for insertion into electric motors as a slot closure or slot separator. Featuring high dielectric resistance and good mechanical and thermal properties, the pre-stressed profile guarantees very high rigidity and stability, and contributes to fast and safe installation.<\/p>\n<div class=\"sous-titre-prod\" style=\"font-size: 12px;\">Application:<\/div>\n<p>DYFLEX slats for slot closing bent to be inserted into the electric motors like slot\u2019s closure or slot\u2019s separator. Generally, for insulating coils in slots for rotor and electric motors. It\u2019s produced in round section.<\/td>\n<td>\n<div class=\"sous-titre-prod\" style=\"font-size: 12px;\">Composition:<\/div>\n<p>DYFLEX slats for slot closing made of insulation paper DIFLEX<\/td>\n<\/tr>\n<\/tbody>\n<\/table>\n<p><a href=\"https:\/\/www.seeer-tn.com\/wp-content\/uploads\/2024\/01\/DYFLEX-slats-for-slot-closing-FERDF_compressed.pdf\" target=\"_blank\" rel=\"noopener\"><img loading=\"lazy\" decoding=\"async\" class=\"alignnone wp-image-7324\" src=\"https:\/\/www.seeer-tn.com\/wp-content\/uploads\/2022\/10\/PDF_file_icon.jpg\" alt=\"\" width=\"46\" height=\"57\" \/> Download PDF file<\/a>[\/vc_column_text][\/vc_column][\/vc_row]<\/p>\n<\/div>","protected":false},"excerpt":{"rendered":"<table width=\"456\">\n<tbody>\n<tr style=\"height: 56px;\">\n<td width=\"92\"><strong><span style=\"color: #007bc4;\">Model<\/span><\/strong><\/td>\n<td width=\"71\"><strong><span style=\"color: #007bc4;\">Width (mm)<\/span><\/strong><\/td>\n<td width=\"90\"><strong><span style=\"color: #007bc4;\">Thickness (mm)<\/span><\/strong><\/td>\n<td width=\"77\"><strong><span style=\"color: #007bc4;\">Length (mm)<\/span><\/strong><\/td>\n<td width=\"126\"><strong><span style=\"color: #007bc4;\">Packaging<\/span><\/strong><\/td>\n<\/tr>\n<tr style=\"background-color: #dfdfdf;\">\n<td width=\"92\"><strong><span style=\"color: #007bc4;\">FERDF 25-15<\/span><\/strong><\/td>\n<td width=\"71\">15<\/td>\n<td width=\"90\">0.25<\/td>\n<td rowspan=\"6\" width=\"77\">1000<\/td>\n<td rowspan=\"6\" width=\"126\">Packets of 100 parts<\/td>\n<\/tr>\n<tr style=\"background-color: #fefefe;\">\n<td width=\"92\"><strong><span style=\"color: #007bc4;\">FERDF 25-18<\/span><\/strong><\/td>\n<td width=\"71\">18<\/td>\n<td width=\"90\">0.25<\/td>\n<\/tr>\n<tr style=\"background-color: #dfdfdf;\">\n<td width=\"92\"><strong><span style=\"color: #007bc4;\">FERDF 35-15<\/span><\/strong><\/td>\n<td width=\"71\">15<\/td>\n<td width=\"90\">0.35<\/td>\n<\/tr>\n<tr style=\"background-color: #fefefe;\">\n<td width=\"92\"><strong><span style=\"color: #007bc4;\">FERDF 35-18<\/span><\/strong><\/td>\n<td width=\"71\">18<\/td>\n<td width=\"90\">0.35<\/td>\n<\/tr>\n<tr style=\"background-color: #dfdfdf;\">\n<td width=\"92\"><strong><span style=\"color: #007bc4;\">FERDF 35-20<\/span><\/strong><\/td>\n<td width=\"71\">20<\/td>\n<td width=\"90\">0.35<\/td>\n<\/tr>\n<tr style=\"background-color: #fefefe;\">\n<td width=\"92\"><strong><span style=\"color: #007bc4;\">FERDF 35-25<\/span><\/strong><\/td>\n<td width=\"71\">25<\/td>\n<td width=\"90\">0.35<\/td>\n<\/tr>\n<\/tbody>\n<\/table>\n","protected":false},"featured_media":8309,"template":"","meta":[],"product_cat":[105],"product_tag":[],"class_list":["post-13876","product","type-product","status-publish","has-post-thumbnail","hentry","product_cat-insulating-papers"],"acf":[],"yoast_head":"<!-- This site is optimized with the Yoast SEO plugin v23.3 - https:\/\/yoast.com\/wordpress\/plugins\/seo\/ -->\n<title>DYFLEX slats for slot closing FERDF | SEEER<\/title>\n<meta name=\"description\" content=\"Model Width (mm) Thickness (mm) Length (mm) Packaging   FERDF 25-15 15 0.25 1000 Packets of 100 parts   FERDF 25-18 18 0.25   FERDF 35-15 15 0.35   FERDF 35-18 18 0.35   FERDF 35-20 20 0.35   FERDF 35-25 25 0.35\" \/>\n<meta name=\"robots\" content=\"index, follow, max-snippet:-1, max-image-preview:large, max-video-preview:-1\" \/>\n<link rel=\"canonical\" href=\"https:\/\/www.seeer-tn.com\/en\/produit\/dyflex-slats-for-slot-closing-ferdf\/\" \/>\n<meta property=\"og:locale\" content=\"en_US\" \/>\n<meta property=\"og:type\" content=\"article\" \/>\n<meta property=\"og:title\" content=\"DYFLEX slats for slot closing FERDF | SEEER\" \/>\n<meta property=\"og:description\" content=\"Model Width (mm) Thickness (mm) Length (mm) Packaging   FERDF 25-15 15 0.25 1000 Packets of 100 parts   FERDF 25-18 18 0.25   FERDF 35-15 15 0.35   FERDF 35-18 18 0.35   FERDF 35-20 20 0.35   FERDF 35-25 25 0.35\" \/>\n<meta property=\"og:url\" content=\"https:\/\/www.seeer-tn.com\/en\/produit\/dyflex-slats-for-slot-closing-ferdf\/\" \/>\n<meta property=\"og:site_name\" content=\"SEEER\" \/>\n<meta property=\"article:modified_time\" content=\"2024-09-20T16:29:28+00:00\" \/>\n<meta property=\"og:image\" content=\"https:\/\/www.seeer-tn.com\/wp-content\/uploads\/2023\/08\/Fermeture-dencoche-en-DYFLEX.jpg\" \/>\n\t<meta property=\"og:image:width\" content=\"1000\" \/>\n\t<meta property=\"og:image:height\" content=\"1000\" \/>\n\t<meta property=\"og:image:type\" content=\"image\/jpeg\" \/>\n<meta name=\"twitter:card\" content=\"summary_large_image\" \/>\n<meta name=\"twitter:label1\" content=\"Est. reading time\" \/>\n\t<meta name=\"twitter:data1\" content=\"1 minute\" \/>\n<script type=\"application\/ld+json\" class=\"yoast-schema-graph\">{\"@context\":\"https:\/\/schema.org\",\"@graph\":[{\"@type\":\"WebPage\",\"@id\":\"https:\/\/www.seeer-tn.com\/en\/produit\/dyflex-slats-for-slot-closing-ferdf\/\",\"url\":\"https:\/\/www.seeer-tn.com\/en\/produit\/dyflex-slats-for-slot-closing-ferdf\/\",\"name\":\"DYFLEX slats for slot closing FERDF | SEEER\",\"isPartOf\":{\"@id\":\"https:\/\/www.seeer-tn.com\/#website\"},\"primaryImageOfPage\":{\"@id\":\"https:\/\/www.seeer-tn.com\/en\/produit\/dyflex-slats-for-slot-closing-ferdf\/#primaryimage\"},\"image\":{\"@id\":\"https:\/\/www.seeer-tn.com\/en\/produit\/dyflex-slats-for-slot-closing-ferdf\/#primaryimage\"},\"thumbnailUrl\":\"https:\/\/www.seeer-tn.com\/wp-content\/uploads\/2023\/08\/Fermeture-dencoche-en-DYFLEX.jpg\",\"datePublished\":\"2023-08-11T09:53:22+00:00\",\"dateModified\":\"2024-09-20T16:29:28+00:00\",\"description\":\"Model Width (mm) Thickness (mm) Length (mm) Packaging FERDF 25-15 15 0.25 1000 Packets of 100 parts FERDF 25-18 18 0.25 FERDF 35-15 15 0.35 FERDF 35-18 18 0.35 FERDF 35-20 20 0.35 FERDF 35-25 25 0.35\",\"breadcrumb\":{\"@id\":\"https:\/\/www.seeer-tn.com\/en\/produit\/dyflex-slats-for-slot-closing-ferdf\/#breadcrumb\"},\"inLanguage\":\"en-US\",\"potentialAction\":[{\"@type\":\"ReadAction\",\"target\":[\"https:\/\/www.seeer-tn.com\/en\/produit\/dyflex-slats-for-slot-closing-ferdf\/\"]}]},{\"@type\":\"ImageObject\",\"inLanguage\":\"en-US\",\"@id\":\"https:\/\/www.seeer-tn.com\/en\/produit\/dyflex-slats-for-slot-closing-ferdf\/#primaryimage\",\"url\":\"https:\/\/www.seeer-tn.com\/wp-content\/uploads\/2023\/08\/Fermeture-dencoche-en-DYFLEX.jpg\",\"contentUrl\":\"https:\/\/www.seeer-tn.com\/wp-content\/uploads\/2023\/08\/Fermeture-dencoche-en-DYFLEX.jpg\",\"width\":1000,\"height\":1000,\"caption\":\"Fermeture d'encoche FERD\"},{\"@type\":\"BreadcrumbList\",\"@id\":\"https:\/\/www.seeer-tn.com\/en\/produit\/dyflex-slats-for-slot-closing-ferdf\/#breadcrumb\",\"itemListElement\":[{\"@type\":\"ListItem\",\"position\":1,\"name\":\"Accueil\",\"item\":\"https:\/\/www.seeer-tn.com\/en\/\"},{\"@type\":\"ListItem\",\"position\":2,\"name\":\"Boutique\",\"item\":\"https:\/\/www.seeer-tn.com\/boutique\/\"},{\"@type\":\"ListItem\",\"position\":3,\"name\":\"DYFLEX slats for slot closing FERDF\"}]},{\"@type\":\"WebSite\",\"@id\":\"https:\/\/www.seeer-tn.com\/#website\",\"url\":\"https:\/\/www.seeer-tn.com\/\",\"name\":\"SEEER\",\"description\":\"Soci\u00e9t\u00e9 d\u2019\u00e9quipement \u00e9lectrique \u00e9lectronique &amp; de Rebobinage\",\"potentialAction\":[{\"@type\":\"SearchAction\",\"target\":{\"@type\":\"EntryPoint\",\"urlTemplate\":\"https:\/\/www.seeer-tn.com\/?s={search_term_string}\"},\"query-input\":\"required name=search_term_string\"}],\"inLanguage\":\"en-US\"}]}<\/script>\n<!-- \/ Yoast SEO plugin. -->","yoast_head_json":{"title":"DYFLEX slats for slot closing FERDF | SEEER","description":"Model Width (mm) Thickness (mm) Length (mm) Packaging   FERDF 25-15 15 0.25 1000 Packets of 100 parts   FERDF 25-18 18 0.25   FERDF 35-15 15 0.35   FERDF 35-18 18 0.35   FERDF 35-20 20 0.35   FERDF 35-25 25 0.35","robots":{"index":"index","follow":"follow","max-snippet":"max-snippet:-1","max-image-preview":"max-image-preview:large","max-video-preview":"max-video-preview:-1"},"canonical":"https:\/\/www.seeer-tn.com\/en\/produit\/dyflex-slats-for-slot-closing-ferdf\/","og_locale":"en_US","og_type":"article","og_title":"DYFLEX slats for slot closing FERDF | SEEER","og_description":"Model Width (mm) Thickness (mm) Length (mm) Packaging   FERDF 25-15 15 0.25 1000 Packets of 100 parts   FERDF 25-18 18 0.25   FERDF 35-15 15 0.35   FERDF 35-18 18 0.35   FERDF 35-20 20 0.35   FERDF 35-25 25 0.35","og_url":"https:\/\/www.seeer-tn.com\/en\/produit\/dyflex-slats-for-slot-closing-ferdf\/","og_site_name":"SEEER","article_modified_time":"2024-09-20T16:29:28+00:00","og_image":[{"width":1000,"height":1000,"url":"https:\/\/www.seeer-tn.com\/wp-content\/uploads\/2023\/08\/Fermeture-dencoche-en-DYFLEX.jpg","type":"image\/jpeg"}],"twitter_card":"summary_large_image","twitter_misc":{"Est. reading time":"1 minute"},"schema":{"@context":"https:\/\/schema.org","@graph":[{"@type":"WebPage","@id":"https:\/\/www.seeer-tn.com\/en\/produit\/dyflex-slats-for-slot-closing-ferdf\/","url":"https:\/\/www.seeer-tn.com\/en\/produit\/dyflex-slats-for-slot-closing-ferdf\/","name":"DYFLEX slats for slot closing FERDF | SEEER","isPartOf":{"@id":"https:\/\/www.seeer-tn.com\/#website"},"primaryImageOfPage":{"@id":"https:\/\/www.seeer-tn.com\/en\/produit\/dyflex-slats-for-slot-closing-ferdf\/#primaryimage"},"image":{"@id":"https:\/\/www.seeer-tn.com\/en\/produit\/dyflex-slats-for-slot-closing-ferdf\/#primaryimage"},"thumbnailUrl":"https:\/\/www.seeer-tn.com\/wp-content\/uploads\/2023\/08\/Fermeture-dencoche-en-DYFLEX.jpg","datePublished":"2023-08-11T09:53:22+00:00","dateModified":"2024-09-20T16:29:28+00:00","description":"Model Width (mm) Thickness (mm) Length (mm) Packaging FERDF 25-15 15 0.25 1000 Packets of 100 parts FERDF 25-18 18 0.25 FERDF 35-15 15 0.35 FERDF 35-18 18 0.35 FERDF 35-20 20 0.35 FERDF 35-25 25 0.35","breadcrumb":{"@id":"https:\/\/www.seeer-tn.com\/en\/produit\/dyflex-slats-for-slot-closing-ferdf\/#breadcrumb"},"inLanguage":"en-US","potentialAction":[{"@type":"ReadAction","target":["https:\/\/www.seeer-tn.com\/en\/produit\/dyflex-slats-for-slot-closing-ferdf\/"]}]},{"@type":"ImageObject","inLanguage":"en-US","@id":"https:\/\/www.seeer-tn.com\/en\/produit\/dyflex-slats-for-slot-closing-ferdf\/#primaryimage","url":"https:\/\/www.seeer-tn.com\/wp-content\/uploads\/2023\/08\/Fermeture-dencoche-en-DYFLEX.jpg","contentUrl":"https:\/\/www.seeer-tn.com\/wp-content\/uploads\/2023\/08\/Fermeture-dencoche-en-DYFLEX.jpg","width":1000,"height":1000,"caption":"Fermeture d'encoche FERD"},{"@type":"BreadcrumbList","@id":"https:\/\/www.seeer-tn.com\/en\/produit\/dyflex-slats-for-slot-closing-ferdf\/#breadcrumb","itemListElement":[{"@type":"ListItem","position":1,"name":"Accueil","item":"https:\/\/www.seeer-tn.com\/en\/"},{"@type":"ListItem","position":2,"name":"Boutique","item":"https:\/\/www.seeer-tn.com\/boutique\/"},{"@type":"ListItem","position":3,"name":"DYFLEX slats for slot closing FERDF"}]},{"@type":"WebSite","@id":"https:\/\/www.seeer-tn.com\/#website","url":"https:\/\/www.seeer-tn.com\/","name":"SEEER","description":"Soci\u00e9t\u00e9 d\u2019\u00e9quipement \u00e9lectrique \u00e9lectronique &amp; de Rebobinage","potentialAction":[{"@type":"SearchAction","target":{"@type":"EntryPoint","urlTemplate":"https:\/\/www.seeer-tn.com\/?s={search_term_string}"},"query-input":"required name=search_term_string"}],"inLanguage":"en-US"}]}},"_links":{"self":[{"href":"https:\/\/www.seeer-tn.com\/en\/wp-json\/wp\/v2\/product\/13876","targetHints":{"allow":["GET"]}}],"collection":[{"href":"https:\/\/www.seeer-tn.com\/en\/wp-json\/wp\/v2\/product"}],"about":[{"href":"https:\/\/www.seeer-tn.com\/en\/wp-json\/wp\/v2\/types\/product"}],"wp:featuredmedia":[{"embeddable":true,"href":"https:\/\/www.seeer-tn.com\/en\/wp-json\/wp\/v2\/media\/8309"}],"wp:attachment":[{"href":"https:\/\/www.seeer-tn.com\/en\/wp-json\/wp\/v2\/media?parent=13876"}],"wp:term":[{"taxonomy":"product_cat","embeddable":true,"href":"https:\/\/www.seeer-tn.com\/en\/wp-json\/wp\/v2\/product_cat?post=13876"},{"taxonomy":"product_tag","embeddable":true,"href":"https:\/\/www.seeer-tn.com\/en\/wp-json\/wp\/v2\/product_tag?post=13876"}],"curies":[{"name":"wp","href":"https:\/\/api.w.org\/{rel}","templated":true}]}}