{"id":13878,"date":"2023-08-11T12:34:17","date_gmt":"2023-08-11T10:34:17","guid":{"rendered":"https:\/\/www.seeer-tn.com\/?post_type=product&#038;p=13878"},"modified":"2024-09-20T18:16:38","modified_gmt":"2024-09-20T16:16:38","slug":"insulation-paper-leatheroid-with-polyester-film-cp","status":"publish","type":"product","link":"https:\/\/www.seeer-tn.com\/en\/produit\/insulation-paper-leatheroid-with-polyester-film-cp\/","title":{"rendered":"Insulation paper Leatheroid with polyester film CP"},"content":{"rendered":"<div class=\"wpb-content-wrapper\"><p>[vc_row][vc_column][vc_column_text woodmart_inline=&#8221;no&#8221; text_larger=&#8221;no&#8221;]<\/p>\n<table style=\"height: 318px;\" width=\"691\">\n<tbody>\n<tr>\n<td>\n<div class=\"sous-titre-prod\" style=\"font-size: 12px;\">Application:<\/div>\n<p style=\"text-align: justify;\">Used in the electrical industry in general, especially in the manufacture or repair of motors and low-voltage transformers, has good dielectric and mechanical resistance and good thermal resistance.<\/p>\n<div class=\"sous-titre-prod\" style=\"font-size: 12px;\">Maximum operating temperature :<\/div>\n<p>Classe B 130\u00b0C<\/td>\n<td>\n<div class=\"sous-titre-prod\" style=\"font-size: 12px;\">Composition :<\/div>\n<p style=\"text-align: justify;\">Insulation paper Leatheroid with polyester film CP is a composite foil with a polyester film and fish paper used mainly for its excellent electrical insulation properties. This plasticized cardboard is a vulcanized fiber with a highly flexible polyester film. Frequently used for electrical insulation.<\/p>\n<div class=\"sous-titre-prod\" style=\"font-size: 12px;\">Breakdown voltage :<\/div>\n<p>6.0 kv<\/td>\n<\/tr>\n<\/tbody>\n<\/table>\n<p><a href=\"https:\/\/www.seeer-tn.com\/wp-content\/uploads\/2024\/02\/Film-CP_compressed-1_compressed.pdf\" target=\"_blank\" rel=\"noopener\"><img loading=\"lazy\" decoding=\"async\" class=\"alignnone wp-image-7324\" src=\"https:\/\/www.seeer-tn.com\/wp-content\/uploads\/2022\/10\/PDF_file_icon.jpg\" alt=\"\" width=\"46\" height=\"57\" \/> Download PDF file<\/a>[\/vc_column_text][\/vc_column][\/vc_row]<\/p>\n<\/div>","protected":false},"excerpt":{"rendered":"<table width=\"396\">\n<tbody>\n<tr style=\"height: 56px;\">\n<td width=\"73\"><strong><span style=\"color: #007bc4;\">Model<\/span><\/strong><\/td>\n<td width=\"73\"><strong><span style=\"color: #007bc4;\">Thickness (mm)<\/span><\/strong><\/td>\n<td width=\"86\"><strong><span style=\"color: #007bc4;\">Width of Roll (mm)<\/span><\/strong><\/td>\n<td width=\"76\"><strong><span style=\"color: #007bc4;\">Unit (Roll or kg)<\/span><\/strong><\/td>\n<\/tr>\n<tr style=\"background-color: #dfdfdf;\">\n<td width=\"162\"><strong><span style=\"color: #007bc4;\">CP 0.18N<\/span><\/strong><\/td>\n<td width=\"73\">0.18<\/td>\n<td rowspan=\"2\" width=\"86\">1000<\/td>\n<td rowspan=\"2\" width=\"76\">Rouleau ou kg<\/td>\n<\/tr>\n<tr style=\"background-color: #fefefe;\">\n<td width=\"162\"><strong><span style=\"color: #007bc4;\">CP 0.28N<\/span><\/strong><\/td>\n<td width=\"73\">0.28<\/td>\n<\/tr>\n<\/tbody>\n<\/table>\n","protected":false},"featured_media":8313,"template":"","meta":[],"product_cat":[105],"product_tag":[],"class_list":["post-13878","product","type-product","status-publish","has-post-thumbnail","hentry","product_cat-insulating-papers"],"acf":[],"yoast_head":"<!-- This site is optimized with the Yoast SEO plugin v23.3 - https:\/\/yoast.com\/wordpress\/plugins\/seo\/ -->\n<title>Insulation paper Leatheroid with polyester film CP | SEEER<\/title>\n<meta name=\"description\" content=\"Model Thickness (mm) Width of Roll (mm) Unit (Roll or kg)   CP 0.18N 0.18 1000 Rouleau ou kg   CP 0.28N 0.28\" \/>\n<meta name=\"robots\" content=\"index, follow, max-snippet:-1, max-image-preview:large, max-video-preview:-1\" \/>\n<link rel=\"canonical\" href=\"https:\/\/www.seeer-tn.com\/en\/produit\/insulation-paper-leatheroid-with-polyester-film-cp\/\" \/>\n<meta property=\"og:locale\" content=\"en_US\" \/>\n<meta property=\"og:type\" content=\"article\" \/>\n<meta property=\"og:title\" content=\"Insulation paper Leatheroid with polyester film CP | SEEER\" \/>\n<meta property=\"og:description\" content=\"Model Thickness (mm) Width of Roll (mm) Unit (Roll or kg)   CP 0.18N 0.18 1000 Rouleau ou kg   CP 0.28N 0.28\" \/>\n<meta property=\"og:url\" content=\"https:\/\/www.seeer-tn.com\/en\/produit\/insulation-paper-leatheroid-with-polyester-film-cp\/\" \/>\n<meta property=\"og:site_name\" content=\"SEEER\" \/>\n<meta property=\"article:modified_time\" content=\"2024-09-20T16:16:38+00:00\" \/>\n<meta property=\"og:image\" content=\"https:\/\/www.seeer-tn.com\/wp-content\/uploads\/2023\/08\/Carton_plastifie-tr.jpg\" \/>\n\t<meta property=\"og:image:width\" content=\"1000\" \/>\n\t<meta property=\"og:image:height\" content=\"1000\" \/>\n\t<meta property=\"og:image:type\" content=\"image\/jpeg\" \/>\n<meta name=\"twitter:card\" content=\"summary_large_image\" \/>\n<meta name=\"twitter:label1\" content=\"Est. reading time\" \/>\n\t<meta name=\"twitter:data1\" content=\"1 minute\" \/>\n<script type=\"application\/ld+json\" class=\"yoast-schema-graph\">{\"@context\":\"https:\/\/schema.org\",\"@graph\":[{\"@type\":\"WebPage\",\"@id\":\"https:\/\/www.seeer-tn.com\/en\/produit\/insulation-paper-leatheroid-with-polyester-film-cp\/\",\"url\":\"https:\/\/www.seeer-tn.com\/en\/produit\/insulation-paper-leatheroid-with-polyester-film-cp\/\",\"name\":\"Insulation paper Leatheroid with polyester film CP | SEEER\",\"isPartOf\":{\"@id\":\"https:\/\/www.seeer-tn.com\/#website\"},\"primaryImageOfPage\":{\"@id\":\"https:\/\/www.seeer-tn.com\/en\/produit\/insulation-paper-leatheroid-with-polyester-film-cp\/#primaryimage\"},\"image\":{\"@id\":\"https:\/\/www.seeer-tn.com\/en\/produit\/insulation-paper-leatheroid-with-polyester-film-cp\/#primaryimage\"},\"thumbnailUrl\":\"https:\/\/www.seeer-tn.com\/wp-content\/uploads\/2023\/08\/Carton_plastifie-tr.jpg\",\"datePublished\":\"2023-08-11T10:34:17+00:00\",\"dateModified\":\"2024-09-20T16:16:38+00:00\",\"description\":\"Model Thickness (mm) Width of Roll (mm) Unit (Roll or kg) CP 0.18N 0.18 1000 Rouleau ou kg CP 0.28N 0.28\",\"breadcrumb\":{\"@id\":\"https:\/\/www.seeer-tn.com\/en\/produit\/insulation-paper-leatheroid-with-polyester-film-cp\/#breadcrumb\"},\"inLanguage\":\"en-US\",\"potentialAction\":[{\"@type\":\"ReadAction\",\"target\":[\"https:\/\/www.seeer-tn.com\/en\/produit\/insulation-paper-leatheroid-with-polyester-film-cp\/\"]}]},{\"@type\":\"ImageObject\",\"inLanguage\":\"en-US\",\"@id\":\"https:\/\/www.seeer-tn.com\/en\/produit\/insulation-paper-leatheroid-with-polyester-film-cp\/#primaryimage\",\"url\":\"https:\/\/www.seeer-tn.com\/wp-content\/uploads\/2023\/08\/Carton_plastifie-tr.jpg\",\"contentUrl\":\"https:\/\/www.seeer-tn.com\/wp-content\/uploads\/2023\/08\/Carton_plastifie-tr.jpg\",\"width\":1000,\"height\":1000,\"caption\":\"Carton CP\"},{\"@type\":\"BreadcrumbList\",\"@id\":\"https:\/\/www.seeer-tn.com\/en\/produit\/insulation-paper-leatheroid-with-polyester-film-cp\/#breadcrumb\",\"itemListElement\":[{\"@type\":\"ListItem\",\"position\":1,\"name\":\"Accueil\",\"item\":\"https:\/\/www.seeer-tn.com\/en\/\"},{\"@type\":\"ListItem\",\"position\":2,\"name\":\"Boutique\",\"item\":\"https:\/\/www.seeer-tn.com\/boutique\/\"},{\"@type\":\"ListItem\",\"position\":3,\"name\":\"Insulation paper Leatheroid with polyester film CP\"}]},{\"@type\":\"WebSite\",\"@id\":\"https:\/\/www.seeer-tn.com\/#website\",\"url\":\"https:\/\/www.seeer-tn.com\/\",\"name\":\"SEEER\",\"description\":\"Soci\u00e9t\u00e9 d\u2019\u00e9quipement \u00e9lectrique \u00e9lectronique &amp; de Rebobinage\",\"potentialAction\":[{\"@type\":\"SearchAction\",\"target\":{\"@type\":\"EntryPoint\",\"urlTemplate\":\"https:\/\/www.seeer-tn.com\/?s={search_term_string}\"},\"query-input\":\"required name=search_term_string\"}],\"inLanguage\":\"en-US\"}]}<\/script>\n<!-- \/ Yoast SEO plugin. -->","yoast_head_json":{"title":"Insulation paper Leatheroid with polyester film CP | SEEER","description":"Model Thickness (mm) Width of Roll (mm) Unit (Roll or kg)   CP 0.18N 0.18 1000 Rouleau ou kg   CP 0.28N 0.28","robots":{"index":"index","follow":"follow","max-snippet":"max-snippet:-1","max-image-preview":"max-image-preview:large","max-video-preview":"max-video-preview:-1"},"canonical":"https:\/\/www.seeer-tn.com\/en\/produit\/insulation-paper-leatheroid-with-polyester-film-cp\/","og_locale":"en_US","og_type":"article","og_title":"Insulation paper Leatheroid with polyester film CP | SEEER","og_description":"Model Thickness (mm) Width of Roll (mm) Unit (Roll or kg)   CP 0.18N 0.18 1000 Rouleau ou kg   CP 0.28N 0.28","og_url":"https:\/\/www.seeer-tn.com\/en\/produit\/insulation-paper-leatheroid-with-polyester-film-cp\/","og_site_name":"SEEER","article_modified_time":"2024-09-20T16:16:38+00:00","og_image":[{"width":1000,"height":1000,"url":"https:\/\/www.seeer-tn.com\/wp-content\/uploads\/2023\/08\/Carton_plastifie-tr.jpg","type":"image\/jpeg"}],"twitter_card":"summary_large_image","twitter_misc":{"Est. reading time":"1 minute"},"schema":{"@context":"https:\/\/schema.org","@graph":[{"@type":"WebPage","@id":"https:\/\/www.seeer-tn.com\/en\/produit\/insulation-paper-leatheroid-with-polyester-film-cp\/","url":"https:\/\/www.seeer-tn.com\/en\/produit\/insulation-paper-leatheroid-with-polyester-film-cp\/","name":"Insulation paper Leatheroid with polyester film CP | SEEER","isPartOf":{"@id":"https:\/\/www.seeer-tn.com\/#website"},"primaryImageOfPage":{"@id":"https:\/\/www.seeer-tn.com\/en\/produit\/insulation-paper-leatheroid-with-polyester-film-cp\/#primaryimage"},"image":{"@id":"https:\/\/www.seeer-tn.com\/en\/produit\/insulation-paper-leatheroid-with-polyester-film-cp\/#primaryimage"},"thumbnailUrl":"https:\/\/www.seeer-tn.com\/wp-content\/uploads\/2023\/08\/Carton_plastifie-tr.jpg","datePublished":"2023-08-11T10:34:17+00:00","dateModified":"2024-09-20T16:16:38+00:00","description":"Model Thickness (mm) Width of Roll (mm) Unit (Roll or kg) CP 0.18N 0.18 1000 Rouleau ou kg CP 0.28N 0.28","breadcrumb":{"@id":"https:\/\/www.seeer-tn.com\/en\/produit\/insulation-paper-leatheroid-with-polyester-film-cp\/#breadcrumb"},"inLanguage":"en-US","potentialAction":[{"@type":"ReadAction","target":["https:\/\/www.seeer-tn.com\/en\/produit\/insulation-paper-leatheroid-with-polyester-film-cp\/"]}]},{"@type":"ImageObject","inLanguage":"en-US","@id":"https:\/\/www.seeer-tn.com\/en\/produit\/insulation-paper-leatheroid-with-polyester-film-cp\/#primaryimage","url":"https:\/\/www.seeer-tn.com\/wp-content\/uploads\/2023\/08\/Carton_plastifie-tr.jpg","contentUrl":"https:\/\/www.seeer-tn.com\/wp-content\/uploads\/2023\/08\/Carton_plastifie-tr.jpg","width":1000,"height":1000,"caption":"Carton CP"},{"@type":"BreadcrumbList","@id":"https:\/\/www.seeer-tn.com\/en\/produit\/insulation-paper-leatheroid-with-polyester-film-cp\/#breadcrumb","itemListElement":[{"@type":"ListItem","position":1,"name":"Accueil","item":"https:\/\/www.seeer-tn.com\/en\/"},{"@type":"ListItem","position":2,"name":"Boutique","item":"https:\/\/www.seeer-tn.com\/boutique\/"},{"@type":"ListItem","position":3,"name":"Insulation paper Leatheroid with polyester film CP"}]},{"@type":"WebSite","@id":"https:\/\/www.seeer-tn.com\/#website","url":"https:\/\/www.seeer-tn.com\/","name":"SEEER","description":"Soci\u00e9t\u00e9 d\u2019\u00e9quipement \u00e9lectrique \u00e9lectronique &amp; de Rebobinage","potentialAction":[{"@type":"SearchAction","target":{"@type":"EntryPoint","urlTemplate":"https:\/\/www.seeer-tn.com\/?s={search_term_string}"},"query-input":"required name=search_term_string"}],"inLanguage":"en-US"}]}},"_links":{"self":[{"href":"https:\/\/www.seeer-tn.com\/en\/wp-json\/wp\/v2\/product\/13878","targetHints":{"allow":["GET"]}}],"collection":[{"href":"https:\/\/www.seeer-tn.com\/en\/wp-json\/wp\/v2\/product"}],"about":[{"href":"https:\/\/www.seeer-tn.com\/en\/wp-json\/wp\/v2\/types\/product"}],"wp:featuredmedia":[{"embeddable":true,"href":"https:\/\/www.seeer-tn.com\/en\/wp-json\/wp\/v2\/media\/8313"}],"wp:attachment":[{"href":"https:\/\/www.seeer-tn.com\/en\/wp-json\/wp\/v2\/media?parent=13878"}],"wp:term":[{"taxonomy":"product_cat","embeddable":true,"href":"https:\/\/www.seeer-tn.com\/en\/wp-json\/wp\/v2\/product_cat?post=13878"},{"taxonomy":"product_tag","embeddable":true,"href":"https:\/\/www.seeer-tn.com\/en\/wp-json\/wp\/v2\/product_tag?post=13878"}],"curies":[{"name":"wp","href":"https:\/\/api.w.org\/{rel}","templated":true}]}}