{"id":13885,"date":"2023-08-11T12:44:13","date_gmt":"2023-08-11T10:44:13","guid":{"rendered":"https:\/\/www.seeer-tn.com\/?post_type=product&#038;p=13885"},"modified":"2024-09-20T18:13:56","modified_gmt":"2024-09-20T16:13:56","slug":"presspahn-sheet","status":"publish","type":"product","link":"https:\/\/www.seeer-tn.com\/en\/produit\/presspahn-sheet\/","title":{"rendered":"Presspahn sheet"},"content":{"rendered":"<div class=\"wpb-content-wrapper\"><p>[vc_row][vc_column][vc_column_text woodmart_inline=&#8221;no&#8221; text_larger=&#8221;no&#8221;]<\/p>\n<table style=\"height: 308px;\" width=\"728\">\n<tbody>\n<tr>\n<td style=\"text-align: left;\">\n<div class=\"sous-titre-prod\" style=\"font-size: 12px;\">Storability:<\/div>\n<p style=\"text-align: justify;\">This product, like other products in wood pulp, is moisture-sensitive. After removing the original package, we recommend to store the PSP 3052 in dry condition and protecting the product from dust and moisture and not store it on the ground. Protects it from the sun.<\/p>\n<div class=\"sous-titre-prod\" style=\"font-size: 12px;\">Composition :<\/div>\n<p style=\"text-align: justify;\">The PRESSPAHN is a pressed cardboard obtained from cellulose sulfate.<\/p>\n<\/td>\n<td>\n<div class=\"sous-titre-prod\" style=\"font-size: 12px;\">Application :<\/div>\n<p style=\"text-align: justify;\">Presspahn sheet complies with type B 3.1 according to IEC 60641-3-1. The PSP 3052 suitable for oil\u2019s transformer isolation (spacers, cylinders, barriers between phases and centers, disks, rings, screens, bars, etc.) and in all of that electrical equipment that require: very good electric insulation \u2013 very good mechanics resistance \u2013 good thermal resistance.<\/p>\n<div class=\"sous-titre-prod\" style=\"font-size: 12px;\">Maximum operating temperature :<\/div>\n<p>Classe A 105\u00b0C<\/td>\n<\/tr>\n<\/tbody>\n<\/table>\n<p><a href=\"https:\/\/www.seeer-tn.com\/wp-content\/uploads\/2024\/02\/Presspahn-sheet-P_compressed_compressed.pdf\" target=\"_blank\" rel=\"noopener\"><img loading=\"lazy\" decoding=\"async\" class=\"alignnone wp-image-7324\" src=\"https:\/\/www.seeer-tn.com\/wp-content\/uploads\/2022\/10\/PDF_file_icon.jpg\" alt=\"\" width=\"46\" height=\"57\" \/> Download PDF file<\/a>[\/vc_column_text][\/vc_column][\/vc_row]<\/p>\n<\/div>","protected":false},"excerpt":{"rendered":"<table>\n<tbody>\n<tr style=\"height: 56px;\">\n<td width=\"111\"><strong><span style=\"color: #007bc4;\">Model<\/span><\/strong><\/td>\n<td width=\"80\"><strong><span style=\"color: #007bc4;\">Thickness (mm) <\/span><\/strong><\/td>\n<td width=\"99\"><strong><span style=\"color: #007bc4;\">Sheet dimensions (mm)<\/span><\/strong><\/td>\n<td width=\"80\"><strong><span style=\"color: #007bc4;\">Unit (kg)<br \/>\n<\/span><\/strong><\/td>\n<\/tr>\n<tr style=\"background-color: #dfdfdf;\">\n<td width=\"111\"><strong><span style=\"color: #007bc4;\">P1<\/span><\/strong><\/td>\n<td width=\"80\">1<\/td>\n<td rowspan=\"2\" width=\"99\">2000 X 1500<\/td>\n<td rowspan=\"2\" width=\"80\">Sheet kg<\/td>\n<\/tr>\n<tr style=\"background-color: #fefefe;\">\n<td width=\"111\"><strong><span style=\"color: #007bc4;\">P2<\/span><\/strong><\/td>\n<td width=\"80\">2<\/td>\n<\/tr>\n<\/tbody>\n<\/table>\n","protected":false},"featured_media":8316,"template":"","meta":[],"product_cat":[105],"product_tag":[],"class_list":["post-13885","product","type-product","status-publish","has-post-thumbnail","hentry","product_cat-insulating-papers"],"acf":[],"yoast_head":"<!-- This site is optimized with the Yoast SEO plugin v23.3 - https:\/\/yoast.com\/wordpress\/plugins\/seo\/ -->\n<title>Presspahn sheet | SEEER<\/title>\n<meta name=\"description\" content=\"Model Thickness (mm)  Sheet dimensions (mm) Unit (kg)    P1 1 2000 X 1500 Sheet kg   P2 2\" \/>\n<meta name=\"robots\" content=\"index, follow, max-snippet:-1, max-image-preview:large, max-video-preview:-1\" \/>\n<link rel=\"canonical\" href=\"https:\/\/www.seeer-tn.com\/en\/produit\/presspahn-sheet\/\" \/>\n<meta property=\"og:locale\" content=\"en_US\" \/>\n<meta property=\"og:type\" content=\"article\" \/>\n<meta property=\"og:title\" content=\"Presspahn sheet | SEEER\" \/>\n<meta property=\"og:description\" content=\"Model Thickness (mm)  Sheet dimensions (mm) Unit (kg)    P1 1 2000 X 1500 Sheet kg   P2 2\" \/>\n<meta property=\"og:url\" content=\"https:\/\/www.seeer-tn.com\/en\/produit\/presspahn-sheet\/\" \/>\n<meta property=\"og:site_name\" content=\"SEEER\" \/>\n<meta property=\"article:modified_time\" content=\"2024-09-20T16:13:56+00:00\" \/>\n<meta property=\"og:image\" content=\"https:\/\/www.seeer-tn.com\/wp-content\/uploads\/2023\/08\/Pressphan-P.jpg\" \/>\n\t<meta property=\"og:image:width\" content=\"1000\" \/>\n\t<meta property=\"og:image:height\" content=\"1000\" \/>\n\t<meta property=\"og:image:type\" content=\"image\/jpeg\" \/>\n<meta name=\"twitter:card\" content=\"summary_large_image\" \/>\n<meta name=\"twitter:label1\" content=\"Est. reading time\" \/>\n\t<meta name=\"twitter:data1\" content=\"2 minutes\" \/>\n<script type=\"application\/ld+json\" class=\"yoast-schema-graph\">{\"@context\":\"https:\/\/schema.org\",\"@graph\":[{\"@type\":\"WebPage\",\"@id\":\"https:\/\/www.seeer-tn.com\/en\/produit\/presspahn-sheet\/\",\"url\":\"https:\/\/www.seeer-tn.com\/en\/produit\/presspahn-sheet\/\",\"name\":\"Presspahn sheet | SEEER\",\"isPartOf\":{\"@id\":\"https:\/\/www.seeer-tn.com\/#website\"},\"primaryImageOfPage\":{\"@id\":\"https:\/\/www.seeer-tn.com\/en\/produit\/presspahn-sheet\/#primaryimage\"},\"image\":{\"@id\":\"https:\/\/www.seeer-tn.com\/en\/produit\/presspahn-sheet\/#primaryimage\"},\"thumbnailUrl\":\"https:\/\/www.seeer-tn.com\/wp-content\/uploads\/2023\/08\/Pressphan-P.jpg\",\"datePublished\":\"2023-08-11T10:44:13+00:00\",\"dateModified\":\"2024-09-20T16:13:56+00:00\",\"description\":\"Model Thickness (mm) Sheet dimensions (mm) Unit (kg) P1 1 2000 X 1500 Sheet kg P2 2\",\"breadcrumb\":{\"@id\":\"https:\/\/www.seeer-tn.com\/en\/produit\/presspahn-sheet\/#breadcrumb\"},\"inLanguage\":\"en-US\",\"potentialAction\":[{\"@type\":\"ReadAction\",\"target\":[\"https:\/\/www.seeer-tn.com\/en\/produit\/presspahn-sheet\/\"]}]},{\"@type\":\"ImageObject\",\"inLanguage\":\"en-US\",\"@id\":\"https:\/\/www.seeer-tn.com\/en\/produit\/presspahn-sheet\/#primaryimage\",\"url\":\"https:\/\/www.seeer-tn.com\/wp-content\/uploads\/2023\/08\/Pressphan-P.jpg\",\"contentUrl\":\"https:\/\/www.seeer-tn.com\/wp-content\/uploads\/2023\/08\/Pressphan-P.jpg\",\"width\":1000,\"height\":1000,\"caption\":\"Carton Presspahn P\"},{\"@type\":\"BreadcrumbList\",\"@id\":\"https:\/\/www.seeer-tn.com\/en\/produit\/presspahn-sheet\/#breadcrumb\",\"itemListElement\":[{\"@type\":\"ListItem\",\"position\":1,\"name\":\"Accueil\",\"item\":\"https:\/\/www.seeer-tn.com\/en\/\"},{\"@type\":\"ListItem\",\"position\":2,\"name\":\"Boutique\",\"item\":\"https:\/\/www.seeer-tn.com\/boutique\/\"},{\"@type\":\"ListItem\",\"position\":3,\"name\":\"Presspahn sheet\"}]},{\"@type\":\"WebSite\",\"@id\":\"https:\/\/www.seeer-tn.com\/#website\",\"url\":\"https:\/\/www.seeer-tn.com\/\",\"name\":\"SEEER\",\"description\":\"Soci\u00e9t\u00e9 d\u2019\u00e9quipement \u00e9lectrique \u00e9lectronique &amp; de Rebobinage\",\"potentialAction\":[{\"@type\":\"SearchAction\",\"target\":{\"@type\":\"EntryPoint\",\"urlTemplate\":\"https:\/\/www.seeer-tn.com\/?s={search_term_string}\"},\"query-input\":\"required name=search_term_string\"}],\"inLanguage\":\"en-US\"}]}<\/script>\n<!-- \/ Yoast SEO plugin. -->","yoast_head_json":{"title":"Presspahn sheet | SEEER","description":"Model Thickness (mm)  Sheet dimensions (mm) Unit (kg)    P1 1 2000 X 1500 Sheet kg   P2 2","robots":{"index":"index","follow":"follow","max-snippet":"max-snippet:-1","max-image-preview":"max-image-preview:large","max-video-preview":"max-video-preview:-1"},"canonical":"https:\/\/www.seeer-tn.com\/en\/produit\/presspahn-sheet\/","og_locale":"en_US","og_type":"article","og_title":"Presspahn sheet | SEEER","og_description":"Model Thickness (mm)  Sheet dimensions (mm) Unit (kg)    P1 1 2000 X 1500 Sheet kg   P2 2","og_url":"https:\/\/www.seeer-tn.com\/en\/produit\/presspahn-sheet\/","og_site_name":"SEEER","article_modified_time":"2024-09-20T16:13:56+00:00","og_image":[{"width":1000,"height":1000,"url":"https:\/\/www.seeer-tn.com\/wp-content\/uploads\/2023\/08\/Pressphan-P.jpg","type":"image\/jpeg"}],"twitter_card":"summary_large_image","twitter_misc":{"Est. reading time":"2 minutes"},"schema":{"@context":"https:\/\/schema.org","@graph":[{"@type":"WebPage","@id":"https:\/\/www.seeer-tn.com\/en\/produit\/presspahn-sheet\/","url":"https:\/\/www.seeer-tn.com\/en\/produit\/presspahn-sheet\/","name":"Presspahn sheet | SEEER","isPartOf":{"@id":"https:\/\/www.seeer-tn.com\/#website"},"primaryImageOfPage":{"@id":"https:\/\/www.seeer-tn.com\/en\/produit\/presspahn-sheet\/#primaryimage"},"image":{"@id":"https:\/\/www.seeer-tn.com\/en\/produit\/presspahn-sheet\/#primaryimage"},"thumbnailUrl":"https:\/\/www.seeer-tn.com\/wp-content\/uploads\/2023\/08\/Pressphan-P.jpg","datePublished":"2023-08-11T10:44:13+00:00","dateModified":"2024-09-20T16:13:56+00:00","description":"Model Thickness (mm) Sheet dimensions (mm) Unit (kg) P1 1 2000 X 1500 Sheet kg P2 2","breadcrumb":{"@id":"https:\/\/www.seeer-tn.com\/en\/produit\/presspahn-sheet\/#breadcrumb"},"inLanguage":"en-US","potentialAction":[{"@type":"ReadAction","target":["https:\/\/www.seeer-tn.com\/en\/produit\/presspahn-sheet\/"]}]},{"@type":"ImageObject","inLanguage":"en-US","@id":"https:\/\/www.seeer-tn.com\/en\/produit\/presspahn-sheet\/#primaryimage","url":"https:\/\/www.seeer-tn.com\/wp-content\/uploads\/2023\/08\/Pressphan-P.jpg","contentUrl":"https:\/\/www.seeer-tn.com\/wp-content\/uploads\/2023\/08\/Pressphan-P.jpg","width":1000,"height":1000,"caption":"Carton Presspahn P"},{"@type":"BreadcrumbList","@id":"https:\/\/www.seeer-tn.com\/en\/produit\/presspahn-sheet\/#breadcrumb","itemListElement":[{"@type":"ListItem","position":1,"name":"Accueil","item":"https:\/\/www.seeer-tn.com\/en\/"},{"@type":"ListItem","position":2,"name":"Boutique","item":"https:\/\/www.seeer-tn.com\/boutique\/"},{"@type":"ListItem","position":3,"name":"Presspahn sheet"}]},{"@type":"WebSite","@id":"https:\/\/www.seeer-tn.com\/#website","url":"https:\/\/www.seeer-tn.com\/","name":"SEEER","description":"Soci\u00e9t\u00e9 d\u2019\u00e9quipement \u00e9lectrique \u00e9lectronique &amp; de Rebobinage","potentialAction":[{"@type":"SearchAction","target":{"@type":"EntryPoint","urlTemplate":"https:\/\/www.seeer-tn.com\/?s={search_term_string}"},"query-input":"required name=search_term_string"}],"inLanguage":"en-US"}]}},"_links":{"self":[{"href":"https:\/\/www.seeer-tn.com\/en\/wp-json\/wp\/v2\/product\/13885","targetHints":{"allow":["GET"]}}],"collection":[{"href":"https:\/\/www.seeer-tn.com\/en\/wp-json\/wp\/v2\/product"}],"about":[{"href":"https:\/\/www.seeer-tn.com\/en\/wp-json\/wp\/v2\/types\/product"}],"wp:featuredmedia":[{"embeddable":true,"href":"https:\/\/www.seeer-tn.com\/en\/wp-json\/wp\/v2\/media\/8316"}],"wp:attachment":[{"href":"https:\/\/www.seeer-tn.com\/en\/wp-json\/wp\/v2\/media?parent=13885"}],"wp:term":[{"taxonomy":"product_cat","embeddable":true,"href":"https:\/\/www.seeer-tn.com\/en\/wp-json\/wp\/v2\/product_cat?post=13885"},{"taxonomy":"product_tag","embeddable":true,"href":"https:\/\/www.seeer-tn.com\/en\/wp-json\/wp\/v2\/product_tag?post=13885"}],"curies":[{"name":"wp","href":"https:\/\/api.w.org\/{rel}","templated":true}]}}