{"id":13889,"date":"2023-08-11T13:06:26","date_gmt":"2023-08-11T11:06:26","guid":{"rendered":"https:\/\/www.seeer-tn.com\/?post_type=product&#038;p=13889"},"modified":"2024-09-20T17:58:40","modified_gmt":"2024-09-20T15:58:40","slug":"insulation-paper-dyflex","status":"publish","type":"product","link":"https:\/\/www.seeer-tn.com\/en\/produit\/insulation-paper-dyflex\/","title":{"rendered":"Insulation paper DYFLEX"},"content":{"rendered":"<div class=\"wpb-content-wrapper\"><p>[vc_row][vc_column][vc_column_text woodmart_inline=&#8221;no&#8221; text_larger=&#8221;no&#8221;]<\/p>\n<table style=\"height: 378px;\" width=\"748\">\n<tbody>\n<tr>\n<td style=\"text-align: left;\">\n<div class=\"sous-titre-prod\" style=\"font-size: 12px;\">Composition :<\/div>\n<p>The coupled flexible insulation paper DYFLEX derived from the coupling of a hot polyester film intercalated in two layers of polyester TNT (nonwoven fabric), the compound obtained is subsequently saturated at 100% with high thermal strength resin, that assures the resistance to thermal aging of polystyrene and makes both surfaces completely smooth to optimize the fluency. The polyester film allows, varying the thickness, to obtain a wide range of laminates.<\/p>\n<div class=\"sous-titre-prod\" style=\"font-size: 12px;\">Maximum operating temperature:<\/div>\n<p>Classe F 155\u00b0C<\/p>\n<div class=\"sous-titre-prod\" style=\"font-size: 12px;\">Minimum working temperature :<\/div>\n<p>Polyester-60\u00b0C<\/td>\n<td>\n<div class=\"sous-titre-prod\" style=\"font-size: 12px;\">Application :<\/div>\n<p>Insulation paper DYFLEX suitable for insulating transformers, motors and electrical equipment requiring excellent electrical insulation, high mechanical strength and excellent thermal resistance.<\/p>\n<div class=\"sous-titre-prod\" style=\"font-size: 12px;\">Breakdown voltage :<\/div>\n<p>10.0&#8211;22.0 kv<\/td>\n<\/tr>\n<\/tbody>\n<\/table>\n<p><a href=\"https:\/\/www.seeer-tn.com\/wp-content\/uploads\/2024\/01\/Insulation-paper-DYFLEX_compressed-1.pdf\" target=\"_blank\" rel=\"noopener\"><img loading=\"lazy\" decoding=\"async\" class=\"alignnone wp-image-7324\" src=\"https:\/\/www.seeer-tn.com\/wp-content\/uploads\/2022\/10\/PDF_file_icon.jpg\" alt=\"\" width=\"46\" height=\"57\" \/> Download PDF file<\/a>[\/vc_column_text][\/vc_column][\/vc_row]<\/p>\n<\/div>","protected":false},"excerpt":{"rendered":"<table width=\"379\">\n<tbody>\n<tr style=\"height: 56px;\">\n<td width=\"111\"><strong><span style=\"color: #007bc4;\">Model<\/span><\/strong><\/td>\n<td width=\"80\"><strong><span style=\"color: #007bc4;\">Thickness(mm)<\/span><\/strong><\/td>\n<td width=\"108\"><strong><span style=\"color: #007bc4;\">Width of Roll (mm)<\/span><\/strong><\/td>\n<td width=\"80\"><strong><span style=\"color: #007bc4;\">Unit (Roll or kg) <\/span><\/strong><\/td>\n<\/tr>\n<tr style=\"background-color: #dfdfdf;\">\n<td width=\"111\"><strong><span style=\"color: #007bc4;\">DF 0.25<\/span><\/strong><\/td>\n<td width=\"80\">0.25<\/td>\n<td rowspan=\"4\" width=\"108\">1000<\/td>\n<td rowspan=\"4\" width=\"80\">Roll or kg<\/td>\n<\/tr>\n<tr style=\"background-color: #fefefe;\">\n<td width=\"111\"><strong><span style=\"color: #007bc4;\">DF 0.30<\/span><\/strong><\/td>\n<td width=\"80\">0.30<\/td>\n<\/tr>\n<tr style=\"background-color: #dfdfdf;\">\n<td width=\"111\"><strong><span style=\"color: #007bc4;\">DF 0.35<\/span><\/strong><\/td>\n<td width=\"80\">0.35<\/td>\n<\/tr>\n<tr style=\"background-color: #fefefe;\">\n<td width=\"111\"><strong><span style=\"color: #007bc4;\">DF 0.40<\/span><\/strong><\/td>\n<td width=\"80\">0.40<\/td>\n<\/tr>\n<\/tbody>\n<\/table>\n","protected":false},"featured_media":8324,"template":"","meta":[],"product_cat":[105],"product_tag":[],"class_list":["post-13889","product","type-product","status-publish","has-post-thumbnail","hentry","product_cat-insulating-papers"],"acf":[],"yoast_head":"<!-- This site is optimized with the Yoast SEO plugin v23.3 - https:\/\/yoast.com\/wordpress\/plugins\/seo\/ -->\n<title>Insulation paper DYFLEX | SEEER<\/title>\n<meta name=\"description\" content=\"Model Thickness(mm) Width of Roll (mm) Unit (Roll or kg)    DF 0.25 0.25 1000 Roll or kg   DF 0.30 0.30   DF 0.35 0.35   DF 0.40 0.40\" \/>\n<meta name=\"robots\" content=\"index, follow, max-snippet:-1, max-image-preview:large, max-video-preview:-1\" \/>\n<link rel=\"canonical\" href=\"https:\/\/www.seeer-tn.com\/en\/produit\/insulation-paper-dyflex\/\" \/>\n<meta property=\"og:locale\" content=\"en_US\" \/>\n<meta property=\"og:type\" content=\"article\" \/>\n<meta property=\"og:title\" content=\"Insulation paper DYFLEX | SEEER\" \/>\n<meta property=\"og:description\" content=\"Model Thickness(mm) Width of Roll (mm) Unit (Roll or kg)    DF 0.25 0.25 1000 Roll or kg   DF 0.30 0.30   DF 0.35 0.35   DF 0.40 0.40\" \/>\n<meta property=\"og:url\" content=\"https:\/\/www.seeer-tn.com\/en\/produit\/insulation-paper-dyflex\/\" \/>\n<meta property=\"og:site_name\" content=\"SEEER\" \/>\n<meta property=\"article:modified_time\" content=\"2024-09-20T15:58:40+00:00\" \/>\n<meta property=\"og:image\" content=\"https:\/\/www.seeer-tn.com\/wp-content\/uploads\/2023\/08\/Deflex-tr.jpg\" \/>\n\t<meta property=\"og:image:width\" content=\"1000\" \/>\n\t<meta property=\"og:image:height\" content=\"1000\" \/>\n\t<meta property=\"og:image:type\" content=\"image\/jpeg\" \/>\n<meta name=\"twitter:card\" content=\"summary_large_image\" \/>\n<meta name=\"twitter:label1\" content=\"Est. reading time\" \/>\n\t<meta name=\"twitter:data1\" content=\"1 minute\" \/>\n<script type=\"application\/ld+json\" class=\"yoast-schema-graph\">{\"@context\":\"https:\/\/schema.org\",\"@graph\":[{\"@type\":\"WebPage\",\"@id\":\"https:\/\/www.seeer-tn.com\/en\/produit\/insulation-paper-dyflex\/\",\"url\":\"https:\/\/www.seeer-tn.com\/en\/produit\/insulation-paper-dyflex\/\",\"name\":\"Insulation paper DYFLEX | SEEER\",\"isPartOf\":{\"@id\":\"https:\/\/www.seeer-tn.com\/#website\"},\"primaryImageOfPage\":{\"@id\":\"https:\/\/www.seeer-tn.com\/en\/produit\/insulation-paper-dyflex\/#primaryimage\"},\"image\":{\"@id\":\"https:\/\/www.seeer-tn.com\/en\/produit\/insulation-paper-dyflex\/#primaryimage\"},\"thumbnailUrl\":\"https:\/\/www.seeer-tn.com\/wp-content\/uploads\/2023\/08\/Deflex-tr.jpg\",\"datePublished\":\"2023-08-11T11:06:26+00:00\",\"dateModified\":\"2024-09-20T15:58:40+00:00\",\"description\":\"Model Thickness(mm) Width of Roll (mm) Unit (Roll or kg) DF 0.25 0.25 1000 Roll or kg DF 0.30 0.30 DF 0.35 0.35 DF 0.40 0.40\",\"breadcrumb\":{\"@id\":\"https:\/\/www.seeer-tn.com\/en\/produit\/insulation-paper-dyflex\/#breadcrumb\"},\"inLanguage\":\"en-US\",\"potentialAction\":[{\"@type\":\"ReadAction\",\"target\":[\"https:\/\/www.seeer-tn.com\/en\/produit\/insulation-paper-dyflex\/\"]}]},{\"@type\":\"ImageObject\",\"inLanguage\":\"en-US\",\"@id\":\"https:\/\/www.seeer-tn.com\/en\/produit\/insulation-paper-dyflex\/#primaryimage\",\"url\":\"https:\/\/www.seeer-tn.com\/wp-content\/uploads\/2023\/08\/Deflex-tr.jpg\",\"contentUrl\":\"https:\/\/www.seeer-tn.com\/wp-content\/uploads\/2023\/08\/Deflex-tr.jpg\",\"width\":1000,\"height\":1000,\"caption\":\"Isolant DYFLEX\"},{\"@type\":\"BreadcrumbList\",\"@id\":\"https:\/\/www.seeer-tn.com\/en\/produit\/insulation-paper-dyflex\/#breadcrumb\",\"itemListElement\":[{\"@type\":\"ListItem\",\"position\":1,\"name\":\"Accueil\",\"item\":\"https:\/\/www.seeer-tn.com\/en\/\"},{\"@type\":\"ListItem\",\"position\":2,\"name\":\"Boutique\",\"item\":\"https:\/\/www.seeer-tn.com\/boutique\/\"},{\"@type\":\"ListItem\",\"position\":3,\"name\":\"Insulation paper DYFLEX\"}]},{\"@type\":\"WebSite\",\"@id\":\"https:\/\/www.seeer-tn.com\/#website\",\"url\":\"https:\/\/www.seeer-tn.com\/\",\"name\":\"SEEER\",\"description\":\"Soci\u00e9t\u00e9 d\u2019\u00e9quipement \u00e9lectrique \u00e9lectronique &amp; de Rebobinage\",\"potentialAction\":[{\"@type\":\"SearchAction\",\"target\":{\"@type\":\"EntryPoint\",\"urlTemplate\":\"https:\/\/www.seeer-tn.com\/?s={search_term_string}\"},\"query-input\":\"required name=search_term_string\"}],\"inLanguage\":\"en-US\"}]}<\/script>\n<!-- \/ Yoast SEO plugin. -->","yoast_head_json":{"title":"Insulation paper DYFLEX | SEEER","description":"Model Thickness(mm) Width of Roll (mm) Unit (Roll or kg)    DF 0.25 0.25 1000 Roll or kg   DF 0.30 0.30   DF 0.35 0.35   DF 0.40 0.40","robots":{"index":"index","follow":"follow","max-snippet":"max-snippet:-1","max-image-preview":"max-image-preview:large","max-video-preview":"max-video-preview:-1"},"canonical":"https:\/\/www.seeer-tn.com\/en\/produit\/insulation-paper-dyflex\/","og_locale":"en_US","og_type":"article","og_title":"Insulation paper DYFLEX | SEEER","og_description":"Model Thickness(mm) Width of Roll (mm) Unit (Roll or kg)    DF 0.25 0.25 1000 Roll or kg   DF 0.30 0.30   DF 0.35 0.35   DF 0.40 0.40","og_url":"https:\/\/www.seeer-tn.com\/en\/produit\/insulation-paper-dyflex\/","og_site_name":"SEEER","article_modified_time":"2024-09-20T15:58:40+00:00","og_image":[{"width":1000,"height":1000,"url":"https:\/\/www.seeer-tn.com\/wp-content\/uploads\/2023\/08\/Deflex-tr.jpg","type":"image\/jpeg"}],"twitter_card":"summary_large_image","twitter_misc":{"Est. reading time":"1 minute"},"schema":{"@context":"https:\/\/schema.org","@graph":[{"@type":"WebPage","@id":"https:\/\/www.seeer-tn.com\/en\/produit\/insulation-paper-dyflex\/","url":"https:\/\/www.seeer-tn.com\/en\/produit\/insulation-paper-dyflex\/","name":"Insulation paper DYFLEX | SEEER","isPartOf":{"@id":"https:\/\/www.seeer-tn.com\/#website"},"primaryImageOfPage":{"@id":"https:\/\/www.seeer-tn.com\/en\/produit\/insulation-paper-dyflex\/#primaryimage"},"image":{"@id":"https:\/\/www.seeer-tn.com\/en\/produit\/insulation-paper-dyflex\/#primaryimage"},"thumbnailUrl":"https:\/\/www.seeer-tn.com\/wp-content\/uploads\/2023\/08\/Deflex-tr.jpg","datePublished":"2023-08-11T11:06:26+00:00","dateModified":"2024-09-20T15:58:40+00:00","description":"Model Thickness(mm) Width of Roll (mm) Unit (Roll or kg) DF 0.25 0.25 1000 Roll or kg DF 0.30 0.30 DF 0.35 0.35 DF 0.40 0.40","breadcrumb":{"@id":"https:\/\/www.seeer-tn.com\/en\/produit\/insulation-paper-dyflex\/#breadcrumb"},"inLanguage":"en-US","potentialAction":[{"@type":"ReadAction","target":["https:\/\/www.seeer-tn.com\/en\/produit\/insulation-paper-dyflex\/"]}]},{"@type":"ImageObject","inLanguage":"en-US","@id":"https:\/\/www.seeer-tn.com\/en\/produit\/insulation-paper-dyflex\/#primaryimage","url":"https:\/\/www.seeer-tn.com\/wp-content\/uploads\/2023\/08\/Deflex-tr.jpg","contentUrl":"https:\/\/www.seeer-tn.com\/wp-content\/uploads\/2023\/08\/Deflex-tr.jpg","width":1000,"height":1000,"caption":"Isolant DYFLEX"},{"@type":"BreadcrumbList","@id":"https:\/\/www.seeer-tn.com\/en\/produit\/insulation-paper-dyflex\/#breadcrumb","itemListElement":[{"@type":"ListItem","position":1,"name":"Accueil","item":"https:\/\/www.seeer-tn.com\/en\/"},{"@type":"ListItem","position":2,"name":"Boutique","item":"https:\/\/www.seeer-tn.com\/boutique\/"},{"@type":"ListItem","position":3,"name":"Insulation paper DYFLEX"}]},{"@type":"WebSite","@id":"https:\/\/www.seeer-tn.com\/#website","url":"https:\/\/www.seeer-tn.com\/","name":"SEEER","description":"Soci\u00e9t\u00e9 d\u2019\u00e9quipement \u00e9lectrique \u00e9lectronique &amp; de Rebobinage","potentialAction":[{"@type":"SearchAction","target":{"@type":"EntryPoint","urlTemplate":"https:\/\/www.seeer-tn.com\/?s={search_term_string}"},"query-input":"required name=search_term_string"}],"inLanguage":"en-US"}]}},"_links":{"self":[{"href":"https:\/\/www.seeer-tn.com\/en\/wp-json\/wp\/v2\/product\/13889","targetHints":{"allow":["GET"]}}],"collection":[{"href":"https:\/\/www.seeer-tn.com\/en\/wp-json\/wp\/v2\/product"}],"about":[{"href":"https:\/\/www.seeer-tn.com\/en\/wp-json\/wp\/v2\/types\/product"}],"wp:featuredmedia":[{"embeddable":true,"href":"https:\/\/www.seeer-tn.com\/en\/wp-json\/wp\/v2\/media\/8324"}],"wp:attachment":[{"href":"https:\/\/www.seeer-tn.com\/en\/wp-json\/wp\/v2\/media?parent=13889"}],"wp:term":[{"taxonomy":"product_cat","embeddable":true,"href":"https:\/\/www.seeer-tn.com\/en\/wp-json\/wp\/v2\/product_cat?post=13889"},{"taxonomy":"product_tag","embeddable":true,"href":"https:\/\/www.seeer-tn.com\/en\/wp-json\/wp\/v2\/product_tag?post=13889"}],"curies":[{"name":"wp","href":"https:\/\/api.w.org\/{rel}","templated":true}]}}