{"id":13898,"date":"2023-08-11T14:07:28","date_gmt":"2023-08-11T12:07:28","guid":{"rendered":"https:\/\/www.seeer-tn.com\/?post_type=product&#038;p=13898"},"modified":"2024-09-20T23:30:49","modified_gmt":"2024-09-20T21:30:49","slug":"capacitors-cf","status":"publish","type":"product","link":"https:\/\/www.seeer-tn.com\/en\/produit\/capacitors-cf\/","title":{"rendered":"Capacitors CF"},"content":{"rendered":"<div class=\"wpb-content-wrapper\"><p>[vc_row][vc_column][vc_column_text woodmart_inline=&#8221;no&#8221; text_larger=&#8221;no&#8221;]<\/p>\n<table style=\"height: 290px;\" width=\"884\">\n<tbody>\n<tr>\n<td style=\"text-align: left;\">\n<div class=\"sous-titre-prod\" style=\"font-size: 12px;\">Characteristics: :<\/div>\n<p>Rated Voltage 450 Vac Rated<br \/>\nRated frequency 50 \/ 60Hz<br \/>\nCapacitance Tolerance \u00b15%<br \/>\nClimatic category -25 C\u00b0 \/ 85 C\u00b0<br \/>\nCase Pla-PB<br \/>\nTerminals CB250<\/td>\n<td>\n<div class=\"sous-titre-prod\" style=\"font-size: 12px;\">Applications:<\/div>\n<p>These capacitors are suitable for<br \/>\nstandard motor applications.<\/td>\n<\/tr>\n<\/tbody>\n<\/table>\n<p><a href=\"https:\/\/www.seeer-tn.com\/wp-content\/uploads\/2024\/01\/Capacitors-CF_compressed-1-1.pdf\" target=\"_blank\" rel=\"noopener\"><img loading=\"lazy\" decoding=\"async\" class=\"alignnone wp-image-7324\" src=\"https:\/\/www.seeer-tn.com\/wp-content\/uploads\/2022\/10\/PDF_file_icon.jpg\" alt=\"\" width=\"46\" height=\"57\" \/> Global sheet<\/a>\u00a0 \u00a0 \u00a0 \u00a0 \u00a0 \u00a0 \u00a0 \u00a0 \u00a0 \u00a0 \u00a0 \u00a0 \u00a0 \u00a0 \u00a0 \u00a0 \u00a0 \u00a0 \u00a0 \u00a0 <a href=\"https:\/\/www.seeer-tn.com\/wp-content\/uploads\/2024\/03\/cf1_compressed.pdf\" target=\"_blank\" rel=\"noopener\"><img loading=\"lazy\" decoding=\"async\" class=\"alignnone wp-image-7324\" src=\"https:\/\/www.seeer-tn.com\/wp-content\/uploads\/2022\/10\/PDF_file_icon.jpg\" alt=\"\" width=\"46\" height=\"57\" \/> <\/a><a href=\"https:\/\/www.seeer-tn.com\/wp-content\/uploads\/2024\/03\/cc1_compressed-1.pdf\" target=\"_blank\" rel=\"noopener\">Technical<\/a><a href=\"https:\/\/www.seeer-tn.com\/wp-content\/uploads\/2024\/01\/Capacitors-CF_compressed-1-1.pdf\" target=\"_blank\" rel=\"noopener\"> sheet<\/a>[\/vc_column_text][\/vc_column][\/vc_row]<\/p>\n<\/div>","protected":false},"excerpt":{"rendered":"<table width=\"288\">\n<tbody>\n<tr style=\"height: 15px;\">\n<td rowspan=\"2\" width=\"72\"><strong><span style=\"color: #007bc4;\">Model<\/span><\/strong><\/td>\n<td rowspan=\"2\" width=\"72\"><strong><span style=\"color: #007bc4;\">Capacitance<br \/>\n\u00b5F<\/span><\/strong><\/td>\n<td colspan=\"2\" width=\"144\"><strong><span style=\"color: #007bc4;\">Case:\u00a0 Pla-PB \/ CB250<\/span><\/strong><\/td>\n<\/tr>\n<tr style=\"height: 15px;\">\n<td colspan=\"2\" width=\"144\"><strong><span style=\"color: #007bc4;\">\u00d8 x H (mm)<\/span><\/strong><\/td>\n<\/tr>\n<tr style=\"background-color: #dfdfdf;\">\n<td width=\"72\"><strong><span style=\"color: #007bc4;\">C1F<\/span><\/strong><\/td>\n<td width=\"72\">1<\/td>\n<td width=\"72\">25<\/td>\n<td width=\"72\"><em>57<\/em><\/td>\n<\/tr>\n<tr style=\"background-color: #fefefe;\">\n<td width=\"72\"><strong><span style=\"color: #007bc4;\">C1.25F<\/span><\/strong><\/td>\n<td width=\"72\">1.25<\/td>\n<td width=\"72\">25<\/td>\n<td width=\"72\">57<\/td>\n<\/tr>\n<tr style=\"background-color: #dfdfdf;\">\n<td width=\"72\"><strong><span style=\"color: #007bc4;\">C1.5F<\/span><\/strong><\/td>\n<td width=\"72\">1.5<\/td>\n<td width=\"72\">25<\/td>\n<td width=\"72\">57<\/td>\n<\/tr>\n<tr style=\"background-color: #fefefe;\">\n<td width=\"72\"><strong><span style=\"color: #007bc4;\">C2F<\/span><\/strong><\/td>\n<td width=\"72\">2<\/td>\n<td width=\"72\">25<\/td>\n<td width=\"72\"><em>57<\/em><\/td>\n<\/tr>\n<tr style=\"background-color: #dfdfdf;\">\n<td width=\"72\"><strong><span style=\"color: #007bc4;\">C2.5F<\/span><\/strong><\/td>\n<td width=\"72\">2.5<\/td>\n<td width=\"72\">25<\/td>\n<td width=\"72\"><em>57<\/em><\/td>\n<\/tr>\n<tr style=\"background-color: #fefefe;\">\n<td width=\"72\"><strong><span style=\"color: #007bc4;\">C3F<\/span><\/strong><\/td>\n<td width=\"72\">3<\/td>\n<td width=\"72\">25<\/td>\n<td width=\"72\">57<\/td>\n<\/tr>\n<tr style=\"background-color: #dfdfdf;\">\n<td width=\"72\"><strong><span style=\"color: #007bc4;\">C3.15F<\/span><\/strong><\/td>\n<td width=\"72\">3.15<\/td>\n<td width=\"72\">25<\/td>\n<td width=\"72\"><em>57<\/em><\/td>\n<\/tr>\n<tr style=\"background-color: #fefefe;\">\n<td width=\"72\"><strong><span style=\"color: #007bc4;\">C3.5F<\/span><\/strong><\/td>\n<td width=\"72\">3.5<\/td>\n<td width=\"72\">25<\/td>\n<td width=\"72\"><em>57<\/em><\/td>\n<\/tr>\n<tr style=\"background-color: #dfdfdf;\">\n<td width=\"72\"><strong><span style=\"color: #007bc4;\">C4F<\/span><\/strong><\/td>\n<td width=\"72\">4<\/td>\n<td width=\"72\">25<\/td>\n<td width=\"72\">57<\/td>\n<\/tr>\n<tr style=\"background-color: #fefefe;\">\n<td width=\"72\"><strong><span style=\"color: #007bc4;\">C4.5F<\/span><\/strong><\/td>\n<td width=\"72\">4.5<\/td>\n<td width=\"72\">30<\/td>\n<td width=\"72\"><em>57<\/em><\/td>\n<\/tr>\n<tr style=\"background-color: #dfdfdf;\">\n<td width=\"72\"><strong><span style=\"color: #007bc4;\">C5F<\/span><\/strong><\/td>\n<td width=\"72\">5<\/td>\n<td width=\"72\">30<\/td>\n<td width=\"72\">57<\/td>\n<\/tr>\n<tr style=\"background-color: #fefefe;\">\n<td width=\"72\"><strong><span style=\"color: #007bc4;\">C5.5F<\/span><\/strong><\/td>\n<td width=\"72\">5.5<\/td>\n<td width=\"72\">30<\/td>\n<td width=\"72\"><em>57<\/em><\/td>\n<\/tr>\n<tr style=\"background-color: #dfdfdf;\">\n<td width=\"72\"><strong><span style=\"color: #007bc4;\">C6F<\/span><\/strong><\/td>\n<td width=\"72\">6<\/td>\n<td width=\"72\">30<\/td>\n<td width=\"72\">57<\/td>\n<\/tr>\n<tr style=\"background-color: #fefefe;\">\n<td width=\"72\"><strong><span style=\"color: #007bc4;\">C6.3F<\/span><\/strong><\/td>\n<td width=\"72\">6.3<\/td>\n<td width=\"72\">30<\/td>\n<td width=\"72\">57<\/td>\n<\/tr>\n<tr style=\"background-color: #dfdfdf;\">\n<td width=\"72\"><strong><span style=\"color: #007bc4;\">C7F<\/span><\/strong><\/td>\n<td width=\"72\">7<\/td>\n<td width=\"72\">30<\/td>\n<td width=\"72\"><em>70<\/em><\/td>\n<\/tr>\n<tr style=\"background-color: #fefefe;\">\n<td width=\"72\"><strong><span style=\"color: #007bc4;\">C8F<\/span><\/strong><\/td>\n<td width=\"72\">8<\/td>\n<td width=\"72\">30<\/td>\n<td width=\"72\"><em>70<\/em><\/td>\n<\/tr>\n<tr style=\"background-color: #dfdfdf;\">\n<td width=\"72\"><strong><span style=\"color: #007bc4;\">C9F<\/span><\/strong><\/td>\n<td width=\"72\">9<\/td>\n<td width=\"72\">30<\/td>\n<td width=\"72\"><em>70<\/em><\/td>\n<\/tr>\n<tr style=\"background-color: #fefefe;\">\n<td width=\"72\"><strong><span style=\"color: #007bc4;\">C10F<\/span><\/strong><\/td>\n<td width=\"72\">10<\/td>\n<td width=\"72\">30<\/td>\n<td width=\"72\"><em>70<\/em><\/td>\n<\/tr>\n<tr style=\"background-color: #dfdfdf;\">\n<td width=\"72\"><strong><span style=\"color: #007bc4;\">C12F<\/span><\/strong><\/td>\n<td width=\"72\">12<\/td>\n<td width=\"72\">35<\/td>\n<td width=\"72\"><em>70<\/em><\/td>\n<\/tr>\n<tr style=\"background-color: #fefefe;\">\n<td width=\"72\"><strong><span style=\"color: #007bc4;\">C12.5F<\/span><\/strong><\/td>\n<td width=\"72\">12.5<\/td>\n<td width=\"72\">35<\/td>\n<td width=\"72\"><em>70<\/em><\/td>\n<\/tr>\n<tr style=\"background-color: #dfdfdf;\">\n<td width=\"72\"><strong><span style=\"color: #007bc4;\">C14F<\/span><\/strong><\/td>\n<td width=\"72\">14<\/td>\n<td width=\"72\">35<\/td>\n<td width=\"72\"><em>70<\/em><\/td>\n<\/tr>\n<tr style=\"background-color: #fefefe;\">\n<td width=\"72\"><strong><span style=\"color: #007bc4;\">C15F<\/span><\/strong><\/td>\n<td width=\"72\">15<\/td>\n<td width=\"72\">40<\/td>\n<td width=\"72\"><em>70<\/em><\/td>\n<\/tr>\n<tr style=\"background-color: #dfdfdf;\">\n<td width=\"72\"><strong><span style=\"color: #007bc4;\">C16F<\/span><\/strong><\/td>\n<td width=\"72\">16<\/td>\n<td width=\"72\">40<\/td>\n<td width=\"72\"><em>70<\/em><\/td>\n<\/tr>\n<tr style=\"background-color: #fefefe;\">\n<td width=\"72\"><strong><span style=\"color: #007bc4;\">C18F<\/span><\/strong><\/td>\n<td width=\"72\">18<\/td>\n<td width=\"72\">40<\/td>\n<td width=\"72\">70<\/td>\n<\/tr>\n<tr style=\"background-color: #dfdfdf;\">\n<td width=\"72\"><strong><span style=\"color: #007bc4;\">C20F<\/span><\/strong><\/td>\n<td width=\"72\">20<\/td>\n<td width=\"72\">40<\/td>\n<td width=\"72\">70<\/td>\n<\/tr>\n<tr style=\"background-color: #fefefe;\">\n<td width=\"72\"><strong><span style=\"color: #007bc4;\">C25F<\/span><\/strong><\/td>\n<td width=\"72\">25<\/td>\n<td width=\"72\">40<\/td>\n<td width=\"72\">94<\/td>\n<\/tr>\n<tr style=\"background-color: #dfdfdf;\">\n<td width=\"72\"><strong><span style=\"color: #007bc4;\">C30F<\/span><\/strong><\/td>\n<td width=\"72\">30<\/td>\n<td width=\"72\">40<\/td>\n<td width=\"72\">94<\/td>\n<\/tr>\n<tr style=\"background-color: #fefefe;\">\n<td width=\"72\"><strong><span style=\"color: #007bc4;\">C31.5F<\/span><\/strong><\/td>\n<td width=\"72\">31.5<\/td>\n<td width=\"72\">40<\/td>\n<td width=\"72\">94<\/td>\n<\/tr>\n<tr style=\"background-color: #dfdfdf;\">\n<td width=\"72\"><strong><span style=\"color: #007bc4;\">C35F<\/span><\/strong><\/td>\n<td width=\"72\">35<\/td>\n<td width=\"72\">45<\/td>\n<td width=\"72\">94<\/td>\n<\/tr>\n<tr style=\"background-color: #fefefe;\">\n<td width=\"72\"><strong><span style=\"color: #007bc4;\">C40F<\/span><\/strong><\/td>\n<td width=\"72\">40<\/td>\n<td width=\"72\">45<\/td>\n<td width=\"72\">94<\/td>\n<\/tr>\n<tr style=\"background-color: #dfdfdf;\">\n<td width=\"72\"><strong><span style=\"color: #007bc4;\">C45F<\/span><\/strong><\/td>\n<td width=\"72\">45<\/td>\n<td width=\"72\">50<\/td>\n<td width=\"72\">94<\/td>\n<\/tr>\n<tr style=\"background-color: #fefefe;\">\n<td width=\"72\"><strong><span style=\"color: #007bc4;\">C50F<\/span><\/strong><\/td>\n<td width=\"72\">50<\/td>\n<td width=\"72\">50<\/td>\n<td width=\"72\">94<\/td>\n<\/tr>\n<tr style=\"background-color: #dfdfdf;\">\n<td width=\"72\"><strong><span style=\"color: #007bc4;\">C55F<\/span><\/strong><\/td>\n<td width=\"72\">55<\/td>\n<td width=\"72\">50<\/td>\n<td width=\"72\">120<\/td>\n<\/tr>\n<tr style=\"background-color: #fefefe;\">\n<td width=\"72\"><strong><span style=\"color: #007bc4;\">C60F<\/span><\/strong><\/td>\n<td width=\"72\">80<\/td>\n<td width=\"72\">50<\/td>\n<td width=\"72\">120<\/td>\n<\/tr>\n<tr style=\"background-color: #dfdfdf;\">\n<td width=\"72\"><strong><span style=\"color: #007bc4;\">C70F<\/span><\/strong><\/td>\n<td width=\"72\">70<\/td>\n<td width=\"72\">50<\/td>\n<td width=\"72\">120<\/td>\n<\/tr>\n<tr style=\"background-color: #fefefe;\">\n<td width=\"72\"><strong><span style=\"color: #007bc4;\">C75F<\/span><\/strong><\/td>\n<td width=\"72\">75<\/td>\n<td width=\"72\">50<\/td>\n<td width=\"72\">120<\/td>\n<\/tr>\n<tr style=\"background-color: #dfdfdf;\">\n<td width=\"72\"><strong><span style=\"color: #007bc4;\">C80F<\/span><\/strong><\/td>\n<td width=\"72\">80<\/td>\n<td width=\"72\">50<\/td>\n<td width=\"72\">120<\/td>\n<\/tr>\n<tr style=\"background-color: #fefefe;\">\n<td width=\"72\"><strong><span style=\"color: #007bc4;\">C90F<\/span><\/strong><\/td>\n<td width=\"72\">90<\/td>\n<td width=\"72\">60<\/td>\n<td width=\"72\">120<\/td>\n<\/tr>\n<tr style=\"background-color: #dfdfdf;\">\n<td width=\"72\"><strong><span style=\"color: #007bc4;\">C100F<\/span><\/strong><\/td>\n<td width=\"72\">100<\/td>\n<td width=\"72\">60<\/td>\n<td width=\"72\">120<\/td>\n<\/tr>\n<\/tbody>\n<\/table>\n","protected":false},"featured_media":14651,"template":"","meta":[],"product_cat":[97],"product_tag":[],"class_list":["post-13898","product","type-product","status-publish","has-post-thumbnail","hentry","product_cat-motor-capacitors","pa_brand-comar-condensatori-en"],"acf":[],"yoast_head":"<!-- This site is optimized with the Yoast SEO plugin v23.3 - https:\/\/yoast.com\/wordpress\/plugins\/seo\/ -->\n<title>Capacitors CF | SEEER<\/title>\n<meta name=\"description\" content=\"Model Capacitance \u00b5F Case:\u00a0 Pla-PB \/ CB250   \u00d8 x H (mm)   C1F 1 25 57   C1.25F 1.25 25 57   C1.5F 1.5 25 57   C2F 2 25 57   C2.5F 2.5 25 57   C3F 3 25 57   C3.15F 3.15 25 57   C3.5F 3.5 25 57   C4F 4 25 57   C4.5F 4.5 30 57   C5F 5 30 57   C5.5F 5.5 30 57   C6F 6 30 57   C6.3F 6.3 30 57   C7F 7 30 70   C8F 8 30 70   C9F 9 30 70   C10F 10 30 70   C12F 12 35 70   C12.5F 12.5 35 70   C14F 14 35 70   C15F 15 40 70   C16F 16 40 70   C18F 18 40 70   C20F 20 40 70   C25F 25 40 94   C30F 30 40 94   C31.5F 31.5 40 94   C35F 35 45 94   C40F 40 45 94   C45F 45 50 94   C50F 50 50 94   C55F 55 50 120   C60F 80 50 120   C70F 70 50 120   C75F 75 50 120   C80F 80 50 120   C90F 90 60 120   C100F 100 60 120\" \/>\n<meta name=\"robots\" content=\"index, follow, max-snippet:-1, max-image-preview:large, max-video-preview:-1\" \/>\n<link rel=\"canonical\" href=\"https:\/\/www.seeer-tn.com\/en\/produit\/capacitors-cf\/\" \/>\n<meta property=\"og:locale\" content=\"en_US\" \/>\n<meta property=\"og:type\" content=\"article\" \/>\n<meta property=\"og:title\" content=\"Capacitors CF | SEEER\" \/>\n<meta property=\"og:description\" content=\"Model Capacitance \u00b5F Case:\u00a0 Pla-PB \/ CB250   \u00d8 x H (mm)   C1F 1 25 57   C1.25F 1.25 25 57   C1.5F 1.5 25 57   C2F 2 25 57   C2.5F 2.5 25 57   C3F 3 25 57   C3.15F 3.15 25 57   C3.5F 3.5 25 57   C4F 4 25 57   C4.5F 4.5 30 57   C5F 5 30 57   C5.5F 5.5 30 57   C6F 6 30 57   C6.3F 6.3 30 57   C7F 7 30 70   C8F 8 30 70   C9F 9 30 70   C10F 10 30 70   C12F 12 35 70   C12.5F 12.5 35 70   C14F 14 35 70   C15F 15 40 70   C16F 16 40 70   C18F 18 40 70   C20F 20 40 70   C25F 25 40 94   C30F 30 40 94   C31.5F 31.5 40 94   C35F 35 45 94   C40F 40 45 94   C45F 45 50 94   C50F 50 50 94   C55F 55 50 120   C60F 80 50 120   C70F 70 50 120   C75F 75 50 120   C80F 80 50 120   C90F 90 60 120   C100F 100 60 120\" \/>\n<meta property=\"og:url\" content=\"https:\/\/www.seeer-tn.com\/en\/produit\/capacitors-cf\/\" \/>\n<meta property=\"og:site_name\" content=\"SEEER\" \/>\n<meta property=\"article:modified_time\" content=\"2024-09-20T21:30:49+00:00\" \/>\n<meta property=\"og:image\" content=\"https:\/\/www.seeer-tn.com\/wp-content\/uploads\/2023\/08\/aaa.jpg\" \/>\n\t<meta property=\"og:image:width\" content=\"430\" \/>\n\t<meta property=\"og:image:height\" content=\"430\" \/>\n\t<meta property=\"og:image:type\" content=\"image\/jpeg\" \/>\n<meta name=\"twitter:card\" content=\"summary_large_image\" \/>\n<meta name=\"twitter:label1\" content=\"Est. reading time\" \/>\n\t<meta name=\"twitter:data1\" content=\"1 minute\" \/>\n<script type=\"application\/ld+json\" class=\"yoast-schema-graph\">{\"@context\":\"https:\/\/schema.org\",\"@graph\":[{\"@type\":\"WebPage\",\"@id\":\"https:\/\/www.seeer-tn.com\/en\/produit\/capacitors-cf\/\",\"url\":\"https:\/\/www.seeer-tn.com\/en\/produit\/capacitors-cf\/\",\"name\":\"Capacitors CF | SEEER\",\"isPartOf\":{\"@id\":\"https:\/\/www.seeer-tn.com\/#website\"},\"primaryImageOfPage\":{\"@id\":\"https:\/\/www.seeer-tn.com\/en\/produit\/capacitors-cf\/#primaryimage\"},\"image\":{\"@id\":\"https:\/\/www.seeer-tn.com\/en\/produit\/capacitors-cf\/#primaryimage\"},\"thumbnailUrl\":\"https:\/\/www.seeer-tn.com\/wp-content\/uploads\/2023\/08\/aaa.jpg\",\"datePublished\":\"2023-08-11T12:07:28+00:00\",\"dateModified\":\"2024-09-20T21:30:49+00:00\",\"description\":\"Model Capacitance \u00b5F Case:\u00a0 Pla-PB \/ CB250 \u00d8 x H (mm) C1F 1 25 57 C1.25F 1.25 25 57 C1.5F 1.5 25 57 C2F 2 25 57 C2.5F 2.5 25 57 C3F 3 25 57 C3.15F 3.15 25 57 C3.5F 3.5 25 57 C4F 4 25 57 C4.5F 4.5 30 57 C5F 5 30 57 C5.5F 5.5 30 57 C6F 6 30 57 C6.3F 6.3 30 57 C7F 7 30 70 C8F 8 30 70 C9F 9 30 70 C10F 10 30 70 C12F 12 35 70 C12.5F 12.5 35 70 C14F 14 35 70 C15F 15 40 70 C16F 16 40 70 C18F 18 40 70 C20F 20 40 70 C25F 25 40 94 C30F 30 40 94 C31.5F 31.5 40 94 C35F 35 45 94 C40F 40 45 94 C45F 45 50 94 C50F 50 50 94 C55F 55 50 120 C60F 80 50 120 C70F 70 50 120 C75F 75 50 120 C80F 80 50 120 C90F 90 60 120 C100F 100 60 120\",\"breadcrumb\":{\"@id\":\"https:\/\/www.seeer-tn.com\/en\/produit\/capacitors-cf\/#breadcrumb\"},\"inLanguage\":\"en-US\",\"potentialAction\":[{\"@type\":\"ReadAction\",\"target\":[\"https:\/\/www.seeer-tn.com\/en\/produit\/capacitors-cf\/\"]}]},{\"@type\":\"ImageObject\",\"inLanguage\":\"en-US\",\"@id\":\"https:\/\/www.seeer-tn.com\/en\/produit\/capacitors-cf\/#primaryimage\",\"url\":\"https:\/\/www.seeer-tn.com\/wp-content\/uploads\/2023\/08\/aaa.jpg\",\"contentUrl\":\"https:\/\/www.seeer-tn.com\/wp-content\/uploads\/2023\/08\/aaa.jpg\",\"width\":430,\"height\":430},{\"@type\":\"BreadcrumbList\",\"@id\":\"https:\/\/www.seeer-tn.com\/en\/produit\/capacitors-cf\/#breadcrumb\",\"itemListElement\":[{\"@type\":\"ListItem\",\"position\":1,\"name\":\"Accueil\",\"item\":\"https:\/\/www.seeer-tn.com\/en\/\"},{\"@type\":\"ListItem\",\"position\":2,\"name\":\"Boutique\",\"item\":\"https:\/\/www.seeer-tn.com\/boutique\/\"},{\"@type\":\"ListItem\",\"position\":3,\"name\":\"Capacitors CF\"}]},{\"@type\":\"WebSite\",\"@id\":\"https:\/\/www.seeer-tn.com\/#website\",\"url\":\"https:\/\/www.seeer-tn.com\/\",\"name\":\"SEEER\",\"description\":\"Soci\u00e9t\u00e9 d\u2019\u00e9quipement \u00e9lectrique \u00e9lectronique &amp; de Rebobinage\",\"potentialAction\":[{\"@type\":\"SearchAction\",\"target\":{\"@type\":\"EntryPoint\",\"urlTemplate\":\"https:\/\/www.seeer-tn.com\/?s={search_term_string}\"},\"query-input\":\"required name=search_term_string\"}],\"inLanguage\":\"en-US\"}]}<\/script>\n<!-- \/ Yoast SEO plugin. -->","yoast_head_json":{"title":"Capacitors CF | SEEER","description":"Model Capacitance \u00b5F Case:\u00a0 Pla-PB \/ CB250   \u00d8 x H (mm)   C1F 1 25 57   C1.25F 1.25 25 57   C1.5F 1.5 25 57   C2F 2 25 57   C2.5F 2.5 25 57   C3F 3 25 57   C3.15F 3.15 25 57   C3.5F 3.5 25 57   C4F 4 25 57   C4.5F 4.5 30 57   C5F 5 30 57   C5.5F 5.5 30 57   C6F 6 30 57   C6.3F 6.3 30 57   C7F 7 30 70   C8F 8 30 70   C9F 9 30 70   C10F 10 30 70   C12F 12 35 70   C12.5F 12.5 35 70   C14F 14 35 70   C15F 15 40 70   C16F 16 40 70   C18F 18 40 70   C20F 20 40 70   C25F 25 40 94   C30F 30 40 94   C31.5F 31.5 40 94   C35F 35 45 94   C40F 40 45 94   C45F 45 50 94   C50F 50 50 94   C55F 55 50 120   C60F 80 50 120   C70F 70 50 120   C75F 75 50 120   C80F 80 50 120   C90F 90 60 120   C100F 100 60 120","robots":{"index":"index","follow":"follow","max-snippet":"max-snippet:-1","max-image-preview":"max-image-preview:large","max-video-preview":"max-video-preview:-1"},"canonical":"https:\/\/www.seeer-tn.com\/en\/produit\/capacitors-cf\/","og_locale":"en_US","og_type":"article","og_title":"Capacitors CF | SEEER","og_description":"Model Capacitance \u00b5F Case:\u00a0 Pla-PB \/ CB250   \u00d8 x H (mm)   C1F 1 25 57   C1.25F 1.25 25 57   C1.5F 1.5 25 57   C2F 2 25 57   C2.5F 2.5 25 57   C3F 3 25 57   C3.15F 3.15 25 57   C3.5F 3.5 25 57   C4F 4 25 57   C4.5F 4.5 30 57   C5F 5 30 57   C5.5F 5.5 30 57   C6F 6 30 57   C6.3F 6.3 30 57   C7F 7 30 70   C8F 8 30 70   C9F 9 30 70   C10F 10 30 70   C12F 12 35 70   C12.5F 12.5 35 70   C14F 14 35 70   C15F 15 40 70   C16F 16 40 70   C18F 18 40 70   C20F 20 40 70   C25F 25 40 94   C30F 30 40 94   C31.5F 31.5 40 94   C35F 35 45 94   C40F 40 45 94   C45F 45 50 94   C50F 50 50 94   C55F 55 50 120   C60F 80 50 120   C70F 70 50 120   C75F 75 50 120   C80F 80 50 120   C90F 90 60 120   C100F 100 60 120","og_url":"https:\/\/www.seeer-tn.com\/en\/produit\/capacitors-cf\/","og_site_name":"SEEER","article_modified_time":"2024-09-20T21:30:49+00:00","og_image":[{"width":430,"height":430,"url":"https:\/\/www.seeer-tn.com\/wp-content\/uploads\/2023\/08\/aaa.jpg","type":"image\/jpeg"}],"twitter_card":"summary_large_image","twitter_misc":{"Est. reading time":"1 minute"},"schema":{"@context":"https:\/\/schema.org","@graph":[{"@type":"WebPage","@id":"https:\/\/www.seeer-tn.com\/en\/produit\/capacitors-cf\/","url":"https:\/\/www.seeer-tn.com\/en\/produit\/capacitors-cf\/","name":"Capacitors CF | SEEER","isPartOf":{"@id":"https:\/\/www.seeer-tn.com\/#website"},"primaryImageOfPage":{"@id":"https:\/\/www.seeer-tn.com\/en\/produit\/capacitors-cf\/#primaryimage"},"image":{"@id":"https:\/\/www.seeer-tn.com\/en\/produit\/capacitors-cf\/#primaryimage"},"thumbnailUrl":"https:\/\/www.seeer-tn.com\/wp-content\/uploads\/2023\/08\/aaa.jpg","datePublished":"2023-08-11T12:07:28+00:00","dateModified":"2024-09-20T21:30:49+00:00","description":"Model Capacitance \u00b5F Case:\u00a0 Pla-PB \/ CB250 \u00d8 x H (mm) C1F 1 25 57 C1.25F 1.25 25 57 C1.5F 1.5 25 57 C2F 2 25 57 C2.5F 2.5 25 57 C3F 3 25 57 C3.15F 3.15 25 57 C3.5F 3.5 25 57 C4F 4 25 57 C4.5F 4.5 30 57 C5F 5 30 57 C5.5F 5.5 30 57 C6F 6 30 57 C6.3F 6.3 30 57 C7F 7 30 70 C8F 8 30 70 C9F 9 30 70 C10F 10 30 70 C12F 12 35 70 C12.5F 12.5 35 70 C14F 14 35 70 C15F 15 40 70 C16F 16 40 70 C18F 18 40 70 C20F 20 40 70 C25F 25 40 94 C30F 30 40 94 C31.5F 31.5 40 94 C35F 35 45 94 C40F 40 45 94 C45F 45 50 94 C50F 50 50 94 C55F 55 50 120 C60F 80 50 120 C70F 70 50 120 C75F 75 50 120 C80F 80 50 120 C90F 90 60 120 C100F 100 60 120","breadcrumb":{"@id":"https:\/\/www.seeer-tn.com\/en\/produit\/capacitors-cf\/#breadcrumb"},"inLanguage":"en-US","potentialAction":[{"@type":"ReadAction","target":["https:\/\/www.seeer-tn.com\/en\/produit\/capacitors-cf\/"]}]},{"@type":"ImageObject","inLanguage":"en-US","@id":"https:\/\/www.seeer-tn.com\/en\/produit\/capacitors-cf\/#primaryimage","url":"https:\/\/www.seeer-tn.com\/wp-content\/uploads\/2023\/08\/aaa.jpg","contentUrl":"https:\/\/www.seeer-tn.com\/wp-content\/uploads\/2023\/08\/aaa.jpg","width":430,"height":430},{"@type":"BreadcrumbList","@id":"https:\/\/www.seeer-tn.com\/en\/produit\/capacitors-cf\/#breadcrumb","itemListElement":[{"@type":"ListItem","position":1,"name":"Accueil","item":"https:\/\/www.seeer-tn.com\/en\/"},{"@type":"ListItem","position":2,"name":"Boutique","item":"https:\/\/www.seeer-tn.com\/boutique\/"},{"@type":"ListItem","position":3,"name":"Capacitors CF"}]},{"@type":"WebSite","@id":"https:\/\/www.seeer-tn.com\/#website","url":"https:\/\/www.seeer-tn.com\/","name":"SEEER","description":"Soci\u00e9t\u00e9 d\u2019\u00e9quipement \u00e9lectrique \u00e9lectronique &amp; de Rebobinage","potentialAction":[{"@type":"SearchAction","target":{"@type":"EntryPoint","urlTemplate":"https:\/\/www.seeer-tn.com\/?s={search_term_string}"},"query-input":"required name=search_term_string"}],"inLanguage":"en-US"}]}},"_links":{"self":[{"href":"https:\/\/www.seeer-tn.com\/en\/wp-json\/wp\/v2\/product\/13898","targetHints":{"allow":["GET"]}}],"collection":[{"href":"https:\/\/www.seeer-tn.com\/en\/wp-json\/wp\/v2\/product"}],"about":[{"href":"https:\/\/www.seeer-tn.com\/en\/wp-json\/wp\/v2\/types\/product"}],"wp:featuredmedia":[{"embeddable":true,"href":"https:\/\/www.seeer-tn.com\/en\/wp-json\/wp\/v2\/media\/14651"}],"wp:attachment":[{"href":"https:\/\/www.seeer-tn.com\/en\/wp-json\/wp\/v2\/media?parent=13898"}],"wp:term":[{"taxonomy":"product_cat","embeddable":true,"href":"https:\/\/www.seeer-tn.com\/en\/wp-json\/wp\/v2\/product_cat?post=13898"},{"taxonomy":"product_tag","embeddable":true,"href":"https:\/\/www.seeer-tn.com\/en\/wp-json\/wp\/v2\/product_tag?post=13898"}],"curies":[{"name":"wp","href":"https:\/\/api.w.org\/{rel}","templated":true}]}}