{"id":13914,"date":"2023-08-11T14:31:37","date_gmt":"2023-08-11T12:31:37","guid":{"rendered":"https:\/\/www.seeer-tn.com\/?post_type=product&#038;p=13914"},"modified":"2024-09-20T22:49:49","modified_gmt":"2024-09-20T20:49:49","slug":"capacitors-cc","status":"publish","type":"product","link":"https:\/\/www.seeer-tn.com\/en\/produit\/capacitors-cc\/","title":{"rendered":"Capacitors CC"},"content":{"rendered":"<div class=\"wpb-content-wrapper\"><p>[vc_row][vc_column][vc_column_text woodmart_inline=&#8221;no&#8221; text_larger=&#8221;no&#8221;]<\/p>\n<table style=\"height: 227px;\" width=\"1034\">\n<tbody>\n<tr>\n<td style=\"text-align: left;\">\n<div class=\"sous-titre-prod\" style=\"font-size: 12px;\">Characteristics:<\/div>\n<p>Rated Voltage 450 Vac Rated<br \/>\nRated frequency 50 \/ 60Hz<br \/>\nCapacitance Tolerance \u00b15%<br \/>\nClimatic category -25 C\u00b0\/85 C\u00b0<br \/>\nCase Pla-PB<br \/>\nTerminals FD<\/td>\n<td>\n<div class=\"sous-titre-prod\" style=\"font-size: 12px;\">Applications:<\/div>\n<p>These capacitors are suitable for standard<br \/>\nmotor applications .<\/td>\n<\/tr>\n<\/tbody>\n<\/table>\n<p><a href=\"https:\/\/www.seeer-tn.com\/wp-content\/uploads\/2024\/01\/Capacitors-CC-_compressed_compressed.pdf\" target=\"_blank\" rel=\"noopener\"><img loading=\"lazy\" decoding=\"async\" class=\"alignnone wp-image-7324\" src=\"https:\/\/www.seeer-tn.com\/wp-content\/uploads\/2022\/10\/PDF_file_icon.jpg\" alt=\"\" width=\"46\" height=\"57\" \/> Global sheet<\/a>\u00a0 \u00a0 \u00a0 \u00a0 \u00a0 \u00a0 \u00a0 \u00a0 \u00a0 \u00a0 \u00a0 \u00a0 \u00a0 \u00a0 \u00a0 \u00a0 \u00a0 \u00a0 \u00a0 \u00a0 \u00a0 \u00a0 \u00a0 <a href=\"https:\/\/www.seeer-tn.com\/wp-content\/uploads\/2024\/01\/Capacitors-CC-_compressed_compressed.pdf\" target=\"_blank\" rel=\"noopener\"><img loading=\"lazy\" decoding=\"async\" class=\"alignnone wp-image-7324\" src=\"https:\/\/www.seeer-tn.com\/wp-content\/uploads\/2022\/10\/PDF_file_icon.jpg\" alt=\"\" width=\"46\" height=\"57\" \/><\/a><a href=\"https:\/\/www.seeer-tn.com\/wp-content\/uploads\/2024\/03\/cc1_compressed-1.pdf\" target=\"_blank\" rel=\"noopener\">\u00a0Technical sheet<\/a>[\/vc_column_text][\/vc_column][\/vc_row]<\/p>\n<\/div>","protected":false},"excerpt":{"rendered":"<table width=\"277\">\n<tbody>\n<tr style=\"height: 15px;\">\n<td rowspan=\"2\" width=\"75\"><strong><strong><span style=\"color: #007bc4;\">Model<\/span><\/strong><\/strong><\/td>\n<td rowspan=\"2\" width=\"65\"><strong><strong><span style=\"color: #007bc4;\">Capacitance<br \/>\n\u00b5F<\/span><\/strong><\/strong><\/td>\n<td style=\"text-align: center;\" colspan=\"2\"><strong><strong><span style=\"color: #007bc4;\">Case :\u00a0 Pla-PB FD<\/span><\/strong><\/strong><\/td>\n<\/tr>\n<tr style=\"height: 15px;\">\n<td style=\"text-align: center;\" colspan=\"2\" width=\"137\"><strong><strong><span style=\"color: #007bc4;\">\u00d8 x H (mm)<\/span><\/strong><\/strong><\/td>\n<\/tr>\n<tr style=\"background-color: #dfdfdf;\">\n<td width=\"75\"><strong><strong><span style=\"color: #007bc4;\">C1-450<\/span><\/strong><\/strong><\/td>\n<td width=\"65\">1<\/td>\n<td width=\"71\">25<\/td>\n<td width=\"67\"><em>57<\/em><\/td>\n<\/tr>\n<tr style=\"background-color: #fefefe;\">\n<td width=\"75\"><strong><strong><span style=\"color: #007bc4;\">C1.25-450<\/span><\/strong><\/strong><\/td>\n<td width=\"65\">1.25<\/td>\n<td width=\"71\">25<\/td>\n<td width=\"67\">57<\/td>\n<\/tr>\n<tr style=\"background-color: #dfdfdf;\">\n<td width=\"75\"><strong><strong><span style=\"color: #007bc4;\">C1.5-450<\/span><\/strong><\/strong><\/td>\n<td width=\"65\">1.5<\/td>\n<td width=\"71\">25<\/td>\n<td width=\"67\">57<\/td>\n<\/tr>\n<tr style=\"background-color: #fefefe;\">\n<td width=\"75\"><strong><strong><span style=\"color: #007bc4;\">C2-450<\/span><\/strong><\/strong><\/td>\n<td width=\"65\">2<\/td>\n<td width=\"71\">25<\/td>\n<td width=\"67\"><em>57<\/em><\/td>\n<\/tr>\n<tr style=\"background-color: #dfdfdf;\">\n<td width=\"75\"><strong><strong><span style=\"color: #007bc4;\">C2.5-450<\/span><\/strong><\/strong><\/td>\n<td width=\"65\">2.5<\/td>\n<td width=\"71\">25<\/td>\n<td width=\"67\"><em>57<\/em><\/td>\n<\/tr>\n<tr style=\"background-color: #fefefe;\">\n<td width=\"75\"><strong><strong><span style=\"color: #007bc4;\">C3-450<\/span><\/strong><\/strong><\/td>\n<td width=\"65\">3<\/td>\n<td width=\"71\">25<\/td>\n<td width=\"67\">57<\/td>\n<\/tr>\n<tr style=\"background-color: #dfdfdf;\">\n<td width=\"75\"><strong><strong><span style=\"color: #007bc4;\">C3.15-450<\/span><\/strong><\/strong><\/td>\n<td width=\"65\">3.15<\/td>\n<td width=\"71\">25<\/td>\n<td width=\"67\"><em>57<\/em><\/td>\n<\/tr>\n<tr style=\"background-color: #fefefe;\">\n<td width=\"75\"><strong><strong><span style=\"color: #007bc4;\">C3.2-450<\/span><\/strong><\/strong><\/td>\n<td width=\"65\">2<\/td>\n<td width=\"71\">25<\/td>\n<td width=\"67\"><em>57<\/em><\/td>\n<\/tr>\n<tr style=\"background-color: #dfdfdf;\">\n<td width=\"75\"><strong><strong><span style=\"color: #007bc4;\">C3.5-450<\/span><\/strong><\/strong><\/td>\n<td width=\"65\">3.5<\/td>\n<td width=\"71\">25<\/td>\n<td width=\"67\"><em>57<\/em><\/td>\n<\/tr>\n<tr style=\"background-color: #fefefe;\">\n<td width=\"75\"><strong><strong><span style=\"color: #007bc4;\">C4-450<\/span><\/strong><\/strong><\/td>\n<td width=\"65\">4<\/td>\n<td width=\"71\">25<\/td>\n<td width=\"67\">57<\/td>\n<\/tr>\n<tr style=\"background-color: #dfdfdf;\">\n<td width=\"75\"><strong><strong><span style=\"color: #007bc4;\">C4.5-450<\/span><\/strong><\/strong><\/td>\n<td width=\"65\">4.5<\/td>\n<td width=\"71\">25<\/td>\n<td width=\"67\"><em>57<\/em><\/td>\n<\/tr>\n<tr style=\"background-color: #fefefe;\">\n<td width=\"75\"><strong><strong><span style=\"color: #007bc4;\">C5-450<\/span><\/strong><\/strong><\/td>\n<td width=\"65\">5<\/td>\n<td width=\"71\">30<\/td>\n<td width=\"67\">57<\/td>\n<\/tr>\n<tr style=\"background-color: #dfdfdf;\">\n<td width=\"75\"><strong><strong><span style=\"color: #007bc4;\">C5.5-450<\/span><\/strong><\/strong><\/td>\n<td width=\"65\">5.5<\/td>\n<td width=\"71\">30<\/td>\n<td width=\"67\"><em>57<\/em><\/td>\n<\/tr>\n<tr style=\"background-color: #fefefe;\">\n<td width=\"75\"><strong><strong><span style=\"color: #007bc4;\">C6-450<\/span><\/strong><\/strong><\/td>\n<td width=\"65\">6<\/td>\n<td width=\"71\">30<\/td>\n<td width=\"67\"><em>57<\/em><\/td>\n<\/tr>\n<tr style=\"background-color: #dfdfdf;\">\n<td width=\"75\"><strong><strong><span style=\"color: #007bc4;\">C6.3-450<\/span><\/strong><\/strong><\/td>\n<td width=\"65\">6.3<\/td>\n<td width=\"71\">30<\/td>\n<td width=\"67\"><em>57<\/em><\/td>\n<\/tr>\n<tr style=\"background-color: #fefefe;\">\n<td width=\"75\"><strong><strong><span style=\"color: #007bc4;\">C7-450<\/span><\/strong><\/strong><\/td>\n<td width=\"65\">7<\/td>\n<td width=\"71\">30<\/td>\n<td width=\"67\"><em>57<\/em><\/td>\n<\/tr>\n<tr style=\"background-color: #dfdfdf;\">\n<td width=\"75\"><strong><strong><span style=\"color: #007bc4;\">C8-450<\/span><\/strong><\/strong><\/td>\n<td width=\"65\">8<\/td>\n<td width=\"71\">30<\/td>\n<td width=\"67\">70<\/td>\n<\/tr>\n<tr style=\"background-color: #fefefe;\">\n<td width=\"75\"><strong><strong><span style=\"color: #007bc4;\">C9-450<\/span><\/strong><\/strong><\/td>\n<td width=\"65\">9<\/td>\n<td width=\"71\">30<\/td>\n<td width=\"67\">70<\/td>\n<\/tr>\n<tr style=\"background-color: #dfdfdf;\">\n<td width=\"75\"><strong><strong><span style=\"color: #007bc4;\">C10-450<\/span><\/strong><\/strong><\/td>\n<td width=\"65\">10<\/td>\n<td width=\"71\">30<\/td>\n<td width=\"67\">70<\/td>\n<\/tr>\n<tr style=\"background-color: #fefefe;\">\n<td width=\"75\"><strong><strong><span style=\"color: #007bc4;\">C12-450<\/span><\/strong><\/strong><\/td>\n<td width=\"65\">12<\/td>\n<td width=\"71\">35<\/td>\n<td width=\"67\">70<\/td>\n<\/tr>\n<tr style=\"background-color: #dfdfdf;\">\n<td width=\"75\"><strong><strong><span style=\"color: #007bc4;\">C12.5-450<\/span><\/strong><\/strong><\/td>\n<td width=\"65\">12.5<\/td>\n<td width=\"71\">35<\/td>\n<td width=\"67\">70<\/td>\n<\/tr>\n<tr style=\"background-color: #fefefe;\">\n<td width=\"75\"><strong><strong><span style=\"color: #007bc4;\">C14-450<\/span><\/strong><\/strong><\/td>\n<td width=\"65\">14<\/td>\n<td width=\"71\">35<\/td>\n<td width=\"67\">70<\/td>\n<\/tr>\n<tr style=\"background-color: #dfdfdf;\">\n<td width=\"75\"><strong><strong><span style=\"color: #007bc4;\">C15-450<\/span><\/strong><\/strong><\/td>\n<td width=\"65\">15<\/td>\n<td width=\"71\">40<\/td>\n<td width=\"67\">70<\/td>\n<\/tr>\n<tr style=\"background-color: #fefefe;\">\n<td width=\"75\"><strong><strong><span style=\"color: #007bc4;\">C16-450<\/span><\/strong><\/strong><\/td>\n<td width=\"65\">16<\/td>\n<td width=\"71\">40<\/td>\n<td width=\"67\">70<\/td>\n<\/tr>\n<tr style=\"background-color: #dfdfdf;\">\n<td width=\"75\"><strong><strong><span style=\"color: #007bc4;\">C18-450<\/span><\/strong><\/strong><\/td>\n<td width=\"65\">18<\/td>\n<td width=\"71\">40<\/td>\n<td width=\"67\">70<\/td>\n<\/tr>\n<tr style=\"background-color: #fefefe;\">\n<td width=\"75\"><strong><strong><span style=\"color: #007bc4;\">C20-450<\/span><\/strong><\/strong><\/td>\n<td width=\"65\">20<\/td>\n<td width=\"71\">40<\/td>\n<td width=\"67\">70<\/td>\n<\/tr>\n<tr style=\"background-color: #dfdfdf;\">\n<td width=\"75\"><strong><strong><span style=\"color: #007bc4;\">C22-450<\/span><\/strong><\/strong><\/td>\n<td width=\"65\">22<\/td>\n<td width=\"71\">40<\/td>\n<td width=\"67\">70<\/td>\n<\/tr>\n<tr style=\"background-color: #fefefe;\">\n<td width=\"75\"><strong><strong><span style=\"color: #007bc4;\">C25-450<\/span><\/strong><\/strong><\/td>\n<td width=\"65\">25<\/td>\n<td width=\"71\">40<\/td>\n<td width=\"67\">94<\/td>\n<\/tr>\n<tr style=\"background-color: #dfdfdf;\">\n<td width=\"75\"><strong><strong><span style=\"color: #007bc4;\">C30-450<\/span><\/strong><\/strong><\/td>\n<td width=\"65\">30<\/td>\n<td width=\"71\">40<\/td>\n<td width=\"67\">94<\/td>\n<\/tr>\n<tr style=\"background-color: #fefefe;\">\n<td width=\"75\"><strong><strong><span style=\"color: #007bc4;\">C31.5-450<\/span><\/strong><\/strong><\/td>\n<td width=\"65\">31.5<\/td>\n<td width=\"71\">40<\/td>\n<td width=\"67\">94<\/td>\n<\/tr>\n<tr style=\"background-color: #dfdfdf;\">\n<td width=\"75\"><strong><strong><span style=\"color: #007bc4;\">C35-450<\/span><\/strong><\/strong><\/td>\n<td width=\"65\">35<\/td>\n<td width=\"71\">45<\/td>\n<td width=\"67\">94<\/td>\n<\/tr>\n<tr style=\"background-color: #fefefe;\">\n<td width=\"75\"><strong><strong><span style=\"color: #007bc4;\">C40-450<\/span><\/strong><\/strong><\/td>\n<td width=\"65\">40<\/td>\n<td width=\"71\">45<\/td>\n<td width=\"67\">94<\/td>\n<\/tr>\n<tr style=\"background-color: #dfdfdf;\">\n<td width=\"75\"><strong><strong><span style=\"color: #007bc4;\">C45-450<\/span><\/strong><\/strong><\/td>\n<td width=\"65\">45<\/td>\n<td width=\"71\">50<\/td>\n<td width=\"67\">94<\/td>\n<\/tr>\n<tr style=\"background-color: #fefefe;\">\n<td width=\"75\"><strong><strong><span style=\"color: #007bc4;\">C50-450<\/span><\/strong><\/strong><\/td>\n<td width=\"65\">50<\/td>\n<td width=\"71\">50<\/td>\n<td width=\"67\">94<\/td>\n<\/tr>\n<tr style=\"background-color: #dfdfdf;\">\n<td width=\"75\"><strong><strong><span style=\"color: #007bc4;\">C55-450<\/span><\/strong><\/strong><\/td>\n<td width=\"65\">55<\/td>\n<td width=\"71\">50<\/td>\n<td width=\"67\">94<\/td>\n<\/tr>\n<tr style=\"background-color: #fefefe;\">\n<td width=\"75\"><strong><strong><span style=\"color: #007bc4;\">C60-450<\/span><\/strong><\/strong><\/td>\n<td width=\"65\">60<\/td>\n<td width=\"71\">50<\/td>\n<td width=\"67\">120<\/td>\n<\/tr>\n<tr style=\"background-color: #dfdfdf;\">\n<td width=\"75\"><strong><strong><span style=\"color: #007bc4;\">C70-450<\/span><\/strong><\/strong><\/td>\n<td width=\"65\">70<\/td>\n<td width=\"71\">50<\/td>\n<td width=\"67\">120<\/td>\n<\/tr>\n<tr style=\"background-color: #fefefe;\">\n<td width=\"75\"><strong><strong><span style=\"color: #007bc4;\">C75-450<\/span><\/strong><\/strong><\/td>\n<td width=\"65\">75<\/td>\n<td width=\"71\">50<\/td>\n<td width=\"67\">120<\/td>\n<\/tr>\n<tr style=\"background-color: #dfdfdf;\">\n<td width=\"75\"><strong><strong><span style=\"color: #007bc4;\">C80-450<\/span><\/strong><\/strong><\/td>\n<td width=\"65\">80<\/td>\n<td width=\"71\">50<\/td>\n<td width=\"67\">120<\/td>\n<\/tr>\n<tr style=\"background-color: #fefefe;\">\n<td width=\"75\"><strong><strong><span style=\"color: #007bc4;\">C90-450<\/span><\/strong><\/strong><\/td>\n<td width=\"65\">90<\/td>\n<td width=\"71\">60<\/td>\n<td width=\"67\">120<\/td>\n<\/tr>\n<tr style=\"background-color: #dfdfdf;\">\n<td width=\"75\"><strong><strong><span style=\"color: #007bc4;\">C100-450<\/span><\/strong><\/strong><\/td>\n<td width=\"65\">100<\/td>\n<td width=\"71\">60<\/td>\n<td width=\"67\">120<\/td>\n<\/tr>\n<\/tbody>\n<\/table>\n","protected":false},"featured_media":14649,"template":"","meta":[],"product_cat":[97],"product_tag":[],"class_list":["post-13914","product","type-product","status-publish","has-post-thumbnail","hentry","product_cat-motor-capacitors","pa_brand-comar-condensatori-en"],"acf":[],"yoast_head":"<!-- This site is optimized with the Yoast SEO plugin v23.3 - https:\/\/yoast.com\/wordpress\/plugins\/seo\/ -->\n<title>Capacitors CC | SEEER<\/title>\n<meta name=\"description\" content=\"Model Capacitance \u00b5F Case :\u00a0 Pla-PB FD   \u00d8 x H (mm)   C1-450 1 25 57   C1.25-450 1.25 25 57   C1.5-450 1.5 25 57   C2-450 2 25 57   C2.5-450 2.5 25 57   C3-450 3 25 57   C3.15-450 3.15 25 57   C3.2-450 2 25 57   C3.5-450 3.5 25 57   C4-450 4 25 57   C4.5-450 4.5 25 57   C5-450 5 30 57   C5.5-450 5.5 30 57   C6-450 6 30 57   C6.3-450 6.3 30 57   C7-450 7 30 57   C8-450 8 30 70   C9-450 9 30 70   C10-450 10 30 70   C12-450 12 35 70   C12.5-450 12.5 35 70   C14-450 14 35 70   C15-450 15 40 70   C16-450 16 40 70   C18-450 18 40 70   C20-450 20 40 70   C22-450 22 40 70   C25-450 25 40 94   C30-450 30 40 94   C31.5-450 31.5 40 94   C35-450 35 45 94   C40-450 40 45 94   C45-450 45 50 94   C50-450 50 50 94   C55-450 55 50 94   C60-450 60 50 120   C70-450 70 50 120   C75-450 75 50 120   C80-450 80 50 120   C90-450 90 60 120   C100-450 100 60 120\" \/>\n<meta name=\"robots\" content=\"index, follow, max-snippet:-1, max-image-preview:large, max-video-preview:-1\" \/>\n<link rel=\"canonical\" href=\"https:\/\/www.seeer-tn.com\/en\/produit\/capacitors-cc\/\" \/>\n<meta property=\"og:locale\" content=\"en_US\" \/>\n<meta property=\"og:type\" content=\"article\" \/>\n<meta property=\"og:title\" content=\"Capacitors CC | SEEER\" \/>\n<meta property=\"og:description\" content=\"Model Capacitance \u00b5F Case :\u00a0 Pla-PB FD   \u00d8 x H (mm)   C1-450 1 25 57   C1.25-450 1.25 25 57   C1.5-450 1.5 25 57   C2-450 2 25 57   C2.5-450 2.5 25 57   C3-450 3 25 57   C3.15-450 3.15 25 57   C3.2-450 2 25 57   C3.5-450 3.5 25 57   C4-450 4 25 57   C4.5-450 4.5 25 57   C5-450 5 30 57   C5.5-450 5.5 30 57   C6-450 6 30 57   C6.3-450 6.3 30 57   C7-450 7 30 57   C8-450 8 30 70   C9-450 9 30 70   C10-450 10 30 70   C12-450 12 35 70   C12.5-450 12.5 35 70   C14-450 14 35 70   C15-450 15 40 70   C16-450 16 40 70   C18-450 18 40 70   C20-450 20 40 70   C22-450 22 40 70   C25-450 25 40 94   C30-450 30 40 94   C31.5-450 31.5 40 94   C35-450 35 45 94   C40-450 40 45 94   C45-450 45 50 94   C50-450 50 50 94   C55-450 55 50 94   C60-450 60 50 120   C70-450 70 50 120   C75-450 75 50 120   C80-450 80 50 120   C90-450 90 60 120   C100-450 100 60 120\" \/>\n<meta property=\"og:url\" content=\"https:\/\/www.seeer-tn.com\/en\/produit\/capacitors-cc\/\" \/>\n<meta property=\"og:site_name\" content=\"SEEER\" \/>\n<meta property=\"article:modified_time\" content=\"2024-09-20T20:49:49+00:00\" \/>\n<meta property=\"og:image\" content=\"https:\/\/www.seeer-tn.com\/wp-content\/uploads\/2023\/08\/bbb-1.jpg\" \/>\n\t<meta property=\"og:image:width\" content=\"430\" \/>\n\t<meta property=\"og:image:height\" content=\"430\" \/>\n\t<meta property=\"og:image:type\" content=\"image\/jpeg\" \/>\n<meta name=\"twitter:card\" content=\"summary_large_image\" \/>\n<meta name=\"twitter:label1\" content=\"Est. reading time\" \/>\n\t<meta name=\"twitter:data1\" content=\"1 minute\" \/>\n<script type=\"application\/ld+json\" class=\"yoast-schema-graph\">{\"@context\":\"https:\/\/schema.org\",\"@graph\":[{\"@type\":\"WebPage\",\"@id\":\"https:\/\/www.seeer-tn.com\/en\/produit\/capacitors-cc\/\",\"url\":\"https:\/\/www.seeer-tn.com\/en\/produit\/capacitors-cc\/\",\"name\":\"Capacitors CC | SEEER\",\"isPartOf\":{\"@id\":\"https:\/\/www.seeer-tn.com\/#website\"},\"primaryImageOfPage\":{\"@id\":\"https:\/\/www.seeer-tn.com\/en\/produit\/capacitors-cc\/#primaryimage\"},\"image\":{\"@id\":\"https:\/\/www.seeer-tn.com\/en\/produit\/capacitors-cc\/#primaryimage\"},\"thumbnailUrl\":\"https:\/\/www.seeer-tn.com\/wp-content\/uploads\/2023\/08\/bbb-1.jpg\",\"datePublished\":\"2023-08-11T12:31:37+00:00\",\"dateModified\":\"2024-09-20T20:49:49+00:00\",\"description\":\"Model Capacitance \u00b5F Case :\u00a0 Pla-PB FD \u00d8 x H (mm) C1-450 1 25 57 C1.25-450 1.25 25 57 C1.5-450 1.5 25 57 C2-450 2 25 57 C2.5-450 2.5 25 57 C3-450 3 25 57 C3.15-450 3.15 25 57 C3.2-450 2 25 57 C3.5-450 3.5 25 57 C4-450 4 25 57 C4.5-450 4.5 25 57 C5-450 5 30 57 C5.5-450 5.5 30 57 C6-450 6 30 57 C6.3-450 6.3 30 57 C7-450 7 30 57 C8-450 8 30 70 C9-450 9 30 70 C10-450 10 30 70 C12-450 12 35 70 C12.5-450 12.5 35 70 C14-450 14 35 70 C15-450 15 40 70 C16-450 16 40 70 C18-450 18 40 70 C20-450 20 40 70 C22-450 22 40 70 C25-450 25 40 94 C30-450 30 40 94 C31.5-450 31.5 40 94 C35-450 35 45 94 C40-450 40 45 94 C45-450 45 50 94 C50-450 50 50 94 C55-450 55 50 94 C60-450 60 50 120 C70-450 70 50 120 C75-450 75 50 120 C80-450 80 50 120 C90-450 90 60 120 C100-450 100 60 120\",\"breadcrumb\":{\"@id\":\"https:\/\/www.seeer-tn.com\/en\/produit\/capacitors-cc\/#breadcrumb\"},\"inLanguage\":\"en-US\",\"potentialAction\":[{\"@type\":\"ReadAction\",\"target\":[\"https:\/\/www.seeer-tn.com\/en\/produit\/capacitors-cc\/\"]}]},{\"@type\":\"ImageObject\",\"inLanguage\":\"en-US\",\"@id\":\"https:\/\/www.seeer-tn.com\/en\/produit\/capacitors-cc\/#primaryimage\",\"url\":\"https:\/\/www.seeer-tn.com\/wp-content\/uploads\/2023\/08\/bbb-1.jpg\",\"contentUrl\":\"https:\/\/www.seeer-tn.com\/wp-content\/uploads\/2023\/08\/bbb-1.jpg\",\"width\":430,\"height\":430},{\"@type\":\"BreadcrumbList\",\"@id\":\"https:\/\/www.seeer-tn.com\/en\/produit\/capacitors-cc\/#breadcrumb\",\"itemListElement\":[{\"@type\":\"ListItem\",\"position\":1,\"name\":\"Accueil\",\"item\":\"https:\/\/www.seeer-tn.com\/en\/\"},{\"@type\":\"ListItem\",\"position\":2,\"name\":\"Boutique\",\"item\":\"https:\/\/www.seeer-tn.com\/boutique\/\"},{\"@type\":\"ListItem\",\"position\":3,\"name\":\"Capacitors CC\"}]},{\"@type\":\"WebSite\",\"@id\":\"https:\/\/www.seeer-tn.com\/#website\",\"url\":\"https:\/\/www.seeer-tn.com\/\",\"name\":\"SEEER\",\"description\":\"Soci\u00e9t\u00e9 d\u2019\u00e9quipement \u00e9lectrique \u00e9lectronique &amp; de Rebobinage\",\"potentialAction\":[{\"@type\":\"SearchAction\",\"target\":{\"@type\":\"EntryPoint\",\"urlTemplate\":\"https:\/\/www.seeer-tn.com\/?s={search_term_string}\"},\"query-input\":\"required name=search_term_string\"}],\"inLanguage\":\"en-US\"}]}<\/script>\n<!-- \/ Yoast SEO plugin. -->","yoast_head_json":{"title":"Capacitors CC | SEEER","description":"Model Capacitance \u00b5F Case :\u00a0 Pla-PB FD   \u00d8 x H (mm)   C1-450 1 25 57   C1.25-450 1.25 25 57   C1.5-450 1.5 25 57   C2-450 2 25 57   C2.5-450 2.5 25 57   C3-450 3 25 57   C3.15-450 3.15 25 57   C3.2-450 2 25 57   C3.5-450 3.5 25 57   C4-450 4 25 57   C4.5-450 4.5 25 57   C5-450 5 30 57   C5.5-450 5.5 30 57   C6-450 6 30 57   C6.3-450 6.3 30 57   C7-450 7 30 57   C8-450 8 30 70   C9-450 9 30 70   C10-450 10 30 70   C12-450 12 35 70   C12.5-450 12.5 35 70   C14-450 14 35 70   C15-450 15 40 70   C16-450 16 40 70   C18-450 18 40 70   C20-450 20 40 70   C22-450 22 40 70   C25-450 25 40 94   C30-450 30 40 94   C31.5-450 31.5 40 94   C35-450 35 45 94   C40-450 40 45 94   C45-450 45 50 94   C50-450 50 50 94   C55-450 55 50 94   C60-450 60 50 120   C70-450 70 50 120   C75-450 75 50 120   C80-450 80 50 120   C90-450 90 60 120   C100-450 100 60 120","robots":{"index":"index","follow":"follow","max-snippet":"max-snippet:-1","max-image-preview":"max-image-preview:large","max-video-preview":"max-video-preview:-1"},"canonical":"https:\/\/www.seeer-tn.com\/en\/produit\/capacitors-cc\/","og_locale":"en_US","og_type":"article","og_title":"Capacitors CC | SEEER","og_description":"Model Capacitance \u00b5F Case :\u00a0 Pla-PB FD   \u00d8 x H (mm)   C1-450 1 25 57   C1.25-450 1.25 25 57   C1.5-450 1.5 25 57   C2-450 2 25 57   C2.5-450 2.5 25 57   C3-450 3 25 57   C3.15-450 3.15 25 57   C3.2-450 2 25 57   C3.5-450 3.5 25 57   C4-450 4 25 57   C4.5-450 4.5 25 57   C5-450 5 30 57   C5.5-450 5.5 30 57   C6-450 6 30 57   C6.3-450 6.3 30 57   C7-450 7 30 57   C8-450 8 30 70   C9-450 9 30 70   C10-450 10 30 70   C12-450 12 35 70   C12.5-450 12.5 35 70   C14-450 14 35 70   C15-450 15 40 70   C16-450 16 40 70   C18-450 18 40 70   C20-450 20 40 70   C22-450 22 40 70   C25-450 25 40 94   C30-450 30 40 94   C31.5-450 31.5 40 94   C35-450 35 45 94   C40-450 40 45 94   C45-450 45 50 94   C50-450 50 50 94   C55-450 55 50 94   C60-450 60 50 120   C70-450 70 50 120   C75-450 75 50 120   C80-450 80 50 120   C90-450 90 60 120   C100-450 100 60 120","og_url":"https:\/\/www.seeer-tn.com\/en\/produit\/capacitors-cc\/","og_site_name":"SEEER","article_modified_time":"2024-09-20T20:49:49+00:00","og_image":[{"width":430,"height":430,"url":"https:\/\/www.seeer-tn.com\/wp-content\/uploads\/2023\/08\/bbb-1.jpg","type":"image\/jpeg"}],"twitter_card":"summary_large_image","twitter_misc":{"Est. reading time":"1 minute"},"schema":{"@context":"https:\/\/schema.org","@graph":[{"@type":"WebPage","@id":"https:\/\/www.seeer-tn.com\/en\/produit\/capacitors-cc\/","url":"https:\/\/www.seeer-tn.com\/en\/produit\/capacitors-cc\/","name":"Capacitors CC | SEEER","isPartOf":{"@id":"https:\/\/www.seeer-tn.com\/#website"},"primaryImageOfPage":{"@id":"https:\/\/www.seeer-tn.com\/en\/produit\/capacitors-cc\/#primaryimage"},"image":{"@id":"https:\/\/www.seeer-tn.com\/en\/produit\/capacitors-cc\/#primaryimage"},"thumbnailUrl":"https:\/\/www.seeer-tn.com\/wp-content\/uploads\/2023\/08\/bbb-1.jpg","datePublished":"2023-08-11T12:31:37+00:00","dateModified":"2024-09-20T20:49:49+00:00","description":"Model Capacitance \u00b5F Case :\u00a0 Pla-PB FD \u00d8 x H (mm) C1-450 1 25 57 C1.25-450 1.25 25 57 C1.5-450 1.5 25 57 C2-450 2 25 57 C2.5-450 2.5 25 57 C3-450 3 25 57 C3.15-450 3.15 25 57 C3.2-450 2 25 57 C3.5-450 3.5 25 57 C4-450 4 25 57 C4.5-450 4.5 25 57 C5-450 5 30 57 C5.5-450 5.5 30 57 C6-450 6 30 57 C6.3-450 6.3 30 57 C7-450 7 30 57 C8-450 8 30 70 C9-450 9 30 70 C10-450 10 30 70 C12-450 12 35 70 C12.5-450 12.5 35 70 C14-450 14 35 70 C15-450 15 40 70 C16-450 16 40 70 C18-450 18 40 70 C20-450 20 40 70 C22-450 22 40 70 C25-450 25 40 94 C30-450 30 40 94 C31.5-450 31.5 40 94 C35-450 35 45 94 C40-450 40 45 94 C45-450 45 50 94 C50-450 50 50 94 C55-450 55 50 94 C60-450 60 50 120 C70-450 70 50 120 C75-450 75 50 120 C80-450 80 50 120 C90-450 90 60 120 C100-450 100 60 120","breadcrumb":{"@id":"https:\/\/www.seeer-tn.com\/en\/produit\/capacitors-cc\/#breadcrumb"},"inLanguage":"en-US","potentialAction":[{"@type":"ReadAction","target":["https:\/\/www.seeer-tn.com\/en\/produit\/capacitors-cc\/"]}]},{"@type":"ImageObject","inLanguage":"en-US","@id":"https:\/\/www.seeer-tn.com\/en\/produit\/capacitors-cc\/#primaryimage","url":"https:\/\/www.seeer-tn.com\/wp-content\/uploads\/2023\/08\/bbb-1.jpg","contentUrl":"https:\/\/www.seeer-tn.com\/wp-content\/uploads\/2023\/08\/bbb-1.jpg","width":430,"height":430},{"@type":"BreadcrumbList","@id":"https:\/\/www.seeer-tn.com\/en\/produit\/capacitors-cc\/#breadcrumb","itemListElement":[{"@type":"ListItem","position":1,"name":"Accueil","item":"https:\/\/www.seeer-tn.com\/en\/"},{"@type":"ListItem","position":2,"name":"Boutique","item":"https:\/\/www.seeer-tn.com\/boutique\/"},{"@type":"ListItem","position":3,"name":"Capacitors CC"}]},{"@type":"WebSite","@id":"https:\/\/www.seeer-tn.com\/#website","url":"https:\/\/www.seeer-tn.com\/","name":"SEEER","description":"Soci\u00e9t\u00e9 d\u2019\u00e9quipement \u00e9lectrique \u00e9lectronique &amp; de Rebobinage","potentialAction":[{"@type":"SearchAction","target":{"@type":"EntryPoint","urlTemplate":"https:\/\/www.seeer-tn.com\/?s={search_term_string}"},"query-input":"required name=search_term_string"}],"inLanguage":"en-US"}]}},"_links":{"self":[{"href":"https:\/\/www.seeer-tn.com\/en\/wp-json\/wp\/v2\/product\/13914","targetHints":{"allow":["GET"]}}],"collection":[{"href":"https:\/\/www.seeer-tn.com\/en\/wp-json\/wp\/v2\/product"}],"about":[{"href":"https:\/\/www.seeer-tn.com\/en\/wp-json\/wp\/v2\/types\/product"}],"wp:featuredmedia":[{"embeddable":true,"href":"https:\/\/www.seeer-tn.com\/en\/wp-json\/wp\/v2\/media\/14649"}],"wp:attachment":[{"href":"https:\/\/www.seeer-tn.com\/en\/wp-json\/wp\/v2\/media?parent=13914"}],"wp:term":[{"taxonomy":"product_cat","embeddable":true,"href":"https:\/\/www.seeer-tn.com\/en\/wp-json\/wp\/v2\/product_cat?post=13914"},{"taxonomy":"product_tag","embeddable":true,"href":"https:\/\/www.seeer-tn.com\/en\/wp-json\/wp\/v2\/product_tag?post=13914"}],"curies":[{"name":"wp","href":"https:\/\/api.w.org\/{rel}","templated":true}]}}