{"id":13918,"date":"2023-08-11T14:57:06","date_gmt":"2023-08-11T12:57:06","guid":{"rendered":"https:\/\/www.seeer-tn.com\/?post_type=product&#038;p=13918"},"modified":"2024-09-20T22:04:02","modified_gmt":"2024-09-20T20:04:02","slug":"capacitors-cd","status":"publish","type":"product","link":"https:\/\/www.seeer-tn.com\/en\/produit\/capacitors-cd\/","title":{"rendered":"Capacitors CD"},"content":{"rendered":"<div class=\"wpb-content-wrapper\"><p>[vc_row][vc_column][vc_column_text woodmart_inline=&#8221;no&#8221; text_larger=&#8221;no&#8221;]<\/p>\n<table style=\"height: 215px;\" width=\"909\">\n<tbody>\n<tr>\n<td style=\"text-align: left;\">\n<div class=\"sous-titre-prod\" style=\"font-size: 12px;\">Characteristics:<\/div>\n<p>Rated Voltage EL 250 V &#8211; 320 Vac<br \/>\nRated frequency 50 \/ 60Hz<br \/>\nOperating class 1.67 %<br \/>\nClimatic category -25 C\u00b0 \/ +75 C\u00b0<br \/>\nLoss factor &lt;= 0.10 typical value<br \/>\nCase Pla-PB<br \/>\nTerminals FD<\/td>\n<td>\n<div class=\"sous-titre-prod\" style=\"font-size: 12px;\">Application:<\/div>\n<p>These electrolytic capacitors have high<br \/>\ncapacitance (in \u03bcF value),able to provide<br \/>\nan high starting torque to motor.<\/td>\n<\/tr>\n<\/tbody>\n<\/table>\n<p><a href=\"https:\/\/www.seeer-tn.com\/wp-content\/uploads\/2024\/01\/Capacitors-CD_compressed.pdf\" target=\"_blank\" rel=\"noopener\"><img loading=\"lazy\" decoding=\"async\" class=\"alignnone wp-image-7324\" src=\"https:\/\/www.seeer-tn.com\/wp-content\/uploads\/2022\/10\/PDF_file_icon.jpg\" alt=\"\" width=\"46\" height=\"57\" \/> Global sheet<\/a>\u00a0 \u00a0 \u00a0 \u00a0 \u00a0 \u00a0 \u00a0 \u00a0 \u00a0 \u00a0 \u00a0 \u00a0 \u00a0 <a href=\"https:\/\/www.seeer-tn.com\/wp-content\/uploads\/2024\/03\/cd1_compressed.pdf\" target=\"_blank\" rel=\"noopener\"><img loading=\"lazy\" decoding=\"async\" class=\"alignnone wp-image-7324\" src=\"https:\/\/www.seeer-tn.com\/wp-content\/uploads\/2022\/10\/PDF_file_icon.jpg\" alt=\"\" width=\"46\" height=\"57\" \/> Technical sheet<\/a>[\/vc_column_text][\/vc_column][\/vc_row]<\/p>\n<\/div>","protected":false},"excerpt":{"rendered":"<table>\n<tbody>\n<tr style=\"height: 28px;\">\n<td rowspan=\"2\" width=\"72\"><strong><span style=\"color: #007bc4;\">Model 250 V<\/span><\/strong><\/td>\n<td colspan=\"3\" width=\"228\"><strong><span style=\"color: #007bc4;\">Case :\u00a0 Pla-PB \/ FD<\/span><\/strong><\/td>\n<\/tr>\n<tr style=\"height: 20px;\">\n<td><strong><span style=\"color: #007bc4;\">Capacitance (\u00b5F)<\/span><\/strong><\/td>\n<td colspan=\"2\"><strong><span style=\"color: #007bc4;\">\u00d8 x H (mm)<\/span><\/strong><\/td>\n<\/tr>\n<tr style=\"background-color: #dfdfdf;\">\n<td width=\"72\"><strong><span style=\"color: #007bc4;\">C40\/50<\/span><\/strong><\/td>\n<td width=\"98\">40\/50<\/td>\n<td width=\"58\">46<\/td>\n<td width=\"72\"><em>85<\/em><\/td>\n<\/tr>\n<tr style=\"background-color: #fefefe;\">\n<td width=\"72\"><strong><span style=\"color: #007bc4;\">C50\/63<\/span><\/strong><\/td>\n<td width=\"98\">50\/63<\/td>\n<td width=\"58\">46<\/td>\n<td width=\"72\"><em>85<\/em><\/td>\n<\/tr>\n<tr style=\"background-color: #dfdfdf;\">\n<td width=\"72\"><strong><span style=\"color: #007bc4;\">C63\/80<\/span><\/strong><\/td>\n<td width=\"98\">63\/80<\/td>\n<td width=\"58\">46<\/td>\n<td width=\"72\"><em>85<\/em><\/td>\n<\/tr>\n<tr style=\"background-color: #fefefe;\">\n<td width=\"72\"><strong><span style=\"color: #007bc4;\">C80\/100<\/span><\/strong><\/td>\n<td width=\"98\">80\/100<\/td>\n<td width=\"58\">46<\/td>\n<td width=\"72\"><em>85<\/em><\/td>\n<\/tr>\n<tr style=\"background-color: #dfdfdf;\">\n<td width=\"72\"><strong><span style=\"color: #007bc4;\">C100\/125<\/span><\/strong><\/td>\n<td width=\"98\">100\/125<\/td>\n<td width=\"58\">46<\/td>\n<td width=\"72\"><em>85<\/em><\/td>\n<\/tr>\n<tr style=\"background-color: #fefefe;\">\n<td width=\"72\"><strong><span style=\"color: #007bc4;\">C125\/160<\/span><\/strong><\/td>\n<td width=\"98\">125\/160<\/td>\n<td width=\"58\">46<\/td>\n<td width=\"72\"><em>85<\/em><\/td>\n<\/tr>\n<tr style=\"background-color: #dfdfdf;\">\n<td width=\"72\"><strong><span style=\"color: #007bc4;\">C160\/200<\/span><\/strong><\/td>\n<td width=\"98\">160\/200<\/td>\n<td width=\"58\">46<\/td>\n<td width=\"72\"><em>85<\/em><\/td>\n<\/tr>\n<tr style=\"background-color: #fefefe;\">\n<td width=\"72\"><strong><span style=\"color: #007bc4;\">C200\/250<\/span><\/strong><\/td>\n<td width=\"98\">200\/250<\/td>\n<td width=\"58\">46<\/td>\n<td width=\"72\"><em>85<\/em><\/td>\n<\/tr>\n<tr style=\"background-color: #dfdfdf;\">\n<td width=\"72\"><strong><span style=\"color: #007bc4;\">C250\/315<\/span><\/strong><\/td>\n<td width=\"98\">250\/315<\/td>\n<td width=\"58\">46<\/td>\n<td width=\"72\"><em>85<\/em><\/td>\n<\/tr>\n<tr style=\"background-color: #fefefe;\">\n<td width=\"72\"><strong><span style=\"color: #007bc4;\">C315\/400<\/span><\/strong><\/td>\n<td width=\"98\">315\/400<\/td>\n<td width=\"58\">46<\/td>\n<td width=\"72\"><em>85<\/em><\/td>\n<\/tr>\n<\/tbody>\n<\/table>\n","protected":false},"featured_media":8360,"template":"","meta":[],"product_cat":[97],"product_tag":[],"class_list":["post-13918","product","type-product","status-publish","has-post-thumbnail","hentry","product_cat-motor-capacitors","pa_brand-comar-condensatori-en"],"acf":[],"yoast_head":"<!-- This site is optimized with the Yoast SEO plugin v23.3 - https:\/\/yoast.com\/wordpress\/plugins\/seo\/ -->\n<title>Capacitors CD | SEEER<\/title>\n<meta name=\"description\" content=\"Model 250 V Case :\u00a0 Pla-PB \/ FD   Capacitance (\u00b5F) \u00d8 x H (mm)   C40\/50 40\/50 46 85   C50\/63 50\/63 46 85   C63\/80 63\/80 46 85   C80\/100 80\/100 46 85   C100\/125 100\/125 46 85   C125\/160 125\/160 46 85   C160\/200 160\/200 46 85   C200\/250 200\/250 46 85   C250\/315 250\/315 46 85   C315\/400 315\/400 46 85\" \/>\n<meta name=\"robots\" content=\"index, follow, max-snippet:-1, max-image-preview:large, max-video-preview:-1\" \/>\n<link rel=\"canonical\" href=\"https:\/\/www.seeer-tn.com\/en\/produit\/capacitors-cd\/\" \/>\n<meta property=\"og:locale\" content=\"en_US\" \/>\n<meta property=\"og:type\" content=\"article\" \/>\n<meta property=\"og:title\" content=\"Capacitors CD | SEEER\" \/>\n<meta property=\"og:description\" content=\"Model 250 V Case :\u00a0 Pla-PB \/ FD   Capacitance (\u00b5F) \u00d8 x H (mm)   C40\/50 40\/50 46 85   C50\/63 50\/63 46 85   C63\/80 63\/80 46 85   C80\/100 80\/100 46 85   C100\/125 100\/125 46 85   C125\/160 125\/160 46 85   C160\/200 160\/200 46 85   C200\/250 200\/250 46 85   C250\/315 250\/315 46 85   C315\/400 315\/400 46 85\" \/>\n<meta property=\"og:url\" content=\"https:\/\/www.seeer-tn.com\/en\/produit\/capacitors-cd\/\" \/>\n<meta property=\"og:site_name\" content=\"SEEER\" \/>\n<meta property=\"article:modified_time\" content=\"2024-09-20T20:04:02+00:00\" \/>\n<meta property=\"og:image\" content=\"https:\/\/www.seeer-tn.com\/wp-content\/uploads\/2023\/08\/CD.jpg\" \/>\n\t<meta property=\"og:image:width\" content=\"1000\" \/>\n\t<meta property=\"og:image:height\" content=\"1000\" \/>\n\t<meta property=\"og:image:type\" content=\"image\/jpeg\" \/>\n<meta name=\"twitter:card\" content=\"summary_large_image\" \/>\n<meta name=\"twitter:label1\" content=\"Est. reading time\" \/>\n\t<meta name=\"twitter:data1\" content=\"1 minute\" \/>\n<script type=\"application\/ld+json\" class=\"yoast-schema-graph\">{\"@context\":\"https:\/\/schema.org\",\"@graph\":[{\"@type\":\"WebPage\",\"@id\":\"https:\/\/www.seeer-tn.com\/en\/produit\/capacitors-cd\/\",\"url\":\"https:\/\/www.seeer-tn.com\/en\/produit\/capacitors-cd\/\",\"name\":\"Capacitors CD | SEEER\",\"isPartOf\":{\"@id\":\"https:\/\/www.seeer-tn.com\/#website\"},\"primaryImageOfPage\":{\"@id\":\"https:\/\/www.seeer-tn.com\/en\/produit\/capacitors-cd\/#primaryimage\"},\"image\":{\"@id\":\"https:\/\/www.seeer-tn.com\/en\/produit\/capacitors-cd\/#primaryimage\"},\"thumbnailUrl\":\"https:\/\/www.seeer-tn.com\/wp-content\/uploads\/2023\/08\/CD.jpg\",\"datePublished\":\"2023-08-11T12:57:06+00:00\",\"dateModified\":\"2024-09-20T20:04:02+00:00\",\"description\":\"Model 250 V Case :\u00a0 Pla-PB \/ FD Capacitance (\u00b5F) \u00d8 x H (mm) C40\/50 40\/50 46 85 C50\/63 50\/63 46 85 C63\/80 63\/80 46 85 C80\/100 80\/100 46 85 C100\/125 100\/125 46 85 C125\/160 125\/160 46 85 C160\/200 160\/200 46 85 C200\/250 200\/250 46 85 C250\/315 250\/315 46 85 C315\/400 315\/400 46 85\",\"breadcrumb\":{\"@id\":\"https:\/\/www.seeer-tn.com\/en\/produit\/capacitors-cd\/#breadcrumb\"},\"inLanguage\":\"en-US\",\"potentialAction\":[{\"@type\":\"ReadAction\",\"target\":[\"https:\/\/www.seeer-tn.com\/en\/produit\/capacitors-cd\/\"]}]},{\"@type\":\"ImageObject\",\"inLanguage\":\"en-US\",\"@id\":\"https:\/\/www.seeer-tn.com\/en\/produit\/capacitors-cd\/#primaryimage\",\"url\":\"https:\/\/www.seeer-tn.com\/wp-content\/uploads\/2023\/08\/CD.jpg\",\"contentUrl\":\"https:\/\/www.seeer-tn.com\/wp-content\/uploads\/2023\/08\/CD.jpg\",\"width\":1000,\"height\":1000,\"caption\":\"Condensateur CD\"},{\"@type\":\"BreadcrumbList\",\"@id\":\"https:\/\/www.seeer-tn.com\/en\/produit\/capacitors-cd\/#breadcrumb\",\"itemListElement\":[{\"@type\":\"ListItem\",\"position\":1,\"name\":\"Accueil\",\"item\":\"https:\/\/www.seeer-tn.com\/en\/\"},{\"@type\":\"ListItem\",\"position\":2,\"name\":\"Boutique\",\"item\":\"https:\/\/www.seeer-tn.com\/boutique\/\"},{\"@type\":\"ListItem\",\"position\":3,\"name\":\"Capacitors CD\"}]},{\"@type\":\"WebSite\",\"@id\":\"https:\/\/www.seeer-tn.com\/#website\",\"url\":\"https:\/\/www.seeer-tn.com\/\",\"name\":\"SEEER\",\"description\":\"Soci\u00e9t\u00e9 d\u2019\u00e9quipement \u00e9lectrique \u00e9lectronique &amp; de Rebobinage\",\"potentialAction\":[{\"@type\":\"SearchAction\",\"target\":{\"@type\":\"EntryPoint\",\"urlTemplate\":\"https:\/\/www.seeer-tn.com\/?s={search_term_string}\"},\"query-input\":\"required name=search_term_string\"}],\"inLanguage\":\"en-US\"}]}<\/script>\n<!-- \/ Yoast SEO plugin. -->","yoast_head_json":{"title":"Capacitors CD | SEEER","description":"Model 250 V Case :\u00a0 Pla-PB \/ FD   Capacitance (\u00b5F) \u00d8 x H (mm)   C40\/50 40\/50 46 85   C50\/63 50\/63 46 85   C63\/80 63\/80 46 85   C80\/100 80\/100 46 85   C100\/125 100\/125 46 85   C125\/160 125\/160 46 85   C160\/200 160\/200 46 85   C200\/250 200\/250 46 85   C250\/315 250\/315 46 85   C315\/400 315\/400 46 85","robots":{"index":"index","follow":"follow","max-snippet":"max-snippet:-1","max-image-preview":"max-image-preview:large","max-video-preview":"max-video-preview:-1"},"canonical":"https:\/\/www.seeer-tn.com\/en\/produit\/capacitors-cd\/","og_locale":"en_US","og_type":"article","og_title":"Capacitors CD | SEEER","og_description":"Model 250 V Case :\u00a0 Pla-PB \/ FD   Capacitance (\u00b5F) \u00d8 x H (mm)   C40\/50 40\/50 46 85   C50\/63 50\/63 46 85   C63\/80 63\/80 46 85   C80\/100 80\/100 46 85   C100\/125 100\/125 46 85   C125\/160 125\/160 46 85   C160\/200 160\/200 46 85   C200\/250 200\/250 46 85   C250\/315 250\/315 46 85   C315\/400 315\/400 46 85","og_url":"https:\/\/www.seeer-tn.com\/en\/produit\/capacitors-cd\/","og_site_name":"SEEER","article_modified_time":"2024-09-20T20:04:02+00:00","og_image":[{"width":1000,"height":1000,"url":"https:\/\/www.seeer-tn.com\/wp-content\/uploads\/2023\/08\/CD.jpg","type":"image\/jpeg"}],"twitter_card":"summary_large_image","twitter_misc":{"Est. reading time":"1 minute"},"schema":{"@context":"https:\/\/schema.org","@graph":[{"@type":"WebPage","@id":"https:\/\/www.seeer-tn.com\/en\/produit\/capacitors-cd\/","url":"https:\/\/www.seeer-tn.com\/en\/produit\/capacitors-cd\/","name":"Capacitors CD | SEEER","isPartOf":{"@id":"https:\/\/www.seeer-tn.com\/#website"},"primaryImageOfPage":{"@id":"https:\/\/www.seeer-tn.com\/en\/produit\/capacitors-cd\/#primaryimage"},"image":{"@id":"https:\/\/www.seeer-tn.com\/en\/produit\/capacitors-cd\/#primaryimage"},"thumbnailUrl":"https:\/\/www.seeer-tn.com\/wp-content\/uploads\/2023\/08\/CD.jpg","datePublished":"2023-08-11T12:57:06+00:00","dateModified":"2024-09-20T20:04:02+00:00","description":"Model 250 V Case :\u00a0 Pla-PB \/ FD Capacitance (\u00b5F) \u00d8 x H (mm) C40\/50 40\/50 46 85 C50\/63 50\/63 46 85 C63\/80 63\/80 46 85 C80\/100 80\/100 46 85 C100\/125 100\/125 46 85 C125\/160 125\/160 46 85 C160\/200 160\/200 46 85 C200\/250 200\/250 46 85 C250\/315 250\/315 46 85 C315\/400 315\/400 46 85","breadcrumb":{"@id":"https:\/\/www.seeer-tn.com\/en\/produit\/capacitors-cd\/#breadcrumb"},"inLanguage":"en-US","potentialAction":[{"@type":"ReadAction","target":["https:\/\/www.seeer-tn.com\/en\/produit\/capacitors-cd\/"]}]},{"@type":"ImageObject","inLanguage":"en-US","@id":"https:\/\/www.seeer-tn.com\/en\/produit\/capacitors-cd\/#primaryimage","url":"https:\/\/www.seeer-tn.com\/wp-content\/uploads\/2023\/08\/CD.jpg","contentUrl":"https:\/\/www.seeer-tn.com\/wp-content\/uploads\/2023\/08\/CD.jpg","width":1000,"height":1000,"caption":"Condensateur CD"},{"@type":"BreadcrumbList","@id":"https:\/\/www.seeer-tn.com\/en\/produit\/capacitors-cd\/#breadcrumb","itemListElement":[{"@type":"ListItem","position":1,"name":"Accueil","item":"https:\/\/www.seeer-tn.com\/en\/"},{"@type":"ListItem","position":2,"name":"Boutique","item":"https:\/\/www.seeer-tn.com\/boutique\/"},{"@type":"ListItem","position":3,"name":"Capacitors CD"}]},{"@type":"WebSite","@id":"https:\/\/www.seeer-tn.com\/#website","url":"https:\/\/www.seeer-tn.com\/","name":"SEEER","description":"Soci\u00e9t\u00e9 d\u2019\u00e9quipement \u00e9lectrique \u00e9lectronique &amp; de Rebobinage","potentialAction":[{"@type":"SearchAction","target":{"@type":"EntryPoint","urlTemplate":"https:\/\/www.seeer-tn.com\/?s={search_term_string}"},"query-input":"required name=search_term_string"}],"inLanguage":"en-US"}]}},"_links":{"self":[{"href":"https:\/\/www.seeer-tn.com\/en\/wp-json\/wp\/v2\/product\/13918","targetHints":{"allow":["GET"]}}],"collection":[{"href":"https:\/\/www.seeer-tn.com\/en\/wp-json\/wp\/v2\/product"}],"about":[{"href":"https:\/\/www.seeer-tn.com\/en\/wp-json\/wp\/v2\/types\/product"}],"wp:featuredmedia":[{"embeddable":true,"href":"https:\/\/www.seeer-tn.com\/en\/wp-json\/wp\/v2\/media\/8360"}],"wp:attachment":[{"href":"https:\/\/www.seeer-tn.com\/en\/wp-json\/wp\/v2\/media?parent=13918"}],"wp:term":[{"taxonomy":"product_cat","embeddable":true,"href":"https:\/\/www.seeer-tn.com\/en\/wp-json\/wp\/v2\/product_cat?post=13918"},{"taxonomy":"product_tag","embeddable":true,"href":"https:\/\/www.seeer-tn.com\/en\/wp-json\/wp\/v2\/product_tag?post=13918"}],"curies":[{"name":"wp","href":"https:\/\/api.w.org\/{rel}","templated":true}]}}