{"id":13994,"date":"2023-08-11T16:21:37","date_gmt":"2023-08-11T14:21:37","guid":{"rendered":"https:\/\/www.seeer-tn.com\/?post_type=product&#038;p=13994"},"modified":"2024-09-21T01:05:51","modified_gmt":"2024-09-20T23:05:51","slug":"impeller-cn-t250","status":"publish","type":"product","link":"https:\/\/www.seeer-tn.com\/en\/produit\/impeller-cn-t250\/","title":{"rendered":"Impeller CN:  T250"},"content":{"rendered":"<div class=\"wpb-content-wrapper\"><p>[vc_row][vc_column][vc_column_text woodmart_inline=&#8221;no&#8221; text_larger=&#8221;no&#8221;]<a href=\"https:\/\/www.seeer-tn.com\/wp-content\/uploads\/2024\/03\/CNT250_compressed-3-1.pdf\" target=\"_blank\" rel=\"noopener\"><img loading=\"lazy\" decoding=\"async\" class=\"alignnone wp-image-7324\" src=\"https:\/\/www.seeer-tn.com\/wp-content\/uploads\/2022\/10\/PDF_file_icon.jpg\" alt=\"\" width=\"46\" height=\"57\" \/> Download PDF file<\/a>[\/vc_column_text][\/vc_column][\/vc_row]<\/p>\n<\/div>","protected":false},"excerpt":{"rendered":"<table>\n<tbody>\n<tr style=\"height: 56px;\">\n<td width=\"11%\"><strong><span style=\"color: #007bc4;\">Model<\/span><\/strong><\/td>\n<td width=\"11%\"><strong><span style=\"color: #007bc4;\">\u00d8A<\/span><\/strong><\/td>\n<td width=\"11%\"><strong><span style=\"color: #007bc4;\">\u00d8B<\/span><\/strong><\/td>\n<td width=\"11%\"><strong><span style=\"color: #007bc4;\">\u00d8C<\/span><\/strong><\/td>\n<td width=\"11%\"><strong><span style=\"color: #007bc4;\">D<\/span><\/strong><\/td>\n<td width=\"11%\"><strong><span style=\"color: #007bc4;\">E<\/span><\/strong><\/td>\n<td width=\"11%\"><strong><span style=\"color: #007bc4;\">F<\/span><\/strong><\/td>\n<td width=\"9%\"><strong><span style=\"color: #007bc4;\">Hub<\/span><\/strong><\/td>\n<td width=\"9%\"><strong><span style=\"color: #007bc4;\">Shoulder<\/span><\/strong><\/td>\n<\/tr>\n<tr style=\"background-color: #dfdfdf;\">\n<td width=\"11%\"><strong><span style=\"color: #007bc4;\">T250<\/span><\/strong><\/td>\n<td width=\"11%\">47<\/td>\n<td width=\"11%\">M8<\/td>\n<td width=\"11%\">130<\/td>\n<td width=\"11%\">4<\/td>\n<td width=\"11%\">23.4<\/td>\n<td width=\"11%\">27.5<\/td>\n<td rowspan=\"2\" width=\"9%\">Conical<\/td>\n<td rowspan=\"2\" width=\"9%\">NO<\/td>\n<\/tr>\n<\/tbody>\n<\/table>\n","protected":false},"featured_media":8406,"template":"","meta":[],"product_cat":[99],"product_tag":[],"class_list":["post-13994","product","type-product","status-publish","has-post-thumbnail","hentry","product_cat-impellers"],"acf":[],"yoast_head":"<!-- This site is optimized with the Yoast SEO plugin v23.3 - https:\/\/yoast.com\/wordpress\/plugins\/seo\/ -->\n<title>Impeller CN: T250 | SEEER<\/title>\n<meta name=\"description\" content=\"Model \u00d8A \u00d8B \u00d8C D E F Hub Shoulder   T250 47 M8 130 4 23.4 27.5 Conical NO\" \/>\n<meta name=\"robots\" content=\"index, follow, max-snippet:-1, max-image-preview:large, max-video-preview:-1\" \/>\n<link rel=\"canonical\" href=\"https:\/\/www.seeer-tn.com\/en\/produit\/impeller-cn-t250\/\" \/>\n<meta property=\"og:locale\" content=\"en_US\" \/>\n<meta property=\"og:type\" content=\"article\" \/>\n<meta property=\"og:title\" content=\"Impeller CN: T250 | SEEER\" \/>\n<meta property=\"og:description\" content=\"Model \u00d8A \u00d8B \u00d8C D E F Hub Shoulder   T250 47 M8 130 4 23.4 27.5 Conical NO\" \/>\n<meta property=\"og:url\" content=\"https:\/\/www.seeer-tn.com\/en\/produit\/impeller-cn-t250\/\" \/>\n<meta property=\"og:site_name\" content=\"SEEER\" \/>\n<meta property=\"article:modified_time\" content=\"2024-09-20T23:05:51+00:00\" \/>\n<meta property=\"og:image\" content=\"https:\/\/www.seeer-tn.com\/wp-content\/uploads\/2023\/08\/Conique-T250-SEP.jpg\" \/>\n\t<meta property=\"og:image:width\" content=\"1000\" \/>\n\t<meta property=\"og:image:height\" content=\"1000\" \/>\n\t<meta property=\"og:image:type\" content=\"image\/jpeg\" \/>\n<meta name=\"twitter:card\" content=\"summary_large_image\" \/>\n<meta name=\"twitter:label1\" content=\"Est. reading time\" \/>\n\t<meta name=\"twitter:data1\" content=\"1 minute\" \/>\n<script type=\"application\/ld+json\" class=\"yoast-schema-graph\">{\"@context\":\"https:\/\/schema.org\",\"@graph\":[{\"@type\":\"WebPage\",\"@id\":\"https:\/\/www.seeer-tn.com\/en\/produit\/impeller-cn-t250\/\",\"url\":\"https:\/\/www.seeer-tn.com\/en\/produit\/impeller-cn-t250\/\",\"name\":\"Impeller CN: T250 | SEEER\",\"isPartOf\":{\"@id\":\"https:\/\/www.seeer-tn.com\/#website\"},\"primaryImageOfPage\":{\"@id\":\"https:\/\/www.seeer-tn.com\/en\/produit\/impeller-cn-t250\/#primaryimage\"},\"image\":{\"@id\":\"https:\/\/www.seeer-tn.com\/en\/produit\/impeller-cn-t250\/#primaryimage\"},\"thumbnailUrl\":\"https:\/\/www.seeer-tn.com\/wp-content\/uploads\/2023\/08\/Conique-T250-SEP.jpg\",\"datePublished\":\"2023-08-11T14:21:37+00:00\",\"dateModified\":\"2024-09-20T23:05:51+00:00\",\"description\":\"Model \u00d8A \u00d8B \u00d8C D E F Hub Shoulder T250 47 M8 130 4 23.4 27.5 Conical NO\",\"breadcrumb\":{\"@id\":\"https:\/\/www.seeer-tn.com\/en\/produit\/impeller-cn-t250\/#breadcrumb\"},\"inLanguage\":\"en-US\",\"potentialAction\":[{\"@type\":\"ReadAction\",\"target\":[\"https:\/\/www.seeer-tn.com\/en\/produit\/impeller-cn-t250\/\"]}]},{\"@type\":\"ImageObject\",\"inLanguage\":\"en-US\",\"@id\":\"https:\/\/www.seeer-tn.com\/en\/produit\/impeller-cn-t250\/#primaryimage\",\"url\":\"https:\/\/www.seeer-tn.com\/wp-content\/uploads\/2023\/08\/Conique-T250-SEP.jpg\",\"contentUrl\":\"https:\/\/www.seeer-tn.com\/wp-content\/uploads\/2023\/08\/Conique-T250-SEP.jpg\",\"width\":1000,\"height\":1000,\"caption\":\"Turbines CN : T250\"},{\"@type\":\"BreadcrumbList\",\"@id\":\"https:\/\/www.seeer-tn.com\/en\/produit\/impeller-cn-t250\/#breadcrumb\",\"itemListElement\":[{\"@type\":\"ListItem\",\"position\":1,\"name\":\"Accueil\",\"item\":\"https:\/\/www.seeer-tn.com\/en\/\"},{\"@type\":\"ListItem\",\"position\":2,\"name\":\"Boutique\",\"item\":\"https:\/\/www.seeer-tn.com\/boutique\/\"},{\"@type\":\"ListItem\",\"position\":3,\"name\":\"Impeller CN: T250\"}]},{\"@type\":\"WebSite\",\"@id\":\"https:\/\/www.seeer-tn.com\/#website\",\"url\":\"https:\/\/www.seeer-tn.com\/\",\"name\":\"SEEER\",\"description\":\"Soci\u00e9t\u00e9 d\u2019\u00e9quipement \u00e9lectrique \u00e9lectronique &amp; de Rebobinage\",\"potentialAction\":[{\"@type\":\"SearchAction\",\"target\":{\"@type\":\"EntryPoint\",\"urlTemplate\":\"https:\/\/www.seeer-tn.com\/?s={search_term_string}\"},\"query-input\":\"required name=search_term_string\"}],\"inLanguage\":\"en-US\"}]}<\/script>\n<!-- \/ Yoast SEO plugin. -->","yoast_head_json":{"title":"Impeller CN: T250 | SEEER","description":"Model \u00d8A \u00d8B \u00d8C D E F Hub Shoulder   T250 47 M8 130 4 23.4 27.5 Conical NO","robots":{"index":"index","follow":"follow","max-snippet":"max-snippet:-1","max-image-preview":"max-image-preview:large","max-video-preview":"max-video-preview:-1"},"canonical":"https:\/\/www.seeer-tn.com\/en\/produit\/impeller-cn-t250\/","og_locale":"en_US","og_type":"article","og_title":"Impeller CN: T250 | SEEER","og_description":"Model \u00d8A \u00d8B \u00d8C D E F Hub Shoulder   T250 47 M8 130 4 23.4 27.5 Conical NO","og_url":"https:\/\/www.seeer-tn.com\/en\/produit\/impeller-cn-t250\/","og_site_name":"SEEER","article_modified_time":"2024-09-20T23:05:51+00:00","og_image":[{"width":1000,"height":1000,"url":"https:\/\/www.seeer-tn.com\/wp-content\/uploads\/2023\/08\/Conique-T250-SEP.jpg","type":"image\/jpeg"}],"twitter_card":"summary_large_image","twitter_misc":{"Est. reading time":"1 minute"},"schema":{"@context":"https:\/\/schema.org","@graph":[{"@type":"WebPage","@id":"https:\/\/www.seeer-tn.com\/en\/produit\/impeller-cn-t250\/","url":"https:\/\/www.seeer-tn.com\/en\/produit\/impeller-cn-t250\/","name":"Impeller CN: T250 | SEEER","isPartOf":{"@id":"https:\/\/www.seeer-tn.com\/#website"},"primaryImageOfPage":{"@id":"https:\/\/www.seeer-tn.com\/en\/produit\/impeller-cn-t250\/#primaryimage"},"image":{"@id":"https:\/\/www.seeer-tn.com\/en\/produit\/impeller-cn-t250\/#primaryimage"},"thumbnailUrl":"https:\/\/www.seeer-tn.com\/wp-content\/uploads\/2023\/08\/Conique-T250-SEP.jpg","datePublished":"2023-08-11T14:21:37+00:00","dateModified":"2024-09-20T23:05:51+00:00","description":"Model \u00d8A \u00d8B \u00d8C D E F Hub Shoulder T250 47 M8 130 4 23.4 27.5 Conical NO","breadcrumb":{"@id":"https:\/\/www.seeer-tn.com\/en\/produit\/impeller-cn-t250\/#breadcrumb"},"inLanguage":"en-US","potentialAction":[{"@type":"ReadAction","target":["https:\/\/www.seeer-tn.com\/en\/produit\/impeller-cn-t250\/"]}]},{"@type":"ImageObject","inLanguage":"en-US","@id":"https:\/\/www.seeer-tn.com\/en\/produit\/impeller-cn-t250\/#primaryimage","url":"https:\/\/www.seeer-tn.com\/wp-content\/uploads\/2023\/08\/Conique-T250-SEP.jpg","contentUrl":"https:\/\/www.seeer-tn.com\/wp-content\/uploads\/2023\/08\/Conique-T250-SEP.jpg","width":1000,"height":1000,"caption":"Turbines CN : T250"},{"@type":"BreadcrumbList","@id":"https:\/\/www.seeer-tn.com\/en\/produit\/impeller-cn-t250\/#breadcrumb","itemListElement":[{"@type":"ListItem","position":1,"name":"Accueil","item":"https:\/\/www.seeer-tn.com\/en\/"},{"@type":"ListItem","position":2,"name":"Boutique","item":"https:\/\/www.seeer-tn.com\/boutique\/"},{"@type":"ListItem","position":3,"name":"Impeller CN: T250"}]},{"@type":"WebSite","@id":"https:\/\/www.seeer-tn.com\/#website","url":"https:\/\/www.seeer-tn.com\/","name":"SEEER","description":"Soci\u00e9t\u00e9 d\u2019\u00e9quipement \u00e9lectrique \u00e9lectronique &amp; de Rebobinage","potentialAction":[{"@type":"SearchAction","target":{"@type":"EntryPoint","urlTemplate":"https:\/\/www.seeer-tn.com\/?s={search_term_string}"},"query-input":"required name=search_term_string"}],"inLanguage":"en-US"}]}},"_links":{"self":[{"href":"https:\/\/www.seeer-tn.com\/en\/wp-json\/wp\/v2\/product\/13994","targetHints":{"allow":["GET"]}}],"collection":[{"href":"https:\/\/www.seeer-tn.com\/en\/wp-json\/wp\/v2\/product"}],"about":[{"href":"https:\/\/www.seeer-tn.com\/en\/wp-json\/wp\/v2\/types\/product"}],"wp:featuredmedia":[{"embeddable":true,"href":"https:\/\/www.seeer-tn.com\/en\/wp-json\/wp\/v2\/media\/8406"}],"wp:attachment":[{"href":"https:\/\/www.seeer-tn.com\/en\/wp-json\/wp\/v2\/media?parent=13994"}],"wp:term":[{"taxonomy":"product_cat","embeddable":true,"href":"https:\/\/www.seeer-tn.com\/en\/wp-json\/wp\/v2\/product_cat?post=13994"},{"taxonomy":"product_tag","embeddable":true,"href":"https:\/\/www.seeer-tn.com\/en\/wp-json\/wp\/v2\/product_tag?post=13994"}],"curies":[{"name":"wp","href":"https:\/\/api.w.org\/{rel}","templated":true}]}}