{"id":14008,"date":"2023-08-14T10:49:04","date_gmt":"2023-08-14T08:49:04","guid":{"rendered":"https:\/\/www.seeer-tn.com\/?post_type=product&#038;p=14008"},"modified":"2024-09-27T10:09:46","modified_gmt":"2024-09-27T08:09:46","slug":"round-aluminum-enameled-wire-grade-ii","status":"publish","type":"product","link":"https:\/\/www.seeer-tn.com\/en\/produit\/round-aluminum-enameled-wire-grade-ii\/","title":{"rendered":"Round aluminum Enameled wire  grade II"},"content":{"rendered":"<div class=\"wpb-content-wrapper\"><p>[vc_row][vc_column width=&#8221;1\/2&#8243;][vc_column_text woodmart_inline=&#8221;no&#8221; text_larger=&#8221;no&#8221;]<\/p>\n<table style=\"height: 314px;\" width=\"667\">\n<tbody>\n<tr>\n<td style=\"text-align: left;\">\n<div class=\"sous-titre-prod\" style=\"font-size: 12px;\">Features :<\/div>\n<p style=\"text-align: justify;\">Section: Round<br \/>\nMaterial: Aluminum<br \/>\nThermal class: 200 \u00b0C<br \/>\nEnamel polymer: PEI + AI<br \/>\nGrades: 2<br \/>\nDiameters: 0,060 &#8211; 0,280 mm<br \/>\n(Other diameters and flat wires are available on request)<\/p>\n<div class=\"sous-titre-prod\" style=\"font-size: 12px;\">Application :<\/div>\n<p style=\"text-align: justify;\">The automotive industry, energy, transformers, wind power, industrial motors, electric generators&#8230;<\/p>\n<\/td>\n<td><\/td>\n<\/tr>\n<\/tbody>\n<\/table>\n<p><a href=\"https:\/\/www.seeer-tn.com\/wp-content\/uploads\/2024\/03\/Round-aluminum-enamelled-_compressed_compressed.pdf\" target=\"_blank\" rel=\"noopener\"><img loading=\"lazy\" decoding=\"async\" class=\"alignnone wp-image-7324\" src=\"https:\/\/www.seeer-tn.com\/wp-content\/uploads\/2022\/10\/PDF_file_icon.jpg\" alt=\"\" width=\"46\" height=\"57\" \/>Global sheet<\/a>[\/vc_column_text][\/vc_column][vc_column width=&#8221;1\/2&#8243;][vc_column_text woodmart_inline=&#8221;no&#8221; text_larger=&#8221;no&#8221;]<\/p>\n<table style=\"height: 426px;\" width=\"719\">\n<tbody>\n<tr>\n<td>\n<div class=\"sous-titre-prod\" style=\"font-size: 12px;\">Composition :<\/div>\n<p style=\"text-align: justify;\">It is a class H enamelled wire with high mechanical and thermal properties. structurally, the wire consists of a single POLYESTER or POLYESTER-IMIDE and a POLYAMIDE-IMIDE top coat. Each varnish layer gives the final yarn excellent industrial properties.<\/p>\n<\/td>\n<\/tr>\n<\/tbody>\n<\/table>\n<p><a href=\"https:\/\/www.seeer-tn.com\/wp-content\/uploads\/2024\/03\/Product-sheet-AL-C200-PLUS_compressed.pdf\" target=\"_blank\" rel=\"noopener\"><img loading=\"lazy\" decoding=\"async\" class=\"alignnone wp-image-7324\" src=\"https:\/\/www.seeer-tn.com\/wp-content\/uploads\/2022\/10\/PDF_file_icon.jpg\" alt=\"\" width=\"46\" height=\"57\" \/>Technical sheet<\/a>[\/vc_column_text][\/vc_column][\/vc_row]<\/p>\n<\/div>","protected":false},"excerpt":{"rendered":"<table>\n<tbody>\n<tr>\n<td rowspan=\"2\" width=\"66\"><span style=\"color: #007bc4;\"><strong>Reference<\/strong><\/span><\/td>\n<td rowspan=\"2\" width=\"61\"><span style=\"color: #007bc4;\"><strong>Nominal diameter d (mm)<\/strong><\/span><\/td>\n<td colspan=\"2\" rowspan=\"1\" width=\"91\"><span style=\"color: #007bc4;\"><strong>Diameter d (mm)<\/strong><\/span><\/td>\n<td colspan=\"3\" rowspan=\"1\" width=\"169\"><span style=\"color: #007bc4;\"><strong>Outside diameter grade 2<\/strong><br \/>\n<strong>d2 (mm)<\/strong><\/span><\/td>\n<\/tr>\n<tr>\n<td width=\"53\"><span style=\"color: #007bc4;\"><strong>d<sub>min<\/sub><\/strong><\/span><\/td>\n<td width=\"53\"><span style=\"color: #007bc4;\"><strong>d<sub>max<\/sub><\/strong><\/span><\/td>\n<td width=\"67\"><span style=\"color: #007bc4;\"><strong>\u0394<sub>min <\/sub>enamel <\/strong><\/span><\/td>\n<td width=\"49\"><span style=\"color: #007bc4;\"><strong>d<sub>2min<\/sub><\/strong><\/span><\/td>\n<td width=\"53\"><span style=\"color: #007bc4;\"><strong>d<sub>2Max<\/sub><\/strong><\/span><\/td>\n<\/tr>\n<tr style=\"background-color: #dfdfdf;\">\n<td width=\"66\"><span style=\"color: #007bc4;\"><strong>B60 AL<\/strong><\/span><\/td>\n<td width=\"61\">0,060<\/td>\n<td width=\"45\">0,061<\/td>\n<td width=\"46\">0,065<\/td>\n<td width=\"67\">0,012<\/td>\n<td width=\"49\">0,077<\/td>\n<td width=\"53\">0,083<\/td>\n<\/tr>\n<tr style=\"background-color: #fefefe;\">\n<td width=\"66\"><span style=\"color: #007bc4;\"><strong>B80 AL<\/strong><\/span><\/td>\n<td width=\"61\">0,080<\/td>\n<td width=\"45\">0,077<\/td>\n<td width=\"46\">0,083<\/td>\n<td width=\"67\">0,012<\/td>\n<td width=\"49\">0,095<\/td>\n<td width=\"53\">0,101<\/td>\n<\/tr>\n<tr style=\"background-color: #dfdfdf;\">\n<td width=\"66\"><span style=\"color: #007bc4;\"><strong>B100 AL<\/strong><\/span><\/td>\n<td width=\"61\">0,100<\/td>\n<td width=\"45\">0,097<\/td>\n<td width=\"46\">0,103<\/td>\n<td width=\"67\">0,016<\/td>\n<td width=\"49\">0,118<\/td>\n<td width=\"53\">0,125<\/td>\n<\/tr>\n<tr style=\"background-color: #fefefe;\">\n<td width=\"66\"><span style=\"color: #007bc4;\"><strong>B112 AL<\/strong><\/span><\/td>\n<td width=\"61\">0,112<\/td>\n<td width=\"45\">0,109<\/td>\n<td width=\"46\">0,115<\/td>\n<td width=\"67\">0,017<\/td>\n<td width=\"49\">0,131<\/td>\n<td width=\"53\">0,139<\/td>\n<\/tr>\n<tr style=\"background-color: #dfdfdf;\">\n<td width=\"66\"><span style=\"color: #007bc4;\"><strong>B150 AL<\/strong><\/span><\/td>\n<td width=\"61\">0,15<\/td>\n<td width=\"45\">0,147<\/td>\n<td width=\"46\">0,153<\/td>\n<td width=\"67\">0,023<\/td>\n<td width=\"49\">0,172<\/td>\n<td width=\"53\">0,182<\/td>\n<\/tr>\n<tr style=\"background-color: #fefefe;\">\n<td width=\"66\"><span style=\"color: #007bc4;\"><strong>B160 AL<\/strong><\/span><\/td>\n<td width=\"61\">0,16<\/td>\n<td width=\"45\">0,157<\/td>\n<td width=\"46\">0,163<\/td>\n<td width=\"67\">0,023<\/td>\n<td width=\"49\">0,183<\/td>\n<td width=\"53\">0,194<\/td>\n<\/tr>\n<tr style=\"background-color: #dfdfdf;\">\n<td width=\"66\"><span style=\"color: #007bc4;\"><strong>B180 AL<\/strong><\/span><\/td>\n<td width=\"61\">0,18<\/td>\n<td width=\"45\">0,177<\/td>\n<td width=\"46\">0,183<\/td>\n<td width=\"67\">0,025<\/td>\n<td width=\"49\">0,205<\/td>\n<td width=\"53\">0,217<\/td>\n<\/tr>\n<tr style=\"background-color: #fefefe;\">\n<td width=\"66\"><span style=\"color: #007bc4;\"><strong>B212 AL<\/strong><\/span><\/td>\n<td width=\"61\">0,212<\/td>\n<td width=\"45\">0,209<\/td>\n<td width=\"46\">0,215<\/td>\n<td width=\"67\">0,029<\/td>\n<td width=\"49\">0,241<\/td>\n<td width=\"53\">0,254<\/td>\n<\/tr>\n<tr style=\"background-color: #dfdfdf;\">\n<td width=\"66\"><span style=\"color: #007bc4;\"><strong>B250 AL<\/strong><\/span><\/td>\n<td width=\"61\">0,25<\/td>\n<td width=\"45\">0,246<\/td>\n<td width=\"46\">0,254<\/td>\n<td width=\"67\">0,032<\/td>\n<td width=\"49\">0,282<\/td>\n<td width=\"53\">0,297<\/td>\n<\/tr>\n<tr style=\"background-color: #fefefe;\">\n<td width=\"66\"><span style=\"color: #007bc4;\"><strong>B280 AL<\/strong><\/span><\/td>\n<td width=\"61\">0,28<\/td>\n<td width=\"45\">0,276<\/td>\n<td width=\"46\">0,284<\/td>\n<td width=\"67\">0,033<\/td>\n<td width=\"49\">0,313<\/td>\n<td width=\"53\">0,329<\/td>\n<\/tr>\n<\/tbody>\n<\/table>\n","protected":false},"featured_media":8444,"template":"","meta":[],"product_cat":[102],"product_tag":[],"class_list":["post-14008","product","type-product","status-publish","has-post-thumbnail","hentry","product_cat-enameled-wire","pa_brand-ederfil-becker-en"],"acf":[],"yoast_head":"<!-- This site is optimized with the Yoast SEO plugin v23.3 - https:\/\/yoast.com\/wordpress\/plugins\/seo\/ -->\n<title>Round aluminum Enameled wire grade II | SEEER<\/title>\n<meta name=\"description\" content=\"Reference Nominal diameter d (mm) Diameter d (mm) Outside diameter grade 2 d2 (mm)   dmin dmax \u0394min enamel  d2min d2Max   B60 AL 0,060 0,061 0,065 0,012 0,077 0,083   B80 AL 0,080 0,077 0,083 0,012 0,095 0,101   B100 AL 0,100 0,097 0,103 0,016 0,118 0,125   B112 AL 0,112 0,109 0,115 0,017 0,131 0,139   B150 AL 0,15 0,147 0,153 0,023 0,172 0,182   B160 AL 0,16 0,157 0,163 0,023 0,183 0,194   B180 AL 0,18 0,177 0,183 0,025 0,205 0,217   B212 AL 0,212 0,209 0,215 0,029 0,241 0,254   B250 AL 0,25 0,246 0,254 0,032 0,282 0,297   B280 AL 0,28 0,276 0,284 0,033 0,313 0,329\" \/>\n<meta name=\"robots\" content=\"index, follow, max-snippet:-1, max-image-preview:large, max-video-preview:-1\" \/>\n<link rel=\"canonical\" href=\"https:\/\/www.seeer-tn.com\/en\/produit\/round-aluminum-enameled-wire-grade-ii\/\" \/>\n<meta property=\"og:locale\" content=\"en_US\" \/>\n<meta property=\"og:type\" content=\"article\" \/>\n<meta property=\"og:title\" content=\"Round aluminum Enameled wire grade II | SEEER\" \/>\n<meta property=\"og:description\" content=\"Reference Nominal diameter d (mm) Diameter d (mm) Outside diameter grade 2 d2 (mm)   dmin dmax \u0394min enamel  d2min d2Max   B60 AL 0,060 0,061 0,065 0,012 0,077 0,083   B80 AL 0,080 0,077 0,083 0,012 0,095 0,101   B100 AL 0,100 0,097 0,103 0,016 0,118 0,125   B112 AL 0,112 0,109 0,115 0,017 0,131 0,139   B150 AL 0,15 0,147 0,153 0,023 0,172 0,182   B160 AL 0,16 0,157 0,163 0,023 0,183 0,194   B180 AL 0,18 0,177 0,183 0,025 0,205 0,217   B212 AL 0,212 0,209 0,215 0,029 0,241 0,254   B250 AL 0,25 0,246 0,254 0,032 0,282 0,297   B280 AL 0,28 0,276 0,284 0,033 0,313 0,329\" \/>\n<meta property=\"og:url\" content=\"https:\/\/www.seeer-tn.com\/en\/produit\/round-aluminum-enameled-wire-grade-ii\/\" \/>\n<meta property=\"og:site_name\" content=\"SEEER\" \/>\n<meta property=\"article:modified_time\" content=\"2024-09-27T08:09:46+00:00\" \/>\n<meta property=\"og:image\" content=\"https:\/\/www.seeer-tn.com\/wp-content\/uploads\/2023\/08\/Aluminium.jpg\" \/>\n\t<meta property=\"og:image:width\" content=\"1000\" \/>\n\t<meta property=\"og:image:height\" content=\"1000\" \/>\n\t<meta property=\"og:image:type\" content=\"image\/jpeg\" \/>\n<meta name=\"twitter:card\" content=\"summary_large_image\" \/>\n<meta name=\"twitter:label1\" content=\"Est. reading time\" \/>\n\t<meta name=\"twitter:data1\" content=\"2 minutes\" \/>\n<script type=\"application\/ld+json\" class=\"yoast-schema-graph\">{\"@context\":\"https:\/\/schema.org\",\"@graph\":[{\"@type\":\"WebPage\",\"@id\":\"https:\/\/www.seeer-tn.com\/en\/produit\/round-aluminum-enameled-wire-grade-ii\/\",\"url\":\"https:\/\/www.seeer-tn.com\/en\/produit\/round-aluminum-enameled-wire-grade-ii\/\",\"name\":\"Round aluminum Enameled wire grade II | SEEER\",\"isPartOf\":{\"@id\":\"https:\/\/www.seeer-tn.com\/#website\"},\"primaryImageOfPage\":{\"@id\":\"https:\/\/www.seeer-tn.com\/en\/produit\/round-aluminum-enameled-wire-grade-ii\/#primaryimage\"},\"image\":{\"@id\":\"https:\/\/www.seeer-tn.com\/en\/produit\/round-aluminum-enameled-wire-grade-ii\/#primaryimage\"},\"thumbnailUrl\":\"https:\/\/www.seeer-tn.com\/wp-content\/uploads\/2023\/08\/Aluminium.jpg\",\"datePublished\":\"2023-08-14T08:49:04+00:00\",\"dateModified\":\"2024-09-27T08:09:46+00:00\",\"description\":\"Reference Nominal diameter d (mm) Diameter d (mm) Outside diameter grade 2 d2 (mm) dmin dmax \u0394min enamel d2min d2Max B60 AL 0,060 0,061 0,065 0,012 0,077 0,083 B80 AL 0,080 0,077 0,083 0,012 0,095 0,101 B100 AL 0,100 0,097 0,103 0,016 0,118 0,125 B112 AL 0,112 0,109 0,115 0,017 0,131 0,139 B150 AL 0,15 0,147 0,153 0,023 0,172 0,182 B160 AL 0,16 0,157 0,163 0,023 0,183 0,194 B180 AL 0,18 0,177 0,183 0,025 0,205 0,217 B212 AL 0,212 0,209 0,215 0,029 0,241 0,254 B250 AL 0,25 0,246 0,254 0,032 0,282 0,297 B280 AL 0,28 0,276 0,284 0,033 0,313 0,329\",\"breadcrumb\":{\"@id\":\"https:\/\/www.seeer-tn.com\/en\/produit\/round-aluminum-enameled-wire-grade-ii\/#breadcrumb\"},\"inLanguage\":\"en-US\",\"potentialAction\":[{\"@type\":\"ReadAction\",\"target\":[\"https:\/\/www.seeer-tn.com\/en\/produit\/round-aluminum-enameled-wire-grade-ii\/\"]}]},{\"@type\":\"ImageObject\",\"inLanguage\":\"en-US\",\"@id\":\"https:\/\/www.seeer-tn.com\/en\/produit\/round-aluminum-enameled-wire-grade-ii\/#primaryimage\",\"url\":\"https:\/\/www.seeer-tn.com\/wp-content\/uploads\/2023\/08\/Aluminium.jpg\",\"contentUrl\":\"https:\/\/www.seeer-tn.com\/wp-content\/uploads\/2023\/08\/Aluminium.jpg\",\"width\":1000,\"height\":1000,\"caption\":\"Aluminium Rond C200 PLUS\"},{\"@type\":\"BreadcrumbList\",\"@id\":\"https:\/\/www.seeer-tn.com\/en\/produit\/round-aluminum-enameled-wire-grade-ii\/#breadcrumb\",\"itemListElement\":[{\"@type\":\"ListItem\",\"position\":1,\"name\":\"Accueil\",\"item\":\"https:\/\/www.seeer-tn.com\/en\/\"},{\"@type\":\"ListItem\",\"position\":2,\"name\":\"Boutique\",\"item\":\"https:\/\/www.seeer-tn.com\/boutique\/\"},{\"@type\":\"ListItem\",\"position\":3,\"name\":\"Round aluminum Enameled wire grade II\"}]},{\"@type\":\"WebSite\",\"@id\":\"https:\/\/www.seeer-tn.com\/#website\",\"url\":\"https:\/\/www.seeer-tn.com\/\",\"name\":\"SEEER\",\"description\":\"Soci\u00e9t\u00e9 d\u2019\u00e9quipement \u00e9lectrique \u00e9lectronique &amp; de Rebobinage\",\"potentialAction\":[{\"@type\":\"SearchAction\",\"target\":{\"@type\":\"EntryPoint\",\"urlTemplate\":\"https:\/\/www.seeer-tn.com\/?s={search_term_string}\"},\"query-input\":\"required name=search_term_string\"}],\"inLanguage\":\"en-US\"}]}<\/script>\n<!-- \/ Yoast SEO plugin. -->","yoast_head_json":{"title":"Round aluminum Enameled wire grade II | SEEER","description":"Reference Nominal diameter d (mm) Diameter d (mm) Outside diameter grade 2 d2 (mm)   dmin dmax \u0394min enamel  d2min d2Max   B60 AL 0,060 0,061 0,065 0,012 0,077 0,083   B80 AL 0,080 0,077 0,083 0,012 0,095 0,101   B100 AL 0,100 0,097 0,103 0,016 0,118 0,125   B112 AL 0,112 0,109 0,115 0,017 0,131 0,139   B150 AL 0,15 0,147 0,153 0,023 0,172 0,182   B160 AL 0,16 0,157 0,163 0,023 0,183 0,194   B180 AL 0,18 0,177 0,183 0,025 0,205 0,217   B212 AL 0,212 0,209 0,215 0,029 0,241 0,254   B250 AL 0,25 0,246 0,254 0,032 0,282 0,297   B280 AL 0,28 0,276 0,284 0,033 0,313 0,329","robots":{"index":"index","follow":"follow","max-snippet":"max-snippet:-1","max-image-preview":"max-image-preview:large","max-video-preview":"max-video-preview:-1"},"canonical":"https:\/\/www.seeer-tn.com\/en\/produit\/round-aluminum-enameled-wire-grade-ii\/","og_locale":"en_US","og_type":"article","og_title":"Round aluminum Enameled wire grade II | SEEER","og_description":"Reference Nominal diameter d (mm) Diameter d (mm) Outside diameter grade 2 d2 (mm)   dmin dmax \u0394min enamel  d2min d2Max   B60 AL 0,060 0,061 0,065 0,012 0,077 0,083   B80 AL 0,080 0,077 0,083 0,012 0,095 0,101   B100 AL 0,100 0,097 0,103 0,016 0,118 0,125   B112 AL 0,112 0,109 0,115 0,017 0,131 0,139   B150 AL 0,15 0,147 0,153 0,023 0,172 0,182   B160 AL 0,16 0,157 0,163 0,023 0,183 0,194   B180 AL 0,18 0,177 0,183 0,025 0,205 0,217   B212 AL 0,212 0,209 0,215 0,029 0,241 0,254   B250 AL 0,25 0,246 0,254 0,032 0,282 0,297   B280 AL 0,28 0,276 0,284 0,033 0,313 0,329","og_url":"https:\/\/www.seeer-tn.com\/en\/produit\/round-aluminum-enameled-wire-grade-ii\/","og_site_name":"SEEER","article_modified_time":"2024-09-27T08:09:46+00:00","og_image":[{"width":1000,"height":1000,"url":"https:\/\/www.seeer-tn.com\/wp-content\/uploads\/2023\/08\/Aluminium.jpg","type":"image\/jpeg"}],"twitter_card":"summary_large_image","twitter_misc":{"Est. reading time":"2 minutes"},"schema":{"@context":"https:\/\/schema.org","@graph":[{"@type":"WebPage","@id":"https:\/\/www.seeer-tn.com\/en\/produit\/round-aluminum-enameled-wire-grade-ii\/","url":"https:\/\/www.seeer-tn.com\/en\/produit\/round-aluminum-enameled-wire-grade-ii\/","name":"Round aluminum Enameled wire grade II | SEEER","isPartOf":{"@id":"https:\/\/www.seeer-tn.com\/#website"},"primaryImageOfPage":{"@id":"https:\/\/www.seeer-tn.com\/en\/produit\/round-aluminum-enameled-wire-grade-ii\/#primaryimage"},"image":{"@id":"https:\/\/www.seeer-tn.com\/en\/produit\/round-aluminum-enameled-wire-grade-ii\/#primaryimage"},"thumbnailUrl":"https:\/\/www.seeer-tn.com\/wp-content\/uploads\/2023\/08\/Aluminium.jpg","datePublished":"2023-08-14T08:49:04+00:00","dateModified":"2024-09-27T08:09:46+00:00","description":"Reference Nominal diameter d (mm) Diameter d (mm) Outside diameter grade 2 d2 (mm) dmin dmax \u0394min enamel d2min d2Max B60 AL 0,060 0,061 0,065 0,012 0,077 0,083 B80 AL 0,080 0,077 0,083 0,012 0,095 0,101 B100 AL 0,100 0,097 0,103 0,016 0,118 0,125 B112 AL 0,112 0,109 0,115 0,017 0,131 0,139 B150 AL 0,15 0,147 0,153 0,023 0,172 0,182 B160 AL 0,16 0,157 0,163 0,023 0,183 0,194 B180 AL 0,18 0,177 0,183 0,025 0,205 0,217 B212 AL 0,212 0,209 0,215 0,029 0,241 0,254 B250 AL 0,25 0,246 0,254 0,032 0,282 0,297 B280 AL 0,28 0,276 0,284 0,033 0,313 0,329","breadcrumb":{"@id":"https:\/\/www.seeer-tn.com\/en\/produit\/round-aluminum-enameled-wire-grade-ii\/#breadcrumb"},"inLanguage":"en-US","potentialAction":[{"@type":"ReadAction","target":["https:\/\/www.seeer-tn.com\/en\/produit\/round-aluminum-enameled-wire-grade-ii\/"]}]},{"@type":"ImageObject","inLanguage":"en-US","@id":"https:\/\/www.seeer-tn.com\/en\/produit\/round-aluminum-enameled-wire-grade-ii\/#primaryimage","url":"https:\/\/www.seeer-tn.com\/wp-content\/uploads\/2023\/08\/Aluminium.jpg","contentUrl":"https:\/\/www.seeer-tn.com\/wp-content\/uploads\/2023\/08\/Aluminium.jpg","width":1000,"height":1000,"caption":"Aluminium Rond C200 PLUS"},{"@type":"BreadcrumbList","@id":"https:\/\/www.seeer-tn.com\/en\/produit\/round-aluminum-enameled-wire-grade-ii\/#breadcrumb","itemListElement":[{"@type":"ListItem","position":1,"name":"Accueil","item":"https:\/\/www.seeer-tn.com\/en\/"},{"@type":"ListItem","position":2,"name":"Boutique","item":"https:\/\/www.seeer-tn.com\/boutique\/"},{"@type":"ListItem","position":3,"name":"Round aluminum Enameled wire grade II"}]},{"@type":"WebSite","@id":"https:\/\/www.seeer-tn.com\/#website","url":"https:\/\/www.seeer-tn.com\/","name":"SEEER","description":"Soci\u00e9t\u00e9 d\u2019\u00e9quipement \u00e9lectrique \u00e9lectronique &amp; de Rebobinage","potentialAction":[{"@type":"SearchAction","target":{"@type":"EntryPoint","urlTemplate":"https:\/\/www.seeer-tn.com\/?s={search_term_string}"},"query-input":"required name=search_term_string"}],"inLanguage":"en-US"}]}},"_links":{"self":[{"href":"https:\/\/www.seeer-tn.com\/en\/wp-json\/wp\/v2\/product\/14008","targetHints":{"allow":["GET"]}}],"collection":[{"href":"https:\/\/www.seeer-tn.com\/en\/wp-json\/wp\/v2\/product"}],"about":[{"href":"https:\/\/www.seeer-tn.com\/en\/wp-json\/wp\/v2\/types\/product"}],"wp:featuredmedia":[{"embeddable":true,"href":"https:\/\/www.seeer-tn.com\/en\/wp-json\/wp\/v2\/media\/8444"}],"wp:attachment":[{"href":"https:\/\/www.seeer-tn.com\/en\/wp-json\/wp\/v2\/media?parent=14008"}],"wp:term":[{"taxonomy":"product_cat","embeddable":true,"href":"https:\/\/www.seeer-tn.com\/en\/wp-json\/wp\/v2\/product_cat?post=14008"},{"taxonomy":"product_tag","embeddable":true,"href":"https:\/\/www.seeer-tn.com\/en\/wp-json\/wp\/v2\/product_tag?post=14008"}],"curies":[{"name":"wp","href":"https:\/\/api.w.org\/{rel}","templated":true}]}}