{"id":14081,"date":"2022-10-31T17:53:35","date_gmt":"2022-10-31T16:53:35","guid":{"rendered":"https:\/\/www.seeer-tn.com\/?post_type=product&#038;p=14081"},"modified":"2024-09-20T15:25:02","modified_gmt":"2024-09-20T13:25:02","slug":"fan-v225","status":"publish","type":"product","link":"https:\/\/www.seeer-tn.com\/en\/produit\/fan-v225\/","title":{"rendered":"Fan : V225"},"content":{"rendered":"<div class=\"wpb-content-wrapper\"><p>[vc_row][vc_column][vc_column_text woodmart_inline=&#8221;no&#8221; text_larger=&#8221;no&#8221;]<a href=\"https:\/\/www.seeer-tn.com\/wp-content\/uploads\/2024\/01\/V225_compressed-1.pdf\" target=\"_blank\" rel=\"noopener\"><img loading=\"lazy\" decoding=\"async\" class=\"alignnone wp-image-7324\" src=\"https:\/\/www.seeer-tn.com\/wp-content\/uploads\/2022\/10\/PDF_file_icon.jpg\" alt=\"\" width=\"46\" height=\"57\" \/> Download PDF file<\/a>[\/vc_column_text][\/vc_column][\/vc_row]<\/p>\n<\/div>","protected":false},"excerpt":{"rendered":"<table>\n<tbody>\n<tr style=\"height: 56px;\">\n<td width=\"72\"><strong><span style=\"color: #007bc4;\">Mod\u00e8le<\/span><\/strong><\/td>\n<td width=\"157\"><strong><span style=\"color: #007bc4;\">Nombre de pales<\/span><\/strong><\/td>\n<td width=\"34\"><strong><span style=\"color: #007bc4;\">A<\/span><\/strong><\/td>\n<td width=\"34\"><strong><span style=\"color: #007bc4;\">B<\/span><\/strong><\/td>\n<td width=\"26\"><strong><span style=\"color: #007bc4;\">C<\/span><\/strong><\/td>\n<td width=\"26\"><strong><span style=\"color: #007bc4;\">D<\/span><\/strong><\/td>\n<td width=\"26\"><strong><span style=\"color: #007bc4;\">E<\/span><\/strong><\/td>\n<td width=\"26\"><strong><span style=\"color: #007bc4;\">F<\/span><\/strong><\/td>\n<td width=\"26\"><strong><span style=\"color: #007bc4;\">G<\/span><\/strong><\/td>\n<td width=\"26\"><strong><span style=\"color: #007bc4;\">H<\/span><\/strong><\/td>\n<td width=\"26\"><strong><span style=\"color: #007bc4;\">L<\/span><\/strong><\/td>\n<td width=\"27\"><strong><span style=\"color: #007bc4;\">Fz<\/span><\/strong><\/td>\n<\/tr>\n<tr style=\"background-color: #dfdfdf;\">\n<td width=\"72\"><strong><span style=\"color: #007bc4;\">V225\/57<\/span><\/strong><\/td>\n<td width=\"157\">9<\/td>\n<td width=\"34\">360<\/td>\n<td width=\"34\">305<\/td>\n<td width=\"26\">79<\/td>\n<td width=\"26\">57<\/td>\n<td width=\"26\">51<\/td>\n<td width=\"26\">15<\/td>\n<td width=\"26\">10<\/td>\n<td width=\"26\">34<\/td>\n<td width=\"26\">77<\/td>\n<td width=\"27\">5<\/td>\n<\/tr>\n<tr style=\"background-color: #fefefe;\">\n<td width=\"72\"><strong><span style=\"color: #007bc4;\">V225\/60<\/span><\/strong><\/td>\n<td width=\"157\">9<\/td>\n<td width=\"34\">360<\/td>\n<td width=\"34\">305<\/td>\n<td width=\"26\">83<\/td>\n<td width=\"26\">60<\/td>\n<td width=\"26\">55<\/td>\n<td width=\"26\">15<\/td>\n<td width=\"26\">10<\/td>\n<td width=\"26\">34<\/td>\n<td width=\"26\">77<\/td>\n<td width=\"27\">5<\/td>\n<\/tr>\n<tr style=\"background-color: #dfdfdf;\">\n<td width=\"72\"><strong><span style=\"color: #007bc4;\">V225\/65<\/span><\/strong><\/td>\n<td width=\"157\">9<\/td>\n<td width=\"34\">360<\/td>\n<td width=\"34\">305<\/td>\n<td width=\"26\">88<\/td>\n<td width=\"26\">65<\/td>\n<td width=\"26\">60<\/td>\n<td width=\"26\">15<\/td>\n<td width=\"26\">10<\/td>\n<td width=\"26\">34<\/td>\n<td width=\"26\">77<\/td>\n<td width=\"27\">5<\/td>\n<\/tr>\n<\/tbody>\n<\/table>\n","protected":false},"featured_media":7819,"template":"","meta":[],"product_cat":[109],"product_tag":[],"class_list":["post-14081","product","type-product","status-publish","has-post-thumbnail","hentry","product_cat-fans"],"acf":[],"yoast_head":"<!-- This site is optimized with the Yoast SEO plugin v23.3 - https:\/\/yoast.com\/wordpress\/plugins\/seo\/ -->\n<title>Fan : V225 | SEEER<\/title>\n<meta name=\"description\" content=\"Mod\u00e8le Nombre de pales A B C D E F G H L Fz   V225\/57 9 360 305 79 57 51 15 10 34 77 5   V225\/60 9 360 305 83 60 55 15 10 34 77 5   V225\/65 9 360 305 88 65 60 15 10 34 77 5\" \/>\n<meta name=\"robots\" content=\"index, follow, max-snippet:-1, max-image-preview:large, max-video-preview:-1\" \/>\n<link rel=\"canonical\" href=\"https:\/\/www.seeer-tn.com\/en\/produit\/fan-v225\/\" \/>\n<meta property=\"og:locale\" content=\"en_US\" \/>\n<meta property=\"og:type\" content=\"article\" \/>\n<meta property=\"og:title\" content=\"Fan : V225 | SEEER\" \/>\n<meta property=\"og:description\" content=\"Mod\u00e8le Nombre de pales A B C D E F G H L Fz   V225\/57 9 360 305 79 57 51 15 10 34 77 5   V225\/60 9 360 305 83 60 55 15 10 34 77 5   V225\/65 9 360 305 88 65 60 15 10 34 77 5\" \/>\n<meta property=\"og:url\" content=\"https:\/\/www.seeer-tn.com\/en\/produit\/fan-v225\/\" \/>\n<meta property=\"og:site_name\" content=\"SEEER\" \/>\n<meta property=\"article:modified_time\" content=\"2024-09-20T13:25:02+00:00\" \/>\n<meta property=\"og:image\" content=\"https:\/\/www.seeer-tn.com\/wp-content\/uploads\/2022\/10\/V225.jpg\" \/>\n\t<meta property=\"og:image:width\" content=\"1000\" \/>\n\t<meta property=\"og:image:height\" content=\"1000\" \/>\n\t<meta property=\"og:image:type\" content=\"image\/jpeg\" \/>\n<meta name=\"twitter:card\" content=\"summary_large_image\" \/>\n<meta name=\"twitter:label1\" content=\"Est. reading time\" \/>\n\t<meta name=\"twitter:data1\" content=\"1 minute\" \/>\n<script type=\"application\/ld+json\" class=\"yoast-schema-graph\">{\"@context\":\"https:\/\/schema.org\",\"@graph\":[{\"@type\":\"WebPage\",\"@id\":\"https:\/\/www.seeer-tn.com\/en\/produit\/fan-v225\/\",\"url\":\"https:\/\/www.seeer-tn.com\/en\/produit\/fan-v225\/\",\"name\":\"Fan : V225 | SEEER\",\"isPartOf\":{\"@id\":\"https:\/\/www.seeer-tn.com\/#website\"},\"primaryImageOfPage\":{\"@id\":\"https:\/\/www.seeer-tn.com\/en\/produit\/fan-v225\/#primaryimage\"},\"image\":{\"@id\":\"https:\/\/www.seeer-tn.com\/en\/produit\/fan-v225\/#primaryimage\"},\"thumbnailUrl\":\"https:\/\/www.seeer-tn.com\/wp-content\/uploads\/2022\/10\/V225.jpg\",\"datePublished\":\"2022-10-31T16:53:35+00:00\",\"dateModified\":\"2024-09-20T13:25:02+00:00\",\"description\":\"Mod\u00e8le Nombre de pales A B C D E F G H L Fz V225\/57 9 360 305 79 57 51 15 10 34 77 5 V225\/60 9 360 305 83 60 55 15 10 34 77 5 V225\/65 9 360 305 88 65 60 15 10 34 77 5\",\"breadcrumb\":{\"@id\":\"https:\/\/www.seeer-tn.com\/en\/produit\/fan-v225\/#breadcrumb\"},\"inLanguage\":\"en-US\",\"potentialAction\":[{\"@type\":\"ReadAction\",\"target\":[\"https:\/\/www.seeer-tn.com\/en\/produit\/fan-v225\/\"]}]},{\"@type\":\"ImageObject\",\"inLanguage\":\"en-US\",\"@id\":\"https:\/\/www.seeer-tn.com\/en\/produit\/fan-v225\/#primaryimage\",\"url\":\"https:\/\/www.seeer-tn.com\/wp-content\/uploads\/2022\/10\/V225.jpg\",\"contentUrl\":\"https:\/\/www.seeer-tn.com\/wp-content\/uploads\/2022\/10\/V225.jpg\",\"width\":1000,\"height\":1000},{\"@type\":\"BreadcrumbList\",\"@id\":\"https:\/\/www.seeer-tn.com\/en\/produit\/fan-v225\/#breadcrumb\",\"itemListElement\":[{\"@type\":\"ListItem\",\"position\":1,\"name\":\"Accueil\",\"item\":\"https:\/\/www.seeer-tn.com\/en\/\"},{\"@type\":\"ListItem\",\"position\":2,\"name\":\"Boutique\",\"item\":\"https:\/\/www.seeer-tn.com\/boutique\/\"},{\"@type\":\"ListItem\",\"position\":3,\"name\":\"Fan : V225\"}]},{\"@type\":\"WebSite\",\"@id\":\"https:\/\/www.seeer-tn.com\/#website\",\"url\":\"https:\/\/www.seeer-tn.com\/\",\"name\":\"SEEER\",\"description\":\"Soci\u00e9t\u00e9 d\u2019\u00e9quipement \u00e9lectrique \u00e9lectronique &amp; de Rebobinage\",\"potentialAction\":[{\"@type\":\"SearchAction\",\"target\":{\"@type\":\"EntryPoint\",\"urlTemplate\":\"https:\/\/www.seeer-tn.com\/?s={search_term_string}\"},\"query-input\":\"required name=search_term_string\"}],\"inLanguage\":\"en-US\"}]}<\/script>\n<!-- \/ Yoast SEO plugin. -->","yoast_head_json":{"title":"Fan : V225 | SEEER","description":"Mod\u00e8le Nombre de pales A B C D E F G H L Fz   V225\/57 9 360 305 79 57 51 15 10 34 77 5   V225\/60 9 360 305 83 60 55 15 10 34 77 5   V225\/65 9 360 305 88 65 60 15 10 34 77 5","robots":{"index":"index","follow":"follow","max-snippet":"max-snippet:-1","max-image-preview":"max-image-preview:large","max-video-preview":"max-video-preview:-1"},"canonical":"https:\/\/www.seeer-tn.com\/en\/produit\/fan-v225\/","og_locale":"en_US","og_type":"article","og_title":"Fan : V225 | SEEER","og_description":"Mod\u00e8le Nombre de pales A B C D E F G H L Fz   V225\/57 9 360 305 79 57 51 15 10 34 77 5   V225\/60 9 360 305 83 60 55 15 10 34 77 5   V225\/65 9 360 305 88 65 60 15 10 34 77 5","og_url":"https:\/\/www.seeer-tn.com\/en\/produit\/fan-v225\/","og_site_name":"SEEER","article_modified_time":"2024-09-20T13:25:02+00:00","og_image":[{"width":1000,"height":1000,"url":"https:\/\/www.seeer-tn.com\/wp-content\/uploads\/2022\/10\/V225.jpg","type":"image\/jpeg"}],"twitter_card":"summary_large_image","twitter_misc":{"Est. reading time":"1 minute"},"schema":{"@context":"https:\/\/schema.org","@graph":[{"@type":"WebPage","@id":"https:\/\/www.seeer-tn.com\/en\/produit\/fan-v225\/","url":"https:\/\/www.seeer-tn.com\/en\/produit\/fan-v225\/","name":"Fan : V225 | SEEER","isPartOf":{"@id":"https:\/\/www.seeer-tn.com\/#website"},"primaryImageOfPage":{"@id":"https:\/\/www.seeer-tn.com\/en\/produit\/fan-v225\/#primaryimage"},"image":{"@id":"https:\/\/www.seeer-tn.com\/en\/produit\/fan-v225\/#primaryimage"},"thumbnailUrl":"https:\/\/www.seeer-tn.com\/wp-content\/uploads\/2022\/10\/V225.jpg","datePublished":"2022-10-31T16:53:35+00:00","dateModified":"2024-09-20T13:25:02+00:00","description":"Mod\u00e8le Nombre de pales A B C D E F G H L Fz V225\/57 9 360 305 79 57 51 15 10 34 77 5 V225\/60 9 360 305 83 60 55 15 10 34 77 5 V225\/65 9 360 305 88 65 60 15 10 34 77 5","breadcrumb":{"@id":"https:\/\/www.seeer-tn.com\/en\/produit\/fan-v225\/#breadcrumb"},"inLanguage":"en-US","potentialAction":[{"@type":"ReadAction","target":["https:\/\/www.seeer-tn.com\/en\/produit\/fan-v225\/"]}]},{"@type":"ImageObject","inLanguage":"en-US","@id":"https:\/\/www.seeer-tn.com\/en\/produit\/fan-v225\/#primaryimage","url":"https:\/\/www.seeer-tn.com\/wp-content\/uploads\/2022\/10\/V225.jpg","contentUrl":"https:\/\/www.seeer-tn.com\/wp-content\/uploads\/2022\/10\/V225.jpg","width":1000,"height":1000},{"@type":"BreadcrumbList","@id":"https:\/\/www.seeer-tn.com\/en\/produit\/fan-v225\/#breadcrumb","itemListElement":[{"@type":"ListItem","position":1,"name":"Accueil","item":"https:\/\/www.seeer-tn.com\/en\/"},{"@type":"ListItem","position":2,"name":"Boutique","item":"https:\/\/www.seeer-tn.com\/boutique\/"},{"@type":"ListItem","position":3,"name":"Fan : V225"}]},{"@type":"WebSite","@id":"https:\/\/www.seeer-tn.com\/#website","url":"https:\/\/www.seeer-tn.com\/","name":"SEEER","description":"Soci\u00e9t\u00e9 d\u2019\u00e9quipement \u00e9lectrique \u00e9lectronique &amp; de Rebobinage","potentialAction":[{"@type":"SearchAction","target":{"@type":"EntryPoint","urlTemplate":"https:\/\/www.seeer-tn.com\/?s={search_term_string}"},"query-input":"required name=search_term_string"}],"inLanguage":"en-US"}]}},"_links":{"self":[{"href":"https:\/\/www.seeer-tn.com\/en\/wp-json\/wp\/v2\/product\/14081","targetHints":{"allow":["GET"]}}],"collection":[{"href":"https:\/\/www.seeer-tn.com\/en\/wp-json\/wp\/v2\/product"}],"about":[{"href":"https:\/\/www.seeer-tn.com\/en\/wp-json\/wp\/v2\/types\/product"}],"wp:featuredmedia":[{"embeddable":true,"href":"https:\/\/www.seeer-tn.com\/en\/wp-json\/wp\/v2\/media\/7819"}],"wp:attachment":[{"href":"https:\/\/www.seeer-tn.com\/en\/wp-json\/wp\/v2\/media?parent=14081"}],"wp:term":[{"taxonomy":"product_cat","embeddable":true,"href":"https:\/\/www.seeer-tn.com\/en\/wp-json\/wp\/v2\/product_cat?post=14081"},{"taxonomy":"product_tag","embeddable":true,"href":"https:\/\/www.seeer-tn.com\/en\/wp-json\/wp\/v2\/product_tag?post=14081"}],"curies":[{"name":"wp","href":"https:\/\/api.w.org\/{rel}","templated":true}]}}