{"id":14095,"date":"2022-10-31T17:21:43","date_gmt":"2022-10-31T16:21:43","guid":{"rendered":"https:\/\/www.seeer-tn.com\/?post_type=product&#038;p=14095"},"modified":"2024-09-20T17:49:16","modified_gmt":"2024-09-20T15:49:16","slug":"mechanical-seal-pr","status":"publish","type":"product","link":"https:\/\/www.seeer-tn.com\/en\/produit\/mechanical-seal-pr\/","title":{"rendered":"Mechanical seal PR"},"content":{"rendered":"<div class=\"wpb-content-wrapper\"><p>[vc_row][vc_column][vc_column_text woodmart_inline=&#8221;no&#8221; text_larger=&#8221;no&#8221;]<\/p>\n<table>\n<tbody>\n<tr>\n<td style=\"text-align: left;\">\n<div class=\"sous-titre-prod\">Allowable limits PR :<\/div>\n<p>Pressure : 0.7MPa<br \/>\nVelocity : 13m\/s<br \/>\nTemperature : &#8211; 20 &#8211; 100\u00b0C<\/p>\n<div class=\"sous-titre-prod\">Application :<\/div>\n<p>Water circulation pump.<\/td>\n<td>\n<div class=\"sous-titre-prod\">Component materials PR :<\/div>\n<p>Fixed ring: Carbon<br \/>\nRotating ring: Ceramic<br \/>\nSecondary seal: NBR<br \/>\nSpring &amp; others: SUS304<\/td>\n<\/tr>\n<\/tbody>\n<\/table>\n<p><a href=\"https:\/\/www.seeer-tn.com\/wp-content\/uploads\/2024\/01\/PR_compressed.pdf\" target=\"_blank\" rel=\"noopener\"><img loading=\"lazy\" decoding=\"async\" class=\"alignnone wp-image-7324\" src=\"https:\/\/www.seeer-tn.com\/wp-content\/uploads\/2022\/10\/PDF_file_icon.jpg\" alt=\"\" width=\"46\" height=\"57\" \/> Download PDF file<\/a>[\/vc_column_text][\/vc_column][\/vc_row]<\/p>\n<\/div>","protected":false},"excerpt":{"rendered":"<table>\n<tbody>\n<tr style=\"height: 56px;\">\n<td width=\"80\"><strong><span style=\"color: #007bc4;\">Mod\u00e8le<\/span><\/strong><\/td>\n<td width=\"80\"><strong><span style=\"color: #007bc4;\">D1<\/span><\/strong><\/td>\n<td width=\"80\"><strong><span style=\"color: #007bc4;\">D3<\/span><\/strong><\/td>\n<td width=\"80\"><strong><span style=\"color: #007bc4;\">D6<\/span><\/strong><\/td>\n<td width=\"80\"><strong><span style=\"color: #007bc4;\">D7<\/span><\/strong><\/td>\n<td width=\"80\"><strong><span style=\"color: #007bc4;\">L<\/span><\/strong><\/td>\n<td width=\"80\"><strong><span style=\"color: #007bc4;\">L3<\/span><\/strong><\/td>\n<td width=\"80\"><strong><span style=\"color: #007bc4;\">L4<\/span><\/strong><\/td>\n<\/tr>\n<tr style=\"background-color: #dfdfdf;\">\n<td width=\"80\"><strong><span style=\"color: #007bc4;\">P10R<\/span><\/strong><\/td>\n<td width=\"80\">10<\/td>\n<td width=\"80\">20.0<\/td>\n<td width=\"80\">14.0<\/td>\n<td width=\"80\">18. 1<\/td>\n<td width=\"80\">20.5<\/td>\n<td width=\"80\">15<\/td>\n<td width=\"80\">5.5<\/td>\n<\/tr>\n<tr style=\"background-color: #fefefe;\">\n<td width=\"80\"><strong><span style=\"color: #007bc4;\">P11R<\/span><\/strong><\/td>\n<td width=\"80\">11<\/td>\n<td width=\"80\">22.0<\/td>\n<td width=\"80\">16.5<\/td>\n<td width=\"80\">20.6<\/td>\n<td width=\"80\">23.5<\/td>\n<td width=\"80\">18<\/td>\n<td width=\"80\">5.5<\/td>\n<\/tr>\n<tr style=\"background-color: #dfdfdf;\">\n<td width=\"80\"><strong><span style=\"color: #007bc4;\">P12R<\/span><\/strong><\/td>\n<td width=\"80\">12<\/td>\n<td width=\"80\">22.0<\/td>\n<td width=\"80\">16.5<\/td>\n<td width=\"80\">20.6<\/td>\n<td width=\"80\">23. 5<\/td>\n<td width=\"80\">18<\/td>\n<td width=\"80\">5.5<\/td>\n<\/tr>\n<tr style=\"background-color: #fefefe;\">\n<td width=\"80\"><strong><span style=\"color: #007bc4;\">P13R<\/span><\/strong><\/td>\n<td width=\"80\">13<\/td>\n<td width=\"80\">25.0<\/td>\n<td width=\"80\">19.0<\/td>\n<td width=\"80\">23.1<\/td>\n<td width=\"80\">28<\/td>\n<td width=\"80\">22<\/td>\n<td width=\"80\">6<\/td>\n<\/tr>\n<tr style=\"background-color: #dfdfdf;\">\n<td width=\"80\"><strong><span style=\"color: #007bc4;\">P14R<\/span><\/strong><\/td>\n<td width=\"80\">14<\/td>\n<td width=\"80\">25.0<\/td>\n<td width=\"80\">19.0<\/td>\n<td width=\"80\">23. 1<\/td>\n<td width=\"80\">28<\/td>\n<td width=\"80\">22<\/td>\n<td width=\"80\">6<\/td>\n<\/tr>\n<tr style=\"background-color: #fefefe;\">\n<td width=\"80\"><strong><span style=\"color: #007bc4;\">P15R<\/span><\/strong><\/td>\n<td width=\"80\">15<\/td>\n<td width=\"80\">29.0<\/td>\n<td width=\"80\">21.0<\/td>\n<td width=\"80\">26.9<\/td>\n<td width=\"80\">29<\/td>\n<td width=\"80\">22<\/td>\n<td width=\"80\">7<\/td>\n<\/tr>\n<tr style=\"background-color: #dfdfdf;\">\n<td width=\"80\"><strong><span style=\"color: #007bc4;\">P16R<\/span><\/strong><\/td>\n<td width=\"80\">16<\/td>\n<td width=\"80\">29.0<\/td>\n<td width=\"80\">21.0<\/td>\n<td width=\"80\">26.9<\/td>\n<td width=\"80\">30<\/td>\n<td width=\"80\">23<\/td>\n<td width=\"80\">7<\/td>\n<\/tr>\n<tr style=\"background-color: #fefefe;\">\n<td width=\"80\"><strong><span style=\"color: #007bc4;\">P17R<\/span><\/strong><\/td>\n<td width=\"80\">17<\/td>\n<td width=\"80\">29.0<\/td>\n<td width=\"80\">21.0<\/td>\n<td width=\"80\">26.9<\/td>\n<td width=\"80\">30<\/td>\n<td width=\"80\">23<\/td>\n<td width=\"80\">7<\/td>\n<\/tr>\n<tr style=\"background-color: #dfdfdf;\">\n<td width=\"80\"><strong><span style=\"color: #007bc4;\">P18R<\/span><\/strong><\/td>\n<td width=\"80\">18<\/td>\n<td width=\"80\">33.0<\/td>\n<td width=\"80\">25.0<\/td>\n<td width=\"80\">30 .9<\/td>\n<td width=\"80\">32<\/td>\n<td width=\"80\">24<\/td>\n<td width=\"80\">8<\/td>\n<\/tr>\n<tr style=\"background-color: #fefefe;\">\n<td width=\"80\"><strong><span style=\"color: #007bc4;\">P19R<\/span><\/strong><\/td>\n<td width=\"80\">19<\/td>\n<td width=\"80\">33.0<\/td>\n<td width=\"80\">25 .0<\/td>\n<td width=\"80\">30 .9<\/td>\n<td width=\"80\">33<\/td>\n<td width=\"80\">25<\/td>\n<td width=\"80\">8<\/td>\n<\/tr>\n<tr style=\"background-color: #dfdfdf;\">\n<td width=\"80\"><strong><span style=\"color: #007bc4;\">P20R<\/span><\/strong><\/td>\n<td width=\"80\">20<\/td>\n<td width=\"80\">33.0<\/td>\n<td width=\"80\">25.0<\/td>\n<td width=\"80\">30.9<\/td>\n<td width=\"80\">33<\/td>\n<td width=\"80\">25<\/td>\n<td width=\"80\">8<\/td>\n<\/tr>\n<tr style=\"background-color: #fefefe;\">\n<td width=\"80\"><strong><span style=\"color: #007bc4;\">P21R<\/span><\/strong><\/td>\n<td width=\"80\">21<\/td>\n<td width=\"80\">38.0<\/td>\n<td width=\"80\">30.0<\/td>\n<td width=\"80\">35.4<\/td>\n<td width=\"80\">33<\/td>\n<td width=\"80\">25<\/td>\n<td width=\"80\">8<\/td>\n<\/tr>\n<tr style=\"background-color: #dfdfdf;\">\n<td width=\"80\"><strong><span style=\"color: #007bc4;\">P22R<\/span><\/strong><\/td>\n<td width=\"80\">22<\/td>\n<td width=\"80\">38.0<\/td>\n<td width=\"80\">30.0<\/td>\n<td width=\"80\">35.4<\/td>\n<td width=\"80\">33<\/td>\n<td width=\"80\">25<\/td>\n<td width=\"80\">8<\/td>\n<\/tr>\n<tr style=\"background-color: #fefefe;\">\n<td width=\"80\"><strong><span style=\"color: #007bc4;\">P23R<\/span><\/strong><\/td>\n<td width=\"80\">23<\/td>\n<td width=\"80\">38.0<\/td>\n<td width=\"80\">30.0<\/td>\n<td width=\"80\">35.4<\/td>\n<td width=\"80\">35<\/td>\n<td width=\"80\">27<\/td>\n<td width=\"80\">8<\/td>\n<\/tr>\n<tr style=\"background-color: #dfdfdf;\">\n<td width=\"80\"><strong><span style=\"color: #007bc4;\">P24R<\/span><\/strong><\/td>\n<td width=\"80\">24<\/td>\n<td width=\"80\">38.0<\/td>\n<td width=\"80\">30.0<\/td>\n<td width=\"80\">35.4<\/td>\n<td width=\"80\">35<\/td>\n<td width=\"80\">27<\/td>\n<td width=\"80\">8<\/td>\n<\/tr>\n<tr style=\"background-color: #fefefe;\">\n<td width=\"80\"><strong><span style=\"color: #007bc4;\">P25R<\/span><\/strong><\/td>\n<td width=\"80\">25<\/td>\n<td width=\"80\">40 .0<\/td>\n<td width=\"80\">33.0<\/td>\n<td width=\"80\">38.2<\/td>\n<td width=\"80\">35<\/td>\n<td width=\"80\">27<\/td>\n<td width=\"80\">8.5<\/td>\n<\/tr>\n<tr style=\"background-color: #dfdfdf;\">\n<td width=\"80\"><strong><span style=\"color: #007bc4;\">P28R<\/span><\/strong><\/td>\n<td width=\"80\">28<\/td>\n<td width=\"80\">46.0<\/td>\n<td width=\"80\">38.0<\/td>\n<td width=\"80\">43.3<\/td>\n<td width=\"80\">38<\/td>\n<td width=\"80\">29<\/td>\n<td width=\"80\">9<\/td>\n<\/tr>\n<tr style=\"background-color: #fefefe;\">\n<td width=\"80\"><strong><span style=\"color: #007bc4;\">P29R<\/span><\/strong><\/td>\n<td width=\"80\">29<\/td>\n<td width=\"80\">46.0<\/td>\n<td width=\"80\">38.0<\/td>\n<td width=\"80\">43.3<\/td>\n<td width=\"80\">39<\/td>\n<td width=\"80\">30<\/td>\n<td width=\"80\">9<\/td>\n<\/tr>\n<tr style=\"background-color: #dfdfdf;\">\n<td width=\"80\"><strong><span style=\"color: #007bc4;\">P30R<\/span><\/strong><\/td>\n<td width=\"80\">30<\/td>\n<td width=\"80\">46 .0<\/td>\n<td width=\"80\">38 .0<\/td>\n<td width=\"80\">43 .3<\/td>\n<td width=\"80\">39<\/td>\n<td width=\"80\">30<\/td>\n<td width=\"80\">9<\/td>\n<\/tr>\n<tr style=\"background-color: #fefefe;\">\n<td width=\"80\"><strong><span style=\"color: #007bc4;\">P32R<\/span><\/strong><\/td>\n<td width=\"80\">32<\/td>\n<td width=\"80\">46.0<\/td>\n<td width=\"80\">38.0<\/td>\n<td width=\"80\">4.l.3<\/td>\n<td width=\"80\">39<\/td>\n<td width=\"80\">30<\/td>\n<td width=\"80\">9<\/td>\n<\/tr>\n<tr style=\"background-color: #dfdfdf;\">\n<td width=\"80\"><strong><span style=\"color: #007bc4;\">P33R<\/span><\/strong><\/td>\n<td width=\"80\">33<\/td>\n<td width=\"80\">48.0<\/td>\n<td width=\"80\">45.0<\/td>\n<td width=\"80\">53.5<\/td>\n<td width=\"80\">50.5<\/td>\n<td width=\"80\">39<\/td>\n<td width=\"80\">11.5<\/td>\n<\/tr>\n<tr style=\"background-color: #fefefe;\">\n<td width=\"80\"><strong><span style=\"color: #007bc4;\">P35R<\/span><\/strong><\/td>\n<td width=\"80\">35<\/td>\n<td width=\"80\">50.0<\/td>\n<td width=\"80\">45.0<\/td>\n<td width=\"80\">53.5<\/td>\n<td width=\"80\">50.5<\/td>\n<td width=\"80\">39<\/td>\n<td width=\"80\">11.5<\/td>\n<\/tr>\n<tr style=\"background-color: #dfdfdf;\">\n<td width=\"80\"><strong><span style=\"color: #007bc4;\">P38R<\/span><\/strong><\/td>\n<td width=\"80\">38<\/td>\n<td width=\"80\">58.0<\/td>\n<td width=\"80\">52.0<\/td>\n<td width=\"80\">60.5<\/td>\n<td width=\"80\">51<\/td>\n<td width=\"80\">39<\/td>\n<td width=\"80\">11.5<\/td>\n<\/tr>\n<tr style=\"background-color: #fefefe;\">\n<td width=\"80\"><strong><span style=\"color: #007bc4;\">P40R<\/span><\/strong><\/td>\n<td width=\"80\">40<\/td>\n<td width=\"80\">58.0<\/td>\n<td width=\"80\">52.0<\/td>\n<td width=\"80\">60. 5<\/td>\n<td width=\"80\">51<\/td>\n<td width=\"80\">39<\/td>\n<td width=\"80\">12<\/td>\n<\/tr>\n<\/tbody>\n<\/table>\n","protected":false},"featured_media":7821,"template":"","meta":[],"product_cat":[104],"product_tag":[],"class_list":["post-14095","product","type-product","status-publish","has-post-thumbnail","hentry","product_cat-mechanical-seal"],"acf":[],"yoast_head":"<!-- This site is optimized with the Yoast SEO plugin v23.3 - https:\/\/yoast.com\/wordpress\/plugins\/seo\/ -->\n<title>Mechanical seal PR | SEEER<\/title>\n<meta name=\"description\" content=\"Mod\u00e8le D1 D3 D6 D7 L L3 L4   P10R 10 20.0 14.0 18. 1 20.5 15 5.5   P11R 11 22.0 16.5 20.6 23.5 18 5.5   P12R 12 22.0 16.5 20.6 23. 5 18 5.5   P13R 13 25.0 19.0 23.1 28 22 6   P14R 14 25.0 19.0 23. 1 28 22 6   P15R 15 29.0 21.0 26.9 29 22 7   P16R 16 29.0 21.0 26.9 30 23 7   P17R 17 29.0 21.0 26.9 30 23 7   P18R 18 33.0 25.0 30 .9 32 24 8   P19R 19 33.0 25 .0 30 .9 33 25 8   P20R 20 33.0 25.0 30.9 33 25 8   P21R 21 38.0 30.0 35.4 33 25 8   P22R 22 38.0 30.0 35.4 33 25 8   P23R 23 38.0 30.0 35.4 35 27 8   P24R 24 38.0 30.0 35.4 35 27 8   P25R 25 40 .0 33.0 38.2 35 27 8.5   P28R 28 46.0 38.0 43.3 38 29 9   P29R 29 46.0 38.0 43.3 39 30 9   P30R 30 46 .0 38 .0 43 .3 39 30 9   P32R 32 46.0 38.0 4.l.3 39 30 9   P33R 33 48.0 45.0 53.5 50.5 39 11.5   P35R 35 50.0 45.0 53.5 50.5 39 11.5   P38R 38 58.0 52.0 60.5 51 39 11.5   P40R 40 58.0 52.0 60. 5 51 39 12\" \/>\n<meta name=\"robots\" content=\"index, follow, max-snippet:-1, max-image-preview:large, max-video-preview:-1\" \/>\n<link rel=\"canonical\" href=\"https:\/\/www.seeer-tn.com\/en\/produit\/mechanical-seal-pr\/\" \/>\n<meta property=\"og:locale\" content=\"en_US\" \/>\n<meta property=\"og:type\" content=\"article\" \/>\n<meta property=\"og:title\" content=\"Mechanical seal PR | SEEER\" \/>\n<meta property=\"og:description\" content=\"Mod\u00e8le D1 D3 D6 D7 L L3 L4   P10R 10 20.0 14.0 18. 1 20.5 15 5.5   P11R 11 22.0 16.5 20.6 23.5 18 5.5   P12R 12 22.0 16.5 20.6 23. 5 18 5.5   P13R 13 25.0 19.0 23.1 28 22 6   P14R 14 25.0 19.0 23. 1 28 22 6   P15R 15 29.0 21.0 26.9 29 22 7   P16R 16 29.0 21.0 26.9 30 23 7   P17R 17 29.0 21.0 26.9 30 23 7   P18R 18 33.0 25.0 30 .9 32 24 8   P19R 19 33.0 25 .0 30 .9 33 25 8   P20R 20 33.0 25.0 30.9 33 25 8   P21R 21 38.0 30.0 35.4 33 25 8   P22R 22 38.0 30.0 35.4 33 25 8   P23R 23 38.0 30.0 35.4 35 27 8   P24R 24 38.0 30.0 35.4 35 27 8   P25R 25 40 .0 33.0 38.2 35 27 8.5   P28R 28 46.0 38.0 43.3 38 29 9   P29R 29 46.0 38.0 43.3 39 30 9   P30R 30 46 .0 38 .0 43 .3 39 30 9   P32R 32 46.0 38.0 4.l.3 39 30 9   P33R 33 48.0 45.0 53.5 50.5 39 11.5   P35R 35 50.0 45.0 53.5 50.5 39 11.5   P38R 38 58.0 52.0 60.5 51 39 11.5   P40R 40 58.0 52.0 60. 5 51 39 12\" \/>\n<meta property=\"og:url\" content=\"https:\/\/www.seeer-tn.com\/en\/produit\/mechanical-seal-pr\/\" \/>\n<meta property=\"og:site_name\" content=\"SEEER\" \/>\n<meta property=\"article:modified_time\" content=\"2024-09-20T15:49:16+00:00\" \/>\n<meta property=\"og:image\" content=\"https:\/\/www.seeer-tn.com\/wp-content\/uploads\/2022\/10\/PR.jpg\" \/>\n\t<meta property=\"og:image:width\" content=\"1000\" \/>\n\t<meta property=\"og:image:height\" content=\"1000\" \/>\n\t<meta property=\"og:image:type\" content=\"image\/jpeg\" \/>\n<meta name=\"twitter:card\" content=\"summary_large_image\" \/>\n<meta name=\"twitter:label1\" content=\"Est. reading time\" \/>\n\t<meta name=\"twitter:data1\" content=\"1 minute\" \/>\n<script type=\"application\/ld+json\" class=\"yoast-schema-graph\">{\"@context\":\"https:\/\/schema.org\",\"@graph\":[{\"@type\":\"WebPage\",\"@id\":\"https:\/\/www.seeer-tn.com\/en\/produit\/mechanical-seal-pr\/\",\"url\":\"https:\/\/www.seeer-tn.com\/en\/produit\/mechanical-seal-pr\/\",\"name\":\"Mechanical seal PR | SEEER\",\"isPartOf\":{\"@id\":\"https:\/\/www.seeer-tn.com\/#website\"},\"primaryImageOfPage\":{\"@id\":\"https:\/\/www.seeer-tn.com\/en\/produit\/mechanical-seal-pr\/#primaryimage\"},\"image\":{\"@id\":\"https:\/\/www.seeer-tn.com\/en\/produit\/mechanical-seal-pr\/#primaryimage\"},\"thumbnailUrl\":\"https:\/\/www.seeer-tn.com\/wp-content\/uploads\/2022\/10\/PR.jpg\",\"datePublished\":\"2022-10-31T16:21:43+00:00\",\"dateModified\":\"2024-09-20T15:49:16+00:00\",\"description\":\"Mod\u00e8le D1 D3 D6 D7 L L3 L4 P10R 10 20.0 14.0 18. 1 20.5 15 5.5 P11R 11 22.0 16.5 20.6 23.5 18 5.5 P12R 12 22.0 16.5 20.6 23. 5 18 5.5 P13R 13 25.0 19.0 23.1 28 22 6 P14R 14 25.0 19.0 23. 1 28 22 6 P15R 15 29.0 21.0 26.9 29 22 7 P16R 16 29.0 21.0 26.9 30 23 7 P17R 17 29.0 21.0 26.9 30 23 7 P18R 18 33.0 25.0 30 .9 32 24 8 P19R 19 33.0 25 .0 30 .9 33 25 8 P20R 20 33.0 25.0 30.9 33 25 8 P21R 21 38.0 30.0 35.4 33 25 8 P22R 22 38.0 30.0 35.4 33 25 8 P23R 23 38.0 30.0 35.4 35 27 8 P24R 24 38.0 30.0 35.4 35 27 8 P25R 25 40 .0 33.0 38.2 35 27 8.5 P28R 28 46.0 38.0 43.3 38 29 9 P29R 29 46.0 38.0 43.3 39 30 9 P30R 30 46 .0 38 .0 43 .3 39 30 9 P32R 32 46.0 38.0 4.l.3 39 30 9 P33R 33 48.0 45.0 53.5 50.5 39 11.5 P35R 35 50.0 45.0 53.5 50.5 39 11.5 P38R 38 58.0 52.0 60.5 51 39 11.5 P40R 40 58.0 52.0 60. 5 51 39 12\",\"breadcrumb\":{\"@id\":\"https:\/\/www.seeer-tn.com\/en\/produit\/mechanical-seal-pr\/#breadcrumb\"},\"inLanguage\":\"en-US\",\"potentialAction\":[{\"@type\":\"ReadAction\",\"target\":[\"https:\/\/www.seeer-tn.com\/en\/produit\/mechanical-seal-pr\/\"]}]},{\"@type\":\"ImageObject\",\"inLanguage\":\"en-US\",\"@id\":\"https:\/\/www.seeer-tn.com\/en\/produit\/mechanical-seal-pr\/#primaryimage\",\"url\":\"https:\/\/www.seeer-tn.com\/wp-content\/uploads\/2022\/10\/PR.jpg\",\"contentUrl\":\"https:\/\/www.seeer-tn.com\/wp-content\/uploads\/2022\/10\/PR.jpg\",\"width\":1000,\"height\":1000},{\"@type\":\"BreadcrumbList\",\"@id\":\"https:\/\/www.seeer-tn.com\/en\/produit\/mechanical-seal-pr\/#breadcrumb\",\"itemListElement\":[{\"@type\":\"ListItem\",\"position\":1,\"name\":\"Accueil\",\"item\":\"https:\/\/www.seeer-tn.com\/en\/\"},{\"@type\":\"ListItem\",\"position\":2,\"name\":\"Boutique\",\"item\":\"https:\/\/www.seeer-tn.com\/boutique\/\"},{\"@type\":\"ListItem\",\"position\":3,\"name\":\"Mechanical seal PR\"}]},{\"@type\":\"WebSite\",\"@id\":\"https:\/\/www.seeer-tn.com\/#website\",\"url\":\"https:\/\/www.seeer-tn.com\/\",\"name\":\"SEEER\",\"description\":\"Soci\u00e9t\u00e9 d\u2019\u00e9quipement \u00e9lectrique \u00e9lectronique &amp; de Rebobinage\",\"potentialAction\":[{\"@type\":\"SearchAction\",\"target\":{\"@type\":\"EntryPoint\",\"urlTemplate\":\"https:\/\/www.seeer-tn.com\/?s={search_term_string}\"},\"query-input\":\"required name=search_term_string\"}],\"inLanguage\":\"en-US\"}]}<\/script>\n<!-- \/ Yoast SEO plugin. -->","yoast_head_json":{"title":"Mechanical seal PR | SEEER","description":"Mod\u00e8le D1 D3 D6 D7 L L3 L4   P10R 10 20.0 14.0 18. 1 20.5 15 5.5   P11R 11 22.0 16.5 20.6 23.5 18 5.5   P12R 12 22.0 16.5 20.6 23. 5 18 5.5   P13R 13 25.0 19.0 23.1 28 22 6   P14R 14 25.0 19.0 23. 1 28 22 6   P15R 15 29.0 21.0 26.9 29 22 7   P16R 16 29.0 21.0 26.9 30 23 7   P17R 17 29.0 21.0 26.9 30 23 7   P18R 18 33.0 25.0 30 .9 32 24 8   P19R 19 33.0 25 .0 30 .9 33 25 8   P20R 20 33.0 25.0 30.9 33 25 8   P21R 21 38.0 30.0 35.4 33 25 8   P22R 22 38.0 30.0 35.4 33 25 8   P23R 23 38.0 30.0 35.4 35 27 8   P24R 24 38.0 30.0 35.4 35 27 8   P25R 25 40 .0 33.0 38.2 35 27 8.5   P28R 28 46.0 38.0 43.3 38 29 9   P29R 29 46.0 38.0 43.3 39 30 9   P30R 30 46 .0 38 .0 43 .3 39 30 9   P32R 32 46.0 38.0 4.l.3 39 30 9   P33R 33 48.0 45.0 53.5 50.5 39 11.5   P35R 35 50.0 45.0 53.5 50.5 39 11.5   P38R 38 58.0 52.0 60.5 51 39 11.5   P40R 40 58.0 52.0 60. 5 51 39 12","robots":{"index":"index","follow":"follow","max-snippet":"max-snippet:-1","max-image-preview":"max-image-preview:large","max-video-preview":"max-video-preview:-1"},"canonical":"https:\/\/www.seeer-tn.com\/en\/produit\/mechanical-seal-pr\/","og_locale":"en_US","og_type":"article","og_title":"Mechanical seal PR | SEEER","og_description":"Mod\u00e8le D1 D3 D6 D7 L L3 L4   P10R 10 20.0 14.0 18. 1 20.5 15 5.5   P11R 11 22.0 16.5 20.6 23.5 18 5.5   P12R 12 22.0 16.5 20.6 23. 5 18 5.5   P13R 13 25.0 19.0 23.1 28 22 6   P14R 14 25.0 19.0 23. 1 28 22 6   P15R 15 29.0 21.0 26.9 29 22 7   P16R 16 29.0 21.0 26.9 30 23 7   P17R 17 29.0 21.0 26.9 30 23 7   P18R 18 33.0 25.0 30 .9 32 24 8   P19R 19 33.0 25 .0 30 .9 33 25 8   P20R 20 33.0 25.0 30.9 33 25 8   P21R 21 38.0 30.0 35.4 33 25 8   P22R 22 38.0 30.0 35.4 33 25 8   P23R 23 38.0 30.0 35.4 35 27 8   P24R 24 38.0 30.0 35.4 35 27 8   P25R 25 40 .0 33.0 38.2 35 27 8.5   P28R 28 46.0 38.0 43.3 38 29 9   P29R 29 46.0 38.0 43.3 39 30 9   P30R 30 46 .0 38 .0 43 .3 39 30 9   P32R 32 46.0 38.0 4.l.3 39 30 9   P33R 33 48.0 45.0 53.5 50.5 39 11.5   P35R 35 50.0 45.0 53.5 50.5 39 11.5   P38R 38 58.0 52.0 60.5 51 39 11.5   P40R 40 58.0 52.0 60. 5 51 39 12","og_url":"https:\/\/www.seeer-tn.com\/en\/produit\/mechanical-seal-pr\/","og_site_name":"SEEER","article_modified_time":"2024-09-20T15:49:16+00:00","og_image":[{"width":1000,"height":1000,"url":"https:\/\/www.seeer-tn.com\/wp-content\/uploads\/2022\/10\/PR.jpg","type":"image\/jpeg"}],"twitter_card":"summary_large_image","twitter_misc":{"Est. reading time":"1 minute"},"schema":{"@context":"https:\/\/schema.org","@graph":[{"@type":"WebPage","@id":"https:\/\/www.seeer-tn.com\/en\/produit\/mechanical-seal-pr\/","url":"https:\/\/www.seeer-tn.com\/en\/produit\/mechanical-seal-pr\/","name":"Mechanical seal PR | SEEER","isPartOf":{"@id":"https:\/\/www.seeer-tn.com\/#website"},"primaryImageOfPage":{"@id":"https:\/\/www.seeer-tn.com\/en\/produit\/mechanical-seal-pr\/#primaryimage"},"image":{"@id":"https:\/\/www.seeer-tn.com\/en\/produit\/mechanical-seal-pr\/#primaryimage"},"thumbnailUrl":"https:\/\/www.seeer-tn.com\/wp-content\/uploads\/2022\/10\/PR.jpg","datePublished":"2022-10-31T16:21:43+00:00","dateModified":"2024-09-20T15:49:16+00:00","description":"Mod\u00e8le D1 D3 D6 D7 L L3 L4 P10R 10 20.0 14.0 18. 1 20.5 15 5.5 P11R 11 22.0 16.5 20.6 23.5 18 5.5 P12R 12 22.0 16.5 20.6 23. 5 18 5.5 P13R 13 25.0 19.0 23.1 28 22 6 P14R 14 25.0 19.0 23. 1 28 22 6 P15R 15 29.0 21.0 26.9 29 22 7 P16R 16 29.0 21.0 26.9 30 23 7 P17R 17 29.0 21.0 26.9 30 23 7 P18R 18 33.0 25.0 30 .9 32 24 8 P19R 19 33.0 25 .0 30 .9 33 25 8 P20R 20 33.0 25.0 30.9 33 25 8 P21R 21 38.0 30.0 35.4 33 25 8 P22R 22 38.0 30.0 35.4 33 25 8 P23R 23 38.0 30.0 35.4 35 27 8 P24R 24 38.0 30.0 35.4 35 27 8 P25R 25 40 .0 33.0 38.2 35 27 8.5 P28R 28 46.0 38.0 43.3 38 29 9 P29R 29 46.0 38.0 43.3 39 30 9 P30R 30 46 .0 38 .0 43 .3 39 30 9 P32R 32 46.0 38.0 4.l.3 39 30 9 P33R 33 48.0 45.0 53.5 50.5 39 11.5 P35R 35 50.0 45.0 53.5 50.5 39 11.5 P38R 38 58.0 52.0 60.5 51 39 11.5 P40R 40 58.0 52.0 60. 5 51 39 12","breadcrumb":{"@id":"https:\/\/www.seeer-tn.com\/en\/produit\/mechanical-seal-pr\/#breadcrumb"},"inLanguage":"en-US","potentialAction":[{"@type":"ReadAction","target":["https:\/\/www.seeer-tn.com\/en\/produit\/mechanical-seal-pr\/"]}]},{"@type":"ImageObject","inLanguage":"en-US","@id":"https:\/\/www.seeer-tn.com\/en\/produit\/mechanical-seal-pr\/#primaryimage","url":"https:\/\/www.seeer-tn.com\/wp-content\/uploads\/2022\/10\/PR.jpg","contentUrl":"https:\/\/www.seeer-tn.com\/wp-content\/uploads\/2022\/10\/PR.jpg","width":1000,"height":1000},{"@type":"BreadcrumbList","@id":"https:\/\/www.seeer-tn.com\/en\/produit\/mechanical-seal-pr\/#breadcrumb","itemListElement":[{"@type":"ListItem","position":1,"name":"Accueil","item":"https:\/\/www.seeer-tn.com\/en\/"},{"@type":"ListItem","position":2,"name":"Boutique","item":"https:\/\/www.seeer-tn.com\/boutique\/"},{"@type":"ListItem","position":3,"name":"Mechanical seal PR"}]},{"@type":"WebSite","@id":"https:\/\/www.seeer-tn.com\/#website","url":"https:\/\/www.seeer-tn.com\/","name":"SEEER","description":"Soci\u00e9t\u00e9 d\u2019\u00e9quipement \u00e9lectrique \u00e9lectronique &amp; de Rebobinage","potentialAction":[{"@type":"SearchAction","target":{"@type":"EntryPoint","urlTemplate":"https:\/\/www.seeer-tn.com\/?s={search_term_string}"},"query-input":"required name=search_term_string"}],"inLanguage":"en-US"}]}},"_links":{"self":[{"href":"https:\/\/www.seeer-tn.com\/en\/wp-json\/wp\/v2\/product\/14095","targetHints":{"allow":["GET"]}}],"collection":[{"href":"https:\/\/www.seeer-tn.com\/en\/wp-json\/wp\/v2\/product"}],"about":[{"href":"https:\/\/www.seeer-tn.com\/en\/wp-json\/wp\/v2\/types\/product"}],"wp:featuredmedia":[{"embeddable":true,"href":"https:\/\/www.seeer-tn.com\/en\/wp-json\/wp\/v2\/media\/7821"}],"wp:attachment":[{"href":"https:\/\/www.seeer-tn.com\/en\/wp-json\/wp\/v2\/media?parent=14095"}],"wp:term":[{"taxonomy":"product_cat","embeddable":true,"href":"https:\/\/www.seeer-tn.com\/en\/wp-json\/wp\/v2\/product_cat?post=14095"},{"taxonomy":"product_tag","embeddable":true,"href":"https:\/\/www.seeer-tn.com\/en\/wp-json\/wp\/v2\/product_tag?post=14095"}],"curies":[{"name":"wp","href":"https:\/\/api.w.org\/{rel}","templated":true}]}}