{"id":14147,"date":"2024-01-08T12:51:56","date_gmt":"2024-01-08T11:51:56","guid":{"rendered":"https:\/\/www.seeer-tn.com\/?post_type=product&#038;p=14147"},"modified":"2024-09-20T23:19:04","modified_gmt":"2024-09-20T21:19:04","slug":"terminal-boards-pbf-9-boards-sp","status":"publish","type":"product","link":"https:\/\/www.seeer-tn.com\/en\/produit\/terminal-boards-pbf-9-boards-sp\/","title":{"rendered":"Terminal boards PBF 9 boards Sp"},"content":{"rendered":"<div class=\"wpb-content-wrapper\"><p>[vc_row][vc_column][vc_column_text woodmart_inline=&#8221;no&#8221; text_larger=&#8221;no&#8221;]<a href=\"https:\/\/www.seeer-tn.com\/wp-content\/uploads\/2024\/01\/Terminal-boards-PBF-9-boards-Sp_compressed.pdf\" target=\"_blank\" rel=\"noopener\"><img loading=\"lazy\" decoding=\"async\" class=\"alignnone wp-image-7324\" src=\"https:\/\/www.seeer-tn.com\/wp-content\/uploads\/2022\/10\/PDF_file_icon.jpg\" alt=\"\" width=\"46\" height=\"57\" \/> Download PDF file<\/a>[\/vc_column_text][\/vc_column][\/vc_row]<\/p>\n<\/div>","protected":false},"excerpt":{"rendered":"<table>\n<tbody>\n<tr style=\"height:57px;\">\n<td><span style=\"color: #007bc4;\"><strong>Model<\/strong><\/span><\/td>\n<td><span style=\"color: #007bc4;\"><strong>A<\/strong><\/span><\/td>\n<td><span style=\"color: #007bc4;\"><strong>B<\/strong><\/span><\/td>\n<td><span style=\"color: #007bc4;\"><strong>C<\/strong><\/span><\/td>\n<td><span style=\"color: #007bc4;\"><strong>D<\/strong><\/span><\/td>\n<td><span style=\"color: #007bc4;\"><strong>d<\/strong><\/span><\/td>\n<td><span style=\"color: #007bc4;\"><strong>E<\/strong><\/span><\/td>\n<td><span style=\"color: #007bc4;\"><strong>F<\/strong><\/span><\/td>\n<td><span style=\"color: #007bc4;\"><strong>G<\/strong><\/span><\/td>\n<td><span style=\"color: #007bc4;\"><strong>H<\/strong><\/span><\/td>\n<td><span style=\"color: #007bc4;\"><strong>h<\/strong><\/span><\/td>\n<td><span style=\"color: #007bc4;\"><strong>I<\/strong><\/span><\/td>\n<td><span style=\"color: #007bc4;\"><strong>L<\/strong><\/span><\/td>\n<td><span style=\"color: #007bc4;\"><strong>M<\/strong><\/span><\/td>\n<td><span style=\"color: #007bc4;\"><strong>N<\/strong><\/span><\/td>\n<\/tr>\n<tr style=\"background-color: #dfdfdf;\">\n<td><span style=\"color: #007bc4;\"><strong>PBF 65-65<\/strong><\/span><\/td>\n<td>65<\/td>\n<td>65<\/td>\n<td>25<\/td>\n<td>13.8<\/td>\n<td>6.7<\/td>\n<td>25<\/td>\n<td>11<\/td>\n<td>13.8<\/td>\n<td>32<\/td>\n<td>16<\/td>\n<td>10.5<\/td>\n<td>35<\/td>\n<td>M 6<\/td>\n<td>10.3<\/td>\n<\/tr>\n<\/tbody>\n<\/table>\n","protected":false},"featured_media":14138,"template":"","meta":[],"product_cat":[106],"product_tag":[],"class_list":["post-14147","product","type-product","status-publish","has-post-thumbnail","hentry","product_cat-terminal-board"],"acf":[],"yoast_head":"<!-- This site is optimized with the Yoast SEO plugin v23.3 - https:\/\/yoast.com\/wordpress\/plugins\/seo\/ -->\n<title>Terminal boards PBF 9 boards Sp | SEEER<\/title>\n<meta name=\"description\" content=\"Model A B C D d E F G H h I L M N   PBF 65-65 65 65 25 13.8 6.7 25 11 13.8 32 16 10.5 35 M 6 10.3\" \/>\n<meta name=\"robots\" content=\"index, follow, max-snippet:-1, max-image-preview:large, max-video-preview:-1\" \/>\n<link rel=\"canonical\" href=\"https:\/\/www.seeer-tn.com\/en\/produit\/terminal-boards-pbf-9-boards-sp\/\" \/>\n<meta property=\"og:locale\" content=\"en_US\" \/>\n<meta property=\"og:type\" content=\"article\" \/>\n<meta property=\"og:title\" content=\"Terminal boards PBF 9 boards Sp | SEEER\" \/>\n<meta property=\"og:description\" content=\"Model A B C D d E F G H h I L M N   PBF 65-65 65 65 25 13.8 6.7 25 11 13.8 32 16 10.5 35 M 6 10.3\" \/>\n<meta property=\"og:url\" content=\"https:\/\/www.seeer-tn.com\/en\/produit\/terminal-boards-pbf-9-boards-sp\/\" \/>\n<meta property=\"og:site_name\" content=\"SEEER\" \/>\n<meta property=\"article:modified_time\" content=\"2024-09-20T21:19:04+00:00\" \/>\n<meta property=\"og:image\" content=\"https:\/\/www.seeer-tn.com\/wp-content\/uploads\/2024\/01\/PBF-9-bornes-Sp.jpg\" \/>\n\t<meta property=\"og:image:width\" content=\"1000\" \/>\n\t<meta property=\"og:image:height\" content=\"1000\" \/>\n\t<meta property=\"og:image:type\" content=\"image\/jpeg\" \/>\n<meta name=\"twitter:card\" content=\"summary_large_image\" \/>\n<meta name=\"twitter:label1\" content=\"Est. reading time\" \/>\n\t<meta name=\"twitter:data1\" content=\"1 minute\" \/>\n<script type=\"application\/ld+json\" class=\"yoast-schema-graph\">{\"@context\":\"https:\/\/schema.org\",\"@graph\":[{\"@type\":\"WebPage\",\"@id\":\"https:\/\/www.seeer-tn.com\/en\/produit\/terminal-boards-pbf-9-boards-sp\/\",\"url\":\"https:\/\/www.seeer-tn.com\/en\/produit\/terminal-boards-pbf-9-boards-sp\/\",\"name\":\"Terminal boards PBF 9 boards Sp | SEEER\",\"isPartOf\":{\"@id\":\"https:\/\/www.seeer-tn.com\/#website\"},\"primaryImageOfPage\":{\"@id\":\"https:\/\/www.seeer-tn.com\/en\/produit\/terminal-boards-pbf-9-boards-sp\/#primaryimage\"},\"image\":{\"@id\":\"https:\/\/www.seeer-tn.com\/en\/produit\/terminal-boards-pbf-9-boards-sp\/#primaryimage\"},\"thumbnailUrl\":\"https:\/\/www.seeer-tn.com\/wp-content\/uploads\/2024\/01\/PBF-9-bornes-Sp.jpg\",\"datePublished\":\"2024-01-08T11:51:56+00:00\",\"dateModified\":\"2024-09-20T21:19:04+00:00\",\"description\":\"Model A B C D d E F G H h I L M N PBF 65-65 65 65 25 13.8 6.7 25 11 13.8 32 16 10.5 35 M 6 10.3\",\"breadcrumb\":{\"@id\":\"https:\/\/www.seeer-tn.com\/en\/produit\/terminal-boards-pbf-9-boards-sp\/#breadcrumb\"},\"inLanguage\":\"en-US\",\"potentialAction\":[{\"@type\":\"ReadAction\",\"target\":[\"https:\/\/www.seeer-tn.com\/en\/produit\/terminal-boards-pbf-9-boards-sp\/\"]}]},{\"@type\":\"ImageObject\",\"inLanguage\":\"en-US\",\"@id\":\"https:\/\/www.seeer-tn.com\/en\/produit\/terminal-boards-pbf-9-boards-sp\/#primaryimage\",\"url\":\"https:\/\/www.seeer-tn.com\/wp-content\/uploads\/2024\/01\/PBF-9-bornes-Sp.jpg\",\"contentUrl\":\"https:\/\/www.seeer-tn.com\/wp-content\/uploads\/2024\/01\/PBF-9-bornes-Sp.jpg\",\"width\":1000,\"height\":1000},{\"@type\":\"BreadcrumbList\",\"@id\":\"https:\/\/www.seeer-tn.com\/en\/produit\/terminal-boards-pbf-9-boards-sp\/#breadcrumb\",\"itemListElement\":[{\"@type\":\"ListItem\",\"position\":1,\"name\":\"Accueil\",\"item\":\"https:\/\/www.seeer-tn.com\/en\/\"},{\"@type\":\"ListItem\",\"position\":2,\"name\":\"Boutique\",\"item\":\"https:\/\/www.seeer-tn.com\/boutique\/\"},{\"@type\":\"ListItem\",\"position\":3,\"name\":\"Terminal boards PBF 9 boards Sp\"}]},{\"@type\":\"WebSite\",\"@id\":\"https:\/\/www.seeer-tn.com\/#website\",\"url\":\"https:\/\/www.seeer-tn.com\/\",\"name\":\"SEEER\",\"description\":\"Soci\u00e9t\u00e9 d\u2019\u00e9quipement \u00e9lectrique \u00e9lectronique &amp; de Rebobinage\",\"potentialAction\":[{\"@type\":\"SearchAction\",\"target\":{\"@type\":\"EntryPoint\",\"urlTemplate\":\"https:\/\/www.seeer-tn.com\/?s={search_term_string}\"},\"query-input\":\"required name=search_term_string\"}],\"inLanguage\":\"en-US\"}]}<\/script>\n<!-- \/ Yoast SEO plugin. -->","yoast_head_json":{"title":"Terminal boards PBF 9 boards Sp | SEEER","description":"Model A B C D d E F G H h I L M N   PBF 65-65 65 65 25 13.8 6.7 25 11 13.8 32 16 10.5 35 M 6 10.3","robots":{"index":"index","follow":"follow","max-snippet":"max-snippet:-1","max-image-preview":"max-image-preview:large","max-video-preview":"max-video-preview:-1"},"canonical":"https:\/\/www.seeer-tn.com\/en\/produit\/terminal-boards-pbf-9-boards-sp\/","og_locale":"en_US","og_type":"article","og_title":"Terminal boards PBF 9 boards Sp | SEEER","og_description":"Model A B C D d E F G H h I L M N   PBF 65-65 65 65 25 13.8 6.7 25 11 13.8 32 16 10.5 35 M 6 10.3","og_url":"https:\/\/www.seeer-tn.com\/en\/produit\/terminal-boards-pbf-9-boards-sp\/","og_site_name":"SEEER","article_modified_time":"2024-09-20T21:19:04+00:00","og_image":[{"width":1000,"height":1000,"url":"https:\/\/www.seeer-tn.com\/wp-content\/uploads\/2024\/01\/PBF-9-bornes-Sp.jpg","type":"image\/jpeg"}],"twitter_card":"summary_large_image","twitter_misc":{"Est. reading time":"1 minute"},"schema":{"@context":"https:\/\/schema.org","@graph":[{"@type":"WebPage","@id":"https:\/\/www.seeer-tn.com\/en\/produit\/terminal-boards-pbf-9-boards-sp\/","url":"https:\/\/www.seeer-tn.com\/en\/produit\/terminal-boards-pbf-9-boards-sp\/","name":"Terminal boards PBF 9 boards Sp | SEEER","isPartOf":{"@id":"https:\/\/www.seeer-tn.com\/#website"},"primaryImageOfPage":{"@id":"https:\/\/www.seeer-tn.com\/en\/produit\/terminal-boards-pbf-9-boards-sp\/#primaryimage"},"image":{"@id":"https:\/\/www.seeer-tn.com\/en\/produit\/terminal-boards-pbf-9-boards-sp\/#primaryimage"},"thumbnailUrl":"https:\/\/www.seeer-tn.com\/wp-content\/uploads\/2024\/01\/PBF-9-bornes-Sp.jpg","datePublished":"2024-01-08T11:51:56+00:00","dateModified":"2024-09-20T21:19:04+00:00","description":"Model A B C D d E F G H h I L M N PBF 65-65 65 65 25 13.8 6.7 25 11 13.8 32 16 10.5 35 M 6 10.3","breadcrumb":{"@id":"https:\/\/www.seeer-tn.com\/en\/produit\/terminal-boards-pbf-9-boards-sp\/#breadcrumb"},"inLanguage":"en-US","potentialAction":[{"@type":"ReadAction","target":["https:\/\/www.seeer-tn.com\/en\/produit\/terminal-boards-pbf-9-boards-sp\/"]}]},{"@type":"ImageObject","inLanguage":"en-US","@id":"https:\/\/www.seeer-tn.com\/en\/produit\/terminal-boards-pbf-9-boards-sp\/#primaryimage","url":"https:\/\/www.seeer-tn.com\/wp-content\/uploads\/2024\/01\/PBF-9-bornes-Sp.jpg","contentUrl":"https:\/\/www.seeer-tn.com\/wp-content\/uploads\/2024\/01\/PBF-9-bornes-Sp.jpg","width":1000,"height":1000},{"@type":"BreadcrumbList","@id":"https:\/\/www.seeer-tn.com\/en\/produit\/terminal-boards-pbf-9-boards-sp\/#breadcrumb","itemListElement":[{"@type":"ListItem","position":1,"name":"Accueil","item":"https:\/\/www.seeer-tn.com\/en\/"},{"@type":"ListItem","position":2,"name":"Boutique","item":"https:\/\/www.seeer-tn.com\/boutique\/"},{"@type":"ListItem","position":3,"name":"Terminal boards PBF 9 boards Sp"}]},{"@type":"WebSite","@id":"https:\/\/www.seeer-tn.com\/#website","url":"https:\/\/www.seeer-tn.com\/","name":"SEEER","description":"Soci\u00e9t\u00e9 d\u2019\u00e9quipement \u00e9lectrique \u00e9lectronique &amp; de Rebobinage","potentialAction":[{"@type":"SearchAction","target":{"@type":"EntryPoint","urlTemplate":"https:\/\/www.seeer-tn.com\/?s={search_term_string}"},"query-input":"required name=search_term_string"}],"inLanguage":"en-US"}]}},"_links":{"self":[{"href":"https:\/\/www.seeer-tn.com\/en\/wp-json\/wp\/v2\/product\/14147","targetHints":{"allow":["GET"]}}],"collection":[{"href":"https:\/\/www.seeer-tn.com\/en\/wp-json\/wp\/v2\/product"}],"about":[{"href":"https:\/\/www.seeer-tn.com\/en\/wp-json\/wp\/v2\/types\/product"}],"wp:featuredmedia":[{"embeddable":true,"href":"https:\/\/www.seeer-tn.com\/en\/wp-json\/wp\/v2\/media\/14138"}],"wp:attachment":[{"href":"https:\/\/www.seeer-tn.com\/en\/wp-json\/wp\/v2\/media?parent=14147"}],"wp:term":[{"taxonomy":"product_cat","embeddable":true,"href":"https:\/\/www.seeer-tn.com\/en\/wp-json\/wp\/v2\/product_cat?post=14147"},{"taxonomy":"product_tag","embeddable":true,"href":"https:\/\/www.seeer-tn.com\/en\/wp-json\/wp\/v2\/product_tag?post=14147"}],"curies":[{"name":"wp","href":"https:\/\/api.w.org\/{rel}","templated":true}]}}