{"id":14322,"date":"2024-01-18T14:52:36","date_gmt":"2024-01-18T13:52:36","guid":{"rendered":"https:\/\/www.seeer-tn.com\/?post_type=product&#038;p=14322"},"modified":"2024-09-20T17:10:47","modified_gmt":"2024-09-20T15:10:47","slug":"resins-dolphs","status":"publish","type":"product","link":"https:\/\/www.seeer-tn.com\/en\/produit\/resins-dolphs\/","title":{"rendered":"RESINS DOLPH\u2019S"},"content":{"rendered":"<div class=\"wpb-content-wrapper\"><p>[vc_row][vc_column][vc_column_text woodmart_inline=&#8221;no&#8221; text_larger=&#8221;no&#8221;]<\/p>\n<table style=\"height: 69px;\" width=\"368\">\n<tbody>\n<tr>\n<td>\n<div class=\"sous-titre-prod\" style=\"font-size: 12px;\">Application and description:<\/div>\n<p>Consult the technical data sheet<\/td>\n<\/tr>\n<\/tbody>\n<\/table>\n<p><a href=\"https:\/\/www.seeer-tn.com\/wp-content\/uploads\/2024\/03\/ReSINES-DOLPHS1.pdf\" target=\"_blank\" rel=\"noopener\"><img loading=\"lazy\" decoding=\"async\" class=\"alignnone wp-image-7324\" src=\"https:\/\/www.seeer-tn.com\/wp-content\/uploads\/2022\/10\/PDF_file_icon.jpg\" alt=\"\" width=\"46\" height=\"57\" \/> Download the PDF <\/a>[\/vc_column_text][\/vc_column][\/vc_row]<\/p>\n<\/div>","protected":false},"excerpt":{"rendered":"<table width=\"717\">\n<tbody>\n<tr style=\"height: 57px;\">\n<td><strong><span style=\"color: #007bc4;\">Reference<\/span><\/strong><\/td>\n<td><strong><span style=\"color: #007bc4;\">Designation<\/span><\/strong><\/td>\n<td><strong><span style=\"color: #007bc4;\">Product data sheet<\/span><\/strong><\/td>\n<\/tr>\n<tr style=\"background-color: #dfdfdf;\">\n<td><strong><span style=\"color: #007bc4;\">CB1114A\/25<\/span><\/strong><\/td>\n<td>Resin Dolphon CB 1114 base A -25 kg<\/td>\n<td><a href=\"https:\/\/www.seeer-tn.com\/wp-content\/uploads\/2024\/03\/Fiche-technique-deDOLPHON-Ca-1114-AB_EN_TRO.pdf\" target=\"_blank\" rel=\"noopener\"><img loading=\"lazy\" decoding=\"async\" class=\"wp-image-15010\" src=\"https:\/\/www.seeer-tn.com\/wp-content\/uploads\/2024\/01\/file-300x300.png\" alt=\"\" width=\"25\" height=\"25\" srcset=\"https:\/\/www.seeer-tn.com\/wp-content\/uploads\/2024\/01\/file-300x300.png 300w, https:\/\/www.seeer-tn.com\/wp-content\/uploads\/2024\/01\/file-150x150.png 150w, https:\/\/www.seeer-tn.com\/wp-content\/uploads\/2024\/01\/file-430x430.png 430w, https:\/\/www.seeer-tn.com\/wp-content\/uploads\/2024\/01\/file.png 512w\" sizes=\"auto, (max-width: 25px) 100vw, 25px\" \/> DOLPHON C(a) 1114 A&amp;B_EN_TRO<\/a><\/td>\n<\/tr>\n<tr style=\"background-color: #fefefe;\">\n<td><strong><span style=\"color: #007bc4;\">CC1105 25t<\/span><\/strong><\/td>\n<td>Resin Dolphon Polyester CC-1105\u00a0-25 kg<\/td>\n<td><a href=\"https:\/\/www.seeer-tn.com\/wp-content\/uploads\/2024\/03\/Fiche-technique-de1402-Dolphon-CC-1105-HTC.pdf\" target=\"_blank\" rel=\"noopener\"><img loading=\"lazy\" decoding=\"async\" class=\"wp-image-15010\" src=\"https:\/\/www.seeer-tn.com\/wp-content\/uploads\/2024\/01\/file-300x300.png\" alt=\"\" width=\"25\" height=\"25\" srcset=\"https:\/\/www.seeer-tn.com\/wp-content\/uploads\/2024\/01\/file-300x300.png 300w, https:\/\/www.seeer-tn.com\/wp-content\/uploads\/2024\/01\/file-150x150.png 150w, https:\/\/www.seeer-tn.com\/wp-content\/uploads\/2024\/01\/file-430x430.png 430w, https:\/\/www.seeer-tn.com\/wp-content\/uploads\/2024\/01\/file.png 512w\" sizes=\"auto, (max-width: 25px) 100vw, 25px\" \/> 1402 Dolphon CC-1105-HTC<\/a><\/td>\n<\/tr>\n<tr style=\"background-color: #dfdfdf;\">\n<td><strong><span style=\"color: #007bc4;\">CC1114B<\/span><\/strong><\/td>\n<td>Resin Dolphon CC1114 base B-25 kg<\/td>\n<td><a href=\"https:\/\/www.seeer-tn.com\/wp-content\/uploads\/2024\/03\/Fiche-technique-deDOLPHON-Ca-1114-AB_EN_TRO.pdf\" target=\"_blank\" rel=\"noopener\"><img loading=\"lazy\" decoding=\"async\" class=\"wp-image-15010\" src=\"https:\/\/www.seeer-tn.com\/wp-content\/uploads\/2024\/01\/file-300x300.png\" alt=\"\" width=\"25\" height=\"25\" srcset=\"https:\/\/www.seeer-tn.com\/wp-content\/uploads\/2024\/01\/file-300x300.png 300w, https:\/\/www.seeer-tn.com\/wp-content\/uploads\/2024\/01\/file-150x150.png 150w, https:\/\/www.seeer-tn.com\/wp-content\/uploads\/2024\/01\/file-430x430.png 430w, https:\/\/www.seeer-tn.com\/wp-content\/uploads\/2024\/01\/file.png 512w\" sizes=\"auto, (max-width: 25px) 100vw, 25px\" \/> DOLPHON C(a) 1114 A&amp;B_EN_TRO<\/a><\/td>\n<\/tr>\n<tr style=\"background-color: #fefefe;\">\n<td><strong><span style=\"color: #007bc4;\">CC1305\/503<\/span><\/strong><\/td>\n<td>Resin Dolph&#8217;s CC-1305\/503-D-25 kg<\/td>\n<td><a href=\"https:\/\/www.seeer-tn.com\/wp-content\/uploads\/2024\/08\/Data-sheet-CC-1305-503-D.pdf\" target=\"_blank\" rel=\"noopener\"><img loading=\"lazy\" decoding=\"async\" class=\"wp-image-15010\" src=\"https:\/\/www.seeer-tn.com\/wp-content\/uploads\/2024\/01\/file-300x300.png\" alt=\"\" width=\"25\" height=\"25\" srcset=\"https:\/\/www.seeer-tn.com\/wp-content\/uploads\/2024\/01\/file-300x300.png 300w, https:\/\/www.seeer-tn.com\/wp-content\/uploads\/2024\/01\/file-150x150.png 150w, https:\/\/www.seeer-tn.com\/wp-content\/uploads\/2024\/01\/file-430x430.png 430w, https:\/\/www.seeer-tn.com\/wp-content\/uploads\/2024\/01\/file.png 512w\" sizes=\"auto, (max-width: 25px) 100vw, 25px\" \/> CC-1305-503-D fra 20150701<\/a><\/td>\n<\/tr>\n<tr style=\"background-color: #dfdfdf;\">\n<td><strong><span style=\"color: #007bc4;\">CC1105 230<\/span><\/strong><\/td>\n<td>Resins Dolphon polyester CC-1105-f\u00fbt de 230 kg<\/td>\n<td><a href=\"https:\/\/www.seeer-tn.com\/wp-content\/uploads\/2024\/03\/Fiche-technique-de1402-Dolphon-CC-1105-HTC.pdf\" target=\"_blank\" rel=\"noopener\"><img loading=\"lazy\" decoding=\"async\" class=\"wp-image-15010\" src=\"https:\/\/www.seeer-tn.com\/wp-content\/uploads\/2024\/01\/file-300x300.png\" alt=\"\" width=\"25\" height=\"25\" srcset=\"https:\/\/www.seeer-tn.com\/wp-content\/uploads\/2024\/01\/file-300x300.png 300w, https:\/\/www.seeer-tn.com\/wp-content\/uploads\/2024\/01\/file-150x150.png 150w, https:\/\/www.seeer-tn.com\/wp-content\/uploads\/2024\/01\/file-430x430.png 430w, https:\/\/www.seeer-tn.com\/wp-content\/uploads\/2024\/01\/file.png 512w\" sizes=\"auto, (max-width: 25px) 100vw, 25px\" \/> 1402 Dolphon CC-1105-HTC<\/a><\/td>\n<\/tr>\n<\/tbody>\n<\/table>\n","protected":false},"featured_media":14229,"template":"","meta":[],"product_cat":[110],"product_tag":[],"class_list":["post-14322","product","type-product","status-publish","has-post-thumbnail","hentry","product_cat-insulating-varnishes","pa_brand-dolphs-en"],"acf":[],"yoast_head":"<!-- This site is optimized with the Yoast SEO plugin v23.3 - https:\/\/yoast.com\/wordpress\/plugins\/seo\/ -->\n<title>RESINS DOLPH\u2019S | SEEER<\/title>\n<meta name=\"description\" content=\"Reference Designation Product data sheet   CB1114A\/25 Resin Dolphon CB 1114 base A -25 kg  DOLPHON C(a) 1114 A&amp;B_EN_TRO   CC1105 25t Resin Dolphon Polyester CC-1105\u00a0-25 kg  1402 Dolphon CC-1105-HTC   CC1114B Resin Dolphon CC1114 base B-25 kg  DOLPHON C(a) 1114 A&amp;B_EN_TRO   CC1305\/503 Resin Dolph&#039;s CC-1305\/503-D-25 kg  CC-1305-503-D fra 20150701   CC1105 230 Resins Dolphon polyester CC-1105-f\u00fbt de 230 kg  1402 Dolphon CC-1105-HTC\" \/>\n<meta name=\"robots\" content=\"index, follow, max-snippet:-1, max-image-preview:large, max-video-preview:-1\" \/>\n<link rel=\"canonical\" href=\"https:\/\/www.seeer-tn.com\/en\/produit\/resins-dolphs\/\" \/>\n<meta property=\"og:locale\" content=\"en_US\" \/>\n<meta property=\"og:type\" content=\"article\" \/>\n<meta property=\"og:title\" content=\"RESINS DOLPH\u2019S | SEEER\" \/>\n<meta property=\"og:description\" content=\"Reference Designation Product data sheet   CB1114A\/25 Resin Dolphon CB 1114 base A -25 kg  DOLPHON C(a) 1114 A&amp;B_EN_TRO   CC1105 25t Resin Dolphon Polyester CC-1105\u00a0-25 kg  1402 Dolphon CC-1105-HTC   CC1114B Resin Dolphon CC1114 base B-25 kg  DOLPHON C(a) 1114 A&amp;B_EN_TRO   CC1305\/503 Resin Dolph&#039;s CC-1305\/503-D-25 kg  CC-1305-503-D fra 20150701   CC1105 230 Resins Dolphon polyester CC-1105-f\u00fbt de 230 kg  1402 Dolphon CC-1105-HTC\" \/>\n<meta property=\"og:url\" content=\"https:\/\/www.seeer-tn.com\/en\/produit\/resins-dolphs\/\" \/>\n<meta property=\"og:site_name\" content=\"SEEER\" \/>\n<meta property=\"article:modified_time\" content=\"2024-09-20T15:10:47+00:00\" \/>\n<meta property=\"og:image\" content=\"https:\/\/www.seeer-tn.com\/wp-content\/uploads\/2024\/01\/venis.jpg\" \/>\n\t<meta property=\"og:image:width\" content=\"1000\" \/>\n\t<meta property=\"og:image:height\" content=\"1000\" \/>\n\t<meta property=\"og:image:type\" content=\"image\/jpeg\" \/>\n<meta name=\"twitter:card\" content=\"summary_large_image\" \/>\n<meta name=\"twitter:label1\" content=\"Est. reading time\" \/>\n\t<meta name=\"twitter:data1\" content=\"1 minute\" \/>\n<script type=\"application\/ld+json\" class=\"yoast-schema-graph\">{\"@context\":\"https:\/\/schema.org\",\"@graph\":[{\"@type\":\"WebPage\",\"@id\":\"https:\/\/www.seeer-tn.com\/en\/produit\/resins-dolphs\/\",\"url\":\"https:\/\/www.seeer-tn.com\/en\/produit\/resins-dolphs\/\",\"name\":\"RESINS DOLPH\u2019S | SEEER\",\"isPartOf\":{\"@id\":\"https:\/\/www.seeer-tn.com\/#website\"},\"primaryImageOfPage\":{\"@id\":\"https:\/\/www.seeer-tn.com\/en\/produit\/resins-dolphs\/#primaryimage\"},\"image\":{\"@id\":\"https:\/\/www.seeer-tn.com\/en\/produit\/resins-dolphs\/#primaryimage\"},\"thumbnailUrl\":\"https:\/\/www.seeer-tn.com\/wp-content\/uploads\/2024\/01\/venis.jpg\",\"datePublished\":\"2024-01-18T13:52:36+00:00\",\"dateModified\":\"2024-09-20T15:10:47+00:00\",\"description\":\"Reference Designation Product data sheet CB1114A\/25 Resin Dolphon CB 1114 base A -25 kg DOLPHON C(a) 1114 A&amp;B_EN_TRO CC1105 25t Resin Dolphon Polyester CC-1105\u00a0-25 kg 1402 Dolphon CC-1105-HTC CC1114B Resin Dolphon CC1114 base B-25 kg DOLPHON C(a) 1114 A&amp;B_EN_TRO CC1305\/503 Resin Dolph's CC-1305\/503-D-25 kg CC-1305-503-D fra 20150701 CC1105 230 Resins Dolphon polyester CC-1105-f\u00fbt de 230 kg 1402 Dolphon CC-1105-HTC\",\"breadcrumb\":{\"@id\":\"https:\/\/www.seeer-tn.com\/en\/produit\/resins-dolphs\/#breadcrumb\"},\"inLanguage\":\"en-US\",\"potentialAction\":[{\"@type\":\"ReadAction\",\"target\":[\"https:\/\/www.seeer-tn.com\/en\/produit\/resins-dolphs\/\"]}]},{\"@type\":\"ImageObject\",\"inLanguage\":\"en-US\",\"@id\":\"https:\/\/www.seeer-tn.com\/en\/produit\/resins-dolphs\/#primaryimage\",\"url\":\"https:\/\/www.seeer-tn.com\/wp-content\/uploads\/2024\/01\/venis.jpg\",\"contentUrl\":\"https:\/\/www.seeer-tn.com\/wp-content\/uploads\/2024\/01\/venis.jpg\",\"width\":1000,\"height\":1000},{\"@type\":\"BreadcrumbList\",\"@id\":\"https:\/\/www.seeer-tn.com\/en\/produit\/resins-dolphs\/#breadcrumb\",\"itemListElement\":[{\"@type\":\"ListItem\",\"position\":1,\"name\":\"Accueil\",\"item\":\"https:\/\/www.seeer-tn.com\/en\/\"},{\"@type\":\"ListItem\",\"position\":2,\"name\":\"Boutique\",\"item\":\"https:\/\/www.seeer-tn.com\/boutique\/\"},{\"@type\":\"ListItem\",\"position\":3,\"name\":\"RESINS DOLPH\u2019S\"}]},{\"@type\":\"WebSite\",\"@id\":\"https:\/\/www.seeer-tn.com\/#website\",\"url\":\"https:\/\/www.seeer-tn.com\/\",\"name\":\"SEEER\",\"description\":\"Soci\u00e9t\u00e9 d\u2019\u00e9quipement \u00e9lectrique \u00e9lectronique &amp; de Rebobinage\",\"potentialAction\":[{\"@type\":\"SearchAction\",\"target\":{\"@type\":\"EntryPoint\",\"urlTemplate\":\"https:\/\/www.seeer-tn.com\/?s={search_term_string}\"},\"query-input\":\"required name=search_term_string\"}],\"inLanguage\":\"en-US\"}]}<\/script>\n<!-- \/ Yoast SEO plugin. -->","yoast_head_json":{"title":"RESINS DOLPH\u2019S | SEEER","description":"Reference Designation Product data sheet   CB1114A\/25 Resin Dolphon CB 1114 base A -25 kg  DOLPHON C(a) 1114 A&amp;B_EN_TRO   CC1105 25t Resin Dolphon Polyester CC-1105\u00a0-25 kg  1402 Dolphon CC-1105-HTC   CC1114B Resin Dolphon CC1114 base B-25 kg  DOLPHON C(a) 1114 A&amp;B_EN_TRO   CC1305\/503 Resin Dolph's CC-1305\/503-D-25 kg  CC-1305-503-D fra 20150701   CC1105 230 Resins Dolphon polyester CC-1105-f\u00fbt de 230 kg  1402 Dolphon CC-1105-HTC","robots":{"index":"index","follow":"follow","max-snippet":"max-snippet:-1","max-image-preview":"max-image-preview:large","max-video-preview":"max-video-preview:-1"},"canonical":"https:\/\/www.seeer-tn.com\/en\/produit\/resins-dolphs\/","og_locale":"en_US","og_type":"article","og_title":"RESINS DOLPH\u2019S | SEEER","og_description":"Reference Designation Product data sheet   CB1114A\/25 Resin Dolphon CB 1114 base A -25 kg  DOLPHON C(a) 1114 A&amp;B_EN_TRO   CC1105 25t Resin Dolphon Polyester CC-1105\u00a0-25 kg  1402 Dolphon CC-1105-HTC   CC1114B Resin Dolphon CC1114 base B-25 kg  DOLPHON C(a) 1114 A&amp;B_EN_TRO   CC1305\/503 Resin Dolph's CC-1305\/503-D-25 kg  CC-1305-503-D fra 20150701   CC1105 230 Resins Dolphon polyester CC-1105-f\u00fbt de 230 kg  1402 Dolphon CC-1105-HTC","og_url":"https:\/\/www.seeer-tn.com\/en\/produit\/resins-dolphs\/","og_site_name":"SEEER","article_modified_time":"2024-09-20T15:10:47+00:00","og_image":[{"width":1000,"height":1000,"url":"https:\/\/www.seeer-tn.com\/wp-content\/uploads\/2024\/01\/venis.jpg","type":"image\/jpeg"}],"twitter_card":"summary_large_image","twitter_misc":{"Est. reading time":"1 minute"},"schema":{"@context":"https:\/\/schema.org","@graph":[{"@type":"WebPage","@id":"https:\/\/www.seeer-tn.com\/en\/produit\/resins-dolphs\/","url":"https:\/\/www.seeer-tn.com\/en\/produit\/resins-dolphs\/","name":"RESINS DOLPH\u2019S | SEEER","isPartOf":{"@id":"https:\/\/www.seeer-tn.com\/#website"},"primaryImageOfPage":{"@id":"https:\/\/www.seeer-tn.com\/en\/produit\/resins-dolphs\/#primaryimage"},"image":{"@id":"https:\/\/www.seeer-tn.com\/en\/produit\/resins-dolphs\/#primaryimage"},"thumbnailUrl":"https:\/\/www.seeer-tn.com\/wp-content\/uploads\/2024\/01\/venis.jpg","datePublished":"2024-01-18T13:52:36+00:00","dateModified":"2024-09-20T15:10:47+00:00","description":"Reference Designation Product data sheet CB1114A\/25 Resin Dolphon CB 1114 base A -25 kg DOLPHON C(a) 1114 A&amp;B_EN_TRO CC1105 25t Resin Dolphon Polyester CC-1105\u00a0-25 kg 1402 Dolphon CC-1105-HTC CC1114B Resin Dolphon CC1114 base B-25 kg DOLPHON C(a) 1114 A&amp;B_EN_TRO CC1305\/503 Resin Dolph's CC-1305\/503-D-25 kg CC-1305-503-D fra 20150701 CC1105 230 Resins Dolphon polyester CC-1105-f\u00fbt de 230 kg 1402 Dolphon CC-1105-HTC","breadcrumb":{"@id":"https:\/\/www.seeer-tn.com\/en\/produit\/resins-dolphs\/#breadcrumb"},"inLanguage":"en-US","potentialAction":[{"@type":"ReadAction","target":["https:\/\/www.seeer-tn.com\/en\/produit\/resins-dolphs\/"]}]},{"@type":"ImageObject","inLanguage":"en-US","@id":"https:\/\/www.seeer-tn.com\/en\/produit\/resins-dolphs\/#primaryimage","url":"https:\/\/www.seeer-tn.com\/wp-content\/uploads\/2024\/01\/venis.jpg","contentUrl":"https:\/\/www.seeer-tn.com\/wp-content\/uploads\/2024\/01\/venis.jpg","width":1000,"height":1000},{"@type":"BreadcrumbList","@id":"https:\/\/www.seeer-tn.com\/en\/produit\/resins-dolphs\/#breadcrumb","itemListElement":[{"@type":"ListItem","position":1,"name":"Accueil","item":"https:\/\/www.seeer-tn.com\/en\/"},{"@type":"ListItem","position":2,"name":"Boutique","item":"https:\/\/www.seeer-tn.com\/boutique\/"},{"@type":"ListItem","position":3,"name":"RESINS DOLPH\u2019S"}]},{"@type":"WebSite","@id":"https:\/\/www.seeer-tn.com\/#website","url":"https:\/\/www.seeer-tn.com\/","name":"SEEER","description":"Soci\u00e9t\u00e9 d\u2019\u00e9quipement \u00e9lectrique \u00e9lectronique &amp; de Rebobinage","potentialAction":[{"@type":"SearchAction","target":{"@type":"EntryPoint","urlTemplate":"https:\/\/www.seeer-tn.com\/?s={search_term_string}"},"query-input":"required name=search_term_string"}],"inLanguage":"en-US"}]}},"_links":{"self":[{"href":"https:\/\/www.seeer-tn.com\/en\/wp-json\/wp\/v2\/product\/14322","targetHints":{"allow":["GET"]}}],"collection":[{"href":"https:\/\/www.seeer-tn.com\/en\/wp-json\/wp\/v2\/product"}],"about":[{"href":"https:\/\/www.seeer-tn.com\/en\/wp-json\/wp\/v2\/types\/product"}],"wp:featuredmedia":[{"embeddable":true,"href":"https:\/\/www.seeer-tn.com\/en\/wp-json\/wp\/v2\/media\/14229"}],"wp:attachment":[{"href":"https:\/\/www.seeer-tn.com\/en\/wp-json\/wp\/v2\/media?parent=14322"}],"wp:term":[{"taxonomy":"product_cat","embeddable":true,"href":"https:\/\/www.seeer-tn.com\/en\/wp-json\/wp\/v2\/product_cat?post=14322"},{"taxonomy":"product_tag","embeddable":true,"href":"https:\/\/www.seeer-tn.com\/en\/wp-json\/wp\/v2\/product_tag?post=14322"}],"curies":[{"name":"wp","href":"https:\/\/api.w.org\/{rel}","templated":true}]}}