{"id":14515,"date":"2024-02-14T09:27:35","date_gmt":"2024-02-14T08:27:35","guid":{"rendered":"https:\/\/www.seeer-tn.com\/?post_type=product&#038;p=14515"},"modified":"2024-09-20T12:50:28","modified_gmt":"2024-09-20T10:50:28","slug":"capacitor-cases-fmag-cc80-112","status":"publish","type":"product","link":"https:\/\/www.seeer-tn.com\/en\/produit\/capacitor-cases-fmag-cc80-112\/","title":{"rendered":"Capacitor cases FMAG CC80-112"},"content":{"rendered":"<div class=\"wpb-content-wrapper\"><p>[vc_row][vc_column][vc_column_text woodmart_inline=&#8221;no&#8221; text_larger=&#8221;no&#8221;]<a href=\"https:\/\/www.seeer-tn.com\/wp-content\/uploads\/2024\/02\/Capacitor-cases-FMAG-CC80-112_compressed.pdf\" target=\"_blank\" rel=\"noopener\"><img loading=\"lazy\" decoding=\"async\" class=\"alignnone wp-image-7324\" src=\"https:\/\/www.seeer-tn.com\/wp-content\/uploads\/2022\/10\/PDF_file_icon.jpg\" alt=\"\" width=\"46\" height=\"57\" \/>Download PDF file <\/a>[\/vc_column_text][\/vc_column][\/vc_row]<\/p>\n<\/div>","protected":false},"excerpt":{"rendered":"<table width=\"701\">\n<tbody>\n<tr style=\"height:57px;\">\n<td><strong style=\"color: #007bc4;\">Model<\/strong><\/td>\n<td><strong style=\"color: #007bc4;\">A<\/strong><\/td>\n<td><strong style=\"color: #007bc4;\">B<\/strong><\/td>\n<td><strong style=\"color: #007bc4;\">C<\/strong><\/td>\n<td><strong style=\"color: #007bc4;\">D<\/strong><\/td>\n<td><strong style=\"color: #007bc4;\">E<\/strong><\/td>\n<td><strong style=\"color: #007bc4;\">F<\/strong><\/td>\n<td><strong style=\"color: #007bc4;\">G<\/strong><\/td>\n<td><strong style=\"color: #007bc4;\">H<\/strong><\/td>\n<td><strong style=\"color: #007bc4;\">L<\/strong><\/td>\n<td><strong style=\"color: #007bc4;\">M<\/strong><\/td>\n<td><strong style=\"color: #007bc4;\">N<\/strong><\/td>\n<td><strong style=\"color: #007bc4;\"> cable tie <\/strong><\/td>\n<\/tr>\n<tr style=\"background-color: #dfdfdf;\">\n<td><strong style=\"color: #007bc4;\">CC80-112<\/strong><\/td>\n<td>85<\/td>\n<td>85<\/td>\n<td>70-73<\/td>\n<td>70-73<\/td>\n<td>62<\/td>\n<td>32<\/td>\n<td>54<\/td>\n<td>45<\/td>\n<td>120<\/td>\n<td>141<\/td>\n<td>110<\/td>\n<td>PG16<\/td>\n<\/tr>\n<\/tbody>\n<\/table>\n","protected":false},"featured_media":14484,"template":"","meta":[],"product_cat":[107],"product_tag":[],"class_list":["post-14515","product","type-product","status-publish","has-post-thumbnail","hentry","product_cat-capacitor-cases"],"acf":[],"yoast_head":"<!-- This site is optimized with the Yoast SEO plugin v23.3 - https:\/\/yoast.com\/wordpress\/plugins\/seo\/ -->\n<title>Capacitor cases FMAG CC80-112 | SEEER<\/title>\n<meta name=\"description\" content=\"Model A B C D E F G H L M N  cable tie    CC80-112 85 85 70-73 70-73 62 32 54 45 120 141 110 PG16\" \/>\n<meta name=\"robots\" content=\"index, follow, max-snippet:-1, max-image-preview:large, max-video-preview:-1\" \/>\n<link rel=\"canonical\" href=\"https:\/\/www.seeer-tn.com\/en\/produit\/capacitor-cases-fmag-cc80-112\/\" \/>\n<meta property=\"og:locale\" content=\"en_US\" \/>\n<meta property=\"og:type\" content=\"article\" \/>\n<meta property=\"og:title\" content=\"Capacitor cases FMAG CC80-112 | SEEER\" \/>\n<meta property=\"og:description\" content=\"Model A B C D E F G H L M N  cable tie    CC80-112 85 85 70-73 70-73 62 32 54 45 120 141 110 PG16\" \/>\n<meta property=\"og:url\" content=\"https:\/\/www.seeer-tn.com\/en\/produit\/capacitor-cases-fmag-cc80-112\/\" \/>\n<meta property=\"og:site_name\" content=\"SEEER\" \/>\n<meta property=\"article:modified_time\" content=\"2024-09-20T10:50:28+00:00\" \/>\n<meta property=\"og:image\" content=\"https:\/\/www.seeer-tn.com\/wp-content\/uploads\/2024\/02\/3.jpg\" \/>\n\t<meta property=\"og:image:width\" content=\"1000\" \/>\n\t<meta property=\"og:image:height\" content=\"1000\" \/>\n\t<meta property=\"og:image:type\" content=\"image\/jpeg\" \/>\n<meta name=\"twitter:card\" content=\"summary_large_image\" \/>\n<meta name=\"twitter:label1\" content=\"Est. reading time\" \/>\n\t<meta name=\"twitter:data1\" content=\"1 minute\" \/>\n<script type=\"application\/ld+json\" class=\"yoast-schema-graph\">{\"@context\":\"https:\/\/schema.org\",\"@graph\":[{\"@type\":\"WebPage\",\"@id\":\"https:\/\/www.seeer-tn.com\/en\/produit\/capacitor-cases-fmag-cc80-112\/\",\"url\":\"https:\/\/www.seeer-tn.com\/en\/produit\/capacitor-cases-fmag-cc80-112\/\",\"name\":\"Capacitor cases FMAG CC80-112 | SEEER\",\"isPartOf\":{\"@id\":\"https:\/\/www.seeer-tn.com\/#website\"},\"primaryImageOfPage\":{\"@id\":\"https:\/\/www.seeer-tn.com\/en\/produit\/capacitor-cases-fmag-cc80-112\/#primaryimage\"},\"image\":{\"@id\":\"https:\/\/www.seeer-tn.com\/en\/produit\/capacitor-cases-fmag-cc80-112\/#primaryimage\"},\"thumbnailUrl\":\"https:\/\/www.seeer-tn.com\/wp-content\/uploads\/2024\/02\/3.jpg\",\"datePublished\":\"2024-02-14T08:27:35+00:00\",\"dateModified\":\"2024-09-20T10:50:28+00:00\",\"description\":\"Model A B C D E F G H L M N cable tie CC80-112 85 85 70-73 70-73 62 32 54 45 120 141 110 PG16\",\"breadcrumb\":{\"@id\":\"https:\/\/www.seeer-tn.com\/en\/produit\/capacitor-cases-fmag-cc80-112\/#breadcrumb\"},\"inLanguage\":\"en-US\",\"potentialAction\":[{\"@type\":\"ReadAction\",\"target\":[\"https:\/\/www.seeer-tn.com\/en\/produit\/capacitor-cases-fmag-cc80-112\/\"]}]},{\"@type\":\"ImageObject\",\"inLanguage\":\"en-US\",\"@id\":\"https:\/\/www.seeer-tn.com\/en\/produit\/capacitor-cases-fmag-cc80-112\/#primaryimage\",\"url\":\"https:\/\/www.seeer-tn.com\/wp-content\/uploads\/2024\/02\/3.jpg\",\"contentUrl\":\"https:\/\/www.seeer-tn.com\/wp-content\/uploads\/2024\/02\/3.jpg\",\"width\":1000,\"height\":1000},{\"@type\":\"BreadcrumbList\",\"@id\":\"https:\/\/www.seeer-tn.com\/en\/produit\/capacitor-cases-fmag-cc80-112\/#breadcrumb\",\"itemListElement\":[{\"@type\":\"ListItem\",\"position\":1,\"name\":\"Accueil\",\"item\":\"https:\/\/www.seeer-tn.com\/en\/\"},{\"@type\":\"ListItem\",\"position\":2,\"name\":\"Boutique\",\"item\":\"https:\/\/www.seeer-tn.com\/boutique\/\"},{\"@type\":\"ListItem\",\"position\":3,\"name\":\"Capacitor cases FMAG CC80-112\"}]},{\"@type\":\"WebSite\",\"@id\":\"https:\/\/www.seeer-tn.com\/#website\",\"url\":\"https:\/\/www.seeer-tn.com\/\",\"name\":\"SEEER\",\"description\":\"Soci\u00e9t\u00e9 d\u2019\u00e9quipement \u00e9lectrique \u00e9lectronique &amp; de Rebobinage\",\"potentialAction\":[{\"@type\":\"SearchAction\",\"target\":{\"@type\":\"EntryPoint\",\"urlTemplate\":\"https:\/\/www.seeer-tn.com\/?s={search_term_string}\"},\"query-input\":\"required name=search_term_string\"}],\"inLanguage\":\"en-US\"}]}<\/script>\n<!-- \/ Yoast SEO plugin. -->","yoast_head_json":{"title":"Capacitor cases FMAG CC80-112 | SEEER","description":"Model A B C D E F G H L M N  cable tie    CC80-112 85 85 70-73 70-73 62 32 54 45 120 141 110 PG16","robots":{"index":"index","follow":"follow","max-snippet":"max-snippet:-1","max-image-preview":"max-image-preview:large","max-video-preview":"max-video-preview:-1"},"canonical":"https:\/\/www.seeer-tn.com\/en\/produit\/capacitor-cases-fmag-cc80-112\/","og_locale":"en_US","og_type":"article","og_title":"Capacitor cases FMAG CC80-112 | SEEER","og_description":"Model A B C D E F G H L M N  cable tie    CC80-112 85 85 70-73 70-73 62 32 54 45 120 141 110 PG16","og_url":"https:\/\/www.seeer-tn.com\/en\/produit\/capacitor-cases-fmag-cc80-112\/","og_site_name":"SEEER","article_modified_time":"2024-09-20T10:50:28+00:00","og_image":[{"width":1000,"height":1000,"url":"https:\/\/www.seeer-tn.com\/wp-content\/uploads\/2024\/02\/3.jpg","type":"image\/jpeg"}],"twitter_card":"summary_large_image","twitter_misc":{"Est. reading time":"1 minute"},"schema":{"@context":"https:\/\/schema.org","@graph":[{"@type":"WebPage","@id":"https:\/\/www.seeer-tn.com\/en\/produit\/capacitor-cases-fmag-cc80-112\/","url":"https:\/\/www.seeer-tn.com\/en\/produit\/capacitor-cases-fmag-cc80-112\/","name":"Capacitor cases FMAG CC80-112 | SEEER","isPartOf":{"@id":"https:\/\/www.seeer-tn.com\/#website"},"primaryImageOfPage":{"@id":"https:\/\/www.seeer-tn.com\/en\/produit\/capacitor-cases-fmag-cc80-112\/#primaryimage"},"image":{"@id":"https:\/\/www.seeer-tn.com\/en\/produit\/capacitor-cases-fmag-cc80-112\/#primaryimage"},"thumbnailUrl":"https:\/\/www.seeer-tn.com\/wp-content\/uploads\/2024\/02\/3.jpg","datePublished":"2024-02-14T08:27:35+00:00","dateModified":"2024-09-20T10:50:28+00:00","description":"Model A B C D E F G H L M N cable tie CC80-112 85 85 70-73 70-73 62 32 54 45 120 141 110 PG16","breadcrumb":{"@id":"https:\/\/www.seeer-tn.com\/en\/produit\/capacitor-cases-fmag-cc80-112\/#breadcrumb"},"inLanguage":"en-US","potentialAction":[{"@type":"ReadAction","target":["https:\/\/www.seeer-tn.com\/en\/produit\/capacitor-cases-fmag-cc80-112\/"]}]},{"@type":"ImageObject","inLanguage":"en-US","@id":"https:\/\/www.seeer-tn.com\/en\/produit\/capacitor-cases-fmag-cc80-112\/#primaryimage","url":"https:\/\/www.seeer-tn.com\/wp-content\/uploads\/2024\/02\/3.jpg","contentUrl":"https:\/\/www.seeer-tn.com\/wp-content\/uploads\/2024\/02\/3.jpg","width":1000,"height":1000},{"@type":"BreadcrumbList","@id":"https:\/\/www.seeer-tn.com\/en\/produit\/capacitor-cases-fmag-cc80-112\/#breadcrumb","itemListElement":[{"@type":"ListItem","position":1,"name":"Accueil","item":"https:\/\/www.seeer-tn.com\/en\/"},{"@type":"ListItem","position":2,"name":"Boutique","item":"https:\/\/www.seeer-tn.com\/boutique\/"},{"@type":"ListItem","position":3,"name":"Capacitor cases FMAG CC80-112"}]},{"@type":"WebSite","@id":"https:\/\/www.seeer-tn.com\/#website","url":"https:\/\/www.seeer-tn.com\/","name":"SEEER","description":"Soci\u00e9t\u00e9 d\u2019\u00e9quipement \u00e9lectrique \u00e9lectronique &amp; de Rebobinage","potentialAction":[{"@type":"SearchAction","target":{"@type":"EntryPoint","urlTemplate":"https:\/\/www.seeer-tn.com\/?s={search_term_string}"},"query-input":"required name=search_term_string"}],"inLanguage":"en-US"}]}},"_links":{"self":[{"href":"https:\/\/www.seeer-tn.com\/en\/wp-json\/wp\/v2\/product\/14515","targetHints":{"allow":["GET"]}}],"collection":[{"href":"https:\/\/www.seeer-tn.com\/en\/wp-json\/wp\/v2\/product"}],"about":[{"href":"https:\/\/www.seeer-tn.com\/en\/wp-json\/wp\/v2\/types\/product"}],"wp:featuredmedia":[{"embeddable":true,"href":"https:\/\/www.seeer-tn.com\/en\/wp-json\/wp\/v2\/media\/14484"}],"wp:attachment":[{"href":"https:\/\/www.seeer-tn.com\/en\/wp-json\/wp\/v2\/media?parent=14515"}],"wp:term":[{"taxonomy":"product_cat","embeddable":true,"href":"https:\/\/www.seeer-tn.com\/en\/wp-json\/wp\/v2\/product_cat?post=14515"},{"taxonomy":"product_tag","embeddable":true,"href":"https:\/\/www.seeer-tn.com\/en\/wp-json\/wp\/v2\/product_tag?post=14515"}],"curies":[{"name":"wp","href":"https:\/\/api.w.org\/{rel}","templated":true}]}}