{"id":14836,"date":"2024-01-17T17:26:45","date_gmt":"2024-01-17T16:26:45","guid":{"rendered":"https:\/\/www.seeer-tn.com\/?post_type=product&#038;p=14836"},"modified":"2024-09-20T18:04:19","modified_gmt":"2024-09-20T16:04:19","slug":"dolphs-varnish","status":"publish","type":"product","link":"https:\/\/www.seeer-tn.com\/en\/produit\/dolphs-varnish\/","title":{"rendered":"DOLPH&#8217;S Varnish"},"content":{"rendered":"<div class=\"wpb-content-wrapper\"><p>[vc_row][vc_column][vc_column_text woodmart_inline=&#8221;no&#8221; text_larger=&#8221;no&#8221;]<\/p>\n<table style=\"height: 69px;\" width=\"368\">\n<tbody>\n<tr>\n<td>\n<div class=\"sous-titre-prod\" style=\"font-size: 12px;\">Application and description:<\/div>\n<p>Consult the technical data sheet<\/td>\n<\/tr>\n<\/tbody>\n<\/table>\n<p><a href=\"https:\/\/www.seeer-tn.com\/wp-content\/uploads\/2024\/03\/VERNIS-DOLPHS1.pdf\" target=\"_blank\" rel=\"noopener\"><img loading=\"lazy\" decoding=\"async\" class=\"alignnone wp-image-7324\" src=\"https:\/\/www.seeer-tn.com\/wp-content\/uploads\/2022\/10\/PDF_file_icon.jpg\" alt=\"\" width=\"46\" height=\"57\" \/> Download the PDF <\/a>[\/vc_column_text][\/vc_column][\/vc_row]<\/p>\n<\/div>","protected":false},"excerpt":{"rendered":"<table>\n<tbody>\n<tr style=\"height: 57px;\">\n<td width=\"107\"><strong><span style=\"color: #007bc4;\">Reference<\/span><\/strong><\/td>\n<td width=\"339\"><strong><span style=\"color: #007bc4;\">Designation<\/span><\/strong><\/td>\n<td width=\"272\"><strong><span style=\"color: #007bc4;\">Product data sheet<\/span><\/strong><\/td>\n<\/tr>\n<tr style=\"background-color: #dfdfdf;\">\n<td width=\"107\"><strong><span style=\"color: #007bc4;\">\u00a0V9009-C<\/span><\/strong><\/td>\n<td width=\"339\">Varnish V9009-C FREON -1l<\/td>\n<td width=\"272\"><a href=\"https:\/\/www.seeer-tn.com\/wp-content\/uploads\/2024\/08\/Varnish-data-sheets-V9009-C-FREON.pdf\" target=\"_blank\" rel=\"noopener\"><img loading=\"lazy\" decoding=\"async\" class=\"wp-image-15010\" src=\"https:\/\/www.seeer-tn.com\/wp-content\/uploads\/2024\/01\/file-300x300.png\" alt=\"\" width=\"25\" height=\"25\" srcset=\"https:\/\/www.seeer-tn.com\/wp-content\/uploads\/2024\/01\/file-300x300.png 300w, https:\/\/www.seeer-tn.com\/wp-content\/uploads\/2024\/01\/file-150x150.png 150w, https:\/\/www.seeer-tn.com\/wp-content\/uploads\/2024\/01\/file-430x430.png 430w, https:\/\/www.seeer-tn.com\/wp-content\/uploads\/2024\/01\/file.png 512w\" sizes=\"auto, (max-width: 25px) 100vw, 25px\" \/> 9009-C fra 20150701<\/a><\/td>\n<\/tr>\n<tr style=\"background-color: #fefefe;\">\n<td width=\"107\"><strong><span style=\"color: #007bc4;\">VA<\/span><\/strong><\/td>\n<td width=\"339\">Varnish synthite ER 41 -1 kg<\/td>\n<td width=\"272\"><a href=\"https:\/\/www.seeer-tn.com\/wp-content\/uploads\/2024\/08\/Varnish-data-sheets-synthite-ER-41-1.pdf\" target=\"_blank\" rel=\"noopener\"><img loading=\"lazy\" decoding=\"async\" class=\"wp-image-15010\" src=\"https:\/\/www.seeer-tn.com\/wp-content\/uploads\/2024\/01\/file-300x300.png\" alt=\"\" width=\"25\" height=\"25\" srcset=\"https:\/\/www.seeer-tn.com\/wp-content\/uploads\/2024\/01\/file-300x300.png 300w, https:\/\/www.seeer-tn.com\/wp-content\/uploads\/2024\/01\/file-150x150.png 150w, https:\/\/www.seeer-tn.com\/wp-content\/uploads\/2024\/01\/file-430x430.png 430w, https:\/\/www.seeer-tn.com\/wp-content\/uploads\/2024\/01\/file.png 512w\" sizes=\"auto, (max-width: 25px) 100vw, 25px\" \/> Synthite ER 41_FR_TRO<\/a><\/td>\n<\/tr>\n<tr style=\"background-color: #dfdfdf;\">\n<td width=\"107\"><strong><span style=\"color: #007bc4;\">VA400<\/span><\/strong><\/td>\n<td width=\"339\">Varnish synthite ER 41 \/ Sprayer -400 ml<\/td>\n<td width=\"272\"><a href=\"https:\/\/www.seeer-tn.com\/wp-content\/uploads\/2024\/08\/Varnish-data-sheets-synthite-ER-41-1.pdf\" target=\"_blank\" rel=\"noopener\"><img loading=\"lazy\" decoding=\"async\" class=\"wp-image-15010\" src=\"https:\/\/www.seeer-tn.com\/wp-content\/uploads\/2024\/01\/file-300x300.png\" alt=\"\" width=\"25\" height=\"25\" srcset=\"https:\/\/www.seeer-tn.com\/wp-content\/uploads\/2024\/01\/file-300x300.png 300w, https:\/\/www.seeer-tn.com\/wp-content\/uploads\/2024\/01\/file-150x150.png 150w, https:\/\/www.seeer-tn.com\/wp-content\/uploads\/2024\/01\/file-430x430.png 430w, https:\/\/www.seeer-tn.com\/wp-content\/uploads\/2024\/01\/file.png 512w\" sizes=\"auto, (max-width: 25px) 100vw, 25px\" \/> Synthite ER 41_FR_TRO<\/a><\/td>\n<\/tr>\n<tr style=\"background-color: #fefefe;\">\n<td width=\"107\"><strong><span style=\"color: #007bc4;\">VA43<\/span><\/strong><\/td>\n<td width=\"339\">Varnish Synthite ER-43 368-D -1kg<\/td>\n<td width=\"272\"><a href=\"https:\/\/www.seeer-tn.com\/wp-content\/uploads\/2024\/08\/Data-sheet-Synthite-ER-43-368-D-1.pdf\" target=\"_blank\" rel=\"noopener\"><img loading=\"lazy\" decoding=\"async\" class=\"wp-image-15010\" src=\"https:\/\/www.seeer-tn.com\/wp-content\/uploads\/2024\/01\/file-300x300.png\" alt=\"\" width=\"25\" height=\"25\" srcset=\"https:\/\/www.seeer-tn.com\/wp-content\/uploads\/2024\/01\/file-300x300.png 300w, https:\/\/www.seeer-tn.com\/wp-content\/uploads\/2024\/01\/file-150x150.png 150w, https:\/\/www.seeer-tn.com\/wp-content\/uploads\/2024\/01\/file-430x430.png 430w, https:\/\/www.seeer-tn.com\/wp-content\/uploads\/2024\/01\/file.png 512w\" sizes=\"auto, (max-width: 25px) 100vw, 25px\" \/> Synthite ER-43 368D_FR_EMEA<\/a><\/td>\n<\/tr>\n<tr style=\"background-color: #dfdfdf;\">\n<td width=\"107\"><strong><span style=\"color: #007bc4;\">VA43400<\/span><\/strong><\/td>\n<td width=\"339\">Varnish Synthite AC-43 clear -400 ml<\/td>\n<td width=\"272\"><a href=\"https:\/\/www.seeer-tn.com\/wp-content\/uploads\/2024\/08\/Data-sheet-Synthite-AC-43-clear.pdf\" target=\"_blank\" rel=\"noopener\"><img loading=\"lazy\" decoding=\"async\" class=\"wp-image-15010\" src=\"https:\/\/www.seeer-tn.com\/wp-content\/uploads\/2024\/01\/file-300x300.png\" alt=\"\" width=\"25\" height=\"25\" srcset=\"https:\/\/www.seeer-tn.com\/wp-content\/uploads\/2024\/01\/file-300x300.png 300w, https:\/\/www.seeer-tn.com\/wp-content\/uploads\/2024\/01\/file-150x150.png 150w, https:\/\/www.seeer-tn.com\/wp-content\/uploads\/2024\/01\/file-430x430.png 430w, https:\/\/www.seeer-tn.com\/wp-content\/uploads\/2024\/01\/file.png 512w\" sizes=\"auto, (max-width: 25px) 100vw, 25px\" \/> Synthite AC 43_FR_TRO<\/a><\/td>\n<\/tr>\n<tr style=\"background-color: #fefefe;\">\n<td width=\"107\"><strong><span style=\"color: #007bc4;\">VAC46-5<\/span><\/strong><\/td>\n<td width=\"339\">Synthite AC-46 clear air varnish \u2013 5l<\/td>\n<td width=\"272\"><a href=\"https:\/\/www.seeer-tn.com\/wp-content\/uploads\/2024\/08\/Data-sheet-Synthite-AC-46-clear-air-varnish-1.pdf\" target=\"_blank\" rel=\"noopener\"><img loading=\"lazy\" decoding=\"async\" class=\"wp-image-15010\" src=\"https:\/\/www.seeer-tn.com\/wp-content\/uploads\/2024\/01\/file-300x300.png\" alt=\"\" width=\"25\" height=\"25\" srcset=\"https:\/\/www.seeer-tn.com\/wp-content\/uploads\/2024\/01\/file-300x300.png 300w, https:\/\/www.seeer-tn.com\/wp-content\/uploads\/2024\/01\/file-150x150.png 150w, https:\/\/www.seeer-tn.com\/wp-content\/uploads\/2024\/01\/file-430x430.png 430w, https:\/\/www.seeer-tn.com\/wp-content\/uploads\/2024\/01\/file.png 512w\" sizes=\"auto, (max-width: 25px) 100vw, 25px\" \/> AC-46 fra 20160702<\/a><\/td>\n<\/tr>\n<tr style=\"background-color: #dfdfdf;\">\n<td width=\"107\"><strong><span style=\"color: #007bc4;\">VBC346A\/200<\/span><\/strong><\/td>\n<td width=\"339\">Synthite AC-46 clear air varnish \u2013 5l<\/td>\n<td width=\"272\"><a href=\"https:\/\/www.seeer-tn.com\/wp-content\/uploads\/2024\/08\/Data-sheet-HI-THERM-BC-346-A.pdf\" target=\"_blank\" rel=\"noopener\"><img loading=\"lazy\" decoding=\"async\" class=\"wp-image-15010\" src=\"https:\/\/www.seeer-tn.com\/wp-content\/uploads\/2024\/01\/file-300x300.png\" alt=\"\" width=\"25\" height=\"25\" srcset=\"https:\/\/www.seeer-tn.com\/wp-content\/uploads\/2024\/01\/file-300x300.png 300w, https:\/\/www.seeer-tn.com\/wp-content\/uploads\/2024\/01\/file-150x150.png 150w, https:\/\/www.seeer-tn.com\/wp-content\/uploads\/2024\/01\/file-430x430.png 430w, https:\/\/www.seeer-tn.com\/wp-content\/uploads\/2024\/01\/file.png 512w\" sizes=\"auto, (max-width: 25px) 100vw, 25px\" \/> HiTherm BC 346 A_FR_TRO<\/a><\/td>\n<\/tr>\n<tr style=\"background-color: #fefefe;\">\n<td width=\"107\"><strong><span style=\"color: #007bc4;\">VBC346A\/25<\/span><\/strong><\/td>\n<td width=\"339\">Varnish Hi-therm BC-346A-25l<\/td>\n<td width=\"272\"><a href=\"https:\/\/www.seeer-tn.com\/wp-content\/uploads\/2024\/08\/Data-sheet-HI-THERM-BC-346-A.pdf\" target=\"_blank\" rel=\"noopener\"><img loading=\"lazy\" decoding=\"async\" class=\"wp-image-15010\" src=\"https:\/\/www.seeer-tn.com\/wp-content\/uploads\/2024\/01\/file-300x300.png\" alt=\"\" width=\"25\" height=\"25\" srcset=\"https:\/\/www.seeer-tn.com\/wp-content\/uploads\/2024\/01\/file-300x300.png 300w, https:\/\/www.seeer-tn.com\/wp-content\/uploads\/2024\/01\/file-150x150.png 150w, https:\/\/www.seeer-tn.com\/wp-content\/uploads\/2024\/01\/file-430x430.png 430w, https:\/\/www.seeer-tn.com\/wp-content\/uploads\/2024\/01\/file.png 512w\" sizes=\"auto, (max-width: 25px) 100vw, 25px\" \/> HiTherm BC 346 A_FR_TRO<\/a><\/td>\n<\/tr>\n<tr style=\"background-color: #dfdfdf;\">\n<td width=\"107\"><strong><span style=\"color: #007bc4;\">VD<\/span><\/strong><\/td>\n<td width=\"339\">Varnish Synthite AC-43-261-D Red -5l<\/td>\n<td width=\"272\"><a href=\"https:\/\/www.seeer-tn.com\/wp-content\/uploads\/2024\/08\/Data-sheet-SYNTHITE-AC-43-261-D-Red.pdf\" target=\"_blank\" rel=\"noopener\"><img loading=\"lazy\" decoding=\"async\" class=\"wp-image-15010\" src=\"https:\/\/www.seeer-tn.com\/wp-content\/uploads\/2024\/01\/file-300x300.png\" alt=\"\" width=\"25\" height=\"25\" srcset=\"https:\/\/www.seeer-tn.com\/wp-content\/uploads\/2024\/01\/file-300x300.png 300w, https:\/\/www.seeer-tn.com\/wp-content\/uploads\/2024\/01\/file-150x150.png 150w, https:\/\/www.seeer-tn.com\/wp-content\/uploads\/2024\/01\/file-430x430.png 430w, https:\/\/www.seeer-tn.com\/wp-content\/uploads\/2024\/01\/file.png 512w\" sizes=\"auto, (max-width: 25px) 100vw, 25px\" \/> AC-43-261D fr 20120208<\/a><\/td>\n<\/tr>\n<tr style=\"background-color: #fefefe;\">\n<td width=\"107\"><strong><span style=\"color: #007bc4;\">VD321<\/span><\/strong><\/td>\n<td width=\"339\">Varnish Synthite AC-32 CLEAR &#8211; 1l<\/td>\n<td width=\"272\"><a href=\"https:\/\/www.seeer-tn.com\/wp-content\/uploads\/2024\/08\/Data-sheet-Synthite-AC-32-CLEAR-AIR-DRYING-VARNISH.pdf\" target=\"_blank\" rel=\"noopener\"><img loading=\"lazy\" decoding=\"async\" class=\"wp-image-15010\" src=\"https:\/\/www.seeer-tn.com\/wp-content\/uploads\/2024\/01\/file-300x300.png\" alt=\"\" width=\"25\" height=\"25\" srcset=\"https:\/\/www.seeer-tn.com\/wp-content\/uploads\/2024\/01\/file-300x300.png 300w, https:\/\/www.seeer-tn.com\/wp-content\/uploads\/2024\/01\/file-150x150.png 150w, https:\/\/www.seeer-tn.com\/wp-content\/uploads\/2024\/01\/file-430x430.png 430w, https:\/\/www.seeer-tn.com\/wp-content\/uploads\/2024\/01\/file.png 512w\" sizes=\"auto, (max-width: 25px) 100vw, 25px\" \/> SYNTHITE AC 32_FR_TRO<\/a><\/td>\n<\/tr>\n<tr style=\"background-color: #dfdfdf;\">\n<td width=\"107\"><strong><span style=\"color: #007bc4;\">VD325<\/span><\/strong><\/td>\n<td width=\"339\">Varnish Synthite AC-32 CLEAR &#8211; 5l<\/td>\n<td width=\"272\"><a href=\"https:\/\/www.seeer-tn.com\/wp-content\/uploads\/2024\/08\/Data-sheet-Synthite-AC-32-CLEAR-AIR-DRYING-VARNISH.pdf\" target=\"_blank\" rel=\"noopener\"><img loading=\"lazy\" decoding=\"async\" class=\"wp-image-15010\" src=\"https:\/\/www.seeer-tn.com\/wp-content\/uploads\/2024\/01\/file-300x300.png\" alt=\"\" width=\"25\" height=\"25\" srcset=\"https:\/\/www.seeer-tn.com\/wp-content\/uploads\/2024\/01\/file-300x300.png 300w, https:\/\/www.seeer-tn.com\/wp-content\/uploads\/2024\/01\/file-150x150.png 150w, https:\/\/www.seeer-tn.com\/wp-content\/uploads\/2024\/01\/file-430x430.png 430w, https:\/\/www.seeer-tn.com\/wp-content\/uploads\/2024\/01\/file.png 512w\" sizes=\"auto, (max-width: 25px) 100vw, 25px\" \/> SYNTHITE AC 32_FR_TRO<\/a><\/td>\n<\/tr>\n<tr style=\"background-color: #fefefe;\">\n<td width=\"107\"><strong><span style=\"color: #007bc4;\">VD41<\/span><\/strong><\/td>\n<td width=\"339\">Varnish Synthite AC-41 -5l<\/td>\n<td width=\"272\"><a href=\"https:\/\/www.seeer-tn.com\/wp-content\/uploads\/2024\/08\/Data-sheet-Synthite-AC-41.pdf\" target=\"_blank\" rel=\"noopener\"><img loading=\"lazy\" decoding=\"async\" class=\"wp-image-15010\" src=\"https:\/\/www.seeer-tn.com\/wp-content\/uploads\/2024\/01\/file-300x300.png\" alt=\"\" width=\"25\" height=\"25\" srcset=\"https:\/\/www.seeer-tn.com\/wp-content\/uploads\/2024\/01\/file-300x300.png 300w, https:\/\/www.seeer-tn.com\/wp-content\/uploads\/2024\/01\/file-150x150.png 150w, https:\/\/www.seeer-tn.com\/wp-content\/uploads\/2024\/01\/file-430x430.png 430w, https:\/\/www.seeer-tn.com\/wp-content\/uploads\/2024\/01\/file.png 512w\" sizes=\"auto, (max-width: 25px) 100vw, 25px\" \/> Synthite AC 41_FR_TRO<\/a><\/td>\n<\/tr>\n<tr style=\"background-color: #dfdfdf;\">\n<td width=\"107\"><strong><span style=\"color: #007bc4;\">VDT43<\/span><\/strong><\/td>\n<td width=\"339\">Varnish Synthite AC-41 -5l<\/td>\n<td width=\"272\"><a href=\"https:\/\/www.seeer-tn.com\/wp-content\/uploads\/2024\/08\/Data-sheet-Synthite-AC-43-clear.pdf\" target=\"_blank\" rel=\"noopener\"><img loading=\"lazy\" decoding=\"async\" class=\"wp-image-15010\" src=\"https:\/\/www.seeer-tn.com\/wp-content\/uploads\/2024\/01\/file-300x300.png\" alt=\"\" width=\"25\" height=\"25\" srcset=\"https:\/\/www.seeer-tn.com\/wp-content\/uploads\/2024\/01\/file-300x300.png 300w, https:\/\/www.seeer-tn.com\/wp-content\/uploads\/2024\/01\/file-150x150.png 150w, https:\/\/www.seeer-tn.com\/wp-content\/uploads\/2024\/01\/file-430x430.png 430w, https:\/\/www.seeer-tn.com\/wp-content\/uploads\/2024\/01\/file.png 512w\" sizes=\"auto, (max-width: 25px) 100vw, 25px\" \/> AC-43 fra 20150414 tr<\/a><\/td>\n<\/tr>\n<\/tbody>\n<\/table>\n","protected":false},"featured_media":14229,"template":"","meta":[],"product_cat":[110],"product_tag":[],"class_list":["post-14836","product","type-product","status-publish","has-post-thumbnail","hentry","product_cat-insulating-varnishes","pa_brand-dolphs-en"],"acf":[],"yoast_head":"<!-- This site is optimized with the Yoast SEO plugin v23.3 - https:\/\/yoast.com\/wordpress\/plugins\/seo\/ -->\n<title>DOLPH&#039;S Varnish | SEEER<\/title>\n<meta name=\"description\" content=\"Reference Designation Product data sheet   \u00a0V9009-C Varnish V9009-C FREON -1l  9009-C fra 20150701   VA Varnish synthite ER 41 -1 kg  Synthite ER 41_FR_TRO   VA400 Varnish synthite ER 41 \/ Sprayer -400 ml  Synthite ER 41_FR_TRO   VA43 Varnish Synthite ER-43 368-D -1kg  Synthite ER-43 368D_FR_EMEA   VA43400 Varnish Synthite AC-43 clear -400 ml  Synthite AC 43_FR_TRO   VAC46-5 Synthite AC-46 clear air varnish \u2013 5l  AC-46 fra 20160702   VBC346A\/200 Synthite AC-46 clear air varnish \u2013 5l  HiTherm BC 346 A_FR_TRO   VBC346A\/25 Varnish Hi-therm BC-346A-25l  HiTherm BC 346 A_FR_TRO   VD Varnish Synthite AC-43-261-D Red -5l  AC-43-261D fr 20120208   VD321 Varnish Synthite AC-32 CLEAR - 1l  SYNTHITE AC 32_FR_TRO   VD325 Varnish Synthite AC-32 CLEAR - 5l  SYNTHITE AC 32_FR_TRO   VD41 Varnish Synthite AC-41 -5l  Synthite AC 41_FR_TRO   VDT43 Varnish Synthite AC-41 -5l  AC-43 fra 20150414 tr\" \/>\n<meta name=\"robots\" content=\"index, follow, max-snippet:-1, max-image-preview:large, max-video-preview:-1\" \/>\n<link rel=\"canonical\" href=\"https:\/\/www.seeer-tn.com\/en\/produit\/dolphs-varnish\/\" \/>\n<meta property=\"og:locale\" content=\"en_US\" \/>\n<meta property=\"og:type\" content=\"article\" \/>\n<meta property=\"og:title\" content=\"DOLPH&#039;S Varnish | SEEER\" \/>\n<meta property=\"og:description\" content=\"Reference Designation Product data sheet   \u00a0V9009-C Varnish V9009-C FREON -1l  9009-C fra 20150701   VA Varnish synthite ER 41 -1 kg  Synthite ER 41_FR_TRO   VA400 Varnish synthite ER 41 \/ Sprayer -400 ml  Synthite ER 41_FR_TRO   VA43 Varnish Synthite ER-43 368-D -1kg  Synthite ER-43 368D_FR_EMEA   VA43400 Varnish Synthite AC-43 clear -400 ml  Synthite AC 43_FR_TRO   VAC46-5 Synthite AC-46 clear air varnish \u2013 5l  AC-46 fra 20160702   VBC346A\/200 Synthite AC-46 clear air varnish \u2013 5l  HiTherm BC 346 A_FR_TRO   VBC346A\/25 Varnish Hi-therm BC-346A-25l  HiTherm BC 346 A_FR_TRO   VD Varnish Synthite AC-43-261-D Red -5l  AC-43-261D fr 20120208   VD321 Varnish Synthite AC-32 CLEAR - 1l  SYNTHITE AC 32_FR_TRO   VD325 Varnish Synthite AC-32 CLEAR - 5l  SYNTHITE AC 32_FR_TRO   VD41 Varnish Synthite AC-41 -5l  Synthite AC 41_FR_TRO   VDT43 Varnish Synthite AC-41 -5l  AC-43 fra 20150414 tr\" \/>\n<meta property=\"og:url\" content=\"https:\/\/www.seeer-tn.com\/en\/produit\/dolphs-varnish\/\" \/>\n<meta property=\"og:site_name\" content=\"SEEER\" \/>\n<meta property=\"article:modified_time\" content=\"2024-09-20T16:04:19+00:00\" \/>\n<meta property=\"og:image\" content=\"https:\/\/www.seeer-tn.com\/wp-content\/uploads\/2024\/01\/venis.jpg\" \/>\n\t<meta property=\"og:image:width\" content=\"1000\" \/>\n\t<meta property=\"og:image:height\" content=\"1000\" \/>\n\t<meta property=\"og:image:type\" content=\"image\/jpeg\" \/>\n<meta name=\"twitter:card\" content=\"summary_large_image\" \/>\n<meta name=\"twitter:label1\" content=\"Est. reading time\" \/>\n\t<meta name=\"twitter:data1\" content=\"1 minute\" \/>\n<script type=\"application\/ld+json\" class=\"yoast-schema-graph\">{\"@context\":\"https:\/\/schema.org\",\"@graph\":[{\"@type\":\"WebPage\",\"@id\":\"https:\/\/www.seeer-tn.com\/en\/produit\/dolphs-varnish\/\",\"url\":\"https:\/\/www.seeer-tn.com\/en\/produit\/dolphs-varnish\/\",\"name\":\"DOLPH'S Varnish | SEEER\",\"isPartOf\":{\"@id\":\"https:\/\/www.seeer-tn.com\/#website\"},\"primaryImageOfPage\":{\"@id\":\"https:\/\/www.seeer-tn.com\/en\/produit\/dolphs-varnish\/#primaryimage\"},\"image\":{\"@id\":\"https:\/\/www.seeer-tn.com\/en\/produit\/dolphs-varnish\/#primaryimage\"},\"thumbnailUrl\":\"https:\/\/www.seeer-tn.com\/wp-content\/uploads\/2024\/01\/venis.jpg\",\"datePublished\":\"2024-01-17T16:26:45+00:00\",\"dateModified\":\"2024-09-20T16:04:19+00:00\",\"description\":\"Reference Designation Product data sheet \u00a0V9009-C Varnish V9009-C FREON -1l 9009-C fra 20150701 VA Varnish synthite ER 41 -1 kg Synthite ER 41_FR_TRO VA400 Varnish synthite ER 41 \/ Sprayer -400 ml Synthite ER 41_FR_TRO VA43 Varnish Synthite ER-43 368-D -1kg Synthite ER-43 368D_FR_EMEA VA43400 Varnish Synthite AC-43 clear -400 ml Synthite AC 43_FR_TRO VAC46-5 Synthite AC-46 clear air varnish \u2013 5l AC-46 fra 20160702 VBC346A\/200 Synthite AC-46 clear air varnish \u2013 5l HiTherm BC 346 A_FR_TRO VBC346A\/25 Varnish Hi-therm BC-346A-25l HiTherm BC 346 A_FR_TRO VD Varnish Synthite AC-43-261-D Red -5l AC-43-261D fr 20120208 VD321 Varnish Synthite AC-32 CLEAR - 1l SYNTHITE AC 32_FR_TRO VD325 Varnish Synthite AC-32 CLEAR - 5l SYNTHITE AC 32_FR_TRO VD41 Varnish Synthite AC-41 -5l Synthite AC 41_FR_TRO VDT43 Varnish Synthite AC-41 -5l AC-43 fra 20150414 tr\",\"breadcrumb\":{\"@id\":\"https:\/\/www.seeer-tn.com\/en\/produit\/dolphs-varnish\/#breadcrumb\"},\"inLanguage\":\"en-US\",\"potentialAction\":[{\"@type\":\"ReadAction\",\"target\":[\"https:\/\/www.seeer-tn.com\/en\/produit\/dolphs-varnish\/\"]}]},{\"@type\":\"ImageObject\",\"inLanguage\":\"en-US\",\"@id\":\"https:\/\/www.seeer-tn.com\/en\/produit\/dolphs-varnish\/#primaryimage\",\"url\":\"https:\/\/www.seeer-tn.com\/wp-content\/uploads\/2024\/01\/venis.jpg\",\"contentUrl\":\"https:\/\/www.seeer-tn.com\/wp-content\/uploads\/2024\/01\/venis.jpg\",\"width\":1000,\"height\":1000},{\"@type\":\"BreadcrumbList\",\"@id\":\"https:\/\/www.seeer-tn.com\/en\/produit\/dolphs-varnish\/#breadcrumb\",\"itemListElement\":[{\"@type\":\"ListItem\",\"position\":1,\"name\":\"Accueil\",\"item\":\"https:\/\/www.seeer-tn.com\/en\/\"},{\"@type\":\"ListItem\",\"position\":2,\"name\":\"Boutique\",\"item\":\"https:\/\/www.seeer-tn.com\/boutique\/\"},{\"@type\":\"ListItem\",\"position\":3,\"name\":\"DOLPH&rsquo;S Varnish\"}]},{\"@type\":\"WebSite\",\"@id\":\"https:\/\/www.seeer-tn.com\/#website\",\"url\":\"https:\/\/www.seeer-tn.com\/\",\"name\":\"SEEER\",\"description\":\"Soci\u00e9t\u00e9 d\u2019\u00e9quipement \u00e9lectrique \u00e9lectronique &amp; de Rebobinage\",\"potentialAction\":[{\"@type\":\"SearchAction\",\"target\":{\"@type\":\"EntryPoint\",\"urlTemplate\":\"https:\/\/www.seeer-tn.com\/?s={search_term_string}\"},\"query-input\":\"required name=search_term_string\"}],\"inLanguage\":\"en-US\"}]}<\/script>\n<!-- \/ Yoast SEO plugin. -->","yoast_head_json":{"title":"DOLPH'S Varnish | SEEER","description":"Reference Designation Product data sheet   \u00a0V9009-C Varnish V9009-C FREON -1l  9009-C fra 20150701   VA Varnish synthite ER 41 -1 kg  Synthite ER 41_FR_TRO   VA400 Varnish synthite ER 41 \/ Sprayer -400 ml  Synthite ER 41_FR_TRO   VA43 Varnish Synthite ER-43 368-D -1kg  Synthite ER-43 368D_FR_EMEA   VA43400 Varnish Synthite AC-43 clear -400 ml  Synthite AC 43_FR_TRO   VAC46-5 Synthite AC-46 clear air varnish \u2013 5l  AC-46 fra 20160702   VBC346A\/200 Synthite AC-46 clear air varnish \u2013 5l  HiTherm BC 346 A_FR_TRO   VBC346A\/25 Varnish Hi-therm BC-346A-25l  HiTherm BC 346 A_FR_TRO   VD Varnish Synthite AC-43-261-D Red -5l  AC-43-261D fr 20120208   VD321 Varnish Synthite AC-32 CLEAR - 1l  SYNTHITE AC 32_FR_TRO   VD325 Varnish Synthite AC-32 CLEAR - 5l  SYNTHITE AC 32_FR_TRO   VD41 Varnish Synthite AC-41 -5l  Synthite AC 41_FR_TRO   VDT43 Varnish Synthite AC-41 -5l  AC-43 fra 20150414 tr","robots":{"index":"index","follow":"follow","max-snippet":"max-snippet:-1","max-image-preview":"max-image-preview:large","max-video-preview":"max-video-preview:-1"},"canonical":"https:\/\/www.seeer-tn.com\/en\/produit\/dolphs-varnish\/","og_locale":"en_US","og_type":"article","og_title":"DOLPH'S Varnish | SEEER","og_description":"Reference Designation Product data sheet   \u00a0V9009-C Varnish V9009-C FREON -1l  9009-C fra 20150701   VA Varnish synthite ER 41 -1 kg  Synthite ER 41_FR_TRO   VA400 Varnish synthite ER 41 \/ Sprayer -400 ml  Synthite ER 41_FR_TRO   VA43 Varnish Synthite ER-43 368-D -1kg  Synthite ER-43 368D_FR_EMEA   VA43400 Varnish Synthite AC-43 clear -400 ml  Synthite AC 43_FR_TRO   VAC46-5 Synthite AC-46 clear air varnish \u2013 5l  AC-46 fra 20160702   VBC346A\/200 Synthite AC-46 clear air varnish \u2013 5l  HiTherm BC 346 A_FR_TRO   VBC346A\/25 Varnish Hi-therm BC-346A-25l  HiTherm BC 346 A_FR_TRO   VD Varnish Synthite AC-43-261-D Red -5l  AC-43-261D fr 20120208   VD321 Varnish Synthite AC-32 CLEAR - 1l  SYNTHITE AC 32_FR_TRO   VD325 Varnish Synthite AC-32 CLEAR - 5l  SYNTHITE AC 32_FR_TRO   VD41 Varnish Synthite AC-41 -5l  Synthite AC 41_FR_TRO   VDT43 Varnish Synthite AC-41 -5l  AC-43 fra 20150414 tr","og_url":"https:\/\/www.seeer-tn.com\/en\/produit\/dolphs-varnish\/","og_site_name":"SEEER","article_modified_time":"2024-09-20T16:04:19+00:00","og_image":[{"width":1000,"height":1000,"url":"https:\/\/www.seeer-tn.com\/wp-content\/uploads\/2024\/01\/venis.jpg","type":"image\/jpeg"}],"twitter_card":"summary_large_image","twitter_misc":{"Est. reading time":"1 minute"},"schema":{"@context":"https:\/\/schema.org","@graph":[{"@type":"WebPage","@id":"https:\/\/www.seeer-tn.com\/en\/produit\/dolphs-varnish\/","url":"https:\/\/www.seeer-tn.com\/en\/produit\/dolphs-varnish\/","name":"DOLPH'S Varnish | SEEER","isPartOf":{"@id":"https:\/\/www.seeer-tn.com\/#website"},"primaryImageOfPage":{"@id":"https:\/\/www.seeer-tn.com\/en\/produit\/dolphs-varnish\/#primaryimage"},"image":{"@id":"https:\/\/www.seeer-tn.com\/en\/produit\/dolphs-varnish\/#primaryimage"},"thumbnailUrl":"https:\/\/www.seeer-tn.com\/wp-content\/uploads\/2024\/01\/venis.jpg","datePublished":"2024-01-17T16:26:45+00:00","dateModified":"2024-09-20T16:04:19+00:00","description":"Reference Designation Product data sheet \u00a0V9009-C Varnish V9009-C FREON -1l 9009-C fra 20150701 VA Varnish synthite ER 41 -1 kg Synthite ER 41_FR_TRO VA400 Varnish synthite ER 41 \/ Sprayer -400 ml Synthite ER 41_FR_TRO VA43 Varnish Synthite ER-43 368-D -1kg Synthite ER-43 368D_FR_EMEA VA43400 Varnish Synthite AC-43 clear -400 ml Synthite AC 43_FR_TRO VAC46-5 Synthite AC-46 clear air varnish \u2013 5l AC-46 fra 20160702 VBC346A\/200 Synthite AC-46 clear air varnish \u2013 5l HiTherm BC 346 A_FR_TRO VBC346A\/25 Varnish Hi-therm BC-346A-25l HiTherm BC 346 A_FR_TRO VD Varnish Synthite AC-43-261-D Red -5l AC-43-261D fr 20120208 VD321 Varnish Synthite AC-32 CLEAR - 1l SYNTHITE AC 32_FR_TRO VD325 Varnish Synthite AC-32 CLEAR - 5l SYNTHITE AC 32_FR_TRO VD41 Varnish Synthite AC-41 -5l Synthite AC 41_FR_TRO VDT43 Varnish Synthite AC-41 -5l AC-43 fra 20150414 tr","breadcrumb":{"@id":"https:\/\/www.seeer-tn.com\/en\/produit\/dolphs-varnish\/#breadcrumb"},"inLanguage":"en-US","potentialAction":[{"@type":"ReadAction","target":["https:\/\/www.seeer-tn.com\/en\/produit\/dolphs-varnish\/"]}]},{"@type":"ImageObject","inLanguage":"en-US","@id":"https:\/\/www.seeer-tn.com\/en\/produit\/dolphs-varnish\/#primaryimage","url":"https:\/\/www.seeer-tn.com\/wp-content\/uploads\/2024\/01\/venis.jpg","contentUrl":"https:\/\/www.seeer-tn.com\/wp-content\/uploads\/2024\/01\/venis.jpg","width":1000,"height":1000},{"@type":"BreadcrumbList","@id":"https:\/\/www.seeer-tn.com\/en\/produit\/dolphs-varnish\/#breadcrumb","itemListElement":[{"@type":"ListItem","position":1,"name":"Accueil","item":"https:\/\/www.seeer-tn.com\/en\/"},{"@type":"ListItem","position":2,"name":"Boutique","item":"https:\/\/www.seeer-tn.com\/boutique\/"},{"@type":"ListItem","position":3,"name":"DOLPH&rsquo;S Varnish"}]},{"@type":"WebSite","@id":"https:\/\/www.seeer-tn.com\/#website","url":"https:\/\/www.seeer-tn.com\/","name":"SEEER","description":"Soci\u00e9t\u00e9 d\u2019\u00e9quipement \u00e9lectrique \u00e9lectronique &amp; de Rebobinage","potentialAction":[{"@type":"SearchAction","target":{"@type":"EntryPoint","urlTemplate":"https:\/\/www.seeer-tn.com\/?s={search_term_string}"},"query-input":"required name=search_term_string"}],"inLanguage":"en-US"}]}},"_links":{"self":[{"href":"https:\/\/www.seeer-tn.com\/en\/wp-json\/wp\/v2\/product\/14836","targetHints":{"allow":["GET"]}}],"collection":[{"href":"https:\/\/www.seeer-tn.com\/en\/wp-json\/wp\/v2\/product"}],"about":[{"href":"https:\/\/www.seeer-tn.com\/en\/wp-json\/wp\/v2\/types\/product"}],"wp:featuredmedia":[{"embeddable":true,"href":"https:\/\/www.seeer-tn.com\/en\/wp-json\/wp\/v2\/media\/14229"}],"wp:attachment":[{"href":"https:\/\/www.seeer-tn.com\/en\/wp-json\/wp\/v2\/media?parent=14836"}],"wp:term":[{"taxonomy":"product_cat","embeddable":true,"href":"https:\/\/www.seeer-tn.com\/en\/wp-json\/wp\/v2\/product_cat?post=14836"},{"taxonomy":"product_tag","embeddable":true,"href":"https:\/\/www.seeer-tn.com\/en\/wp-json\/wp\/v2\/product_tag?post=14836"}],"curies":[{"name":"wp","href":"https:\/\/api.w.org\/{rel}","templated":true}]}}