{"id":15222,"date":"2024-08-27T14:29:45","date_gmt":"2024-08-27T12:29:45","guid":{"rendered":"https:\/\/www.seeer-tn.com\/?post_type=product&#038;p=15222"},"modified":"2024-09-20T11:15:23","modified_gmt":"2024-09-20T09:15:23","slug":"single-diffuser-ejector-eject375","status":"publish","type":"product","link":"https:\/\/www.seeer-tn.com\/en\/produit\/single-diffuser-ejector-eject375\/","title":{"rendered":"Single diffuser ejector EJECT375"},"content":{"rendered":"<div class=\"wpb-content-wrapper\"><p>[vc_row][vc_column][vc_column_text css=&#8221;&#8221; woodmart_inline=&#8221;no&#8221; text_larger=&#8221;no&#8221;]<a href=\"https:\/\/www.seeer-tn.com\/wp-content\/uploads\/2024\/08\/Ejecteur-diffuseur-simple-EJECT375en_compressed.pdf\" target=\"_blank\" rel=\"noopener\" data-wp-editing=\"1\"><img loading=\"lazy\" decoding=\"async\" class=\"alignnone wp-image-7324\" src=\"https:\/\/www.seeer-tn.com\/wp-content\/uploads\/2022\/10\/PDF_file_icon.jpg\" alt=\"\" width=\"46\" height=\"57\" \/> Download the PDF<\/a>[\/vc_column_text][\/vc_column][\/vc_row]<\/p>\n<\/div>","protected":false},"excerpt":{"rendered":"<table>\n<tbody>\n<tr style=\"height: 57px;\">\n<td width=\"80\"><span style=\"color: #007bc4;\"><strong>Model<\/strong><\/span><\/td>\n<td width=\"80\"><span style=\"color: #007bc4;\"><strong>\u00d8A<\/strong><\/span><\/td>\n<td width=\"80\"><span style=\"color: #007bc4;\"><strong>\u00d8B<\/strong><\/span><\/td>\n<td width=\"80\"><span style=\"color: #007bc4;\"><strong>\u00d8C<\/strong><\/span><\/td>\n<td width=\"80\"><span style=\"color: #007bc4;\"><strong>D<\/strong><\/span><\/td>\n<td width=\"80\"><span style=\"color: #007bc4;\"><strong>\u00d8E<\/strong><\/span><\/td>\n<td width=\"80\"><span style=\"color: #007bc4;\"><strong>F<\/strong><\/span><\/td>\n<td width=\"80\"><span style=\"color: #007bc4;\"><strong>\u00d8G<\/strong><\/span><\/td>\n<\/tr>\n<tr style=\"background-color: #dfdfdf;\">\n<td width=\"80\"><span style=\"color: #007bc4;\"><strong>EJECT375<\/strong><\/span><\/td>\n<td width=\"80\">\u00d8 31.6<\/td>\n<td width=\"80\">\u00d8 13.7<\/td>\n<td width=\"80\">\u00d8 30<\/td>\n<td width=\"80\">112.9<\/td>\n<td width=\"80\">\u00d8 9<\/td>\n<td width=\"80\">32.6<\/td>\n<td width=\"80\">\u00d8 24.8<\/td>\n<\/tr>\n<\/tbody>\n<\/table>\n","protected":false},"featured_media":15212,"template":"","meta":[],"product_cat":[135],"product_tag":[],"class_list":["post-15222","product","type-product","status-publish","has-post-thumbnail","hentry","product_cat-diffusers"],"acf":[],"yoast_head":"<!-- This site is optimized with the Yoast SEO plugin v23.3 - https:\/\/yoast.com\/wordpress\/plugins\/seo\/ -->\n<title>Single diffuser ejector EJECT375 | SEEER<\/title>\n<meta name=\"description\" content=\"Model \u00d8A \u00d8B \u00d8C D \u00d8E F \u00d8G   EJECT375 \u00d8 31.6 \u00d8 13.7 \u00d8 30 112.9 \u00d8 9 32.6 \u00d8 24.8\" \/>\n<meta name=\"robots\" content=\"index, follow, max-snippet:-1, max-image-preview:large, max-video-preview:-1\" \/>\n<link rel=\"canonical\" href=\"https:\/\/www.seeer-tn.com\/en\/produit\/single-diffuser-ejector-eject375\/\" \/>\n<meta property=\"og:locale\" content=\"en_US\" \/>\n<meta property=\"og:type\" content=\"article\" \/>\n<meta property=\"og:title\" content=\"Single diffuser ejector EJECT375 | SEEER\" \/>\n<meta property=\"og:description\" content=\"Model \u00d8A \u00d8B \u00d8C D \u00d8E F \u00d8G   EJECT375 \u00d8 31.6 \u00d8 13.7 \u00d8 30 112.9 \u00d8 9 32.6 \u00d8 24.8\" \/>\n<meta property=\"og:url\" content=\"https:\/\/www.seeer-tn.com\/en\/produit\/single-diffuser-ejector-eject375\/\" \/>\n<meta property=\"og:site_name\" content=\"SEEER\" \/>\n<meta property=\"article:modified_time\" content=\"2024-09-20T09:15:23+00:00\" \/>\n<meta property=\"og:image\" content=\"https:\/\/www.seeer-tn.com\/wp-content\/uploads\/2024\/08\/13-1.png\" \/>\n\t<meta property=\"og:image:width\" content=\"1000\" \/>\n\t<meta property=\"og:image:height\" content=\"1000\" \/>\n\t<meta property=\"og:image:type\" content=\"image\/png\" \/>\n<meta name=\"twitter:card\" content=\"summary_large_image\" \/>\n<meta name=\"twitter:label1\" content=\"Est. reading time\" \/>\n\t<meta name=\"twitter:data1\" content=\"1 minute\" \/>\n<script type=\"application\/ld+json\" class=\"yoast-schema-graph\">{\"@context\":\"https:\/\/schema.org\",\"@graph\":[{\"@type\":\"WebPage\",\"@id\":\"https:\/\/www.seeer-tn.com\/en\/produit\/single-diffuser-ejector-eject375\/\",\"url\":\"https:\/\/www.seeer-tn.com\/en\/produit\/single-diffuser-ejector-eject375\/\",\"name\":\"Single diffuser ejector EJECT375 | SEEER\",\"isPartOf\":{\"@id\":\"https:\/\/www.seeer-tn.com\/#website\"},\"primaryImageOfPage\":{\"@id\":\"https:\/\/www.seeer-tn.com\/en\/produit\/single-diffuser-ejector-eject375\/#primaryimage\"},\"image\":{\"@id\":\"https:\/\/www.seeer-tn.com\/en\/produit\/single-diffuser-ejector-eject375\/#primaryimage\"},\"thumbnailUrl\":\"https:\/\/www.seeer-tn.com\/wp-content\/uploads\/2024\/08\/13-1.png\",\"datePublished\":\"2024-08-27T12:29:45+00:00\",\"dateModified\":\"2024-09-20T09:15:23+00:00\",\"description\":\"Model \u00d8A \u00d8B \u00d8C D \u00d8E F \u00d8G EJECT375 \u00d8 31.6 \u00d8 13.7 \u00d8 30 112.9 \u00d8 9 32.6 \u00d8 24.8\",\"breadcrumb\":{\"@id\":\"https:\/\/www.seeer-tn.com\/en\/produit\/single-diffuser-ejector-eject375\/#breadcrumb\"},\"inLanguage\":\"en-US\",\"potentialAction\":[{\"@type\":\"ReadAction\",\"target\":[\"https:\/\/www.seeer-tn.com\/en\/produit\/single-diffuser-ejector-eject375\/\"]}]},{\"@type\":\"ImageObject\",\"inLanguage\":\"en-US\",\"@id\":\"https:\/\/www.seeer-tn.com\/en\/produit\/single-diffuser-ejector-eject375\/#primaryimage\",\"url\":\"https:\/\/www.seeer-tn.com\/wp-content\/uploads\/2024\/08\/13-1.png\",\"contentUrl\":\"https:\/\/www.seeer-tn.com\/wp-content\/uploads\/2024\/08\/13-1.png\",\"width\":1000,\"height\":1000},{\"@type\":\"BreadcrumbList\",\"@id\":\"https:\/\/www.seeer-tn.com\/en\/produit\/single-diffuser-ejector-eject375\/#breadcrumb\",\"itemListElement\":[{\"@type\":\"ListItem\",\"position\":1,\"name\":\"Accueil\",\"item\":\"https:\/\/www.seeer-tn.com\/en\/\"},{\"@type\":\"ListItem\",\"position\":2,\"name\":\"Boutique\",\"item\":\"https:\/\/www.seeer-tn.com\/boutique\/\"},{\"@type\":\"ListItem\",\"position\":3,\"name\":\"Single diffuser ejector EJECT375\"}]},{\"@type\":\"WebSite\",\"@id\":\"https:\/\/www.seeer-tn.com\/#website\",\"url\":\"https:\/\/www.seeer-tn.com\/\",\"name\":\"SEEER\",\"description\":\"Soci\u00e9t\u00e9 d\u2019\u00e9quipement \u00e9lectrique \u00e9lectronique &amp; de Rebobinage\",\"potentialAction\":[{\"@type\":\"SearchAction\",\"target\":{\"@type\":\"EntryPoint\",\"urlTemplate\":\"https:\/\/www.seeer-tn.com\/?s={search_term_string}\"},\"query-input\":\"required name=search_term_string\"}],\"inLanguage\":\"en-US\"}]}<\/script>\n<!-- \/ Yoast SEO plugin. -->","yoast_head_json":{"title":"Single diffuser ejector EJECT375 | SEEER","description":"Model \u00d8A \u00d8B \u00d8C D \u00d8E F \u00d8G   EJECT375 \u00d8 31.6 \u00d8 13.7 \u00d8 30 112.9 \u00d8 9 32.6 \u00d8 24.8","robots":{"index":"index","follow":"follow","max-snippet":"max-snippet:-1","max-image-preview":"max-image-preview:large","max-video-preview":"max-video-preview:-1"},"canonical":"https:\/\/www.seeer-tn.com\/en\/produit\/single-diffuser-ejector-eject375\/","og_locale":"en_US","og_type":"article","og_title":"Single diffuser ejector EJECT375 | SEEER","og_description":"Model \u00d8A \u00d8B \u00d8C D \u00d8E F \u00d8G   EJECT375 \u00d8 31.6 \u00d8 13.7 \u00d8 30 112.9 \u00d8 9 32.6 \u00d8 24.8","og_url":"https:\/\/www.seeer-tn.com\/en\/produit\/single-diffuser-ejector-eject375\/","og_site_name":"SEEER","article_modified_time":"2024-09-20T09:15:23+00:00","og_image":[{"width":1000,"height":1000,"url":"https:\/\/www.seeer-tn.com\/wp-content\/uploads\/2024\/08\/13-1.png","type":"image\/png"}],"twitter_card":"summary_large_image","twitter_misc":{"Est. reading time":"1 minute"},"schema":{"@context":"https:\/\/schema.org","@graph":[{"@type":"WebPage","@id":"https:\/\/www.seeer-tn.com\/en\/produit\/single-diffuser-ejector-eject375\/","url":"https:\/\/www.seeer-tn.com\/en\/produit\/single-diffuser-ejector-eject375\/","name":"Single diffuser ejector EJECT375 | SEEER","isPartOf":{"@id":"https:\/\/www.seeer-tn.com\/#website"},"primaryImageOfPage":{"@id":"https:\/\/www.seeer-tn.com\/en\/produit\/single-diffuser-ejector-eject375\/#primaryimage"},"image":{"@id":"https:\/\/www.seeer-tn.com\/en\/produit\/single-diffuser-ejector-eject375\/#primaryimage"},"thumbnailUrl":"https:\/\/www.seeer-tn.com\/wp-content\/uploads\/2024\/08\/13-1.png","datePublished":"2024-08-27T12:29:45+00:00","dateModified":"2024-09-20T09:15:23+00:00","description":"Model \u00d8A \u00d8B \u00d8C D \u00d8E F \u00d8G EJECT375 \u00d8 31.6 \u00d8 13.7 \u00d8 30 112.9 \u00d8 9 32.6 \u00d8 24.8","breadcrumb":{"@id":"https:\/\/www.seeer-tn.com\/en\/produit\/single-diffuser-ejector-eject375\/#breadcrumb"},"inLanguage":"en-US","potentialAction":[{"@type":"ReadAction","target":["https:\/\/www.seeer-tn.com\/en\/produit\/single-diffuser-ejector-eject375\/"]}]},{"@type":"ImageObject","inLanguage":"en-US","@id":"https:\/\/www.seeer-tn.com\/en\/produit\/single-diffuser-ejector-eject375\/#primaryimage","url":"https:\/\/www.seeer-tn.com\/wp-content\/uploads\/2024\/08\/13-1.png","contentUrl":"https:\/\/www.seeer-tn.com\/wp-content\/uploads\/2024\/08\/13-1.png","width":1000,"height":1000},{"@type":"BreadcrumbList","@id":"https:\/\/www.seeer-tn.com\/en\/produit\/single-diffuser-ejector-eject375\/#breadcrumb","itemListElement":[{"@type":"ListItem","position":1,"name":"Accueil","item":"https:\/\/www.seeer-tn.com\/en\/"},{"@type":"ListItem","position":2,"name":"Boutique","item":"https:\/\/www.seeer-tn.com\/boutique\/"},{"@type":"ListItem","position":3,"name":"Single diffuser ejector EJECT375"}]},{"@type":"WebSite","@id":"https:\/\/www.seeer-tn.com\/#website","url":"https:\/\/www.seeer-tn.com\/","name":"SEEER","description":"Soci\u00e9t\u00e9 d\u2019\u00e9quipement \u00e9lectrique \u00e9lectronique &amp; de Rebobinage","potentialAction":[{"@type":"SearchAction","target":{"@type":"EntryPoint","urlTemplate":"https:\/\/www.seeer-tn.com\/?s={search_term_string}"},"query-input":"required name=search_term_string"}],"inLanguage":"en-US"}]}},"_links":{"self":[{"href":"https:\/\/www.seeer-tn.com\/en\/wp-json\/wp\/v2\/product\/15222","targetHints":{"allow":["GET"]}}],"collection":[{"href":"https:\/\/www.seeer-tn.com\/en\/wp-json\/wp\/v2\/product"}],"about":[{"href":"https:\/\/www.seeer-tn.com\/en\/wp-json\/wp\/v2\/types\/product"}],"wp:featuredmedia":[{"embeddable":true,"href":"https:\/\/www.seeer-tn.com\/en\/wp-json\/wp\/v2\/media\/15212"}],"wp:attachment":[{"href":"https:\/\/www.seeer-tn.com\/en\/wp-json\/wp\/v2\/media?parent=15222"}],"wp:term":[{"taxonomy":"product_cat","embeddable":true,"href":"https:\/\/www.seeer-tn.com\/en\/wp-json\/wp\/v2\/product_cat?post=15222"},{"taxonomy":"product_tag","embeddable":true,"href":"https:\/\/www.seeer-tn.com\/en\/wp-json\/wp\/v2\/product_tag?post=15222"}],"curies":[{"name":"wp","href":"https:\/\/api.w.org\/{rel}","templated":true}]}}